{"id":11142,"date":"2022-08-11T15:06:21","date_gmt":"2022-08-11T13:06:21","guid":{"rendered":"https:\/\/strangercam.com\/?page_id=11142"},"modified":"2023-08-21T11:40:39","modified_gmt":"2023-08-21T09:40:39","slug":"camki","status":"publish","type":"page","link":"https:\/\/strangercam.com\/ro\/camki\/","title":{"rendered":"Camki"},"content":{"rendered":"<p>Exist\u0103 multe platforme de chat online disponibile \u00een prezent. Printre acestea, Camki este o platform\u0103 de chat online de \u00eencredere care ofer\u0103 diverse caracteristici utilizatorilor s\u0103i. Unele dintre aceste caracteristici includ suport pentru apeluri audio \u0219i video, mesagerie instantanee, partajarea fi\u0219ierelor etc.<\/p>\n<h2>Ce este Camki?<\/h2>\n<p>Camki este o nou\u0103 platform\u0103 de chat online care a c\u00e2\u0219tigat popularitate \u00een ultima vreme. Este o platform\u0103 fiabil\u0103 \u0219i u\u0219or de utilizat, care ofer\u0103 multe caracteristici utilizatorilor s\u0103i. Camki este un loc minunat pentru a v\u0103 conecta cu prietenii \u0219i membrii familiei, precum \u0219i <a href=\"https:\/\/strangercam.com\/ro\/coomeet\/\">\u00eent\u00e2lnire<\/a> oameni noi din \u00eentreaga lume. Platforma este perfect\u0103 \u0219i pentru \u00eentreprinderi, deoarece le permite s\u0103 comunice cu clien\u021bii \u00een timp real.<\/p>\n<h2>Cum se utilizeaz\u0103 Camki?<\/h2>\n<p>Dac\u0103 sunte\u021bi \u00een c\u0103utarea unei platforme de chat online de \u00eencredere, Camki este alegerea perfect\u0103. Camki este u\u0219or de utilizat \u0219i ofer\u0103 o varietate de caracteristici care o fac o alegere excelent\u0103 pentru chat online. Iat\u0103 c\u00e2teva sfaturi despre cum s\u0103 utiliza\u021bi Camki:<\/p>\n<ul>\n<li style=\"font-weight: 400;\" aria-level=\"1\">Pentru a \u00eencepe s\u0103 utiliza\u021bi Camki, crea\u021bi un cont gratuit. Va trebui s\u0103 v\u0103 furniza\u021bi numele, adresa de e-mail \u0219i s\u0103 crea\u021bi o parol\u0103.<\/li>\n<li style=\"font-weight: 400;\" aria-level=\"1\">Dup\u0103 ce v-a\u021bi creat contul, conecta\u021bi-v\u0103 \u0219i face\u021bi clic pe butonul \"Crea\u021bi o camer\u0103\".<\/li>\n<li style=\"font-weight: 400;\" aria-level=\"1\">Introduce\u021bi un nume de camer\u0103 \u0219i o parol\u0103 (op\u021bional).<\/li>\n<li style=\"font-weight: 400;\" aria-level=\"1\">Pentru a \u00eencepe chat-ul, face\u021bi clic pe butonul \u201cStart Chatting\u201d. De asemenea, pute\u021bi utiliza aplica\u021bia webCamki pentru <a href=\"https:\/\/strangercam.com\/ro\/chathub\/\">chat<\/a> cu str\u0103ini la \u00eent\u00e2mplare.<\/li>\n<\/ul>\n<h2>Avantajele utiliz\u0103rii Camki<\/h2>\n<p>Exist\u0103 multe avantaje \u00een utilizarea Camki ca platform\u0103 de chat online. Iat\u0103 doar c\u00e2teva dintre motivele pentru care Camki este cea mai bun\u0103 alegere pentru dvs:<\/p>\n<ol>\n<li style=\"font-weight: 400;\" aria-level=\"1\">Camki este incredibil de u\u0219or de utilizat \u0219i u\u0219or de folosit. Nu ave\u021bi nevoie de cuno\u0219tin\u021be tehnice speciale pentru a \u00eencepe - trebuie doar s\u0103 v\u0103 conecta\u021bi \u0219i s\u0103 \u00eencepe\u021bi s\u0103 discuta\u021bi!<\/li>\n<li style=\"font-weight: 400;\" aria-level=\"1\">Camki este complet sigur \u0219i confiden\u021bial. Toate conversa\u021biile dvs. sunt private \u0219i nu vor fi niciodat\u0103 partajate cu altcineva.<\/li>\n<li style=\"font-weight: 400;\" aria-level=\"1\">Camki este complet gratuit. Nu exist\u0103 costuri sau taxe ascunse - pute\u021bi discuta c\u00e2t timp dori\u021bi, f\u0103r\u0103 s\u0103 cheltui\u021bi niciun ban.<\/li>\n<li style=\"font-weight: 400;\" aria-level=\"1\">Camki ofer\u0103 o mare selec\u021bie de caracteristici \u0219i op\u021biuni, astfel \u00eenc\u00e2t s\u0103 v\u0103 pute\u021bi personaliza experien\u021ba de chat pentru a se potrivi nevoilor dumneavoastr\u0103. Pute\u021bi alege dintr-o varietate de avatare, fundaluri \u0219i fonturi \u0219i chiar s\u0103 ad\u0103uga\u021bi efecte speciale la chat-urile dvs.<\/li>\n<li style=\"font-weight: 400;\" aria-level=\"1\">Camki este \u00een continu\u0103 expansiune \u0219i \u00eembun\u0103t\u0103\u021bire. Ad\u0103ug\u0103m constant func\u021bii noi \u0219i facem \u00eembun\u0103t\u0103\u021biri pe baza feedback-ului de la utilizatorii no\u0219tri. Astfel, pute\u021bi fi siguri c\u0103 Camki va oferi \u00eentotdeauna cea mai bun\u0103 experien\u021b\u0103 de chat posibil\u0103.<\/li>\n<\/ol>\n<h2>Dezavantajele utiliz\u0103rii Camki<\/h2>\n<p>Exist\u0103 c\u00e2teva dezavantaje ale utiliz\u0103rii Camki de care utilizatorii ar trebui s\u0103 fie con\u0219tien\u021bi. \u00cen primul r\u00e2nd, platforma nu este la fel de sigur\u0103 ca unele dintre celelalte op\u021biuni existente. Acest lucru \u00eenseamn\u0103 c\u0103 conversa\u021biile dvs. ar putea fi vulnerabile la a fi piratate sau interceptate. \u00cen plus, Camki nu are o mul\u021bime de caracteristici \u00een compara\u021bie cu alte platforme, astfel \u00eenc\u00e2t s-ar putea s\u0103 v\u0103 g\u0103si\u021bi limitat \u00een ceea ce pute\u021bi face.<\/p>\n<h2>Caracteristici semnificative ale Camki<\/h2>\n<p>Dac\u0103 sunte\u021bi \u00een c\u0103utarea unei platforme de chat online de \u00eencredere, Camki este alegerea perfect\u0103. Aceasta ofer\u0103 o varietate de caracteristici care o fac s\u0103 se diferen\u021bieze de alte platforme de chat. Iat\u0103 c\u00e2teva dintre cele mai importante caracteristici ale Camki:<\/p>\n<ul>\n<li style=\"font-weight: 400;\" aria-level=\"1\">Camki este incredibil de u\u0219or de utilizat \u0219i u\u0219or de folosit. Chiar dac\u0103 nu sunte\u021bi familiarizat cu platformele de chat, v\u0103 ve\u021bi putea da seama cum s\u0103 utiliza\u021bi Camki \u00een c\u00e2teva minute.<\/li>\n<li style=\"font-weight: 400;\" aria-level=\"1\">Camki ofer\u0103 un nivel ridicat de securitate \u0219i confiden\u021bialitate. Toate conversa\u021biile \u0219i chat-urile dvs. sunt protejate \u0219i nimeni nu le va putea accesa dec\u00e2t dac\u0103 \u00eei da\u021bi permisiunea.<\/li>\n<li style=\"font-weight: 400;\" aria-level=\"1\">Camki este o platform\u0103 excelent\u0103 pentru crearea de re\u021bele \u0219i cunoa\u0219terea de noi persoane. Pute\u021bi g\u0103si persoane cu interese similare cu ale dvs. \u0219i pute\u021bi lua leg\u0103tura cu ele cu u\u0219urin\u021b\u0103.<\/li>\n<li style=\"font-weight: 400;\" aria-level=\"1\">Camki ofer\u0103, de asemenea, o varietate de caracteristici care v\u0103 permit s\u0103 v\u0103 personaliza\u021bi experien\u021ba de chat. De exemplu, pute\u021bi schimba dimensiunea fontului, culoarea \u0219i fundalul ferestrei dvs. de chat pentru a o face mai personal\u0103.<\/li>\n<\/ul>\n<p>Dac\u0103 sunte\u021bi \u00een c\u0103utarea unei platforme de chat online fiabile \u0219i bogate \u00een func\u021bii, Camki este alegerea perfect\u0103!<\/p>\n<h2>Cum s\u0103 profita\u021bi la maximum de Camki?<\/h2>\n<p>Dac\u0103 sunte\u021bi \u00een c\u0103utarea unei platforme de chat online de \u00eencredere, Camki merit\u0103 cu siguran\u021b\u0103 verificat\u0103. Cu interfa\u021ba sa u\u0219or de utilizat \u0219i gama larg\u0103 de func\u021bii, Camki faciliteaz\u0103 men\u021binerea leg\u0103turii cu prietenii \u0219i membrii familiei, indiferent de locul \u00een care se afl\u0103 \u00een lume. Iat\u0103 c\u00e2teva sfaturi despre cum s\u0103 profita\u021bi la maximum de Camki:<\/p>\n<ol>\n<li style=\"font-weight: 400;\" aria-level=\"1\">Utiliza\u021bi func\u021bia de c\u0103utare pentru a g\u0103si persoane pe care le cunoa\u0219te\u021bi sau pe care dori\u021bi s\u0103 le \u00eent\u00e2lni\u021bi. Pute\u021bi c\u0103uta persoane dup\u0103 numele de utilizator, adresa de e-mail sau chiar dup\u0103 loca\u021bie.<\/li>\n<li style=\"font-weight: 400;\" aria-level=\"1\">Dup\u0103 ce a\u021bi g\u0103sit pe cineva cu care dori\u021bi s\u0103 discuta\u021bi, pur \u0219i simplu face\u021bi clic pe numele s\u0103u \u0219i \u00eencepe\u021bi s\u0103 discuta\u021bi. Camki v\u0103 permite, de asemenea, s\u0103 efectua\u021bi apeluri video, astfel \u00eenc\u00e2t s\u0103 v\u0103 sim\u021bi\u021bi cu adev\u0103rat ca \u0219i cum a\u021bi vorbi fa\u021b\u0103 \u00een fa\u021b\u0103, indiferent unde v\u0103 afla\u021bi.<\/li>\n<li style=\"font-weight: 400;\" aria-level=\"1\">Nu uita\u021bi s\u0103 profita\u021bi de celelalte caracteristici ale Camki, cum ar fi chat-ul de grup \u0219i partajarea fi\u0219ierelor. Acestea pot fi utile atunci c\u00e2nd lucra\u021bi la un proiect cu prietenii sau trebuie s\u0103 partaja\u021bi rapid \u0219i u\u0219or un fi\u0219ier mare.<\/li>\n<li style=\"font-weight: 400;\" aria-level=\"1\">\u0218i nu \u00een ultimul r\u00e2nd, distreaz\u0103-te! Camki este o modalitate excelent\u0103 de a r\u0103m\u00e2ne conectat cu persoanele la care \u021bii, a\u0219a c\u0103 asigur\u0103-te c\u0103 te distrezi \u00een timp ce \u00eel folose\u0219ti<\/li>\n<\/ol>\n<h2>Este sigur de utilizat?<\/h2>\n<p>C\u00e2nd vine vorba de platformele de chat online, exist\u0103 \u00eentotdeauna problema siguran\u021bei. Este sigur s\u0103 folosi\u021bi Camki? R\u0103spunsul este da! Camki este o platform\u0103 de chat online de \u00eencredere care ia \u00een serios securitatea \u0219i confiden\u021bialitatea. Toate chat-urile de pe Camki sunt criptate end-to-end, ceea ce \u00eenseamn\u0103 c\u0103 doar expeditorul \u0219i destinatarul pot citi mesajele. \u00cen plus, Camki nu colecteaz\u0103 \u0219i nu stocheaz\u0103 datele utilizatorilor. Astfel, pute\u021bi fi siguri c\u0103 conversa\u021biile dvs. sunt private \u0219i sigure.<\/p>\n<h2>M\u0103suri preventive \u00een timpul utiliz\u0103rii Camki<\/h2>\n<p>Cu to\u021bii cunoa\u0219tem importan\u021ba de a fi aten\u021bi atunci c\u00e2nd folosim re\u021belele sociale \u0219i alte platforme online. Acela\u0219i lucru este valabil \u0219i pentru Camki, o platform\u0103 de chat online. Iat\u0103 c\u00e2teva m\u0103suri preventive pe care ar trebui s\u0103 le lua\u021bi atunci c\u00e2nd utiliza\u021bi Camki:<\/p>\n<ol>\n<li style=\"font-weight: 400;\" aria-level=\"1\">Nu \u00eemp\u0103rt\u0103\u0219i\u021bi informa\u021biile dvs. personale cu nimeni de pe Camki. Acestea includ numele dvs. complet, adresa, num\u0103rul de telefon, adresa de e-mail etc.<\/li>\n<li style=\"font-weight: 400;\" aria-level=\"1\">Fi\u021bi aten\u021bi la linkurile pe care face\u021bi clic \u00een timp ce utiliza\u021bi Camki. Unele linkuri pot fi mali\u021bioase \u0219i v\u0103 pot duce la site-uri web de phishing sau pot desc\u0103rca programe malware pe dispozitivul dvs.<\/li>\n<li style=\"font-weight: 400;\" aria-level=\"1\">Nu v\u0103 angaja\u021bi \u00een nicio activitate ilegal\u0103 pe Camki. Aceasta include partajarea de materiale protejate prin drepturi de autor sau implicarea \u00een h\u0103r\u021buirea informatic\u0103.<\/li>\n<li style=\"font-weight: 400;\" aria-level=\"1\">Dac\u0103 descoperi\u021bi orice activitate suspect\u0103 pe Camki, raporta\u021bi-o imediat administratorilor platformei.<\/li>\n<\/ol>\n<p>Urm\u00e2nd aceste linii directoare simple, v\u0103 pute\u021bi asigura o experien\u021b\u0103 sigur\u0103 \u0219i pl\u0103cut\u0103 \u00een timpul utiliz\u0103rii Camki!<\/p>\n<h2>Alternative la Camki<\/h2>\n<p>C\u00e2nd vine vorba de platformele de chat video aleatorii online, Camki este una dintre cele mai fiabile op\u021biuni existente. Cu toate acestea, exist\u0103 \u0219i alte platforme disponibile care ofer\u0103 caracteristici \u0219i func\u021bionalit\u0103\u021bi similare. Iat\u0103 c\u00e2teva alternative la Camki pe care a\u021bi putea dori s\u0103 le lua\u021bi \u00een considerare:<\/p>\n<p><a href=\"https:\/\/strangercam.com\/ro\/omegle\/\">Omegle<\/a>: Omegle este una dintre cele mai cunoscute platforme de chat video aleatoriu. Aceasta ofer\u0103 o varietate de caracteristici, inclusiv chat text \u0219i video, \u0219i este disponibil\u0103 pe o varietate de dispozitive.<\/p>\n<p><a href=\"https:\/\/strangercam.com\/ro\/chatroulette\/\">Chatroulette<\/a>: Chatroulette este o alt\u0103 platform\u0103 popular\u0103 de chat video care v\u0103 permite s\u0103 v\u0103 conecta\u021bi cu persoane din \u00eentreaga lume. Aceasta ofer\u0103 o varietate de caracteristici, inclusiv posibilitatea de a discuta cu persoane din anumite \u021b\u0103ri.<\/p>\n<p><a href=\"https:\/\/strangercam.com\/ro\/bazoocam\/\">Bazoocam<\/a>: Bazoocam este o alt\u0103 platform\u0103 de chat video aleatorie care ofer\u0103 o varietate de caracteristici, inclusiv posibilitatea de a discuta cu persoane din anumite \u021b\u0103ri.<\/p>\n<h2>Concluzie<\/h2>\n<p>Sper\u0103m c\u0103 v-a pl\u0103cut articolul nostru despre Camki, o platform\u0103 de chat online de \u00eencredere. Fie c\u0103 sunte\u021bi \u00een c\u0103utarea unei noi modalit\u0103\u021bi de a comunica cu prietenii dvs. sau sunte\u021bi doar curios cu privire la ceea ce Camki are de oferit, credem c\u0103 ve\u021bi fi impresionat de caracteristicile sale. Dac\u0103 ave\u021bi \u00eentreb\u0103ri sau comentarii, nu ezita\u021bi s\u0103 le l\u0103sa\u021bi \u00een sec\u021biunea de mai jos.<\/p>","protected":false},"excerpt":{"rendered":"<p>There are many online chatting platforms available today. Among them, Camki is a reliable online chatting platform that offers various features to its users. Some of these features include audio and video call support, instant messaging, file sharing, etc. What is Camki? Camki is a new online chatting platform that has been gaining popularity lately. [&hellip;]<\/p>\n","protected":false},"author":6,"featured_media":559,"parent":0,"menu_order":0,"comment_status":"closed","ping_status":"closed","template":"","meta":{"footnotes":""},"class_list":["post-11142","page","type-page","status-publish","has-post-thumbnail","hentry"],"yoast_head":"<!-- This site is optimized with the Yoast SEO plugin v26.9 - https:\/\/yoast.com\/product\/yoast-seo-wordpress\/ -->\n<title>Camki - Chat with strangers on StrangerCam.com<\/title>\n<meta name=\"description\" content=\"Like Camki? Come chat with more than 5.000.000 strangers on Stranger Cam for Free! Turn on your cam and find new friends &amp; maby a match!\" \/>\n<meta name=\"robots\" content=\"index, follow, max-snippet:-1, max-image-preview:large, max-video-preview:-1\" \/>\n<link rel=\"canonical\" href=\"https:\/\/strangercam.com\/ro\/camki\/\" \/>\n<meta property=\"og:locale\" content=\"ro_RO\" \/>\n<meta property=\"og:type\" content=\"article\" \/>\n<meta property=\"og:title\" content=\"Camki - Chat with strangers on StrangerCam.com\" \/>\n<meta property=\"og:description\" content=\"Like Camki? Come chat with more than 5.000.000 strangers on Stranger Cam for Free! Turn on your cam and find new friends &amp; maby a match!\" \/>\n<meta property=\"og:url\" content=\"https:\/\/strangercam.com\/ro\/camki\/\" \/>\n<meta property=\"og:site_name\" content=\"Strangercam\" \/>\n<meta property=\"article:publisher\" content=\"https:\/\/www.facebook.com\/strangercam\" \/>\n<meta property=\"article:modified_time\" content=\"2023-08-21T09:40:39+00:00\" \/>\n<meta property=\"og:image\" content=\"https:\/\/strangercam.com\/wp-content\/uploads\/2020\/11\/stranger-cam-1.png\" \/>\n\t<meta property=\"og:image:width\" content=\"800\" \/>\n\t<meta property=\"og:image:height\" content=\"800\" \/>\n\t<meta property=\"og:image:type\" content=\"image\/png\" \/>\n<meta name=\"twitter:card\" content=\"summary_large_image\" \/>\n<meta name=\"twitter:site\" content=\"@strangercamapp\" \/>\n<meta name=\"twitter:label1\" content=\"Timp estimat pentru citire\" \/>\n\t<meta name=\"twitter:data1\" content=\"6 minute\" \/>\n<script type=\"application\/ld+json\" class=\"yoast-schema-graph\">{\"@context\":\"https:\/\/schema.org\",\"@graph\":[{\"@type\":\"WebPage\",\"@id\":\"https:\/\/strangercam.com\/camki\/\",\"url\":\"https:\/\/strangercam.com\/camki\/\",\"name\":\"Camki - Chat with strangers on StrangerCam.com\",\"isPartOf\":{\"@id\":\"https:\/\/strangercam.com\/#website\"},\"primaryImageOfPage\":{\"@id\":\"https:\/\/strangercam.com\/camki\/#primaryimage\"},\"image\":{\"@id\":\"https:\/\/strangercam.com\/camki\/#primaryimage\"},\"thumbnailUrl\":\"https:\/\/strangercam.com\/wp-content\/uploads\/2020\/11\/stranger-cam-1.png\",\"datePublished\":\"2022-08-11T13:06:21+00:00\",\"dateModified\":\"2023-08-21T09:40:39+00:00\",\"description\":\"Like Camki? Come chat with more than 5.000.000 strangers on Stranger Cam for Free! Turn on your cam and find new friends & maby a match!\",\"breadcrumb\":{\"@id\":\"https:\/\/strangercam.com\/camki\/#breadcrumb\"},\"inLanguage\":\"ro-RO\",\"potentialAction\":[{\"@type\":\"ReadAction\",\"target\":[\"https:\/\/strangercam.com\/camki\/\"]}]},{\"@type\":\"ImageObject\",\"inLanguage\":\"ro-RO\",\"@id\":\"https:\/\/strangercam.com\/camki\/#primaryimage\",\"url\":\"https:\/\/strangercam.com\/wp-content\/uploads\/2020\/11\/stranger-cam-1.png\",\"contentUrl\":\"https:\/\/strangercam.com\/wp-content\/uploads\/2020\/11\/stranger-cam-1.png\",\"width\":800,\"height\":800,\"caption\":\"stranger cam random video chat\"},{\"@type\":\"BreadcrumbList\",\"@id\":\"https:\/\/strangercam.com\/camki\/#breadcrumb\",\"itemListElement\":[{\"@type\":\"ListItem\",\"position\":1,\"name\":\"Home\",\"item\":\"https:\/\/strangercam.com\/\"},{\"@type\":\"ListItem\",\"position\":2,\"name\":\"Camki\"}]},{\"@type\":\"WebSite\",\"@id\":\"https:\/\/strangercam.com\/#website\",\"url\":\"https:\/\/strangercam.com\/\",\"name\":\"Strangercam\",\"description\":\"Random Video Chat with Strangers\",\"publisher\":{\"@id\":\"https:\/\/strangercam.com\/#organization\"},\"alternateName\":\"Strangercam.com\",\"potentialAction\":[{\"@type\":\"SearchAction\",\"target\":{\"@type\":\"EntryPoint\",\"urlTemplate\":\"https:\/\/strangercam.com\/?s={search_term_string}\"},\"query-input\":{\"@type\":\"PropertyValueSpecification\",\"valueRequired\":true,\"valueName\":\"search_term_string\"}}],\"inLanguage\":\"ro-RO\"},{\"@type\":\"Organization\",\"@id\":\"https:\/\/strangercam.com\/#organization\",\"name\":\"Strangercam\",\"alternateName\":\"Strangercam.com\",\"url\":\"https:\/\/strangercam.com\/\",\"logo\":{\"@type\":\"ImageObject\",\"inLanguage\":\"ro-RO\",\"@id\":\"https:\/\/strangercam.com\/#\/schema\/logo\/image\/\",\"url\":\"https:\/\/strangercam.com\/wp-content\/uploads\/2020\/11\/cropped-new-favicon-black.png\",\"contentUrl\":\"https:\/\/strangercam.com\/wp-content\/uploads\/2020\/11\/cropped-new-favicon-black.png\",\"width\":512,\"height\":512,\"caption\":\"Strangercam\"},\"image\":{\"@id\":\"https:\/\/strangercam.com\/#\/schema\/logo\/image\/\"},\"sameAs\":[\"https:\/\/www.facebook.com\/strangercam\",\"https:\/\/x.com\/strangercamapp\"]}]}<\/script>\n<!-- \/ Yoast SEO plugin. -->","yoast_head_json":{"title":"Camki - Conversa\u021bi cu str\u0103inii pe StrangerCam.com","description":"\u00ce\u021bi place Camki? Vino s\u0103 vorbe\u0219ti cu mai mult de 5.000.000 de str\u0103ini pe Stranger Cam gratuit! Porne\u0219te-\u021bi camera \u0219i g\u0103se\u0219te prieteni noi \u0219i poate o pereche!","robots":{"index":"index","follow":"follow","max-snippet":"max-snippet:-1","max-image-preview":"max-image-preview:large","max-video-preview":"max-video-preview:-1"},"canonical":"https:\/\/strangercam.com\/ro\/camki\/","og_locale":"ro_RO","og_type":"article","og_title":"Camki - Chat with strangers on StrangerCam.com","og_description":"Like Camki? Come chat with more than 5.000.000 strangers on Stranger Cam for Free! Turn on your cam and find new friends & maby a match!","og_url":"https:\/\/strangercam.com\/ro\/camki\/","og_site_name":"Strangercam","article_publisher":"https:\/\/www.facebook.com\/strangercam","article_modified_time":"2023-08-21T09:40:39+00:00","og_image":[{"width":800,"height":800,"url":"https:\/\/strangercam.com\/wp-content\/uploads\/2020\/11\/stranger-cam-1.png","type":"image\/png"}],"twitter_card":"summary_large_image","twitter_site":"@strangercamapp","twitter_misc":{"Timp estimat pentru citire":"6 minute"},"schema":{"@context":"https:\/\/schema.org","@graph":[{"@type":"WebPage","@id":"https:\/\/strangercam.com\/camki\/","url":"https:\/\/strangercam.com\/camki\/","name":"Camki - Conversa\u021bi cu str\u0103inii pe StrangerCam.com","isPartOf":{"@id":"https:\/\/strangercam.com\/#website"},"primaryImageOfPage":{"@id":"https:\/\/strangercam.com\/camki\/#primaryimage"},"image":{"@id":"https:\/\/strangercam.com\/camki\/#primaryimage"},"thumbnailUrl":"https:\/\/strangercam.com\/wp-content\/uploads\/2020\/11\/stranger-cam-1.png","datePublished":"2022-08-11T13:06:21+00:00","dateModified":"2023-08-21T09:40:39+00:00","description":"\u00ce\u021bi place Camki? Vino s\u0103 vorbe\u0219ti cu mai mult de 5.000.000 de str\u0103ini pe Stranger Cam gratuit! Porne\u0219te-\u021bi camera \u0219i g\u0103se\u0219te prieteni noi \u0219i poate o pereche!","breadcrumb":{"@id":"https:\/\/strangercam.com\/camki\/#breadcrumb"},"inLanguage":"ro-RO","potentialAction":[{"@type":"ReadAction","target":["https:\/\/strangercam.com\/camki\/"]}]},{"@type":"ImageObject","inLanguage":"ro-RO","@id":"https:\/\/strangercam.com\/camki\/#primaryimage","url":"https:\/\/strangercam.com\/wp-content\/uploads\/2020\/11\/stranger-cam-1.png","contentUrl":"https:\/\/strangercam.com\/wp-content\/uploads\/2020\/11\/stranger-cam-1.png","width":800,"height":800,"caption":"stranger cam random video chat"},{"@type":"BreadcrumbList","@id":"https:\/\/strangercam.com\/camki\/#breadcrumb","itemListElement":[{"@type":"ListItem","position":1,"name":"Home","item":"https:\/\/strangercam.com\/"},{"@type":"ListItem","position":2,"name":"Camki"}]},{"@type":"WebSite","@id":"https:\/\/strangercam.com\/#website","url":"https:\/\/strangercam.com\/","name":"Strangercam","description":"Chat video aleatoriu cu str\u0103ini","publisher":{"@id":"https:\/\/strangercam.com\/#organization"},"alternateName":"Strangercam.com","potentialAction":[{"@type":"SearchAction","target":{"@type":"EntryPoint","urlTemplate":"https:\/\/strangercam.com\/?s={search_term_string}"},"query-input":{"@type":"PropertyValueSpecification","valueRequired":true,"valueName":"search_term_string"}}],"inLanguage":"ro-RO"},{"@type":"Organization","@id":"https:\/\/strangercam.com\/#organization","name":"Strangercam","alternateName":"Strangercam.com","url":"https:\/\/strangercam.com\/","logo":{"@type":"ImageObject","inLanguage":"ro-RO","@id":"https:\/\/strangercam.com\/#\/schema\/logo\/image\/","url":"https:\/\/strangercam.com\/wp-content\/uploads\/2020\/11\/cropped-new-favicon-black.png","contentUrl":"https:\/\/strangercam.com\/wp-content\/uploads\/2020\/11\/cropped-new-favicon-black.png","width":512,"height":512,"caption":"Strangercam"},"image":{"@id":"https:\/\/strangercam.com\/#\/schema\/logo\/image\/"},"sameAs":["https:\/\/www.facebook.com\/strangercam","https:\/\/x.com\/strangercamapp"]}]}},"_links":{"self":[{"href":"https:\/\/strangercam.com\/ro\/wp-json\/wp\/v2\/pages\/11142","targetHints":{"allow":["GET"]}}],"collection":[{"href":"https:\/\/strangercam.com\/ro\/wp-json\/wp\/v2\/pages"}],"about":[{"href":"https:\/\/strangercam.com\/ro\/wp-json\/wp\/v2\/types\/page"}],"author":[{"embeddable":true,"href":"https:\/\/strangercam.com\/ro\/wp-json\/wp\/v2\/users\/6"}],"replies":[{"embeddable":true,"href":"https:\/\/strangercam.com\/ro\/wp-json\/wp\/v2\/comments?post=11142"}],"version-history":[{"count":0,"href":"https:\/\/strangercam.com\/ro\/wp-json\/wp\/v2\/pages\/11142\/revisions"}],"wp:featuredmedia":[{"embeddable":true,"href":"https:\/\/strangercam.com\/ro\/wp-json\/wp\/v2\/media\/559"}],"wp:attachment":[{"href":"https:\/\/strangercam.com\/ro\/wp-json\/wp\/v2\/media?parent=11142"}],"curies":[{"name":"wp","href":"https:\/\/api.w.org\/{rel}","templated":true}]}}