{"id":11129,"date":"2022-08-11T14:56:49","date_gmt":"2022-08-11T12:56:49","guid":{"rendered":"https:\/\/strangercam.com\/?page_id=11129"},"modified":"2023-08-21T12:38:21","modified_gmt":"2023-08-21T10:38:21","slug":"roulette-chat","status":"publish","type":"page","link":"https:\/\/strangercam.com\/ro\/roulette-chat\/","title":{"rendered":"Roulette Chat"},"content":{"rendered":"<p><a href=\"https:\/\/strangercam.com\/ro\/chathub\/\">Chat<\/a> roulette este un serviciu unic de chat care v\u0103 permite s\u0103 v\u0103 conecta\u021bi cu persoane din \u00eentreaga lume. Serviciul este complet gratuit \u0219i nu exist\u0103 taxe sau tarife ascunse. Pute\u021bi utiliza serviciul pentru a discuta cu necunoscu\u021bi, pentru a v\u0103 face prieteni noi sau chiar pentru a g\u0103si o \u00eent\u00e2lnire!<\/p>\n<h2>Ce este chat-ul de rulet\u0103?<\/h2>\n<p>Roulette-chat este un tip de chat online care permite utilizatorilor s\u0103 se conecteze cu alte persoane \u00een mod aleatoriu. Este similar cu o camer\u0103 de chat tradi\u021bional\u0103, dar cu elementul suplimentar de a putea vedea persoana cu care vorbi\u021bi. Aceasta poate fi o modalitate excelent\u0103 de a <a href=\"https:\/\/strangercam.com\/ro\/coomeet\/\">\u00eent\u00e2lnire<\/a> oameni noi sau doar pentru a purta o conversa\u021bie cu cineva cu care nu a\u021bi vorbi \u00een mod normal.<\/p>\n<h2>Beneficiile chat-ului la rulet\u0103<\/h2>\n<p>Ruleta-chat-roulette are multe avantaje. Pentru \u00eenceput, este o modalitate excelent\u0103 de a cunoa\u0219te oameni noi din \u00eentreaga lume. De asemenea, pute\u021bi \u00eenv\u0103\u021ba despre diferite culturi \u0219i stiluri de via\u021b\u0103 prin chat-ul cu oameni din diferite \u021b\u0103ri. \u00cen plus, este o modalitate excelent\u0103 de a v\u0103 face noi prieteni \u0219i chiar de a g\u0103si dragostea.<\/p>\n<h2>Cum s\u0103 g\u0103si\u021bi cea mai bun\u0103 camer\u0103 de chat pentru rulet\u0103<\/h2>\n<p>Dac\u0103 dori\u021bi s\u0103 g\u0103si\u021bi cea mai bun\u0103 camer\u0103 de chat pentru rulet\u0103, exist\u0103 c\u00e2teva lucruri de care ar trebui s\u0103 \u021bine\u021bi cont. \u00cen primul r\u00e2nd, asigura\u021bi-v\u0103 c\u0103 camera de chat este bine moderat\u0103. Acest lucru va asigura c\u0103 conversa\u021biile sunt respectuoase \u0219i civilizate. \u00cen al doilea r\u00e2nd, c\u0103uta\u021bi o sal\u0103 de chat care are o bun\u0103 reputa\u021bie. Acest lucru poate fi determinat citind recenzii sau \u00eentreb\u00e2nd \u00een alte camere de chat. \u00cen cele din urm\u0103, asigura\u021bi-v\u0103 c\u0103 sala de chat pe care o alege\u021bi are o selec\u021bie bun\u0103 de jocuri \u0219i caracteristici. Acest lucru v\u0103 va asigura c\u0103 ave\u021bi multe de f\u0103cut \u0219i nu v\u0103 ve\u021bi plictisi.<\/p>\n<h2>Cum s\u0103 profita\u021bi la maximum de chat-ul la rulet\u0103<\/h2>\n<p>Exist\u0103 o mul\u021bime de modalit\u0103\u021bi de a v\u0103 bucura de chat-ul pe rulet\u0103 \u0219i de a profita la maximum de acesta. Iat\u0103 c\u00e2teva sfaturi:<\/p>\n<ol>\n<li style=\"font-weight: 400;\" aria-level=\"1\">Face\u021bi cuno\u0219tin\u021b\u0103 cu ceilal\u021bi utilizatori. Lua\u021bi-v\u0103 ceva timp pentru a r\u0103sfoi profilurile celorlal\u021bi utilizatori \u0219i pentru a afla c\u00e2te ceva despre ei. Acest lucru va facilita ini\u021bierea unei conversa\u021bii.<\/li>\n<li style=\"font-weight: 400;\" aria-level=\"1\">Fi\u021bi prietenos \u0219i abordabil. Nu v\u0103 fie team\u0103 s\u0103 \u00eencepe\u021bi o conversa\u021bie cu cineva. Toat\u0103 lumea este aici pentru a discuta \u0219i a se distra, a\u0219a c\u0103 fii tu \u00eensu\u021bi!<\/li>\n<li style=\"font-weight: 400;\" aria-level=\"1\">Utiliza\u021bi func\u021biile de chat. Roulette-chat ofer\u0103 o mul\u021bime de func\u021bii care v\u0103 pot face experien\u021ba mai pl\u0103cut\u0103. Folosi\u021bi-le!<\/li>\n<li style=\"font-weight: 400;\" aria-level=\"1\">R\u0103m\u00e2ne\u021bi pe aici \u0219i discuta\u021bi o vreme. Cu c\u00e2t discuta\u021bi mai mult, cu at\u00e2t \u00eei ve\u021bi cunoa\u0219te mai bine pe ceilal\u021bi utilizatori \u0219i v\u0103 ve\u021bi distra mai bine.<\/li>\n<li style=\"font-weight: 400;\" aria-level=\"1\">Distreaz\u0103-te! Despre asta este vorba \u00een roulette-chat, a\u0219a c\u0103 relaxeaz\u0103-te \u0219i distreaz\u0103-te!<\/li>\n<\/ol>\n<h2>De ce roulette-chat este o platform\u0103 de chat video aleatorie at\u00e2t de popular\u0103?<\/h2>\n<p>Exist\u0103 multe motive pentru care roulette-chat este at\u00e2t de popular\u0103 ca platform\u0103 de chat video aleatoriu. \u00cen primul r\u00e2nd, este incredibil de u\u0219or de utilizat. Nu trebuie s\u0103 v\u0103 \u00eenregistra\u021bi pentru un cont sau s\u0103 desc\u0103rca\u021bi vreun software. Trebuie doar s\u0103 deschide\u021bi site-ul \u0219i s\u0103 \u00eencepe\u021bi chat-ul.<\/p>\n<p>\u00cen al doilea r\u00e2nd, roulette-chat este complet gratuit. Nu trebuie s\u0103 pl\u0103ti\u021bi nimic pentru a discuta cu str\u0103ini aleatori. Nu exist\u0103 taxe ascunse sau planuri de abonament.<\/p>\n<p>\u00cen al treilea r\u00e2nd, <a href=\"https:\/\/strangercam.com\/ro\/chatroulette\/\">chatroulette<\/a> este foarte unic\u0103 \u0219i interesant\u0103. Este diferit\u0103 de alte platforme de chat, deoarece nu \u0219tii niciodat\u0103 cu cine vei vorbi \u00een continuare. Acest element de surpriz\u0103 face experien\u021ba mai interesant\u0103 \u0219i mai distractiv\u0103.<\/p>\n<p>\u00cen al patrulea r\u00e2nd, roulette-chat are o baz\u0103 mare de utilizatori. \u00centotdeauna sunt mii de oameni online \u00een orice moment, a\u0219a c\u0103 ve\u021bi g\u0103si cu siguran\u021b\u0103 pe cineva cu care s\u0103 discuta\u021bi, indiferent c\u00e2nd v\u0103 conecta\u021bi.<\/p>\n<p>\u00cen cele din urm\u0103, ruleta-chat este disponibil\u0103 \u00een multe limbi diferite. Acest lucru \u00eel face accesibil persoanelor din \u00eentreaga lume. Indiferent de limba pe care o vorbi\u021bi, ve\u021bi putea g\u0103si pe cineva cu care s\u0103 discuta\u021bi pe roulette-chat.<\/p>\n<h2>Este sigur de utilizat?<\/h2>\n<p>Dac\u0103 v\u0103 \u00eentreba\u021bi dac\u0103 este sigur s\u0103 folosi\u021bi chat-ul la rulet\u0103, r\u0103spunsul este da - at\u00e2ta timp c\u00e2t folosi\u021bi un site de \u00eencredere. Acestea fiind spuse, exist\u0103 \u00eentotdeauna riscuri asociate oric\u0103rei activit\u0103\u021bi online, a\u0219a c\u0103 este important s\u0103 fi\u021bi con\u0219tient de acestea \u0219i s\u0103 lua\u021bi m\u0103suri pentru a v\u0103 proteja. \u00cen ceea ce prive\u0219te chat-ul la rulet\u0103, principalele riscuri sunt legate de furtul de identitate \u0219i fraud\u0103. Furtul de identitate se poate \u00eent\u00e2mpla dac\u0103 cineva reu\u0219e\u0219te s\u0103 v\u0103 acceseze informa\u021biile personale, cum ar fi numele, adresa \u0219i data na\u0219terii. Frauda poate ap\u0103rea dac\u0103 sunte\u021bi p\u0103c\u0103lit s\u0103 v\u0103 da\u021bi informa\u021biile financiare sau s\u0103 trimite\u021bi bani unei persoane pe care nu o cunoa\u0219te\u021bi.<\/p>\n<h2>Cum s\u0103 fii \u00een siguran\u021b\u0103 atunci c\u00e2nd folose\u0219ti o aplica\u021bie de chat video aleatorie?<\/h2>\n<p>Atunci c\u00e2nd utiliza\u021bi orice fel de aplica\u021bie de chat video aleatorie, exist\u0103 anumite m\u0103suri de siguran\u021b\u0103 pe care trebuie s\u0103 le lua\u021bi pentru a v\u0103 proteja. Iat\u0103 c\u00e2teva sfaturi despre cum s\u0103 fi\u021bi \u00een siguran\u021b\u0103 atunci c\u00e2nd utiliza\u021bi roulette-chat:<\/p>\n<ol>\n<li style=\"font-weight: 400;\" aria-level=\"1\">Nu furniza\u021bi niciodat\u0103 informa\u021bii personale unei persoane pe care nu o cunoa\u0219te\u021bi. Acestea includ numele dvs. complet, adresa, num\u0103rul de telefon, adresa de e-mail etc.<\/li>\n<li style=\"font-weight: 400;\" aria-level=\"1\">Dac\u0103 cineva v\u0103 cere bani sau informa\u021bii financiare personale, \u00eencheia\u021bi imediat conversa\u021bia \u0219i raporta\u021bi-l moderatorilor aplica\u021biei.<\/li>\n<li style=\"font-weight: 400;\" aria-level=\"1\">Fi\u021bi aten\u021bi la escrocii \u0219i p\u0103c\u0103li\u021bii care \u00eencearc\u0103 s\u0103 ademeneasc\u0103 oamenii pretinz\u00e2nd c\u0103 sunt cineva care nu sunt. Dac\u0103 cineva pare prea bun ca s\u0103 fie adev\u0103rat, probabil c\u0103 este.<\/li>\n<li style=\"font-weight: 400;\" aria-level=\"1\">Men\u021bine\u021bi set\u0103rile de confiden\u021bialitate actualizate \u0219i setate la cel mai \u00eenalt nivel posibil. Acest lucru va ajuta la prevenirea accesului str\u0103inilor la informa\u021biile dvs. personale.<\/li>\n<li style=\"font-weight: 400;\" aria-level=\"1\">Utiliza\u021bi \u00eentotdeauna o aplica\u021bie de videochat aleatoriu de \u00eencredere, precum Roulette-Chat, care dispune de m\u0103suri stricte de siguran\u021b\u0103 pentru a-\u0219i proteja utilizatorii.<\/li>\n<\/ol>\n<h2>Alternative la chat ruleta<\/h2>\n<p>Exist\u0103 multe alternative la ruleta-chat disponibile pe internet. Unele dintre aceste alternative sunt:<\/p>\n<ol>\n<li style=\"font-weight: 400;\" aria-level=\"1\"><a href=\"https:\/\/strangercam.com\/ro\/omegle\/\">Omegle<\/a>: Acesta este un site de chatroulette popular, cu milioane de utilizatori. Utilizarea acestuia este gratuit\u0103 \u0219i pute\u021bi discuta cu str\u0103ini din \u00eentreaga lume.<\/li>\n<li style=\"font-weight: 400;\" aria-level=\"1\">Chatrandom: Acest site este similar cu Omegle \u0219i are, de asemenea, milioane de utilizatori. De asemenea, utilizarea acestuia este gratuit\u0103 \u0219i pute\u021bi discuta cu str\u0103ini din \u00eentreaga lume.<\/li>\n<li style=\"font-weight: 400;\" aria-level=\"1\"><a href=\"https:\/\/strangercam.com\/ro\/bazoocam\/\">Bazoocam<\/a>: Acesta este un site francez de chatroulette cu mii de utilizatori. Utilizarea este gratuit\u0103 \u0219i pute\u021bi discuta cu necunoscu\u021bi din Fran\u021ba \u0219i din alte \u021b\u0103ri francofone.<\/li>\n<li style=\"font-weight: 400;\" aria-level=\"1\">Camsurf: Acesta este un site de chatroulette popular, cu milioane de utilizatori din \u00eentreaga lume. Utilizarea este gratuit\u0103 \u0219i pute\u021bi discuta cu necunoscu\u021bi din \u00eentreaga lume.<\/li>\n<li style=\"font-weight: 400;\" aria-level=\"1\">Tinychat: Acest site este similar cu chatroulette \u0219i are mii de utilizatori din \u00eentreaga lume. Utilizarea este gratuit\u0103 \u0219i pute\u021bi discuta cu persoane necunoscute din \u00eentreaga lume.<\/li>\n<\/ol>\n<h2>Concluzie<\/h2>\n<p>Chat-ul la rulet\u0103 este o modalitate excelent\u0103 de a cunoa\u0219te oameni noi \u0219i de a te distra. Este u\u0219or s\u0103 \u00eencepi, \u0219i exist\u0103 o mul\u021bime de oameni cu care s\u0103 discu\u021bi. Fie c\u0103 sunte\u021bi \u00een c\u0103utarea unei rela\u021bii serioase sau doar a unei distrac\u021bii ocazionale, ruleta chat este o op\u021biune excelent\u0103.<\/p>","protected":false},"excerpt":{"rendered":"<p>Chat roulette is a unique chat service that allows you to connect with people from all over the world. The service is completely free, and there are no hidden fees or charges. You can use the service to chat with strangers, make new friends, or even find a date! What is roulette chat? Roulette-chat is [&hellip;]<\/p>\n","protected":false},"author":6,"featured_media":559,"parent":0,"menu_order":0,"comment_status":"closed","ping_status":"closed","template":"","meta":{"footnotes":""},"class_list":["post-11129","page","type-page","status-publish","has-post-thumbnail","hentry"],"yoast_head":"<!-- This site is optimized with the Yoast SEO plugin v26.9 - https:\/\/yoast.com\/product\/yoast-seo-wordpress\/ -->\n<title>Roulette Chat - Chat with strangers on StrangerCam.com<\/title>\n<meta name=\"description\" content=\"Like Roulette Chat? Come chat with more than 5.000.000 strangers on Stranger Cam for Free! Turn on your cam and find new friends &amp; maby a match!\" \/>\n<meta name=\"robots\" content=\"index, follow, max-snippet:-1, max-image-preview:large, max-video-preview:-1\" \/>\n<link rel=\"canonical\" href=\"https:\/\/strangercam.com\/ro\/roulette-chat\/\" \/>\n<meta property=\"og:locale\" content=\"ro_RO\" \/>\n<meta property=\"og:type\" content=\"article\" \/>\n<meta property=\"og:title\" content=\"Roulette Chat - Chat with strangers on StrangerCam.com\" \/>\n<meta property=\"og:description\" content=\"Like Roulette Chat? Come chat with more than 5.000.000 strangers on Stranger Cam for Free! Turn on your cam and find new friends &amp; maby a match!\" \/>\n<meta property=\"og:url\" content=\"https:\/\/strangercam.com\/ro\/roulette-chat\/\" \/>\n<meta property=\"og:site_name\" content=\"Strangercam\" \/>\n<meta property=\"article:publisher\" content=\"https:\/\/www.facebook.com\/strangercam\" \/>\n<meta property=\"article:modified_time\" content=\"2023-08-21T10:38:21+00:00\" \/>\n<meta property=\"og:image\" content=\"https:\/\/strangercam.com\/wp-content\/uploads\/2020\/11\/stranger-cam-1.png\" \/>\n\t<meta property=\"og:image:width\" content=\"800\" \/>\n\t<meta property=\"og:image:height\" content=\"800\" \/>\n\t<meta property=\"og:image:type\" content=\"image\/png\" \/>\n<meta name=\"twitter:card\" content=\"summary_large_image\" \/>\n<meta name=\"twitter:site\" content=\"@strangercamapp\" \/>\n<meta name=\"twitter:label1\" content=\"Timp estimat pentru citire\" \/>\n\t<meta name=\"twitter:data1\" content=\"5 minute\" \/>\n<script type=\"application\/ld+json\" class=\"yoast-schema-graph\">{\"@context\":\"https:\/\/schema.org\",\"@graph\":[{\"@type\":\"WebPage\",\"@id\":\"https:\/\/strangercam.com\/roulette-chat\/\",\"url\":\"https:\/\/strangercam.com\/roulette-chat\/\",\"name\":\"Roulette Chat - Chat with strangers on StrangerCam.com\",\"isPartOf\":{\"@id\":\"https:\/\/strangercam.com\/#website\"},\"primaryImageOfPage\":{\"@id\":\"https:\/\/strangercam.com\/roulette-chat\/#primaryimage\"},\"image\":{\"@id\":\"https:\/\/strangercam.com\/roulette-chat\/#primaryimage\"},\"thumbnailUrl\":\"https:\/\/strangercam.com\/wp-content\/uploads\/2020\/11\/stranger-cam-1.png\",\"datePublished\":\"2022-08-11T12:56:49+00:00\",\"dateModified\":\"2023-08-21T10:38:21+00:00\",\"description\":\"Like Roulette Chat? Come chat with more than 5.000.000 strangers on Stranger Cam for Free! Turn on your cam and find new friends & maby a match!\",\"breadcrumb\":{\"@id\":\"https:\/\/strangercam.com\/roulette-chat\/#breadcrumb\"},\"inLanguage\":\"ro-RO\",\"potentialAction\":[{\"@type\":\"ReadAction\",\"target\":[\"https:\/\/strangercam.com\/roulette-chat\/\"]}]},{\"@type\":\"ImageObject\",\"inLanguage\":\"ro-RO\",\"@id\":\"https:\/\/strangercam.com\/roulette-chat\/#primaryimage\",\"url\":\"https:\/\/strangercam.com\/wp-content\/uploads\/2020\/11\/stranger-cam-1.png\",\"contentUrl\":\"https:\/\/strangercam.com\/wp-content\/uploads\/2020\/11\/stranger-cam-1.png\",\"width\":800,\"height\":800,\"caption\":\"stranger cam random video chat\"},{\"@type\":\"BreadcrumbList\",\"@id\":\"https:\/\/strangercam.com\/roulette-chat\/#breadcrumb\",\"itemListElement\":[{\"@type\":\"ListItem\",\"position\":1,\"name\":\"Home\",\"item\":\"https:\/\/strangercam.com\/\"},{\"@type\":\"ListItem\",\"position\":2,\"name\":\"Roulette Chat\"}]},{\"@type\":\"WebSite\",\"@id\":\"https:\/\/strangercam.com\/#website\",\"url\":\"https:\/\/strangercam.com\/\",\"name\":\"Strangercam\",\"description\":\"Random Video Chat with Strangers\",\"publisher\":{\"@id\":\"https:\/\/strangercam.com\/#organization\"},\"alternateName\":\"Strangercam.com\",\"potentialAction\":[{\"@type\":\"SearchAction\",\"target\":{\"@type\":\"EntryPoint\",\"urlTemplate\":\"https:\/\/strangercam.com\/?s={search_term_string}\"},\"query-input\":{\"@type\":\"PropertyValueSpecification\",\"valueRequired\":true,\"valueName\":\"search_term_string\"}}],\"inLanguage\":\"ro-RO\"},{\"@type\":\"Organization\",\"@id\":\"https:\/\/strangercam.com\/#organization\",\"name\":\"Strangercam\",\"alternateName\":\"Strangercam.com\",\"url\":\"https:\/\/strangercam.com\/\",\"logo\":{\"@type\":\"ImageObject\",\"inLanguage\":\"ro-RO\",\"@id\":\"https:\/\/strangercam.com\/#\/schema\/logo\/image\/\",\"url\":\"https:\/\/strangercam.com\/wp-content\/uploads\/2020\/11\/cropped-new-favicon-black.png\",\"contentUrl\":\"https:\/\/strangercam.com\/wp-content\/uploads\/2020\/11\/cropped-new-favicon-black.png\",\"width\":512,\"height\":512,\"caption\":\"Strangercam\"},\"image\":{\"@id\":\"https:\/\/strangercam.com\/#\/schema\/logo\/image\/\"},\"sameAs\":[\"https:\/\/www.facebook.com\/strangercam\",\"https:\/\/x.com\/strangercamapp\"]}]}<\/script>\n<!-- \/ Yoast SEO plugin. -->","yoast_head_json":{"title":"Roulette Chat - Converseaz\u0103 cu str\u0103inii pe StrangerCam.com","description":"\u00ce\u021bi place Roulette Chat? Vino s\u0103 vorbe\u0219ti cu mai mult de 5.000.000 de str\u0103ini pe Stranger Cam gratuit! Porne\u0219te-\u021bi camera \u0219i g\u0103se\u0219te prieteni noi \u0219i poate o pereche!","robots":{"index":"index","follow":"follow","max-snippet":"max-snippet:-1","max-image-preview":"max-image-preview:large","max-video-preview":"max-video-preview:-1"},"canonical":"https:\/\/strangercam.com\/ro\/roulette-chat\/","og_locale":"ro_RO","og_type":"article","og_title":"Roulette Chat - Chat with strangers on StrangerCam.com","og_description":"Like Roulette Chat? Come chat with more than 5.000.000 strangers on Stranger Cam for Free! Turn on your cam and find new friends & maby a match!","og_url":"https:\/\/strangercam.com\/ro\/roulette-chat\/","og_site_name":"Strangercam","article_publisher":"https:\/\/www.facebook.com\/strangercam","article_modified_time":"2023-08-21T10:38:21+00:00","og_image":[{"width":800,"height":800,"url":"https:\/\/strangercam.com\/wp-content\/uploads\/2020\/11\/stranger-cam-1.png","type":"image\/png"}],"twitter_card":"summary_large_image","twitter_site":"@strangercamapp","twitter_misc":{"Timp estimat pentru citire":"5 minute"},"schema":{"@context":"https:\/\/schema.org","@graph":[{"@type":"WebPage","@id":"https:\/\/strangercam.com\/roulette-chat\/","url":"https:\/\/strangercam.com\/roulette-chat\/","name":"Roulette Chat - Converseaz\u0103 cu str\u0103inii pe StrangerCam.com","isPartOf":{"@id":"https:\/\/strangercam.com\/#website"},"primaryImageOfPage":{"@id":"https:\/\/strangercam.com\/roulette-chat\/#primaryimage"},"image":{"@id":"https:\/\/strangercam.com\/roulette-chat\/#primaryimage"},"thumbnailUrl":"https:\/\/strangercam.com\/wp-content\/uploads\/2020\/11\/stranger-cam-1.png","datePublished":"2022-08-11T12:56:49+00:00","dateModified":"2023-08-21T10:38:21+00:00","description":"\u00ce\u021bi place Roulette Chat? Vino s\u0103 vorbe\u0219ti cu mai mult de 5.000.000 de str\u0103ini pe Stranger Cam gratuit! Porne\u0219te-\u021bi camera \u0219i g\u0103se\u0219te prieteni noi \u0219i poate o pereche!","breadcrumb":{"@id":"https:\/\/strangercam.com\/roulette-chat\/#breadcrumb"},"inLanguage":"ro-RO","potentialAction":[{"@type":"ReadAction","target":["https:\/\/strangercam.com\/roulette-chat\/"]}]},{"@type":"ImageObject","inLanguage":"ro-RO","@id":"https:\/\/strangercam.com\/roulette-chat\/#primaryimage","url":"https:\/\/strangercam.com\/wp-content\/uploads\/2020\/11\/stranger-cam-1.png","contentUrl":"https:\/\/strangercam.com\/wp-content\/uploads\/2020\/11\/stranger-cam-1.png","width":800,"height":800,"caption":"stranger cam random video chat"},{"@type":"BreadcrumbList","@id":"https:\/\/strangercam.com\/roulette-chat\/#breadcrumb","itemListElement":[{"@type":"ListItem","position":1,"name":"Home","item":"https:\/\/strangercam.com\/"},{"@type":"ListItem","position":2,"name":"Roulette Chat"}]},{"@type":"WebSite","@id":"https:\/\/strangercam.com\/#website","url":"https:\/\/strangercam.com\/","name":"Strangercam","description":"Chat video aleatoriu cu str\u0103ini","publisher":{"@id":"https:\/\/strangercam.com\/#organization"},"alternateName":"Strangercam.com","potentialAction":[{"@type":"SearchAction","target":{"@type":"EntryPoint","urlTemplate":"https:\/\/strangercam.com\/?s={search_term_string}"},"query-input":{"@type":"PropertyValueSpecification","valueRequired":true,"valueName":"search_term_string"}}],"inLanguage":"ro-RO"},{"@type":"Organization","@id":"https:\/\/strangercam.com\/#organization","name":"Strangercam","alternateName":"Strangercam.com","url":"https:\/\/strangercam.com\/","logo":{"@type":"ImageObject","inLanguage":"ro-RO","@id":"https:\/\/strangercam.com\/#\/schema\/logo\/image\/","url":"https:\/\/strangercam.com\/wp-content\/uploads\/2020\/11\/cropped-new-favicon-black.png","contentUrl":"https:\/\/strangercam.com\/wp-content\/uploads\/2020\/11\/cropped-new-favicon-black.png","width":512,"height":512,"caption":"Strangercam"},"image":{"@id":"https:\/\/strangercam.com\/#\/schema\/logo\/image\/"},"sameAs":["https:\/\/www.facebook.com\/strangercam","https:\/\/x.com\/strangercamapp"]}]}},"_links":{"self":[{"href":"https:\/\/strangercam.com\/ro\/wp-json\/wp\/v2\/pages\/11129","targetHints":{"allow":["GET"]}}],"collection":[{"href":"https:\/\/strangercam.com\/ro\/wp-json\/wp\/v2\/pages"}],"about":[{"href":"https:\/\/strangercam.com\/ro\/wp-json\/wp\/v2\/types\/page"}],"author":[{"embeddable":true,"href":"https:\/\/strangercam.com\/ro\/wp-json\/wp\/v2\/users\/6"}],"replies":[{"embeddable":true,"href":"https:\/\/strangercam.com\/ro\/wp-json\/wp\/v2\/comments?post=11129"}],"version-history":[{"count":0,"href":"https:\/\/strangercam.com\/ro\/wp-json\/wp\/v2\/pages\/11129\/revisions"}],"wp:featuredmedia":[{"embeddable":true,"href":"https:\/\/strangercam.com\/ro\/wp-json\/wp\/v2\/media\/559"}],"wp:attachment":[{"href":"https:\/\/strangercam.com\/ro\/wp-json\/wp\/v2\/media?parent=11129"}],"curies":[{"name":"wp","href":"https:\/\/api.w.org\/{rel}","templated":true}]}}