{"id":11108,"date":"2022-08-11T14:46:42","date_gmt":"2022-08-11T12:46:42","guid":{"rendered":"https:\/\/strangercam.com\/?page_id=11108"},"modified":"2023-08-21T11:40:39","modified_gmt":"2023-08-21T09:40:39","slug":"camround","status":"publish","type":"page","link":"https:\/\/strangercam.com\/ro\/camround\/","title":{"rendered":"Camround"},"content":{"rendered":"<p>\u00cen lumea de ast\u0103zi, este u\u0219or s\u0103 te sim\u021bi singur \u0219i s\u0103 crezi c\u0103 nu ai cu cine s\u0103 vorbe\u0219ti. Dac\u0103 sunte\u021bi \u00een c\u0103utarea unei modalit\u0103\u021bi de a <a href=\"https:\/\/strangercam.com\/ro\/coomeet\/\">\u00eent\u00e2lnire<\/a> oameni noi \u0219i s\u0103-\u021bi faci prieteni, Camround este aplica\u021bia perfect\u0103 pentru tine! Camround este o aplica\u021bie de re\u021bea social\u0103 care v\u0103 conecteaz\u0103 cu persoane aleatorii din \u00eentreaga lume.<\/p>\n<h2>Ce este Camround?<\/h2>\n<p>Camround este un nou site de re\u021bele sociale care te ajut\u0103 s\u0103 cuno\u0219ti oameni la \u00eent\u00e2mplare \u0219i s\u0103-\u021bi faci noi prieteni. Este simplu de utilizat; trebuie doar s\u0103 v\u0103 \u00eenscrie\u021bi \u0219i s\u0103 \u00eencepe\u021bi s\u0103 discuta\u021bi cu oameni din \u00eentreaga lume. Camround este o modalitate excelent\u0103 de a cunoa\u0219te oameni noi, de a \u00eenv\u0103\u021ba despre culturi diferite \u0219i de a-\u021bi face noi prieteni.<\/p>\n<h2>Cum func\u021bioneaz\u0103 Camround?<\/h2>\n<p>Camround este un site de re\u021bele sociale care conecteaz\u0103 oameni din \u00eentreaga lume. Este simplu de utilizat - trebuie doar s\u0103 v\u0103 \u00eenscrie\u021bi \u0219i s\u0103 \u00eencepe\u021bi s\u0103 discuta\u021bi! Pute\u021bi s\u0103 v\u0103 face\u021bi prieteni noi, s\u0103 afla\u021bi despre culturi noi \u0219i poate chiar s\u0103 g\u0103si\u021bi dragostea!<\/p>\n<h2>Avantaje \u0219i dezavantaje ale Camround<\/h2>\n<p>Dac\u0103 sunte\u021bi \u00een c\u0103utarea unei noi modalit\u0103\u021bi de a cunoa\u0219te oameni \u0219i de a v\u0103 face prieteni, s-ar putea s\u0103 v\u0103 \u00eentreba\u021bi dac\u0103 Camround este alegerea potrivit\u0103 pentru dvs. \u00cen aceast\u0103 postare pe blog, vom trece \u00een revist\u0103 c\u00e2teva dintre avantajele \u0219i dezavantajele utiliz\u0103rii Camround, astfel \u00eenc\u00e2t s\u0103 po\u021bi decide singur dac\u0103 este potrivit pentru tine.<\/p>\n<h4>Avantaje:<\/h4>\n<ul>\n<li style=\"font-weight: 400;\" aria-level=\"1\">Camround este o modalitate grozav\u0103 de a cunoa\u0219te oameni noi din \u00eentreaga lume. V\u0103 pute\u021bi conecta cu oameni care \u00eemp\u0103rt\u0103\u0219esc acelea\u0219i interese \u0219i nu se \u0219tie niciodat\u0103 pe cine a\u021bi putea \u00eent\u00e2lni!<\/li>\n<li style=\"font-weight: 400;\" aria-level=\"1\">Este un mod distractiv \u0219i u\u0219or de a socializa online. Pute\u021bi \u00eencepe conversa\u021bii cu oamenii cu u\u0219urin\u021b\u0103 \u0219i nu exist\u0103 nicio presiune de a v\u0103 \u00eent\u00e2lni \u00een persoan\u0103 dac\u0103 nu sunte\u021bi \u00eenc\u0103 preg\u0103ti\u021bi.<\/li>\n<li style=\"font-weight: 400;\" aria-level=\"1\">Camround este gratuit, deci \u00eel pute\u021bi \u00eencerca f\u0103r\u0103 niciun angajament.<\/li>\n<\/ul>\n<h4>Cons:<\/h4>\n<ul>\n<li style=\"font-weight: 400;\" aria-level=\"1\">Deoarece Camround este aleatoriu <a href=\"https:\/\/strangercam.com\/ro\/chatroulette\/\">chat<\/a> exist\u0103 \u00eentotdeauna posibilitatea de a te confrunta cu un comportament inadecvat sau cu pr\u0103d\u0103tori. Dac\u0103 nu sunte\u021bi atent, a\u021bi putea ajunge \u00eentr-o situa\u021bie periculoas\u0103.<\/li>\n<li style=\"font-weight: 400;\" aria-level=\"1\">Exist\u0103, de asemenea, poten\u021bialul de a pierde o mul\u021bime de timp pe Camround dac\u0103 nu e\u0219ti atent. Este u\u0219or s\u0103 fii absorbit de chat ore \u00een \u0219ir f\u0103r\u0103 s\u0103 realizezi nimic<\/li>\n<\/ul>\n<h2>Caracteristici semnificative ale Camround<\/h2>\n<p>Una dintre caracteristicile semnificative ale Camround este c\u0103 v\u0103 ajut\u0103 s\u0103 \u00eent\u00e2lni\u021bi persoane aleatorii \u0219i s\u0103 v\u0103 face\u021bi noi prieteni. Este un site de re\u021bele sociale care v\u0103 permite s\u0103 v\u0103 conecta\u021bi cu oameni din \u00eentreaga lume. Cea mai bun\u0103 parte la Camround este c\u0103 utilizarea sa este absolut gratuit\u0103!<\/p>\n<p>O alt\u0103 caracteristic\u0103 important\u0103 a Camround este c\u0103 v\u0103 ofer\u0103 posibilitatea de a \u00eenv\u0103\u021ba despre diferite culturi. Pute\u021bi interac\u021biona cu oameni din diferite p\u0103r\u021bi ale lumii \u0219i \u00eenv\u0103\u021ba despre obiceiurile \u0219i tradi\u021biile lor. Aceasta este o modalitate excelent\u0103 de a v\u0103 l\u0103rgi orizonturile \u0219i de a ob\u021bine o mai bun\u0103 \u00een\u021belegere a lumii din jurul dumneavoastr\u0103.<\/p>\n<p>Camround este, de asemenea, o modalitate excelent\u0103 de a p\u0103stra leg\u0103tura cu vechii prieteni. Pute\u021bi relua leg\u0103tura cu fo\u0219ti colegi de clas\u0103 sau chiar s\u0103 v\u0103 face\u021bi prieteni noi care v\u0103 \u00eemp\u0103rt\u0103\u0219esc interesele. Camround faciliteaz\u0103 men\u021binerea leg\u0103turii cu persoanele care conteaz\u0103 cel mai mult pentru tine.<\/p>\n<p>Deci, ce mai a\u0219tep\u021bi? \u00censcrie-te la Camround ast\u0103zi \u0219i \u00eencepe s\u0103 cuno\u0219ti oameni noi din \u00eentreaga lume!<\/p>\n<h2>Cum s\u0103 profita\u021bi la maximum de Camround?<\/h2>\n<p>Dac\u0103 vrei s\u0103-\u021bi faci prieteni noi \u0219i s\u0103 cuno\u0219ti oameni la \u00eent\u00e2mplare, Camround este locul perfect pentru tine! Iat\u0103 c\u00e2teva sfaturi despre cum s\u0103 profi\u021bi la maximum de experien\u021ba ta:<\/p>\n<ul>\n<li style=\"font-weight: 400;\" aria-level=\"1\">Fii tu \u00eensu\u021bi! Cel mai bun mod de a-\u021bi face prieteni este s\u0103 fii tu \u00eensu\u021bi \u0219i s\u0103-i la\u0219i pe ceilal\u021bi s\u0103 te cunoasc\u0103 pe tine cu adev\u0103rat.<\/li>\n<li style=\"font-weight: 400;\" aria-level=\"1\">Fii deschis s\u0103 cuno\u0219ti oameni noi. Nu v\u0103 fie team\u0103 s\u0103 \u00eencepe\u021bi o conversa\u021bie cu cineva pe care nu \u00eel cunoa\u0219te\u021bi.<\/li>\n<li style=\"font-weight: 400;\" aria-level=\"1\">Implic\u0103-te \u00een comunitate. \u00cen comunitatea Camround se \u00eent\u00e2mpl\u0103 mereu lucruri amuzante, a\u0219a c\u0103 implic\u0103-te \u0219i ia parte la distrac\u021bie!<\/li>\n<li style=\"font-weight: 400;\" aria-level=\"1\">Fii respectuos. Nu uita\u021bi s\u0103 \u00eei respecta\u021bi pe ceilal\u021bi \u0219i opiniile lor, chiar dac\u0103 nu sunte\u021bi de acord cu ele.<\/li>\n<li style=\"font-weight: 400;\" aria-level=\"1\">Distreaz\u0103-te! S\u0103-\u021bi faci prieteni noi ar trebui s\u0103 fie pl\u0103cut, a\u0219a c\u0103 ai grij\u0103 s\u0103 te relaxezi \u0219i s\u0103 te distrezi!<\/li>\n<\/ul>\n<h2>De ce Camround este at\u00e2t de popular\u0103 platforma de video chat aleatoriu?<\/h2>\n<p><a href=\"https:\/\/strangercam.com\/ro\/chathub\/\">Chat video aleatoriu<\/a> platforme precum Camround devin din ce \u00een ce mai populare pe m\u0103sur\u0103 ce oamenii caut\u0103 noi modalit\u0103\u021bi de a se conecta cu al\u021bii online. Exist\u0103 o serie de motive pentru care Camround este at\u00e2t de popular, inclusiv posibilitatea de a cunoa\u0219te oameni noi din \u00eentreaga lume \u0219i faptul c\u0103 utilizarea sa este gratuit\u0103.<\/p>\n<p>Unul dintre cele mai bune lucruri despre Camround este c\u0103 ofer\u0103 utilizatorilor posibilitatea de a cunoa\u0219te oameni noi din \u00eentreaga lume. Indiferent unde v\u0103 afla\u021bi, v\u0103 pute\u021bi conecta \u0219i pute\u021bi \u00eencepe s\u0103 discuta\u021bi cu cineva nou. Aceasta este o modalitate excelent\u0103 de a-\u021bi face noi prieteni \u0219i de a-\u021bi extinde cercul social.<\/p>\n<p>Un alt motiv pentru care Camround este at\u00e2t de popular este faptul c\u0103 este gratuit de utilizat. Nu trebuie s\u0103 pl\u0103ti\u021bi nimic pentru a v\u0103 \u00eenscrie sau pentru a conversa, ceea ce \u00eel face accesibil tuturor. Acest lucru \u00eenseamn\u0103, de asemenea, c\u0103 nu exist\u0103 reclame, astfel \u00eenc\u00e2t v\u0103 pute\u021bi bucura de conversa\u021biile dvs. f\u0103r\u0103 nicio \u00eentrerupere.<\/p>\n<p>Dac\u0103 sunte\u021bi \u00een c\u0103utarea unui mod distractiv \u0219i u\u0219or de a cunoa\u0219te oameni noi, atunci Camround merit\u0103 cu siguran\u021b\u0103 verificat.<\/p>\n<h2>La ce s\u0103 v\u0103 a\u0219tepta\u021bi atunci c\u00e2nd utiliza\u021bi o platform\u0103 de videochat aleatoriu?<\/h2>\n<p>A aleatoriu <a href=\"https:\/\/strangercam.com\/ro\/rabbit-video-chat\/\">chat video<\/a> poate fi o modalitate excelent\u0103 de a cunoa\u0219te oameni noi \u0219i de a-\u021bi face noi prieteni. Cu toate acestea, exist\u0103 c\u00e2teva lucruri de care ar trebui s\u0103 \u021bine\u021bi cont atunci c\u00e2nd utiliza\u021bi o astfel de platform\u0103.<\/p>\n<p>\u00cen primul r\u00e2nd, re\u021bine\u021bi c\u0103 nu to\u021bi cei pe care \u00eei \u00eent\u00e2lni\u021bi pe o platform\u0103 de videochat aleatorie sunt cine spun c\u0103 sunt. Exist\u0103 escroci \u0219i pr\u0103d\u0103tori care folosesc aceste platforme pentru a pr\u0103da utilizatorii ne\u0219tiutori. Asigura\u021bi-v\u0103 c\u0103 folosi\u021bi bunul sim\u021b \u0219i fi\u021bi precaut atunci c\u00e2nd interac\u021biona\u021bi cu orice persoan\u0103 pe care o \u00eent\u00e2lni\u021bi pe o platform\u0103 de chat video aleatorie.<\/p>\n<p>\u00cen al doilea r\u00e2nd, fi\u021bi con\u0219tien\u021bi de faptul c\u0103 unii dintre oamenii pe care \u00eei \u00eent\u00e2lni\u021bi pe o platform\u0103 de videochat aleatorie s-ar putea s\u0103 nu fie interesa\u021bi s\u0103 vorbeasc\u0103 cu dvs. Dac\u0103 cineva pare dezinteresat sau nu r\u0103spunde, nu o lua\u021bi personal; trece\u021bi pur \u0219i simplu la altcineva.<\/p>\n<p>\u00cen cele din urm\u0103, nu oferi\u021bi informa\u021bii personale \u0219i nu trimite\u021bi bani nim\u0103nui pe care \u00eel \u00eent\u00e2lni\u021bi pe o platform\u0103 de chat video aleatorie.<\/p>\n<h2>Este sigur de utilizat?<\/h2>\n<p>C\u00e2nd vine vorba de siguran\u021ba online, Camround ia m\u0103suri pentru a se asigura c\u0103 utilizatorii s\u0103i sunt proteja\u021bi de fraudatori \u0219i escroci. Site-ul utilizeaz\u0103 sisteme de verificare pentru a confirma identitatea membrilor s\u0103i \u0219i are, de asemenea, o politic\u0103 anti-spam strict\u0103. \u00cen plus, Camround ofer\u0103 un mod sigur pentru utilizatorii care doresc s\u0103 \u00ee\u0219i limiteze interac\u021biunile doar la cei care au fost verifica\u021bi de site.<\/p>\n<h2>Alternative la Camround<\/h2>\n<p>Cau\u021bi alternative la Camround? Iat\u0103 alte c\u00e2teva modalit\u0103\u021bi de a \u00eent\u00e2lni oameni la \u00eent\u00e2mplare \u0219i de a-\u021bi face noi prieteni:<\/p>\n<ul>\n<li style=\"font-weight: 400;\" aria-level=\"1\">Cam4 - Cam4 este un site care v\u0103 permite s\u0103 discuta\u021bi video cu persoane aleatorii. Este foarte asem\u0103n\u0103tor cu Camround, cu excep\u021bia faptului c\u0103 nu are acelea\u0219i caracteristici.<\/li>\n<li style=\"font-weight: 400;\" aria-level=\"1\"><a href=\"https:\/\/strangercam.com\/ro\/omegle\/\">Omegle<\/a> este un alt site care v\u0103 permite s\u0103 discuta\u021bi prin chat video cu persoane aleatorii. Nu are la fel de multe caracteristici ca Camround, dar este totu\u0219i o op\u021biune excelent\u0103.<\/li>\n<li style=\"font-weight: 400;\" aria-level=\"1\">Chaturbate: O alternativ\u0103 excelent\u0103 la Camround, Chaturbate este o platform\u0103 de webcam live cu milioane de utilizatori.<\/li>\n<\/ul>\n<h2>Concluzie<\/h2>\n<p>Camround este o aplica\u021bie grozav\u0103 pentru a-\u021bi face noi prieteni \u0219i pentru a cunoa\u0219te persoane aleatorii. Este u\u0219or de utilizat \u0219i este gratuit\u0103, a\u0219a c\u0103 nimic nu v\u0103 \u00eempiedic\u0103 s\u0103 o \u00eencerca\u021bi. Fie c\u0103 sunte\u021bi \u00een c\u0103utarea cuiva cu care s\u0103 discuta\u021bi pe chat, fie c\u0103 dori\u021bi s\u0103 v\u0103 \u00eent\u00e2lni\u021bi cu cineva \u00een persoan\u0103, Camround merit\u0103 cu siguran\u021b\u0103 verificat\u0103.<\/p>","protected":false},"excerpt":{"rendered":"<p>In today&#8217;s world, it&#8217;s easy to feel alone and like you don&#8217;t have anyone to talk to. If you&#8217;re looking for a way to meet new people and make friends, Camround is the perfect app for you! Camround is a social networking app that connects you with random people from all over the world. What [&hellip;]<\/p>\n","protected":false},"author":6,"featured_media":559,"parent":0,"menu_order":0,"comment_status":"closed","ping_status":"closed","template":"","meta":{"footnotes":""},"class_list":["post-11108","page","type-page","status-publish","has-post-thumbnail","hentry"],"yoast_head":"<!-- This site is optimized with the Yoast SEO plugin v26.9 - https:\/\/yoast.com\/product\/yoast-seo-wordpress\/ -->\n<title>Camround - Chat with strangers on StrangerCam.com<\/title>\n<meta name=\"description\" content=\"Like Camround? Come chat with more than 5.000.000 strangers on Stranger Cam for Free! Turn on your cam and find new friends &amp; maby a match!\" \/>\n<meta name=\"robots\" content=\"index, follow, max-snippet:-1, max-image-preview:large, max-video-preview:-1\" \/>\n<link rel=\"canonical\" href=\"https:\/\/strangercam.com\/ro\/camround\/\" \/>\n<meta property=\"og:locale\" content=\"ro_RO\" \/>\n<meta property=\"og:type\" content=\"article\" \/>\n<meta property=\"og:title\" content=\"Camround - Chat with strangers on StrangerCam.com\" \/>\n<meta property=\"og:description\" content=\"Like Camround? Come chat with more than 5.000.000 strangers on Stranger Cam for Free! Turn on your cam and find new friends &amp; maby a match!\" \/>\n<meta property=\"og:url\" content=\"https:\/\/strangercam.com\/ro\/camround\/\" \/>\n<meta property=\"og:site_name\" content=\"Strangercam\" \/>\n<meta property=\"article:publisher\" content=\"https:\/\/www.facebook.com\/strangercam\" \/>\n<meta property=\"article:modified_time\" content=\"2023-08-21T09:40:39+00:00\" \/>\n<meta property=\"og:image\" content=\"https:\/\/strangercam.com\/wp-content\/uploads\/2020\/11\/stranger-cam-1.png\" \/>\n\t<meta property=\"og:image:width\" content=\"800\" \/>\n\t<meta property=\"og:image:height\" content=\"800\" \/>\n\t<meta property=\"og:image:type\" content=\"image\/png\" \/>\n<meta name=\"twitter:card\" content=\"summary_large_image\" \/>\n<meta name=\"twitter:site\" content=\"@strangercamapp\" \/>\n<meta name=\"twitter:label1\" content=\"Timp estimat pentru citire\" \/>\n\t<meta name=\"twitter:data1\" content=\"6 minute\" \/>\n<script type=\"application\/ld+json\" class=\"yoast-schema-graph\">{\"@context\":\"https:\/\/schema.org\",\"@graph\":[{\"@type\":\"WebPage\",\"@id\":\"https:\/\/strangercam.com\/camround\/\",\"url\":\"https:\/\/strangercam.com\/camround\/\",\"name\":\"Camround - Chat with strangers on StrangerCam.com\",\"isPartOf\":{\"@id\":\"https:\/\/strangercam.com\/#website\"},\"primaryImageOfPage\":{\"@id\":\"https:\/\/strangercam.com\/camround\/#primaryimage\"},\"image\":{\"@id\":\"https:\/\/strangercam.com\/camround\/#primaryimage\"},\"thumbnailUrl\":\"https:\/\/strangercam.com\/wp-content\/uploads\/2020\/11\/stranger-cam-1.png\",\"datePublished\":\"2022-08-11T12:46:42+00:00\",\"dateModified\":\"2023-08-21T09:40:39+00:00\",\"description\":\"Like Camround? Come chat with more than 5.000.000 strangers on Stranger Cam for Free! Turn on your cam and find new friends & maby a match!\",\"breadcrumb\":{\"@id\":\"https:\/\/strangercam.com\/camround\/#breadcrumb\"},\"inLanguage\":\"ro-RO\",\"potentialAction\":[{\"@type\":\"ReadAction\",\"target\":[\"https:\/\/strangercam.com\/camround\/\"]}]},{\"@type\":\"ImageObject\",\"inLanguage\":\"ro-RO\",\"@id\":\"https:\/\/strangercam.com\/camround\/#primaryimage\",\"url\":\"https:\/\/strangercam.com\/wp-content\/uploads\/2020\/11\/stranger-cam-1.png\",\"contentUrl\":\"https:\/\/strangercam.com\/wp-content\/uploads\/2020\/11\/stranger-cam-1.png\",\"width\":800,\"height\":800,\"caption\":\"stranger cam random video chat\"},{\"@type\":\"BreadcrumbList\",\"@id\":\"https:\/\/strangercam.com\/camround\/#breadcrumb\",\"itemListElement\":[{\"@type\":\"ListItem\",\"position\":1,\"name\":\"Home\",\"item\":\"https:\/\/strangercam.com\/\"},{\"@type\":\"ListItem\",\"position\":2,\"name\":\"Camround\"}]},{\"@type\":\"WebSite\",\"@id\":\"https:\/\/strangercam.com\/#website\",\"url\":\"https:\/\/strangercam.com\/\",\"name\":\"Strangercam\",\"description\":\"Random Video Chat with Strangers\",\"publisher\":{\"@id\":\"https:\/\/strangercam.com\/#organization\"},\"alternateName\":\"Strangercam.com\",\"potentialAction\":[{\"@type\":\"SearchAction\",\"target\":{\"@type\":\"EntryPoint\",\"urlTemplate\":\"https:\/\/strangercam.com\/?s={search_term_string}\"},\"query-input\":{\"@type\":\"PropertyValueSpecification\",\"valueRequired\":true,\"valueName\":\"search_term_string\"}}],\"inLanguage\":\"ro-RO\"},{\"@type\":\"Organization\",\"@id\":\"https:\/\/strangercam.com\/#organization\",\"name\":\"Strangercam\",\"alternateName\":\"Strangercam.com\",\"url\":\"https:\/\/strangercam.com\/\",\"logo\":{\"@type\":\"ImageObject\",\"inLanguage\":\"ro-RO\",\"@id\":\"https:\/\/strangercam.com\/#\/schema\/logo\/image\/\",\"url\":\"https:\/\/strangercam.com\/wp-content\/uploads\/2020\/11\/cropped-new-favicon-black.png\",\"contentUrl\":\"https:\/\/strangercam.com\/wp-content\/uploads\/2020\/11\/cropped-new-favicon-black.png\",\"width\":512,\"height\":512,\"caption\":\"Strangercam\"},\"image\":{\"@id\":\"https:\/\/strangercam.com\/#\/schema\/logo\/image\/\"},\"sameAs\":[\"https:\/\/www.facebook.com\/strangercam\",\"https:\/\/x.com\/strangercamapp\"]}]}<\/script>\n<!-- \/ Yoast SEO plugin. -->","yoast_head_json":{"title":"Camround - Conversa\u021bi cu str\u0103inii pe StrangerCam.com","description":"\u00ce\u021bi place Camround? Vino s\u0103 vorbe\u0219ti cu mai mult de 5.000.000 de str\u0103ini pe Stranger Cam gratuit! Porne\u0219te-\u021bi camera \u0219i g\u0103se\u0219te prieteni noi \u0219i poate o pereche!","robots":{"index":"index","follow":"follow","max-snippet":"max-snippet:-1","max-image-preview":"max-image-preview:large","max-video-preview":"max-video-preview:-1"},"canonical":"https:\/\/strangercam.com\/ro\/camround\/","og_locale":"ro_RO","og_type":"article","og_title":"Camround - Chat with strangers on StrangerCam.com","og_description":"Like Camround? Come chat with more than 5.000.000 strangers on Stranger Cam for Free! Turn on your cam and find new friends & maby a match!","og_url":"https:\/\/strangercam.com\/ro\/camround\/","og_site_name":"Strangercam","article_publisher":"https:\/\/www.facebook.com\/strangercam","article_modified_time":"2023-08-21T09:40:39+00:00","og_image":[{"width":800,"height":800,"url":"https:\/\/strangercam.com\/wp-content\/uploads\/2020\/11\/stranger-cam-1.png","type":"image\/png"}],"twitter_card":"summary_large_image","twitter_site":"@strangercamapp","twitter_misc":{"Timp estimat pentru citire":"6 minute"},"schema":{"@context":"https:\/\/schema.org","@graph":[{"@type":"WebPage","@id":"https:\/\/strangercam.com\/camround\/","url":"https:\/\/strangercam.com\/camround\/","name":"Camround - Conversa\u021bi cu str\u0103inii pe StrangerCam.com","isPartOf":{"@id":"https:\/\/strangercam.com\/#website"},"primaryImageOfPage":{"@id":"https:\/\/strangercam.com\/camround\/#primaryimage"},"image":{"@id":"https:\/\/strangercam.com\/camround\/#primaryimage"},"thumbnailUrl":"https:\/\/strangercam.com\/wp-content\/uploads\/2020\/11\/stranger-cam-1.png","datePublished":"2022-08-11T12:46:42+00:00","dateModified":"2023-08-21T09:40:39+00:00","description":"\u00ce\u021bi place Camround? Vino s\u0103 vorbe\u0219ti cu mai mult de 5.000.000 de str\u0103ini pe Stranger Cam gratuit! Porne\u0219te-\u021bi camera \u0219i g\u0103se\u0219te prieteni noi \u0219i poate o pereche!","breadcrumb":{"@id":"https:\/\/strangercam.com\/camround\/#breadcrumb"},"inLanguage":"ro-RO","potentialAction":[{"@type":"ReadAction","target":["https:\/\/strangercam.com\/camround\/"]}]},{"@type":"ImageObject","inLanguage":"ro-RO","@id":"https:\/\/strangercam.com\/camround\/#primaryimage","url":"https:\/\/strangercam.com\/wp-content\/uploads\/2020\/11\/stranger-cam-1.png","contentUrl":"https:\/\/strangercam.com\/wp-content\/uploads\/2020\/11\/stranger-cam-1.png","width":800,"height":800,"caption":"stranger cam random video chat"},{"@type":"BreadcrumbList","@id":"https:\/\/strangercam.com\/camround\/#breadcrumb","itemListElement":[{"@type":"ListItem","position":1,"name":"Home","item":"https:\/\/strangercam.com\/"},{"@type":"ListItem","position":2,"name":"Camround"}]},{"@type":"WebSite","@id":"https:\/\/strangercam.com\/#website","url":"https:\/\/strangercam.com\/","name":"Strangercam","description":"Chat video aleatoriu cu str\u0103ini","publisher":{"@id":"https:\/\/strangercam.com\/#organization"},"alternateName":"Strangercam.com","potentialAction":[{"@type":"SearchAction","target":{"@type":"EntryPoint","urlTemplate":"https:\/\/strangercam.com\/?s={search_term_string}"},"query-input":{"@type":"PropertyValueSpecification","valueRequired":true,"valueName":"search_term_string"}}],"inLanguage":"ro-RO"},{"@type":"Organization","@id":"https:\/\/strangercam.com\/#organization","name":"Strangercam","alternateName":"Strangercam.com","url":"https:\/\/strangercam.com\/","logo":{"@type":"ImageObject","inLanguage":"ro-RO","@id":"https:\/\/strangercam.com\/#\/schema\/logo\/image\/","url":"https:\/\/strangercam.com\/wp-content\/uploads\/2020\/11\/cropped-new-favicon-black.png","contentUrl":"https:\/\/strangercam.com\/wp-content\/uploads\/2020\/11\/cropped-new-favicon-black.png","width":512,"height":512,"caption":"Strangercam"},"image":{"@id":"https:\/\/strangercam.com\/#\/schema\/logo\/image\/"},"sameAs":["https:\/\/www.facebook.com\/strangercam","https:\/\/x.com\/strangercamapp"]}]}},"_links":{"self":[{"href":"https:\/\/strangercam.com\/ro\/wp-json\/wp\/v2\/pages\/11108","targetHints":{"allow":["GET"]}}],"collection":[{"href":"https:\/\/strangercam.com\/ro\/wp-json\/wp\/v2\/pages"}],"about":[{"href":"https:\/\/strangercam.com\/ro\/wp-json\/wp\/v2\/types\/page"}],"author":[{"embeddable":true,"href":"https:\/\/strangercam.com\/ro\/wp-json\/wp\/v2\/users\/6"}],"replies":[{"embeddable":true,"href":"https:\/\/strangercam.com\/ro\/wp-json\/wp\/v2\/comments?post=11108"}],"version-history":[{"count":0,"href":"https:\/\/strangercam.com\/ro\/wp-json\/wp\/v2\/pages\/11108\/revisions"}],"wp:featuredmedia":[{"embeddable":true,"href":"https:\/\/strangercam.com\/ro\/wp-json\/wp\/v2\/media\/559"}],"wp:attachment":[{"href":"https:\/\/strangercam.com\/ro\/wp-json\/wp\/v2\/media?parent=11108"}],"curies":[{"name":"wp","href":"https:\/\/api.w.org\/{rel}","templated":true}]}}