{"id":11074,"date":"2022-07-25T15:08:03","date_gmt":"2022-07-25T13:08:03","guid":{"rendered":"https:\/\/strangercam.com\/?page_id=11074"},"modified":"2023-08-21T12:24:41","modified_gmt":"2023-08-21T10:24:41","slug":"chatliv","status":"publish","type":"page","link":"https:\/\/strangercam.com\/ro\/chatliv\/","title":{"rendered":"Chatliv"},"content":{"rendered":"<p>\u00cen zilele noastre, este mai u\u0219or ca niciodat\u0103 s\u0103 intri \u00een contact cu oameni din \u00eentreaga lume. Cu doar c\u00e2teva clicuri, pute\u021bi ad\u0103uga o persoan\u0103 nou\u0103 pe lista dvs. de prieteni - indiferent unde locuie\u0219te. Chatliv este un videoclip aleatoriu <a href=\"https:\/\/strangercam.com\/ro\/chathub\/\">chat<\/a> platform\u0103 care faciliteaz\u0103 <a href=\"https:\/\/strangercam.com\/ro\/coomeet\/\">\u00eent\u00e2lnire<\/a> oameni noi \u0219i s\u0103 v\u0103 face\u021bi prieteni din toate col\u021burile lumii.<\/p>\n<h2>Ce este Chatliv?<\/h2>\n<p>Chatliv este o nou\u0103 platform\u0103 de chat video perfect\u0103 pentru a-\u021bi face noi prieteni. Cea mai bun\u0103 parte la Chatliv este c\u0103 este complet aleatoriu, a\u0219a c\u0103 nu \u0219tii niciodat\u0103 cu cine te vei \u00eent\u00e2lni. Fie c\u0103 sunte\u021bi \u00een c\u0103utarea unui nou prieten sau doar a cuiva cu care s\u0103 discuta\u021bi, Chatliv este locul perfect pentru dvs.<\/p>\n<h2>Cum se utilizeaz\u0103 Chatliv<\/h2>\n<p>Dac\u0103 sunte\u021bi \u00een c\u0103utarea unei noi modalit\u0103\u021bi de a v\u0103 face prieteni, Chatliv este o op\u021biune excelent\u0103. Aceast\u0103 platform\u0103 de chat video aleatoriu v\u0103 permite s\u0103 v\u0103 conecta\u021bi cu persoane din \u00eentreaga lume. Iat\u0103 cum s\u0103 o utiliza\u021bi:<\/p>\n<ol>\n<li style=\"font-weight: 400;\" aria-level=\"1\">Accesa\u021bi site-ul web Chatliv \u0219i crea\u021bi-v\u0103 un cont. Va trebui s\u0103 v\u0103 furniza\u021bi numele, adresa de e-mail \u0219i o parol\u0103.<\/li>\n<li style=\"font-weight: 400;\" aria-level=\"1\">Odat\u0103 ce v-a\u021bi conectat, ve\u021bi putea vedea o list\u0103 de utilizatori online. Alege\u021bi pe cineva cu care s\u0103 discuta\u021bi f\u0103c\u00e2nd clic pe numele acestuia.<\/li>\n<li style=\"font-weight: 400;\" aria-level=\"1\">Ve\u021bi fi apoi direc\u021bionat c\u0103tre o camer\u0103 de chat privat\u0103 \u00een care v\u0103 pute\u021bi cunoa\u0219te mai bine. C\u00e2nd sunte\u021bi gata, face\u021bi clic pe butonul \u201cApel video\u201d pentru a \u00eencepe un chat video.<\/li>\n<li style=\"font-weight: 400;\" aria-level=\"1\">Asta este tot! Pute\u021bi continua s\u0103 discuta\u021bi c\u00e2t de mult dori\u021bi sau s\u0103 trece\u021bi oric\u00e2nd la alt utilizator.<\/li>\n<\/ol>\n<p>Chatliv este o modalitate grozav\u0103 de a cunoa\u0219te oameni noi \u0219i de a-\u021bi face prieteni din \u00eentreaga lume. A\u0219a c\u0103 \u00eencerca\u021bi ast\u0103zi!<\/p>\n<h2>De ce Chatliv este o platform\u0103 de video chat aleatorie at\u00e2t de popular\u0103?<\/h2>\n<p>Exist\u0103 multe motive pentru care Chatliv este o platform\u0103 de videochat aleatoriu at\u00e2t de popular\u0103. \u00cen primul r\u00e2nd, este o modalitate excelent\u0103 de a cunoa\u0219te oameni noi din \u00eentreaga lume. Pute\u021bi discuta cu persoane din diferite \u021b\u0103ri \u0219i pute\u021bi afla mai multe despre culturile lor. \u00cen plus, Chatliv ofer\u0103 o modalitate u\u0219oar\u0103 \u0219i convenabil\u0103 de a p\u0103stra leg\u0103tura cu prietenii \u0219i membrii familiei care locuiesc departe. \u00cen plus, platforma ofer\u0103 un mediu sigur \u0219i securizat pentru ca utilizatorii s\u0103 comunice \u00eentre ei. \u00cen cele din urm\u0103, Chatliv este un serviciu gratuit care nu necesit\u0103 nicio \u00eenregistrare sau tax\u0103.<\/p>\n<h2>Avantajele Chatliv<\/h2>\n<p>Dac\u0103 sunte\u021bi \u00een c\u0103utarea unui mod distractiv \u0219i u\u0219or de a v\u0103 face noi prieteni, Chatliv este platforma perfect\u0103 pentru dvs. Cu func\u021bia sa de chat video aleatoriu, pute\u021bi intra \u00een contact cu oameni din \u00eentreaga lume \u0219i pute\u021bi discuta cu ei \u00een timp real. Nu numai c\u0103 este o modalitate excelent\u0103 de a cunoa\u0219te oameni noi, dar pute\u021bi, de asemenea, s\u0103 afla\u021bi despre diferite culturi \u0219i stiluri de via\u021b\u0103. Deci, ce mai a\u0219tepta\u021bi? \u00cencerca\u021bi Chatliv ast\u0103zi!<\/p>\n<h2>Dezavantajele Chatliv<\/h2>\n<p>Exist\u0103 o serie de dezavantaje ale platformei Chatliv care ar trebui luate \u00een considerare \u00eenainte de a o utiliza. \u00cen primul r\u00e2nd, site-ul este disponibil numai \u00een limba englez\u0103, ceea ce poate limita atractivitatea sa pentru utilizatorii din alte \u021b\u0103ri. \u00cen al doilea r\u00e2nd, site-ul necesit\u0103 o camer\u0103 web \u0219i un microfon, la care nu to\u021bi utilizatorii vor avea acces. \u00cen cele din urm\u0103, site-ul are o serie de caracteristici care necesit\u0103 un abonament premium pentru acces, ceea ce l-ar putea face mai pu\u021bin atr\u0103g\u0103tor pentru utilizatorii care caut\u0103 doar o platform\u0103 gratuit\u0103 de videochat.<\/p>\n<h2>Cum s\u0103 profita\u021bi la maximum de Chatliv?<\/h2>\n<p>Dac\u0103 sunte\u021bi \u00een c\u0103utarea unui mod distractiv \u0219i u\u0219or de a cunoa\u0219te oameni noi, atunci ar trebui s\u0103 verifica\u021bi cu siguran\u021b\u0103 Chatliv. Iat\u0103 c\u00e2teva sfaturi despre cum s\u0103 profita\u021bi la maximum de aceast\u0103 platform\u0103 de videochat aleatoriu:<\/p>\n<ol>\n<li style=\"font-weight: 400;\" aria-level=\"1\">Fii tu \u00eensu\u021bi - Acesta este probabil cel mai important sfat. Fii tu \u00eensu\u021bi \u0219i relaxeaz\u0103-te, iar restul va veni natural.<\/li>\n<li style=\"font-weight: 400;\" aria-level=\"1\">Nu-\u021bi fie team\u0103 s\u0103 \u00eencepi o conversa\u021bie - Poate fi descurajant s\u0103 \u00eencepi o conversa\u021bie cu cineva pe care nu-l cuno\u0219ti, dar f\u0103-o! Sunt \u0219anse ca \u0219i ei s\u0103 fie la fel de nervo\u0219i ca \u0219i tine.<\/li>\n<li style=\"font-weight: 400;\" aria-level=\"1\">Pune\u021bi \u00eentreb\u0103ri - Ajunge\u021bi s\u0103 cunoa\u0219te\u021bi persoana cu care vorbi\u021bi pun\u00e2ndu-i \u00eentreb\u0103ri despre ea \u00eens\u0103\u0219i.<\/li>\n<li style=\"font-weight: 400;\" aria-level=\"1\">Distreaz\u0103-te! - La sf\u00e2r\u0219itul zilei, Chatliv \u00eenseamn\u0103 s\u0103 te distrezi \u0219i s\u0103 cuno\u0219ti oameni noi. A\u0219a c\u0103 relaxeaz\u0103-te \u0219i distreaz\u0103-te!<\/li>\n<\/ol>\n<h2>Este Chatliv sigur de utilizat?<\/h2>\n<p>Chatliv este o platform\u0103 sigur\u0103 \u0219i securizat\u0103 pentru a face noi prieteni \u0219i conexiuni. Site-ul are politici stricte \u00een vigoare pentru a proteja confiden\u021bialitatea \u0219i siguran\u021ba utilizatorilor \u0219i ia m\u0103suri pentru a se asigura c\u0103 toate interac\u021biunile dintre utilizatori sunt respectuoase \u0219i pozitive. Utilizatorii pot raporta orice comportament abuziv sau nepotrivit, iar Chatliv va lua m\u0103suri pentru a investiga \u0219i rezolva orice problem\u0103.<\/p>\n<h2>Alternative la Chatliv<\/h2>\n<p>Exist\u0103 multe alternative la Chatliv. Dac\u0103 sunte\u021bi \u00een c\u0103utarea unei platforme de video chat aleatorii pentru a v\u0103 face noi prieteni, iat\u0103 c\u00e2teva dintre cele mai bune alegeri ale noastre:<\/p>\n<ol>\n<li style=\"font-weight: 400;\" aria-level=\"1\"><a href=\"https:\/\/strangercam.com\/ro\/omegle\/\">Omegle<\/a>: Aceast\u0103 platform\u0103 exist\u0103 de ani de zile \u0219i este una dintre cele mai populare platforme de chat aleatoriu. Este simplu de utilizat \u0219i v\u0103 pute\u021bi conecta cu oameni din \u00eentreaga lume.<\/li>\n<li style=\"font-weight: 400;\" aria-level=\"1\"><a href=\"https:\/\/strangercam.com\/ro\/chatroulette\/\">Chatroulette<\/a>: O alt\u0103 op\u021biune bine-cunoscut\u0103, Chatroulette este similar\u0103 cu Omegle prin faptul c\u0103 este o platform\u0103 de chat aleatorie unde pute\u021bi intra \u00een contact cu persoane din \u00eentreaga lume.<\/li>\n<li style=\"font-weight: 400;\" aria-level=\"1\">Tinychat: Tinychat este pu\u021bin diferit de celelalte dou\u0103 op\u021biuni prin faptul c\u0103 se concentreaz\u0103 mai mult pe chat-ul de grup. Pute\u021bi crea sau participa la camere publice sau pute\u021bi \u00eencepe o conversa\u021bie privat\u0103 cu prietenii.<\/li>\n<li style=\"font-weight: 400;\" aria-level=\"1\">Fruzo: Fruzo este o alt\u0103 op\u021biune care se concentreaz\u0103 pe conectarea oamenilor prin chat video. Cu toate acestea, ceea ce o diferen\u021biaz\u0103 este faptul c\u0103 pute\u021bi, de asemenea, s\u0103 v\u0103 conecta\u021bi cu persoane \u00een func\u021bie de interese, ceea ce face mai u\u0219or s\u0103 g\u0103si\u021bi pe cineva cu care s\u0103 discuta\u021bi care v\u0103 \u00eemp\u0103rt\u0103\u0219e\u0219te hobby-urile sau pasiunile.<\/li>\n<li style=\"font-weight: 400;\" aria-level=\"1\">Chatible: Chatible este o op\u021biune mai nou\u0103 care devine din ce \u00een ce mai popular\u0103. Este similar\u0103 cu alte platforme \u00een<\/li>\n<\/ol>\n<h2>Concluzie<\/h2>\n<p>Dac\u0103 sunte\u021bi \u00een c\u0103utarea unei noi modalit\u0103\u021bi de a v\u0103 face prieteni, Chatliv ar putea fi o op\u021biune excelent\u0103. Este o platform\u0103 de chat video aleatoriu care v\u0103 permite s\u0103 v\u0103 conecta\u021bi cu oameni din \u00eentreaga lume. Pute\u021bi discuta cu ei despre orice \u0219i despre orice, \u0219i nu \u0219ti\u021bi niciodat\u0103 pe cine ve\u021bi \u00eent\u00e2lni sau ce fel de conversa\u021bii interesante ve\u021bi avea. A\u0219adar, dac\u0103 te sim\u021bi singur sau vrei doar s\u0103 cuno\u0219ti oameni noi, d\u0103-i o \u0219ans\u0103 lui Chatliv.<\/p>","protected":false},"excerpt":{"rendered":"<p>In this day and age, it&#8217;s easier than ever to connect with people from all over the world. With just a few clicks, you can add someone new to your list of friends &#8211; no matter where they live. Chatliv is a random video chat platform that makes it easy to meet new people and [&hellip;]<\/p>\n","protected":false},"author":6,"featured_media":559,"parent":0,"menu_order":0,"comment_status":"closed","ping_status":"closed","template":"","meta":{"footnotes":""},"class_list":["post-11074","page","type-page","status-publish","has-post-thumbnail","hentry"],"yoast_head":"<!-- This site is optimized with the Yoast SEO plugin v27.4 - https:\/\/yoast.com\/product\/yoast-seo-wordpress\/ -->\n<title>Chatliv - Video Chat for Free on StrangerCam.com<\/title>\n<meta name=\"description\" content=\"Chat with random strangers like Chatliv! Come chat with more than 5.000.000 strangers on Strangercam.com for Free!\" \/>\n<meta name=\"robots\" content=\"index, follow, max-snippet:-1, max-image-preview:large, max-video-preview:-1\" \/>\n<link rel=\"canonical\" href=\"https:\/\/strangercam.com\/ro\/chatliv\/\" \/>\n<meta property=\"og:locale\" content=\"ro_RO\" \/>\n<meta property=\"og:type\" content=\"article\" \/>\n<meta property=\"og:title\" content=\"Chatliv - Video Chat for Free on StrangerCam.com\" \/>\n<meta property=\"og:description\" content=\"Chat with random strangers like Chatliv! Come chat with more than 5.000.000 strangers on Strangercam.com for Free!\" \/>\n<meta property=\"og:url\" content=\"https:\/\/strangercam.com\/ro\/chatliv\/\" \/>\n<meta property=\"og:site_name\" content=\"Strangercam\" \/>\n<meta property=\"article:publisher\" content=\"https:\/\/www.facebook.com\/strangercam\" \/>\n<meta property=\"article:modified_time\" content=\"2023-08-21T10:24:41+00:00\" \/>\n<meta property=\"og:image\" content=\"https:\/\/strangercam.com\/wp-content\/uploads\/2020\/11\/stranger-cam-1.png\" \/>\n\t<meta property=\"og:image:width\" content=\"800\" \/>\n\t<meta property=\"og:image:height\" content=\"800\" \/>\n\t<meta property=\"og:image:type\" content=\"image\/png\" \/>\n<meta name=\"twitter:card\" content=\"summary_large_image\" \/>\n<meta name=\"twitter:site\" content=\"@strangercamapp\" \/>\n<meta name=\"twitter:label1\" content=\"Timp estimat pentru citire\" \/>\n\t<meta name=\"twitter:data1\" content=\"5 minute\" \/>\n<script type=\"application\/ld+json\" class=\"yoast-schema-graph\">{\"@context\":\"https:\\\/\\\/schema.org\",\"@graph\":[{\"@type\":\"WebPage\",\"@id\":\"https:\\\/\\\/strangercam.com\\\/chatliv\\\/\",\"url\":\"https:\\\/\\\/strangercam.com\\\/chatliv\\\/\",\"name\":\"Chatliv - Video Chat for Free on StrangerCam.com\",\"isPartOf\":{\"@id\":\"https:\\\/\\\/strangercam.com\\\/#website\"},\"primaryImageOfPage\":{\"@id\":\"https:\\\/\\\/strangercam.com\\\/chatliv\\\/#primaryimage\"},\"image\":{\"@id\":\"https:\\\/\\\/strangercam.com\\\/chatliv\\\/#primaryimage\"},\"thumbnailUrl\":\"https:\\\/\\\/strangercam.com\\\/wp-content\\\/uploads\\\/2020\\\/11\\\/stranger-cam-1.png\",\"datePublished\":\"2022-07-25T13:08:03+00:00\",\"dateModified\":\"2023-08-21T10:24:41+00:00\",\"description\":\"Chat with random strangers like Chatliv! Come chat with more than 5.000.000 strangers on Strangercam.com for Free!\",\"breadcrumb\":{\"@id\":\"https:\\\/\\\/strangercam.com\\\/chatliv\\\/#breadcrumb\"},\"inLanguage\":\"ro-RO\",\"potentialAction\":[{\"@type\":\"ReadAction\",\"target\":[\"https:\\\/\\\/strangercam.com\\\/chatliv\\\/\"]}]},{\"@type\":\"ImageObject\",\"inLanguage\":\"ro-RO\",\"@id\":\"https:\\\/\\\/strangercam.com\\\/chatliv\\\/#primaryimage\",\"url\":\"https:\\\/\\\/strangercam.com\\\/wp-content\\\/uploads\\\/2020\\\/11\\\/stranger-cam-1.png\",\"contentUrl\":\"https:\\\/\\\/strangercam.com\\\/wp-content\\\/uploads\\\/2020\\\/11\\\/stranger-cam-1.png\",\"width\":800,\"height\":800,\"caption\":\"stranger cam random video chat\"},{\"@type\":\"BreadcrumbList\",\"@id\":\"https:\\\/\\\/strangercam.com\\\/chatliv\\\/#breadcrumb\",\"itemListElement\":[{\"@type\":\"ListItem\",\"position\":1,\"name\":\"Home\",\"item\":\"https:\\\/\\\/strangercam.com\\\/\"},{\"@type\":\"ListItem\",\"position\":2,\"name\":\"Chatliv\"}]},{\"@type\":\"WebSite\",\"@id\":\"https:\\\/\\\/strangercam.com\\\/#website\",\"url\":\"https:\\\/\\\/strangercam.com\\\/\",\"name\":\"Strangercam\",\"description\":\"Random Video Chat with Strangers\",\"publisher\":{\"@id\":\"https:\\\/\\\/strangercam.com\\\/#organization\"},\"alternateName\":\"Strangercam.com\",\"potentialAction\":[{\"@type\":\"SearchAction\",\"target\":{\"@type\":\"EntryPoint\",\"urlTemplate\":\"https:\\\/\\\/strangercam.com\\\/?s={search_term_string}\"},\"query-input\":{\"@type\":\"PropertyValueSpecification\",\"valueRequired\":true,\"valueName\":\"search_term_string\"}}],\"inLanguage\":\"ro-RO\"},{\"@type\":\"Organization\",\"@id\":\"https:\\\/\\\/strangercam.com\\\/#organization\",\"name\":\"Strangercam\",\"alternateName\":\"Strangercam.com\",\"url\":\"https:\\\/\\\/strangercam.com\\\/\",\"logo\":{\"@type\":\"ImageObject\",\"inLanguage\":\"ro-RO\",\"@id\":\"https:\\\/\\\/strangercam.com\\\/#\\\/schema\\\/logo\\\/image\\\/\",\"url\":\"https:\\\/\\\/strangercam.com\\\/wp-content\\\/uploads\\\/2020\\\/11\\\/cropped-new-favicon-black.png\",\"contentUrl\":\"https:\\\/\\\/strangercam.com\\\/wp-content\\\/uploads\\\/2020\\\/11\\\/cropped-new-favicon-black.png\",\"width\":512,\"height\":512,\"caption\":\"Strangercam\"},\"image\":{\"@id\":\"https:\\\/\\\/strangercam.com\\\/#\\\/schema\\\/logo\\\/image\\\/\"},\"sameAs\":[\"https:\\\/\\\/www.facebook.com\\\/strangercam\",\"https:\\\/\\\/x.com\\\/strangercamapp\"]}]}<\/script>\n<!-- \/ Yoast SEO plugin. -->","yoast_head_json":{"title":"Chatliv - Videochat gratuit pe StrangerCam.com","description":"Chat cu str\u0103ini aleatori ca Chatliv! Veni\u021bi s\u0103 discuta\u021bi gratuit cu mai mult de 5.000.000 de str\u0103ini pe Strangercam.com!","robots":{"index":"index","follow":"follow","max-snippet":"max-snippet:-1","max-image-preview":"max-image-preview:large","max-video-preview":"max-video-preview:-1"},"canonical":"https:\/\/strangercam.com\/ro\/chatliv\/","og_locale":"ro_RO","og_type":"article","og_title":"Chatliv - Video Chat for Free on StrangerCam.com","og_description":"Chat with random strangers like Chatliv! Come chat with more than 5.000.000 strangers on Strangercam.com for Free!","og_url":"https:\/\/strangercam.com\/ro\/chatliv\/","og_site_name":"Strangercam","article_publisher":"https:\/\/www.facebook.com\/strangercam","article_modified_time":"2023-08-21T10:24:41+00:00","og_image":[{"width":800,"height":800,"url":"https:\/\/strangercam.com\/wp-content\/uploads\/2020\/11\/stranger-cam-1.png","type":"image\/png"}],"twitter_card":"summary_large_image","twitter_site":"@strangercamapp","twitter_misc":{"Timp estimat pentru citire":"5 minute"},"schema":{"@context":"https:\/\/schema.org","@graph":[{"@type":"WebPage","@id":"https:\/\/strangercam.com\/chatliv\/","url":"https:\/\/strangercam.com\/chatliv\/","name":"Chatliv - Videochat gratuit pe StrangerCam.com","isPartOf":{"@id":"https:\/\/strangercam.com\/#website"},"primaryImageOfPage":{"@id":"https:\/\/strangercam.com\/chatliv\/#primaryimage"},"image":{"@id":"https:\/\/strangercam.com\/chatliv\/#primaryimage"},"thumbnailUrl":"https:\/\/strangercam.com\/wp-content\/uploads\/2020\/11\/stranger-cam-1.png","datePublished":"2022-07-25T13:08:03+00:00","dateModified":"2023-08-21T10:24:41+00:00","description":"Chat cu str\u0103ini aleatori ca Chatliv! Veni\u021bi s\u0103 discuta\u021bi gratuit cu mai mult de 5.000.000 de str\u0103ini pe Strangercam.com!","breadcrumb":{"@id":"https:\/\/strangercam.com\/chatliv\/#breadcrumb"},"inLanguage":"ro-RO","potentialAction":[{"@type":"ReadAction","target":["https:\/\/strangercam.com\/chatliv\/"]}]},{"@type":"ImageObject","inLanguage":"ro-RO","@id":"https:\/\/strangercam.com\/chatliv\/#primaryimage","url":"https:\/\/strangercam.com\/wp-content\/uploads\/2020\/11\/stranger-cam-1.png","contentUrl":"https:\/\/strangercam.com\/wp-content\/uploads\/2020\/11\/stranger-cam-1.png","width":800,"height":800,"caption":"stranger cam random video chat"},{"@type":"BreadcrumbList","@id":"https:\/\/strangercam.com\/chatliv\/#breadcrumb","itemListElement":[{"@type":"ListItem","position":1,"name":"Home","item":"https:\/\/strangercam.com\/"},{"@type":"ListItem","position":2,"name":"Chatliv"}]},{"@type":"WebSite","@id":"https:\/\/strangercam.com\/#website","url":"https:\/\/strangercam.com\/","name":"Strangercam","description":"Chat video aleatoriu cu str\u0103ini","publisher":{"@id":"https:\/\/strangercam.com\/#organization"},"alternateName":"Strangercam.com","potentialAction":[{"@type":"SearchAction","target":{"@type":"EntryPoint","urlTemplate":"https:\/\/strangercam.com\/?s={search_term_string}"},"query-input":{"@type":"PropertyValueSpecification","valueRequired":true,"valueName":"search_term_string"}}],"inLanguage":"ro-RO"},{"@type":"Organization","@id":"https:\/\/strangercam.com\/#organization","name":"Strangercam","alternateName":"Strangercam.com","url":"https:\/\/strangercam.com\/","logo":{"@type":"ImageObject","inLanguage":"ro-RO","@id":"https:\/\/strangercam.com\/#\/schema\/logo\/image\/","url":"https:\/\/strangercam.com\/wp-content\/uploads\/2020\/11\/cropped-new-favicon-black.png","contentUrl":"https:\/\/strangercam.com\/wp-content\/uploads\/2020\/11\/cropped-new-favicon-black.png","width":512,"height":512,"caption":"Strangercam"},"image":{"@id":"https:\/\/strangercam.com\/#\/schema\/logo\/image\/"},"sameAs":["https:\/\/www.facebook.com\/strangercam","https:\/\/x.com\/strangercamapp"]}]}},"_links":{"self":[{"href":"https:\/\/strangercam.com\/ro\/wp-json\/wp\/v2\/pages\/11074","targetHints":{"allow":["GET"]}}],"collection":[{"href":"https:\/\/strangercam.com\/ro\/wp-json\/wp\/v2\/pages"}],"about":[{"href":"https:\/\/strangercam.com\/ro\/wp-json\/wp\/v2\/types\/page"}],"author":[{"embeddable":true,"href":"https:\/\/strangercam.com\/ro\/wp-json\/wp\/v2\/users\/6"}],"replies":[{"embeddable":true,"href":"https:\/\/strangercam.com\/ro\/wp-json\/wp\/v2\/comments?post=11074"}],"version-history":[{"count":0,"href":"https:\/\/strangercam.com\/ro\/wp-json\/wp\/v2\/pages\/11074\/revisions"}],"wp:featuredmedia":[{"embeddable":true,"href":"https:\/\/strangercam.com\/ro\/wp-json\/wp\/v2\/media\/559"}],"wp:attachment":[{"href":"https:\/\/strangercam.com\/ro\/wp-json\/wp\/v2\/media?parent=11074"}],"curies":[{"name":"wp","href":"https:\/\/api.w.org\/{rel}","templated":true}]}}