{"id":10182,"date":"2022-05-30T14:44:10","date_gmt":"2022-05-30T12:44:10","guid":{"rendered":"https:\/\/strangercam.com\/?page_id=10182"},"modified":"2023-08-21T12:24:41","modified_gmt":"2023-08-21T10:24:41","slug":"funyo","status":"publish","type":"page","link":"https:\/\/strangercam.com\/ro\/funyo\/","title":{"rendered":"Funyo"},"content":{"rendered":"<p>Folosind camera foto, FunYo ajut\u0103 la conectarea oamenilor aleatori din \u00eentreaga lume. Nu este nevoie s\u0103 v\u0103 \u00eenregistra\u021bi, iar FunYo este complet gratuit! Serviciul este simplu de utilizat, iar noi oferim caracteristici interesante, cum ar fi op\u021biunea de a interac\u021biona cu persoane din \u021b\u0103ri specificate sau doar cu <a href=\"https:\/\/strangercam.com\/ro\/video-chat-cu-femei\/\">fete<\/a>.<\/p>\n<h3>Principalele caracteristici ale Funyo Dating App<\/h3>\n<p>\u00cen continuare am descris toate detaliile pe care ar trebui s\u0103 le \u0219ti\u021bi despre aplica\u021bia de dating Funyo:<\/p>\n<h4>Funyo este o aplica\u021bie care v\u0103 permite s\u0103 discuta\u021bi cu str\u0103ini aleatori.<\/h4>\n<p>Aleatoriu gratuit <a href=\"https:\/\/strangercam.com\/ro\/chatroulette\/\">chat<\/a> pe Funyo este modul ideal de a interac\u021biona cu oameni noi din \u00eentreaga lume. Am creat un sistem simplu care se concentreaz\u0103 pe simplificarea conect\u0103rii voastre cu chat-urile cu camere web care au loc \u00een prezent! Random Chat, Webcam Girls \u0219i Gay Chat sunt trei modalit\u0103\u021bi inteligente de a <a href=\"https:\/\/strangercam.com\/ro\/bazoocam\/\">came<\/a> s\u0103 vorbeasc\u0103 cu str\u0103inii. Fiecare <a href=\"https:\/\/strangercam.com\/ro\/chathub\/\">chat video aleatoriu<\/a> v\u0103 conecteaz\u0103 cu sute de al\u021bi oameni care \u00ee\u0219i transmit \u00een direct camerele web \u0219i caut\u0103 s\u0103 <a href=\"https:\/\/strangercam.com\/ro\/coomeet\/\">\u00eent\u00e2lnire<\/a> oameni noi la fel ca tine. \u00cencepe\u021bi s\u0103 socializa\u021bi ast\u0103zi cu conversa\u021biile prin webcam trendy \u0219i distractive ale lui Funyo!<\/p>\n<h4>Chat cu fete gratuit<\/h4>\n<p>Te-ai s\u0103turat s\u0103 pl\u0103te\u0219ti taxe ascunse pentru a vorbi cu fete de camer\u0103 superbe online? Funyo are r\u0103spunsul pentru tine cu camere web cu fete gratuite pentru toat\u0103 lumea! Pute\u021bi explora o selec\u021bie mare de camere fantastice \u00een direct \u0219i pute\u021bi face apeluri video cu fete pentru o perioad\u0103 nesf\u00e2r\u0219it\u0103 de timp gratuit \u00een sec\u021biunea noastr\u0103 de fete de camer\u0103. Descoperi\u021bi fete din \u00eentreaga lume care \u00ee\u0219i transmit camerele web \u00eentr-o varietate de categorii \u0219i \u00eencepe\u021bi s\u0103 discuta\u021bi cu ele gratuit chiar acum!<\/p>\n<h4>Chat gay gratuit<\/h4>\n<p>Cu Funyo's online free gay video calling, po\u021bi g\u0103si mii de b\u0103rba\u021bi care \u00ee\u0219i arat\u0103 camerele web chiar acum! Chat-ul aleatoriu cu homosexuali, spre deosebire de chat-ul obi\u0219nuit cu persoane aleatorii, te conecteaz\u0103 doar cu b\u0103rba\u021bi. B\u0103rba\u021bi gay, bisexuali \u0219i curio\u0219i din \u00eentreaga lume sunt gata s\u0103 te \u00eent\u00e2lneasc\u0103. Cele mai multe site-uri de camere gay necesit\u0103 plat\u0103 pentru a accesa camerele gay, dar pe Funyo, v\u0103 punem \u00een leg\u0103tur\u0103 cu oameni reali, astfel \u00eenc\u00e2t s\u0103 pute\u021bi avea o camer\u0103 gay la webcam chat \u0219i s\u0103 ave\u021bi ceva bucurie.<\/p>\n<h3>Concluzie<\/h3>\n<p>Chatrandom a f\u0103cut salturi mari fa\u021b\u0103 de Funyo \u00een ceea ce prive\u0219te baza de utilizatori, cu mai multe persoane online pe Funyo. Acesta este modul \u00een care s-a dovedit din acela\u0219i motiv. Dar, Funyo are, de asemenea, suficiente persoane pentru a fi interesant de vizitat. A\u0219adar, merge\u021bi pe www.funyo.com \u0219i \u00eencepe\u021bi s\u0103 v\u0103 bucura\u021bi de fiecare buc\u0103\u021bic\u0103 din via\u021ba voastr\u0103.<\/p>","protected":false},"excerpt":{"rendered":"<p>Using your camera, FunYo helps to connect random people from all over the world. There is no need to register, and FunYo is completely free to use! The service is simple to use, and we provide exciting features such as the option to interact with individuals in specified countries or just with girls. Main Features [&hellip;]<\/p>\n","protected":false},"author":6,"featured_media":559,"parent":0,"menu_order":0,"comment_status":"closed","ping_status":"closed","template":"","meta":{"footnotes":""},"class_list":["post-10182","page","type-page","status-publish","has-post-thumbnail","hentry"],"yoast_head":"<!-- This site is optimized with the Yoast SEO plugin v26.9 - https:\/\/yoast.com\/product\/yoast-seo-wordpress\/ -->\n<title>Funyo - Chat Roulette Anonymously - Cam on StrangerCam.com<\/title>\n<meta name=\"description\" content=\"Like Funyo? Come chat with more than 5.000.000 strangers on Stranger Cam for Free! Turn on your cam and find new friends &amp; maby a match!\" \/>\n<meta name=\"robots\" content=\"index, follow, max-snippet:-1, max-image-preview:large, max-video-preview:-1\" \/>\n<link rel=\"canonical\" href=\"https:\/\/strangercam.com\/ro\/funyo\/\" \/>\n<meta property=\"og:locale\" content=\"ro_RO\" \/>\n<meta property=\"og:type\" content=\"article\" \/>\n<meta property=\"og:title\" content=\"Funyo - Chat Roulette Anonymously - Cam on StrangerCam.com\" \/>\n<meta property=\"og:description\" content=\"Like Funyo? Come chat with more than 5.000.000 strangers on Stranger Cam for Free! Turn on your cam and find new friends &amp; maby a match!\" \/>\n<meta property=\"og:url\" content=\"https:\/\/strangercam.com\/ro\/funyo\/\" \/>\n<meta property=\"og:site_name\" content=\"Strangercam\" \/>\n<meta property=\"article:publisher\" content=\"https:\/\/www.facebook.com\/strangercam\" \/>\n<meta property=\"article:modified_time\" content=\"2023-08-21T10:24:41+00:00\" \/>\n<meta property=\"og:image\" content=\"https:\/\/strangercam.com\/wp-content\/uploads\/2020\/11\/stranger-cam-1.png\" \/>\n\t<meta property=\"og:image:width\" content=\"800\" \/>\n\t<meta property=\"og:image:height\" content=\"800\" \/>\n\t<meta property=\"og:image:type\" content=\"image\/png\" \/>\n<meta name=\"twitter:card\" content=\"summary_large_image\" \/>\n<meta name=\"twitter:site\" content=\"@strangercamapp\" \/>\n<meta name=\"twitter:label1\" content=\"Timp estimat pentru citire\" \/>\n\t<meta name=\"twitter:data1\" content=\"2 minute\" \/>\n<script type=\"application\/ld+json\" class=\"yoast-schema-graph\">{\"@context\":\"https:\/\/schema.org\",\"@graph\":[{\"@type\":\"WebPage\",\"@id\":\"https:\/\/strangercam.com\/funyo\/\",\"url\":\"https:\/\/strangercam.com\/funyo\/\",\"name\":\"Funyo - Chat Roulette Anonymously - Cam on StrangerCam.com\",\"isPartOf\":{\"@id\":\"https:\/\/strangercam.com\/#website\"},\"primaryImageOfPage\":{\"@id\":\"https:\/\/strangercam.com\/funyo\/#primaryimage\"},\"image\":{\"@id\":\"https:\/\/strangercam.com\/funyo\/#primaryimage\"},\"thumbnailUrl\":\"https:\/\/strangercam.com\/wp-content\/uploads\/2020\/11\/stranger-cam-1.png\",\"datePublished\":\"2022-05-30T12:44:10+00:00\",\"dateModified\":\"2023-08-21T10:24:41+00:00\",\"description\":\"Like Funyo? Come chat with more than 5.000.000 strangers on Stranger Cam for Free! Turn on your cam and find new friends & maby a match!\",\"breadcrumb\":{\"@id\":\"https:\/\/strangercam.com\/funyo\/#breadcrumb\"},\"inLanguage\":\"ro-RO\",\"potentialAction\":[{\"@type\":\"ReadAction\",\"target\":[\"https:\/\/strangercam.com\/funyo\/\"]}]},{\"@type\":\"ImageObject\",\"inLanguage\":\"ro-RO\",\"@id\":\"https:\/\/strangercam.com\/funyo\/#primaryimage\",\"url\":\"https:\/\/strangercam.com\/wp-content\/uploads\/2020\/11\/stranger-cam-1.png\",\"contentUrl\":\"https:\/\/strangercam.com\/wp-content\/uploads\/2020\/11\/stranger-cam-1.png\",\"width\":800,\"height\":800,\"caption\":\"stranger cam random video chat\"},{\"@type\":\"BreadcrumbList\",\"@id\":\"https:\/\/strangercam.com\/funyo\/#breadcrumb\",\"itemListElement\":[{\"@type\":\"ListItem\",\"position\":1,\"name\":\"Home\",\"item\":\"https:\/\/strangercam.com\/\"},{\"@type\":\"ListItem\",\"position\":2,\"name\":\"Funyo\"}]},{\"@type\":\"WebSite\",\"@id\":\"https:\/\/strangercam.com\/#website\",\"url\":\"https:\/\/strangercam.com\/\",\"name\":\"Strangercam\",\"description\":\"Random Video Chat with Strangers\",\"publisher\":{\"@id\":\"https:\/\/strangercam.com\/#organization\"},\"alternateName\":\"Strangercam.com\",\"potentialAction\":[{\"@type\":\"SearchAction\",\"target\":{\"@type\":\"EntryPoint\",\"urlTemplate\":\"https:\/\/strangercam.com\/?s={search_term_string}\"},\"query-input\":{\"@type\":\"PropertyValueSpecification\",\"valueRequired\":true,\"valueName\":\"search_term_string\"}}],\"inLanguage\":\"ro-RO\"},{\"@type\":\"Organization\",\"@id\":\"https:\/\/strangercam.com\/#organization\",\"name\":\"Strangercam\",\"alternateName\":\"Strangercam.com\",\"url\":\"https:\/\/strangercam.com\/\",\"logo\":{\"@type\":\"ImageObject\",\"inLanguage\":\"ro-RO\",\"@id\":\"https:\/\/strangercam.com\/#\/schema\/logo\/image\/\",\"url\":\"https:\/\/strangercam.com\/wp-content\/uploads\/2020\/11\/cropped-new-favicon-black.png\",\"contentUrl\":\"https:\/\/strangercam.com\/wp-content\/uploads\/2020\/11\/cropped-new-favicon-black.png\",\"width\":512,\"height\":512,\"caption\":\"Strangercam\"},\"image\":{\"@id\":\"https:\/\/strangercam.com\/#\/schema\/logo\/image\/\"},\"sameAs\":[\"https:\/\/www.facebook.com\/strangercam\",\"https:\/\/x.com\/strangercamapp\"]}]}<\/script>\n<!-- \/ Yoast SEO plugin. -->","yoast_head_json":{"title":"Funyo - Rulet\u0103 de chat anonim\u0103 - Cam pe StrangerCam.com","description":"\u00ce\u021bi place Funyo? Vino s\u0103 vorbe\u0219ti cu mai mult de 5.000.000 de str\u0103ini pe Stranger Cam gratuit! Porne\u0219te-\u021bi camera \u0219i g\u0103se\u0219te prieteni noi \u0219i poate o pereche!","robots":{"index":"index","follow":"follow","max-snippet":"max-snippet:-1","max-image-preview":"max-image-preview:large","max-video-preview":"max-video-preview:-1"},"canonical":"https:\/\/strangercam.com\/ro\/funyo\/","og_locale":"ro_RO","og_type":"article","og_title":"Funyo - Chat Roulette Anonymously - Cam on StrangerCam.com","og_description":"Like Funyo? Come chat with more than 5.000.000 strangers on Stranger Cam for Free! Turn on your cam and find new friends & maby a match!","og_url":"https:\/\/strangercam.com\/ro\/funyo\/","og_site_name":"Strangercam","article_publisher":"https:\/\/www.facebook.com\/strangercam","article_modified_time":"2023-08-21T10:24:41+00:00","og_image":[{"width":800,"height":800,"url":"https:\/\/strangercam.com\/wp-content\/uploads\/2020\/11\/stranger-cam-1.png","type":"image\/png"}],"twitter_card":"summary_large_image","twitter_site":"@strangercamapp","twitter_misc":{"Timp estimat pentru citire":"2 minute"},"schema":{"@context":"https:\/\/schema.org","@graph":[{"@type":"WebPage","@id":"https:\/\/strangercam.com\/funyo\/","url":"https:\/\/strangercam.com\/funyo\/","name":"Funyo - Rulet\u0103 de chat anonim\u0103 - Cam pe StrangerCam.com","isPartOf":{"@id":"https:\/\/strangercam.com\/#website"},"primaryImageOfPage":{"@id":"https:\/\/strangercam.com\/funyo\/#primaryimage"},"image":{"@id":"https:\/\/strangercam.com\/funyo\/#primaryimage"},"thumbnailUrl":"https:\/\/strangercam.com\/wp-content\/uploads\/2020\/11\/stranger-cam-1.png","datePublished":"2022-05-30T12:44:10+00:00","dateModified":"2023-08-21T10:24:41+00:00","description":"\u00ce\u021bi place Funyo? Vino s\u0103 vorbe\u0219ti cu mai mult de 5.000.000 de str\u0103ini pe Stranger Cam gratuit! Porne\u0219te-\u021bi camera \u0219i g\u0103se\u0219te prieteni noi \u0219i poate o pereche!","breadcrumb":{"@id":"https:\/\/strangercam.com\/funyo\/#breadcrumb"},"inLanguage":"ro-RO","potentialAction":[{"@type":"ReadAction","target":["https:\/\/strangercam.com\/funyo\/"]}]},{"@type":"ImageObject","inLanguage":"ro-RO","@id":"https:\/\/strangercam.com\/funyo\/#primaryimage","url":"https:\/\/strangercam.com\/wp-content\/uploads\/2020\/11\/stranger-cam-1.png","contentUrl":"https:\/\/strangercam.com\/wp-content\/uploads\/2020\/11\/stranger-cam-1.png","width":800,"height":800,"caption":"stranger cam random video chat"},{"@type":"BreadcrumbList","@id":"https:\/\/strangercam.com\/funyo\/#breadcrumb","itemListElement":[{"@type":"ListItem","position":1,"name":"Home","item":"https:\/\/strangercam.com\/"},{"@type":"ListItem","position":2,"name":"Funyo"}]},{"@type":"WebSite","@id":"https:\/\/strangercam.com\/#website","url":"https:\/\/strangercam.com\/","name":"Strangercam","description":"Chat video aleatoriu cu str\u0103ini","publisher":{"@id":"https:\/\/strangercam.com\/#organization"},"alternateName":"Strangercam.com","potentialAction":[{"@type":"SearchAction","target":{"@type":"EntryPoint","urlTemplate":"https:\/\/strangercam.com\/?s={search_term_string}"},"query-input":{"@type":"PropertyValueSpecification","valueRequired":true,"valueName":"search_term_string"}}],"inLanguage":"ro-RO"},{"@type":"Organization","@id":"https:\/\/strangercam.com\/#organization","name":"Strangercam","alternateName":"Strangercam.com","url":"https:\/\/strangercam.com\/","logo":{"@type":"ImageObject","inLanguage":"ro-RO","@id":"https:\/\/strangercam.com\/#\/schema\/logo\/image\/","url":"https:\/\/strangercam.com\/wp-content\/uploads\/2020\/11\/cropped-new-favicon-black.png","contentUrl":"https:\/\/strangercam.com\/wp-content\/uploads\/2020\/11\/cropped-new-favicon-black.png","width":512,"height":512,"caption":"Strangercam"},"image":{"@id":"https:\/\/strangercam.com\/#\/schema\/logo\/image\/"},"sameAs":["https:\/\/www.facebook.com\/strangercam","https:\/\/x.com\/strangercamapp"]}]}},"_links":{"self":[{"href":"https:\/\/strangercam.com\/ro\/wp-json\/wp\/v2\/pages\/10182","targetHints":{"allow":["GET"]}}],"collection":[{"href":"https:\/\/strangercam.com\/ro\/wp-json\/wp\/v2\/pages"}],"about":[{"href":"https:\/\/strangercam.com\/ro\/wp-json\/wp\/v2\/types\/page"}],"author":[{"embeddable":true,"href":"https:\/\/strangercam.com\/ro\/wp-json\/wp\/v2\/users\/6"}],"replies":[{"embeddable":true,"href":"https:\/\/strangercam.com\/ro\/wp-json\/wp\/v2\/comments?post=10182"}],"version-history":[{"count":0,"href":"https:\/\/strangercam.com\/ro\/wp-json\/wp\/v2\/pages\/10182\/revisions"}],"wp:featuredmedia":[{"embeddable":true,"href":"https:\/\/strangercam.com\/ro\/wp-json\/wp\/v2\/media\/559"}],"wp:attachment":[{"href":"https:\/\/strangercam.com\/ro\/wp-json\/wp\/v2\/media?parent=10182"}],"curies":[{"name":"wp","href":"https:\/\/api.w.org\/{rel}","templated":true}]}}