{"id":10138,"date":"2022-05-30T14:33:56","date_gmt":"2022-05-30T12:33:56","guid":{"rendered":"https:\/\/strangercam.com\/?page_id=10138"},"modified":"2023-08-21T12:24:42","modified_gmt":"2023-08-21T10:24:42","slug":"omega","status":"publish","type":"page","link":"https:\/\/strangercam.com\/ro\/omega\/","title":{"rendered":"Omega"},"content":{"rendered":"<p>Omega este o versiune nou\u0103 \u0219i \u00eembun\u0103t\u0103\u021bit\u0103 <a href=\"https:\/\/strangercam.com\/ro\/omegle\/\">Omegle<\/a> c\u0103, cum ar fi <a href=\"https:\/\/strangercam.com\/ro\/ometv\/\">OmeTv<\/a>, LivU, DODO, Chamet, HOLLA \u0219i Facha. De asemenea, v\u0103 permite s\u0103 comunica\u021bi \u0219i s\u0103 v\u0103 face\u021bi prieteni noi cu persoane din \u00eentreaga lume \u00een conversa\u021bii vocale, video aleatorii <a href=\"https:\/\/strangercam.com\/ro\/chatroulette\/\">chat<\/a>, \u0219i mesagerie de la persoan\u0103 la persoan\u0103. Omega, noul \u0219i \u00eembun\u0103t\u0103\u021bitul Omegle, v\u0103 va conecta cu un num\u0103r mare de persoane din peste 100 de \u021b\u0103ri cu o singur\u0103 atingere. \u00cent\u00e2lnirile spontane v\u0103 l\u0103rgesc cercul social, \u00een timp ce apelurile video \u0219i conversa\u021biile aleatorii apropie oamenii.<\/p>\n<p>Sistemul automatizat de protec\u021bie AI al Omega va securiza toate conversa\u021biile dvs. video live \u0219i sesiunile de chat live, asigur\u00e2ndu-se c\u0103 nu ve\u021bi \u00eent\u00e2lni nicio \u00eenc\u0103lcare sau niciun comportament inacceptabil.<\/p>\n<h3>Principalele caracteristici ale Omega's Best Dating Platform<\/h3>\n<p>Urm\u0103toarele sunt c\u00e2teva dintre caracteristicile de top ale celor mai bune platforme de dating Omega:<\/p>\n<ul>\n<li>Live Talk \u0219i Live Video Chat. Platforma v\u0103 permite s\u0103 comunica\u021bi cu orice persoan\u0103 online.<\/li>\n<li>DM-uri. De asemenea, pute\u021bi discuta direct cu prietenii dvs. online pe platforma Omega.<\/li>\n<li>Filtru de regiune \u0219i gen. Dac\u0103 dori\u021bi s\u0103 interac\u021biona\u021bi \u0219i <a href=\"https:\/\/strangercam.com\/ro\/coomeet\/\">\u00eent\u00e2lnire<\/a> persoane specifice, filtrul v\u0103 poate ajuta s\u0103 accesa\u021bi persoanele potrivite pentru dvs.<\/li>\n<li>Cadouri. Dac\u0103 dori\u021bi s\u0103 v\u0103 ar\u0103ta\u021bi afec\u021biunea sincer\u0103 pentru o alt\u0103 persoan\u0103, \u00eei pute\u021bi oferi un cadou online.<\/li>\n<\/ul>\n<h3>De ce ar trebui s\u0103 utiliza\u021bi platforma Omega pentru scopuri de dating?<\/h3>\n<p>Urm\u0103toarele sunt c\u00e2teva dintre motivele principale care ne diferen\u021biaz\u0103 de alte aplica\u021bii online existente:<\/p>\n<ul>\n<li>Face\u021bi cuno\u0219tin\u021b\u0103 cu oameni noi din \u00eentreaga lume \u00eentr-un video chat randomizat \u00een timp real!<\/li>\n<li>Pentru persoanele c\u0103rora le place s\u0103 fac\u0103 noi cuno\u0219tin\u021be cu str\u0103inii, construim o comunitate online pl\u0103cut\u0103, sigur\u0103 \u0219i s\u0103n\u0103toas\u0103.<\/li>\n<li>\u00cen grupul Omega - nou \u0219i \u00eembun\u0103t\u0103\u021bit Omegle, pute\u021bi face FaceTime cu persoane complet str\u0103ine din \u00eentreaga lume, cu mai multe persoane diferite \u0219i interesante, fiecare av\u00e2nd propriile pove\u0219ti \u0219i experien\u021be magnifice de spus.<\/li>\n<li>Fiecare videoconferin\u021b\u0103 aleatorie personalizat\u0103 este valoroas\u0103 \u0219i pre\u021bioas\u0103, cu posibilitatea de a forma o nou\u0103 leg\u0103tur\u0103 pentru toat\u0103 via\u021ba.<\/li>\n<li>De asemenea, v\u0103 pute\u021bi reconecta cu vechii prieteni prin mesaje personale \u0219i videoconferin\u021be online aleatorii.<\/li>\n<li>Potrivi\u021bi-v\u0103 la \u00eent\u00e2mplare pentru a stabili noi contacte prin discu\u021bii live, pentru a \u00eenv\u0103\u021ba despre culturi diferite \u0219i pentru a v\u0103 l\u0103rgi orizonturile.<\/li>\n<li>Asisten\u021ba pentru clien\u021bi a platformei este, de asemenea, destul de receptiv\u0103. Ei r\u0103spund la fiecare pl\u00e2ngere \u00een c\u00e2teva minute. Echipa se asigur\u0103 c\u0103 ave\u021bi o experien\u021b\u0103 excelent\u0103 pe platform\u0103, f\u0103r\u0103 nici o ezitare sau team\u0103. Sper\u0103m sincer s\u0103 v\u0103 bucura\u021bi de utilizarea Omega, cel mai mare <a href=\"https:\/\/strangercam.com\/ro\/chathub\/\">chat video aleatoriu<\/a> \u0219i instrument de chat live disponibil!<\/li>\n<\/ul>\n<h3>Concluzie<\/h3>\n<p>Omega este o platform\u0103 pl\u0103cut\u0103 care v\u0103 ajut\u0103 s\u0103 comunica\u021bi cu persoana potrivit\u0103 \u0219i s\u0103 g\u0103si\u021bi un suflet pereche care v\u0103 face s\u0103 v\u0103 sim\u021bi\u021bi exalta\u021bi \u0219i importan\u021bi \u00een \u00eentreaga lume.<\/p>","protected":false},"excerpt":{"rendered":"<p>Omega is a new and improved Omegle that, like OmeTv, LivU, DODO, Chamet, HOLLA, and Facha. It also enables you to communicate and make some new friends with individuals all over the world in voice conversations, random video chat, and messaging in person to person. Omega, the new and improved Omegle, will link you with [&hellip;]<\/p>\n","protected":false},"author":6,"featured_media":559,"parent":0,"menu_order":0,"comment_status":"closed","ping_status":"closed","template":"","meta":{"footnotes":""},"class_list":["post-10138","page","type-page","status-publish","has-post-thumbnail","hentry"],"yoast_head":"<!-- This site is optimized with the Yoast SEO plugin v26.9 - https:\/\/yoast.com\/product\/yoast-seo-wordpress\/ -->\n<title>Omega - Chat Roulette Anonymously - Cam on StrangerCam.com<\/title>\n<meta name=\"description\" content=\"Like Omega? Come chat with more than 5.000.000 strangers on Stranger Cam for Free! Turn on your cam and find new friends &amp; maby a match!\" \/>\n<meta name=\"robots\" content=\"index, follow, max-snippet:-1, max-image-preview:large, max-video-preview:-1\" \/>\n<link rel=\"canonical\" href=\"https:\/\/strangercam.com\/ro\/omega\/\" \/>\n<meta property=\"og:locale\" content=\"ro_RO\" \/>\n<meta property=\"og:type\" content=\"article\" \/>\n<meta property=\"og:title\" content=\"Omega - Chat Roulette Anonymously - Cam on StrangerCam.com\" \/>\n<meta property=\"og:description\" content=\"Like Omega? Come chat with more than 5.000.000 strangers on Stranger Cam for Free! Turn on your cam and find new friends &amp; maby a match!\" \/>\n<meta property=\"og:url\" content=\"https:\/\/strangercam.com\/ro\/omega\/\" \/>\n<meta property=\"og:site_name\" content=\"Strangercam\" \/>\n<meta property=\"article:publisher\" content=\"https:\/\/www.facebook.com\/strangercam\" \/>\n<meta property=\"article:modified_time\" content=\"2023-08-21T10:24:42+00:00\" \/>\n<meta property=\"og:image\" content=\"https:\/\/strangercam.com\/wp-content\/uploads\/2020\/11\/stranger-cam-1.png\" \/>\n\t<meta property=\"og:image:width\" content=\"800\" \/>\n\t<meta property=\"og:image:height\" content=\"800\" \/>\n\t<meta property=\"og:image:type\" content=\"image\/png\" \/>\n<meta name=\"twitter:card\" content=\"summary_large_image\" \/>\n<meta name=\"twitter:site\" content=\"@strangercamapp\" \/>\n<meta name=\"twitter:label1\" content=\"Timp estimat pentru citire\" \/>\n\t<meta name=\"twitter:data1\" content=\"2 minute\" \/>\n<script type=\"application\/ld+json\" class=\"yoast-schema-graph\">{\"@context\":\"https:\/\/schema.org\",\"@graph\":[{\"@type\":\"WebPage\",\"@id\":\"https:\/\/strangercam.com\/omega\/\",\"url\":\"https:\/\/strangercam.com\/omega\/\",\"name\":\"Omega - Chat Roulette Anonymously - Cam on StrangerCam.com\",\"isPartOf\":{\"@id\":\"https:\/\/strangercam.com\/#website\"},\"primaryImageOfPage\":{\"@id\":\"https:\/\/strangercam.com\/omega\/#primaryimage\"},\"image\":{\"@id\":\"https:\/\/strangercam.com\/omega\/#primaryimage\"},\"thumbnailUrl\":\"https:\/\/strangercam.com\/wp-content\/uploads\/2020\/11\/stranger-cam-1.png\",\"datePublished\":\"2022-05-30T12:33:56+00:00\",\"dateModified\":\"2023-08-21T10:24:42+00:00\",\"description\":\"Like Omega? Come chat with more than 5.000.000 strangers on Stranger Cam for Free! Turn on your cam and find new friends & maby a match!\",\"breadcrumb\":{\"@id\":\"https:\/\/strangercam.com\/omega\/#breadcrumb\"},\"inLanguage\":\"ro-RO\",\"potentialAction\":[{\"@type\":\"ReadAction\",\"target\":[\"https:\/\/strangercam.com\/omega\/\"]}]},{\"@type\":\"ImageObject\",\"inLanguage\":\"ro-RO\",\"@id\":\"https:\/\/strangercam.com\/omega\/#primaryimage\",\"url\":\"https:\/\/strangercam.com\/wp-content\/uploads\/2020\/11\/stranger-cam-1.png\",\"contentUrl\":\"https:\/\/strangercam.com\/wp-content\/uploads\/2020\/11\/stranger-cam-1.png\",\"width\":800,\"height\":800,\"caption\":\"stranger cam random video chat\"},{\"@type\":\"BreadcrumbList\",\"@id\":\"https:\/\/strangercam.com\/omega\/#breadcrumb\",\"itemListElement\":[{\"@type\":\"ListItem\",\"position\":1,\"name\":\"Home\",\"item\":\"https:\/\/strangercam.com\/\"},{\"@type\":\"ListItem\",\"position\":2,\"name\":\"Omega\"}]},{\"@type\":\"WebSite\",\"@id\":\"https:\/\/strangercam.com\/#website\",\"url\":\"https:\/\/strangercam.com\/\",\"name\":\"Strangercam\",\"description\":\"Random Video Chat with Strangers\",\"publisher\":{\"@id\":\"https:\/\/strangercam.com\/#organization\"},\"alternateName\":\"Strangercam.com\",\"potentialAction\":[{\"@type\":\"SearchAction\",\"target\":{\"@type\":\"EntryPoint\",\"urlTemplate\":\"https:\/\/strangercam.com\/?s={search_term_string}\"},\"query-input\":{\"@type\":\"PropertyValueSpecification\",\"valueRequired\":true,\"valueName\":\"search_term_string\"}}],\"inLanguage\":\"ro-RO\"},{\"@type\":\"Organization\",\"@id\":\"https:\/\/strangercam.com\/#organization\",\"name\":\"Strangercam\",\"alternateName\":\"Strangercam.com\",\"url\":\"https:\/\/strangercam.com\/\",\"logo\":{\"@type\":\"ImageObject\",\"inLanguage\":\"ro-RO\",\"@id\":\"https:\/\/strangercam.com\/#\/schema\/logo\/image\/\",\"url\":\"https:\/\/strangercam.com\/wp-content\/uploads\/2020\/11\/cropped-new-favicon-black.png\",\"contentUrl\":\"https:\/\/strangercam.com\/wp-content\/uploads\/2020\/11\/cropped-new-favicon-black.png\",\"width\":512,\"height\":512,\"caption\":\"Strangercam\"},\"image\":{\"@id\":\"https:\/\/strangercam.com\/#\/schema\/logo\/image\/\"},\"sameAs\":[\"https:\/\/www.facebook.com\/strangercam\",\"https:\/\/x.com\/strangercamapp\"]}]}<\/script>\n<!-- \/ Yoast SEO plugin. -->","yoast_head_json":{"title":"Omega - Rulet\u0103 de chat anonim\u0103 - Cam pe StrangerCam.com","description":"\u00ce\u021bi place Omega? Vino s\u0103 vorbe\u0219ti cu mai mult de 5.000.000 de str\u0103ini pe Stranger Cam gratuit! Porne\u0219te-\u021bi camera \u0219i g\u0103se\u0219te prieteni noi \u0219i poate o pereche!","robots":{"index":"index","follow":"follow","max-snippet":"max-snippet:-1","max-image-preview":"max-image-preview:large","max-video-preview":"max-video-preview:-1"},"canonical":"https:\/\/strangercam.com\/ro\/omega\/","og_locale":"ro_RO","og_type":"article","og_title":"Omega - Chat Roulette Anonymously - Cam on StrangerCam.com","og_description":"Like Omega? Come chat with more than 5.000.000 strangers on Stranger Cam for Free! Turn on your cam and find new friends & maby a match!","og_url":"https:\/\/strangercam.com\/ro\/omega\/","og_site_name":"Strangercam","article_publisher":"https:\/\/www.facebook.com\/strangercam","article_modified_time":"2023-08-21T10:24:42+00:00","og_image":[{"width":800,"height":800,"url":"https:\/\/strangercam.com\/wp-content\/uploads\/2020\/11\/stranger-cam-1.png","type":"image\/png"}],"twitter_card":"summary_large_image","twitter_site":"@strangercamapp","twitter_misc":{"Timp estimat pentru citire":"2 minute"},"schema":{"@context":"https:\/\/schema.org","@graph":[{"@type":"WebPage","@id":"https:\/\/strangercam.com\/omega\/","url":"https:\/\/strangercam.com\/omega\/","name":"Omega - Rulet\u0103 de chat anonim\u0103 - Cam pe StrangerCam.com","isPartOf":{"@id":"https:\/\/strangercam.com\/#website"},"primaryImageOfPage":{"@id":"https:\/\/strangercam.com\/omega\/#primaryimage"},"image":{"@id":"https:\/\/strangercam.com\/omega\/#primaryimage"},"thumbnailUrl":"https:\/\/strangercam.com\/wp-content\/uploads\/2020\/11\/stranger-cam-1.png","datePublished":"2022-05-30T12:33:56+00:00","dateModified":"2023-08-21T10:24:42+00:00","description":"\u00ce\u021bi place Omega? Vino s\u0103 vorbe\u0219ti cu mai mult de 5.000.000 de str\u0103ini pe Stranger Cam gratuit! Porne\u0219te-\u021bi camera \u0219i g\u0103se\u0219te prieteni noi \u0219i poate o pereche!","breadcrumb":{"@id":"https:\/\/strangercam.com\/omega\/#breadcrumb"},"inLanguage":"ro-RO","potentialAction":[{"@type":"ReadAction","target":["https:\/\/strangercam.com\/omega\/"]}]},{"@type":"ImageObject","inLanguage":"ro-RO","@id":"https:\/\/strangercam.com\/omega\/#primaryimage","url":"https:\/\/strangercam.com\/wp-content\/uploads\/2020\/11\/stranger-cam-1.png","contentUrl":"https:\/\/strangercam.com\/wp-content\/uploads\/2020\/11\/stranger-cam-1.png","width":800,"height":800,"caption":"stranger cam random video chat"},{"@type":"BreadcrumbList","@id":"https:\/\/strangercam.com\/omega\/#breadcrumb","itemListElement":[{"@type":"ListItem","position":1,"name":"Home","item":"https:\/\/strangercam.com\/"},{"@type":"ListItem","position":2,"name":"Omega"}]},{"@type":"WebSite","@id":"https:\/\/strangercam.com\/#website","url":"https:\/\/strangercam.com\/","name":"Strangercam","description":"Chat video aleatoriu cu str\u0103ini","publisher":{"@id":"https:\/\/strangercam.com\/#organization"},"alternateName":"Strangercam.com","potentialAction":[{"@type":"SearchAction","target":{"@type":"EntryPoint","urlTemplate":"https:\/\/strangercam.com\/?s={search_term_string}"},"query-input":{"@type":"PropertyValueSpecification","valueRequired":true,"valueName":"search_term_string"}}],"inLanguage":"ro-RO"},{"@type":"Organization","@id":"https:\/\/strangercam.com\/#organization","name":"Strangercam","alternateName":"Strangercam.com","url":"https:\/\/strangercam.com\/","logo":{"@type":"ImageObject","inLanguage":"ro-RO","@id":"https:\/\/strangercam.com\/#\/schema\/logo\/image\/","url":"https:\/\/strangercam.com\/wp-content\/uploads\/2020\/11\/cropped-new-favicon-black.png","contentUrl":"https:\/\/strangercam.com\/wp-content\/uploads\/2020\/11\/cropped-new-favicon-black.png","width":512,"height":512,"caption":"Strangercam"},"image":{"@id":"https:\/\/strangercam.com\/#\/schema\/logo\/image\/"},"sameAs":["https:\/\/www.facebook.com\/strangercam","https:\/\/x.com\/strangercamapp"]}]}},"_links":{"self":[{"href":"https:\/\/strangercam.com\/ro\/wp-json\/wp\/v2\/pages\/10138","targetHints":{"allow":["GET"]}}],"collection":[{"href":"https:\/\/strangercam.com\/ro\/wp-json\/wp\/v2\/pages"}],"about":[{"href":"https:\/\/strangercam.com\/ro\/wp-json\/wp\/v2\/types\/page"}],"author":[{"embeddable":true,"href":"https:\/\/strangercam.com\/ro\/wp-json\/wp\/v2\/users\/6"}],"replies":[{"embeddable":true,"href":"https:\/\/strangercam.com\/ro\/wp-json\/wp\/v2\/comments?post=10138"}],"version-history":[{"count":0,"href":"https:\/\/strangercam.com\/ro\/wp-json\/wp\/v2\/pages\/10138\/revisions"}],"wp:featuredmedia":[{"embeddable":true,"href":"https:\/\/strangercam.com\/ro\/wp-json\/wp\/v2\/media\/559"}],"wp:attachment":[{"href":"https:\/\/strangercam.com\/ro\/wp-json\/wp\/v2\/media?parent=10138"}],"curies":[{"name":"wp","href":"https:\/\/api.w.org\/{rel}","templated":true}]}}