{"id":10116,"date":"2022-05-30T14:29:33","date_gmt":"2022-05-30T12:29:33","guid":{"rendered":"https:\/\/strangercam.com\/?page_id=10116"},"modified":"2023-08-21T12:39:40","modified_gmt":"2023-08-21T10:39:40","slug":"stickam","status":"publish","type":"page","link":"https:\/\/strangercam.com\/ro\/stickam\/","title":{"rendered":"Stickam"},"content":{"rendered":"<p>Stickam a fost \u00eenfiin\u021bat \u00een 2005 ca un site de partajare video live-streaming. Stickam a permis utilizatorilor s\u0103 \u00eencarce fotografii, audio, <a href=\"https:\/\/strangercam.com\/ro\/rabbit-video-chat\/\">video<\/a>, \u0219i, cel mai important, <a href=\"https:\/\/strangercam.com\/ro\/mili\/\">\u00een direct<\/a> conferin\u021be video \u00een flux. Site-ul a crescut rapid pentru a \u00eencorpora emisiuni live \u0219i con\u021binut creat de MTV, G4 TV, CBS Radio, NATPE, CES \u0219i o varietate de alte puncte de v\u00e2nzare, precum \u0219i concerte live \u0219i spectacole ale unei variet\u0103\u021bi de trupe \u0219i celebrit\u0103\u021bi.<\/p>\n<p>Stickam permite persoanelor fizice s\u0103 \u00ee\u0219i integreze fluxurile camerei de streaming \u00een alte site-uri prin intermediul unui player Flash, \u00een plus fa\u021b\u0103 de difuzarea video \u00een direct. Capacitatea de a \u201clipi\u201d o transmisiune webcam pe un alt site a fost denumit\u0103 \u201cStickam\u201d.\u201d<\/p>\n<h2>Cum func\u021bioneaz\u0103 Stickam?<\/h2>\n<p>Utilizatorul poate utiliza Live <a href=\"https:\/\/strangercam.com\/ro\/chatroulette\/\">Chat<\/a> pentru a difuza fluxul camerei lor webcams pe internet. Utilizatorul avea control asupra persoanelor care puteau vedea transmisia \u00een direct. Existau \u0219apte pozi\u021bii ale camerei \u00een camera de streaming real. Cea mai mare <a href=\"https:\/\/strangercam.com\/ro\/1v1-chat\/\">una<\/a> a fost pentru creatorul chat-ului. Cele \u0219ase locuri r\u0103mase erau rezervate pentru ca alte \u0219ase persoane s\u0103 \u00ee\u0219i transmit\u0103 \u00een direct imaginile prin webcam. Utilizatorii puteau, de asemenea, s\u0103 foloseasc\u0103 chat-ul live pentru a comunica printr-o caset\u0103 de chat identic\u0103 cu cea pe care o puteau g\u0103si pe un site de chat conven\u021bional. Persoanele turbulente sau amenin\u021b\u0103toare pot fi \u201clovite\u201d sau interzise de c\u0103tre utilizatorul principal. Utilizatorul principal putea, de asemenea, s\u0103 numeasc\u0103 moderatori, care erau persoane de \u00eencredere care puteau elimina utilizatori \u00een cazul \u00een care utilizatorul principal nu era \u00een m\u0103sur\u0103 s\u0103 fac\u0103 acest lucru.<\/p>\n<h2>Principalele caracteristici ale site-ului<\/h2>\n<p>Urm\u0103toarele sunt c\u00e2teva dintre caracteristicile principale ale platformei Stickam:<\/p>\n<h3>Activeaz\u0103-\u021bi contul<\/h3>\n<p>\u00cen c\u00e2teva minute, oricine ar putea \u201cintra \u00een direct\u201d pe Stickam \u0219i s\u0103 transmit\u0103 fluxuri video de pe computere, iPhone sau iPad. Stickam ar putea fi, de asemenea, utilizat pentru a transmite fluxuri HD \u0219i comerciale prin conectarea HD \u0219i a altor <a href=\"https:\/\/strangercam.com\/ro\/camzey\/\">came<\/a>, procesoare \u0219i intr\u0103ri audio.<\/p>\n<h3>Conecta\u021bi-v\u0103 la re\u021belele sociale<\/h3>\n<p>Stickam a debutat cu sistemul s\u0103u de conectare social\u0103 la VidCon 2012, unde compania a colaborat cu Maker Studios pentru a transmite evenimentul \u00een direct. Radiodifuzorii de pe Stickam pot utiliza Linkedin, Facebook, Instagram, Tumblr, Google, Myspace sau Gmail pentru a permite prietenilor \u0219i fanilor lor s\u0103 intre \u00een forumurile lor de discu\u021bii. Radiodifuzorii pot limita \u0219i mai mult num\u0103rul de persoane din camerele lor.<\/p>\n<h3>Program pentru VIP-uri<\/h3>\n<p>Stickam a avut un astfel de program VIP pentru utilizatori \u00eencep\u00e2nd cu august 2012. Cei care s-au al\u0103turat programului VIP au primit acces f\u0103r\u0103 reclame, un loc \u00een fila \"Who's live\", 25 de monede de pe pia\u021ba remixurilor \u0219i o insign\u0103 Premium pe fotografia de profil.<\/p>\n<h3>API pentru streaming<\/h3>\n<p>\u00cen 2008, compania a oferit \u0219i StreamAPI (anterior Stickam API), o solu\u021bie cu etichet\u0103 alb\u0103. StreamAPI a fost o companie cu etichet\u0103 alb\u0103 care a permis clien\u021bilor s\u0103 integreze transmisia \u00een direct \u00een aplica\u021bia sau site-ul lor web f\u0103r\u0103 a necesita cuno\u0219tin\u021be de programare.<\/p>\n<h2>Concluzie<\/h2>\n<p>Stickam este o platform\u0103 fiabil\u0103 \u0219i de \u00eenalt\u0103 calitate pentru a-\u021bi face prieteni online.<\/p>","protected":false},"excerpt":{"rendered":"<p>Stickam was established in 2005 as a live-streaming video-sharing site. Stickam allowed users to upload photos, audio, video, and, most importantly, live stream video conferencing. The website quickly grew to incorporate live shows and created content from MTV, G4 TV, CBS Radio, NATPE, CES, and a variety of other outlets, as well as live concerts [&hellip;]<\/p>\n","protected":false},"author":6,"featured_media":559,"parent":0,"menu_order":0,"comment_status":"closed","ping_status":"closed","template":"","meta":{"footnotes":""},"class_list":["post-10116","page","type-page","status-publish","has-post-thumbnail","hentry"],"yoast_head":"<!-- This site is optimized with the Yoast SEO plugin v26.9 - https:\/\/yoast.com\/product\/yoast-seo-wordpress\/ -->\n<title>Stickam - Chat Roulette Anonymously - Cam on StrangerCam.com<\/title>\n<meta name=\"description\" content=\"Like Stickam? Come chat with more than 5.000.000 strangers on Stranger Cam for Free! Turn on your cam and find new friends &amp; maby a match!\" \/>\n<meta name=\"robots\" content=\"index, follow, max-snippet:-1, max-image-preview:large, max-video-preview:-1\" \/>\n<link rel=\"canonical\" href=\"https:\/\/strangercam.com\/ro\/stickam\/\" \/>\n<meta property=\"og:locale\" content=\"ro_RO\" \/>\n<meta property=\"og:type\" content=\"article\" \/>\n<meta property=\"og:title\" content=\"Stickam - Chat Roulette Anonymously - Cam on StrangerCam.com\" \/>\n<meta property=\"og:description\" content=\"Like Stickam? Come chat with more than 5.000.000 strangers on Stranger Cam for Free! Turn on your cam and find new friends &amp; maby a match!\" \/>\n<meta property=\"og:url\" content=\"https:\/\/strangercam.com\/ro\/stickam\/\" \/>\n<meta property=\"og:site_name\" content=\"Strangercam\" \/>\n<meta property=\"article:publisher\" content=\"https:\/\/www.facebook.com\/strangercam\" \/>\n<meta property=\"article:modified_time\" content=\"2023-08-21T10:39:40+00:00\" \/>\n<meta property=\"og:image\" content=\"https:\/\/strangercam.com\/wp-content\/uploads\/2020\/11\/stranger-cam-1.png\" \/>\n\t<meta property=\"og:image:width\" content=\"800\" \/>\n\t<meta property=\"og:image:height\" content=\"800\" \/>\n\t<meta property=\"og:image:type\" content=\"image\/png\" \/>\n<meta name=\"twitter:card\" content=\"summary_large_image\" \/>\n<meta name=\"twitter:site\" content=\"@strangercamapp\" \/>\n<meta name=\"twitter:label1\" content=\"Timp estimat pentru citire\" \/>\n\t<meta name=\"twitter:data1\" content=\"2 minute\" \/>\n<script type=\"application\/ld+json\" class=\"yoast-schema-graph\">{\"@context\":\"https:\/\/schema.org\",\"@graph\":[{\"@type\":\"WebPage\",\"@id\":\"https:\/\/strangercam.com\/stickam\/\",\"url\":\"https:\/\/strangercam.com\/stickam\/\",\"name\":\"Stickam - Chat Roulette Anonymously - Cam on StrangerCam.com\",\"isPartOf\":{\"@id\":\"https:\/\/strangercam.com\/#website\"},\"primaryImageOfPage\":{\"@id\":\"https:\/\/strangercam.com\/stickam\/#primaryimage\"},\"image\":{\"@id\":\"https:\/\/strangercam.com\/stickam\/#primaryimage\"},\"thumbnailUrl\":\"https:\/\/strangercam.com\/wp-content\/uploads\/2020\/11\/stranger-cam-1.png\",\"datePublished\":\"2022-05-30T12:29:33+00:00\",\"dateModified\":\"2023-08-21T10:39:40+00:00\",\"description\":\"Like Stickam? Come chat with more than 5.000.000 strangers on Stranger Cam for Free! Turn on your cam and find new friends & maby a match!\",\"breadcrumb\":{\"@id\":\"https:\/\/strangercam.com\/stickam\/#breadcrumb\"},\"inLanguage\":\"ro-RO\",\"potentialAction\":[{\"@type\":\"ReadAction\",\"target\":[\"https:\/\/strangercam.com\/stickam\/\"]}]},{\"@type\":\"ImageObject\",\"inLanguage\":\"ro-RO\",\"@id\":\"https:\/\/strangercam.com\/stickam\/#primaryimage\",\"url\":\"https:\/\/strangercam.com\/wp-content\/uploads\/2020\/11\/stranger-cam-1.png\",\"contentUrl\":\"https:\/\/strangercam.com\/wp-content\/uploads\/2020\/11\/stranger-cam-1.png\",\"width\":800,\"height\":800,\"caption\":\"stranger cam random video chat\"},{\"@type\":\"BreadcrumbList\",\"@id\":\"https:\/\/strangercam.com\/stickam\/#breadcrumb\",\"itemListElement\":[{\"@type\":\"ListItem\",\"position\":1,\"name\":\"Home\",\"item\":\"https:\/\/strangercam.com\/\"},{\"@type\":\"ListItem\",\"position\":2,\"name\":\"Stickam\"}]},{\"@type\":\"WebSite\",\"@id\":\"https:\/\/strangercam.com\/#website\",\"url\":\"https:\/\/strangercam.com\/\",\"name\":\"Strangercam\",\"description\":\"Random Video Chat with Strangers\",\"publisher\":{\"@id\":\"https:\/\/strangercam.com\/#organization\"},\"alternateName\":\"Strangercam.com\",\"potentialAction\":[{\"@type\":\"SearchAction\",\"target\":{\"@type\":\"EntryPoint\",\"urlTemplate\":\"https:\/\/strangercam.com\/?s={search_term_string}\"},\"query-input\":{\"@type\":\"PropertyValueSpecification\",\"valueRequired\":true,\"valueName\":\"search_term_string\"}}],\"inLanguage\":\"ro-RO\"},{\"@type\":\"Organization\",\"@id\":\"https:\/\/strangercam.com\/#organization\",\"name\":\"Strangercam\",\"alternateName\":\"Strangercam.com\",\"url\":\"https:\/\/strangercam.com\/\",\"logo\":{\"@type\":\"ImageObject\",\"inLanguage\":\"ro-RO\",\"@id\":\"https:\/\/strangercam.com\/#\/schema\/logo\/image\/\",\"url\":\"https:\/\/strangercam.com\/wp-content\/uploads\/2020\/11\/cropped-new-favicon-black.png\",\"contentUrl\":\"https:\/\/strangercam.com\/wp-content\/uploads\/2020\/11\/cropped-new-favicon-black.png\",\"width\":512,\"height\":512,\"caption\":\"Strangercam\"},\"image\":{\"@id\":\"https:\/\/strangercam.com\/#\/schema\/logo\/image\/\"},\"sameAs\":[\"https:\/\/www.facebook.com\/strangercam\",\"https:\/\/x.com\/strangercamapp\"]}]}<\/script>\n<!-- \/ Yoast SEO plugin. -->","yoast_head_json":{"title":"Stickam - Rulet\u0103 de chat anonim\u0103 - Cam pe StrangerCam.com","description":"\u00ce\u021bi place Stickam? Vino s\u0103 vorbe\u0219ti cu mai mult de 5.000.000 de str\u0103ini pe Stranger Cam gratuit! Porne\u0219te-\u021bi camera \u0219i g\u0103se\u0219te prieteni noi \u0219i poate o pereche!","robots":{"index":"index","follow":"follow","max-snippet":"max-snippet:-1","max-image-preview":"max-image-preview:large","max-video-preview":"max-video-preview:-1"},"canonical":"https:\/\/strangercam.com\/ro\/stickam\/","og_locale":"ro_RO","og_type":"article","og_title":"Stickam - Chat Roulette Anonymously - Cam on StrangerCam.com","og_description":"Like Stickam? Come chat with more than 5.000.000 strangers on Stranger Cam for Free! Turn on your cam and find new friends & maby a match!","og_url":"https:\/\/strangercam.com\/ro\/stickam\/","og_site_name":"Strangercam","article_publisher":"https:\/\/www.facebook.com\/strangercam","article_modified_time":"2023-08-21T10:39:40+00:00","og_image":[{"width":800,"height":800,"url":"https:\/\/strangercam.com\/wp-content\/uploads\/2020\/11\/stranger-cam-1.png","type":"image\/png"}],"twitter_card":"summary_large_image","twitter_site":"@strangercamapp","twitter_misc":{"Timp estimat pentru citire":"2 minute"},"schema":{"@context":"https:\/\/schema.org","@graph":[{"@type":"WebPage","@id":"https:\/\/strangercam.com\/stickam\/","url":"https:\/\/strangercam.com\/stickam\/","name":"Stickam - Rulet\u0103 de chat anonim\u0103 - Cam pe StrangerCam.com","isPartOf":{"@id":"https:\/\/strangercam.com\/#website"},"primaryImageOfPage":{"@id":"https:\/\/strangercam.com\/stickam\/#primaryimage"},"image":{"@id":"https:\/\/strangercam.com\/stickam\/#primaryimage"},"thumbnailUrl":"https:\/\/strangercam.com\/wp-content\/uploads\/2020\/11\/stranger-cam-1.png","datePublished":"2022-05-30T12:29:33+00:00","dateModified":"2023-08-21T10:39:40+00:00","description":"\u00ce\u021bi place Stickam? Vino s\u0103 vorbe\u0219ti cu mai mult de 5.000.000 de str\u0103ini pe Stranger Cam gratuit! Porne\u0219te-\u021bi camera \u0219i g\u0103se\u0219te prieteni noi \u0219i poate o pereche!","breadcrumb":{"@id":"https:\/\/strangercam.com\/stickam\/#breadcrumb"},"inLanguage":"ro-RO","potentialAction":[{"@type":"ReadAction","target":["https:\/\/strangercam.com\/stickam\/"]}]},{"@type":"ImageObject","inLanguage":"ro-RO","@id":"https:\/\/strangercam.com\/stickam\/#primaryimage","url":"https:\/\/strangercam.com\/wp-content\/uploads\/2020\/11\/stranger-cam-1.png","contentUrl":"https:\/\/strangercam.com\/wp-content\/uploads\/2020\/11\/stranger-cam-1.png","width":800,"height":800,"caption":"stranger cam random video chat"},{"@type":"BreadcrumbList","@id":"https:\/\/strangercam.com\/stickam\/#breadcrumb","itemListElement":[{"@type":"ListItem","position":1,"name":"Home","item":"https:\/\/strangercam.com\/"},{"@type":"ListItem","position":2,"name":"Stickam"}]},{"@type":"WebSite","@id":"https:\/\/strangercam.com\/#website","url":"https:\/\/strangercam.com\/","name":"Strangercam","description":"Chat video aleatoriu cu str\u0103ini","publisher":{"@id":"https:\/\/strangercam.com\/#organization"},"alternateName":"Strangercam.com","potentialAction":[{"@type":"SearchAction","target":{"@type":"EntryPoint","urlTemplate":"https:\/\/strangercam.com\/?s={search_term_string}"},"query-input":{"@type":"PropertyValueSpecification","valueRequired":true,"valueName":"search_term_string"}}],"inLanguage":"ro-RO"},{"@type":"Organization","@id":"https:\/\/strangercam.com\/#organization","name":"Strangercam","alternateName":"Strangercam.com","url":"https:\/\/strangercam.com\/","logo":{"@type":"ImageObject","inLanguage":"ro-RO","@id":"https:\/\/strangercam.com\/#\/schema\/logo\/image\/","url":"https:\/\/strangercam.com\/wp-content\/uploads\/2020\/11\/cropped-new-favicon-black.png","contentUrl":"https:\/\/strangercam.com\/wp-content\/uploads\/2020\/11\/cropped-new-favicon-black.png","width":512,"height":512,"caption":"Strangercam"},"image":{"@id":"https:\/\/strangercam.com\/#\/schema\/logo\/image\/"},"sameAs":["https:\/\/www.facebook.com\/strangercam","https:\/\/x.com\/strangercamapp"]}]}},"_links":{"self":[{"href":"https:\/\/strangercam.com\/ro\/wp-json\/wp\/v2\/pages\/10116","targetHints":{"allow":["GET"]}}],"collection":[{"href":"https:\/\/strangercam.com\/ro\/wp-json\/wp\/v2\/pages"}],"about":[{"href":"https:\/\/strangercam.com\/ro\/wp-json\/wp\/v2\/types\/page"}],"author":[{"embeddable":true,"href":"https:\/\/strangercam.com\/ro\/wp-json\/wp\/v2\/users\/6"}],"replies":[{"embeddable":true,"href":"https:\/\/strangercam.com\/ro\/wp-json\/wp\/v2\/comments?post=10116"}],"version-history":[{"count":0,"href":"https:\/\/strangercam.com\/ro\/wp-json\/wp\/v2\/pages\/10116\/revisions"}],"wp:featuredmedia":[{"embeddable":true,"href":"https:\/\/strangercam.com\/ro\/wp-json\/wp\/v2\/media\/559"}],"wp:attachment":[{"href":"https:\/\/strangercam.com\/ro\/wp-json\/wp\/v2\/media?parent=10116"}],"curies":[{"name":"wp","href":"https:\/\/api.w.org\/{rel}","templated":true}]}}