{"id":10096,"date":"2022-05-30T14:20:25","date_gmt":"2022-05-30T12:20:25","guid":{"rendered":"https:\/\/strangercam.com\/?page_id=10096"},"modified":"2023-08-21T12:42:59","modified_gmt":"2023-08-21T10:42:59","slug":"tandoo","status":"publish","type":"page","link":"https:\/\/strangercam.com\/ro\/tandoo\/","title":{"rendered":"Tandoo"},"content":{"rendered":"<p>Tandoo este un <a href=\"https:\/\/strangercam.com\/ro\/chat4free\/\">liber<\/a> cooperativ\u0103 online <a href=\"https:\/\/strangercam.com\/ro\/mili\/\">\u00een direct<\/a> video <a href=\"https:\/\/strangercam.com\/ro\/chatroulette\/\">chat<\/a> aplica\u021bie care v\u0103 permite s\u0103 <a href=\"https:\/\/strangercam.com\/ro\/coomeet\/\">\u00eent\u00e2lnire<\/a> oameni noi din \u00eentreaga lume! Str\u0103inii pot fi contacta\u021bi prin e-mail, chat vocal sau <a href=\"https:\/\/strangercam.com\/ro\/rabbit-video-chat\/\">chat video<\/a>. Ave\u021bi \u0219i mai mult\u0103 pl\u0103cere particip\u00e2nd la jocuri mici \u0219i la petreceri! Fiecare func\u021bie este preg\u0103tit\u0103 pentru discu\u021bii \u0219i pentru a face noi cuno\u0219tin\u021be. Join ne chiar acum pentru a experimenta distrac\u021bie \u0219i fericire extraordinare.<\/p>\n<h3>Principalele caracteristici ale Tandoo.Com<\/h3>\n<p>Am prezentat mai jos principalele caracteristici ale Tandoo.Com:<\/p>\n<ul>\n<li>Chat video \u00een timp real: V\u0103 pute\u021bi angaja cu prietenii fa\u021b\u0103 \u00een fa\u021b\u0103 cu func\u021bia exclusiv\u0103 de chat video \u0219i audio. Avem, de asemenea, interpretare \u00een timp real pentru a ajuta la eliminarea barierelor lingvistice. De asemenea, sunt acceptate \u00eembun\u0103t\u0103\u021biri \u0219i efecte de frumuse\u021be.<\/li>\n<li>Chat vocal simplu: \u00cemp\u0103rt\u0103\u0219irea inimii \u0219i sufletului cu oamenii este mai u\u0219oar\u0103 \u0219i mai pu\u021bin stresant\u0103 atunci c\u00e2nd folosi\u021bi chat-ul vocal.<\/li>\n<li>Absolute Real Individuals: Tandoo nu are utilizatori fraudulo\u0219i. Noi credem c\u0103 ave\u021bi un timp mai bun pentru a stabili noi prieteni. Filtr\u0103m cu aten\u021bie utilizatorii de \u00eenalt\u0103 calitate \u0219i punem profilurile lor prin procesul nostru de verificare.<\/li>\n<li>Prietenii din \u00eentreaga lume: G\u0103si\u021bi noi cuno\u0219tin\u021be \u00een zona dvs. sau c\u0103ut\u00e2nd persoane cu interese similare \u00een loca\u021bii \u0219i \u021b\u0103ri \u00eendep\u0103rtate.<\/li>\n<li>Introduce\u021bi o recomandare aleatorie: Cea mai eficient\u0103 metod\u0103 pentru a face noi cuno\u0219tin\u021be. Alege\u021bi \u00eentre o conferin\u021b\u0103 telefonic\u0103 sau video \u0219i \u00eent\u00e2lni\u021bi-v\u0103 cu prietenii pe \u00eendelete pentru a discuta.<\/li>\n<li>Joining Party Room este foarte distractiv: Join-ne \u00een timp real! Gratuit, pute\u021bi urm\u0103ri un flux live \u0219i pute\u021bi discuta cu p\u00e2n\u0103 la 5 utilizatori simultan!<\/li>\n<li>Jocuri mici de jucat: Vei avea o camer\u0103 de chat privat\u0103 \u0219i o conversa\u021bie text cu un prieten. Ofer\u0103 cadouri prietenilor t\u0103i \u0219i joac\u0103 Secret Truth pentru a-i cunoa\u0219te mai bine!<\/li>\n<\/ul>\n<h3>Principalele servicii oferite de Tandoo.Com<\/h3>\n<p>Urm\u0103toarele sunt c\u00e2teva dintre serviciile de top oferite de platform\u0103:<\/p>\n<ul>\n<li>Tandoo v\u0103 permite s\u0103 ave\u021bi conversa\u021bii fa\u021b\u0103 \u00een fa\u021b\u0103 cu utilizatori din \u00eentreaga lume.<\/li>\n<li>Chat-ul video \u0219i cel vocal sunt ambele disponibile.<\/li>\n<li>Face\u021bi prieteni cu interese similare din \u00eentreaga lume.<\/li>\n<li>Potrive\u0219te la \u00eent\u00e2mplare \u0219i fii surprins de persoanele pe care le \u00eent\u00e2lne\u0219ti.<\/li>\n<li>Discuta\u021bi ideile dvs. cu un grup de persoane.<\/li>\n<\/ul>\n<h3>Concluzie<\/h3>\n<p>Aceasta este una dintre cele mai bune platforme pentru a \u00eent\u00e2lni persoana potrivit\u0103 pentru a petrece cel mai bun timp. Str\u0103inii pot fi contacta\u021bi prin e-mail, chat vocal sau chat video. Ave\u021bi \u0219i mai mult\u0103 pl\u0103cere prin implicarea \u00een jocuri simple \u0219i g\u0103zduirea de petreceri! Fiecare func\u021bie este preg\u0103tit\u0103 pentru discu\u021bii \u0219i pentru a face noi cuno\u0219tin\u021be. Join noi chiar acum!<\/p>","protected":false},"excerpt":{"rendered":"<p>Tandoo is a free online cooperative live video chat application that lets you meet new people from all around the world! Strangers can be contacted via mail, voice chat, or video chat. Have even more pleasure by participating in small games and attending parties! Every function is set up for chatting and making new acquaintances. [&hellip;]<\/p>\n","protected":false},"author":6,"featured_media":559,"parent":0,"menu_order":0,"comment_status":"closed","ping_status":"closed","template":"","meta":{"footnotes":""},"class_list":["post-10096","page","type-page","status-publish","has-post-thumbnail","hentry"],"yoast_head":"<!-- This site is optimized with the Yoast SEO plugin v26.9 - https:\/\/yoast.com\/product\/yoast-seo-wordpress\/ -->\n<title>Tandoo - Chat Roulette Anonymously - Cam on StrangerCam.com<\/title>\n<meta name=\"description\" content=\"Like Tandoo? Come chat with more than 5.000.000 strangers on Stranger Cam for Free! Turn on your cam and find new friends &amp; maby a match!\" \/>\n<meta name=\"robots\" content=\"index, follow, max-snippet:-1, max-image-preview:large, max-video-preview:-1\" \/>\n<link rel=\"canonical\" href=\"https:\/\/strangercam.com\/ro\/tandoo\/\" \/>\n<meta property=\"og:locale\" content=\"ro_RO\" \/>\n<meta property=\"og:type\" content=\"article\" \/>\n<meta property=\"og:title\" content=\"Tandoo - Chat Roulette Anonymously - Cam on StrangerCam.com\" \/>\n<meta property=\"og:description\" content=\"Like Tandoo? Come chat with more than 5.000.000 strangers on Stranger Cam for Free! Turn on your cam and find new friends &amp; maby a match!\" \/>\n<meta property=\"og:url\" content=\"https:\/\/strangercam.com\/ro\/tandoo\/\" \/>\n<meta property=\"og:site_name\" content=\"Strangercam\" \/>\n<meta property=\"article:publisher\" content=\"https:\/\/www.facebook.com\/strangercam\" \/>\n<meta property=\"article:modified_time\" content=\"2023-08-21T10:42:59+00:00\" \/>\n<meta property=\"og:image\" content=\"https:\/\/strangercam.com\/wp-content\/uploads\/2020\/11\/stranger-cam-1.png\" \/>\n\t<meta property=\"og:image:width\" content=\"800\" \/>\n\t<meta property=\"og:image:height\" content=\"800\" \/>\n\t<meta property=\"og:image:type\" content=\"image\/png\" \/>\n<meta name=\"twitter:card\" content=\"summary_large_image\" \/>\n<meta name=\"twitter:site\" content=\"@strangercamapp\" \/>\n<meta name=\"twitter:label1\" content=\"Timp estimat pentru citire\" \/>\n\t<meta name=\"twitter:data1\" content=\"2 minute\" \/>\n<script type=\"application\/ld+json\" class=\"yoast-schema-graph\">{\"@context\":\"https:\/\/schema.org\",\"@graph\":[{\"@type\":\"WebPage\",\"@id\":\"https:\/\/strangercam.com\/tandoo\/\",\"url\":\"https:\/\/strangercam.com\/tandoo\/\",\"name\":\"Tandoo - Chat Roulette Anonymously - Cam on StrangerCam.com\",\"isPartOf\":{\"@id\":\"https:\/\/strangercam.com\/#website\"},\"primaryImageOfPage\":{\"@id\":\"https:\/\/strangercam.com\/tandoo\/#primaryimage\"},\"image\":{\"@id\":\"https:\/\/strangercam.com\/tandoo\/#primaryimage\"},\"thumbnailUrl\":\"https:\/\/strangercam.com\/wp-content\/uploads\/2020\/11\/stranger-cam-1.png\",\"datePublished\":\"2022-05-30T12:20:25+00:00\",\"dateModified\":\"2023-08-21T10:42:59+00:00\",\"description\":\"Like Tandoo? Come chat with more than 5.000.000 strangers on Stranger Cam for Free! Turn on your cam and find new friends & maby a match!\",\"breadcrumb\":{\"@id\":\"https:\/\/strangercam.com\/tandoo\/#breadcrumb\"},\"inLanguage\":\"ro-RO\",\"potentialAction\":[{\"@type\":\"ReadAction\",\"target\":[\"https:\/\/strangercam.com\/tandoo\/\"]}]},{\"@type\":\"ImageObject\",\"inLanguage\":\"ro-RO\",\"@id\":\"https:\/\/strangercam.com\/tandoo\/#primaryimage\",\"url\":\"https:\/\/strangercam.com\/wp-content\/uploads\/2020\/11\/stranger-cam-1.png\",\"contentUrl\":\"https:\/\/strangercam.com\/wp-content\/uploads\/2020\/11\/stranger-cam-1.png\",\"width\":800,\"height\":800,\"caption\":\"stranger cam random video chat\"},{\"@type\":\"BreadcrumbList\",\"@id\":\"https:\/\/strangercam.com\/tandoo\/#breadcrumb\",\"itemListElement\":[{\"@type\":\"ListItem\",\"position\":1,\"name\":\"Home\",\"item\":\"https:\/\/strangercam.com\/\"},{\"@type\":\"ListItem\",\"position\":2,\"name\":\"Tandoo\"}]},{\"@type\":\"WebSite\",\"@id\":\"https:\/\/strangercam.com\/#website\",\"url\":\"https:\/\/strangercam.com\/\",\"name\":\"Strangercam\",\"description\":\"Random Video Chat with Strangers\",\"publisher\":{\"@id\":\"https:\/\/strangercam.com\/#organization\"},\"alternateName\":\"Strangercam.com\",\"potentialAction\":[{\"@type\":\"SearchAction\",\"target\":{\"@type\":\"EntryPoint\",\"urlTemplate\":\"https:\/\/strangercam.com\/?s={search_term_string}\"},\"query-input\":{\"@type\":\"PropertyValueSpecification\",\"valueRequired\":true,\"valueName\":\"search_term_string\"}}],\"inLanguage\":\"ro-RO\"},{\"@type\":\"Organization\",\"@id\":\"https:\/\/strangercam.com\/#organization\",\"name\":\"Strangercam\",\"alternateName\":\"Strangercam.com\",\"url\":\"https:\/\/strangercam.com\/\",\"logo\":{\"@type\":\"ImageObject\",\"inLanguage\":\"ro-RO\",\"@id\":\"https:\/\/strangercam.com\/#\/schema\/logo\/image\/\",\"url\":\"https:\/\/strangercam.com\/wp-content\/uploads\/2020\/11\/cropped-new-favicon-black.png\",\"contentUrl\":\"https:\/\/strangercam.com\/wp-content\/uploads\/2020\/11\/cropped-new-favicon-black.png\",\"width\":512,\"height\":512,\"caption\":\"Strangercam\"},\"image\":{\"@id\":\"https:\/\/strangercam.com\/#\/schema\/logo\/image\/\"},\"sameAs\":[\"https:\/\/www.facebook.com\/strangercam\",\"https:\/\/x.com\/strangercamapp\"]}]}<\/script>\n<!-- \/ Yoast SEO plugin. -->","yoast_head_json":{"title":"Tandoo - Rulet\u0103 de chat anonim\u0103 - Cam pe StrangerCam.com","description":"\u00ce\u021bi place Tandoo? Vino s\u0103 vorbe\u0219ti cu mai mult de 5.000.000 de str\u0103ini pe Stranger Cam gratuit! Porne\u0219te-\u021bi camera \u0219i g\u0103se\u0219te prieteni noi \u0219i poate o pereche!","robots":{"index":"index","follow":"follow","max-snippet":"max-snippet:-1","max-image-preview":"max-image-preview:large","max-video-preview":"max-video-preview:-1"},"canonical":"https:\/\/strangercam.com\/ro\/tandoo\/","og_locale":"ro_RO","og_type":"article","og_title":"Tandoo - Chat Roulette Anonymously - Cam on StrangerCam.com","og_description":"Like Tandoo? Come chat with more than 5.000.000 strangers on Stranger Cam for Free! Turn on your cam and find new friends & maby a match!","og_url":"https:\/\/strangercam.com\/ro\/tandoo\/","og_site_name":"Strangercam","article_publisher":"https:\/\/www.facebook.com\/strangercam","article_modified_time":"2023-08-21T10:42:59+00:00","og_image":[{"width":800,"height":800,"url":"https:\/\/strangercam.com\/wp-content\/uploads\/2020\/11\/stranger-cam-1.png","type":"image\/png"}],"twitter_card":"summary_large_image","twitter_site":"@strangercamapp","twitter_misc":{"Timp estimat pentru citire":"2 minute"},"schema":{"@context":"https:\/\/schema.org","@graph":[{"@type":"WebPage","@id":"https:\/\/strangercam.com\/tandoo\/","url":"https:\/\/strangercam.com\/tandoo\/","name":"Tandoo - Rulet\u0103 de chat anonim\u0103 - Cam pe StrangerCam.com","isPartOf":{"@id":"https:\/\/strangercam.com\/#website"},"primaryImageOfPage":{"@id":"https:\/\/strangercam.com\/tandoo\/#primaryimage"},"image":{"@id":"https:\/\/strangercam.com\/tandoo\/#primaryimage"},"thumbnailUrl":"https:\/\/strangercam.com\/wp-content\/uploads\/2020\/11\/stranger-cam-1.png","datePublished":"2022-05-30T12:20:25+00:00","dateModified":"2023-08-21T10:42:59+00:00","description":"\u00ce\u021bi place Tandoo? Vino s\u0103 vorbe\u0219ti cu mai mult de 5.000.000 de str\u0103ini pe Stranger Cam gratuit! Porne\u0219te-\u021bi camera \u0219i g\u0103se\u0219te prieteni noi \u0219i poate o pereche!","breadcrumb":{"@id":"https:\/\/strangercam.com\/tandoo\/#breadcrumb"},"inLanguage":"ro-RO","potentialAction":[{"@type":"ReadAction","target":["https:\/\/strangercam.com\/tandoo\/"]}]},{"@type":"ImageObject","inLanguage":"ro-RO","@id":"https:\/\/strangercam.com\/tandoo\/#primaryimage","url":"https:\/\/strangercam.com\/wp-content\/uploads\/2020\/11\/stranger-cam-1.png","contentUrl":"https:\/\/strangercam.com\/wp-content\/uploads\/2020\/11\/stranger-cam-1.png","width":800,"height":800,"caption":"stranger cam random video chat"},{"@type":"BreadcrumbList","@id":"https:\/\/strangercam.com\/tandoo\/#breadcrumb","itemListElement":[{"@type":"ListItem","position":1,"name":"Home","item":"https:\/\/strangercam.com\/"},{"@type":"ListItem","position":2,"name":"Tandoo"}]},{"@type":"WebSite","@id":"https:\/\/strangercam.com\/#website","url":"https:\/\/strangercam.com\/","name":"Strangercam","description":"Chat video aleatoriu cu str\u0103ini","publisher":{"@id":"https:\/\/strangercam.com\/#organization"},"alternateName":"Strangercam.com","potentialAction":[{"@type":"SearchAction","target":{"@type":"EntryPoint","urlTemplate":"https:\/\/strangercam.com\/?s={search_term_string}"},"query-input":{"@type":"PropertyValueSpecification","valueRequired":true,"valueName":"search_term_string"}}],"inLanguage":"ro-RO"},{"@type":"Organization","@id":"https:\/\/strangercam.com\/#organization","name":"Strangercam","alternateName":"Strangercam.com","url":"https:\/\/strangercam.com\/","logo":{"@type":"ImageObject","inLanguage":"ro-RO","@id":"https:\/\/strangercam.com\/#\/schema\/logo\/image\/","url":"https:\/\/strangercam.com\/wp-content\/uploads\/2020\/11\/cropped-new-favicon-black.png","contentUrl":"https:\/\/strangercam.com\/wp-content\/uploads\/2020\/11\/cropped-new-favicon-black.png","width":512,"height":512,"caption":"Strangercam"},"image":{"@id":"https:\/\/strangercam.com\/#\/schema\/logo\/image\/"},"sameAs":["https:\/\/www.facebook.com\/strangercam","https:\/\/x.com\/strangercamapp"]}]}},"_links":{"self":[{"href":"https:\/\/strangercam.com\/ro\/wp-json\/wp\/v2\/pages\/10096","targetHints":{"allow":["GET"]}}],"collection":[{"href":"https:\/\/strangercam.com\/ro\/wp-json\/wp\/v2\/pages"}],"about":[{"href":"https:\/\/strangercam.com\/ro\/wp-json\/wp\/v2\/types\/page"}],"author":[{"embeddable":true,"href":"https:\/\/strangercam.com\/ro\/wp-json\/wp\/v2\/users\/6"}],"replies":[{"embeddable":true,"href":"https:\/\/strangercam.com\/ro\/wp-json\/wp\/v2\/comments?post=10096"}],"version-history":[{"count":0,"href":"https:\/\/strangercam.com\/ro\/wp-json\/wp\/v2\/pages\/10096\/revisions"}],"wp:featuredmedia":[{"embeddable":true,"href":"https:\/\/strangercam.com\/ro\/wp-json\/wp\/v2\/media\/559"}],"wp:attachment":[{"href":"https:\/\/strangercam.com\/ro\/wp-json\/wp\/v2\/media?parent=10096"}],"curies":[{"name":"wp","href":"https:\/\/api.w.org\/{rel}","templated":true}]}}