{"id":10069,"date":"2022-05-30T14:07:33","date_gmt":"2022-05-30T12:07:33","guid":{"rendered":"https:\/\/strangercam.com\/?page_id=10069"},"modified":"2023-08-21T11:40:39","modified_gmt":"2023-08-21T09:40:39","slug":"camfrog","status":"publish","type":"page","link":"https:\/\/strangercam.com\/ro\/camfrog\/","title":{"rendered":"Camfrog"},"content":{"rendered":"<p>Camshare a lansat Camfrog, un <a href=\"https:\/\/strangercam.com\/ro\/rabbit-video-chat\/\">video<\/a> <a href=\"https:\/\/strangercam.com\/ro\/chatroulette\/\">chat<\/a> \u0219i client de mesagerie online, \u00een octombrie 2003. Acesta permite consumatorilor s\u0103 <a href=\"https:\/\/strangercam.com\/ro\/coomeet\/\">chat video<\/a> cu oameni din \u00eentreaga lume \u0219i \u00ee\u0219i g\u0103se\u0219te tovar\u0103\u0219i \u00een camerele de chat. Consumatorii Camfrog cu internet ridicat \u00ee\u0219i pot crea \u0219i gestiona propriile grupuri de videoconferin\u021b\u0103.<\/p>\n<h3>Principalele caracteristici ale Camfrog.com<\/h3>\n<p>Urm\u0103toarele sunt c\u00e2teva dintre caracteristicile de top ale aplica\u021biei de dating:<\/p>\n<ul>\n<li>Camfrog este o comunitate gratuit\u0103 de videoconferin\u021be unde v\u0103 pute\u021bi face prieteni din toat\u0103 lumea pe site-urile noastre de chat cu webcam live (pe orice dispozitiv!).<\/li>\n<li>Al\u0103tur\u00e2ndu-v\u0103 forumurilor noastre de discu\u021bii video live, v\u0103 ve\u021bi face prieteni noi \u00een cel mai scurt timp!<\/li>\n<li>\u00centr-un altul dintre sutele noastre de site-uri de chat live stream, <a href=\"https:\/\/strangercam.com\/ro\/chat-video-cu-strainii\/\">chat video cu str\u0103inii<\/a> \u00een chat-urile dvs. de grup preferate, dezbate\u021bi subiecte, face\u021bi videoconferin\u021be cu prietenii \u0219i amesteca\u021bi-v\u0103 cu cuno\u0219tin\u021be \u0219i semnale atr\u0103g\u0103toare.<\/li>\n<li>Po\u021bi fi incognito \u0219i s\u0103 conversezi video cu oricine pe Camfrog, sau po\u021bi fi tu \u00eensu\u021bi \u00een preajma prietenilor \u00een camerele noastre publice de chat video.<\/li>\n<li>\u00cen conversa\u021biile video online care v\u0103 intrig\u0103, pute\u021bi vizualiza un num\u0103r infinit de camere live de \u00eenalt\u0103 calitate. Sute de persoane pot fi v\u0103zute \u00een acela\u0219i timp, a\u0219a c\u0103 preg\u0103ti\u021bi-v\u0103 s\u0103 v\u0103 distra\u021bi!<\/li>\n<\/ul>\n<h3>Camera nu este un instrument esen\u021bial pentru participarea la chat-uri text, vocale sau video.<\/h3>\n<p>Camfrog Video Chat este un software modern de chat care permite p\u00e2n\u0103 la zeci de mii de persoane s\u0103 participe la chat-uri video, voce \u0219i text \u00een timp real. Programul v\u0103 permite s\u0103 vizualiza\u021bi, s\u0103 vorbi\u021bi \u0219i s\u0103 scrie\u021bi \u00een acela\u0219i timp altor membri ai camerei de chat. Nu ave\u021bi nevoie de o camer\u0103 web pentru toate chat-urile video, astfel \u00eenc\u00e2t pute\u021bi participa chiar dac\u0103 nu ave\u021bi una. Camerele de chat Camfrog pot fi private sau publice \u0219i pute\u021bi contacta telefoane mobile sau de acas\u0103 din ele.<\/p>\n<h3>Instrumentele protejeaz\u0103 minorii de dezv\u0103luirea de informa\u021bii sau de participarea la orice camer\u0103 de chat irelevant\u0103.<\/h3>\n<p>Atunci c\u00e2nd se utilizeaz\u0103 mesageria instantanee, o varietate de software de monitorizare din Camfrog Video Chat protejeaz\u0103 \u00een mod eficient minorii s\u0103 nu dezv\u0103luie prea multe informa\u021bii personale \u0219i s\u0103 nu intre \u00een anumite camere de chat. Confiden\u021bialitate \u0219i securitate, video \u0219i audio, arhiv\u0103, limbi \u0219i taste rapide se num\u0103r\u0103 printre celelalte op\u021biuni disponibile \u00een competitorul Skype.<\/p>\n<h3>Concluzie<\/h3>\n<p>Pute\u021bi vorbi cu persoane necunoscute, pute\u021bi configura o camer\u0103 web \u0219i o transmisiune \u00een direct pentru a discuta despre hobby-urile dvs. \u0219i pentru a v\u0103 prezenta publicului, sau pute\u021bi participa la un chat video de la camer\u0103 la camer\u0103 pentru o discu\u021bie mai personal\u0103, dac\u0103 nu v\u0103 place camera. \u00cencepe\u021bi <a href=\"https:\/\/strangercam.com\/ro\/shagle\/\">adult<\/a> chat pentru a face prietenii autentice. \u00cencepe\u021bi s\u0103 experimenta\u021bi \u00een camerele noastre de chat aleatorii!<\/p>","protected":false},"excerpt":{"rendered":"<p>Camshare launched Camfrog, a video chat and online messaging client, in October 2003. It enables consumers to video chat with people all around the world and finds companions in chat rooms. Camfrog consumers with high internet can create and manage their own videoconferencing groups. Main Features of Camfrog.com Following are some of the top features [&hellip;]<\/p>\n","protected":false},"author":6,"featured_media":559,"parent":0,"menu_order":0,"comment_status":"closed","ping_status":"closed","template":"","meta":{"footnotes":""},"class_list":["post-10069","page","type-page","status-publish","has-post-thumbnail","hentry"],"yoast_head":"<!-- This site is optimized with the Yoast SEO plugin v26.9 - https:\/\/yoast.com\/product\/yoast-seo-wordpress\/ -->\n<title>Camfrog - Chat Roulette Anonymously - Cam on StrangerCam.com<\/title>\n<meta name=\"description\" content=\"Like Camfrog? Come chat with more than 5.000.000 strangers on Stranger Cam for Free! Turn on your cam and find new friends &amp; maby a match!\" \/>\n<meta name=\"robots\" content=\"index, follow, max-snippet:-1, max-image-preview:large, max-video-preview:-1\" \/>\n<link rel=\"canonical\" href=\"https:\/\/strangercam.com\/ro\/camfrog\/\" \/>\n<meta property=\"og:locale\" content=\"ro_RO\" \/>\n<meta property=\"og:type\" content=\"article\" \/>\n<meta property=\"og:title\" content=\"Camfrog - Chat Roulette Anonymously - Cam on StrangerCam.com\" \/>\n<meta property=\"og:description\" content=\"Like Camfrog? Come chat with more than 5.000.000 strangers on Stranger Cam for Free! Turn on your cam and find new friends &amp; maby a match!\" \/>\n<meta property=\"og:url\" content=\"https:\/\/strangercam.com\/ro\/camfrog\/\" \/>\n<meta property=\"og:site_name\" content=\"Strangercam\" \/>\n<meta property=\"article:publisher\" content=\"https:\/\/www.facebook.com\/strangercam\" \/>\n<meta property=\"article:modified_time\" content=\"2023-08-21T09:40:39+00:00\" \/>\n<meta property=\"og:image\" content=\"https:\/\/strangercam.com\/wp-content\/uploads\/2020\/11\/stranger-cam-1.png\" \/>\n\t<meta property=\"og:image:width\" content=\"800\" \/>\n\t<meta property=\"og:image:height\" content=\"800\" \/>\n\t<meta property=\"og:image:type\" content=\"image\/png\" \/>\n<meta name=\"twitter:card\" content=\"summary_large_image\" \/>\n<meta name=\"twitter:site\" content=\"@strangercamapp\" \/>\n<meta name=\"twitter:label1\" content=\"Timp estimat pentru citire\" \/>\n\t<meta name=\"twitter:data1\" content=\"2 minute\" \/>\n<script type=\"application\/ld+json\" class=\"yoast-schema-graph\">{\"@context\":\"https:\/\/schema.org\",\"@graph\":[{\"@type\":\"WebPage\",\"@id\":\"https:\/\/strangercam.com\/camfrog\/\",\"url\":\"https:\/\/strangercam.com\/camfrog\/\",\"name\":\"Camfrog - Chat Roulette Anonymously - Cam on StrangerCam.com\",\"isPartOf\":{\"@id\":\"https:\/\/strangercam.com\/#website\"},\"primaryImageOfPage\":{\"@id\":\"https:\/\/strangercam.com\/camfrog\/#primaryimage\"},\"image\":{\"@id\":\"https:\/\/strangercam.com\/camfrog\/#primaryimage\"},\"thumbnailUrl\":\"https:\/\/strangercam.com\/wp-content\/uploads\/2020\/11\/stranger-cam-1.png\",\"datePublished\":\"2022-05-30T12:07:33+00:00\",\"dateModified\":\"2023-08-21T09:40:39+00:00\",\"description\":\"Like Camfrog? Come chat with more than 5.000.000 strangers on Stranger Cam for Free! Turn on your cam and find new friends & maby a match!\",\"breadcrumb\":{\"@id\":\"https:\/\/strangercam.com\/camfrog\/#breadcrumb\"},\"inLanguage\":\"ro-RO\",\"potentialAction\":[{\"@type\":\"ReadAction\",\"target\":[\"https:\/\/strangercam.com\/camfrog\/\"]}]},{\"@type\":\"ImageObject\",\"inLanguage\":\"ro-RO\",\"@id\":\"https:\/\/strangercam.com\/camfrog\/#primaryimage\",\"url\":\"https:\/\/strangercam.com\/wp-content\/uploads\/2020\/11\/stranger-cam-1.png\",\"contentUrl\":\"https:\/\/strangercam.com\/wp-content\/uploads\/2020\/11\/stranger-cam-1.png\",\"width\":800,\"height\":800,\"caption\":\"stranger cam random video chat\"},{\"@type\":\"BreadcrumbList\",\"@id\":\"https:\/\/strangercam.com\/camfrog\/#breadcrumb\",\"itemListElement\":[{\"@type\":\"ListItem\",\"position\":1,\"name\":\"Home\",\"item\":\"https:\/\/strangercam.com\/\"},{\"@type\":\"ListItem\",\"position\":2,\"name\":\"Camfrog\"}]},{\"@type\":\"WebSite\",\"@id\":\"https:\/\/strangercam.com\/#website\",\"url\":\"https:\/\/strangercam.com\/\",\"name\":\"Strangercam\",\"description\":\"Random Video Chat with Strangers\",\"publisher\":{\"@id\":\"https:\/\/strangercam.com\/#organization\"},\"alternateName\":\"Strangercam.com\",\"potentialAction\":[{\"@type\":\"SearchAction\",\"target\":{\"@type\":\"EntryPoint\",\"urlTemplate\":\"https:\/\/strangercam.com\/?s={search_term_string}\"},\"query-input\":{\"@type\":\"PropertyValueSpecification\",\"valueRequired\":true,\"valueName\":\"search_term_string\"}}],\"inLanguage\":\"ro-RO\"},{\"@type\":\"Organization\",\"@id\":\"https:\/\/strangercam.com\/#organization\",\"name\":\"Strangercam\",\"alternateName\":\"Strangercam.com\",\"url\":\"https:\/\/strangercam.com\/\",\"logo\":{\"@type\":\"ImageObject\",\"inLanguage\":\"ro-RO\",\"@id\":\"https:\/\/strangercam.com\/#\/schema\/logo\/image\/\",\"url\":\"https:\/\/strangercam.com\/wp-content\/uploads\/2020\/11\/cropped-new-favicon-black.png\",\"contentUrl\":\"https:\/\/strangercam.com\/wp-content\/uploads\/2020\/11\/cropped-new-favicon-black.png\",\"width\":512,\"height\":512,\"caption\":\"Strangercam\"},\"image\":{\"@id\":\"https:\/\/strangercam.com\/#\/schema\/logo\/image\/\"},\"sameAs\":[\"https:\/\/www.facebook.com\/strangercam\",\"https:\/\/x.com\/strangercamapp\"]}]}<\/script>\n<!-- \/ Yoast SEO plugin. -->","yoast_head_json":{"title":"Camfrog - Rulet\u0103 de chat anonim\u0103 - Cam pe StrangerCam.com","description":"\u00ce\u021bi place Camfrog? Vino s\u0103 vorbe\u0219ti cu mai mult de 5.000.000 de str\u0103ini pe Stranger Cam gratuit! Porne\u0219te-\u021bi camera \u0219i g\u0103se\u0219te prieteni noi \u0219i poate o pereche!","robots":{"index":"index","follow":"follow","max-snippet":"max-snippet:-1","max-image-preview":"max-image-preview:large","max-video-preview":"max-video-preview:-1"},"canonical":"https:\/\/strangercam.com\/ro\/camfrog\/","og_locale":"ro_RO","og_type":"article","og_title":"Camfrog - Chat Roulette Anonymously - Cam on StrangerCam.com","og_description":"Like Camfrog? Come chat with more than 5.000.000 strangers on Stranger Cam for Free! Turn on your cam and find new friends & maby a match!","og_url":"https:\/\/strangercam.com\/ro\/camfrog\/","og_site_name":"Strangercam","article_publisher":"https:\/\/www.facebook.com\/strangercam","article_modified_time":"2023-08-21T09:40:39+00:00","og_image":[{"width":800,"height":800,"url":"https:\/\/strangercam.com\/wp-content\/uploads\/2020\/11\/stranger-cam-1.png","type":"image\/png"}],"twitter_card":"summary_large_image","twitter_site":"@strangercamapp","twitter_misc":{"Timp estimat pentru citire":"2 minute"},"schema":{"@context":"https:\/\/schema.org","@graph":[{"@type":"WebPage","@id":"https:\/\/strangercam.com\/camfrog\/","url":"https:\/\/strangercam.com\/camfrog\/","name":"Camfrog - Rulet\u0103 de chat anonim\u0103 - Cam pe StrangerCam.com","isPartOf":{"@id":"https:\/\/strangercam.com\/#website"},"primaryImageOfPage":{"@id":"https:\/\/strangercam.com\/camfrog\/#primaryimage"},"image":{"@id":"https:\/\/strangercam.com\/camfrog\/#primaryimage"},"thumbnailUrl":"https:\/\/strangercam.com\/wp-content\/uploads\/2020\/11\/stranger-cam-1.png","datePublished":"2022-05-30T12:07:33+00:00","dateModified":"2023-08-21T09:40:39+00:00","description":"\u00ce\u021bi place Camfrog? Vino s\u0103 vorbe\u0219ti cu mai mult de 5.000.000 de str\u0103ini pe Stranger Cam gratuit! Porne\u0219te-\u021bi camera \u0219i g\u0103se\u0219te prieteni noi \u0219i poate o pereche!","breadcrumb":{"@id":"https:\/\/strangercam.com\/camfrog\/#breadcrumb"},"inLanguage":"ro-RO","potentialAction":[{"@type":"ReadAction","target":["https:\/\/strangercam.com\/camfrog\/"]}]},{"@type":"ImageObject","inLanguage":"ro-RO","@id":"https:\/\/strangercam.com\/camfrog\/#primaryimage","url":"https:\/\/strangercam.com\/wp-content\/uploads\/2020\/11\/stranger-cam-1.png","contentUrl":"https:\/\/strangercam.com\/wp-content\/uploads\/2020\/11\/stranger-cam-1.png","width":800,"height":800,"caption":"stranger cam random video chat"},{"@type":"BreadcrumbList","@id":"https:\/\/strangercam.com\/camfrog\/#breadcrumb","itemListElement":[{"@type":"ListItem","position":1,"name":"Home","item":"https:\/\/strangercam.com\/"},{"@type":"ListItem","position":2,"name":"Camfrog"}]},{"@type":"WebSite","@id":"https:\/\/strangercam.com\/#website","url":"https:\/\/strangercam.com\/","name":"Strangercam","description":"Chat video aleatoriu cu str\u0103ini","publisher":{"@id":"https:\/\/strangercam.com\/#organization"},"alternateName":"Strangercam.com","potentialAction":[{"@type":"SearchAction","target":{"@type":"EntryPoint","urlTemplate":"https:\/\/strangercam.com\/?s={search_term_string}"},"query-input":{"@type":"PropertyValueSpecification","valueRequired":true,"valueName":"search_term_string"}}],"inLanguage":"ro-RO"},{"@type":"Organization","@id":"https:\/\/strangercam.com\/#organization","name":"Strangercam","alternateName":"Strangercam.com","url":"https:\/\/strangercam.com\/","logo":{"@type":"ImageObject","inLanguage":"ro-RO","@id":"https:\/\/strangercam.com\/#\/schema\/logo\/image\/","url":"https:\/\/strangercam.com\/wp-content\/uploads\/2020\/11\/cropped-new-favicon-black.png","contentUrl":"https:\/\/strangercam.com\/wp-content\/uploads\/2020\/11\/cropped-new-favicon-black.png","width":512,"height":512,"caption":"Strangercam"},"image":{"@id":"https:\/\/strangercam.com\/#\/schema\/logo\/image\/"},"sameAs":["https:\/\/www.facebook.com\/strangercam","https:\/\/x.com\/strangercamapp"]}]}},"_links":{"self":[{"href":"https:\/\/strangercam.com\/ro\/wp-json\/wp\/v2\/pages\/10069","targetHints":{"allow":["GET"]}}],"collection":[{"href":"https:\/\/strangercam.com\/ro\/wp-json\/wp\/v2\/pages"}],"about":[{"href":"https:\/\/strangercam.com\/ro\/wp-json\/wp\/v2\/types\/page"}],"author":[{"embeddable":true,"href":"https:\/\/strangercam.com\/ro\/wp-json\/wp\/v2\/users\/6"}],"replies":[{"embeddable":true,"href":"https:\/\/strangercam.com\/ro\/wp-json\/wp\/v2\/comments?post=10069"}],"version-history":[{"count":0,"href":"https:\/\/strangercam.com\/ro\/wp-json\/wp\/v2\/pages\/10069\/revisions"}],"wp:featuredmedia":[{"embeddable":true,"href":"https:\/\/strangercam.com\/ro\/wp-json\/wp\/v2\/media\/559"}],"wp:attachment":[{"href":"https:\/\/strangercam.com\/ro\/wp-json\/wp\/v2\/media?parent=10069"}],"curies":[{"name":"wp","href":"https:\/\/api.w.org\/{rel}","templated":true}]}}