{"id":10047,"date":"2022-05-30T13:54:47","date_gmt":"2022-05-30T11:54:47","guid":{"rendered":"https:\/\/strangercam.com\/?page_id=10047"},"modified":"2023-08-21T12:24:42","modified_gmt":"2023-08-21T10:24:42","slug":"livu","status":"publish","type":"page","link":"https:\/\/strangercam.com\/ro\/livu\/","title":{"rendered":"Livu"},"content":{"rendered":"<p>Scopul Livu este de a reuni o nou\u0103 comunitate global\u0103, permi\u021b\u00e2nd persoanelor s\u0103 se implice \u00een mod semnificativ dincolo de culturi, limbi \u0219i grani\u021be, \u00eentr-un mediu sigur \u0219i securizat. Livu este un <a href=\"https:\/\/strangercam.com\/ro\/rabbit-video-chat\/\">video<\/a> <a href=\"https:\/\/strangercam.com\/ro\/chatingly\/\">chat<\/a> o platform\u0103 care conecteaz\u0103 persoanele printr-o simpl\u0103 ap\u0103sare de buton, permi\u021b\u00e2ndu-le s\u0103 aib\u0103 o interac\u021biune social\u0103 online interesant\u0103 \u0219i semnificativ\u0103. LivU ofer\u0103 videoconferin\u021b\u0103, \u00eemperechere video \u0219i text <a href=\"https:\/\/strangercam.com\/ro\/chatroulette\/\">Chat<\/a> astfel \u00eenc\u00e2t utilizatorii no\u0219tri s\u0103 se poat\u0103 conecta \u0219i s\u0103-\u0219i \u00een\u021beleag\u0103 prietenii \u00een modul care li se potrive\u0219te cel mai bine.<\/p>\n<h3>Comunicarea cu persoanele de pe platforma online \u00eentr-un mod convenabil<\/h3>\n<p>Pute\u021bi utiliza smartphone-ul Android pentru a vizualiza diferi\u021bi utilizatori \u0219i pentru a trece de la unul la altul <a href=\"https:\/\/strangercam.com\/ro\/nextcam\/\">urm\u0103tor<\/a>, conversa\u021bi numai cu cei cu care dori\u021bi s\u0103 conversa\u021bi. Pute\u021bi continua s\u0103 discuta\u021bi cu cineva dac\u0103 ave\u021bi o leg\u0103tur\u0103 cu el. Cu toate acestea, dac\u0103 cineva v\u0103 irit\u0103 sau pur \u0219i simplu nu dori\u021bi s\u0103 comunica\u021bi cu el, pute\u021bi trece rapid la urm\u0103toarea persoan\u0103. Pute\u021bi alege dac\u0103 dori\u021bi s\u0103 vorbi\u021bi doar cu b\u0103rba\u021bi, doar cu femei sau cu am\u00e2ndoi.<\/p>\n<h3>Func\u021bia neclar\u0103 - bucura\u021bi-v\u0103 de func\u021bia interesant\u0103 a aplica\u021biei Livu<\/h3>\n<p>Imaginea va ap\u0103rea neclar\u0103 dac\u0103 camera telefonului nu este centrat\u0103 pe fa\u021ba dvs., care este o func\u021bie de securitate neobi\u0219nuit\u0103 pe care LivU o ofer\u0103 \u00een mod implicit. Aceast\u0103 func\u021bie v\u0103 asigur\u0103 c\u0103 nu sunte\u021bi for\u021bat s\u0103 citi\u021bi materiale poten\u021bial ofensatoare. LivU este o tehnologie distractiv\u0103 care v\u0103 permite s\u0103 v\u0103 face\u021bi noi prieteni, s\u0103 participa\u021bi la conversa\u021bii stimulative \u0219i, eventual, s\u0103 v\u0103 face\u021bi noi prieteni.<\/p>\n<h3>O aplica\u021bie extrem de sigur\u0103 \u0219i securizat\u0103 pentru utilizatori \u00een aceast\u0103 lume tehnologic\u0103 extrem de avansat\u0103<\/h3>\n<p>Pre\u021buim siguran\u021ba \u0219i confiden\u021bialitatea dumneavoastr\u0103 \u0219i depunem toate eforturile pentru a oferi produse \u0219i servicii sigure. \u00cen plus fa\u021b\u0103 de auditurile noastre periodice de securitate, apreciem contribu\u021biile comunit\u0103\u021bii de securitate \u00een ansamblu \u0219i salut\u0103m orice rapoarte privind poten\u021biale probleme de securitate care sunt prezentate \u00eentr-un mod organizat, colaborativ \u0219i transparent.<\/p>\n<h3>Pe LivU, cum descoperi pe cineva?<\/h3>\n<p>Pentru a \u00eencepe, v\u0103 rug\u0103m s\u0103 v\u0103 conecta\u021bi la aplica\u021bie, selecta\u021bi \"C\u0103utare\" \u0219i ap\u0103sa\u021bi pe buton. Ve\u021bi avea ocazia s\u0103 interac\u021biona\u021bi cu persoane din \u00eentreaga lume. Pe ecran, ve\u021bi vedea poreclele, v\u00e2rsta \u0219i \u021b\u0103rile de re\u0219edin\u021b\u0103 ale tuturor celorlal\u021bi membri.<\/p>\n<p>\u00cen cazul \u00een care nu v\u0103 place persoana, pute\u021bi s\u0103 trece\u021bi la urm\u0103toarea \u0219i s\u0103 g\u0103si\u021bi o alt\u0103 alegere. Nu este obligatoriu s\u0103 te mul\u021bume\u0219ti cu oricine pe platform\u0103. Noi \u00ee\u021bi respect\u0103m alegerea. A\u0219adar, am f\u0103cut \u00eentregul proces de filtrare \u0219i descoperire a unei persoane c\u00e2t mai convenabil posibil.<\/p>\n<h3>Concluzie<\/h3>\n<p>LivU este un <a href=\"https:\/\/strangercam.com\/ro\/coomeet\/\">chat video<\/a> aplica\u021bie care v\u0103 permite s\u0103 ave\u021bi conversa\u021bii video cu adev\u0103rat aleatorii cu multe alte persoane din \u00eentreaga lume.<\/p>","protected":false},"excerpt":{"rendered":"<p>Livu&#8217;s purpose is to bring a new global community together by allowing individuals to engage meaningfully across cultures, languages, and boundaries in a safe and secure environment. Livu is a real-time video chatting platform that connects individuals with only a press of a button, allowing them to have an interesting and meaningful online social interaction. [&hellip;]<\/p>\n","protected":false},"author":6,"featured_media":559,"parent":0,"menu_order":0,"comment_status":"closed","ping_status":"closed","template":"","meta":{"footnotes":""},"class_list":["post-10047","page","type-page","status-publish","has-post-thumbnail","hentry"],"yoast_head":"<!-- This site is optimized with the Yoast SEO plugin v26.9 - https:\/\/yoast.com\/product\/yoast-seo-wordpress\/ -->\n<title>Livu - Chat Roulette Anonymously - Cam on StrangerCam.com<\/title>\n<meta name=\"description\" content=\"Like Livu? Come chat with more than 5.000.000 strangers on Stranger Cam for Free! Turn on your cam and find new friends &amp; maby a match!\" \/>\n<meta name=\"robots\" content=\"index, follow, max-snippet:-1, max-image-preview:large, max-video-preview:-1\" \/>\n<link rel=\"canonical\" href=\"https:\/\/strangercam.com\/ro\/livu\/\" \/>\n<meta property=\"og:locale\" content=\"ro_RO\" \/>\n<meta property=\"og:type\" content=\"article\" \/>\n<meta property=\"og:title\" content=\"Livu - Chat Roulette Anonymously - Cam on StrangerCam.com\" \/>\n<meta property=\"og:description\" content=\"Like Livu? Come chat with more than 5.000.000 strangers on Stranger Cam for Free! Turn on your cam and find new friends &amp; maby a match!\" \/>\n<meta property=\"og:url\" content=\"https:\/\/strangercam.com\/ro\/livu\/\" \/>\n<meta property=\"og:site_name\" content=\"Strangercam\" \/>\n<meta property=\"article:publisher\" content=\"https:\/\/www.facebook.com\/strangercam\" \/>\n<meta property=\"article:modified_time\" content=\"2023-08-21T10:24:42+00:00\" \/>\n<meta property=\"og:image\" content=\"https:\/\/strangercam.com\/wp-content\/uploads\/2020\/11\/stranger-cam-1.png\" \/>\n\t<meta property=\"og:image:width\" content=\"800\" \/>\n\t<meta property=\"og:image:height\" content=\"800\" \/>\n\t<meta property=\"og:image:type\" content=\"image\/png\" \/>\n<meta name=\"twitter:card\" content=\"summary_large_image\" \/>\n<meta name=\"twitter:site\" content=\"@strangercamapp\" \/>\n<meta name=\"twitter:label1\" content=\"Timp estimat pentru citire\" \/>\n\t<meta name=\"twitter:data1\" content=\"2 minute\" \/>\n<script type=\"application\/ld+json\" class=\"yoast-schema-graph\">{\"@context\":\"https:\/\/schema.org\",\"@graph\":[{\"@type\":\"WebPage\",\"@id\":\"https:\/\/strangercam.com\/livu\/\",\"url\":\"https:\/\/strangercam.com\/livu\/\",\"name\":\"Livu - Chat Roulette Anonymously - Cam on StrangerCam.com\",\"isPartOf\":{\"@id\":\"https:\/\/strangercam.com\/#website\"},\"primaryImageOfPage\":{\"@id\":\"https:\/\/strangercam.com\/livu\/#primaryimage\"},\"image\":{\"@id\":\"https:\/\/strangercam.com\/livu\/#primaryimage\"},\"thumbnailUrl\":\"https:\/\/strangercam.com\/wp-content\/uploads\/2020\/11\/stranger-cam-1.png\",\"datePublished\":\"2022-05-30T11:54:47+00:00\",\"dateModified\":\"2023-08-21T10:24:42+00:00\",\"description\":\"Like Livu? Come chat with more than 5.000.000 strangers on Stranger Cam for Free! Turn on your cam and find new friends & maby a match!\",\"breadcrumb\":{\"@id\":\"https:\/\/strangercam.com\/livu\/#breadcrumb\"},\"inLanguage\":\"ro-RO\",\"potentialAction\":[{\"@type\":\"ReadAction\",\"target\":[\"https:\/\/strangercam.com\/livu\/\"]}]},{\"@type\":\"ImageObject\",\"inLanguage\":\"ro-RO\",\"@id\":\"https:\/\/strangercam.com\/livu\/#primaryimage\",\"url\":\"https:\/\/strangercam.com\/wp-content\/uploads\/2020\/11\/stranger-cam-1.png\",\"contentUrl\":\"https:\/\/strangercam.com\/wp-content\/uploads\/2020\/11\/stranger-cam-1.png\",\"width\":800,\"height\":800,\"caption\":\"stranger cam random video chat\"},{\"@type\":\"BreadcrumbList\",\"@id\":\"https:\/\/strangercam.com\/livu\/#breadcrumb\",\"itemListElement\":[{\"@type\":\"ListItem\",\"position\":1,\"name\":\"Home\",\"item\":\"https:\/\/strangercam.com\/\"},{\"@type\":\"ListItem\",\"position\":2,\"name\":\"Livu\"}]},{\"@type\":\"WebSite\",\"@id\":\"https:\/\/strangercam.com\/#website\",\"url\":\"https:\/\/strangercam.com\/\",\"name\":\"Strangercam\",\"description\":\"Random Video Chat with Strangers\",\"publisher\":{\"@id\":\"https:\/\/strangercam.com\/#organization\"},\"alternateName\":\"Strangercam.com\",\"potentialAction\":[{\"@type\":\"SearchAction\",\"target\":{\"@type\":\"EntryPoint\",\"urlTemplate\":\"https:\/\/strangercam.com\/?s={search_term_string}\"},\"query-input\":{\"@type\":\"PropertyValueSpecification\",\"valueRequired\":true,\"valueName\":\"search_term_string\"}}],\"inLanguage\":\"ro-RO\"},{\"@type\":\"Organization\",\"@id\":\"https:\/\/strangercam.com\/#organization\",\"name\":\"Strangercam\",\"alternateName\":\"Strangercam.com\",\"url\":\"https:\/\/strangercam.com\/\",\"logo\":{\"@type\":\"ImageObject\",\"inLanguage\":\"ro-RO\",\"@id\":\"https:\/\/strangercam.com\/#\/schema\/logo\/image\/\",\"url\":\"https:\/\/strangercam.com\/wp-content\/uploads\/2020\/11\/cropped-new-favicon-black.png\",\"contentUrl\":\"https:\/\/strangercam.com\/wp-content\/uploads\/2020\/11\/cropped-new-favicon-black.png\",\"width\":512,\"height\":512,\"caption\":\"Strangercam\"},\"image\":{\"@id\":\"https:\/\/strangercam.com\/#\/schema\/logo\/image\/\"},\"sameAs\":[\"https:\/\/www.facebook.com\/strangercam\",\"https:\/\/x.com\/strangercamapp\"]}]}<\/script>\n<!-- \/ Yoast SEO plugin. -->","yoast_head_json":{"title":"Livu - Rulet\u0103 de chat anonim\u0103 - Cam pe StrangerCam.com","description":"\u00ce\u021bi place Livu? Vino s\u0103 vorbe\u0219ti cu mai mult de 5.000.000 de str\u0103ini pe Stranger Cam Gratuit! Porne\u0219te-\u021bi camera \u0219i g\u0103se\u0219te prieteni noi \u0219i poate o pereche!","robots":{"index":"index","follow":"follow","max-snippet":"max-snippet:-1","max-image-preview":"max-image-preview:large","max-video-preview":"max-video-preview:-1"},"canonical":"https:\/\/strangercam.com\/ro\/livu\/","og_locale":"ro_RO","og_type":"article","og_title":"Livu - Chat Roulette Anonymously - Cam on StrangerCam.com","og_description":"Like Livu? Come chat with more than 5.000.000 strangers on Stranger Cam for Free! Turn on your cam and find new friends & maby a match!","og_url":"https:\/\/strangercam.com\/ro\/livu\/","og_site_name":"Strangercam","article_publisher":"https:\/\/www.facebook.com\/strangercam","article_modified_time":"2023-08-21T10:24:42+00:00","og_image":[{"width":800,"height":800,"url":"https:\/\/strangercam.com\/wp-content\/uploads\/2020\/11\/stranger-cam-1.png","type":"image\/png"}],"twitter_card":"summary_large_image","twitter_site":"@strangercamapp","twitter_misc":{"Timp estimat pentru citire":"2 minute"},"schema":{"@context":"https:\/\/schema.org","@graph":[{"@type":"WebPage","@id":"https:\/\/strangercam.com\/livu\/","url":"https:\/\/strangercam.com\/livu\/","name":"Livu - Rulet\u0103 de chat anonim\u0103 - Cam pe StrangerCam.com","isPartOf":{"@id":"https:\/\/strangercam.com\/#website"},"primaryImageOfPage":{"@id":"https:\/\/strangercam.com\/livu\/#primaryimage"},"image":{"@id":"https:\/\/strangercam.com\/livu\/#primaryimage"},"thumbnailUrl":"https:\/\/strangercam.com\/wp-content\/uploads\/2020\/11\/stranger-cam-1.png","datePublished":"2022-05-30T11:54:47+00:00","dateModified":"2023-08-21T10:24:42+00:00","description":"\u00ce\u021bi place Livu? Vino s\u0103 vorbe\u0219ti cu mai mult de 5.000.000 de str\u0103ini pe Stranger Cam Gratuit! Porne\u0219te-\u021bi camera \u0219i g\u0103se\u0219te prieteni noi \u0219i poate o pereche!","breadcrumb":{"@id":"https:\/\/strangercam.com\/livu\/#breadcrumb"},"inLanguage":"ro-RO","potentialAction":[{"@type":"ReadAction","target":["https:\/\/strangercam.com\/livu\/"]}]},{"@type":"ImageObject","inLanguage":"ro-RO","@id":"https:\/\/strangercam.com\/livu\/#primaryimage","url":"https:\/\/strangercam.com\/wp-content\/uploads\/2020\/11\/stranger-cam-1.png","contentUrl":"https:\/\/strangercam.com\/wp-content\/uploads\/2020\/11\/stranger-cam-1.png","width":800,"height":800,"caption":"stranger cam random video chat"},{"@type":"BreadcrumbList","@id":"https:\/\/strangercam.com\/livu\/#breadcrumb","itemListElement":[{"@type":"ListItem","position":1,"name":"Home","item":"https:\/\/strangercam.com\/"},{"@type":"ListItem","position":2,"name":"Livu"}]},{"@type":"WebSite","@id":"https:\/\/strangercam.com\/#website","url":"https:\/\/strangercam.com\/","name":"Strangercam","description":"Chat video aleatoriu cu str\u0103ini","publisher":{"@id":"https:\/\/strangercam.com\/#organization"},"alternateName":"Strangercam.com","potentialAction":[{"@type":"SearchAction","target":{"@type":"EntryPoint","urlTemplate":"https:\/\/strangercam.com\/?s={search_term_string}"},"query-input":{"@type":"PropertyValueSpecification","valueRequired":true,"valueName":"search_term_string"}}],"inLanguage":"ro-RO"},{"@type":"Organization","@id":"https:\/\/strangercam.com\/#organization","name":"Strangercam","alternateName":"Strangercam.com","url":"https:\/\/strangercam.com\/","logo":{"@type":"ImageObject","inLanguage":"ro-RO","@id":"https:\/\/strangercam.com\/#\/schema\/logo\/image\/","url":"https:\/\/strangercam.com\/wp-content\/uploads\/2020\/11\/cropped-new-favicon-black.png","contentUrl":"https:\/\/strangercam.com\/wp-content\/uploads\/2020\/11\/cropped-new-favicon-black.png","width":512,"height":512,"caption":"Strangercam"},"image":{"@id":"https:\/\/strangercam.com\/#\/schema\/logo\/image\/"},"sameAs":["https:\/\/www.facebook.com\/strangercam","https:\/\/x.com\/strangercamapp"]}]}},"_links":{"self":[{"href":"https:\/\/strangercam.com\/ro\/wp-json\/wp\/v2\/pages\/10047","targetHints":{"allow":["GET"]}}],"collection":[{"href":"https:\/\/strangercam.com\/ro\/wp-json\/wp\/v2\/pages"}],"about":[{"href":"https:\/\/strangercam.com\/ro\/wp-json\/wp\/v2\/types\/page"}],"author":[{"embeddable":true,"href":"https:\/\/strangercam.com\/ro\/wp-json\/wp\/v2\/users\/6"}],"replies":[{"embeddable":true,"href":"https:\/\/strangercam.com\/ro\/wp-json\/wp\/v2\/comments?post=10047"}],"version-history":[{"count":0,"href":"https:\/\/strangercam.com\/ro\/wp-json\/wp\/v2\/pages\/10047\/revisions"}],"wp:featuredmedia":[{"embeddable":true,"href":"https:\/\/strangercam.com\/ro\/wp-json\/wp\/v2\/media\/559"}],"wp:attachment":[{"href":"https:\/\/strangercam.com\/ro\/wp-json\/wp\/v2\/media?parent=10047"}],"curies":[{"name":"wp","href":"https:\/\/api.w.org\/{rel}","templated":true}]}}