{"id":1004,"date":"2021-01-10T16:44:29","date_gmt":"2021-01-10T14:44:29","guid":{"rendered":"https:\/\/strangercam.com\/?page_id=1004"},"modified":"2023-08-21T12:24:41","modified_gmt":"2023-08-21T10:24:41","slug":"emerald-chat","status":"publish","type":"page","link":"https:\/\/strangercam.com\/ro\/emerald-chat\/","title":{"rendered":"Emerald Chat"},"content":{"rendered":"<p>Majoritatea oamenilor au ast\u0103zi un stil de via\u021b\u0103 ocupat pentru a-\u0219i atinge obiectivele. Ca urmare, le este dificil s\u0103 \u00ee\u0219i fac\u0103 prieteni noi pentru a-\u0219i \u00eemp\u0103rt\u0103\u0219i emo\u021biile \u0219i alte lucruri. Av\u00e2nd \u00een vedere c\u0103 tehnologiile cresc rapid de la o zi la alta, devine un proces simplu de a intra \u00een contact cu str\u0103inii cu u\u0219urin\u021b\u0103, ceea ce poate ajuta la construirea de noi rela\u021bii. \u00cen prezent, exist\u0103 platforme web \u0219i aplica\u021bii mobile care urm\u0103resc s\u0103 \u00eendeplineasc\u0103 a\u0219tept\u0103rile utilizatorilor care doresc s\u0103 <a href=\"https:\/\/strangercam.com\/ro\/chatroulette\/\">chat<\/a> cu al\u021bii cu u\u0219urin\u021b\u0103. \u00cen acela\u0219i timp, este necesar s\u0103 le evalua\u021bi cu mare aten\u021bie pentru a o alege pe cea potrivit\u0103.<\/p>\n<h2>Platform\u0103 web Emerald pentru a cunoa\u0219te oameni noi<\/h2>\n<p>Emerald este o platform\u0103 web conceput\u0103 pentru a cunoa\u0219te rapid persoane noi online. Platforma le permite utilizatorilor s\u0103 g\u0103seasc\u0103 c\u00e2t mai cur\u00e2nd posibil persoane interesante din diferite domenii de activitate. Ofer\u0103 modalit\u0103\u021bi de a intra \u00een contact cu persoane care au interese similare. Oricine dore\u0219te s\u0103 discute cu persoane necunoscute poate utiliza aceast\u0103 platform\u0103, deoarece ofer\u0103 cele mai bune caracteristici. De fapt, platforma este destina\u021bia potrivit\u0103 pentru cei care doresc s\u0103 \u00ee\u0219i identifice persoana special\u0103 \u00een pa\u0219i simpli. \u00cen acela\u0219i timp, utilizatorii ar trebui s\u0103 citeasc\u0103 cu aten\u021bie instruc\u021biunile \u00eenainte de a face chat-uri.<\/p>\n<h2>Cum func\u021bioneaz\u0103?<\/h2>\n<p>EmeraldChat este considerat a fi alternativa la <a href=\"https:\/\/strangercam.com\/ro\/omegle\/\">Omegle<\/a> iar interfa\u021ba sa cu utilizatorul este destul de asem\u0103n\u0103toare. Ca \u0219i Omegle, nu necesit\u0103 prea multe informa\u021bii pentru \u00eenregistrare \u0219i pute\u021bi \u00eencepe o <a href=\"https:\/\/strangercam.com\/ro\/video-chat-with-strangers\/\">chat video cu str\u0103inii<\/a> liber.<\/p>\n<p>Pentru a \u00eencepe chat-ul video cu str\u0103inii, trebuie s\u0103 accesa\u021bi pagina de pornire \u0219i s\u0103 face\u021bi clic pe butonul Start. Apoi selecta\u021bi genul b\u0103rbat-femeie, dup\u0103 care vi se va cere s\u0103 selecta\u021bi o op\u021biune din<\/p>\n<ul>\n<li>Conversa\u021bie text unu la unu<\/li>\n<li><a href=\"https:\/\/strangercam.com\/ro\/rabbit-video-chat\/\">Chat video<\/a><\/li>\n<li>Chat de grup<\/li>\n<\/ul>\n<h3>Conversa\u021bie text unu la unu:<\/h3>\n<p>\u00cen chat-ul unu la unu, ave\u021bi op\u021biunea de a discuta cu o singur\u0103 persoan\u0103 \u0219i pute\u021bi selecta acea persoan\u0103 din cele 13 hashtag-uri diferite, iar odat\u0103 ce face\u021bi clic pe hashtag-ul care v\u0103 intereseaz\u0103, Emerald va g\u0103si o potrivire pentru dvs., iar apoi pute\u021bi \u00eencepe s\u0103 discuta\u021bi cu acea persoan\u0103.<\/p>\n<h3>Chat video<\/h3>\n<p>\u00cen chat-ul text unu la unu, pute\u021bi discuta cu o persoan\u0103 doar prin chat text. Dac\u0103 dori\u021bi s\u0103 vede\u021bi cealalt\u0103 persoan\u0103 prin intermediul unei camere web, atunci va trebui s\u0103 selecta\u021bi op\u021biunea de chat video. Mul\u021bi oameni prefer\u0103 aceast\u0103 op\u021biune \u0219i doresc s\u0103 fac\u0103 videochat cu persoane necunoscute. Aici v\u0103 pute\u021bi g\u0103si prieteni buni sau o poveste de dragoste sau v\u0103 pute\u021bi bucura de companie \u00een timp util. \u00cen timp ce utiliza\u021bi video chat-ul, ar trebui s\u0103 fi\u021bi mai aten\u021bi \u0219i s\u0103 nu spune\u021bi niciodat\u0103 informa\u021bii personale sau ceva de genul acesta unui str\u0103in, deoarece mul\u021bi escroci online caut\u0103 \u00eentotdeauna oameni nevinova\u021bi cu care s\u0103 \u00een\u0219ele.<\/p>\n<h3>Chat de grup<\/h3>\n<p>Func\u021biile de chat de grup Emerald ofer\u0103 utilizatorilor s\u0103i posibilitatea de a se al\u0103tura diferitelor grupuri care \u00eemp\u0103rt\u0103\u0219esc interese comune. Utilizatorii se pot al\u0103tura grupurilor de chat select\u00e2nd hashtag-urile de interes.<\/p>\n<h2>Care sunt caracteristicile disponibile \u00een platforma web Emerald?<\/h2>\n<p>Platforma web permite utilizatorilor s\u0103 fac\u0103 conversa\u021bii cu mesaje text \u0219i chat-uri video pentru a asigura o experien\u021b\u0103 mai bun\u0103. \u00cen plus, platforma web emerald chat permite utilizatorilor s\u0103 partajeze fotografii \u0219i fi\u0219iere media f\u0103r\u0103 dificult\u0103\u021bi. Utilizatorii pot chiar s\u0103 filtreze meciurile \u00een func\u021bie de sex \u0219i loca\u021bie pe aceast\u0103 platform\u0103 atunci c\u00e2nd doresc <a href=\"https:\/\/strangercam.com\/ro\/coomeet\/\">\u00eent\u00e2lnire<\/a> oameni noi. Procesul de \u00eenscriere este simplu, permi\u021b\u00e2nd unei persoane s\u0103 caute prieteni buni din diferite p\u0103r\u021bi ale lumii. Deoarece platforma web este gratuit\u0103, aceasta permite unei persoane s\u0103 se conecteze cu al\u021bii c\u00e2t mai cur\u00e2nd posibil.<\/p>\n<h2>Caracteristici oferite de aplica\u021bia emerald chat<\/h2>\n<p>Aplica\u021bia se afl\u0103 \u00een prezent \u00een faza de dezvoltare \u0219i va veni cu caracteristici unice. Unele dintre acestea includ u\u0219urin\u021b\u0103, personalizare, actualiz\u0103ri frecvente, moderare permanent\u0103 \u0219i asisten\u021b\u0103 excelent\u0103. Aceasta va func\u021biona pe toate dispozitivele mobile, permi\u021b\u00e2nd utilizatorilor s\u0103 efectueze apeluri cu alte persoane la viteze mari. Cei care doresc s\u0103 afle mai multe despre detalii pot vizita site-ul oficial care poate ajuta s\u0103 \u00eenceap\u0103 s\u0103 g\u0103seasc\u0103 pe cineva care are calit\u0103\u021bi excelente. Platforma web emerald chat face fezabile modalit\u0103\u021bi de a construi noi rela\u021bii \u00een diferite loca\u021bii pentru a \u00eemp\u0103rt\u0103\u0219i totul \u00eentr-un mediu sigur. Pe de alt\u0103 parte, este imperativ s\u0103 citi\u021bi corect termenii \u0219i condi\u021biile \u00eenainte de a utiliza platforma.<\/p>\n<h2>Pre\u021buri<\/h2>\n<p>Emerald este o aplica\u021bie ciudat\u0103 de chat video care ofer\u0103 serviciile sale de baz\u0103 gratuit. Dar pute\u021bi oric\u00e2nd s\u0103 achizi\u021biona\u021bi un abonament al acesteia \u0219i s\u0103 v\u0103 bucura\u021bi de unele beneficii suplimentare. Aceasta ofer\u0103 dou\u0103 tipuri de programe de membru.<\/p>\n<ul>\n<li>Membru Emerald Gold<\/li>\n<li>Emerald Hall of Fame<\/li>\n<\/ul>\n<h3>Membru Emerald Gold<\/h3>\n<p>Utilizatorii Emerald se pot abona la calitatea de membru Gold pl\u0103tind 3,89$ pe lun\u0103. Membrii Emerald Gold se pot bucura de multe caracteristici premium, inclusiv filtre de gen \u0219i o bif\u0103 albastr\u0103 l\u00e2ng\u0103 numele utilizatorilor.<\/p>\n<h3>Emerald Hall of Fame<\/h3>\n<p>Utilizatorii Emerald pot intra \u00een Hall of Fame Emerald pl\u0103tind 8,89$ pe lun\u0103. Profilul utilizatorilor Emerald Hall of Fame apare \u00een primele rezultate \u0219i prime\u0219te multe cereri de prietenie \u0219i, \u00een cele din urm\u0103, multe \u0219anse de a discuta cu oameni din \u00eentreaga lume.<\/p>\n<h2>Este sigur de utilizat?<\/h2>\n<p>Mul\u021bi oameni folosesc acum aplica\u021biile de chat video pentru a-\u0219i g\u0103si noi prieteni, pentru romantism sau pentru a-\u0219i omor\u00ee timpul. Dar multe aplica\u021bii str\u0103ine de chat video nu sunt deloc sigure, fie sunt pline de escroci online \u0219i con\u021binut nepotrivit, fie exist\u0103 un risc de confiden\u021bialitate. EmeraldChat se pretinde a fi alternativa de Omegle \u0219i Omegle copiat \u00een totul, dar aici par s\u0103 lipseasc\u0103. Deoarece nu necesit\u0103 aplica\u021bia mobil\u0103 Emerald este \u00eenc\u0103 \u00een faza de dezvoltare, totu\u0219i o pute\u021bi utiliza \u0219i are acela\u0219i tablou de bord u\u0219or de utilizat ca site-ul s\u0103u.<\/p>","protected":false},"excerpt":{"rendered":"<p>Most people are having a busy lifestyle today to accomplish their goals. As a result, they find it difficult to make new friends for sharing their emotions and other things. With technologies are growing fast day by day, it becomes a simple process to connect with strangers easily that can help build new relationships. Nowadays, [&hellip;]<\/p>\n","protected":false},"author":6,"featured_media":559,"parent":0,"menu_order":0,"comment_status":"closed","ping_status":"closed","template":"","meta":{"footnotes":""},"class_list":["post-1004","page","type-page","status-publish","has-post-thumbnail","hentry"],"yoast_head":"<!-- This site is optimized with the Yoast SEO plugin v27.4 - https:\/\/yoast.com\/product\/yoast-seo-wordpress\/ -->\n<title>Emerald Chat - Cam with Strangers on StrangerCam.com<\/title>\n<meta name=\"description\" content=\"Like Emerald Chat? Come chat with more than 5.000.000 strangers on Stranger Cam for Free! Turn on your cam and find new friends!\" \/>\n<meta name=\"robots\" content=\"index, follow, max-snippet:-1, max-image-preview:large, max-video-preview:-1\" \/>\n<link rel=\"canonical\" href=\"https:\/\/strangercam.com\/ro\/emerald-chat\/\" \/>\n<meta property=\"og:locale\" content=\"ro_RO\" \/>\n<meta property=\"og:type\" content=\"article\" \/>\n<meta property=\"og:title\" content=\"Emerald Chat - Cam with Strangers on StrangerCam.com\" \/>\n<meta property=\"og:description\" content=\"Like Emerald Chat? Come chat with more than 5.000.000 strangers on Stranger Cam for Free! Turn on your cam and find new friends!\" \/>\n<meta property=\"og:url\" content=\"https:\/\/strangercam.com\/ro\/emerald-chat\/\" \/>\n<meta property=\"og:site_name\" content=\"Strangercam\" \/>\n<meta property=\"article:publisher\" content=\"https:\/\/www.facebook.com\/strangercam\" \/>\n<meta property=\"article:modified_time\" content=\"2023-08-21T10:24:41+00:00\" \/>\n<meta property=\"og:image\" content=\"https:\/\/strangercam.com\/wp-content\/uploads\/2020\/11\/stranger-cam-1.png\" \/>\n\t<meta property=\"og:image:width\" content=\"800\" \/>\n\t<meta property=\"og:image:height\" content=\"800\" \/>\n\t<meta property=\"og:image:type\" content=\"image\/png\" \/>\n<meta name=\"twitter:card\" content=\"summary_large_image\" \/>\n<meta name=\"twitter:site\" content=\"@strangercamapp\" \/>\n<meta name=\"twitter:label1\" content=\"Timp estimat pentru citire\" \/>\n\t<meta name=\"twitter:data1\" content=\"5 minute\" \/>\n<script type=\"application\/ld+json\" class=\"yoast-schema-graph\">{\"@context\":\"https:\\\/\\\/schema.org\",\"@graph\":[{\"@type\":\"WebPage\",\"@id\":\"https:\\\/\\\/strangercam.com\\\/emerald-chat\\\/\",\"url\":\"https:\\\/\\\/strangercam.com\\\/emerald-chat\\\/\",\"name\":\"Emerald Chat - Cam with Strangers on StrangerCam.com\",\"isPartOf\":{\"@id\":\"https:\\\/\\\/strangercam.com\\\/#website\"},\"primaryImageOfPage\":{\"@id\":\"https:\\\/\\\/strangercam.com\\\/emerald-chat\\\/#primaryimage\"},\"image\":{\"@id\":\"https:\\\/\\\/strangercam.com\\\/emerald-chat\\\/#primaryimage\"},\"thumbnailUrl\":\"https:\\\/\\\/strangercam.com\\\/wp-content\\\/uploads\\\/2020\\\/11\\\/stranger-cam-1.png\",\"datePublished\":\"2021-01-10T14:44:29+00:00\",\"dateModified\":\"2023-08-21T10:24:41+00:00\",\"description\":\"Like Emerald Chat? Come chat with more than 5.000.000 strangers on Stranger Cam for Free! Turn on your cam and find new friends!\",\"breadcrumb\":{\"@id\":\"https:\\\/\\\/strangercam.com\\\/emerald-chat\\\/#breadcrumb\"},\"inLanguage\":\"ro-RO\",\"potentialAction\":[{\"@type\":\"ReadAction\",\"target\":[\"https:\\\/\\\/strangercam.com\\\/emerald-chat\\\/\"]}]},{\"@type\":\"ImageObject\",\"inLanguage\":\"ro-RO\",\"@id\":\"https:\\\/\\\/strangercam.com\\\/emerald-chat\\\/#primaryimage\",\"url\":\"https:\\\/\\\/strangercam.com\\\/wp-content\\\/uploads\\\/2020\\\/11\\\/stranger-cam-1.png\",\"contentUrl\":\"https:\\\/\\\/strangercam.com\\\/wp-content\\\/uploads\\\/2020\\\/11\\\/stranger-cam-1.png\",\"width\":800,\"height\":800,\"caption\":\"stranger cam random video chat\"},{\"@type\":\"BreadcrumbList\",\"@id\":\"https:\\\/\\\/strangercam.com\\\/emerald-chat\\\/#breadcrumb\",\"itemListElement\":[{\"@type\":\"ListItem\",\"position\":1,\"name\":\"Home\",\"item\":\"https:\\\/\\\/strangercam.com\\\/\"},{\"@type\":\"ListItem\",\"position\":2,\"name\":\"Emerald Chat\"}]},{\"@type\":\"WebSite\",\"@id\":\"https:\\\/\\\/strangercam.com\\\/#website\",\"url\":\"https:\\\/\\\/strangercam.com\\\/\",\"name\":\"Strangercam\",\"description\":\"Random Video Chat with Strangers\",\"publisher\":{\"@id\":\"https:\\\/\\\/strangercam.com\\\/#organization\"},\"alternateName\":\"Strangercam.com\",\"potentialAction\":[{\"@type\":\"SearchAction\",\"target\":{\"@type\":\"EntryPoint\",\"urlTemplate\":\"https:\\\/\\\/strangercam.com\\\/?s={search_term_string}\"},\"query-input\":{\"@type\":\"PropertyValueSpecification\",\"valueRequired\":true,\"valueName\":\"search_term_string\"}}],\"inLanguage\":\"ro-RO\"},{\"@type\":\"Organization\",\"@id\":\"https:\\\/\\\/strangercam.com\\\/#organization\",\"name\":\"Strangercam\",\"alternateName\":\"Strangercam.com\",\"url\":\"https:\\\/\\\/strangercam.com\\\/\",\"logo\":{\"@type\":\"ImageObject\",\"inLanguage\":\"ro-RO\",\"@id\":\"https:\\\/\\\/strangercam.com\\\/#\\\/schema\\\/logo\\\/image\\\/\",\"url\":\"https:\\\/\\\/strangercam.com\\\/wp-content\\\/uploads\\\/2020\\\/11\\\/cropped-new-favicon-black.png\",\"contentUrl\":\"https:\\\/\\\/strangercam.com\\\/wp-content\\\/uploads\\\/2020\\\/11\\\/cropped-new-favicon-black.png\",\"width\":512,\"height\":512,\"caption\":\"Strangercam\"},\"image\":{\"@id\":\"https:\\\/\\\/strangercam.com\\\/#\\\/schema\\\/logo\\\/image\\\/\"},\"sameAs\":[\"https:\\\/\\\/www.facebook.com\\\/strangercam\",\"https:\\\/\\\/x.com\\\/strangercamapp\"]}]}<\/script>\n<!-- \/ Yoast SEO plugin. -->","yoast_head_json":{"title":"Emerald Chat - Cam cu str\u0103inii pe StrangerCam.com","description":"\u00ce\u021bi place Emerald Chat? Vino s\u0103 vorbe\u0219ti cu mai mult de 5.000.000 de str\u0103ini pe Stranger Cam gratuit! Porne\u0219te-\u021bi camera \u0219i g\u0103se\u0219te-\u021bi noi prieteni!","robots":{"index":"index","follow":"follow","max-snippet":"max-snippet:-1","max-image-preview":"max-image-preview:large","max-video-preview":"max-video-preview:-1"},"canonical":"https:\/\/strangercam.com\/ro\/emerald-chat\/","og_locale":"ro_RO","og_type":"article","og_title":"Emerald Chat - Cam with Strangers on StrangerCam.com","og_description":"Like Emerald Chat? Come chat with more than 5.000.000 strangers on Stranger Cam for Free! Turn on your cam and find new friends!","og_url":"https:\/\/strangercam.com\/ro\/emerald-chat\/","og_site_name":"Strangercam","article_publisher":"https:\/\/www.facebook.com\/strangercam","article_modified_time":"2023-08-21T10:24:41+00:00","og_image":[{"width":800,"height":800,"url":"https:\/\/strangercam.com\/wp-content\/uploads\/2020\/11\/stranger-cam-1.png","type":"image\/png"}],"twitter_card":"summary_large_image","twitter_site":"@strangercamapp","twitter_misc":{"Timp estimat pentru citire":"5 minute"},"schema":{"@context":"https:\/\/schema.org","@graph":[{"@type":"WebPage","@id":"https:\/\/strangercam.com\/emerald-chat\/","url":"https:\/\/strangercam.com\/emerald-chat\/","name":"Emerald Chat - Cam cu str\u0103inii pe StrangerCam.com","isPartOf":{"@id":"https:\/\/strangercam.com\/#website"},"primaryImageOfPage":{"@id":"https:\/\/strangercam.com\/emerald-chat\/#primaryimage"},"image":{"@id":"https:\/\/strangercam.com\/emerald-chat\/#primaryimage"},"thumbnailUrl":"https:\/\/strangercam.com\/wp-content\/uploads\/2020\/11\/stranger-cam-1.png","datePublished":"2021-01-10T14:44:29+00:00","dateModified":"2023-08-21T10:24:41+00:00","description":"\u00ce\u021bi place Emerald Chat? Vino s\u0103 vorbe\u0219ti cu mai mult de 5.000.000 de str\u0103ini pe Stranger Cam gratuit! Porne\u0219te-\u021bi camera \u0219i g\u0103se\u0219te-\u021bi noi prieteni!","breadcrumb":{"@id":"https:\/\/strangercam.com\/emerald-chat\/#breadcrumb"},"inLanguage":"ro-RO","potentialAction":[{"@type":"ReadAction","target":["https:\/\/strangercam.com\/emerald-chat\/"]}]},{"@type":"ImageObject","inLanguage":"ro-RO","@id":"https:\/\/strangercam.com\/emerald-chat\/#primaryimage","url":"https:\/\/strangercam.com\/wp-content\/uploads\/2020\/11\/stranger-cam-1.png","contentUrl":"https:\/\/strangercam.com\/wp-content\/uploads\/2020\/11\/stranger-cam-1.png","width":800,"height":800,"caption":"stranger cam random video chat"},{"@type":"BreadcrumbList","@id":"https:\/\/strangercam.com\/emerald-chat\/#breadcrumb","itemListElement":[{"@type":"ListItem","position":1,"name":"Home","item":"https:\/\/strangercam.com\/"},{"@type":"ListItem","position":2,"name":"Emerald Chat"}]},{"@type":"WebSite","@id":"https:\/\/strangercam.com\/#website","url":"https:\/\/strangercam.com\/","name":"Strangercam","description":"Chat video aleatoriu cu str\u0103ini","publisher":{"@id":"https:\/\/strangercam.com\/#organization"},"alternateName":"Strangercam.com","potentialAction":[{"@type":"SearchAction","target":{"@type":"EntryPoint","urlTemplate":"https:\/\/strangercam.com\/?s={search_term_string}"},"query-input":{"@type":"PropertyValueSpecification","valueRequired":true,"valueName":"search_term_string"}}],"inLanguage":"ro-RO"},{"@type":"Organization","@id":"https:\/\/strangercam.com\/#organization","name":"Strangercam","alternateName":"Strangercam.com","url":"https:\/\/strangercam.com\/","logo":{"@type":"ImageObject","inLanguage":"ro-RO","@id":"https:\/\/strangercam.com\/#\/schema\/logo\/image\/","url":"https:\/\/strangercam.com\/wp-content\/uploads\/2020\/11\/cropped-new-favicon-black.png","contentUrl":"https:\/\/strangercam.com\/wp-content\/uploads\/2020\/11\/cropped-new-favicon-black.png","width":512,"height":512,"caption":"Strangercam"},"image":{"@id":"https:\/\/strangercam.com\/#\/schema\/logo\/image\/"},"sameAs":["https:\/\/www.facebook.com\/strangercam","https:\/\/x.com\/strangercamapp"]}]}},"_links":{"self":[{"href":"https:\/\/strangercam.com\/ro\/wp-json\/wp\/v2\/pages\/1004","targetHints":{"allow":["GET"]}}],"collection":[{"href":"https:\/\/strangercam.com\/ro\/wp-json\/wp\/v2\/pages"}],"about":[{"href":"https:\/\/strangercam.com\/ro\/wp-json\/wp\/v2\/types\/page"}],"author":[{"embeddable":true,"href":"https:\/\/strangercam.com\/ro\/wp-json\/wp\/v2\/users\/6"}],"replies":[{"embeddable":true,"href":"https:\/\/strangercam.com\/ro\/wp-json\/wp\/v2\/comments?post=1004"}],"version-history":[{"count":0,"href":"https:\/\/strangercam.com\/ro\/wp-json\/wp\/v2\/pages\/1004\/revisions"}],"wp:featuredmedia":[{"embeddable":true,"href":"https:\/\/strangercam.com\/ro\/wp-json\/wp\/v2\/media\/559"}],"wp:attachment":[{"href":"https:\/\/strangercam.com\/ro\/wp-json\/wp\/v2\/media?parent=1004"}],"curies":[{"name":"wp","href":"https:\/\/api.w.org\/{rel}","templated":true}]}}