{"id":9827,"date":"2022-03-01T17:29:57","date_gmt":"2022-03-01T15:29:57","guid":{"rendered":"https:\/\/strangercam.com\/?page_id=9827"},"modified":"2025-06-16T14:18:35","modified_gmt":"2025-06-16T12:18:35","slug":"declaracao-de-conformidade-2257","status":"publish","type":"page","link":"https:\/\/strangercam.com\/pt-br\/2257-compliance-statement\/","title":{"rendered":"Declara\u00e7\u00e3o de conformidade 2257"},"content":{"rendered":"<p data-start=\"274\" data-end=\"560\">De acordo com a lei americana 18 U.S.C. Se\u00e7\u00e3o 2257 (Child Protection and Obscenity Enforcement Act of 1988) e outras leis internacionais, todos os modelos que aparecem em servi\u00e7os ou plataformas vinculados ou referenciados por <a href=\"https:\/\/strangercam.com\/pt-br\/\">Strangercam<\/a>.com t\u00eam, at\u00e9 onde sabemos, a idade de 18 anos.<\/p>\n<h2 data-start=\"562\" data-end=\"1047\">Isen\u00e7\u00e3o de responsabilidade de afiliados<\/h2>\n<p data-start=\"562\" data-end=\"1047\">O Strangercam.com n\u00e3o possui nem opera nenhuma webcam ou <a href=\"https:\/\/strangercam.com\/pt-br\/rabbit-video-chat\/\">v\u00eddeo<\/a> <a href=\"https:\/\/strangercam.com\/pt-br\/chatroulette\/\">bate-papo<\/a> ferramentas, plataformas ou servi\u00e7os apresentados ou vinculados em nosso site. Somos um site afiliado e de avalia\u00e7\u00e3o <a href=\"https:\/\/strangercam.com\/pt-br\/only2chat\/\">somente<\/a>; Assim sendo, n\u00e3o contratamos, contratamos, gerenciamos ou organizamos quaisquer projetos ou eventos que envolvam modelos. A conformidade com a Se\u00e7\u00e3o 2257 do 18 U.S.C., incluindo todos os requisitos de armazenamento de documentos e verifica\u00e7\u00e3o de idade, \u00e9 de responsabilidade exclusiva de nossos parceiros afiliados e das plataformas que eles operam.<\/p>\n<h2 data-start=\"1049\" data-end=\"1350\">Conte\u00fado de terceiros<\/h2>\n<p data-start=\"1049\" data-end=\"1350\">O site Strangercam.com N\u00c3O produz, hospeda ou gerencia nenhum dos materiais postados em sites de terceiros para os quais temos links. Qualquer conte\u00fado gerado pelo usu\u00e1rio ou conte\u00fado modelo dispon\u00edvel nessas plataformas \u00e9 controlado e regulado pelos respectivos operadores do site, e n\u00e3o pelo Strangercam.com.<\/p>\n<p data-start=\"1352\" data-end=\"1674\">Nossa fun\u00e7\u00e3o \u00e9 apenas revisar, recomendar e fornecer links de afiliados para plataformas e servi\u00e7os externos. Qualquer pessoa que se registre ou use servi\u00e7os por meio de links no Strangercam.com o faz direta e independentemente em plataformas de terceiros, sem qualquer participa\u00e7\u00e3o ou envolvimento do Strangercam.com ou de seus representantes.<\/p>\n<h2 data-start=\"1676\" data-end=\"1946\">Monitoramento e padr\u00f5es de conte\u00fado<\/h2>\n<p data-start=\"1676\" data-end=\"1946\">O Strangercam.com n\u00e3o aprova nem ap\u00f3ia a cria\u00e7\u00e3o ou a publica\u00e7\u00e3o de materiais obscenos. Reservamo-nos o direito de remover links ou refer\u00eancias a qualquer conte\u00fado externo que, em nossa opini\u00e3o, seja claramente obsceno, indecente ou difamat\u00f3rio.<\/p>\n<h2 data-start=\"1948\" data-end=\"2136\">Conte\u00fado de Strangercam.com<\/h2>\n<p data-start=\"1948\" data-end=\"2136\">Todo o conte\u00fado produzido pelo Strangercam.com ou por seus representantes n\u00e3o \u00e9 er\u00f3tico ou pornogr\u00e1fico e, portanto, n\u00e3o est\u00e1 sujeito \u00e0 lei americana 18 U.S.C. Se\u00e7\u00e3o 2257.<\/p>\n<h2 data-start=\"2138\" data-end=\"2503\">Armazenamento e conformidade de documentos<\/h2>\n<p data-start=\"2138\" data-end=\"2503\">Todos os registros e documentos de verifica\u00e7\u00e3o de idade exigidos pela lei dos EUA 18 U.S.C. Se\u00e7\u00e3o 2257 s\u00e3o mantidos por nossos parceiros afiliados e pelos operadores das plataformas de terceiros \u00e0s quais nos vinculamos. O Strangercam.com n\u00e3o armazena nem mant\u00e9m nenhum documento 2257, pois n\u00e3o operamos nem produzimos nenhum conte\u00fado que exija tal conformidade.<\/p>\n<p data-start=\"2505\" data-end=\"2624\">Em caso de d\u00favidas ou preocupa\u00e7\u00f5es relacionadas \u00e0 conformidade, entre em contato diretamente com os operadores das plataformas de terceiros.<\/p>","protected":false},"excerpt":{"rendered":"<p>In accordance with US law 18 U.S.C. Section 2257 (Child Protection and Obscenity Enforcement Act of 1988) and other international acts, all models appearing on services or platforms linked or referenced by Strangercam.com have, to the best of our knowledge, reached the age of 18 years. Affiliate Disclaimer Strangercam.com does not own or operate any [&hellip;]<\/p>\n","protected":false},"author":1,"featured_media":0,"parent":0,"menu_order":0,"comment_status":"closed","ping_status":"closed","template":"","meta":{"footnotes":""},"class_list":["post-9827","page","type-page","status-publish","hentry"],"yoast_head":"<!-- This site is optimized with the Yoast SEO plugin v27.4 - https:\/\/yoast.com\/product\/yoast-seo-wordpress\/ -->\n<title>2257 Compliance Statement - Strangercam<\/title>\n<meta name=\"robots\" content=\"index, follow, max-snippet:-1, max-image-preview:large, max-video-preview:-1\" \/>\n<link rel=\"canonical\" href=\"https:\/\/strangercam.com\/pt-br\/declaracao-de-conformidade-2257\/\" \/>\n<meta property=\"og:locale\" content=\"pt_BR\" \/>\n<meta property=\"og:type\" content=\"article\" \/>\n<meta property=\"og:title\" content=\"2257 Compliance Statement - Strangercam\" \/>\n<meta property=\"og:description\" content=\"In accordance with US law 18 U.S.C. Section 2257 (Child Protection and Obscenity Enforcement Act of 1988) and other international acts, all models appearing on services or platforms linked or referenced by Strangercam.com have, to the best of our knowledge, reached the age of 18 years. Affiliate Disclaimer Strangercam.com does not own or operate any [&hellip;]\" \/>\n<meta property=\"og:url\" content=\"https:\/\/strangercam.com\/pt-br\/declaracao-de-conformidade-2257\/\" \/>\n<meta property=\"og:site_name\" content=\"Strangercam\" \/>\n<meta property=\"article:publisher\" content=\"https:\/\/www.facebook.com\/strangercam\" \/>\n<meta property=\"article:modified_time\" content=\"2025-06-16T12:18:35+00:00\" \/>\n<meta property=\"og:image\" content=\"https:\/\/strangercam.com\/wp-content\/uploads\/2021\/10\/Untitled-2.png\" \/>\n\t<meta property=\"og:image:width\" content=\"800\" \/>\n\t<meta property=\"og:image:height\" content=\"532\" \/>\n\t<meta property=\"og:image:type\" content=\"image\/png\" \/>\n<meta name=\"twitter:card\" content=\"summary_large_image\" \/>\n<meta name=\"twitter:site\" content=\"@strangercamapp\" \/>\n<meta name=\"twitter:label1\" content=\"Est. tempo de leitura\" \/>\n\t<meta name=\"twitter:data1\" content=\"2 minutos\" \/>\n<script type=\"application\/ld+json\" class=\"yoast-schema-graph\">{\"@context\":\"https:\\\/\\\/schema.org\",\"@graph\":[{\"@type\":\"WebPage\",\"@id\":\"https:\\\/\\\/strangercam.com\\\/2257-compliance-statement\\\/\",\"url\":\"https:\\\/\\\/strangercam.com\\\/2257-compliance-statement\\\/\",\"name\":\"2257 Compliance Statement - Strangercam\",\"isPartOf\":{\"@id\":\"https:\\\/\\\/strangercam.com\\\/#website\"},\"datePublished\":\"2022-03-01T15:29:57+00:00\",\"dateModified\":\"2025-06-16T12:18:35+00:00\",\"breadcrumb\":{\"@id\":\"https:\\\/\\\/strangercam.com\\\/2257-compliance-statement\\\/#breadcrumb\"},\"inLanguage\":\"pt-BR\",\"potentialAction\":[{\"@type\":\"ReadAction\",\"target\":[\"https:\\\/\\\/strangercam.com\\\/2257-compliance-statement\\\/\"]}]},{\"@type\":\"BreadcrumbList\",\"@id\":\"https:\\\/\\\/strangercam.com\\\/2257-compliance-statement\\\/#breadcrumb\",\"itemListElement\":[{\"@type\":\"ListItem\",\"position\":1,\"name\":\"Home\",\"item\":\"https:\\\/\\\/strangercam.com\\\/\"},{\"@type\":\"ListItem\",\"position\":2,\"name\":\"2257 Compliance Statement\"}]},{\"@type\":\"WebSite\",\"@id\":\"https:\\\/\\\/strangercam.com\\\/#website\",\"url\":\"https:\\\/\\\/strangercam.com\\\/\",\"name\":\"Strangercam\",\"description\":\"Random Video Chat with Strangers\",\"publisher\":{\"@id\":\"https:\\\/\\\/strangercam.com\\\/#organization\"},\"alternateName\":\"Strangercam.com\",\"potentialAction\":[{\"@type\":\"SearchAction\",\"target\":{\"@type\":\"EntryPoint\",\"urlTemplate\":\"https:\\\/\\\/strangercam.com\\\/?s={search_term_string}\"},\"query-input\":{\"@type\":\"PropertyValueSpecification\",\"valueRequired\":true,\"valueName\":\"search_term_string\"}}],\"inLanguage\":\"pt-BR\"},{\"@type\":\"Organization\",\"@id\":\"https:\\\/\\\/strangercam.com\\\/#organization\",\"name\":\"Strangercam\",\"alternateName\":\"Strangercam.com\",\"url\":\"https:\\\/\\\/strangercam.com\\\/\",\"logo\":{\"@type\":\"ImageObject\",\"inLanguage\":\"pt-BR\",\"@id\":\"https:\\\/\\\/strangercam.com\\\/#\\\/schema\\\/logo\\\/image\\\/\",\"url\":\"https:\\\/\\\/strangercam.com\\\/wp-content\\\/uploads\\\/2020\\\/11\\\/cropped-new-favicon-black.png\",\"contentUrl\":\"https:\\\/\\\/strangercam.com\\\/wp-content\\\/uploads\\\/2020\\\/11\\\/cropped-new-favicon-black.png\",\"width\":512,\"height\":512,\"caption\":\"Strangercam\"},\"image\":{\"@id\":\"https:\\\/\\\/strangercam.com\\\/#\\\/schema\\\/logo\\\/image\\\/\"},\"sameAs\":[\"https:\\\/\\\/www.facebook.com\\\/strangercam\",\"https:\\\/\\\/x.com\\\/strangercamapp\"]}]}<\/script>\n<!-- \/ Yoast SEO plugin. -->","yoast_head_json":{"title":"Declara\u00e7\u00e3o de conformidade 2257 - Strangercam","robots":{"index":"index","follow":"follow","max-snippet":"max-snippet:-1","max-image-preview":"max-image-preview:large","max-video-preview":"max-video-preview:-1"},"canonical":"https:\/\/strangercam.com\/pt-br\/declaracao-de-conformidade-2257\/","og_locale":"pt_BR","og_type":"article","og_title":"2257 Compliance Statement - Strangercam","og_description":"In accordance with US law 18 U.S.C. Section 2257 (Child Protection and Obscenity Enforcement Act of 1988) and other international acts, all models appearing on services or platforms linked or referenced by Strangercam.com have, to the best of our knowledge, reached the age of 18 years. Affiliate Disclaimer Strangercam.com does not own or operate any [&hellip;]","og_url":"https:\/\/strangercam.com\/pt-br\/declaracao-de-conformidade-2257\/","og_site_name":"Strangercam","article_publisher":"https:\/\/www.facebook.com\/strangercam","article_modified_time":"2025-06-16T12:18:35+00:00","og_image":[{"width":800,"height":532,"url":"https:\/\/strangercam.com\/wp-content\/uploads\/2021\/10\/Untitled-2.png","type":"image\/png"}],"twitter_card":"summary_large_image","twitter_site":"@strangercamapp","twitter_misc":{"Est. tempo de leitura":"2 minutos"},"schema":{"@context":"https:\/\/schema.org","@graph":[{"@type":"WebPage","@id":"https:\/\/strangercam.com\/2257-compliance-statement\/","url":"https:\/\/strangercam.com\/2257-compliance-statement\/","name":"Declara\u00e7\u00e3o de conformidade 2257 - Strangercam","isPartOf":{"@id":"https:\/\/strangercam.com\/#website"},"datePublished":"2022-03-01T15:29:57+00:00","dateModified":"2025-06-16T12:18:35+00:00","breadcrumb":{"@id":"https:\/\/strangercam.com\/2257-compliance-statement\/#breadcrumb"},"inLanguage":"pt-BR","potentialAction":[{"@type":"ReadAction","target":["https:\/\/strangercam.com\/2257-compliance-statement\/"]}]},{"@type":"BreadcrumbList","@id":"https:\/\/strangercam.com\/2257-compliance-statement\/#breadcrumb","itemListElement":[{"@type":"ListItem","position":1,"name":"Home","item":"https:\/\/strangercam.com\/"},{"@type":"ListItem","position":2,"name":"2257 Compliance Statement"}]},{"@type":"WebSite","@id":"https:\/\/strangercam.com\/#website","url":"https:\/\/strangercam.com\/","name":"Strangercam","description":"Bate-papo por v\u00eddeo aleat\u00f3rio com estranhos","publisher":{"@id":"https:\/\/strangercam.com\/#organization"},"alternateName":"Strangercam.com","potentialAction":[{"@type":"SearchAction","target":{"@type":"EntryPoint","urlTemplate":"https:\/\/strangercam.com\/?s={search_term_string}"},"query-input":{"@type":"PropertyValueSpecification","valueRequired":true,"valueName":"search_term_string"}}],"inLanguage":"pt-BR"},{"@type":"Organization","@id":"https:\/\/strangercam.com\/#organization","name":"Strangercam","alternateName":"Strangercam.com","url":"https:\/\/strangercam.com\/","logo":{"@type":"ImageObject","inLanguage":"pt-BR","@id":"https:\/\/strangercam.com\/#\/schema\/logo\/image\/","url":"https:\/\/strangercam.com\/wp-content\/uploads\/2020\/11\/cropped-new-favicon-black.png","contentUrl":"https:\/\/strangercam.com\/wp-content\/uploads\/2020\/11\/cropped-new-favicon-black.png","width":512,"height":512,"caption":"Strangercam"},"image":{"@id":"https:\/\/strangercam.com\/#\/schema\/logo\/image\/"},"sameAs":["https:\/\/www.facebook.com\/strangercam","https:\/\/x.com\/strangercamapp"]}]}},"_links":{"self":[{"href":"https:\/\/strangercam.com\/pt-br\/wp-json\/wp\/v2\/pages\/9827","targetHints":{"allow":["GET"]}}],"collection":[{"href":"https:\/\/strangercam.com\/pt-br\/wp-json\/wp\/v2\/pages"}],"about":[{"href":"https:\/\/strangercam.com\/pt-br\/wp-json\/wp\/v2\/types\/page"}],"author":[{"embeddable":true,"href":"https:\/\/strangercam.com\/pt-br\/wp-json\/wp\/v2\/users\/1"}],"replies":[{"embeddable":true,"href":"https:\/\/strangercam.com\/pt-br\/wp-json\/wp\/v2\/comments?post=9827"}],"version-history":[{"count":1,"href":"https:\/\/strangercam.com\/pt-br\/wp-json\/wp\/v2\/pages\/9827\/revisions"}],"predecessor-version":[{"id":12877,"href":"https:\/\/strangercam.com\/pt-br\/wp-json\/wp\/v2\/pages\/9827\/revisions\/12877"}],"wp:attachment":[{"href":"https:\/\/strangercam.com\/pt-br\/wp-json\/wp\/v2\/media?parent=9827"}],"curies":[{"name":"wp","href":"https:\/\/api.w.org\/{rel}","templated":true}]}}