{"id":980,"date":"2021-01-09T13:06:16","date_gmt":"2021-01-09T11:06:16","guid":{"rendered":"https:\/\/strangercam.com\/?page_id=980"},"modified":"2023-08-21T11:40:07","modified_gmt":"2023-08-21T09:40:07","slug":"azar-app","status":"publish","type":"page","link":"https:\/\/strangercam.com\/pt-br\/azar-app\/","title":{"rendered":"Azar App"},"content":{"rendered":"<p>Fazer novos amigos em um novo local pode se tornar dif\u00edcil para muitas pessoas devido a v\u00e1rios fatores. Como resultado, elas gostam de usar algumas plataformas e aplicativos para se conectar com estranhos o mais r\u00e1pido poss\u00edvel. Entretanto, nem todas s\u00e3o iguais e \u00e9 preciso fazer um estudo detalhado sobre elas. Isso ajudar\u00e1 muito a encontrar uma plataforma ou aplicativo que ajude a encontrar personalidades interessantes de diferentes partes do mundo com facilidade. A maioria das plataformas e aplicativos permite que os usu\u00e1rios se conectem com outras pessoas rapidamente para obter uma experi\u00eancia melhor.<\/p>\n<h2>Aplicativo Azar para conhecer pessoas que pensam como voc\u00ea<\/h2>\n<p>Qualquer pessoa que queira buscar um <a href=\"https:\/\/strangercam.com\/pt-br\/mili\/\">ao vivo<\/a> A conex\u00e3o em tempo real pode escolher o aplicativo Azar para atender \u00e0s suas necessidades. O aplicativo <a href=\"https:\/\/strangercam.com\/pt-br\/rabbit-video-chat\/\">v\u00eddeo<\/a> <a href=\"https:\/\/strangercam.com\/pt-br\/chatroulette\/\">bate-papo<\/a> O aplicativo permite que os usu\u00e1rios tenham conversas divertidas com pessoas desconhecidas com os recursos mais recentes. Outro aspecto do aplicativo \u00e9 que ele viabiliza maneiras de adicionar filtros e efeitos ao mesmo tempo. <a href=\"https:\/\/strangercam.com\/pt-br\/chatingly\/\">bate-papo<\/a> com outras pessoas. Al\u00e9m disso, ele permite que os usu\u00e1rios combinem pessoas que compartilham interesses comuns com uma pessoa. Al\u00e9m disso, o aplicativo oferece maneiras de estabelecer rapidamente conversas eficazes com pessoas que pensam da mesma forma em v\u00e1rios locais.<\/p>\n<h2>Quais s\u00e3o os recursos oferecidos pelo aplicativo Azar?<\/h2>\n<p>Os usu\u00e1rios devem conhecer os recursos do aplicativo antes de iniciar as conversas. O Azar abrange alguns recursos excelentes para pessoas que desejam fazer bons amigos em um local. Ele permite que o usu\u00e1rio navegue pelos recursos de hist\u00f3rico que oferecem maneiras de retomar o bate-papo com conex\u00f5es anteriores. Al\u00e9m disso, o recurso de bate-papo integrado oferecido pelo aplicativo traduz mensagens em idiomas estrangeiros com alta precis\u00e3o. A plataforma do aplicativo \u00e9 a melhor op\u00e7\u00e3o para explorar novas pessoas em passos simples. Al\u00e9m disso, \u00e9 poss\u00edvel usar filtros de g\u00eanero e regi\u00e3o quando se deseja conversar com outras pessoas.<\/p>\n<h2>Como fazer o download do aplicativo?<\/h2>\n<p>O aplicativo j\u00e1 est\u00e1 dispon\u00edvel em <a href=\"https:\/\/play.google.com\/store\/apps\/details?id=com.azarlihttps:\/\/play.google.com\/store\/apps\/details?id=com.azarlive.android&amp;hl=en_ZA&amp;gl=USve.android&amp;hl=en_ZA&amp;gl=US\">Google Play Store<\/a> e os usu\u00e1rios podem fazer o download do mesmo em seus dispositivos m\u00f3veis sem dificuldades. Os usu\u00e1rios que desejam ter encontros divertidos com estranhos podem se beneficiar mais do recurso ao vivo do Azar. O suporte da equipe de atendimento ao cliente 24 horas por dia, 7 dias por semana, oferecido pelo aplicativo, permite que os usu\u00e1rios se conectem com outras pessoas em um ambiente divertido. Ao mesmo tempo, \u00e9 preciso ler as avalia\u00e7\u00f5es e classifica\u00e7\u00f5es do aplicativo antes de instal\u00e1-lo em dispositivos m\u00f3veis. Ambos <a href=\"https:\/\/strangercam.com\/pt-br\/chat4free\/\">gratuito<\/a> As vers\u00f5es de assinatura e de assinatura est\u00e3o dispon\u00edveis para os usu\u00e1rios, que podem escolher a que melhor atenda \u00e0s suas expectativas. Al\u00e9m disso, o aplicativo abre caminhos para combinar perfis facilmente e fazer amigos sem nenhum inc\u00f4modo.<\/p>","protected":false},"excerpt":{"rendered":"<p>Making new friends in a new location may become a difficult one for many people due to various factors. As a result, they like to use some platforms and apps to connect with strangers as soon as possible. However, not all are the same and one should make a detailed study about them in detail. [&hellip;]<\/p>\n","protected":false},"author":6,"featured_media":559,"parent":0,"menu_order":0,"comment_status":"closed","ping_status":"closed","template":"","meta":{"footnotes":""},"class_list":["post-980","page","type-page","status-publish","has-post-thumbnail","hentry"],"yoast_head":"<!-- This site is optimized with the Yoast SEO plugin v27.4 - https:\/\/yoast.com\/product\/yoast-seo-wordpress\/ -->\n<title>Azar App - Swipe, Match, Video Chat - Cam on StrangerCam.com<\/title>\n<meta name=\"description\" content=\"Like Azar App? Come chat with more than 5.000.000 strangers on Stranger Cam for Free! Turn on your cam and find new friends &amp; maby a match!\" \/>\n<meta name=\"robots\" content=\"index, follow, max-snippet:-1, max-image-preview:large, max-video-preview:-1\" \/>\n<link rel=\"canonical\" href=\"https:\/\/strangercam.com\/pt-br\/azar-app\/\" \/>\n<meta property=\"og:locale\" content=\"pt_BR\" \/>\n<meta property=\"og:type\" content=\"article\" \/>\n<meta property=\"og:title\" content=\"Azar App - Swipe, Match, Video Chat - Cam on StrangerCam.com\" \/>\n<meta property=\"og:description\" content=\"Like Azar App? Come chat with more than 5.000.000 strangers on Stranger Cam for Free! Turn on your cam and find new friends &amp; maby a match!\" \/>\n<meta property=\"og:url\" content=\"https:\/\/strangercam.com\/pt-br\/azar-app\/\" \/>\n<meta property=\"og:site_name\" content=\"Strangercam\" \/>\n<meta property=\"article:publisher\" content=\"https:\/\/www.facebook.com\/strangercam\" \/>\n<meta property=\"article:modified_time\" content=\"2023-08-21T09:40:07+00:00\" \/>\n<meta property=\"og:image\" content=\"https:\/\/strangercam.com\/wp-content\/uploads\/2020\/11\/stranger-cam-1.png\" \/>\n\t<meta property=\"og:image:width\" content=\"800\" \/>\n\t<meta property=\"og:image:height\" content=\"800\" \/>\n\t<meta property=\"og:image:type\" content=\"image\/png\" \/>\n<meta name=\"twitter:card\" content=\"summary_large_image\" \/>\n<meta name=\"twitter:site\" content=\"@strangercamapp\" \/>\n<meta name=\"twitter:label1\" content=\"Est. tempo de leitura\" \/>\n\t<meta name=\"twitter:data1\" content=\"2 minutos\" \/>\n<script type=\"application\/ld+json\" class=\"yoast-schema-graph\">{\"@context\":\"https:\\\/\\\/schema.org\",\"@graph\":[{\"@type\":\"WebPage\",\"@id\":\"https:\\\/\\\/strangercam.com\\\/azar-app\\\/\",\"url\":\"https:\\\/\\\/strangercam.com\\\/azar-app\\\/\",\"name\":\"Azar App - Swipe, Match, Video Chat - Cam on StrangerCam.com\",\"isPartOf\":{\"@id\":\"https:\\\/\\\/strangercam.com\\\/#website\"},\"primaryImageOfPage\":{\"@id\":\"https:\\\/\\\/strangercam.com\\\/azar-app\\\/#primaryimage\"},\"image\":{\"@id\":\"https:\\\/\\\/strangercam.com\\\/azar-app\\\/#primaryimage\"},\"thumbnailUrl\":\"https:\\\/\\\/strangercam.com\\\/wp-content\\\/uploads\\\/2020\\\/11\\\/stranger-cam-1.png\",\"datePublished\":\"2021-01-09T11:06:16+00:00\",\"dateModified\":\"2023-08-21T09:40:07+00:00\",\"description\":\"Like Azar App? Come chat with more than 5.000.000 strangers on Stranger Cam for Free! Turn on your cam and find new friends & maby a match!\",\"breadcrumb\":{\"@id\":\"https:\\\/\\\/strangercam.com\\\/azar-app\\\/#breadcrumb\"},\"inLanguage\":\"pt-BR\",\"potentialAction\":[{\"@type\":\"ReadAction\",\"target\":[\"https:\\\/\\\/strangercam.com\\\/azar-app\\\/\"]}]},{\"@type\":\"ImageObject\",\"inLanguage\":\"pt-BR\",\"@id\":\"https:\\\/\\\/strangercam.com\\\/azar-app\\\/#primaryimage\",\"url\":\"https:\\\/\\\/strangercam.com\\\/wp-content\\\/uploads\\\/2020\\\/11\\\/stranger-cam-1.png\",\"contentUrl\":\"https:\\\/\\\/strangercam.com\\\/wp-content\\\/uploads\\\/2020\\\/11\\\/stranger-cam-1.png\",\"width\":800,\"height\":800,\"caption\":\"stranger cam random video chat\"},{\"@type\":\"BreadcrumbList\",\"@id\":\"https:\\\/\\\/strangercam.com\\\/azar-app\\\/#breadcrumb\",\"itemListElement\":[{\"@type\":\"ListItem\",\"position\":1,\"name\":\"Home\",\"item\":\"https:\\\/\\\/strangercam.com\\\/\"},{\"@type\":\"ListItem\",\"position\":2,\"name\":\"Azar App\"}]},{\"@type\":\"WebSite\",\"@id\":\"https:\\\/\\\/strangercam.com\\\/#website\",\"url\":\"https:\\\/\\\/strangercam.com\\\/\",\"name\":\"Strangercam\",\"description\":\"Random Video Chat with Strangers\",\"publisher\":{\"@id\":\"https:\\\/\\\/strangercam.com\\\/#organization\"},\"alternateName\":\"Strangercam.com\",\"potentialAction\":[{\"@type\":\"SearchAction\",\"target\":{\"@type\":\"EntryPoint\",\"urlTemplate\":\"https:\\\/\\\/strangercam.com\\\/?s={search_term_string}\"},\"query-input\":{\"@type\":\"PropertyValueSpecification\",\"valueRequired\":true,\"valueName\":\"search_term_string\"}}],\"inLanguage\":\"pt-BR\"},{\"@type\":\"Organization\",\"@id\":\"https:\\\/\\\/strangercam.com\\\/#organization\",\"name\":\"Strangercam\",\"alternateName\":\"Strangercam.com\",\"url\":\"https:\\\/\\\/strangercam.com\\\/\",\"logo\":{\"@type\":\"ImageObject\",\"inLanguage\":\"pt-BR\",\"@id\":\"https:\\\/\\\/strangercam.com\\\/#\\\/schema\\\/logo\\\/image\\\/\",\"url\":\"https:\\\/\\\/strangercam.com\\\/wp-content\\\/uploads\\\/2020\\\/11\\\/cropped-new-favicon-black.png\",\"contentUrl\":\"https:\\\/\\\/strangercam.com\\\/wp-content\\\/uploads\\\/2020\\\/11\\\/cropped-new-favicon-black.png\",\"width\":512,\"height\":512,\"caption\":\"Strangercam\"},\"image\":{\"@id\":\"https:\\\/\\\/strangercam.com\\\/#\\\/schema\\\/logo\\\/image\\\/\"},\"sameAs\":[\"https:\\\/\\\/www.facebook.com\\\/strangercam\",\"https:\\\/\\\/x.com\\\/strangercamapp\"]}]}<\/script>\n<!-- \/ Yoast SEO plugin. -->","yoast_head_json":{"title":"Azar App - Passe, combine, bate-papo por v\u00eddeo - C\u00e2mera em StrangerCam.com","description":"Gosta do Azar App? Venha conversar com mais de 5.000.000 de desconhecidos no Stranger Cam gratuitamente! Ligue sua c\u00e2mera e encontre novos amigos e talvez um par!","robots":{"index":"index","follow":"follow","max-snippet":"max-snippet:-1","max-image-preview":"max-image-preview:large","max-video-preview":"max-video-preview:-1"},"canonical":"https:\/\/strangercam.com\/pt-br\/azar-app\/","og_locale":"pt_BR","og_type":"article","og_title":"Azar App - Swipe, Match, Video Chat - Cam on StrangerCam.com","og_description":"Like Azar App? Come chat with more than 5.000.000 strangers on Stranger Cam for Free! Turn on your cam and find new friends & maby a match!","og_url":"https:\/\/strangercam.com\/pt-br\/azar-app\/","og_site_name":"Strangercam","article_publisher":"https:\/\/www.facebook.com\/strangercam","article_modified_time":"2023-08-21T09:40:07+00:00","og_image":[{"width":800,"height":800,"url":"https:\/\/strangercam.com\/wp-content\/uploads\/2020\/11\/stranger-cam-1.png","type":"image\/png"}],"twitter_card":"summary_large_image","twitter_site":"@strangercamapp","twitter_misc":{"Est. tempo de leitura":"2 minutos"},"schema":{"@context":"https:\/\/schema.org","@graph":[{"@type":"WebPage","@id":"https:\/\/strangercam.com\/azar-app\/","url":"https:\/\/strangercam.com\/azar-app\/","name":"Azar App - Passe, combine, bate-papo por v\u00eddeo - C\u00e2mera em StrangerCam.com","isPartOf":{"@id":"https:\/\/strangercam.com\/#website"},"primaryImageOfPage":{"@id":"https:\/\/strangercam.com\/azar-app\/#primaryimage"},"image":{"@id":"https:\/\/strangercam.com\/azar-app\/#primaryimage"},"thumbnailUrl":"https:\/\/strangercam.com\/wp-content\/uploads\/2020\/11\/stranger-cam-1.png","datePublished":"2021-01-09T11:06:16+00:00","dateModified":"2023-08-21T09:40:07+00:00","description":"Gosta do Azar App? Venha conversar com mais de 5.000.000 de desconhecidos no Stranger Cam gratuitamente! Ligue sua c\u00e2mera e encontre novos amigos e talvez um par!","breadcrumb":{"@id":"https:\/\/strangercam.com\/azar-app\/#breadcrumb"},"inLanguage":"pt-BR","potentialAction":[{"@type":"ReadAction","target":["https:\/\/strangercam.com\/azar-app\/"]}]},{"@type":"ImageObject","inLanguage":"pt-BR","@id":"https:\/\/strangercam.com\/azar-app\/#primaryimage","url":"https:\/\/strangercam.com\/wp-content\/uploads\/2020\/11\/stranger-cam-1.png","contentUrl":"https:\/\/strangercam.com\/wp-content\/uploads\/2020\/11\/stranger-cam-1.png","width":800,"height":800,"caption":"stranger cam random video chat"},{"@type":"BreadcrumbList","@id":"https:\/\/strangercam.com\/azar-app\/#breadcrumb","itemListElement":[{"@type":"ListItem","position":1,"name":"Home","item":"https:\/\/strangercam.com\/"},{"@type":"ListItem","position":2,"name":"Azar App"}]},{"@type":"WebSite","@id":"https:\/\/strangercam.com\/#website","url":"https:\/\/strangercam.com\/","name":"Strangercam","description":"Bate-papo por v\u00eddeo aleat\u00f3rio com estranhos","publisher":{"@id":"https:\/\/strangercam.com\/#organization"},"alternateName":"Strangercam.com","potentialAction":[{"@type":"SearchAction","target":{"@type":"EntryPoint","urlTemplate":"https:\/\/strangercam.com\/?s={search_term_string}"},"query-input":{"@type":"PropertyValueSpecification","valueRequired":true,"valueName":"search_term_string"}}],"inLanguage":"pt-BR"},{"@type":"Organization","@id":"https:\/\/strangercam.com\/#organization","name":"Strangercam","alternateName":"Strangercam.com","url":"https:\/\/strangercam.com\/","logo":{"@type":"ImageObject","inLanguage":"pt-BR","@id":"https:\/\/strangercam.com\/#\/schema\/logo\/image\/","url":"https:\/\/strangercam.com\/wp-content\/uploads\/2020\/11\/cropped-new-favicon-black.png","contentUrl":"https:\/\/strangercam.com\/wp-content\/uploads\/2020\/11\/cropped-new-favicon-black.png","width":512,"height":512,"caption":"Strangercam"},"image":{"@id":"https:\/\/strangercam.com\/#\/schema\/logo\/image\/"},"sameAs":["https:\/\/www.facebook.com\/strangercam","https:\/\/x.com\/strangercamapp"]}]}},"_links":{"self":[{"href":"https:\/\/strangercam.com\/pt-br\/wp-json\/wp\/v2\/pages\/980","targetHints":{"allow":["GET"]}}],"collection":[{"href":"https:\/\/strangercam.com\/pt-br\/wp-json\/wp\/v2\/pages"}],"about":[{"href":"https:\/\/strangercam.com\/pt-br\/wp-json\/wp\/v2\/types\/page"}],"author":[{"embeddable":true,"href":"https:\/\/strangercam.com\/pt-br\/wp-json\/wp\/v2\/users\/6"}],"replies":[{"embeddable":true,"href":"https:\/\/strangercam.com\/pt-br\/wp-json\/wp\/v2\/comments?post=980"}],"version-history":[{"count":0,"href":"https:\/\/strangercam.com\/pt-br\/wp-json\/wp\/v2\/pages\/980\/revisions"}],"wp:featuredmedia":[{"embeddable":true,"href":"https:\/\/strangercam.com\/pt-br\/wp-json\/wp\/v2\/media\/559"}],"wp:attachment":[{"href":"https:\/\/strangercam.com\/pt-br\/wp-json\/wp\/v2\/media?parent=980"}],"curies":[{"name":"wp","href":"https:\/\/api.w.org\/{rel}","templated":true}]}}