{"id":9038,"date":"2025-09-29T10:37:31","date_gmt":"2025-09-29T08:37:31","guid":{"rendered":"https:\/\/strangercam.com\/?page_id=9038"},"modified":"2025-09-29T12:03:57","modified_gmt":"2025-09-29T10:03:57","slug":"bate-papo-on-line-gratuito","status":"publish","type":"page","link":"https:\/\/strangercam.com\/pt-br\/free-online-chat\/","title":{"rendered":"Chat on-line gratuito"},"content":{"rendered":"<p>Voc\u00ea est\u00e1 procurando por Free Online <a href=\"https:\/\/strangercam.com\/pt-br\/chathub\/\">Bate-papo<\/a>? Voc\u00ea n\u00e3o est\u00e1 sozinho. Todos os meses, milh\u00f5es de pessoas digitam essas palavras exatas no Google, procurando uma maneira r\u00e1pida, segura e gratuita de <a href=\"https:\/\/strangercam.com\/pt-br\/coomeet\/\">conhecer<\/a> novas pessoas on-line. Ao contr\u00e1rio das redes sociais ou dos aplicativos de namoro que exigem longos cadastros, as plataformas de bate-papo on-line gratuitas permitem que voc\u00ea se conecte instantaneamente, sem complica\u00e7\u00f5es.<\/p>\n<p>Em 2025, plataformas como a StrangerCam tornaram mais f\u00e1cil do que nunca come\u00e7ar a conversar gratuitamente, sem downloads ou custos ocultos. Quer voc\u00ea queira conversas casuais, amizades globais ou flertes leves, o bate-papo on-line gratuito ainda \u00e9 uma das maneiras mais interessantes de se conectar on-line.<\/p>\n<p>Este guia abordar\u00e1 tudo o que voc\u00ea precisa saber: o que \u00e9 o bate-papo on-line gratuito, por que ele \u00e9 t\u00e3o popular, como funciona, sua hist\u00f3ria, quais recursos s\u00e3o mais importantes, as principais plataformas, dicas de seguran\u00e7a e por que o StrangerCam \u00e9 uma das melhores op\u00e7\u00f5es atualmente.<\/p>\n<h2>O que \u00e9 o bate-papo on-line gratuito?<\/h2>\n<p>O bate-papo on-line gratuito refere-se a plataformas digitais em que voc\u00ea pode conversar com pessoas instantaneamente por meio de texto ou v\u00eddeo, sem pagar taxas ou criar perfis longos. A ideia \u00e9 simples: voc\u00ea clica em um bot\u00e3o e se conecta com algu\u00e9m novo - a qualquer hora, em qualquer lugar.<\/p>\n<p>Diferentemente das m\u00eddias sociais tradicionais ou dos aplicativos de namoro, as plataformas de bate-papo gratuitas s\u00e3o voltadas para a espontaneidade. Elas n\u00e3o requerem deslizamento de tela, algoritmos ou perfis selecionados. Em vez disso, elas oferecem intera\u00e7\u00e3o em tempo real com estranhos de todo o mundo.<\/p>\n<h2>Por que as pessoas adoram o bate-papo on-line gratuito<\/h2>\n<p>A frase \"bate-papo on-line gratuito\" permaneceu popular por d\u00e9cadas porque:<\/p>\n<ul>\n<li>Conex\u00e3o instant\u00e2nea: N\u00e3o h\u00e1 necessidade de esperar por correspond\u00eancias ou respostas.<\/li>\n<li>Amizades globais: Conhe\u00e7a pessoas de mais de 100 pa\u00edses.<\/li>\n<li>Variedade de conversas: De brincadeiras casuais a conversas mais profundas.<\/li>\n<li>Acessibilidade: Acesso verdadeiramente gratuito, sem barreiras ocultas de pagamento.<\/li>\n<li>Espontaneidade: cada bate-papo \u00e9 \u00fanico e imprevis\u00edvel.<\/li>\n<li>Flexibilidade: Op\u00e7\u00f5es de bate-papo por texto ou v\u00eddeo ao vivo.<\/li>\n<\/ul>\n<p>\u00c9 a combina\u00e7\u00e3o perfeita de divers\u00e3o, autenticidade e acessibilidade.<\/p>\n<h2>Como funciona o bate-papo on-line gratuito<\/h2>\n<p>O processo \u00e9 simples:<\/p>\n<ol>\n<li>Abra uma plataforma de bate-papo como a StrangerCam.<\/li>\n<li>Escolha o modo de bate-papo (bate-papo por texto ou v\u00eddeo).<\/li>\n<li>Permitir acesso \u00e0 c\u00e2mera\/microfone para v\u00eddeo.<\/li>\n<li>Clique em \"Iniciar bate-papo\".<\/li>\n<li>Conecte-se instantaneamente com algu\u00e9m em todo o mundo.<\/li>\n<li>Clique em \"Next\" a qualquer momento para conhecer algu\u00e9m novo.<\/li>\n<\/ol>\n<p>Alguns sites tamb\u00e9m adicionam recursos como filtros, salas de bate-papo em grupo ou ferramentas de tradu\u00e7\u00e3o.<\/p>\n<h2>Recursos a serem procurados<\/h2>\n<p>Ao escolher um site de bate-papo on-line gratuito, verifique se ele inclui:<\/p>\n<ul>\n<li>Acesso verdadeiramente gratuito - Evite sites que ocultam recursos por meio de paywalls.<\/li>\n<li>N\u00e3o \u00e9 necess\u00e1rio se inscrever - Permane\u00e7a an\u00f4nimo, conecte-se instantaneamente.<\/li>\n<li>Op\u00e7\u00f5es de v\u00eddeo e texto - Flexibilidade para diferentes estados de esp\u00edrito.<\/li>\n<li>Design amig\u00e1vel para dispositivos m\u00f3veis - Suave em telefones e tablets.<\/li>\n<li>Modera\u00e7\u00e3o forte - Mais seguro do que as antigas salas de bate-papo.<\/li>\n<li>Base de usu\u00e1rios global - Mais pessoas significam mais divers\u00e3o.<\/li>\n<\/ul>\n<h2>As melhores plataformas de bate-papo on-line gratuito em 2025<\/h2>\n<p>Aqui est\u00e1 uma compara\u00e7\u00e3o dos principais sites de bate-papo gratuitos da atualidade:<\/p>\n<table>\n<thead>\n<tr>\n<th>Plataforma<\/th>\n<th align=\"center\">Acesso gratuito<\/th>\n<th align=\"center\">Registro necess\u00e1rio<\/th>\n<th align=\"center\">Bate-papo por v\u00eddeo<\/th>\n<th align=\"center\">Suporte m\u00f3vel<\/th>\n<th align=\"center\">Modera\u00e7\u00e3o<\/th>\n<th>Notas<\/th>\n<\/tr>\n<\/thead>\n<tbody>\n<tr>\n<td>StrangerCam<\/td>\n<td align=\"center\">\u2705<\/td>\n<td align=\"center\">\u274c<\/td>\n<td align=\"center\">\u2705<\/td>\n<td align=\"center\">\u2705<\/td>\n<td align=\"center\">\u2705<\/td>\n<td>Melhor op\u00e7\u00e3o: gratuito, instant\u00e2neo, seguro<\/td>\n<\/tr>\n<tr>\n<td><a href=\"https:\/\/strangercam.com\/pt-br\/chatroulette\/\">Chatroulette<\/a><\/td>\n<td align=\"center\">\u2705<\/td>\n<td align=\"center\">\u274c<\/td>\n<td align=\"center\">\u2705<\/td>\n<td align=\"center\">\u2705<\/td>\n<td align=\"center\">\u2705<\/td>\n<td>Recursos cl\u00e1ssicos, mas limitados<\/td>\n<\/tr>\n<tr>\n<td>Chatrandom<\/td>\n<td align=\"center\">\u2705<\/td>\n<td align=\"center\">\u274c<\/td>\n<td align=\"center\">\u2705<\/td>\n<td align=\"center\">\u2705<\/td>\n<td align=\"center\">\u2705<\/td>\n<td>Grande base de usu\u00e1rios, impulsiona as atualiza\u00e7\u00f5es<\/td>\n<\/tr>\n<tr>\n<td><a href=\"https:\/\/strangercam.com\/pt-br\/ometv\/\">OmeTV<\/a><\/td>\n<td align=\"center\">\u2705<\/td>\n<td align=\"center\">\u274c<\/td>\n<td align=\"center\">\u2705<\/td>\n<td align=\"center\">\u2705<\/td>\n<td align=\"center\">\u2705<\/td>\n<td>Aplicativo m\u00f3vel para bate-papo aleat\u00f3rio<\/td>\n<\/tr>\n<tr>\n<td>Shagle<\/td>\n<td align=\"center\">\u2705<\/td>\n<td align=\"center\">\u274c<\/td>\n<td align=\"center\">\u2705<\/td>\n<td align=\"center\">\u2705<\/td>\n<td align=\"center\">\u2705<\/td>\n<td>Entrada gratuita, filtros premium bloqueados<\/td>\n<\/tr>\n<tr>\n<td>WireClub<\/td>\n<td align=\"center\">\u2705<\/td>\n<td align=\"center\">\u2705<\/td>\n<td align=\"center\">\u274c<\/td>\n<td align=\"center\">\u2705<\/td>\n<td align=\"center\">\u2705<\/td>\n<td>Salas de bate-papo de texto mais tradicionais<\/td>\n<\/tr>\n<\/tbody>\n<\/table>\n<p>A StrangerCam \u00e9 uma das poucas plataformas que combinam acesso ilimitado gratuito, sem registro e com op\u00e7\u00f5es de bate-papo por v\u00eddeo e texto.<\/p>\n<h2>Por que a StrangerCam \u00e9 a melhor op\u00e7\u00e3o de bate-papo on-line gratuito<\/h2>\n<p>Veja por que StrangerCam \u00e9 a melhor op\u00e7\u00e3o para bate-papo on-line gratuito em 2025:<\/p>\n<h3>1. Totalmente gratuito<\/h3>\n<p>Sem custos ocultos, testes ou sistemas de cr\u00e9dito.<\/p>\n<h3>2. N\u00e3o \u00e9 necess\u00e1rio registrar-se<\/h3>\n<p>Permane\u00e7a an\u00f4nimo e converse instantaneamente.<\/p>\n<h3>3. Op\u00e7\u00f5es de texto + v\u00eddeo<\/h3>\n<p>Alterne entre os modos de acordo com seu n\u00edvel de conforto.<\/p>\n<h3>4. Seguro e moderado<\/h3>\n<p>Melhores ferramentas de seguran\u00e7a do que as antigas salas de bate-papo.<\/p>\n<h3>5. Pronto para celular e desktop<\/h3>\n<p>Otimizado para todos os dispositivos.<\/p>\n<h3>6. Alcance global<\/h3>\n<p>Conhe\u00e7a pessoas de mais de 100 pa\u00edses, 24 horas por dia, 7 dias por semana.<\/p>\n<h2>Depoimentos reais de usu\u00e1rios<\/h2>\n<blockquote><p>\"Pesquisei o bate-papo on-line gratuito e encontrei o StrangerCam. Foi instant\u00e2neo, divertido e conheci pessoas de todo o mundo.\"<br \/>\n- Jake, 25 anos<\/p><\/blockquote>\n<blockquote><p>\"Gosto do fato de n\u00e3o precisar me inscrever nem fornecer informa\u00e7\u00f5es pessoais. \u00c9 realmente gratuito.\"<br \/>\n- Sophia, 22 anos<\/p><\/blockquote>\n<blockquote><p>\"Parece seguro e simples. O bot\u00e3o de pular facilita a passagem para o pr\u00f3ximo.\"<br \/>\n- Ryan, 30 anos<\/p><\/blockquote>\n<blockquote><p>\"Ao contr\u00e1rio das antigas salas de bate-papo, esta parece moderna e moderada. O bate-papo on-line gratuito finalmente funciona.\"<br \/>\n- Emma, 20 anos<\/p><\/blockquote>\n<h2>A psicologia do bate-papo on-line gratuito<\/h2>\n<p>Por que o bate-papo on-line gratuito ainda \u00e9 t\u00e3o popular em 2025? Ele atende a tr\u00eas necessidades humanas universais:<\/p>\n<ol>\n<li>Gratifica\u00e7\u00e3o instant\u00e2nea: Queremos conex\u00e3o imediata, sem espera.<\/li>\n<li>Novidade: cada estranho traz uma nova conversa, mantendo as coisas interessantes.<\/li>\n<li>Acessibilidade: A adi\u00e7\u00e3o de \"gratuito\" torna-o acess\u00edvel a qualquer pessoa, em qualquer lugar.<\/li>\n<\/ol>\n<p>Isso explica por que o termo permanece altamente pesquisado ano ap\u00f3s ano.<\/p>\n<h2>Dicas de seguran\u00e7a para o bate-papo on-line gratuito<\/h2>\n<p>Embora o bate-papo on-line seja divertido, a seguran\u00e7a deve estar sempre em primeiro lugar:<\/p>\n<ul>\n<li>Nunca compartilhe informa\u00e7\u00f5es pessoais (telefone, endere\u00e7o, local de trabalho).<\/li>\n<li>Evite clicar em links de estranhos.<\/li>\n<li>Use Skip\/Block se algu\u00e9m o incomodar.<\/li>\n<li>Verifique o plano de fundo da c\u00e2mera antes de entrar no ar.<\/li>\n<li>Use apelidos, n\u00e3o nomes reais.<\/li>\n<li>Respeite os limites de idade - n\u00e3o use o bate-papo para adultos se tiver menos de 18 anos.<\/li>\n<\/ul>\n<h2>Como come\u00e7ar - passo a passo<\/h2>\n<p>Leva apenas alguns segundos para iniciar o bate-papo on-line gratuito:<\/p>\n<ol>\n<li>Abra o StrangerCam em seu navegador ou dispositivo.<\/li>\n<li>Escolha o modo de bate-papo: texto ou v\u00eddeo.<\/li>\n<li>Permitir acesso \u00e0 c\u00e2mera\/microfone (para v\u00eddeo).<\/li>\n<li>Clique em Start Chat.<\/li>\n<li>Conhe\u00e7a novas pessoas instantaneamente - pressione Next a qualquer momento para mudar.<\/li>\n<\/ol>\n<p>Em 2025, o bate-papo on-line gratuito continua sendo uma das maneiras mais r\u00e1pidas, simples e divertidas de conhecer pessoas on-line. Ao contr\u00e1rio dos aplicativos de namoro ou da m\u00eddia social, \u00e9 instant\u00e2neo, global e espont\u00e2neo.<\/p>\n<p>Plataformas como o StrangerCam tornam isso melhor do que nunca: verdadeiramente gratuito, seguro e repleto de usu\u00e1rios reais de todo o mundo. Se voc\u00ea est\u00e1 procurando amigos, divers\u00e3o casual ou apenas uma conversa para vencer o t\u00e9dio, o bate-papo on-line gratuito est\u00e1 sempre a apenas um clique de dist\u00e2ncia.<\/p>\n<p>Pronto para se conectar? Inicie um bate-papo on-line gratuito hoje mesmo e descubra quem voc\u00ea conhecer\u00e1 em seguida.<\/p>","protected":false},"excerpt":{"rendered":"<p>Are you searching for Free Online Chat? You\u2019re not alone. Millions of people every month type those exact words into Google, looking for a quick, safe, and free way to meet new people online. Unlike social networks or dating apps that require lengthy signups, free online chat platforms let you connect instantly\u2014without the hassle. In [&hellip;]<\/p>\n","protected":false},"author":8,"featured_media":0,"parent":0,"menu_order":0,"comment_status":"closed","ping_status":"closed","template":"","meta":{"footnotes":""},"class_list":["post-9038","page","type-page","status-publish","hentry"],"yoast_head":"<!-- This site is optimized with the Yoast SEO plugin v27.4 - https:\/\/yoast.com\/product\/yoast-seo-wordpress\/ -->\n<title>Free Online Chat with Video Chat on Strangercam.com<\/title>\n<meta name=\"description\" content=\"Liking Free Online Chat? Join millions on StrangerCam.com! Start a random video chat, turn on your cam, and meet strangers instantly.\" \/>\n<meta name=\"robots\" content=\"index, follow, max-snippet:-1, max-image-preview:large, max-video-preview:-1\" \/>\n<link rel=\"canonical\" href=\"https:\/\/strangercam.com\/pt-br\/bate-papo-on-line-gratuito\/\" \/>\n<meta property=\"og:locale\" content=\"pt_BR\" \/>\n<meta property=\"og:type\" content=\"article\" \/>\n<meta property=\"og:title\" content=\"Free Online Chat with Video Chat on Strangercam.com\" \/>\n<meta property=\"og:description\" content=\"Liking Free Online Chat? Join millions on StrangerCam.com! Start a random video chat, turn on your cam, and meet strangers instantly.\" \/>\n<meta property=\"og:url\" content=\"https:\/\/strangercam.com\/pt-br\/bate-papo-on-line-gratuito\/\" \/>\n<meta property=\"og:site_name\" content=\"Strangercam\" \/>\n<meta property=\"article:publisher\" content=\"https:\/\/www.facebook.com\/strangercam\" \/>\n<meta property=\"article:modified_time\" content=\"2025-09-29T10:03:57+00:00\" \/>\n<meta property=\"og:image\" content=\"https:\/\/strangercam.com\/wp-content\/uploads\/2021\/10\/Untitled-2.png\" \/>\n\t<meta property=\"og:image:width\" content=\"800\" \/>\n\t<meta property=\"og:image:height\" content=\"532\" \/>\n\t<meta property=\"og:image:type\" content=\"image\/png\" \/>\n<meta name=\"twitter:card\" content=\"summary_large_image\" \/>\n<meta name=\"twitter:site\" content=\"@strangercamapp\" \/>\n<meta name=\"twitter:label1\" content=\"Est. tempo de leitura\" \/>\n\t<meta name=\"twitter:data1\" content=\"4 minutos\" \/>\n<script type=\"application\/ld+json\" class=\"yoast-schema-graph\">{\"@context\":\"https:\\\/\\\/schema.org\",\"@graph\":[{\"@type\":\"WebPage\",\"@id\":\"https:\\\/\\\/strangercam.com\\\/free-online-chat\\\/\",\"url\":\"https:\\\/\\\/strangercam.com\\\/free-online-chat\\\/\",\"name\":\"Free Online Chat with Video Chat on Strangercam.com\",\"isPartOf\":{\"@id\":\"https:\\\/\\\/strangercam.com\\\/#website\"},\"datePublished\":\"2025-09-29T08:37:31+00:00\",\"dateModified\":\"2025-09-29T10:03:57+00:00\",\"description\":\"Liking Free Online Chat? Join millions on StrangerCam.com! Start a random video chat, turn on your cam, and meet strangers instantly.\",\"breadcrumb\":{\"@id\":\"https:\\\/\\\/strangercam.com\\\/free-online-chat\\\/#breadcrumb\"},\"inLanguage\":\"pt-BR\",\"potentialAction\":[{\"@type\":\"ReadAction\",\"target\":[\"https:\\\/\\\/strangercam.com\\\/free-online-chat\\\/\"]}]},{\"@type\":\"BreadcrumbList\",\"@id\":\"https:\\\/\\\/strangercam.com\\\/free-online-chat\\\/#breadcrumb\",\"itemListElement\":[{\"@type\":\"ListItem\",\"position\":1,\"name\":\"Home\",\"item\":\"https:\\\/\\\/strangercam.com\\\/\"},{\"@type\":\"ListItem\",\"position\":2,\"name\":\"Free Online Chat\"}]},{\"@type\":\"WebSite\",\"@id\":\"https:\\\/\\\/strangercam.com\\\/#website\",\"url\":\"https:\\\/\\\/strangercam.com\\\/\",\"name\":\"Strangercam\",\"description\":\"Random Video Chat with Strangers\",\"publisher\":{\"@id\":\"https:\\\/\\\/strangercam.com\\\/#organization\"},\"alternateName\":\"Strangercam.com\",\"potentialAction\":[{\"@type\":\"SearchAction\",\"target\":{\"@type\":\"EntryPoint\",\"urlTemplate\":\"https:\\\/\\\/strangercam.com\\\/?s={search_term_string}\"},\"query-input\":{\"@type\":\"PropertyValueSpecification\",\"valueRequired\":true,\"valueName\":\"search_term_string\"}}],\"inLanguage\":\"pt-BR\"},{\"@type\":\"Organization\",\"@id\":\"https:\\\/\\\/strangercam.com\\\/#organization\",\"name\":\"Strangercam\",\"alternateName\":\"Strangercam.com\",\"url\":\"https:\\\/\\\/strangercam.com\\\/\",\"logo\":{\"@type\":\"ImageObject\",\"inLanguage\":\"pt-BR\",\"@id\":\"https:\\\/\\\/strangercam.com\\\/#\\\/schema\\\/logo\\\/image\\\/\",\"url\":\"https:\\\/\\\/strangercam.com\\\/wp-content\\\/uploads\\\/2020\\\/11\\\/cropped-new-favicon-black.png\",\"contentUrl\":\"https:\\\/\\\/strangercam.com\\\/wp-content\\\/uploads\\\/2020\\\/11\\\/cropped-new-favicon-black.png\",\"width\":512,\"height\":512,\"caption\":\"Strangercam\"},\"image\":{\"@id\":\"https:\\\/\\\/strangercam.com\\\/#\\\/schema\\\/logo\\\/image\\\/\"},\"sameAs\":[\"https:\\\/\\\/www.facebook.com\\\/strangercam\",\"https:\\\/\\\/x.com\\\/strangercamapp\"]}]}<\/script>\n<!-- \/ Yoast SEO plugin. -->","yoast_head_json":{"title":"Bate-papo on-line gratuito com bate-papo por v\u00eddeo em Strangercam.com","description":"Est\u00e1 gostando do bate-papo on-line gratuito? Join milh\u00f5es em StrangerCam.com! Inicie um bate-papo por v\u00eddeo aleat\u00f3rio, ligue sua c\u00e2mera e conhe\u00e7a estranhos instantaneamente.","robots":{"index":"index","follow":"follow","max-snippet":"max-snippet:-1","max-image-preview":"max-image-preview:large","max-video-preview":"max-video-preview:-1"},"canonical":"https:\/\/strangercam.com\/pt-br\/bate-papo-on-line-gratuito\/","og_locale":"pt_BR","og_type":"article","og_title":"Free Online Chat with Video Chat on Strangercam.com","og_description":"Liking Free Online Chat? Join millions on StrangerCam.com! Start a random video chat, turn on your cam, and meet strangers instantly.","og_url":"https:\/\/strangercam.com\/pt-br\/bate-papo-on-line-gratuito\/","og_site_name":"Strangercam","article_publisher":"https:\/\/www.facebook.com\/strangercam","article_modified_time":"2025-09-29T10:03:57+00:00","og_image":[{"width":800,"height":532,"url":"https:\/\/strangercam.com\/wp-content\/uploads\/2021\/10\/Untitled-2.png","type":"image\/png"}],"twitter_card":"summary_large_image","twitter_site":"@strangercamapp","twitter_misc":{"Est. tempo de leitura":"4 minutos"},"schema":{"@context":"https:\/\/schema.org","@graph":[{"@type":"WebPage","@id":"https:\/\/strangercam.com\/free-online-chat\/","url":"https:\/\/strangercam.com\/free-online-chat\/","name":"Bate-papo on-line gratuito com bate-papo por v\u00eddeo em Strangercam.com","isPartOf":{"@id":"https:\/\/strangercam.com\/#website"},"datePublished":"2025-09-29T08:37:31+00:00","dateModified":"2025-09-29T10:03:57+00:00","description":"Est\u00e1 gostando do bate-papo on-line gratuito? Join milh\u00f5es em StrangerCam.com! Inicie um bate-papo por v\u00eddeo aleat\u00f3rio, ligue sua c\u00e2mera e conhe\u00e7a estranhos instantaneamente.","breadcrumb":{"@id":"https:\/\/strangercam.com\/free-online-chat\/#breadcrumb"},"inLanguage":"pt-BR","potentialAction":[{"@type":"ReadAction","target":["https:\/\/strangercam.com\/free-online-chat\/"]}]},{"@type":"BreadcrumbList","@id":"https:\/\/strangercam.com\/free-online-chat\/#breadcrumb","itemListElement":[{"@type":"ListItem","position":1,"name":"Home","item":"https:\/\/strangercam.com\/"},{"@type":"ListItem","position":2,"name":"Free Online Chat"}]},{"@type":"WebSite","@id":"https:\/\/strangercam.com\/#website","url":"https:\/\/strangercam.com\/","name":"Strangercam","description":"Bate-papo por v\u00eddeo aleat\u00f3rio com estranhos","publisher":{"@id":"https:\/\/strangercam.com\/#organization"},"alternateName":"Strangercam.com","potentialAction":[{"@type":"SearchAction","target":{"@type":"EntryPoint","urlTemplate":"https:\/\/strangercam.com\/?s={search_term_string}"},"query-input":{"@type":"PropertyValueSpecification","valueRequired":true,"valueName":"search_term_string"}}],"inLanguage":"pt-BR"},{"@type":"Organization","@id":"https:\/\/strangercam.com\/#organization","name":"Strangercam","alternateName":"Strangercam.com","url":"https:\/\/strangercam.com\/","logo":{"@type":"ImageObject","inLanguage":"pt-BR","@id":"https:\/\/strangercam.com\/#\/schema\/logo\/image\/","url":"https:\/\/strangercam.com\/wp-content\/uploads\/2020\/11\/cropped-new-favicon-black.png","contentUrl":"https:\/\/strangercam.com\/wp-content\/uploads\/2020\/11\/cropped-new-favicon-black.png","width":512,"height":512,"caption":"Strangercam"},"image":{"@id":"https:\/\/strangercam.com\/#\/schema\/logo\/image\/"},"sameAs":["https:\/\/www.facebook.com\/strangercam","https:\/\/x.com\/strangercamapp"]}]}},"_links":{"self":[{"href":"https:\/\/strangercam.com\/pt-br\/wp-json\/wp\/v2\/pages\/9038","targetHints":{"allow":["GET"]}}],"collection":[{"href":"https:\/\/strangercam.com\/pt-br\/wp-json\/wp\/v2\/pages"}],"about":[{"href":"https:\/\/strangercam.com\/pt-br\/wp-json\/wp\/v2\/types\/page"}],"author":[{"embeddable":true,"href":"https:\/\/strangercam.com\/pt-br\/wp-json\/wp\/v2\/users\/8"}],"replies":[{"embeddable":true,"href":"https:\/\/strangercam.com\/pt-br\/wp-json\/wp\/v2\/comments?post=9038"}],"version-history":[{"count":2,"href":"https:\/\/strangercam.com\/pt-br\/wp-json\/wp\/v2\/pages\/9038\/revisions"}],"predecessor-version":[{"id":13049,"href":"https:\/\/strangercam.com\/pt-br\/wp-json\/wp\/v2\/pages\/9038\/revisions\/13049"}],"wp:attachment":[{"href":"https:\/\/strangercam.com\/pt-br\/wp-json\/wp\/v2\/media?parent=9038"}],"curies":[{"name":"wp","href":"https:\/\/api.w.org\/{rel}","templated":true}]}}