{"id":9008,"date":"2021-11-11T15:21:10","date_gmt":"2021-11-11T13:21:10","guid":{"rendered":"https:\/\/strangercam.com\/?page_id=9008"},"modified":"2023-09-12T15:25:05","modified_gmt":"2023-09-12T13:25:05","slug":"sala-de-bate-papo-sexual","status":"publish","type":"page","link":"https:\/\/strangercam.com\/pt-br\/sex-chat-room\/","title":{"rendered":"Sala de bate-papo sobre sexo"},"content":{"rendered":"<p>Bem-vindo ao sexo <a href=\"https:\/\/strangercam.com\/pt-br\/chatroulette\/\">Bate-papo<\/a> Sala. Join o aplicativo de bate-papo por v\u00eddeo Sex Chat Room que facilita o bate-papo com estranhos aleat\u00f3rios, anonimamente. O Sex Chat Room oferece recursos de bate-papo por v\u00eddeo, incluindo m\u00e1scaras faciais, filtros de g\u00eanero e pa\u00eds, bate-papo privado e muito mais. Converse com garotas e garotos aleat\u00f3rios on-line, em qualquer lugar do mundo, instantaneamente. Encontre um novo amigo, <a href=\"https:\/\/strangercam.com\/pt-br\/coomeet\/\">conhecer<\/a> seu pr\u00f3ximo encontro, mostre suas incr\u00edveis habilidades musicais, tenha uma conversa aleat\u00f3ria sobre futebol, tenha uma sala de bate-papo sobre sexo ou simplesmente relaxe e discuta as \u00faltimas novidades do mundo da m\u00fasica. <a href=\"https:\/\/netflix.com\">Netflix<\/a> com um estranho. \u00c9 gr\u00e1tis e f\u00e1cil entrar na Sala de bate-papo sexual e se divertir. Nunca se sabe quem pode estar esperando por voc\u00ea do outro lado da webcam!<\/p>\n<p>Se voc\u00ea deseja se conectar com novas pessoas de forma an\u00f4nima, <a href=\"https:\/\/strangercam.com\/pt-br\/chathub\/\">bate-papo por v\u00eddeo aleat\u00f3rio<\/a> \u00e9 a melhor e mais f\u00e1cil maneira de fazer isso, e a StrangerCam \u00e9 o bate-papo <a href=\"https:\/\/strangercam.com\/pt-br\/bazoocam\/\">c\u00e2mera<\/a> aplicativo que o levar\u00e1 at\u00e9 l\u00e1. Otimizamos nosso aplicativo para que voc\u00ea possa escolher exatamente com quem deseja acampar - uma maneira nova e inovadora de se conectar com estranhos.<\/p>\n<p>Ent\u00e3o, o que est\u00e1 esperando?\u00a0<a href=\"#chatbox\"><strong>Entre agora na sala de bate-papo sexual!<\/strong><\/a><\/p>","protected":false},"excerpt":{"rendered":"<p>Welcome to . Join the video chat app that makes it easy to chat to random strangers, anonymously. offers video chat features including face masks, gender and country filters, private chat, and much more. Chat with random girls and boys online, anywhere in the world, instantaneously. Find a new friend, meet your next date, show [&hellip;]<\/p>\n","protected":false},"author":8,"featured_media":0,"parent":0,"menu_order":0,"comment_status":"closed","ping_status":"closed","template":"","meta":{"footnotes":""},"class_list":["post-9008","page","type-page","status-publish","hentry"],"yoast_head":"<!-- This site is optimized with the Yoast SEO plugin v27.4 - https:\/\/yoast.com\/product\/yoast-seo-wordpress\/ -->\n<title>Sex Chat Room - StrangerCam.com: Cam With Strangers<\/title>\n<meta name=\"description\" content=\"Sex Chat Room anonymously with over 5.000.000 strangers. No Sign-Up Required! Cam with strangers on StrangerCam.com.\" \/>\n<meta name=\"robots\" content=\"index, follow, max-snippet:-1, max-image-preview:large, max-video-preview:-1\" \/>\n<link rel=\"canonical\" href=\"https:\/\/strangercam.com\/pt-br\/sala-de-bate-papo-sexual\/\" \/>\n<meta property=\"og:locale\" content=\"pt_BR\" \/>\n<meta property=\"og:type\" content=\"article\" \/>\n<meta property=\"og:title\" content=\"Sex Chat Room - StrangerCam.com: Cam With Strangers\" \/>\n<meta property=\"og:description\" content=\"Sex Chat Room anonymously with over 5.000.000 strangers. No Sign-Up Required! Cam with strangers on StrangerCam.com.\" \/>\n<meta property=\"og:url\" content=\"https:\/\/strangercam.com\/pt-br\/sala-de-bate-papo-sexual\/\" \/>\n<meta property=\"og:site_name\" content=\"Strangercam\" \/>\n<meta property=\"article:publisher\" content=\"https:\/\/www.facebook.com\/strangercam\" \/>\n<meta property=\"article:modified_time\" content=\"2023-09-12T13:25:05+00:00\" \/>\n<meta property=\"og:image\" content=\"https:\/\/strangercam.com\/wp-content\/uploads\/2021\/10\/Untitled-2.png\" \/>\n\t<meta property=\"og:image:width\" content=\"800\" \/>\n\t<meta property=\"og:image:height\" content=\"532\" \/>\n\t<meta property=\"og:image:type\" content=\"image\/png\" \/>\n<meta name=\"twitter:card\" content=\"summary_large_image\" \/>\n<meta name=\"twitter:site\" content=\"@strangercamapp\" \/>\n<meta name=\"twitter:label1\" content=\"Est. tempo de leitura\" \/>\n\t<meta name=\"twitter:data1\" content=\"4 minutos\" \/>\n<script type=\"application\/ld+json\" class=\"yoast-schema-graph\">{\"@context\":\"https:\\\/\\\/schema.org\",\"@graph\":[{\"@type\":\"WebPage\",\"@id\":\"https:\\\/\\\/strangercam.com\\\/sex-chat-room\\\/\",\"url\":\"https:\\\/\\\/strangercam.com\\\/sex-chat-room\\\/\",\"name\":\"Sex Chat Room - StrangerCam.com: Cam With Strangers\",\"isPartOf\":{\"@id\":\"https:\\\/\\\/strangercam.com\\\/#website\"},\"datePublished\":\"2021-11-11T13:21:10+00:00\",\"dateModified\":\"2023-09-12T13:25:05+00:00\",\"description\":\"Sex Chat Room anonymously with over 5.000.000 strangers. No Sign-Up Required! Cam with strangers on StrangerCam.com.\",\"breadcrumb\":{\"@id\":\"https:\\\/\\\/strangercam.com\\\/sex-chat-room\\\/#breadcrumb\"},\"inLanguage\":\"pt-BR\",\"potentialAction\":[{\"@type\":\"ReadAction\",\"target\":[\"https:\\\/\\\/strangercam.com\\\/sex-chat-room\\\/\"]}]},{\"@type\":\"BreadcrumbList\",\"@id\":\"https:\\\/\\\/strangercam.com\\\/sex-chat-room\\\/#breadcrumb\",\"itemListElement\":[{\"@type\":\"ListItem\",\"position\":1,\"name\":\"Home\",\"item\":\"https:\\\/\\\/strangercam.com\\\/\"},{\"@type\":\"ListItem\",\"position\":2,\"name\":\"Sex Chat Room\"}]},{\"@type\":\"WebSite\",\"@id\":\"https:\\\/\\\/strangercam.com\\\/#website\",\"url\":\"https:\\\/\\\/strangercam.com\\\/\",\"name\":\"Strangercam\",\"description\":\"Random Video Chat with Strangers\",\"publisher\":{\"@id\":\"https:\\\/\\\/strangercam.com\\\/#organization\"},\"alternateName\":\"Strangercam.com\",\"potentialAction\":[{\"@type\":\"SearchAction\",\"target\":{\"@type\":\"EntryPoint\",\"urlTemplate\":\"https:\\\/\\\/strangercam.com\\\/?s={search_term_string}\"},\"query-input\":{\"@type\":\"PropertyValueSpecification\",\"valueRequired\":true,\"valueName\":\"search_term_string\"}}],\"inLanguage\":\"pt-BR\"},{\"@type\":\"Organization\",\"@id\":\"https:\\\/\\\/strangercam.com\\\/#organization\",\"name\":\"Strangercam\",\"alternateName\":\"Strangercam.com\",\"url\":\"https:\\\/\\\/strangercam.com\\\/\",\"logo\":{\"@type\":\"ImageObject\",\"inLanguage\":\"pt-BR\",\"@id\":\"https:\\\/\\\/strangercam.com\\\/#\\\/schema\\\/logo\\\/image\\\/\",\"url\":\"https:\\\/\\\/strangercam.com\\\/wp-content\\\/uploads\\\/2020\\\/11\\\/cropped-new-favicon-black.png\",\"contentUrl\":\"https:\\\/\\\/strangercam.com\\\/wp-content\\\/uploads\\\/2020\\\/11\\\/cropped-new-favicon-black.png\",\"width\":512,\"height\":512,\"caption\":\"Strangercam\"},\"image\":{\"@id\":\"https:\\\/\\\/strangercam.com\\\/#\\\/schema\\\/logo\\\/image\\\/\"},\"sameAs\":[\"https:\\\/\\\/www.facebook.com\\\/strangercam\",\"https:\\\/\\\/x.com\\\/strangercamapp\"]}]}<\/script>\n<!-- \/ Yoast SEO plugin. -->","yoast_head_json":{"title":"Sala de bate-papo sexual - StrangerCam.com: C\u00e2mera com estranhos","description":"Sala de bate-papo sexual an\u00f4nima com mais de 5.000.000 de estranhos. N\u00e3o \u00e9 necess\u00e1rio se registrar! Cam com estranhos em StrangerCam.com.","robots":{"index":"index","follow":"follow","max-snippet":"max-snippet:-1","max-image-preview":"max-image-preview:large","max-video-preview":"max-video-preview:-1"},"canonical":"https:\/\/strangercam.com\/pt-br\/sala-de-bate-papo-sexual\/","og_locale":"pt_BR","og_type":"article","og_title":"Sex Chat Room - StrangerCam.com: Cam With Strangers","og_description":"Sex Chat Room anonymously with over 5.000.000 strangers. No Sign-Up Required! Cam with strangers on StrangerCam.com.","og_url":"https:\/\/strangercam.com\/pt-br\/sala-de-bate-papo-sexual\/","og_site_name":"Strangercam","article_publisher":"https:\/\/www.facebook.com\/strangercam","article_modified_time":"2023-09-12T13:25:05+00:00","og_image":[{"width":800,"height":532,"url":"https:\/\/strangercam.com\/wp-content\/uploads\/2021\/10\/Untitled-2.png","type":"image\/png"}],"twitter_card":"summary_large_image","twitter_site":"@strangercamapp","twitter_misc":{"Est. tempo de leitura":"4 minutos"},"schema":{"@context":"https:\/\/schema.org","@graph":[{"@type":"WebPage","@id":"https:\/\/strangercam.com\/sex-chat-room\/","url":"https:\/\/strangercam.com\/sex-chat-room\/","name":"Sala de bate-papo sexual - StrangerCam.com: C\u00e2mera com estranhos","isPartOf":{"@id":"https:\/\/strangercam.com\/#website"},"datePublished":"2021-11-11T13:21:10+00:00","dateModified":"2023-09-12T13:25:05+00:00","description":"Sala de bate-papo sexual an\u00f4nima com mais de 5.000.000 de estranhos. N\u00e3o \u00e9 necess\u00e1rio se registrar! Cam com estranhos em StrangerCam.com.","breadcrumb":{"@id":"https:\/\/strangercam.com\/sex-chat-room\/#breadcrumb"},"inLanguage":"pt-BR","potentialAction":[{"@type":"ReadAction","target":["https:\/\/strangercam.com\/sex-chat-room\/"]}]},{"@type":"BreadcrumbList","@id":"https:\/\/strangercam.com\/sex-chat-room\/#breadcrumb","itemListElement":[{"@type":"ListItem","position":1,"name":"Home","item":"https:\/\/strangercam.com\/"},{"@type":"ListItem","position":2,"name":"Sex Chat Room"}]},{"@type":"WebSite","@id":"https:\/\/strangercam.com\/#website","url":"https:\/\/strangercam.com\/","name":"Strangercam","description":"Bate-papo por v\u00eddeo aleat\u00f3rio com estranhos","publisher":{"@id":"https:\/\/strangercam.com\/#organization"},"alternateName":"Strangercam.com","potentialAction":[{"@type":"SearchAction","target":{"@type":"EntryPoint","urlTemplate":"https:\/\/strangercam.com\/?s={search_term_string}"},"query-input":{"@type":"PropertyValueSpecification","valueRequired":true,"valueName":"search_term_string"}}],"inLanguage":"pt-BR"},{"@type":"Organization","@id":"https:\/\/strangercam.com\/#organization","name":"Strangercam","alternateName":"Strangercam.com","url":"https:\/\/strangercam.com\/","logo":{"@type":"ImageObject","inLanguage":"pt-BR","@id":"https:\/\/strangercam.com\/#\/schema\/logo\/image\/","url":"https:\/\/strangercam.com\/wp-content\/uploads\/2020\/11\/cropped-new-favicon-black.png","contentUrl":"https:\/\/strangercam.com\/wp-content\/uploads\/2020\/11\/cropped-new-favicon-black.png","width":512,"height":512,"caption":"Strangercam"},"image":{"@id":"https:\/\/strangercam.com\/#\/schema\/logo\/image\/"},"sameAs":["https:\/\/www.facebook.com\/strangercam","https:\/\/x.com\/strangercamapp"]}]}},"_links":{"self":[{"href":"https:\/\/strangercam.com\/pt-br\/wp-json\/wp\/v2\/pages\/9008","targetHints":{"allow":["GET"]}}],"collection":[{"href":"https:\/\/strangercam.com\/pt-br\/wp-json\/wp\/v2\/pages"}],"about":[{"href":"https:\/\/strangercam.com\/pt-br\/wp-json\/wp\/v2\/types\/page"}],"author":[{"embeddable":true,"href":"https:\/\/strangercam.com\/pt-br\/wp-json\/wp\/v2\/users\/8"}],"replies":[{"embeddable":true,"href":"https:\/\/strangercam.com\/pt-br\/wp-json\/wp\/v2\/comments?post=9008"}],"version-history":[{"count":0,"href":"https:\/\/strangercam.com\/pt-br\/wp-json\/wp\/v2\/pages\/9008\/revisions"}],"wp:attachment":[{"href":"https:\/\/strangercam.com\/pt-br\/wp-json\/wp\/v2\/media?parent=9008"}],"curies":[{"name":"wp","href":"https:\/\/api.w.org\/{rel}","templated":true}]}}