{"id":881,"date":"2020-12-02T19:15:37","date_gmt":"2020-12-02T17:15:37","guid":{"rendered":"https:\/\/strangercam.com\/?page_id=881"},"modified":"2023-08-21T12:34:45","modified_gmt":"2023-08-21T10:34:45","slug":"ometv","status":"publish","type":"page","link":"https:\/\/strangercam.com\/pt-br\/ometv\/","title":{"rendered":"OmeTV"},"content":{"rendered":"<p>OmeTV \u00e9 um <a href=\"https:\/\/strangercam.com\/pt-br\/rabbit-video-chat\/\">v\u00eddeo<\/a> <a href=\"https:\/\/strangercam.com\/pt-br\/chatroulette\/\">bate-papo<\/a> site e aplicativo com o qual voc\u00ea pode conversar com estranhos. Esse site permite que voc\u00ea converse com qualquer estranho aleat\u00f3rio com apenas um clique de um bot\u00e3o. O site diz que \u00e9 a melhor alternativa para <a href=\"https:\/\/strangercam.com\/pt-br\/omegle\/\">Omegle<\/a> TV. O aplicativo da OmeTv est\u00e1 dispon\u00edvel para Android e iOS.<\/p>\n<p>De dia ou de noite, n\u00e3o importa se voc\u00ea quer conversar; a OmeTv est\u00e1 l\u00e1 para lhe oferecer muitas oportunidades. Cerca de 10 milh\u00f5es de pessoas est\u00e3o registradas na OmeTv. Voc\u00ea pode conversar livremente com essas pessoas. A plataforma tamb\u00e9m permite que voc\u00ea selecione e escolha entre milh\u00f5es de pessoas.<\/p>\n<p>Seu \u00fanico objetivo \u00e9 fazer com que as pessoas <a href=\"https:\/\/strangercam.com\/pt-br\/coomeet\/\">conhecer<\/a> cada vez mais pessoas; elas podem tomar caf\u00e9 virtualmente no conforto de suas casas ou compartilhar seus sentimentos com elas. Com esse aplicativo, voc\u00ea nunca se sentir\u00e1 sozinho. Ele lhe d\u00e1 a chance de fazer novos amigos.<\/p>\n<h3>Limite de idade no OmeTV - seguido ou ignorado?<\/h3>\n<p>Um dos aspectos mais preocupantes do aplicativo \u00e9 que, embora ele informe que o usu\u00e1rio precisa ter mais de 18 anos, n\u00e3o h\u00e1 nenhuma verifica\u00e7\u00e3o para validar isso. Descobriu-se que o aplicativo foi usado por muitos adolescentes com menos de 18 anos.<\/p>\n<p>N\u00e3o \u00e9 necess\u00e1rio ter uma conta na OmeTv; basta fazer login pelo Facebook e voc\u00ea estar\u00e1 pronto para conversar com um estranho aleat\u00f3rio.<\/p>\n<h3>O que pode fazer com que voc\u00ea seja banido?<\/h3>\n<p>O aplicativo vem com v\u00e1rias restri\u00e7\u00f5es. Por realizar as a\u00e7\u00f5es mencionadas abaixo, voc\u00ea pode ser banido.<\/p>\n<ul>\n<li style=\"font-weight: 400;\" aria-level=\"1\">Solicita\u00e7\u00e3o de virtual <a href=\"https:\/\/strangercam.com\/pt-br\/shagle\/\">sexo<\/a> ou nudez.<\/li>\n<li style=\"font-weight: 400;\" aria-level=\"1\">Exibi\u00e7\u00e3o de imagens e v\u00eddeos question\u00e1veis.<\/li>\n<li style=\"font-weight: 400;\" aria-level=\"1\">Atividades desrespeitosas, como vulgaridade, insultos contra religi\u00e3o ou ra\u00e7a, coment\u00e1rios depressivos, etc.<\/li>\n<li style=\"font-weight: 400;\" aria-level=\"1\">Spamming n\u00e3o \u00e9 permitido. O aplicativo pro\u00edbe que voc\u00ea compartilhe links para outros sites.<\/li>\n<\/ul>\n<h3>Termos e condi\u00e7\u00f5es<\/h3>\n<p>A OmeTv mencionou claramente que pode usar seu v\u00eddeo em qualquer lugar. De acordo com os termos e condi\u00e7\u00f5es, voc\u00ea pode manter os direitos autorais, mas n\u00e3o tem voz sobre o que e onde o conte\u00fado de seus v\u00eddeos ser\u00e1 transmitido.<\/p>\n<p>A OmeTv n\u00e3o est\u00e1 disposta a assumir qualquer responsabilidade por si mesma. Ela diz que os usu\u00e1rios s\u00e3o os \u00fanicos respons\u00e1veis por qualquer coisa que possa dar errado.<\/p>\n<h3>Pol\u00edtica de privacidade<\/h3>\n<p>A empresa tem o compromisso de proteger suas informa\u00e7\u00f5es pessoais e salvaguardar os direitos de privacidade. A privacidade \u00e9 um direito fundamental de todo ser humano. A viola\u00e7\u00e3o desse direito leva a muitas complica\u00e7\u00f5es. Para evitar tais dificuldades, desde o primeiro dia, a OmeTv desenvolveu essa estrat\u00e9gia rigorosa.<\/p>\n<p>O site assume a responsabilidade pelo processamento de seus dados, desde que atue como controlador de dados. Eles podem precisar de informa\u00e7\u00f5es b\u00e1sicas, como sua foto de perfil, nome, n\u00famero de telefone, endere\u00e7o e fuso hor\u00e1rio ao criar um perfil a partir de uma conta de m\u00eddia social.<\/p>\n<p>O site n\u00e3o tem a inten\u00e7\u00e3o de obter nenhuma informa\u00e7\u00e3o ou acesso aos seus dados al\u00e9m disso. Mesmo assim, isso est\u00e1 sendo feito para tornar sua experi\u00eancia no site mais tranquila.<\/p>\n<p>Suas informa\u00e7\u00f5es pessoais podem ser compartilhadas com as seguintes pessoas;<\/p>\n<ul>\n<li style=\"font-weight: 400;\" aria-level=\"1\">Por ser um aplicativo de namoro, suas informa\u00e7\u00f5es pessoais, como nome, idade, sexo, localiza\u00e7\u00e3o e imagens p\u00fablicas, podem ficar vis\u00edveis para outros usu\u00e1rios.<\/li>\n<li style=\"font-weight: 400;\" aria-level=\"1\">O site pode divulgar suas informa\u00e7\u00f5es e dados pessoais \u00e0s seguradoras. Esses dados tamb\u00e9m podem ser compartilhados com bancos e consultores profissionais para a cobertura de valores de seguros e gerenciamento de custos.<\/li>\n<li style=\"font-weight: 400;\" aria-level=\"1\">Seus dados de transa\u00e7\u00e3o ser\u00e3o compartilhados com os provedores de pagamento do site, como Google, PayPal, Interkassa, SecurionPay, Apple e SMSBILL.<\/li>\n<\/ul>\n<h3>Outros problemas<\/h3>\n<p>H\u00e1 certos recursos do aplicativo que s\u00e3o problem\u00e1ticos. Ele tem um modo de espionagem, com o qual uma terceira pessoa pode ouvir um bate-papo privado. A c\u00e2mera espi\u00e3 \u00e9 um risco consider\u00e1vel para a privacidade de qualquer pessoa. Por ser an\u00f4nimo, ele pode revelar o que h\u00e1 de pior nas pessoas. Ela pode ser usada at\u00e9 mesmo para chantagem.<\/p>\n<p>Al\u00e9m disso, apenas algumas dezenas de moderadores est\u00e3o verificando o conte\u00fado. Eles n\u00e3o s\u00e3o suficientes para detectar se o tr\u00e1fego maci\u00e7o de 10 milh\u00f5es \u00e9 seguro. Costuma-se dizer que o tr\u00e1fego mais extenso \u00e9 melhor para os sites de relacionamento. Mas tamb\u00e9m \u00e9 um desafio gerenciar esse tr\u00e1fego. Muitos hackers e criminosos tamb\u00e9m podem entrar na plataforma devido ao pouco controle e equil\u00edbrio.<\/p>\n<p>As restri\u00e7\u00f5es para maiores de 18 anos parecem n\u00e3o estar presentes no site. Muitos adolescentes com menos de 18 anos entraram no site. Todos eles est\u00e3o expostos ao mundo exterior. Isso pode ser perigoso para eles, pois \u00e9 f\u00e1cil manipular crian\u00e7as nessa idade.<\/p>\n<h3>Avalia\u00e7\u00f5es da Trustpilot<\/h3>\n<p>Muitas pessoas na Trustpilot reclamaram que foram banidas por causa das a\u00e7\u00f5es de outras pessoas. Al\u00e9m disso, para cancelar o banimento, eles pedem doa\u00e7\u00f5es. Isso mostra a natureza obscura da empresa.<\/p>\n<p>Mas sempre h\u00e1 um outro lado da hist\u00f3ria. Voc\u00ea pode usar o site para descobrir esse lado voc\u00ea mesmo!<\/p>\n<h3>Procedimento de reclama\u00e7\u00e3o<\/h3>\n<p>Voc\u00ea n\u00e3o est\u00e1 sozinho!<\/p>\n<p>A OmeTv \u00e9 um local seguro para todos. Se algo ou algu\u00e9m o incomodar, voc\u00ea pode reclamar com os funcion\u00e1rios. Esse recurso foi introduzido para que as pessoas se sintam seguras ao usar a OmeTv.<\/p>\n<p>Voc\u00ea pode lan\u00e7ar uma reclama\u00e7\u00e3o contra qualquer usu\u00e1rio que, em sua opini\u00e3o, esteja violando as fun\u00e7\u00f5es da plataforma. Para tornar sua reclama\u00e7\u00e3o mais eficaz, voc\u00ea pode anexar capturas de tela do bate-papo e outras informa\u00e7\u00f5es relacionadas para facilitar a localiza\u00e7\u00e3o, a identifica\u00e7\u00e3o e a resolu\u00e7\u00e3o do problema pelas autoridades.<\/p>\n<p>Se forem recebidas muitas reclama\u00e7\u00f5es contra um usu\u00e1rio, o site o proibir\u00e1 automaticamente de usar seus servi\u00e7os. Isso \u00e9 feito para garantir a seguran\u00e7a de outros usu\u00e1rios. Mas antes de tomar qualquer medida s\u00e9ria, tudo \u00e9 analisado cuidadosamente.<\/p>\n<h3>Usar ou n\u00e3o?<\/h3>\n<p>Acreditamos que a privacidade dos usu\u00e1rios deve ser priorizada. Se n\u00e3o for, pelo menos deve ser respeitada!<\/p>\n<p>Mas parece que a OmeTv n\u00e3o est\u00e1 disposta a fazer isso. A pol\u00edtica de privacidade da empresa menciona que ela pode compartilhar seus dados com terceiros. Comprometer seus dados n\u00e3o \u00e9 uma op\u00e7\u00e3o. Por isso, \u00e9 melhor evit\u00e1-lo.<\/p>\n<p>Em vez disso, voc\u00ea pode usar <a href=\"https:\/\/strangercam.com\/pt-br\/\">Strangercam<\/a>. \u00c9 uma sala de bate-papo por v\u00eddeo on-line melhor e mais confi\u00e1vel. Voc\u00ea pode conhecer novas pessoas e conversar com elas. E n\u00e3o precisa se preocupar com seus dados e sua privacidade, pois o stangercam oferece seguran\u00e7a m\u00e1xima e protege seus dados.<\/p>\n<h3>Conclus\u00e3o<\/h3>\n<p>H\u00e1 muitos problemas relacionados a esse site. Foi dito que <a href=\"https:\/\/play.google.com\/\">Google Play<\/a>\u00a0e a App Store devem examinar esses aplicativos. Elas n\u00e3o devem permitir que aplicativos que n\u00e3o validem a idade corretamente e que n\u00e3o tenham controle dos pais sejam adicionados \u00e0s suas plataformas.<\/p>\n<p>Melhorar sua pol\u00edtica de privacidade pode aumentar sua credibilidade. Mas, por enquanto, h\u00e1 outras op\u00e7\u00f5es mais seguras no mercado para escolher.<\/p>","protected":false},"excerpt":{"rendered":"<p>OmeTV is a video chat website and app using which you can talk to strangers. This website allows you to talk to any random stranger with just a click of a button. The website says that it is the best alternative to Omegle Tv. The app for OmeTv is available for android and iOS. Day [&hellip;]<\/p>\n","protected":false},"author":6,"featured_media":559,"parent":0,"menu_order":0,"comment_status":"closed","ping_status":"closed","template":"","meta":{"footnotes":""},"class_list":["post-881","page","type-page","status-publish","has-post-thumbnail","hentry"],"yoast_head":"<!-- This site is optimized with the Yoast SEO plugin v27.4 - https:\/\/yoast.com\/product\/yoast-seo-wordpress\/ -->\n<title>OmeTV - Omegle Random Chat Alternative on StrangerCam.com<\/title>\n<meta name=\"description\" content=\"Like OmeTV? Come chat with more than 5.000.000 strangers on Stranger Cam for Free! Turn on your cam and find new friends &amp; maby a match!\" \/>\n<meta name=\"robots\" content=\"index, follow, max-snippet:-1, max-image-preview:large, max-video-preview:-1\" \/>\n<link rel=\"canonical\" href=\"https:\/\/strangercam.com\/pt-br\/ometv\/\" \/>\n<meta property=\"og:locale\" content=\"pt_BR\" \/>\n<meta property=\"og:type\" content=\"article\" \/>\n<meta property=\"og:title\" content=\"OmeTV - Omegle Random Chat Alternative on StrangerCam.com\" \/>\n<meta property=\"og:description\" content=\"Like OmeTV? Come chat with more than 5.000.000 strangers on Stranger Cam for Free! Turn on your cam and find new friends &amp; maby a match!\" \/>\n<meta property=\"og:url\" content=\"https:\/\/strangercam.com\/pt-br\/ometv\/\" \/>\n<meta property=\"og:site_name\" content=\"Strangercam\" \/>\n<meta property=\"article:publisher\" content=\"https:\/\/www.facebook.com\/strangercam\" \/>\n<meta property=\"article:modified_time\" content=\"2023-08-21T10:34:45+00:00\" \/>\n<meta property=\"og:image\" content=\"https:\/\/strangercam.com\/wp-content\/uploads\/2020\/11\/stranger-cam-1.png\" \/>\n\t<meta property=\"og:image:width\" content=\"800\" \/>\n\t<meta property=\"og:image:height\" content=\"800\" \/>\n\t<meta property=\"og:image:type\" content=\"image\/png\" \/>\n<meta name=\"twitter:card\" content=\"summary_large_image\" \/>\n<meta name=\"twitter:site\" content=\"@strangercamapp\" \/>\n<meta name=\"twitter:label1\" content=\"Est. tempo de leitura\" \/>\n\t<meta name=\"twitter:data1\" content=\"5 minutos\" \/>\n<script type=\"application\/ld+json\" class=\"yoast-schema-graph\">{\"@context\":\"https:\\\/\\\/schema.org\",\"@graph\":[{\"@type\":\"WebPage\",\"@id\":\"https:\\\/\\\/strangercam.com\\\/ometv\\\/\",\"url\":\"https:\\\/\\\/strangercam.com\\\/ometv\\\/\",\"name\":\"OmeTV - Omegle Random Chat Alternative on StrangerCam.com\",\"isPartOf\":{\"@id\":\"https:\\\/\\\/strangercam.com\\\/#website\"},\"primaryImageOfPage\":{\"@id\":\"https:\\\/\\\/strangercam.com\\\/ometv\\\/#primaryimage\"},\"image\":{\"@id\":\"https:\\\/\\\/strangercam.com\\\/ometv\\\/#primaryimage\"},\"thumbnailUrl\":\"https:\\\/\\\/strangercam.com\\\/wp-content\\\/uploads\\\/2020\\\/11\\\/stranger-cam-1.png\",\"datePublished\":\"2020-12-02T17:15:37+00:00\",\"dateModified\":\"2023-08-21T10:34:45+00:00\",\"description\":\"Like OmeTV? Come chat with more than 5.000.000 strangers on Stranger Cam for Free! Turn on your cam and find new friends & maby a match!\",\"breadcrumb\":{\"@id\":\"https:\\\/\\\/strangercam.com\\\/ometv\\\/#breadcrumb\"},\"inLanguage\":\"pt-BR\",\"potentialAction\":[{\"@type\":\"ReadAction\",\"target\":[\"https:\\\/\\\/strangercam.com\\\/ometv\\\/\"]}]},{\"@type\":\"ImageObject\",\"inLanguage\":\"pt-BR\",\"@id\":\"https:\\\/\\\/strangercam.com\\\/ometv\\\/#primaryimage\",\"url\":\"https:\\\/\\\/strangercam.com\\\/wp-content\\\/uploads\\\/2020\\\/11\\\/stranger-cam-1.png\",\"contentUrl\":\"https:\\\/\\\/strangercam.com\\\/wp-content\\\/uploads\\\/2020\\\/11\\\/stranger-cam-1.png\",\"width\":800,\"height\":800,\"caption\":\"stranger cam random video chat\"},{\"@type\":\"BreadcrumbList\",\"@id\":\"https:\\\/\\\/strangercam.com\\\/ometv\\\/#breadcrumb\",\"itemListElement\":[{\"@type\":\"ListItem\",\"position\":1,\"name\":\"Home\",\"item\":\"https:\\\/\\\/strangercam.com\\\/\"},{\"@type\":\"ListItem\",\"position\":2,\"name\":\"OmeTV\"}]},{\"@type\":\"WebSite\",\"@id\":\"https:\\\/\\\/strangercam.com\\\/#website\",\"url\":\"https:\\\/\\\/strangercam.com\\\/\",\"name\":\"Strangercam\",\"description\":\"Random Video Chat with Strangers\",\"publisher\":{\"@id\":\"https:\\\/\\\/strangercam.com\\\/#organization\"},\"alternateName\":\"Strangercam.com\",\"potentialAction\":[{\"@type\":\"SearchAction\",\"target\":{\"@type\":\"EntryPoint\",\"urlTemplate\":\"https:\\\/\\\/strangercam.com\\\/?s={search_term_string}\"},\"query-input\":{\"@type\":\"PropertyValueSpecification\",\"valueRequired\":true,\"valueName\":\"search_term_string\"}}],\"inLanguage\":\"pt-BR\"},{\"@type\":\"Organization\",\"@id\":\"https:\\\/\\\/strangercam.com\\\/#organization\",\"name\":\"Strangercam\",\"alternateName\":\"Strangercam.com\",\"url\":\"https:\\\/\\\/strangercam.com\\\/\",\"logo\":{\"@type\":\"ImageObject\",\"inLanguage\":\"pt-BR\",\"@id\":\"https:\\\/\\\/strangercam.com\\\/#\\\/schema\\\/logo\\\/image\\\/\",\"url\":\"https:\\\/\\\/strangercam.com\\\/wp-content\\\/uploads\\\/2020\\\/11\\\/cropped-new-favicon-black.png\",\"contentUrl\":\"https:\\\/\\\/strangercam.com\\\/wp-content\\\/uploads\\\/2020\\\/11\\\/cropped-new-favicon-black.png\",\"width\":512,\"height\":512,\"caption\":\"Strangercam\"},\"image\":{\"@id\":\"https:\\\/\\\/strangercam.com\\\/#\\\/schema\\\/logo\\\/image\\\/\"},\"sameAs\":[\"https:\\\/\\\/www.facebook.com\\\/strangercam\",\"https:\\\/\\\/x.com\\\/strangercamapp\"]}]}<\/script>\n<!-- \/ Yoast SEO plugin. -->","yoast_head_json":{"title":"OmeTV - Omegle Random Chat Alternative em StrangerCam.com","description":"Gosta do OmeTV? Venha bater papo com mais de 5.000.000 de desconhecidos no Stranger Cam de gra\u00e7a! Ligue sua c\u00e2mera e encontre novos amigos e talvez um par!","robots":{"index":"index","follow":"follow","max-snippet":"max-snippet:-1","max-image-preview":"max-image-preview:large","max-video-preview":"max-video-preview:-1"},"canonical":"https:\/\/strangercam.com\/pt-br\/ometv\/","og_locale":"pt_BR","og_type":"article","og_title":"OmeTV - Omegle Random Chat Alternative on StrangerCam.com","og_description":"Like OmeTV? Come chat with more than 5.000.000 strangers on Stranger Cam for Free! Turn on your cam and find new friends & maby a match!","og_url":"https:\/\/strangercam.com\/pt-br\/ometv\/","og_site_name":"Strangercam","article_publisher":"https:\/\/www.facebook.com\/strangercam","article_modified_time":"2023-08-21T10:34:45+00:00","og_image":[{"width":800,"height":800,"url":"https:\/\/strangercam.com\/wp-content\/uploads\/2020\/11\/stranger-cam-1.png","type":"image\/png"}],"twitter_card":"summary_large_image","twitter_site":"@strangercamapp","twitter_misc":{"Est. tempo de leitura":"5 minutos"},"schema":{"@context":"https:\/\/schema.org","@graph":[{"@type":"WebPage","@id":"https:\/\/strangercam.com\/ometv\/","url":"https:\/\/strangercam.com\/ometv\/","name":"OmeTV - Omegle Random Chat Alternative em StrangerCam.com","isPartOf":{"@id":"https:\/\/strangercam.com\/#website"},"primaryImageOfPage":{"@id":"https:\/\/strangercam.com\/ometv\/#primaryimage"},"image":{"@id":"https:\/\/strangercam.com\/ometv\/#primaryimage"},"thumbnailUrl":"https:\/\/strangercam.com\/wp-content\/uploads\/2020\/11\/stranger-cam-1.png","datePublished":"2020-12-02T17:15:37+00:00","dateModified":"2023-08-21T10:34:45+00:00","description":"Gosta do OmeTV? Venha bater papo com mais de 5.000.000 de desconhecidos no Stranger Cam de gra\u00e7a! Ligue sua c\u00e2mera e encontre novos amigos e talvez um par!","breadcrumb":{"@id":"https:\/\/strangercam.com\/ometv\/#breadcrumb"},"inLanguage":"pt-BR","potentialAction":[{"@type":"ReadAction","target":["https:\/\/strangercam.com\/ometv\/"]}]},{"@type":"ImageObject","inLanguage":"pt-BR","@id":"https:\/\/strangercam.com\/ometv\/#primaryimage","url":"https:\/\/strangercam.com\/wp-content\/uploads\/2020\/11\/stranger-cam-1.png","contentUrl":"https:\/\/strangercam.com\/wp-content\/uploads\/2020\/11\/stranger-cam-1.png","width":800,"height":800,"caption":"stranger cam random video chat"},{"@type":"BreadcrumbList","@id":"https:\/\/strangercam.com\/ometv\/#breadcrumb","itemListElement":[{"@type":"ListItem","position":1,"name":"Home","item":"https:\/\/strangercam.com\/"},{"@type":"ListItem","position":2,"name":"OmeTV"}]},{"@type":"WebSite","@id":"https:\/\/strangercam.com\/#website","url":"https:\/\/strangercam.com\/","name":"Strangercam","description":"Bate-papo por v\u00eddeo aleat\u00f3rio com estranhos","publisher":{"@id":"https:\/\/strangercam.com\/#organization"},"alternateName":"Strangercam.com","potentialAction":[{"@type":"SearchAction","target":{"@type":"EntryPoint","urlTemplate":"https:\/\/strangercam.com\/?s={search_term_string}"},"query-input":{"@type":"PropertyValueSpecification","valueRequired":true,"valueName":"search_term_string"}}],"inLanguage":"pt-BR"},{"@type":"Organization","@id":"https:\/\/strangercam.com\/#organization","name":"Strangercam","alternateName":"Strangercam.com","url":"https:\/\/strangercam.com\/","logo":{"@type":"ImageObject","inLanguage":"pt-BR","@id":"https:\/\/strangercam.com\/#\/schema\/logo\/image\/","url":"https:\/\/strangercam.com\/wp-content\/uploads\/2020\/11\/cropped-new-favicon-black.png","contentUrl":"https:\/\/strangercam.com\/wp-content\/uploads\/2020\/11\/cropped-new-favicon-black.png","width":512,"height":512,"caption":"Strangercam"},"image":{"@id":"https:\/\/strangercam.com\/#\/schema\/logo\/image\/"},"sameAs":["https:\/\/www.facebook.com\/strangercam","https:\/\/x.com\/strangercamapp"]}]}},"_links":{"self":[{"href":"https:\/\/strangercam.com\/pt-br\/wp-json\/wp\/v2\/pages\/881","targetHints":{"allow":["GET"]}}],"collection":[{"href":"https:\/\/strangercam.com\/pt-br\/wp-json\/wp\/v2\/pages"}],"about":[{"href":"https:\/\/strangercam.com\/pt-br\/wp-json\/wp\/v2\/types\/page"}],"author":[{"embeddable":true,"href":"https:\/\/strangercam.com\/pt-br\/wp-json\/wp\/v2\/users\/6"}],"replies":[{"embeddable":true,"href":"https:\/\/strangercam.com\/pt-br\/wp-json\/wp\/v2\/comments?post=881"}],"version-history":[{"count":0,"href":"https:\/\/strangercam.com\/pt-br\/wp-json\/wp\/v2\/pages\/881\/revisions"}],"wp:featuredmedia":[{"embeddable":true,"href":"https:\/\/strangercam.com\/pt-br\/wp-json\/wp\/v2\/media\/559"}],"wp:attachment":[{"href":"https:\/\/strangercam.com\/pt-br\/wp-json\/wp\/v2\/media?parent=881"}],"curies":[{"name":"wp","href":"https:\/\/api.w.org\/{rel}","templated":true}]}}