{"id":8708,"date":"2021-10-27T09:29:55","date_gmt":"2021-10-27T07:29:55","guid":{"rendered":"https:\/\/strangercam.com\/?page_id=8708"},"modified":"2025-02-04T09:47:53","modified_gmt":"2025-02-04T07:47:53","slug":"mocospace","status":"publish","type":"page","link":"https:\/\/strangercam.com\/pt-br\/mocospace\/","title":{"rendered":"MocoSpace"},"content":{"rendered":"<p>Procurando uma plataforma social onde voc\u00ea possa <a href=\"https:\/\/strangercam.com\/pt-br\/chatroulette\/\">bate-papo<\/a> com os amigos e desfrutar de jogos casuais em qualquer lugar? O MocoSpace pode ser a op\u00e7\u00e3o perfeita. Combinando recursos voltados para a comunidade com uma experi\u00eancia de jogo integrada, o MocoSpace se destaca entre os aplicativos tradicionais de bate-papo e redes sociais. A seguir, exploraremos os principais recursos do MocoSpace, como ele funciona e o que o torna um vibrante ponto de encontro on-line.<\/p>\n<h2>O que \u00e9 MocoSpace?<\/h2>\n<p>MocoSpace \u00e9 uma empresa focada em dispositivos m\u00f3veis <strong>plataforma de rede social<\/strong> que oferece:<\/p>\n<ul>\n<li><strong>Salas de bate-papo e f\u00f3runs<\/strong>: <a href=\"https:\/\/strangercam.com\/pt-br\/coomeet\/\">Conhe\u00e7a<\/a> novas pessoas ou conversar com amigos em espa\u00e7os de bate-papo tem\u00e1ticos.<\/li>\n<li><strong>Jogos sociais<\/strong>: Desfrute de uma variedade de jogos casuais baseados em navegador, perfeitos para entretenimento r\u00e1pido.<\/li>\n<li><strong>Perfis de usu\u00e1rio<\/strong>: Personalize seu espa\u00e7o com fotos, status e informa\u00e7\u00f5es pessoais.<\/li>\n<li><strong>Fun\u00e7\u00f5es de amigo e seguidor<\/strong>: Conecte-se com pessoas do mundo todo ou crie um c\u00edrculo de amigos on-line pr\u00f3ximos.<\/li>\n<\/ul>\n<p>Criado para ser leve e f\u00e1cil de usar, o MocoSpace funciona sem problemas em v\u00e1rios dispositivos, garantindo que voc\u00ea possa se conectar onde quer que esteja.<\/p>\n<h2>Principais recursos<\/h2>\n<h3>1. Salas de bate-papo e mensagens<\/h3>\n<p>No centro do MocoSpace est\u00e1 o recurso de bate-papo:<\/p>\n<ul>\n<li><strong>Salas de bate-papo em grupo<\/strong>: Participe de bate-papos com t\u00f3picos espec\u00edficos - esportes, filmes ou at\u00e9 mesmo encontros locais - para encontrar usu\u00e1rios com a mesma opini\u00e3o.<\/li>\n<li><strong>Mensagens privadas<\/strong>: Troque mensagens pessoais com amigos ou novos contatos sem sair da plataforma.<\/li>\n<li><strong><a href=\"https:\/\/strangercam.com\/pt-br\/rabbit-video-chat\/\">V\u00eddeo<\/a> e voz (limitado)<\/strong>: Alguns recursos permitem mensagens de voz breves ou uploads de v\u00eddeo, tornando as conversas mais pessoais.<\/li>\n<\/ul>\n<h3>2. Jogos sociais<\/h3>\n<p>O MocoSpace hospeda uma variedade de <strong>Jogos baseados em HTML5<\/strong> voc\u00ea pode jogar sozinho ou de forma competitiva:<\/p>\n<ul>\n<li><strong>Cl\u00e1ssicos de Arcade<\/strong>: Jogos simples, em estilo retr\u00f4, perfeitos para intervalos r\u00e1pidos.<\/li>\n<li><strong>Estrat\u00e9gia e interpreta\u00e7\u00e3o de pap\u00e9is<\/strong>: Construa alian\u00e7as, desenvolva reinos virtuais e forme equipes com amigos.<\/li>\n<li><strong>Tabelas de classifica\u00e7\u00e3o<\/strong>: Acompanhe seu progresso e compita contra outros jogadores em sua rede.<\/li>\n<\/ul>\n<h3>3. Personaliza\u00e7\u00e3o de perfil<\/h3>\n<p>Seu perfil no MocoSpace funciona como um mini-site pessoal:<\/p>\n<ul>\n<li><strong>Upload de fotos<\/strong>: Crie \u00e1lbuns para mostrar os destaques de sua vida.<\/li>\n<li><strong>Biografia e atualiza\u00e7\u00f5es de status<\/strong>: Informe aos outros o que voc\u00ea est\u00e1 fazendo ou seu humor atual.<\/li>\n<li><strong>Temas e skins<\/strong>: Personalize a apar\u00eancia de sua p\u00e1gina para se destacar.<\/li>\n<\/ul>\n<h3>4. Recursos da comunidade<\/h3>\n<p>O MocoSpace integra elementos sociais que ajudam os usu\u00e1rios a se conectarem mais profundamente:<\/p>\n<ul>\n<li><strong>Amigos e seguidores<\/strong>: Expanda sua rede adicionando usu\u00e1rios ou seguindo perfis que compartilham seus interesses.<\/li>\n<li><strong>F\u00f3runs e grupos<\/strong>: Discuta t\u00f3picos de tend\u00eancias ou interesses de nicho com comunidades dedicadas.<\/li>\n<li><strong>Notifica\u00e7\u00f5es<\/strong>: Mantenha-se atualizado sobre solicita\u00e7\u00f5es de amizade, convites para grupos e desafios de jogos.<\/li>\n<\/ul>\n<h2>Como funciona o MocoSpace<\/h2>\n<h3>1. Registro r\u00e1pido<\/h3>\n<p>Voc\u00ea pode criar uma conta MocoSpace usando:<\/p>\n<ul>\n<li><strong>E-mail<\/strong>: Um registro padr\u00e3o, passo a passo.<\/li>\n<li><strong>Facebook\/Google<\/strong>: Op\u00e7\u00f5es de login r\u00e1pido para vincular suas contas de m\u00eddia social.<\/li>\n<\/ul>\n<p>Depois de se inscrever, voc\u00ea pode editar os detalhes do seu perfil e selecionar interesses de jogos ou salas de bate-papo preferidas para come\u00e7ar.<\/p>\n<h3>2. Encontrar amigos e divers\u00e3o<\/h3>\n<p>Um dos principais atrativos do MocoSpace \u00e9 a facilidade com que voc\u00ea pode <strong>conhecer novas pessoas<\/strong>:<\/p>\n<ul>\n<li>Pesquise usu\u00e1rios por idade, local ou interesses compartilhados.<\/li>\n<li>Entre em salas de bate-papo abertas sobre m\u00fasica, filmes, jogos e muito mais.<\/li>\n<li>Participe de lobbies de jogos para encontrar companheiros de jogo e competir por pontua\u00e7\u00f5es mais altas.<\/li>\n<\/ul>\n<h3>3. Aumento de n\u00edvel por meio da jogabilidade<\/h3>\n<p>Muitos <strong>Jogos MocoSpace<\/strong> recompens\u00e1-lo com pontos e distintivos:<\/p>\n<ul>\n<li>Ganhe moeda no jogo para comprar upgrades ou power-ups.<\/li>\n<li>Aproveite os b\u00f4nus de eventos ou os desafios por tempo limitado.<\/li>\n<li>Suba nas tabelas de classifica\u00e7\u00e3o para mostrar suas proezas nos jogos.<\/li>\n<\/ul>\n<h2>Seguran\u00e7a e modera\u00e7\u00e3o<\/h2>\n<p>Como qualquer rede on-line, o MocoSpace aborda poss\u00edveis preocupa\u00e7\u00f5es relacionadas \u00e0 privacidade e \u00e0 conduta:<\/p>\n<ul>\n<li><strong>Ferramentas de bloqueio e relat\u00f3rio<\/strong>: Remova rapidamente intera\u00e7\u00f5es indesejadas ou sinalize contas suspeitas.<\/li>\n<li><strong>Diretrizes da comunidade<\/strong>: Regras claras de comportamento aceit\u00e1vel, com a possibilidade de suspens\u00e3o da conta em caso de viola\u00e7\u00e3o.<\/li>\n<li><strong>Controles de privacidade do perfil<\/strong>: Limite quem pode ver suas fotos, publica\u00e7\u00f5es ou convites para bate-papo.<\/li>\n<\/ul>\n<h2>Monetiza\u00e7\u00e3o e recursos premium<\/h2>\n<p>MocoSpace \u00e9 <strong><a href=\"https:\/\/strangercam.com\/pt-br\/chat4free\/\">gratuito<\/a> para participar<\/strong> e uso, mas a plataforma tamb\u00e9m oferece upgrades opcionais pagos:<\/p>\n<ul>\n<li><strong>Moeda virtual (Moco Gold)<\/strong>: Gaste em atualiza\u00e7\u00f5es de avatar, itens exclusivos do jogo ou temas de perfil.<\/li>\n<li><strong>Experi\u00eancia sem an\u00fancios<\/strong>: Remova os an\u00fancios para uma navega\u00e7\u00e3o mais r\u00e1pida e limpa.<\/li>\n<li><strong>Vantagens especiais<\/strong>: Obtenha presentes ou b\u00f4nus extras em determinados jogos, dispon\u00edveis por meio de compras no aplicativo.<\/li>\n<\/ul>\n<h2>Pr\u00f3s e contras<\/h2>\n<p>Nenhuma plataforma \u00e9 perfeita, e a MocoSpace n\u00e3o \u00e9 exce\u00e7\u00e3o. Aqui est\u00e1 uma vis\u00e3o equilibrada:<\/p>\n<table>\n<thead>\n<tr>\n<th>Pr\u00f3s<\/th>\n<th>Contras<\/th>\n<\/tr>\n<\/thead>\n<tbody>\n<tr>\n<td>\n<ul>\n<li>Combina bate-papo e jogos sociais em um \u00fanico aplicativo<\/li>\n<li>F\u00e1cil de usar e leve, ideal para dispositivos m\u00f3veis<\/li>\n<li>Orientado para a comunidade, com v\u00e1rios f\u00f3runs baseados em interesses<\/li>\n<li>Registro f\u00e1cil e integra\u00e7\u00e3o r\u00e1pida<\/li>\n<li>Gratuito para uso, com itens premium opcionais<\/li>\n<\/ul>\n<\/td>\n<td>\n<ul>\n<li>As salas de bate-papo podem ocasionalmente apresentar spam ou <a href=\"https:\/\/strangercam.com\/pt-br\/shagle\/\">adulto<\/a> conte\u00fado<\/li>\n<li>Configura\u00e7\u00f5es de privacidade avan\u00e7adas limitadas em compara\u00e7\u00e3o com os principais aplicativos sociais<\/li>\n<li>Alguns recursos premium podem ser caros ao longo do tempo<\/li>\n<li>Menos jogos imersivos ou de ponta em compara\u00e7\u00e3o com plataformas de jogos dedicadas<\/li>\n<\/ul>\n<\/td>\n<\/tr>\n<\/tbody>\n<\/table>\n<h2>Dicas para aproveitar ao m\u00e1ximo o MocoSpace<\/h2>\n<h3>1. Personalize seu perfil<\/h3>\n<p>Temas atraentes e uma biografia concisa podem ajud\u00e1-lo a atrair amigos ou parceiros de jogo que compartilhem seus interesses.<\/p>\n<h3>2. Participe de salas de bate-papo ativas<\/h3>\n<p>Entre nas salas nos hor\u00e1rios de pico para encontrar discuss\u00f5es animadas e fazer conex\u00f5es mais rapidamente.<\/p>\n<h3>3. Explore jogos diferentes<\/h3>\n<p>Alternar entre g\u00eaneros pode manter sua experi\u00eancia atualizada e ajud\u00e1-lo a conhecer novas pessoas.<\/p>\n<h3>4. Manter a etiqueta on-line<\/h3>\n<p>Siga as diretrizes e trate os outros usu\u00e1rios com respeito para promover uma comunidade positiva e agrad\u00e1vel.<\/p>\n<h2>Conclus\u00e3o<\/h2>\n<p>O MocoSpace oferece uma experi\u00eancia social distinta ao combinar bate-papo e jogos em uma \u00fanica plataforma compat\u00edvel com dispositivos m\u00f3veis. Seja para iniciar conversas em salas de bate-papo, desafiar amigos para jogos casuais em HTML5 ou expandir seu c\u00edrculo social em geral, o MocoSpace oferece ferramentas e atividades que mant\u00eam a experi\u00eancia animada e envolvente. Com recursos f\u00e1ceis de usar e uma comunidade global ativa, \u00e9 uma op\u00e7\u00e3o divertida para aqueles que querem um pouco mais de entretenimento junto com sua rede social. Se voc\u00ea estiver pronto para conhecer novas pessoas e desfrutar de jogos leves, experimente o MocoSpace.<\/p>","protected":false},"excerpt":{"rendered":"<p>Looking for a social platform where you can both chat with friends and enjoy casual games on the go? MocoSpace might just be the perfect fit. Combining community-driven features with a built-in gaming experience, MocoSpace stands out among traditional chat and social networking apps. Below, we\u2019ll explore MocoSpace\u2019s key features, how it works, and what [&hellip;]<\/p>\n","protected":false},"author":6,"featured_media":0,"parent":0,"menu_order":0,"comment_status":"closed","ping_status":"closed","template":"","meta":{"footnotes":""},"class_list":["post-8708","page","type-page","status-publish","hentry"],"yoast_head":"<!-- This site is optimized with the Yoast SEO plugin v26.9 - https:\/\/yoast.com\/product\/yoast-seo-wordpress\/ -->\n<title>MocoSpace - Anonymous Chat For Two - StrangerCam.com<\/title>\n<meta name=\"description\" content=\"Like MocoSpace? Come chat with more than 5.000.000 strangers on Stranger Cam for Free! Turn on your cam and find new friends &amp; maby a match!\" \/>\n<meta name=\"robots\" content=\"index, follow, max-snippet:-1, max-image-preview:large, max-video-preview:-1\" \/>\n<link rel=\"canonical\" href=\"https:\/\/strangercam.com\/pt-br\/mocospace\/\" \/>\n<meta property=\"og:locale\" content=\"pt_BR\" \/>\n<meta property=\"og:type\" content=\"article\" \/>\n<meta property=\"og:title\" content=\"MocoSpace - Anonymous Chat For Two - StrangerCam.com\" \/>\n<meta property=\"og:description\" content=\"Like MocoSpace? Come chat with more than 5.000.000 strangers on Stranger Cam for Free! Turn on your cam and find new friends &amp; maby a match!\" \/>\n<meta property=\"og:url\" content=\"https:\/\/strangercam.com\/pt-br\/mocospace\/\" \/>\n<meta property=\"og:site_name\" content=\"Strangercam\" \/>\n<meta property=\"article:publisher\" content=\"https:\/\/www.facebook.com\/strangercam\" \/>\n<meta property=\"article:modified_time\" content=\"2025-02-04T07:47:53+00:00\" \/>\n<meta property=\"og:image\" content=\"https:\/\/strangercam.com\/wp-content\/uploads\/2021\/10\/Untitled-2.png\" \/>\n\t<meta property=\"og:image:width\" content=\"800\" \/>\n\t<meta property=\"og:image:height\" content=\"532\" \/>\n\t<meta property=\"og:image:type\" content=\"image\/png\" \/>\n<meta name=\"twitter:card\" content=\"summary_large_image\" \/>\n<meta name=\"twitter:site\" content=\"@strangercamapp\" \/>\n<meta name=\"twitter:label1\" content=\"Est. tempo de leitura\" \/>\n\t<meta name=\"twitter:data1\" content=\"4 minutos\" \/>\n<script type=\"application\/ld+json\" class=\"yoast-schema-graph\">{\"@context\":\"https:\/\/schema.org\",\"@graph\":[{\"@type\":\"WebPage\",\"@id\":\"https:\/\/strangercam.com\/mocospace\/\",\"url\":\"https:\/\/strangercam.com\/mocospace\/\",\"name\":\"MocoSpace - Anonymous Chat For Two - StrangerCam.com\",\"isPartOf\":{\"@id\":\"https:\/\/strangercam.com\/#website\"},\"datePublished\":\"2021-10-27T07:29:55+00:00\",\"dateModified\":\"2025-02-04T07:47:53+00:00\",\"description\":\"Like MocoSpace? Come chat with more than 5.000.000 strangers on Stranger Cam for Free! Turn on your cam and find new friends & maby a match!\",\"breadcrumb\":{\"@id\":\"https:\/\/strangercam.com\/mocospace\/#breadcrumb\"},\"inLanguage\":\"pt-BR\",\"potentialAction\":[{\"@type\":\"ReadAction\",\"target\":[\"https:\/\/strangercam.com\/mocospace\/\"]}]},{\"@type\":\"BreadcrumbList\",\"@id\":\"https:\/\/strangercam.com\/mocospace\/#breadcrumb\",\"itemListElement\":[{\"@type\":\"ListItem\",\"position\":1,\"name\":\"Home\",\"item\":\"https:\/\/strangercam.com\/\"},{\"@type\":\"ListItem\",\"position\":2,\"name\":\"MocoSpace\"}]},{\"@type\":\"WebSite\",\"@id\":\"https:\/\/strangercam.com\/#website\",\"url\":\"https:\/\/strangercam.com\/\",\"name\":\"Strangercam\",\"description\":\"Random Video Chat with Strangers\",\"publisher\":{\"@id\":\"https:\/\/strangercam.com\/#organization\"},\"alternateName\":\"Strangercam.com\",\"potentialAction\":[{\"@type\":\"SearchAction\",\"target\":{\"@type\":\"EntryPoint\",\"urlTemplate\":\"https:\/\/strangercam.com\/?s={search_term_string}\"},\"query-input\":{\"@type\":\"PropertyValueSpecification\",\"valueRequired\":true,\"valueName\":\"search_term_string\"}}],\"inLanguage\":\"pt-BR\"},{\"@type\":\"Organization\",\"@id\":\"https:\/\/strangercam.com\/#organization\",\"name\":\"Strangercam\",\"alternateName\":\"Strangercam.com\",\"url\":\"https:\/\/strangercam.com\/\",\"logo\":{\"@type\":\"ImageObject\",\"inLanguage\":\"pt-BR\",\"@id\":\"https:\/\/strangercam.com\/#\/schema\/logo\/image\/\",\"url\":\"https:\/\/strangercam.com\/wp-content\/uploads\/2020\/11\/cropped-new-favicon-black.png\",\"contentUrl\":\"https:\/\/strangercam.com\/wp-content\/uploads\/2020\/11\/cropped-new-favicon-black.png\",\"width\":512,\"height\":512,\"caption\":\"Strangercam\"},\"image\":{\"@id\":\"https:\/\/strangercam.com\/#\/schema\/logo\/image\/\"},\"sameAs\":[\"https:\/\/www.facebook.com\/strangercam\",\"https:\/\/x.com\/strangercamapp\"]}]}<\/script>\n<!-- \/ Yoast SEO plugin. -->","yoast_head_json":{"title":"MocoSpace - Bate-papo an\u00f4nimo para dois - StrangerCam.com","description":"Gosta do MocoSpace? Venha conversar com mais de 5.000.000 de desconhecidos no Stranger Cam gratuitamente! Ligue sua c\u00e2mera e encontre novos amigos e talvez um par!","robots":{"index":"index","follow":"follow","max-snippet":"max-snippet:-1","max-image-preview":"max-image-preview:large","max-video-preview":"max-video-preview:-1"},"canonical":"https:\/\/strangercam.com\/pt-br\/mocospace\/","og_locale":"pt_BR","og_type":"article","og_title":"MocoSpace - Anonymous Chat For Two - StrangerCam.com","og_description":"Like MocoSpace? Come chat with more than 5.000.000 strangers on Stranger Cam for Free! Turn on your cam and find new friends & maby a match!","og_url":"https:\/\/strangercam.com\/pt-br\/mocospace\/","og_site_name":"Strangercam","article_publisher":"https:\/\/www.facebook.com\/strangercam","article_modified_time":"2025-02-04T07:47:53+00:00","og_image":[{"width":800,"height":532,"url":"https:\/\/strangercam.com\/wp-content\/uploads\/2021\/10\/Untitled-2.png","type":"image\/png"}],"twitter_card":"summary_large_image","twitter_site":"@strangercamapp","twitter_misc":{"Est. tempo de leitura":"4 minutos"},"schema":{"@context":"https:\/\/schema.org","@graph":[{"@type":"WebPage","@id":"https:\/\/strangercam.com\/mocospace\/","url":"https:\/\/strangercam.com\/mocospace\/","name":"MocoSpace - Bate-papo an\u00f4nimo para dois - StrangerCam.com","isPartOf":{"@id":"https:\/\/strangercam.com\/#website"},"datePublished":"2021-10-27T07:29:55+00:00","dateModified":"2025-02-04T07:47:53+00:00","description":"Gosta do MocoSpace? Venha conversar com mais de 5.000.000 de desconhecidos no Stranger Cam gratuitamente! Ligue sua c\u00e2mera e encontre novos amigos e talvez um par!","breadcrumb":{"@id":"https:\/\/strangercam.com\/mocospace\/#breadcrumb"},"inLanguage":"pt-BR","potentialAction":[{"@type":"ReadAction","target":["https:\/\/strangercam.com\/mocospace\/"]}]},{"@type":"BreadcrumbList","@id":"https:\/\/strangercam.com\/mocospace\/#breadcrumb","itemListElement":[{"@type":"ListItem","position":1,"name":"Home","item":"https:\/\/strangercam.com\/"},{"@type":"ListItem","position":2,"name":"MocoSpace"}]},{"@type":"WebSite","@id":"https:\/\/strangercam.com\/#website","url":"https:\/\/strangercam.com\/","name":"Strangercam","description":"Bate-papo por v\u00eddeo aleat\u00f3rio com estranhos","publisher":{"@id":"https:\/\/strangercam.com\/#organization"},"alternateName":"Strangercam.com","potentialAction":[{"@type":"SearchAction","target":{"@type":"EntryPoint","urlTemplate":"https:\/\/strangercam.com\/?s={search_term_string}"},"query-input":{"@type":"PropertyValueSpecification","valueRequired":true,"valueName":"search_term_string"}}],"inLanguage":"pt-BR"},{"@type":"Organization","@id":"https:\/\/strangercam.com\/#organization","name":"Strangercam","alternateName":"Strangercam.com","url":"https:\/\/strangercam.com\/","logo":{"@type":"ImageObject","inLanguage":"pt-BR","@id":"https:\/\/strangercam.com\/#\/schema\/logo\/image\/","url":"https:\/\/strangercam.com\/wp-content\/uploads\/2020\/11\/cropped-new-favicon-black.png","contentUrl":"https:\/\/strangercam.com\/wp-content\/uploads\/2020\/11\/cropped-new-favicon-black.png","width":512,"height":512,"caption":"Strangercam"},"image":{"@id":"https:\/\/strangercam.com\/#\/schema\/logo\/image\/"},"sameAs":["https:\/\/www.facebook.com\/strangercam","https:\/\/x.com\/strangercamapp"]}]}},"_links":{"self":[{"href":"https:\/\/strangercam.com\/pt-br\/wp-json\/wp\/v2\/pages\/8708","targetHints":{"allow":["GET"]}}],"collection":[{"href":"https:\/\/strangercam.com\/pt-br\/wp-json\/wp\/v2\/pages"}],"about":[{"href":"https:\/\/strangercam.com\/pt-br\/wp-json\/wp\/v2\/types\/page"}],"author":[{"embeddable":true,"href":"https:\/\/strangercam.com\/pt-br\/wp-json\/wp\/v2\/users\/6"}],"replies":[{"embeddable":true,"href":"https:\/\/strangercam.com\/pt-br\/wp-json\/wp\/v2\/comments?post=8708"}],"version-history":[{"count":1,"href":"https:\/\/strangercam.com\/pt-br\/wp-json\/wp\/v2\/pages\/8708\/revisions"}],"predecessor-version":[{"id":12690,"href":"https:\/\/strangercam.com\/pt-br\/wp-json\/wp\/v2\/pages\/8708\/revisions\/12690"}],"wp:attachment":[{"href":"https:\/\/strangercam.com\/pt-br\/wp-json\/wp\/v2\/media?parent=8708"}],"curies":[{"name":"wp","href":"https:\/\/api.w.org\/{rel}","templated":true}]}}