{"id":8689,"date":"2021-10-27T09:18:47","date_gmt":"2021-10-27T07:18:47","guid":{"rendered":"https:\/\/strangercam.com\/?page_id=8689"},"modified":"2023-08-21T11:40:39","modified_gmt":"2023-08-21T09:40:39","slug":"chat-hour","status":"publish","type":"page","link":"https:\/\/strangercam.com\/pt-br\/chat-hour\/","title":{"rendered":"Chat Hour"},"content":{"rendered":"<p>O advento da Internet de alta velocidade e dos dispositivos modernos, como laptops e smartphones, revolucionou completamente a comunica\u00e7\u00e3o e o compartilhamento de informa\u00e7\u00f5es. A Web oferece muitas facilidades, tanto de conhecimento quanto de entretenimento. Atualmente, a vida s\u00f3 se tornou mais confort\u00e1vel e f\u00e1cil. Agora \u00e9 f\u00e1cil ficar conectado com pessoas conhecidas e at\u00e9 mesmo com estranhos de todo o mundo sem sair de casa. <a href=\"https:\/\/strangercam.com\/pt-br\/chatroulette\/\">Bate-papo<\/a> A hora \u00e9 o melhor lugar para se estar <a href=\"https:\/\/strangercam.com\/pt-br\/coomeet\/\">conhecer<\/a> novas pessoas e fazer novos amigos.<\/p>\n<p><strong><a href=\"https:\/\/strangercam.com\/pt-br\/mili\/\">Ao vivo<\/a> bate-papo por v\u00eddeo<\/strong><\/p>\n<p>Ele \u00e9 considerado a \u00faltima moda na Web. Pessoas de todas as idades parecem ter usado a Web para se conectar com outras pessoas usando portais de bate-papo como o Chat Hour. Esses servi\u00e7os oferecem muitos recursos de mensagens de texto e, ao mesmo tempo, s\u00e3o <a href=\"https:\/\/strangercam.com\/pt-br\/chat4free\/\">gratuito<\/a> para se registrar e usar. Agora, voc\u00ea pode entrar on-line para iniciar um bate-papo por v\u00eddeo com amigos, pessoas conhecidas e at\u00e9 mesmo estranhos. Para interagir com eles, basta tocar no bot\u00e3o e usar a webcam ou a c\u00e2mera do smartphone.<\/p>\n<p>Sites de renome, como o Chat Hour, permitem que as pessoas conhe\u00e7am estranhos do \u2018mundo virtual\u2019. Al\u00e9m de enviar mensagens de texto, voc\u00ea tamb\u00e9m pode ver e ouvir o que a outra pessoa tem a dizer, e isso tamb\u00e9m em tempo real. Voc\u00eas dois podem estar separados por pa\u00edses. Mas a dist\u00e2ncia n\u00e3o \u00e9 mais uma preocupa\u00e7\u00e3o com os portais de bate-papo on-line. Eles tamb\u00e9m permitem que voc\u00ea <a href=\"https:\/\/strangercam.com\/pt-br\/rabbit-video-chat\/\">bate-papo por v\u00eddeo<\/a> mesmo em movimento.<\/p>\n<p><strong>Popularidade<\/strong><\/p>\n<p>A verdade \u00e9 que tanto adolescentes quanto adultos t\u00eam usado chats de v\u00eddeo ao vivo e esse n\u00famero parece estar aumentando a cada dia que passa. O outro motivo citado para sua crescente popularidade se deve \u00e0 introdu\u00e7\u00e3o de servi\u00e7os de banda larga r\u00e1pidos, altamente eficientes e sem interrup\u00e7\u00f5es, mesmo em pa\u00edses em desenvolvimento. Eles s\u00e3o realmente baratos e oferecem downloads ilimitados, al\u00e9m de permitir a transmiss\u00e3o de dados em grandes quantidades. Voc\u00ea pode se conectar ao Chat Hour usando qualquer dispositivo de sua escolha sem ter que enfrentar nenhum problema.<\/p>\n<p><strong>Atendendo a v\u00e1rias finalidades<\/strong><\/p>\n<p>Voc\u00ea pode usar o bate-papo com v\u00eddeo apenas para fins de entretenimento, para fazer novos amigos ou para conversar com amigos conhecidos. Essa \u00e9, de fato, uma ferramenta incr\u00edvel que permite que voc\u00ea se socialize sempre que desejar. Usando o Chat Hour, voc\u00ea pode se conectar com amigos e familiares que est\u00e3o longe, talvez em outra cidade ou pa\u00eds. Esses servi\u00e7os tamb\u00e9m s\u00e3o \u00fateis para a realiza\u00e7\u00e3o de videoconfer\u00eancias. A Internet conseguiu reduzir a dist\u00e2ncia com recursos adicionais, como microfones e webcams. Voc\u00ea deve aproveitar ao m\u00e1ximo esses portais e a tecnologia avan\u00e7ada para desfrutar de bate-papo por v\u00eddeo com todos.<\/p>","protected":false},"excerpt":{"rendered":"<p>The advent of high-speed internet and modern devices like laptop and smartphones has completely revolutionized communication and information sharing. The web does offer plenty of facilities, both knowledgeable and entertaining. Life these days has only become more comfortable and easier. It is now easy to stay connected with known people and even strangers from all [&hellip;]<\/p>\n","protected":false},"author":6,"featured_media":559,"parent":0,"menu_order":0,"comment_status":"closed","ping_status":"closed","template":"","meta":{"footnotes":""},"class_list":["post-8689","page","type-page","status-publish","has-post-thumbnail","hentry"],"yoast_head":"<!-- This site is optimized with the Yoast SEO plugin v27.4 - https:\/\/yoast.com\/product\/yoast-seo-wordpress\/ -->\n<title>Chat Hour - Anonymous Chat For Two - Cam on StrangerCam.com<\/title>\n<meta name=\"description\" content=\"Like Chat Hour? Come chat with more than 5.000.000 strangers on Stranger Cam for Free! Turn on your cam and find new friends &amp; maby a match!\" \/>\n<meta name=\"robots\" content=\"index, follow, max-snippet:-1, max-image-preview:large, max-video-preview:-1\" \/>\n<link rel=\"canonical\" href=\"https:\/\/strangercam.com\/pt-br\/chat-hour\/\" \/>\n<meta property=\"og:locale\" content=\"pt_BR\" \/>\n<meta property=\"og:type\" content=\"article\" \/>\n<meta property=\"og:title\" content=\"Chat Hour - Anonymous Chat For Two - Cam on StrangerCam.com\" \/>\n<meta property=\"og:description\" content=\"Like Chat Hour? Come chat with more than 5.000.000 strangers on Stranger Cam for Free! Turn on your cam and find new friends &amp; maby a match!\" \/>\n<meta property=\"og:url\" content=\"https:\/\/strangercam.com\/pt-br\/chat-hour\/\" \/>\n<meta property=\"og:site_name\" content=\"Strangercam\" \/>\n<meta property=\"article:publisher\" content=\"https:\/\/www.facebook.com\/strangercam\" \/>\n<meta property=\"article:modified_time\" content=\"2023-08-21T09:40:39+00:00\" \/>\n<meta property=\"og:image\" content=\"https:\/\/strangercam.com\/wp-content\/uploads\/2020\/11\/stranger-cam-1.png\" \/>\n\t<meta property=\"og:image:width\" content=\"800\" \/>\n\t<meta property=\"og:image:height\" content=\"800\" \/>\n\t<meta property=\"og:image:type\" content=\"image\/png\" \/>\n<meta name=\"twitter:card\" content=\"summary_large_image\" \/>\n<meta name=\"twitter:site\" content=\"@strangercamapp\" \/>\n<meta name=\"twitter:label1\" content=\"Est. tempo de leitura\" \/>\n\t<meta name=\"twitter:data1\" content=\"2 minutos\" \/>\n<script type=\"application\/ld+json\" class=\"yoast-schema-graph\">{\"@context\":\"https:\\\/\\\/schema.org\",\"@graph\":[{\"@type\":\"WebPage\",\"@id\":\"https:\\\/\\\/strangercam.com\\\/chat-hour\\\/\",\"url\":\"https:\\\/\\\/strangercam.com\\\/chat-hour\\\/\",\"name\":\"Chat Hour - Anonymous Chat For Two - Cam on StrangerCam.com\",\"isPartOf\":{\"@id\":\"https:\\\/\\\/strangercam.com\\\/#website\"},\"primaryImageOfPage\":{\"@id\":\"https:\\\/\\\/strangercam.com\\\/chat-hour\\\/#primaryimage\"},\"image\":{\"@id\":\"https:\\\/\\\/strangercam.com\\\/chat-hour\\\/#primaryimage\"},\"thumbnailUrl\":\"https:\\\/\\\/strangercam.com\\\/wp-content\\\/uploads\\\/2020\\\/11\\\/stranger-cam-1.png\",\"datePublished\":\"2021-10-27T07:18:47+00:00\",\"dateModified\":\"2023-08-21T09:40:39+00:00\",\"description\":\"Like Chat Hour? Come chat with more than 5.000.000 strangers on Stranger Cam for Free! Turn on your cam and find new friends & maby a match!\",\"breadcrumb\":{\"@id\":\"https:\\\/\\\/strangercam.com\\\/chat-hour\\\/#breadcrumb\"},\"inLanguage\":\"pt-BR\",\"potentialAction\":[{\"@type\":\"ReadAction\",\"target\":[\"https:\\\/\\\/strangercam.com\\\/chat-hour\\\/\"]}]},{\"@type\":\"ImageObject\",\"inLanguage\":\"pt-BR\",\"@id\":\"https:\\\/\\\/strangercam.com\\\/chat-hour\\\/#primaryimage\",\"url\":\"https:\\\/\\\/strangercam.com\\\/wp-content\\\/uploads\\\/2020\\\/11\\\/stranger-cam-1.png\",\"contentUrl\":\"https:\\\/\\\/strangercam.com\\\/wp-content\\\/uploads\\\/2020\\\/11\\\/stranger-cam-1.png\",\"width\":800,\"height\":800,\"caption\":\"stranger cam random video chat\"},{\"@type\":\"BreadcrumbList\",\"@id\":\"https:\\\/\\\/strangercam.com\\\/chat-hour\\\/#breadcrumb\",\"itemListElement\":[{\"@type\":\"ListItem\",\"position\":1,\"name\":\"Home\",\"item\":\"https:\\\/\\\/strangercam.com\\\/\"},{\"@type\":\"ListItem\",\"position\":2,\"name\":\"Chat Hour\"}]},{\"@type\":\"WebSite\",\"@id\":\"https:\\\/\\\/strangercam.com\\\/#website\",\"url\":\"https:\\\/\\\/strangercam.com\\\/\",\"name\":\"Strangercam\",\"description\":\"Random Video Chat with Strangers\",\"publisher\":{\"@id\":\"https:\\\/\\\/strangercam.com\\\/#organization\"},\"alternateName\":\"Strangercam.com\",\"potentialAction\":[{\"@type\":\"SearchAction\",\"target\":{\"@type\":\"EntryPoint\",\"urlTemplate\":\"https:\\\/\\\/strangercam.com\\\/?s={search_term_string}\"},\"query-input\":{\"@type\":\"PropertyValueSpecification\",\"valueRequired\":true,\"valueName\":\"search_term_string\"}}],\"inLanguage\":\"pt-BR\"},{\"@type\":\"Organization\",\"@id\":\"https:\\\/\\\/strangercam.com\\\/#organization\",\"name\":\"Strangercam\",\"alternateName\":\"Strangercam.com\",\"url\":\"https:\\\/\\\/strangercam.com\\\/\",\"logo\":{\"@type\":\"ImageObject\",\"inLanguage\":\"pt-BR\",\"@id\":\"https:\\\/\\\/strangercam.com\\\/#\\\/schema\\\/logo\\\/image\\\/\",\"url\":\"https:\\\/\\\/strangercam.com\\\/wp-content\\\/uploads\\\/2020\\\/11\\\/cropped-new-favicon-black.png\",\"contentUrl\":\"https:\\\/\\\/strangercam.com\\\/wp-content\\\/uploads\\\/2020\\\/11\\\/cropped-new-favicon-black.png\",\"width\":512,\"height\":512,\"caption\":\"Strangercam\"},\"image\":{\"@id\":\"https:\\\/\\\/strangercam.com\\\/#\\\/schema\\\/logo\\\/image\\\/\"},\"sameAs\":[\"https:\\\/\\\/www.facebook.com\\\/strangercam\",\"https:\\\/\\\/x.com\\\/strangercamapp\"]}]}<\/script>\n<!-- \/ Yoast SEO plugin. -->","yoast_head_json":{"title":"Chat Hour - Bate-papo an\u00f4nimo para dois - C\u00e2mera no StrangerCam.com","description":"Gosta do Chat Hour? Venha conversar com mais de 5.000.000 de desconhecidos no Stranger Cam gratuitamente! Ligue sua c\u00e2mera e encontre novos amigos e talvez um par!","robots":{"index":"index","follow":"follow","max-snippet":"max-snippet:-1","max-image-preview":"max-image-preview:large","max-video-preview":"max-video-preview:-1"},"canonical":"https:\/\/strangercam.com\/pt-br\/chat-hour\/","og_locale":"pt_BR","og_type":"article","og_title":"Chat Hour - Anonymous Chat For Two - Cam on StrangerCam.com","og_description":"Like Chat Hour? Come chat with more than 5.000.000 strangers on Stranger Cam for Free! Turn on your cam and find new friends & maby a match!","og_url":"https:\/\/strangercam.com\/pt-br\/chat-hour\/","og_site_name":"Strangercam","article_publisher":"https:\/\/www.facebook.com\/strangercam","article_modified_time":"2023-08-21T09:40:39+00:00","og_image":[{"width":800,"height":800,"url":"https:\/\/strangercam.com\/wp-content\/uploads\/2020\/11\/stranger-cam-1.png","type":"image\/png"}],"twitter_card":"summary_large_image","twitter_site":"@strangercamapp","twitter_misc":{"Est. tempo de leitura":"2 minutos"},"schema":{"@context":"https:\/\/schema.org","@graph":[{"@type":"WebPage","@id":"https:\/\/strangercam.com\/chat-hour\/","url":"https:\/\/strangercam.com\/chat-hour\/","name":"Chat Hour - Bate-papo an\u00f4nimo para dois - C\u00e2mera no StrangerCam.com","isPartOf":{"@id":"https:\/\/strangercam.com\/#website"},"primaryImageOfPage":{"@id":"https:\/\/strangercam.com\/chat-hour\/#primaryimage"},"image":{"@id":"https:\/\/strangercam.com\/chat-hour\/#primaryimage"},"thumbnailUrl":"https:\/\/strangercam.com\/wp-content\/uploads\/2020\/11\/stranger-cam-1.png","datePublished":"2021-10-27T07:18:47+00:00","dateModified":"2023-08-21T09:40:39+00:00","description":"Gosta do Chat Hour? Venha conversar com mais de 5.000.000 de desconhecidos no Stranger Cam gratuitamente! Ligue sua c\u00e2mera e encontre novos amigos e talvez um par!","breadcrumb":{"@id":"https:\/\/strangercam.com\/chat-hour\/#breadcrumb"},"inLanguage":"pt-BR","potentialAction":[{"@type":"ReadAction","target":["https:\/\/strangercam.com\/chat-hour\/"]}]},{"@type":"ImageObject","inLanguage":"pt-BR","@id":"https:\/\/strangercam.com\/chat-hour\/#primaryimage","url":"https:\/\/strangercam.com\/wp-content\/uploads\/2020\/11\/stranger-cam-1.png","contentUrl":"https:\/\/strangercam.com\/wp-content\/uploads\/2020\/11\/stranger-cam-1.png","width":800,"height":800,"caption":"stranger cam random video chat"},{"@type":"BreadcrumbList","@id":"https:\/\/strangercam.com\/chat-hour\/#breadcrumb","itemListElement":[{"@type":"ListItem","position":1,"name":"Home","item":"https:\/\/strangercam.com\/"},{"@type":"ListItem","position":2,"name":"Chat Hour"}]},{"@type":"WebSite","@id":"https:\/\/strangercam.com\/#website","url":"https:\/\/strangercam.com\/","name":"Strangercam","description":"Bate-papo por v\u00eddeo aleat\u00f3rio com estranhos","publisher":{"@id":"https:\/\/strangercam.com\/#organization"},"alternateName":"Strangercam.com","potentialAction":[{"@type":"SearchAction","target":{"@type":"EntryPoint","urlTemplate":"https:\/\/strangercam.com\/?s={search_term_string}"},"query-input":{"@type":"PropertyValueSpecification","valueRequired":true,"valueName":"search_term_string"}}],"inLanguage":"pt-BR"},{"@type":"Organization","@id":"https:\/\/strangercam.com\/#organization","name":"Strangercam","alternateName":"Strangercam.com","url":"https:\/\/strangercam.com\/","logo":{"@type":"ImageObject","inLanguage":"pt-BR","@id":"https:\/\/strangercam.com\/#\/schema\/logo\/image\/","url":"https:\/\/strangercam.com\/wp-content\/uploads\/2020\/11\/cropped-new-favicon-black.png","contentUrl":"https:\/\/strangercam.com\/wp-content\/uploads\/2020\/11\/cropped-new-favicon-black.png","width":512,"height":512,"caption":"Strangercam"},"image":{"@id":"https:\/\/strangercam.com\/#\/schema\/logo\/image\/"},"sameAs":["https:\/\/www.facebook.com\/strangercam","https:\/\/x.com\/strangercamapp"]}]}},"_links":{"self":[{"href":"https:\/\/strangercam.com\/pt-br\/wp-json\/wp\/v2\/pages\/8689","targetHints":{"allow":["GET"]}}],"collection":[{"href":"https:\/\/strangercam.com\/pt-br\/wp-json\/wp\/v2\/pages"}],"about":[{"href":"https:\/\/strangercam.com\/pt-br\/wp-json\/wp\/v2\/types\/page"}],"author":[{"embeddable":true,"href":"https:\/\/strangercam.com\/pt-br\/wp-json\/wp\/v2\/users\/6"}],"replies":[{"embeddable":true,"href":"https:\/\/strangercam.com\/pt-br\/wp-json\/wp\/v2\/comments?post=8689"}],"version-history":[{"count":0,"href":"https:\/\/strangercam.com\/pt-br\/wp-json\/wp\/v2\/pages\/8689\/revisions"}],"wp:featuredmedia":[{"embeddable":true,"href":"https:\/\/strangercam.com\/pt-br\/wp-json\/wp\/v2\/media\/559"}],"wp:attachment":[{"href":"https:\/\/strangercam.com\/pt-br\/wp-json\/wp\/v2\/media?parent=8689"}],"curies":[{"name":"wp","href":"https:\/\/api.w.org\/{rel}","templated":true}]}}