{"id":8647,"date":"2021-10-26T09:38:47","date_gmt":"2021-10-26T07:38:47","guid":{"rendered":"https:\/\/strangercam.com\/?page_id=8647"},"modified":"2023-08-21T11:40:39","modified_gmt":"2023-08-21T09:40:39","slug":"chatib","status":"publish","type":"page","link":"https:\/\/strangercam.com\/pt-br\/chatib\/","title":{"rendered":"Chatib"},"content":{"rendered":"<p>Se voc\u00ea \u00e9 introvertido, a vida pode ser bastante dif\u00edcil. Talvez voc\u00ea tenha um c\u00edrculo de amigos muito limitado. Nos dias de hoje, o networking oferece muitos benef\u00edcios, especialmente quando se trata de procurar emprego. Os introvertidos precisam demonstrar for\u00e7a e iniciativa. Voc\u00ea precisa criar um relacionamento pessoal para alcan\u00e7ar o sucesso. Para isso, voc\u00ea precisar\u00e1 de mais habilidades de socializa\u00e7\u00e3o. Voc\u00ea pode entrar em <a href=\"https:\/\/strangercam.com\/pt-br\/chatroulette\/\">bate-papo<\/a> portais como o chatib para se divertir muito.<\/p>\n<p><strong>Dicas a seguir para aproveitar sua sess\u00e3o de bate-papo no chatib<\/strong><\/p>\n<ul>\n<li style=\"font-weight: 400;\" aria-level=\"1\">Abrace a natureza: Em geral, as mulheres s\u00e3o t\u00edmidas por natureza, o que \u00e9 bastante normal. Mas para os homens, \u00e9 completamente diferente, especialmente para aqueles que n\u00e3o s\u00e3o soci\u00e1veis. Primeiro, voc\u00ea precisa se sentir confort\u00e1vel consigo mesmo. <a href=\"https:\/\/strangercam.com\/pt-br\/only2chat\/\">Somente<\/a> ent\u00e3o os outros perceber\u00e3o que voc\u00ea est\u00e1 autoconfiante e far\u00e3o a primeira abordagem.<\/li>\n<li style=\"font-weight: 400;\" aria-level=\"1\">N\u00e3o \u00e9 necess\u00e1rio ser falante: Alguns introvertidos evitam falar, especialmente quando est\u00e3o entre estranhos. Para se encaixar em um c\u00edrculo desconhecido, n\u00e3o \u00e9 necess\u00e1rio falar o tempo todo. Simplesmente relaxe e siga o fluxo. Apenas n\u00e3o hesite em responder.<\/li>\n<li style=\"font-weight: 400;\" aria-level=\"1\">Ou\u00e7a e responda de acordo: \u00c9 um fato conhecido que os extrovertidos respondem bem a todas as perguntas que lhes s\u00e3o feitas. Mas os introvertidos acham dif\u00edcil responder, pois tendem a ouvir primeiro e depois pensar muito. Para estar do lado certo, voc\u00ea n\u00e3o precisa ser extremista. Basta ouvir o que a outra pessoa diz e responder de acordo.<\/li>\n<li style=\"font-weight: 400;\" aria-level=\"1\">Selecione um local: O melhor lugar para <a href=\"https:\/\/strangercam.com\/pt-br\/coomeet\/\">conhecer<\/a> new people est\u00e1 on-line <a href=\"https:\/\/strangercam.com\/pt-br\/chatingly\/\">bate-papo<\/a> portais como o chatib. Esses portais s\u00e3o considerados excelentes iniciadores de conversa para todas as pessoas introvertidas. Voc\u00ea pode escolher qualquer t\u00f3pico para discutir com pessoas que pensam da mesma forma.<\/li>\n<li style=\"font-weight: 400;\" aria-level=\"1\">Pr\u00e1tica: Voc\u00ea pode seguir qualquer pessoa que demonstre as habilidades certas para lidar com qualquer situa\u00e7\u00e3o espec\u00edfica. Sempre participe de conversas interessantes e tente expandir seu c\u00edrculo de amigos. Com o tempo, voc\u00ea certamente desfrutar\u00e1 de uma grande base de amigos.<\/li>\n<li style=\"font-weight: 400;\" aria-level=\"1\">Mostre seus pontos fortes: voc\u00ea \u00e9 honesto e um bom ouvinte? A verdade \u00e9 que n\u00e3o \u00e9 poss\u00edvel se tornar um extrovertido da noite para o dia. No entanto, voc\u00ea certamente brilhar\u00e1 com seus pontos fortes genu\u00ednos que possui diante dos outros, independentemente de quem voc\u00ea seja.<\/li>\n<li style=\"font-weight: 400;\" aria-level=\"1\">Torne-se um membro do grupo. Alguns conhecem as t\u00e9cnicas certas para entreter as pessoas. Se voc\u00ea n\u00e3o se sentir confort\u00e1vel, simplesmente evite esse grupo. Procure um grupo que compartilhe interesses semelhantes. Caso contr\u00e1rio, voc\u00ea sempre se ver\u00e1 em um canto e ser\u00e1 deixado de lado pelos outros.<\/li>\n<\/ul>\n<p>Com o chatib, voc\u00ea nunca erra!<\/p>","protected":false},"excerpt":{"rendered":"<p>If you are introverted, then life can be quite difficult. You may have a very limited friend circle. In today\u2019s age, networking does offer lots of benefits especially when it comes to seeking jobs. Introverts are required to display strength and initiative. You need to create a personal relationship to achieve success. For this, you [&hellip;]<\/p>\n","protected":false},"author":6,"featured_media":559,"parent":0,"menu_order":0,"comment_status":"closed","ping_status":"closed","template":"","meta":{"footnotes":""},"class_list":["post-8647","page","type-page","status-publish","has-post-thumbnail","hentry"],"yoast_head":"<!-- This site is optimized with the Yoast SEO plugin v27.4 - https:\/\/yoast.com\/product\/yoast-seo-wordpress\/ -->\n<title>Chatib - Anonymous Chat For Two - Cam on StrangerCam.com<\/title>\n<meta name=\"description\" content=\"Like Chatib? Come chat with more than 5.000.000 strangers on Stranger Cam for Free! Turn on your cam and find new friends &amp; maby a match!\" \/>\n<meta name=\"robots\" content=\"index, follow, max-snippet:-1, max-image-preview:large, max-video-preview:-1\" \/>\n<link rel=\"canonical\" href=\"https:\/\/strangercam.com\/pt-br\/chatib\/\" \/>\n<meta property=\"og:locale\" content=\"pt_BR\" \/>\n<meta property=\"og:type\" content=\"article\" \/>\n<meta property=\"og:title\" content=\"Chatib - Anonymous Chat For Two - Cam on StrangerCam.com\" \/>\n<meta property=\"og:description\" content=\"Like Chatib? Come chat with more than 5.000.000 strangers on Stranger Cam for Free! Turn on your cam and find new friends &amp; maby a match!\" \/>\n<meta property=\"og:url\" content=\"https:\/\/strangercam.com\/pt-br\/chatib\/\" \/>\n<meta property=\"og:site_name\" content=\"Strangercam\" \/>\n<meta property=\"article:publisher\" content=\"https:\/\/www.facebook.com\/strangercam\" \/>\n<meta property=\"article:modified_time\" content=\"2023-08-21T09:40:39+00:00\" \/>\n<meta property=\"og:image\" content=\"https:\/\/strangercam.com\/wp-content\/uploads\/2020\/11\/stranger-cam-1.png\" \/>\n\t<meta property=\"og:image:width\" content=\"800\" \/>\n\t<meta property=\"og:image:height\" content=\"800\" \/>\n\t<meta property=\"og:image:type\" content=\"image\/png\" \/>\n<meta name=\"twitter:card\" content=\"summary_large_image\" \/>\n<meta name=\"twitter:site\" content=\"@strangercamapp\" \/>\n<meta name=\"twitter:label1\" content=\"Est. tempo de leitura\" \/>\n\t<meta name=\"twitter:data1\" content=\"2 minutos\" \/>\n<script type=\"application\/ld+json\" class=\"yoast-schema-graph\">{\"@context\":\"https:\\\/\\\/schema.org\",\"@graph\":[{\"@type\":\"WebPage\",\"@id\":\"https:\\\/\\\/strangercam.com\\\/chatib\\\/\",\"url\":\"https:\\\/\\\/strangercam.com\\\/chatib\\\/\",\"name\":\"Chatib - Anonymous Chat For Two - Cam on StrangerCam.com\",\"isPartOf\":{\"@id\":\"https:\\\/\\\/strangercam.com\\\/#website\"},\"primaryImageOfPage\":{\"@id\":\"https:\\\/\\\/strangercam.com\\\/chatib\\\/#primaryimage\"},\"image\":{\"@id\":\"https:\\\/\\\/strangercam.com\\\/chatib\\\/#primaryimage\"},\"thumbnailUrl\":\"https:\\\/\\\/strangercam.com\\\/wp-content\\\/uploads\\\/2020\\\/11\\\/stranger-cam-1.png\",\"datePublished\":\"2021-10-26T07:38:47+00:00\",\"dateModified\":\"2023-08-21T09:40:39+00:00\",\"description\":\"Like Chatib? Come chat with more than 5.000.000 strangers on Stranger Cam for Free! Turn on your cam and find new friends & maby a match!\",\"breadcrumb\":{\"@id\":\"https:\\\/\\\/strangercam.com\\\/chatib\\\/#breadcrumb\"},\"inLanguage\":\"pt-BR\",\"potentialAction\":[{\"@type\":\"ReadAction\",\"target\":[\"https:\\\/\\\/strangercam.com\\\/chatib\\\/\"]}]},{\"@type\":\"ImageObject\",\"inLanguage\":\"pt-BR\",\"@id\":\"https:\\\/\\\/strangercam.com\\\/chatib\\\/#primaryimage\",\"url\":\"https:\\\/\\\/strangercam.com\\\/wp-content\\\/uploads\\\/2020\\\/11\\\/stranger-cam-1.png\",\"contentUrl\":\"https:\\\/\\\/strangercam.com\\\/wp-content\\\/uploads\\\/2020\\\/11\\\/stranger-cam-1.png\",\"width\":800,\"height\":800,\"caption\":\"stranger cam random video chat\"},{\"@type\":\"BreadcrumbList\",\"@id\":\"https:\\\/\\\/strangercam.com\\\/chatib\\\/#breadcrumb\",\"itemListElement\":[{\"@type\":\"ListItem\",\"position\":1,\"name\":\"Home\",\"item\":\"https:\\\/\\\/strangercam.com\\\/\"},{\"@type\":\"ListItem\",\"position\":2,\"name\":\"Chatib\"}]},{\"@type\":\"WebSite\",\"@id\":\"https:\\\/\\\/strangercam.com\\\/#website\",\"url\":\"https:\\\/\\\/strangercam.com\\\/\",\"name\":\"Strangercam\",\"description\":\"Random Video Chat with Strangers\",\"publisher\":{\"@id\":\"https:\\\/\\\/strangercam.com\\\/#organization\"},\"alternateName\":\"Strangercam.com\",\"potentialAction\":[{\"@type\":\"SearchAction\",\"target\":{\"@type\":\"EntryPoint\",\"urlTemplate\":\"https:\\\/\\\/strangercam.com\\\/?s={search_term_string}\"},\"query-input\":{\"@type\":\"PropertyValueSpecification\",\"valueRequired\":true,\"valueName\":\"search_term_string\"}}],\"inLanguage\":\"pt-BR\"},{\"@type\":\"Organization\",\"@id\":\"https:\\\/\\\/strangercam.com\\\/#organization\",\"name\":\"Strangercam\",\"alternateName\":\"Strangercam.com\",\"url\":\"https:\\\/\\\/strangercam.com\\\/\",\"logo\":{\"@type\":\"ImageObject\",\"inLanguage\":\"pt-BR\",\"@id\":\"https:\\\/\\\/strangercam.com\\\/#\\\/schema\\\/logo\\\/image\\\/\",\"url\":\"https:\\\/\\\/strangercam.com\\\/wp-content\\\/uploads\\\/2020\\\/11\\\/cropped-new-favicon-black.png\",\"contentUrl\":\"https:\\\/\\\/strangercam.com\\\/wp-content\\\/uploads\\\/2020\\\/11\\\/cropped-new-favicon-black.png\",\"width\":512,\"height\":512,\"caption\":\"Strangercam\"},\"image\":{\"@id\":\"https:\\\/\\\/strangercam.com\\\/#\\\/schema\\\/logo\\\/image\\\/\"},\"sameAs\":[\"https:\\\/\\\/www.facebook.com\\\/strangercam\",\"https:\\\/\\\/x.com\\\/strangercamapp\"]}]}<\/script>\n<!-- \/ Yoast SEO plugin. -->","yoast_head_json":{"title":"Chatib - Bate-papo an\u00f4nimo para dois - C\u00e2mera em StrangerCam.com","description":"Gosta do Chatib? Venha bater papo com mais de 5.000.000 de desconhecidos no Stranger Cam de gra\u00e7a! Ligue sua c\u00e2mera e encontre novos amigos e talvez um par!","robots":{"index":"index","follow":"follow","max-snippet":"max-snippet:-1","max-image-preview":"max-image-preview:large","max-video-preview":"max-video-preview:-1"},"canonical":"https:\/\/strangercam.com\/pt-br\/chatib\/","og_locale":"pt_BR","og_type":"article","og_title":"Chatib - Anonymous Chat For Two - Cam on StrangerCam.com","og_description":"Like Chatib? Come chat with more than 5.000.000 strangers on Stranger Cam for Free! Turn on your cam and find new friends & maby a match!","og_url":"https:\/\/strangercam.com\/pt-br\/chatib\/","og_site_name":"Strangercam","article_publisher":"https:\/\/www.facebook.com\/strangercam","article_modified_time":"2023-08-21T09:40:39+00:00","og_image":[{"width":800,"height":800,"url":"https:\/\/strangercam.com\/wp-content\/uploads\/2020\/11\/stranger-cam-1.png","type":"image\/png"}],"twitter_card":"summary_large_image","twitter_site":"@strangercamapp","twitter_misc":{"Est. tempo de leitura":"2 minutos"},"schema":{"@context":"https:\/\/schema.org","@graph":[{"@type":"WebPage","@id":"https:\/\/strangercam.com\/chatib\/","url":"https:\/\/strangercam.com\/chatib\/","name":"Chatib - Bate-papo an\u00f4nimo para dois - C\u00e2mera em StrangerCam.com","isPartOf":{"@id":"https:\/\/strangercam.com\/#website"},"primaryImageOfPage":{"@id":"https:\/\/strangercam.com\/chatib\/#primaryimage"},"image":{"@id":"https:\/\/strangercam.com\/chatib\/#primaryimage"},"thumbnailUrl":"https:\/\/strangercam.com\/wp-content\/uploads\/2020\/11\/stranger-cam-1.png","datePublished":"2021-10-26T07:38:47+00:00","dateModified":"2023-08-21T09:40:39+00:00","description":"Gosta do Chatib? Venha bater papo com mais de 5.000.000 de desconhecidos no Stranger Cam de gra\u00e7a! Ligue sua c\u00e2mera e encontre novos amigos e talvez um par!","breadcrumb":{"@id":"https:\/\/strangercam.com\/chatib\/#breadcrumb"},"inLanguage":"pt-BR","potentialAction":[{"@type":"ReadAction","target":["https:\/\/strangercam.com\/chatib\/"]}]},{"@type":"ImageObject","inLanguage":"pt-BR","@id":"https:\/\/strangercam.com\/chatib\/#primaryimage","url":"https:\/\/strangercam.com\/wp-content\/uploads\/2020\/11\/stranger-cam-1.png","contentUrl":"https:\/\/strangercam.com\/wp-content\/uploads\/2020\/11\/stranger-cam-1.png","width":800,"height":800,"caption":"stranger cam random video chat"},{"@type":"BreadcrumbList","@id":"https:\/\/strangercam.com\/chatib\/#breadcrumb","itemListElement":[{"@type":"ListItem","position":1,"name":"Home","item":"https:\/\/strangercam.com\/"},{"@type":"ListItem","position":2,"name":"Chatib"}]},{"@type":"WebSite","@id":"https:\/\/strangercam.com\/#website","url":"https:\/\/strangercam.com\/","name":"Strangercam","description":"Bate-papo por v\u00eddeo aleat\u00f3rio com estranhos","publisher":{"@id":"https:\/\/strangercam.com\/#organization"},"alternateName":"Strangercam.com","potentialAction":[{"@type":"SearchAction","target":{"@type":"EntryPoint","urlTemplate":"https:\/\/strangercam.com\/?s={search_term_string}"},"query-input":{"@type":"PropertyValueSpecification","valueRequired":true,"valueName":"search_term_string"}}],"inLanguage":"pt-BR"},{"@type":"Organization","@id":"https:\/\/strangercam.com\/#organization","name":"Strangercam","alternateName":"Strangercam.com","url":"https:\/\/strangercam.com\/","logo":{"@type":"ImageObject","inLanguage":"pt-BR","@id":"https:\/\/strangercam.com\/#\/schema\/logo\/image\/","url":"https:\/\/strangercam.com\/wp-content\/uploads\/2020\/11\/cropped-new-favicon-black.png","contentUrl":"https:\/\/strangercam.com\/wp-content\/uploads\/2020\/11\/cropped-new-favicon-black.png","width":512,"height":512,"caption":"Strangercam"},"image":{"@id":"https:\/\/strangercam.com\/#\/schema\/logo\/image\/"},"sameAs":["https:\/\/www.facebook.com\/strangercam","https:\/\/x.com\/strangercamapp"]}]}},"_links":{"self":[{"href":"https:\/\/strangercam.com\/pt-br\/wp-json\/wp\/v2\/pages\/8647","targetHints":{"allow":["GET"]}}],"collection":[{"href":"https:\/\/strangercam.com\/pt-br\/wp-json\/wp\/v2\/pages"}],"about":[{"href":"https:\/\/strangercam.com\/pt-br\/wp-json\/wp\/v2\/types\/page"}],"author":[{"embeddable":true,"href":"https:\/\/strangercam.com\/pt-br\/wp-json\/wp\/v2\/users\/6"}],"replies":[{"embeddable":true,"href":"https:\/\/strangercam.com\/pt-br\/wp-json\/wp\/v2\/comments?post=8647"}],"version-history":[{"count":0,"href":"https:\/\/strangercam.com\/pt-br\/wp-json\/wp\/v2\/pages\/8647\/revisions"}],"wp:featuredmedia":[{"embeddable":true,"href":"https:\/\/strangercam.com\/pt-br\/wp-json\/wp\/v2\/media\/559"}],"wp:attachment":[{"href":"https:\/\/strangercam.com\/pt-br\/wp-json\/wp\/v2\/media?parent=8647"}],"curies":[{"name":"wp","href":"https:\/\/api.w.org\/{rel}","templated":true}]}}