{"id":8588,"date":"2021-10-18T11:30:39","date_gmt":"2021-10-18T09:30:39","guid":{"rendered":"https:\/\/strangercam.com\/?page_id=8588"},"modified":"2023-08-21T12:47:57","modified_gmt":"2023-08-21T10:47:57","slug":"clube-de-arame","status":"publish","type":"page","link":"https:\/\/strangercam.com\/pt-br\/wireclub\/","title":{"rendered":"Wireclub"},"content":{"rendered":"<p>Pode ser que voc\u00ea tenha ouvido seus amigos se gabarem de ter v\u00e1rios servi\u00e7os on-line. <a href=\"https:\/\/strangercam.com\/pt-br\/chatroulette\/\">bate-papo<\/a> contas e fazer novos amigos. Isso \u00e9 bom o suficiente para convenc\u00ea-lo a tentar abrir uma conta no wireclub e come\u00e7ar a conversar com pessoas que pensam como voc\u00ea. Voc\u00ea certamente gostar\u00e1 da experi\u00eancia e da emo\u00e7\u00e3o que ter\u00e1 ao conversar on-line com estranhos. \u00c9 algo que n\u00e3o pode ser explicado, mas sentido pessoalmente.<\/p>\n<p>Voc\u00ea j\u00e1 pensou em fazer novos amigos em todo o mundo? Se n\u00e3o, \u00e9 hora de pensar nessa experi\u00eancia fant\u00e1stica. \u00c9 muito bom pensar em ter uma pessoa com quem voc\u00ea pode conversar sobre qualquer coisa sem medo. O Wireclub oferece a voc\u00ea essa oportunidade fant\u00e1stica.<br \/>\nO Wireclub permite que voc\u00ea selecione entre centenas de salas de bate-papo gratuitas. Voc\u00ea tamb\u00e9m pode acessar suas mensagens e salas de bate-papo. Outras pessoas entrar\u00e3o em sua sala de bate-papo, e voc\u00ea poder\u00e1 conversar com elas.<\/p>\n<p>Ent\u00e3o, o que est\u00e1 esperando? V\u00e1 e registre-se imediatamente!<\/p>\n<h2>Aproveitamento de sess\u00f5es de bate-papo<\/h2>\n<p>Embora os celulares estejam presentes para conversar, \u00e9 muito raro encontrar algu\u00e9m que n\u00e3o seja conhecido em sua rede. Al\u00e9m disso, ligar para amigos estrangeiros significa ter que pagar uma conta enorme. Mas com as salas de bate-papo on-line, voc\u00ea pode conversar gratuitamente.<br \/>\nAlguns portais, como o Wireclub, tamb\u00e9m permitem <a href=\"https:\/\/strangercam.com\/pt-br\/rabbit-video-chat\/\">v\u00eddeo<\/a> bate-papo. Isso significa que voc\u00eas dois podem se ver em tempo real e conversar sem qualquer perturba\u00e7\u00e3o. Al\u00e9m disso, voc\u00ea n\u00e3o precisa se preocupar com contas telef\u00f4nicas muito altas. Tudo est\u00e1 acess\u00edvel aqui. Voc\u00ea pode ligar para qualquer pessoa sem se preocupar com contas enormes.<\/p>\n<h2>Modo an\u00f4nimo<\/h2>\n<p>\u00c9 f\u00e1cil conversar com pessoas que conhecemos. No entanto, observa-se que as pessoas geralmente se decepcionam quando tentam compartilhar seu verdadeiro ser e suas emo\u00e7\u00f5es honestas com as pessoas ao seu redor. Essa \u00e9 uma triste realidade.<\/p>\n<p>O Wireclub fez um excelente esfor\u00e7o para eliminar esse problema. Eles oferecem a essas pessoas uma excelente oportunidade de conversar com qualquer pessoa sem medo. Voc\u00ea pode escolher o pa\u00eds de interesse e o g\u00eanero de sua prefer\u00eancia. Em seguida, voc\u00ea ser\u00e1 direcionado para a pessoa mais adequada, de acordo com suas prefer\u00eancias descritas.<\/p>\n<p>Em seguida, voc\u00ea pode conversar com essa pessoa de forma totalmente an\u00f4nima. Ela n\u00e3o sabe quem voc\u00ea \u00e9 e nunca descobrir\u00e1. Portanto, \u00e9 sua seguran\u00e7a <a href=\"https:\/\/strangercam.com\/pt-br\/mocospace\/\">espa\u00e7o<\/a>. Diga o que voc\u00ea quiser dizer e pergunte o que voc\u00ea quiser perguntar!<\/p>\n<h2>Instala\u00e7\u00f5es oferecidas<\/h2>\n<p>As salas de bate-papo on-line lhe d\u00e3o a oportunidade de conversar gratuitamente com pessoas conhecidas e desconhecidas. Algumas podem exigir que voc\u00ea pague uma pequena quantia para desfrutar de bate-papo privado sobre os t\u00f3picos de sua escolha. Em primeiro lugar, \u00e9 aconselh\u00e1vel que voc\u00ea fa\u00e7a uma pesquisa e entre em um portal de renome como o wireclub. Dessa forma, voc\u00ea estar\u00e1 seguro e livre de todas as preocupa\u00e7\u00f5es.<\/p>\n<h2>Bate-papo ao vivo gratuito<\/h2>\n<p>Gr\u00e1tis <a href=\"https:\/\/strangercam.com\/pt-br\/mili\/\">ao vivo<\/a> bate-papo? Somente o Wireclub pode fazer isso!<\/p>\n<p>Sim, voc\u00ea leu certo! Bate-papo ao vivo gratuito com pessoas de todo o mundo. Voc\u00ea n\u00e3o precisa se preocupar com o saldo da sua conta. Tudo com que voc\u00ea precisa se preocupar \u00e9 encontrar a pessoa certa para conversar!<\/p>\n<p>Toda plataforma de bate-papo on-line oferece algo \u00fanico, e o que o Wireclub oferece de \u00fanico s\u00e3o seus recursos gratuitos de bate-papo ao vivo. Tudo \u00e9 gratuito. Voc\u00ea s\u00f3 precisa usar essa incr\u00edvel oportunidade a seu favor.<\/p>\n<p>O bate-papo ao vivo gratuito \u00e9 uma oportunidade de bate-papo em tempo real. Nosso sistema encontrar\u00e1 uma correspond\u00eancia adequada para voc\u00ea. O Wireclub conectar\u00e1 voc\u00ea com a pessoa que est\u00e1 do outro lado da linha depois que voc\u00ea decidir conversar com ela. N\u00e3o haver\u00e1 nenhum custo para todo esse processo. Voc\u00ea pode desfrutar de tudo isso sem nenhum custo.<\/p>\n<h2>Tomar as precau\u00e7\u00f5es adequadas<\/h2>\n<p>Conversar com um estranho pela primeira vez pode parecer bastante interessante. Mas n\u00e3o se deixe levar. N\u00e3o entretenha estranhos fornecendo seus dados, como seu n\u00famero de contato ou endere\u00e7o. V\u00e1rios casos podem coloc\u00e1-lo em situa\u00e7\u00f5es embara\u00e7osas devido a decis\u00f5es erradas tomadas. Se esta \u00e9 a primeira vez que voc\u00ea visita um novo portal de bate-papo, tente ficar apenas com pessoas conhecidas. Ao concluir a sess\u00e3o de bate-papo, lembre-se de apagar os cookies e o hist\u00f3rico da sess\u00e3o do smartphone ou laptop. Pode haver bisbilhoteiros procurando pessoas inocentes. Eles podem estar esperando pacientemente para roubar seus dados vitais, como conta banc\u00e1ria, detalhes de cart\u00e3o de cr\u00e9dito e outras informa\u00e7\u00f5es vitais.<\/p>\n<p>Durante o bate-papo, certifique-se de n\u00e3o usar outro navegador para acessar seu cart\u00e3o de cr\u00e9dito ou conta banc\u00e1ria, pois isso n\u00e3o ser\u00e1 seguro. Se voc\u00ea tiver feito um novo amigo, simplesmente converse com ele por voz ou texto. Evite <a href=\"https:\/\/strangercam.com\/pt-br\/bazoocam\/\">c\u00e2mera<\/a> sess\u00f5es.<\/p>\n<p>Tomar as devidas precau\u00e7\u00f5es permitir\u00e1 que voc\u00ea se mantenha seguro e aproveite para fazer novos amigos on-line.<\/p>\n<h2>Salas de bate-papo gratuitas<\/h2>\n<p>O que pode ser melhor do que obter o que voc\u00ea deseja de gra\u00e7a?<\/p>\n<p>Isso \u00e9 o que torna o Wireclub uma plataforma de bate-papo por v\u00eddeo on-line incr\u00edvel e voltada para o usu\u00e1rio. Voc\u00ea pode bater papo nas salas gratuitamente. Tudo o que voc\u00ea precisa \u00e9 fazer login. H\u00e1 milhares de pessoas em uma \u00fanica sala de bate-papo. Se voc\u00ea n\u00e3o gosta de multid\u00f5es, tamb\u00e9m pode se encontrar em uma sala de bate-papo menos lotada. H\u00e1 muitas op\u00e7\u00f5es para escolher de acordo com suas necessidades e desejos.<\/p>\n<p>As salas de bate-papo gratuitas s\u00e3o uma \u00f3tima fonte de relaxamento. Voc\u00ea pode conversar com qualquer pessoa e compartilhar seus sentimentos e pensamentos sem medo de ser julgado. Essas salas de bate-papo proporcionam uma experi\u00eancia saud\u00e1vel de conversar com estranhos.<\/p>","protected":false},"excerpt":{"rendered":"<p>It could be that you have heard your friends boasting of having several online chat accounts and making new friends. It is good enough to lure you to try opening an account with wireclub to initiate chatting with like-minded people. You are sure to enjoy the experience and thrill that you are to derive from [&hellip;]<\/p>\n","protected":false},"author":6,"featured_media":559,"parent":0,"menu_order":0,"comment_status":"closed","ping_status":"closed","template":"","meta":{"footnotes":""},"class_list":["post-8588","page","type-page","status-publish","has-post-thumbnail","hentry"],"yoast_head":"<!-- This site is optimized with the Yoast SEO plugin v27.4 - https:\/\/yoast.com\/product\/yoast-seo-wordpress\/ -->\n<title>Wireclub - Anonymous Chat For Two - Cam on StrangerCam.com<\/title>\n<meta name=\"description\" content=\"Like Wireclub? Come chat with more than 5.000.000 strangers on Stranger Cam for Free! Turn on your cam and find new friends &amp; maby a match!\" \/>\n<meta name=\"robots\" content=\"index, follow, max-snippet:-1, max-image-preview:large, max-video-preview:-1\" \/>\n<link rel=\"canonical\" href=\"https:\/\/strangercam.com\/pt-br\/clube-de-arame\/\" \/>\n<meta property=\"og:locale\" content=\"pt_BR\" \/>\n<meta property=\"og:type\" content=\"article\" \/>\n<meta property=\"og:title\" content=\"Wireclub - Anonymous Chat For Two - Cam on StrangerCam.com\" \/>\n<meta property=\"og:description\" content=\"Like Wireclub? Come chat with more than 5.000.000 strangers on Stranger Cam for Free! Turn on your cam and find new friends &amp; maby a match!\" \/>\n<meta property=\"og:url\" content=\"https:\/\/strangercam.com\/pt-br\/clube-de-arame\/\" \/>\n<meta property=\"og:site_name\" content=\"Strangercam\" \/>\n<meta property=\"article:publisher\" content=\"https:\/\/www.facebook.com\/strangercam\" \/>\n<meta property=\"article:modified_time\" content=\"2023-08-21T10:47:57+00:00\" \/>\n<meta property=\"og:image\" content=\"https:\/\/strangercam.com\/wp-content\/uploads\/2020\/11\/stranger-cam-1.png\" \/>\n\t<meta property=\"og:image:width\" content=\"800\" \/>\n\t<meta property=\"og:image:height\" content=\"800\" \/>\n\t<meta property=\"og:image:type\" content=\"image\/png\" \/>\n<meta name=\"twitter:card\" content=\"summary_large_image\" \/>\n<meta name=\"twitter:site\" content=\"@strangercamapp\" \/>\n<meta name=\"twitter:label1\" content=\"Est. tempo de leitura\" \/>\n\t<meta name=\"twitter:data1\" content=\"4 minutos\" \/>\n<script type=\"application\/ld+json\" class=\"yoast-schema-graph\">{\"@context\":\"https:\\\/\\\/schema.org\",\"@graph\":[{\"@type\":\"WebPage\",\"@id\":\"https:\\\/\\\/strangercam.com\\\/wireclub\\\/\",\"url\":\"https:\\\/\\\/strangercam.com\\\/wireclub\\\/\",\"name\":\"Wireclub - Anonymous Chat For Two - Cam on StrangerCam.com\",\"isPartOf\":{\"@id\":\"https:\\\/\\\/strangercam.com\\\/#website\"},\"primaryImageOfPage\":{\"@id\":\"https:\\\/\\\/strangercam.com\\\/wireclub\\\/#primaryimage\"},\"image\":{\"@id\":\"https:\\\/\\\/strangercam.com\\\/wireclub\\\/#primaryimage\"},\"thumbnailUrl\":\"https:\\\/\\\/strangercam.com\\\/wp-content\\\/uploads\\\/2020\\\/11\\\/stranger-cam-1.png\",\"datePublished\":\"2021-10-18T09:30:39+00:00\",\"dateModified\":\"2023-08-21T10:47:57+00:00\",\"description\":\"Like Wireclub? Come chat with more than 5.000.000 strangers on Stranger Cam for Free! Turn on your cam and find new friends & maby a match!\",\"breadcrumb\":{\"@id\":\"https:\\\/\\\/strangercam.com\\\/wireclub\\\/#breadcrumb\"},\"inLanguage\":\"pt-BR\",\"potentialAction\":[{\"@type\":\"ReadAction\",\"target\":[\"https:\\\/\\\/strangercam.com\\\/wireclub\\\/\"]}]},{\"@type\":\"ImageObject\",\"inLanguage\":\"pt-BR\",\"@id\":\"https:\\\/\\\/strangercam.com\\\/wireclub\\\/#primaryimage\",\"url\":\"https:\\\/\\\/strangercam.com\\\/wp-content\\\/uploads\\\/2020\\\/11\\\/stranger-cam-1.png\",\"contentUrl\":\"https:\\\/\\\/strangercam.com\\\/wp-content\\\/uploads\\\/2020\\\/11\\\/stranger-cam-1.png\",\"width\":800,\"height\":800,\"caption\":\"stranger cam random video chat\"},{\"@type\":\"BreadcrumbList\",\"@id\":\"https:\\\/\\\/strangercam.com\\\/wireclub\\\/#breadcrumb\",\"itemListElement\":[{\"@type\":\"ListItem\",\"position\":1,\"name\":\"Home\",\"item\":\"https:\\\/\\\/strangercam.com\\\/\"},{\"@type\":\"ListItem\",\"position\":2,\"name\":\"Wireclub\"}]},{\"@type\":\"WebSite\",\"@id\":\"https:\\\/\\\/strangercam.com\\\/#website\",\"url\":\"https:\\\/\\\/strangercam.com\\\/\",\"name\":\"Strangercam\",\"description\":\"Random Video Chat with Strangers\",\"publisher\":{\"@id\":\"https:\\\/\\\/strangercam.com\\\/#organization\"},\"alternateName\":\"Strangercam.com\",\"potentialAction\":[{\"@type\":\"SearchAction\",\"target\":{\"@type\":\"EntryPoint\",\"urlTemplate\":\"https:\\\/\\\/strangercam.com\\\/?s={search_term_string}\"},\"query-input\":{\"@type\":\"PropertyValueSpecification\",\"valueRequired\":true,\"valueName\":\"search_term_string\"}}],\"inLanguage\":\"pt-BR\"},{\"@type\":\"Organization\",\"@id\":\"https:\\\/\\\/strangercam.com\\\/#organization\",\"name\":\"Strangercam\",\"alternateName\":\"Strangercam.com\",\"url\":\"https:\\\/\\\/strangercam.com\\\/\",\"logo\":{\"@type\":\"ImageObject\",\"inLanguage\":\"pt-BR\",\"@id\":\"https:\\\/\\\/strangercam.com\\\/#\\\/schema\\\/logo\\\/image\\\/\",\"url\":\"https:\\\/\\\/strangercam.com\\\/wp-content\\\/uploads\\\/2020\\\/11\\\/cropped-new-favicon-black.png\",\"contentUrl\":\"https:\\\/\\\/strangercam.com\\\/wp-content\\\/uploads\\\/2020\\\/11\\\/cropped-new-favicon-black.png\",\"width\":512,\"height\":512,\"caption\":\"Strangercam\"},\"image\":{\"@id\":\"https:\\\/\\\/strangercam.com\\\/#\\\/schema\\\/logo\\\/image\\\/\"},\"sameAs\":[\"https:\\\/\\\/www.facebook.com\\\/strangercam\",\"https:\\\/\\\/x.com\\\/strangercamapp\"]}]}<\/script>\n<!-- \/ Yoast SEO plugin. -->","yoast_head_json":{"title":"Wireclub - Bate-papo an\u00f4nimo para dois - C\u00e2mera no StrangerCam.com","description":"Gosta do Wireclub? Venha conversar com mais de 5.000.000 de desconhecidos no Stranger Cam gratuitamente! Ligue sua c\u00e2mera e encontre novos amigos e talvez um par!","robots":{"index":"index","follow":"follow","max-snippet":"max-snippet:-1","max-image-preview":"max-image-preview:large","max-video-preview":"max-video-preview:-1"},"canonical":"https:\/\/strangercam.com\/pt-br\/clube-de-arame\/","og_locale":"pt_BR","og_type":"article","og_title":"Wireclub - Anonymous Chat For Two - Cam on StrangerCam.com","og_description":"Like Wireclub? Come chat with more than 5.000.000 strangers on Stranger Cam for Free! Turn on your cam and find new friends & maby a match!","og_url":"https:\/\/strangercam.com\/pt-br\/clube-de-arame\/","og_site_name":"Strangercam","article_publisher":"https:\/\/www.facebook.com\/strangercam","article_modified_time":"2023-08-21T10:47:57+00:00","og_image":[{"width":800,"height":800,"url":"https:\/\/strangercam.com\/wp-content\/uploads\/2020\/11\/stranger-cam-1.png","type":"image\/png"}],"twitter_card":"summary_large_image","twitter_site":"@strangercamapp","twitter_misc":{"Est. tempo de leitura":"4 minutos"},"schema":{"@context":"https:\/\/schema.org","@graph":[{"@type":"WebPage","@id":"https:\/\/strangercam.com\/wireclub\/","url":"https:\/\/strangercam.com\/wireclub\/","name":"Wireclub - Bate-papo an\u00f4nimo para dois - C\u00e2mera no StrangerCam.com","isPartOf":{"@id":"https:\/\/strangercam.com\/#website"},"primaryImageOfPage":{"@id":"https:\/\/strangercam.com\/wireclub\/#primaryimage"},"image":{"@id":"https:\/\/strangercam.com\/wireclub\/#primaryimage"},"thumbnailUrl":"https:\/\/strangercam.com\/wp-content\/uploads\/2020\/11\/stranger-cam-1.png","datePublished":"2021-10-18T09:30:39+00:00","dateModified":"2023-08-21T10:47:57+00:00","description":"Gosta do Wireclub? Venha conversar com mais de 5.000.000 de desconhecidos no Stranger Cam gratuitamente! Ligue sua c\u00e2mera e encontre novos amigos e talvez um par!","breadcrumb":{"@id":"https:\/\/strangercam.com\/wireclub\/#breadcrumb"},"inLanguage":"pt-BR","potentialAction":[{"@type":"ReadAction","target":["https:\/\/strangercam.com\/wireclub\/"]}]},{"@type":"ImageObject","inLanguage":"pt-BR","@id":"https:\/\/strangercam.com\/wireclub\/#primaryimage","url":"https:\/\/strangercam.com\/wp-content\/uploads\/2020\/11\/stranger-cam-1.png","contentUrl":"https:\/\/strangercam.com\/wp-content\/uploads\/2020\/11\/stranger-cam-1.png","width":800,"height":800,"caption":"stranger cam random video chat"},{"@type":"BreadcrumbList","@id":"https:\/\/strangercam.com\/wireclub\/#breadcrumb","itemListElement":[{"@type":"ListItem","position":1,"name":"Home","item":"https:\/\/strangercam.com\/"},{"@type":"ListItem","position":2,"name":"Wireclub"}]},{"@type":"WebSite","@id":"https:\/\/strangercam.com\/#website","url":"https:\/\/strangercam.com\/","name":"Strangercam","description":"Bate-papo por v\u00eddeo aleat\u00f3rio com estranhos","publisher":{"@id":"https:\/\/strangercam.com\/#organization"},"alternateName":"Strangercam.com","potentialAction":[{"@type":"SearchAction","target":{"@type":"EntryPoint","urlTemplate":"https:\/\/strangercam.com\/?s={search_term_string}"},"query-input":{"@type":"PropertyValueSpecification","valueRequired":true,"valueName":"search_term_string"}}],"inLanguage":"pt-BR"},{"@type":"Organization","@id":"https:\/\/strangercam.com\/#organization","name":"Strangercam","alternateName":"Strangercam.com","url":"https:\/\/strangercam.com\/","logo":{"@type":"ImageObject","inLanguage":"pt-BR","@id":"https:\/\/strangercam.com\/#\/schema\/logo\/image\/","url":"https:\/\/strangercam.com\/wp-content\/uploads\/2020\/11\/cropped-new-favicon-black.png","contentUrl":"https:\/\/strangercam.com\/wp-content\/uploads\/2020\/11\/cropped-new-favicon-black.png","width":512,"height":512,"caption":"Strangercam"},"image":{"@id":"https:\/\/strangercam.com\/#\/schema\/logo\/image\/"},"sameAs":["https:\/\/www.facebook.com\/strangercam","https:\/\/x.com\/strangercamapp"]}]}},"_links":{"self":[{"href":"https:\/\/strangercam.com\/pt-br\/wp-json\/wp\/v2\/pages\/8588","targetHints":{"allow":["GET"]}}],"collection":[{"href":"https:\/\/strangercam.com\/pt-br\/wp-json\/wp\/v2\/pages"}],"about":[{"href":"https:\/\/strangercam.com\/pt-br\/wp-json\/wp\/v2\/types\/page"}],"author":[{"embeddable":true,"href":"https:\/\/strangercam.com\/pt-br\/wp-json\/wp\/v2\/users\/6"}],"replies":[{"embeddable":true,"href":"https:\/\/strangercam.com\/pt-br\/wp-json\/wp\/v2\/comments?post=8588"}],"version-history":[{"count":0,"href":"https:\/\/strangercam.com\/pt-br\/wp-json\/wp\/v2\/pages\/8588\/revisions"}],"wp:featuredmedia":[{"embeddable":true,"href":"https:\/\/strangercam.com\/pt-br\/wp-json\/wp\/v2\/media\/559"}],"wp:attachment":[{"href":"https:\/\/strangercam.com\/pt-br\/wp-json\/wp\/v2\/media?parent=8588"}],"curies":[{"name":"wp","href":"https:\/\/api.w.org\/{rel}","templated":true}]}}