{"id":8554,"date":"2021-10-18T10:33:50","date_gmt":"2021-10-18T08:33:50","guid":{"rendered":"https:\/\/strangercam.com\/?page_id=8554"},"modified":"2025-01-23T12:08:04","modified_gmt":"2025-01-23T10:08:04","slug":"reembolso","status":"publish","type":"page","link":"https:\/\/strangercam.com\/pt-br\/reembolso\/","title":{"rendered":"Reembolsos e estornos"},"content":{"rendered":"<p>Obrigado por usar nosso site. Observe que todas as cobran\u00e7as, estornos e suporte ao cliente para servi\u00e7os adquiridos por meio de links em nosso Site s\u00e3o gerenciados por <a href=\"https:\/\/strangercam.com\/pt-br\/coomeet\/\">Coomeet<\/a>. Como afiliados, n\u00e3o processamos pagamentos, emitimos reembolsos nem gerenciamos consultas de clientes para essas transa\u00e7\u00f5es.<\/p>\n<ol>\n<li><strong>Produtos e servi\u00e7os digitais<\/strong><br \/>\nNosso Site poder\u00e1 promover produtos e servi\u00e7os digitais n\u00e3o tang\u00edveis e irrevog\u00e1veis oferecidos pelo Coomeet. Antes de fazer uma compra, analise cuidadosamente os detalhes do produto ou servi\u00e7o para garantir que ele atenda \u00e0s suas expectativas. Se tiver alguma d\u00favida sobre a natureza do produto ou servi\u00e7o, entre em contato com a equipe de suporte do Coomeet para obter esclarecimentos antes de prosseguir com o pagamento.<\/li>\n<li><strong>Reembolsos<\/strong><br \/>\nComo o Coomeet lida com o faturamento, ele determinar\u00e1 se voc\u00ea se qualifica para um reembolso de acordo com suas pol\u00edticas. Os reembolsos podem ser concedidos em circunst\u00e2ncias espec\u00edficas (por exemplo, pagamentos duplicados ou erros t\u00e9cnicos). Para solicitar um reembolso, siga o processo designado pelo Coomeet e entre em contato com a equipe de suporte com as seguintes informa\u00e7\u00f5es:<\/p>\n<ul>\n<li>Data de pagamento, valor do pagamento e m\u00e9todo de pagamento<\/li>\n<li>N\u00famero do pedido\/pagamento\/transa\u00e7\u00e3o (ou outros detalhes de identifica\u00e7\u00e3o)<\/li>\n<li>Motivo da solicita\u00e7\u00e3o de reembolso<\/li>\n<\/ul>\n<p>Se o reembolso for aprovado, observe que os tempos de processamento do cart\u00e3o de cr\u00e9dito ou do banco podem variar e, normalmente, variam de 3 a 10 dias \u00fateis. Qualquer d\u00favida sobre o status ou o prazo de seu reembolso deve ser encaminhada ao suporte ao cliente do Coomeet.<\/li>\n<li><strong>Estornos<\/strong><br \/>\nNo caso de um estorno, o Coomeet conduzir\u00e1 uma investiga\u00e7\u00e3o completa da transa\u00e7\u00e3o. Esteja ciente de que iniciar um estorno falso ou fraudulento pode resultar em restri\u00e7\u00f5es em sua conta e em futuras associa\u00e7\u00f5es. Se precisar de ajuda ou esclarecimentos sobre sua cobran\u00e7a, entre em contato com a equipe de suporte do Coomeet antes de recorrer a um estorno.<\/li>\n<li><strong>Links e servi\u00e7os de terceiros<\/strong><br \/>\nNosso Site pode ter links para sites e aplicativos externos operados por terceiros (incluindo o Coomeet). Os clientes que adquirirem produtos ou servi\u00e7os desses fornecedores est\u00e3o sujeitos aos termos, condi\u00e7\u00f5es e procedimentos de reembolso do respectivo fornecedor. Se tiver algum problema ou preocupa\u00e7\u00e3o, entre em contato diretamente com o provedor de servi\u00e7os terceirizado relevante.<\/li>\n<li><strong>Entre em contato conosco<\/strong><br \/>\nSe voc\u00ea tiver alguma d\u00favida geral sobre nossa afilia\u00e7\u00e3o com a Coomeet ou sobre o conte\u00fado de nosso Site, sinta-se \u00e0 vontade para <a href=\"https:\/\/strangercam.com\/pt-br\/chat4free\/\">gratuito<\/a> para entrar em contato conosco por meio de nossa p\u00e1gina de contato. No entanto, observe que todas as d\u00favidas sobre cobran\u00e7a e reembolso devem ser encaminhadas ao suporte ao cliente do Coomeet.<\/li>\n<\/ol>\n<p>Obrigado por sua compreens\u00e3o e coopera\u00e7\u00e3o. Agradecemos seu apoio e nos esfor\u00e7amos para garantir uma experi\u00eancia tranquila.<\/p>","protected":false},"excerpt":{"rendered":"<p>Thank you for using our Website. Please note that all billing, chargebacks, and customer support for services purchased through links on our Website are handled by Coomeet. As an affiliate, we do not process payments, issue refunds, or manage customer inquiries for these transactions. Digital Products &amp; Services Our Website may promote non-tangible, irrevocable digital [&hellip;]<\/p>\n","protected":false},"author":1,"featured_media":0,"parent":0,"menu_order":0,"comment_status":"closed","ping_status":"closed","template":"","meta":{"footnotes":""},"class_list":["post-8554","page","type-page","status-publish","hentry"],"yoast_head":"<!-- This site is optimized with the Yoast SEO plugin v26.9 - https:\/\/yoast.com\/product\/yoast-seo-wordpress\/ -->\n<title>Refunds &amp; Chargeback - Strangercam<\/title>\n<meta name=\"robots\" content=\"index, follow, max-snippet:-1, max-image-preview:large, max-video-preview:-1\" \/>\n<link rel=\"canonical\" href=\"https:\/\/strangercam.com\/pt-br\/reembolso\/\" \/>\n<meta property=\"og:locale\" content=\"pt_BR\" \/>\n<meta property=\"og:type\" content=\"article\" \/>\n<meta property=\"og:title\" content=\"Refunds &amp; Chargeback - Strangercam\" \/>\n<meta property=\"og:description\" content=\"Thank you for using our Website. Please note that all billing, chargebacks, and customer support for services purchased through links on our Website are handled by Coomeet. As an affiliate, we do not process payments, issue refunds, or manage customer inquiries for these transactions. Digital Products &amp; Services Our Website may promote non-tangible, irrevocable digital [&hellip;]\" \/>\n<meta property=\"og:url\" content=\"https:\/\/strangercam.com\/pt-br\/reembolso\/\" \/>\n<meta property=\"og:site_name\" content=\"Strangercam\" \/>\n<meta property=\"article:publisher\" content=\"https:\/\/www.facebook.com\/strangercam\" \/>\n<meta property=\"article:modified_time\" content=\"2025-01-23T10:08:04+00:00\" \/>\n<meta property=\"og:image\" content=\"https:\/\/strangercam.com\/wp-content\/uploads\/2021\/10\/Untitled-2.png\" \/>\n\t<meta property=\"og:image:width\" content=\"800\" \/>\n\t<meta property=\"og:image:height\" content=\"532\" \/>\n\t<meta property=\"og:image:type\" content=\"image\/png\" \/>\n<meta name=\"twitter:card\" content=\"summary_large_image\" \/>\n<meta name=\"twitter:site\" content=\"@strangercamapp\" \/>\n<meta name=\"twitter:label1\" content=\"Est. tempo de leitura\" \/>\n\t<meta name=\"twitter:data1\" content=\"2 minutos\" \/>\n<script type=\"application\/ld+json\" class=\"yoast-schema-graph\">{\"@context\":\"https:\/\/schema.org\",\"@graph\":[{\"@type\":\"WebPage\",\"@id\":\"https:\/\/strangercam.com\/refund\/\",\"url\":\"https:\/\/strangercam.com\/refund\/\",\"name\":\"Refunds & Chargeback - Strangercam\",\"isPartOf\":{\"@id\":\"https:\/\/strangercam.com\/#website\"},\"datePublished\":\"2021-10-18T08:33:50+00:00\",\"dateModified\":\"2025-01-23T10:08:04+00:00\",\"breadcrumb\":{\"@id\":\"https:\/\/strangercam.com\/refund\/#breadcrumb\"},\"inLanguage\":\"pt-BR\",\"potentialAction\":[{\"@type\":\"ReadAction\",\"target\":[\"https:\/\/strangercam.com\/refund\/\"]}]},{\"@type\":\"BreadcrumbList\",\"@id\":\"https:\/\/strangercam.com\/refund\/#breadcrumb\",\"itemListElement\":[{\"@type\":\"ListItem\",\"position\":1,\"name\":\"Home\",\"item\":\"https:\/\/strangercam.com\/\"},{\"@type\":\"ListItem\",\"position\":2,\"name\":\"Refunds &#038; Chargeback\"}]},{\"@type\":\"WebSite\",\"@id\":\"https:\/\/strangercam.com\/#website\",\"url\":\"https:\/\/strangercam.com\/\",\"name\":\"Strangercam\",\"description\":\"Random Video Chat with Strangers\",\"publisher\":{\"@id\":\"https:\/\/strangercam.com\/#organization\"},\"alternateName\":\"Strangercam.com\",\"potentialAction\":[{\"@type\":\"SearchAction\",\"target\":{\"@type\":\"EntryPoint\",\"urlTemplate\":\"https:\/\/strangercam.com\/?s={search_term_string}\"},\"query-input\":{\"@type\":\"PropertyValueSpecification\",\"valueRequired\":true,\"valueName\":\"search_term_string\"}}],\"inLanguage\":\"pt-BR\"},{\"@type\":\"Organization\",\"@id\":\"https:\/\/strangercam.com\/#organization\",\"name\":\"Strangercam\",\"alternateName\":\"Strangercam.com\",\"url\":\"https:\/\/strangercam.com\/\",\"logo\":{\"@type\":\"ImageObject\",\"inLanguage\":\"pt-BR\",\"@id\":\"https:\/\/strangercam.com\/#\/schema\/logo\/image\/\",\"url\":\"https:\/\/strangercam.com\/wp-content\/uploads\/2020\/11\/cropped-new-favicon-black.png\",\"contentUrl\":\"https:\/\/strangercam.com\/wp-content\/uploads\/2020\/11\/cropped-new-favicon-black.png\",\"width\":512,\"height\":512,\"caption\":\"Strangercam\"},\"image\":{\"@id\":\"https:\/\/strangercam.com\/#\/schema\/logo\/image\/\"},\"sameAs\":[\"https:\/\/www.facebook.com\/strangercam\",\"https:\/\/x.com\/strangercamapp\"]}]}<\/script>\n<!-- \/ Yoast SEO plugin. -->","yoast_head_json":{"title":"Reembolsos e estornos - Strangercam","robots":{"index":"index","follow":"follow","max-snippet":"max-snippet:-1","max-image-preview":"max-image-preview:large","max-video-preview":"max-video-preview:-1"},"canonical":"https:\/\/strangercam.com\/pt-br\/reembolso\/","og_locale":"pt_BR","og_type":"article","og_title":"Refunds & Chargeback - Strangercam","og_description":"Thank you for using our Website. Please note that all billing, chargebacks, and customer support for services purchased through links on our Website are handled by Coomeet. As an affiliate, we do not process payments, issue refunds, or manage customer inquiries for these transactions. Digital Products &amp; Services Our Website may promote non-tangible, irrevocable digital [&hellip;]","og_url":"https:\/\/strangercam.com\/pt-br\/reembolso\/","og_site_name":"Strangercam","article_publisher":"https:\/\/www.facebook.com\/strangercam","article_modified_time":"2025-01-23T10:08:04+00:00","og_image":[{"width":800,"height":532,"url":"https:\/\/strangercam.com\/wp-content\/uploads\/2021\/10\/Untitled-2.png","type":"image\/png"}],"twitter_card":"summary_large_image","twitter_site":"@strangercamapp","twitter_misc":{"Est. tempo de leitura":"2 minutos"},"schema":{"@context":"https:\/\/schema.org","@graph":[{"@type":"WebPage","@id":"https:\/\/strangercam.com\/refund\/","url":"https:\/\/strangercam.com\/refund\/","name":"Reembolsos e estornos - Strangercam","isPartOf":{"@id":"https:\/\/strangercam.com\/#website"},"datePublished":"2021-10-18T08:33:50+00:00","dateModified":"2025-01-23T10:08:04+00:00","breadcrumb":{"@id":"https:\/\/strangercam.com\/refund\/#breadcrumb"},"inLanguage":"pt-BR","potentialAction":[{"@type":"ReadAction","target":["https:\/\/strangercam.com\/refund\/"]}]},{"@type":"BreadcrumbList","@id":"https:\/\/strangercam.com\/refund\/#breadcrumb","itemListElement":[{"@type":"ListItem","position":1,"name":"Home","item":"https:\/\/strangercam.com\/"},{"@type":"ListItem","position":2,"name":"Refunds &#038; Chargeback"}]},{"@type":"WebSite","@id":"https:\/\/strangercam.com\/#website","url":"https:\/\/strangercam.com\/","name":"Strangercam","description":"Bate-papo por v\u00eddeo aleat\u00f3rio com estranhos","publisher":{"@id":"https:\/\/strangercam.com\/#organization"},"alternateName":"Strangercam.com","potentialAction":[{"@type":"SearchAction","target":{"@type":"EntryPoint","urlTemplate":"https:\/\/strangercam.com\/?s={search_term_string}"},"query-input":{"@type":"PropertyValueSpecification","valueRequired":true,"valueName":"search_term_string"}}],"inLanguage":"pt-BR"},{"@type":"Organization","@id":"https:\/\/strangercam.com\/#organization","name":"Strangercam","alternateName":"Strangercam.com","url":"https:\/\/strangercam.com\/","logo":{"@type":"ImageObject","inLanguage":"pt-BR","@id":"https:\/\/strangercam.com\/#\/schema\/logo\/image\/","url":"https:\/\/strangercam.com\/wp-content\/uploads\/2020\/11\/cropped-new-favicon-black.png","contentUrl":"https:\/\/strangercam.com\/wp-content\/uploads\/2020\/11\/cropped-new-favicon-black.png","width":512,"height":512,"caption":"Strangercam"},"image":{"@id":"https:\/\/strangercam.com\/#\/schema\/logo\/image\/"},"sameAs":["https:\/\/www.facebook.com\/strangercam","https:\/\/x.com\/strangercamapp"]}]}},"_links":{"self":[{"href":"https:\/\/strangercam.com\/pt-br\/wp-json\/wp\/v2\/pages\/8554","targetHints":{"allow":["GET"]}}],"collection":[{"href":"https:\/\/strangercam.com\/pt-br\/wp-json\/wp\/v2\/pages"}],"about":[{"href":"https:\/\/strangercam.com\/pt-br\/wp-json\/wp\/v2\/types\/page"}],"author":[{"embeddable":true,"href":"https:\/\/strangercam.com\/pt-br\/wp-json\/wp\/v2\/users\/1"}],"replies":[{"embeddable":true,"href":"https:\/\/strangercam.com\/pt-br\/wp-json\/wp\/v2\/comments?post=8554"}],"version-history":[{"count":1,"href":"https:\/\/strangercam.com\/pt-br\/wp-json\/wp\/v2\/pages\/8554\/revisions"}],"predecessor-version":[{"id":12667,"href":"https:\/\/strangercam.com\/pt-br\/wp-json\/wp\/v2\/pages\/8554\/revisions\/12667"}],"wp:attachment":[{"href":"https:\/\/strangercam.com\/pt-br\/wp-json\/wp\/v2\/media?parent=8554"}],"curies":[{"name":"wp","href":"https:\/\/api.w.org\/{rel}","templated":true}]}}