{"id":8446,"date":"2021-10-06T19:55:53","date_gmt":"2021-10-06T17:55:53","guid":{"rendered":"https:\/\/strangercam.com\/?page_id=8446"},"modified":"2023-08-04T11:12:26","modified_gmt":"2023-08-04T09:12:26","slug":"contato","status":"publish","type":"page","link":"https:\/\/strangercam.com\/pt-br\/contact\/","title":{"rendered":"Entre em contato conosco"},"content":{"rendered":"<p>Se voc\u00ea precisar de assist\u00eancia ou tiver alguma d\u00favida sobre nosso servi\u00e7o, estamos aqui para ajudar! Mas, antes de entrar em contato, sugerimos que voc\u00ea analise as respostas \u00e0s perguntas mais frequentes abaixo. Descobrimos que muitos usu\u00e1rios encontram as solu\u00e7\u00f5es que procuram sem ter que esperar por uma resposta da nossa equipe.<\/p>\n<h2>Perguntas frequentes (FAQs)<\/h2>\n<p><strong>1. Minha compra ser\u00e1 renovada automaticamente?<\/strong><\/p>\n<p>Sim, sua compra ser\u00e1 renovada automaticamente se voc\u00ea tiver feito uma assinatura do <a href=\"https:\/\/strangercam.com\/pt-br\/\">Strangercam<\/a> Premium. Se desejar cancelar sua assinatura, acesse nosso <a href=\"http:\/\/cs.segpay.com\/\">p\u00e1gina de suporte personalizada<\/a> e insira seus detalhes de pagamento. Voc\u00ea poder\u00e1 ent\u00e3o cancelar a renova\u00e7\u00e3o da sua assinatura. Se tiver adquirido um pacote Diamonds, voc\u00ea n\u00e3o ser\u00e1 cobrado novamente, pois essa \u00e9 uma compra \u00fanica.<\/p>\n<p><strong>2. Posso excluir minha conta?<\/strong><\/p>\n<p>No momento, n\u00e3o \u00e9 poss\u00edvel excluir sua conta porque n\u00e3o armazenamos nem mantemos nenhum dado pessoal. Estamos aprimorando continuamente nossos sistemas e planejamos incluir uma op\u00e7\u00e3o de exclus\u00e3o de perfil no futuro.<\/p>\n<p><strong>3. Posso ser desbloqueado?<\/strong><\/p>\n<p>Uma vez que nossa equipe de avalia\u00e7\u00e3o do Strangercam.com tenha bloqueado um usu\u00e1rio, a decis\u00e3o \u00e9 definitiva e n\u00e3o \u00e9 poss\u00edvel solicitar o desbloqueio.<\/p>\n<p><strong>4. Posso obter um reembolso?<\/strong><\/p>\n<p>Solicitamos que voc\u00ea consulte o <a href=\"https:\/\/strangercam.com\/pt-br\/reembolso\/\">pol\u00edtica de reembolso dispon\u00edvel em nosso site<\/a>. Esta pol\u00edtica fornece diretrizes claras sobre as situa\u00e7\u00f5es em que podemos emitir um reembolso ap\u00f3s uma compra.<\/p>\n<h3>Ainda precisa de ajuda?<\/h3>\n<p>Se a sua pergunta n\u00e3o foi respondida acima, n\u00e3o hesite em entrar em contato conosco usando o formul\u00e1rio abaixo. N\u00f3s nos esfor\u00e7amos para responder a todas as perguntas o mais r\u00e1pido poss\u00edvel, mas aguarde at\u00e9 24 horas para uma resposta. Agradecemos sua paci\u00eancia e esperamos poder ajud\u00e1-lo!<\/p>","protected":false},"excerpt":{"rendered":"<p>If you need assistance or have any questions about our service, we&#8217;re here to help! But before you reach out, we suggest you review the answers to our most frequently asked questions below. We&#8217;ve found that many users find the solutions they&#8217;re looking for without having to wait for a response from our team. Frequently [&hellip;]<\/p>\n","protected":false},"author":1,"featured_media":0,"parent":0,"menu_order":0,"comment_status":"closed","ping_status":"closed","template":"","meta":{"footnotes":""},"class_list":["post-8446","page","type-page","status-publish","hentry"],"yoast_head":"<!-- This site is optimized with the Yoast SEO plugin v27.4 - https:\/\/yoast.com\/product\/yoast-seo-wordpress\/ -->\n<title>Contact Us - Strangercam<\/title>\n<meta name=\"robots\" content=\"index, follow, max-snippet:-1, max-image-preview:large, max-video-preview:-1\" \/>\n<link rel=\"canonical\" href=\"https:\/\/strangercam.com\/pt-br\/contato\/\" \/>\n<meta property=\"og:locale\" content=\"pt_BR\" \/>\n<meta property=\"og:type\" content=\"article\" \/>\n<meta property=\"og:title\" content=\"Contact Us - Strangercam\" \/>\n<meta property=\"og:description\" content=\"If you need assistance or have any questions about our service, we&#8217;re here to help! But before you reach out, we suggest you review the answers to our most frequently asked questions below. We&#8217;ve found that many users find the solutions they&#8217;re looking for without having to wait for a response from our team. Frequently [&hellip;]\" \/>\n<meta property=\"og:url\" content=\"https:\/\/strangercam.com\/pt-br\/contato\/\" \/>\n<meta property=\"og:site_name\" content=\"Strangercam\" \/>\n<meta property=\"article:publisher\" content=\"https:\/\/www.facebook.com\/strangercam\" \/>\n<meta property=\"article:modified_time\" content=\"2023-08-04T09:12:26+00:00\" \/>\n<meta property=\"og:image\" content=\"https:\/\/strangercam.com\/wp-content\/uploads\/2021\/10\/Untitled-2.png\" \/>\n\t<meta property=\"og:image:width\" content=\"800\" \/>\n\t<meta property=\"og:image:height\" content=\"532\" \/>\n\t<meta property=\"og:image:type\" content=\"image\/png\" \/>\n<meta name=\"twitter:card\" content=\"summary_large_image\" \/>\n<meta name=\"twitter:site\" content=\"@strangercamapp\" \/>\n<meta name=\"twitter:label1\" content=\"Est. tempo de leitura\" \/>\n\t<meta name=\"twitter:data1\" content=\"2 minutos\" \/>\n<script type=\"application\/ld+json\" class=\"yoast-schema-graph\">{\"@context\":\"https:\\\/\\\/schema.org\",\"@graph\":[{\"@type\":\"WebPage\",\"@id\":\"https:\\\/\\\/strangercam.com\\\/contact\\\/\",\"url\":\"https:\\\/\\\/strangercam.com\\\/contact\\\/\",\"name\":\"Contact Us - Strangercam\",\"isPartOf\":{\"@id\":\"https:\\\/\\\/strangercam.com\\\/#website\"},\"datePublished\":\"2021-10-06T17:55:53+00:00\",\"dateModified\":\"2023-08-04T09:12:26+00:00\",\"breadcrumb\":{\"@id\":\"https:\\\/\\\/strangercam.com\\\/contact\\\/#breadcrumb\"},\"inLanguage\":\"pt-BR\",\"potentialAction\":[{\"@type\":\"ReadAction\",\"target\":[\"https:\\\/\\\/strangercam.com\\\/contact\\\/\"]}]},{\"@type\":\"BreadcrumbList\",\"@id\":\"https:\\\/\\\/strangercam.com\\\/contact\\\/#breadcrumb\",\"itemListElement\":[{\"@type\":\"ListItem\",\"position\":1,\"name\":\"Home\",\"item\":\"https:\\\/\\\/strangercam.com\\\/\"},{\"@type\":\"ListItem\",\"position\":2,\"name\":\"Contact Us\"}]},{\"@type\":\"WebSite\",\"@id\":\"https:\\\/\\\/strangercam.com\\\/#website\",\"url\":\"https:\\\/\\\/strangercam.com\\\/\",\"name\":\"Strangercam\",\"description\":\"Random Video Chat with Strangers\",\"publisher\":{\"@id\":\"https:\\\/\\\/strangercam.com\\\/#organization\"},\"alternateName\":\"Strangercam.com\",\"potentialAction\":[{\"@type\":\"SearchAction\",\"target\":{\"@type\":\"EntryPoint\",\"urlTemplate\":\"https:\\\/\\\/strangercam.com\\\/?s={search_term_string}\"},\"query-input\":{\"@type\":\"PropertyValueSpecification\",\"valueRequired\":true,\"valueName\":\"search_term_string\"}}],\"inLanguage\":\"pt-BR\"},{\"@type\":\"Organization\",\"@id\":\"https:\\\/\\\/strangercam.com\\\/#organization\",\"name\":\"Strangercam\",\"alternateName\":\"Strangercam.com\",\"url\":\"https:\\\/\\\/strangercam.com\\\/\",\"logo\":{\"@type\":\"ImageObject\",\"inLanguage\":\"pt-BR\",\"@id\":\"https:\\\/\\\/strangercam.com\\\/#\\\/schema\\\/logo\\\/image\\\/\",\"url\":\"https:\\\/\\\/strangercam.com\\\/wp-content\\\/uploads\\\/2020\\\/11\\\/cropped-new-favicon-black.png\",\"contentUrl\":\"https:\\\/\\\/strangercam.com\\\/wp-content\\\/uploads\\\/2020\\\/11\\\/cropped-new-favicon-black.png\",\"width\":512,\"height\":512,\"caption\":\"Strangercam\"},\"image\":{\"@id\":\"https:\\\/\\\/strangercam.com\\\/#\\\/schema\\\/logo\\\/image\\\/\"},\"sameAs\":[\"https:\\\/\\\/www.facebook.com\\\/strangercam\",\"https:\\\/\\\/x.com\\\/strangercamapp\"]}]}<\/script>\n<!-- \/ Yoast SEO plugin. -->","yoast_head_json":{"title":"Entre em contato conosco - Strangercam","robots":{"index":"index","follow":"follow","max-snippet":"max-snippet:-1","max-image-preview":"max-image-preview:large","max-video-preview":"max-video-preview:-1"},"canonical":"https:\/\/strangercam.com\/pt-br\/contato\/","og_locale":"pt_BR","og_type":"article","og_title":"Contact Us - Strangercam","og_description":"If you need assistance or have any questions about our service, we&#8217;re here to help! But before you reach out, we suggest you review the answers to our most frequently asked questions below. We&#8217;ve found that many users find the solutions they&#8217;re looking for without having to wait for a response from our team. Frequently [&hellip;]","og_url":"https:\/\/strangercam.com\/pt-br\/contato\/","og_site_name":"Strangercam","article_publisher":"https:\/\/www.facebook.com\/strangercam","article_modified_time":"2023-08-04T09:12:26+00:00","og_image":[{"width":800,"height":532,"url":"https:\/\/strangercam.com\/wp-content\/uploads\/2021\/10\/Untitled-2.png","type":"image\/png"}],"twitter_card":"summary_large_image","twitter_site":"@strangercamapp","twitter_misc":{"Est. tempo de leitura":"2 minutos"},"schema":{"@context":"https:\/\/schema.org","@graph":[{"@type":"WebPage","@id":"https:\/\/strangercam.com\/contact\/","url":"https:\/\/strangercam.com\/contact\/","name":"Entre em contato conosco - Strangercam","isPartOf":{"@id":"https:\/\/strangercam.com\/#website"},"datePublished":"2021-10-06T17:55:53+00:00","dateModified":"2023-08-04T09:12:26+00:00","breadcrumb":{"@id":"https:\/\/strangercam.com\/contact\/#breadcrumb"},"inLanguage":"pt-BR","potentialAction":[{"@type":"ReadAction","target":["https:\/\/strangercam.com\/contact\/"]}]},{"@type":"BreadcrumbList","@id":"https:\/\/strangercam.com\/contact\/#breadcrumb","itemListElement":[{"@type":"ListItem","position":1,"name":"Home","item":"https:\/\/strangercam.com\/"},{"@type":"ListItem","position":2,"name":"Contact Us"}]},{"@type":"WebSite","@id":"https:\/\/strangercam.com\/#website","url":"https:\/\/strangercam.com\/","name":"Strangercam","description":"Bate-papo por v\u00eddeo aleat\u00f3rio com estranhos","publisher":{"@id":"https:\/\/strangercam.com\/#organization"},"alternateName":"Strangercam.com","potentialAction":[{"@type":"SearchAction","target":{"@type":"EntryPoint","urlTemplate":"https:\/\/strangercam.com\/?s={search_term_string}"},"query-input":{"@type":"PropertyValueSpecification","valueRequired":true,"valueName":"search_term_string"}}],"inLanguage":"pt-BR"},{"@type":"Organization","@id":"https:\/\/strangercam.com\/#organization","name":"Strangercam","alternateName":"Strangercam.com","url":"https:\/\/strangercam.com\/","logo":{"@type":"ImageObject","inLanguage":"pt-BR","@id":"https:\/\/strangercam.com\/#\/schema\/logo\/image\/","url":"https:\/\/strangercam.com\/wp-content\/uploads\/2020\/11\/cropped-new-favicon-black.png","contentUrl":"https:\/\/strangercam.com\/wp-content\/uploads\/2020\/11\/cropped-new-favicon-black.png","width":512,"height":512,"caption":"Strangercam"},"image":{"@id":"https:\/\/strangercam.com\/#\/schema\/logo\/image\/"},"sameAs":["https:\/\/www.facebook.com\/strangercam","https:\/\/x.com\/strangercamapp"]}]}},"_links":{"self":[{"href":"https:\/\/strangercam.com\/pt-br\/wp-json\/wp\/v2\/pages\/8446","targetHints":{"allow":["GET"]}}],"collection":[{"href":"https:\/\/strangercam.com\/pt-br\/wp-json\/wp\/v2\/pages"}],"about":[{"href":"https:\/\/strangercam.com\/pt-br\/wp-json\/wp\/v2\/types\/page"}],"author":[{"embeddable":true,"href":"https:\/\/strangercam.com\/pt-br\/wp-json\/wp\/v2\/users\/1"}],"replies":[{"embeddable":true,"href":"https:\/\/strangercam.com\/pt-br\/wp-json\/wp\/v2\/comments?post=8446"}],"version-history":[{"count":0,"href":"https:\/\/strangercam.com\/pt-br\/wp-json\/wp\/v2\/pages\/8446\/revisions"}],"wp:attachment":[{"href":"https:\/\/strangercam.com\/pt-br\/wp-json\/wp\/v2\/media?parent=8446"}],"curies":[{"name":"wp","href":"https:\/\/api.w.org\/{rel}","templated":true}]}}