{"id":8386,"date":"2024-09-19T11:35:24","date_gmt":"2024-09-19T09:35:24","guid":{"rendered":"https:\/\/strangercam.com\/?page_id=8386"},"modified":"2024-09-19T11:37:00","modified_gmt":"2024-09-19T09:37:00","slug":"chat-avenue","status":"publish","type":"page","link":"https:\/\/strangercam.com\/pt-br\/chat-avenue\/","title":{"rendered":"Chat Avenue"},"content":{"rendered":"<p><a href=\"https:\/\/strangercam.com\/pt-br\/chatroulette\/\">Bate-papo<\/a> O Avenue, tamb\u00e9m conhecido como Chat Ave, \u00e9 uma das mais antigas e populares plataformas de bate-papo on-line dispon\u00edveis atualmente. Fundada em 2000, tornou-se uma comunidade vibrante, onde milh\u00f5es de pessoas de todo o mundo se re\u00fanem para conversar, fazer novos amigos e compartilhar experi\u00eancias. Com mais de 7 milh\u00f5es de visitantes por m\u00eas, o Chat Avenue oferece um ambiente din\u00e2mico para entusiastas de bate-papo novos e experientes.<\/p>\n<h2>O que \u00e9 Chat Avenue?<\/h2>\n<p>O Chat Avenue \u00e9 uma plataforma on-line que oferece aos usu\u00e1rios acesso a salas de bate-papo gratuitas que abrangem uma ampla gama de t\u00f3picos e interesses. De conversas casuais a discuss\u00f5es mais focadas, o Chat Avenue tem algo para todos. A plataforma foi projetada para ser f\u00e1cil de usar e acess\u00edvel a pessoas de todas as idades e origens, facilitando a entrada de qualquer pessoa e o in\u00edcio do bate-papo instantaneamente.<\/p>\n<h2>Por que escolher o Chat Avenue?<\/h2>\n<p>H\u00e1 v\u00e1rios motivos pelos quais o Chat Avenue se destaca como uma das principais plataformas de bate-papo on-line:<\/p>\n<ul>\n<li><strong>Salas de bate-papo diversificadas:<\/strong> Com 20 salas de bate-papo diferentes para escolher, voc\u00ea pode encontrar a op\u00e7\u00e3o perfeita para seus interesses. Se voc\u00ea gosta de m\u00fasica, esportes, tecnologia ou est\u00e1 procurando salas de bate-papo espec\u00edficas por idade, h\u00e1 uma <a href=\"https:\/\/strangercam.com\/pt-br\/mocospace\/\">espa\u00e7o<\/a> para voc\u00ea.<\/li>\n<li><strong>Interface amig\u00e1vel ao usu\u00e1rio:<\/strong> A plataforma foi projetada para todos, independentemente da idade ou do conhecimento tecnol\u00f3gico. Seu layout simples facilita a navega\u00e7\u00e3o e o in\u00edcio do bate-papo sem nenhum problema.<\/li>\n<li><strong>Comunidade global:<\/strong> Conecte-se com milhares de pessoas de diferentes pa\u00edses, culturas e origens. Expanda seus horizontes e aprenda novas perspectivas conversando com pessoas de todo o mundo.<\/li>\n<li><strong>Privacidade e anonimato:<\/strong> O Chat Avenue permite que voc\u00ea fa\u00e7a login como \u201cUsu\u00e1rio convidado\u201d, garantindo que sua identidade permane\u00e7a confidencial. N\u00e3o \u00e9 necess\u00e1rio fornecer um endere\u00e7o de e-mail, perfis de m\u00eddia social ou qualquer informa\u00e7\u00e3o pessoal para iniciar o bate-papo.<\/li>\n<li><strong>Gratuito para uso:<\/strong> O Chat Avenue \u00e9 totalmente gratuito. Voc\u00ea pode entrar em qualquer sala de bate-papo sem nenhum custo ou taxa oculta.<\/li>\n<\/ul>\n<h2>Como usar o Chat Avenue<\/h2>\n<p>O uso do Chat Avenue \u00e9 simples e direto. Aqui est\u00e1 um guia passo a passo:<\/p>\n<ol>\n<li><strong>Visite o site:<\/strong> Ir para a p\u00e1gina inicial do Chat Avenue.<\/li>\n<li><strong>Selecione uma sala de bate-papo:<\/strong> Navegue pelas 20 salas de bate-papo dispon\u00edveis e escolha uma que atenda a seus interesses. As op\u00e7\u00f5es incluem Chat para Adolescentes, Chat para Adultos, Chat de M\u00fasica, Chat de Esportes, Chat de Tecnologia, Chat de Namoro, Chat LGBTQ+ e muito mais.<\/li>\n<li><strong>Digite um nome de usu\u00e1rio:<\/strong> Voc\u00ea pode fazer login como convidado simplesmente selecionando um nome de usu\u00e1rio. N\u00e3o h\u00e1 necessidade de registro ou de fornecer informa\u00e7\u00f5es pessoais.<\/li>\n<li><strong>Iniciar bate-papo:<\/strong> Depois de inserir seu nome de usu\u00e1rio, voc\u00ea ser\u00e1 direcionado para a sala de bate-papo, onde poder\u00e1 come\u00e7ar a interagir com outros usu\u00e1rios imediatamente.<\/li>\n<\/ol>\n<h2>Salas de bate-papo dispon\u00edveis<\/h2>\n<p>Para ajud\u00e1-lo a encontrar sua sala de bate-papo ideal, aqui est\u00e1 um resumo das op\u00e7\u00f5es dispon\u00edveis:<\/p>\n<ul>\n<li><strong>Bate-papo para adolescentes:<\/strong> Projetado para usu\u00e1rios de 13 a 19 anos, oferecendo um espa\u00e7o seguro para se conectar com colegas.<\/li>\n<li><strong>Bate-papo para adultos:<\/strong> Aberto a usu\u00e1rios com mais de 18 anos para conversas maduras sobre v\u00e1rios t\u00f3picos.<\/li>\n<li><strong>Bate-papo sobre m\u00fasica:<\/strong> Discuta seus artistas, \u00e1lbuns e g\u00eaneros favoritos com outros entusiastas da m\u00fasica.<\/li>\n<li><strong>Bate-papo sobre esportes:<\/strong> Interaja com f\u00e3s de v\u00e1rios esportes, compartilhe destaques de jogos e discuta eventos futuros.<\/li>\n<li><strong>Bate-papo sobre tecnologia:<\/strong> Fale sobre os \u00faltimos gadgets, softwares e tend\u00eancias tecnol\u00f3gicas.<\/li>\n<li><strong>Bate-papo sobre encontros:<\/strong> <a href=\"https:\/\/strangercam.com\/pt-br\/coomeet\/\">Conhe\u00e7a<\/a> novas pessoas em busca de relacionamentos ou amizades.<\/li>\n<li><strong>Bate-papo LGBTQ+:<\/strong> Um espa\u00e7o de apoio para membros da comunidade LGBTQ+ se conectarem e compartilharem experi\u00eancias.<\/li>\n<li><strong>Bate-papo geral:<\/strong> Para conversas casuais sobre uma variedade de t\u00f3picos com um grupo diversificado de pessoas.<\/li>\n<li><strong>Outras salas baseadas em interesses:<\/strong> Incluindo, entre outros, o Video Games Chat, o Anime Chat e muito mais.<\/li>\n<\/ul>\n<h2>Dicas para aproveitar ao m\u00e1ximo o Chat Avenue<\/h2>\n<p>Para aprimorar sua experi\u00eancia no Chat Avenue, considere as dicas a seguir:<\/p>\n<ul>\n<li><strong>Iniciar conversas:<\/strong> N\u00e3o hesite em iniciar um bate-papo com um simples \u201cHello\u201d ou \u201cHi\u201d. Dar o primeiro passo pode levar a discuss\u00f5es envolventes e significativas.<\/li>\n<li><strong>Tenha a mente aberta:<\/strong> Abrace a diversidade da comunidade. Pessoas de v\u00e1rias origens contribuem para conversas ricas e esclarecedoras.<\/li>\n<li><strong>Respeitar os outros:<\/strong> Sempre aborde as intera\u00e7\u00f5es com cortesia e compreens\u00e3o. Isso promove um ambiente positivo para todos.<\/li>\n<li><strong>Lide com as rejei\u00e7\u00f5es de forma graciosa:<\/strong> Talvez nem todos respondam ou compartilhem os mesmos interesses, e n\u00e3o h\u00e1 problema nisso. Avance para novas conex\u00f5es sem levar isso para o lado pessoal.<\/li>\n<li><strong>A pr\u00e1tica leva \u00e0 perfei\u00e7\u00e3o:<\/strong> Quanto mais voc\u00ea se envolver, mais confort\u00e1vel se sentir\u00e1. Com o tempo, o bate-papo se tornar\u00e1 mais natural e agrad\u00e1vel.<\/li>\n<\/ul>\n<h2>Superando medos comuns<\/h2>\n<p>Iniciar conversas com estranhos on-line pode ser assustador, especialmente se voc\u00ea for novato no assunto. Aqui est\u00e3o algumas maneiras de superar medos comuns:<\/p>\n<ul>\n<li><strong>Combater a ansiedade:<\/strong> \u00c9 normal sentir-se nervoso ao come\u00e7ar. Lembre-se de que todos j\u00e1 foram iniciantes, e a maioria dos usu\u00e1rios \u00e9 amig\u00e1vel e aberta a conversas.<\/li>\n<li><strong>Seja voc\u00ea mesmo:<\/strong> A autenticidade \u00e9 muito importante. Intera\u00e7\u00f5es genu\u00ednas geralmente levam a conex\u00f5es e amizades significativas.<\/li>\n<li><strong>Mantenha-se positivo:<\/strong> Concentre-se em aproveitar a experi\u00eancia em vez de se preocupar com o resultado. Divirta-se com suas conversas e n\u00e3o se estresse com pequenos contratempos.<\/li>\n<li><strong>Don't Fear Rejection (N\u00e3o tema a rejei\u00e7\u00e3o):<\/strong> Nem toda intera\u00e7\u00e3o levar\u00e1 a uma conex\u00e3o duradoura, e isso n\u00e3o tem problema algum. Mantenha uma atitude positiva e continue interagindo com os outros.<\/li>\n<\/ul>\n<h2>Abrace a diversidade no Chat Avenue<\/h2>\n<p>O Chat Avenue celebra a diversidade e a inclus\u00e3o. A plataforma oferece salas de bate-papo especializadas que atendem a diferentes interesses e comunidades, garantindo que todos possam encontrar um lugar onde se sintam confort\u00e1veis:<\/p>\n<ul>\n<li><strong>Salas baseadas em interesses:<\/strong> Conecte-se com pessoas que compartilham seus hobbies ou paix\u00f5es, como m\u00fasica, esportes, tecnologia ou jogos.<\/li>\n<li><strong>Salas comunit\u00e1rias:<\/strong> Envolver-se com grupos e comunidades espec\u00edficos em um ambiente de apoio, incluindo salas de bate-papo LGBTQ+ e outros grupos minorit\u00e1rios.<\/li>\n<li><strong>Salas espec\u00edficas por idade:<\/strong> Seja voc\u00ea um adolescente ou um adulto, h\u00e1 salas de bate-papo adequadas \u00e0 idade, projetadas para garantir seguran\u00e7a e relev\u00e2ncia.<\/li>\n<\/ul>\n<h2>Seguran\u00e7a e modera\u00e7\u00e3o<\/h2>\n<p>Sua seguran\u00e7a \u00e9 uma prioridade no Chat Avenue. A plataforma possui v\u00e1rios recursos para garantir uma experi\u00eancia segura e agrad\u00e1vel:<\/p>\n<ul>\n<li><strong>Moderadores ativos:<\/strong> Cada sala de bate-papo \u00e9 monitorada por moderadores que trabalham para manter um ambiente respeitoso, aplicando as diretrizes da comunidade.<\/li>\n<li><strong>Sistema de relat\u00f3rios:<\/strong> Os usu\u00e1rios podem denunciar comportamentos inadequados, ass\u00e9dio ou viola\u00e7\u00f5es das regras, que s\u00e3o prontamente tratados pela equipe de modera\u00e7\u00e3o.<\/li>\n<li><strong>Conformidade com as diretrizes:<\/strong> Espera-se que todos os usu\u00e1rios sigam as diretrizes da comunidade para promover uma atmosfera positiva. Comportamentos desrespeitosos ou prejudiciais n\u00e3o s\u00e3o tolerados.<\/li>\n<\/ul>\n<h2>Perguntas frequentes<\/h2>\n<p>Aqui est\u00e3o algumas perguntas frequentes sobre o Chat Avenue:<\/p>\n<p><strong>P: O uso do Chat Avenue \u00e9 gratuito?<\/strong><\/p>\n<p>R: Sim, o Chat Avenue \u00e9 totalmente gratuito. Voc\u00ea pode entrar em qualquer sala de bate-papo sem nenhuma cobran\u00e7a ou taxa.<\/p>\n<p><strong>P: Preciso registrar uma conta?<\/strong><\/p>\n<p>R: N\u00e3o \u00e9 necess\u00e1rio se registrar. Voc\u00ea pode fazer login como convidado escolhendo um nome de usu\u00e1rio, o que lhe permite permanecer an\u00f4nimo.<\/p>\n<p><strong>P: Posso usar o Chat Avenue em meu dispositivo m\u00f3vel?<\/strong><\/p>\n<p>R: Sim, o Chat Avenue pode ser acessado em navegadores de desktop e m\u00f3veis, o que torna conveniente conversar onde quer que voc\u00ea esteja.<\/p>\n<p><strong>P: O Chat Avenue \u00e9 seguro?<\/strong><\/p>\n<p>R: O Chat Avenue tem medidas em vigor para garantir a seguran\u00e7a do usu\u00e1rio, incluindo modera\u00e7\u00e3o ativa e sistemas de den\u00fancia. No entanto, \u00e9 sempre importante ter cautela e n\u00e3o compartilhar informa\u00e7\u00f5es pessoais on-line.<\/p>\n<p><strong>P: O que devo fazer se encontrar um comportamento inadequado?<\/strong><\/p>\n<p>R: Voc\u00ea pode denunciar o usu\u00e1rio aos moderadores, que tomar\u00e3o as medidas adequadas. \u00c9 importante manter a comunidade segura e respeitosa.<\/p>\n<h2>Depoimentos<\/h2>\n<p>Aqui est\u00e3o algumas experi\u00eancias compartilhadas por usu\u00e1rios do Chat Avenue:<\/p>\n<p><em>\"Eu <a href=\"https:\/\/strangercam.com\/pt-br\/chamine\/\">atendidas<\/a> tantas pessoas incr\u00edveis no Chat Avenue. \u00c9 incr\u00edvel como \u00e9 f\u00e1cil se conectar com outras pessoas que compartilham meus interesses!\u201d<\/em> - Alex T.<\/p>\n<p><em>\u201cComo algu\u00e9m que \u00e9 t\u00edmido na vida real, o Chat Ave me deu confian\u00e7a para iniciar conversas e fazer novos amigos.\u201d<\/em> - Maria S.<\/p>\n<p><em>\u201cA diversidade no Chat Avenue \u00e9 fant\u00e1stica. Aprendi muito com pessoas de todo o mundo.\u201d<\/em> - Jamal K.<\/p>\n<h2>Recursos adicionais<\/h2>\n<p>Para obter mais informa\u00e7\u00f5es e dicas sobre bate-papo on-line, considere estes recursos:<\/p>\n<ul>\n<li><strong>Dicas para um bate-papo on-line seguro:<\/strong> Saiba como se proteger e desfrutar de uma experi\u00eancia de bate-papo segura.<\/li>\n<li><strong>Como fazer amigos on-line:<\/strong> Descubra estrat\u00e9gias para criar conex\u00f5es significativas na Internet.<\/li>\n<li><strong>Os benef\u00edcios das comunidades on-line:<\/strong> Explore como as plataformas on-line, como o Chat Avenue, podem enriquecer sua vida social.<\/li>\n<\/ul>\n<h2>Siga o Chat Avenue nas m\u00eddias sociais<\/h2>\n<p>Mantenha-se atualizado com as \u00faltimas not\u00edcias e atualiza\u00e7\u00f5es seguindo o Chat Avenue nas m\u00eddias sociais:<\/p>\n<ul>\n<li><strong>Facebook<\/strong><\/li>\n<li><strong>Twitter<\/strong><\/li>\n<li><strong>Instagram<\/strong><\/li>\n<\/ul>\n<h2>Conclus\u00e3o<\/h2>\n<p>O Chat Avenue \u00e9 sua porta de entrada para um mundo de conversas e amizades. Seu design f\u00e1cil de usar, seu compromisso com a privacidade e sua comunidade diversificada fazem dele a plataforma ideal para qualquer pessoa que queira se conectar on-line. N\u00e3o importa se voc\u00ea est\u00e1 em busca de bate-papos casuais, discuss\u00f5es significativas ou simplesmente quer conhecer novas pessoas, o Chat Avenue tem algo a oferecer. Ent\u00e3o, por que esperar? Torne-se parte da comunidade do Chat Avenue hoje mesmo e comece a explorar as infinitas possibilidades! Com apenas alguns cliques, voc\u00ea pode mergulhar em discuss\u00f5es envolventes e conhecer pessoas fascinantes de todas as esferas da vida. O Chat Avenue lhe d\u00e1 as boas-vindas a um mundo onde a comunica\u00e7\u00e3o n\u00e3o conhece fronteiras.<\/p>\n<h2>Junte-se ao Chat Avenue hoje e expanda seu mundo<\/h2>\n<p>Com sua ampla variedade de salas de bate-papo e base global de usu\u00e1rios, o Chat Avenue oferece uma oportunidade inigual\u00e1vel de ampliar seus horizontes. Se voc\u00ea est\u00e1 procurando fazer novos amigos, compartilhar seus interesses ou simplesmente desfrutar de uma conversa casual, o Chat Avenue \u00e9 o lugar certo. Lembre-se de que a comunica\u00e7\u00e3o \u00e9 fundamental para criar conex\u00f5es, e o Chat Avenue torna mais f\u00e1cil do que nunca entrar em contato e se conectar com outras pessoas. Portanto, fa\u00e7a o login, escolha uma sala de bate-papo e comece sua jornada hoje mesmo!<\/p>","protected":false},"excerpt":{"rendered":"<p>Chat Avenue, also known as Chat Ave, is one of the oldest and most popular online chat platforms available today. Established in 2000, it has grown into a vibrant community where millions of people from around the globe come together to converse, make new friends, and share experiences. With over 7 million visitors each month, [&hellip;]<\/p>\n","protected":false},"author":6,"featured_media":0,"parent":0,"menu_order":0,"comment_status":"closed","ping_status":"closed","template":"","meta":{"footnotes":""},"class_list":["post-8386","page","type-page","status-publish","hentry"],"yoast_head":"<!-- This site is optimized with the Yoast SEO plugin v26.9 - https:\/\/yoast.com\/product\/yoast-seo-wordpress\/ -->\n<title>Chat Avenue - Free Video Chat Rooms - StrangerCam.com<\/title>\n<meta name=\"description\" content=\"Discover Chat Avenue, the ultimate online platform connecting you to free chat rooms and a global community. Join Chat Ave today!\" \/>\n<meta name=\"robots\" content=\"index, follow, max-snippet:-1, max-image-preview:large, max-video-preview:-1\" \/>\n<link rel=\"canonical\" href=\"https:\/\/strangercam.com\/pt-br\/chat-avenue\/\" \/>\n<meta property=\"og:locale\" content=\"pt_BR\" \/>\n<meta property=\"og:type\" content=\"article\" \/>\n<meta property=\"og:title\" content=\"Chat Avenue - Free Video Chat Rooms - StrangerCam.com\" \/>\n<meta property=\"og:description\" content=\"Discover Chat Avenue, the ultimate online platform connecting you to free chat rooms and a global community. Join Chat Ave today!\" \/>\n<meta property=\"og:url\" content=\"https:\/\/strangercam.com\/pt-br\/chat-avenue\/\" \/>\n<meta property=\"og:site_name\" content=\"Strangercam\" \/>\n<meta property=\"article:publisher\" content=\"https:\/\/www.facebook.com\/strangercam\" \/>\n<meta property=\"article:modified_time\" content=\"2024-09-19T09:37:00+00:00\" \/>\n<meta property=\"og:image\" content=\"https:\/\/strangercam.com\/wp-content\/uploads\/2021\/10\/Untitled-2.png\" \/>\n\t<meta property=\"og:image:width\" content=\"800\" \/>\n\t<meta property=\"og:image:height\" content=\"532\" \/>\n\t<meta property=\"og:image:type\" content=\"image\/png\" \/>\n<meta name=\"twitter:card\" content=\"summary_large_image\" \/>\n<meta name=\"twitter:site\" content=\"@strangercamapp\" \/>\n<meta name=\"twitter:label1\" content=\"Est. tempo de leitura\" \/>\n\t<meta name=\"twitter:data1\" content=\"7 minutos\" \/>\n<script type=\"application\/ld+json\" class=\"yoast-schema-graph\">{\"@context\":\"https:\/\/schema.org\",\"@graph\":[{\"@type\":\"WebPage\",\"@id\":\"https:\/\/strangercam.com\/chat-avenue\/\",\"url\":\"https:\/\/strangercam.com\/chat-avenue\/\",\"name\":\"Chat Avenue - Free Video Chat Rooms - StrangerCam.com\",\"isPartOf\":{\"@id\":\"https:\/\/strangercam.com\/#website\"},\"datePublished\":\"2024-09-19T09:35:24+00:00\",\"dateModified\":\"2024-09-19T09:37:00+00:00\",\"description\":\"Discover Chat Avenue, the ultimate online platform connecting you to free chat rooms and a global community. Join Chat Ave today!\",\"breadcrumb\":{\"@id\":\"https:\/\/strangercam.com\/chat-avenue\/#breadcrumb\"},\"inLanguage\":\"pt-BR\",\"potentialAction\":[{\"@type\":\"ReadAction\",\"target\":[\"https:\/\/strangercam.com\/chat-avenue\/\"]}]},{\"@type\":\"BreadcrumbList\",\"@id\":\"https:\/\/strangercam.com\/chat-avenue\/#breadcrumb\",\"itemListElement\":[{\"@type\":\"ListItem\",\"position\":1,\"name\":\"Home\",\"item\":\"https:\/\/strangercam.com\/\"},{\"@type\":\"ListItem\",\"position\":2,\"name\":\"Chat Avenue\"}]},{\"@type\":\"WebSite\",\"@id\":\"https:\/\/strangercam.com\/#website\",\"url\":\"https:\/\/strangercam.com\/\",\"name\":\"Strangercam\",\"description\":\"Random Video Chat with Strangers\",\"publisher\":{\"@id\":\"https:\/\/strangercam.com\/#organization\"},\"alternateName\":\"Strangercam.com\",\"potentialAction\":[{\"@type\":\"SearchAction\",\"target\":{\"@type\":\"EntryPoint\",\"urlTemplate\":\"https:\/\/strangercam.com\/?s={search_term_string}\"},\"query-input\":{\"@type\":\"PropertyValueSpecification\",\"valueRequired\":true,\"valueName\":\"search_term_string\"}}],\"inLanguage\":\"pt-BR\"},{\"@type\":\"Organization\",\"@id\":\"https:\/\/strangercam.com\/#organization\",\"name\":\"Strangercam\",\"alternateName\":\"Strangercam.com\",\"url\":\"https:\/\/strangercam.com\/\",\"logo\":{\"@type\":\"ImageObject\",\"inLanguage\":\"pt-BR\",\"@id\":\"https:\/\/strangercam.com\/#\/schema\/logo\/image\/\",\"url\":\"https:\/\/strangercam.com\/wp-content\/uploads\/2020\/11\/cropped-new-favicon-black.png\",\"contentUrl\":\"https:\/\/strangercam.com\/wp-content\/uploads\/2020\/11\/cropped-new-favicon-black.png\",\"width\":512,\"height\":512,\"caption\":\"Strangercam\"},\"image\":{\"@id\":\"https:\/\/strangercam.com\/#\/schema\/logo\/image\/\"},\"sameAs\":[\"https:\/\/www.facebook.com\/strangercam\",\"https:\/\/x.com\/strangercamapp\"]}]}<\/script>\n<!-- \/ Yoast SEO plugin. -->","yoast_head_json":{"title":"Chat Avenue - Salas de bate-papo por v\u00eddeo gratuitas - StrangerCam.com","description":"Descubra o Chat Avenue, a plataforma online definitiva que conecta voc\u00ea a salas de bate-papo gratuitas e a uma comunidade global. Participe do Chat Ave hoje mesmo!","robots":{"index":"index","follow":"follow","max-snippet":"max-snippet:-1","max-image-preview":"max-image-preview:large","max-video-preview":"max-video-preview:-1"},"canonical":"https:\/\/strangercam.com\/pt-br\/chat-avenue\/","og_locale":"pt_BR","og_type":"article","og_title":"Chat Avenue - Free Video Chat Rooms - StrangerCam.com","og_description":"Discover Chat Avenue, the ultimate online platform connecting you to free chat rooms and a global community. Join Chat Ave today!","og_url":"https:\/\/strangercam.com\/pt-br\/chat-avenue\/","og_site_name":"Strangercam","article_publisher":"https:\/\/www.facebook.com\/strangercam","article_modified_time":"2024-09-19T09:37:00+00:00","og_image":[{"width":800,"height":532,"url":"https:\/\/strangercam.com\/wp-content\/uploads\/2021\/10\/Untitled-2.png","type":"image\/png"}],"twitter_card":"summary_large_image","twitter_site":"@strangercamapp","twitter_misc":{"Est. tempo de leitura":"7 minutos"},"schema":{"@context":"https:\/\/schema.org","@graph":[{"@type":"WebPage","@id":"https:\/\/strangercam.com\/chat-avenue\/","url":"https:\/\/strangercam.com\/chat-avenue\/","name":"Chat Avenue - Salas de bate-papo por v\u00eddeo gratuitas - StrangerCam.com","isPartOf":{"@id":"https:\/\/strangercam.com\/#website"},"datePublished":"2024-09-19T09:35:24+00:00","dateModified":"2024-09-19T09:37:00+00:00","description":"Descubra o Chat Avenue, a plataforma online definitiva que conecta voc\u00ea a salas de bate-papo gratuitas e a uma comunidade global. Participe do Chat Ave hoje mesmo!","breadcrumb":{"@id":"https:\/\/strangercam.com\/chat-avenue\/#breadcrumb"},"inLanguage":"pt-BR","potentialAction":[{"@type":"ReadAction","target":["https:\/\/strangercam.com\/chat-avenue\/"]}]},{"@type":"BreadcrumbList","@id":"https:\/\/strangercam.com\/chat-avenue\/#breadcrumb","itemListElement":[{"@type":"ListItem","position":1,"name":"Home","item":"https:\/\/strangercam.com\/"},{"@type":"ListItem","position":2,"name":"Chat Avenue"}]},{"@type":"WebSite","@id":"https:\/\/strangercam.com\/#website","url":"https:\/\/strangercam.com\/","name":"Strangercam","description":"Bate-papo por v\u00eddeo aleat\u00f3rio com estranhos","publisher":{"@id":"https:\/\/strangercam.com\/#organization"},"alternateName":"Strangercam.com","potentialAction":[{"@type":"SearchAction","target":{"@type":"EntryPoint","urlTemplate":"https:\/\/strangercam.com\/?s={search_term_string}"},"query-input":{"@type":"PropertyValueSpecification","valueRequired":true,"valueName":"search_term_string"}}],"inLanguage":"pt-BR"},{"@type":"Organization","@id":"https:\/\/strangercam.com\/#organization","name":"Strangercam","alternateName":"Strangercam.com","url":"https:\/\/strangercam.com\/","logo":{"@type":"ImageObject","inLanguage":"pt-BR","@id":"https:\/\/strangercam.com\/#\/schema\/logo\/image\/","url":"https:\/\/strangercam.com\/wp-content\/uploads\/2020\/11\/cropped-new-favicon-black.png","contentUrl":"https:\/\/strangercam.com\/wp-content\/uploads\/2020\/11\/cropped-new-favicon-black.png","width":512,"height":512,"caption":"Strangercam"},"image":{"@id":"https:\/\/strangercam.com\/#\/schema\/logo\/image\/"},"sameAs":["https:\/\/www.facebook.com\/strangercam","https:\/\/x.com\/strangercamapp"]}]}},"_links":{"self":[{"href":"https:\/\/strangercam.com\/pt-br\/wp-json\/wp\/v2\/pages\/8386","targetHints":{"allow":["GET"]}}],"collection":[{"href":"https:\/\/strangercam.com\/pt-br\/wp-json\/wp\/v2\/pages"}],"about":[{"href":"https:\/\/strangercam.com\/pt-br\/wp-json\/wp\/v2\/types\/page"}],"author":[{"embeddable":true,"href":"https:\/\/strangercam.com\/pt-br\/wp-json\/wp\/v2\/users\/6"}],"replies":[{"embeddable":true,"href":"https:\/\/strangercam.com\/pt-br\/wp-json\/wp\/v2\/comments?post=8386"}],"version-history":[{"count":0,"href":"https:\/\/strangercam.com\/pt-br\/wp-json\/wp\/v2\/pages\/8386\/revisions"}],"wp:attachment":[{"href":"https:\/\/strangercam.com\/pt-br\/wp-json\/wp\/v2\/media?parent=8386"}],"curies":[{"name":"wp","href":"https:\/\/api.w.org\/{rel}","templated":true}]}}