{"id":8192,"date":"2021-09-23T12:59:14","date_gmt":"2021-09-23T10:59:14","guid":{"rendered":"https:\/\/strangercam.com\/?page_id=8192"},"modified":"2023-08-21T12:48:27","modified_gmt":"2023-08-21T10:48:27","slug":"voojio","status":"publish","type":"page","link":"https:\/\/strangercam.com\/pt-br\/voojio\/","title":{"rendered":"Voojio"},"content":{"rendered":"<p>Atualmente, pessoas de todas as idades e g\u00eaneros parecem estar interessadas em plataformas de namoro on-line. Esse talvez seja o melhor lugar para <a href=\"https:\/\/strangercam.com\/pt-br\/coomeet\/\">conhecer<\/a> estranhos e fazer amigos. \u00c9 poss\u00edvel que voc\u00ea encontre seu parceiro ou alma g\u00eamea por meio de <b>voojio<\/b>.<\/p>\n<h2>Benef\u00edcios do namoro on-line<\/h2>\n<p>Namoro on-line <a href=\"https:\/\/strangercam.com\/pt-br\/chatroom2000\/\">sala de bate-papo<\/a> tem seus pr\u00f3prios benef\u00edcios. O primeiro <a href=\"https:\/\/strangercam.com\/pt-br\/1v1-chat\/\">um<\/a> \u00e9 que voc\u00ea n\u00e3o precisa gastar tempo e dinheiro com jantares, almo\u00e7os ou caf\u00e9s pensativos. Al\u00e9m disso, n\u00e3o h\u00e1 necessidade de dar presentes caros. Em vez disso, voc\u00ea s\u00f3 precisa estar presente no <a href=\"https:\/\/strangercam.com\/pt-br\/chatroulette\/\">bate-papo<\/a> sala para desfrutar de algumas conversas interessantes. Como n\u00e3o h\u00e1 reuni\u00e3o presencial, voc\u00ea pode evitar o tempo que, de outra forma, seria gasto em se vestir para parecer bem. <b>Voojio<\/b> lhe d\u00e1 uma vantagem. Se voc\u00ea se deparar com algu\u00e9m chato, simplesmente pare de falar sem precisar dar nenhuma desculpa ou explica\u00e7\u00e3o. Al\u00e9m disso, n\u00e3o h\u00e1 espa\u00e7o para se sentir constrangido.<\/p>\n<h2>Supera\u00e7\u00e3o de problemas<\/h2>\n<p>Mas lembre-se de que a Internet tamb\u00e9m est\u00e1 repleta de golpes e fraudes, algo de que voc\u00ea precisa estar ciente. Online <a href=\"https:\/\/strangercam.com\/pt-br\/chatingly\/\">bate-papo<\/a> sites como <b>voojio<\/b> tomam grandes precau\u00e7\u00f5es para garantir a exclus\u00e3o de fraudadores e golpistas. No entanto, voc\u00ea precisa fazer a sua parte para se manter seguro e n\u00e3o ser enganado por pessoas inescrupulosas. N\u00e3o se torne uma presa f\u00e1cil.<\/p>\n<h2>Passos a seguir para fazer amigos em qualquer sala de bate-papo<\/h2>\n<p>Evite fornecer informa\u00e7\u00f5es particulares ou pessoais de qualquer forma em qualquer uma das salas de bate-papo. Evite revelar detalhes sobre voc\u00ea e tenha apenas conversas casuais. Evite falar sobre sua vida pessoal, local de trabalho ou qualquer coisa detalhada sobre voc\u00ea. Isso ajudar\u00e1 a evitar que fraudadores afetem sua vida ou aspectos financeiros.<\/p>\n<p>Caso tenha come\u00e7ado a namorar algu\u00e9m pelo chatroom, use uma sala privada. Voc\u00ea pode encontrar <b>voojio<\/b> para oferecer salas privadas, permitindo que voc\u00ea tenha um bate-papo privado com quem voc\u00ea conhece. Isso tamb\u00e9m permite que voc\u00ea mantenha suas conversas e informa\u00e7\u00f5es pessoais em segredo de outras pessoas. As salas de bate-papo privadas s\u00e3o, sem d\u00favida, um local seguro para conversas individuais. Dessa forma, milhares de pessoas na sala de bate-papo comum n\u00e3o obter\u00e3o seus detalhes pessoais que voc\u00ea gostaria de compartilhar somente com a pessoa especial.<\/p>\n<p>Seu perfil na sala de bate-papo deve ter fotos genu\u00ednas e n\u00e3o falsas. Algumas pessoas se sentem intimidadas por imagens falsas. Elas tendem a tomar precau\u00e7\u00f5es adicionais ao se aproximar de tais perfis ou simplesmente evit\u00e1-los.<\/p>\n<p>Seguindo as etapas acima em <b>voojio<\/b> permitir\u00e1 que voc\u00ea encontre uma pessoa genu\u00edna como amigo ou parceiro de vida.<\/p>","protected":false},"excerpt":{"rendered":"<p>These days, people of all ages and gender seem to be interested in online dating platforms. This is perhaps the best place to meet strangers and make friends. Chances are you may come across your partner or soul mate through voojio. Benefits of online dating Dating through the online chatroom does come with its own [&hellip;]<\/p>\n","protected":false},"author":6,"featured_media":559,"parent":0,"menu_order":0,"comment_status":"closed","ping_status":"closed","template":"","meta":{"footnotes":""},"class_list":["post-8192","page","type-page","status-publish","has-post-thumbnail","hentry"],"yoast_head":"<!-- This site is optimized with the Yoast SEO plugin v27.4 - https:\/\/yoast.com\/product\/yoast-seo-wordpress\/ -->\n<title>Voojio - Anonymous Chat For Two - Cam on StrangerCam.com<\/title>\n<meta name=\"description\" content=\"Like Voojio? Come chat with more than 5.000.000 strangers on Stranger Cam for Free! Turn on your cam and find new friends &amp; maby a match!\" \/>\n<meta name=\"robots\" content=\"index, follow, max-snippet:-1, max-image-preview:large, max-video-preview:-1\" \/>\n<link rel=\"canonical\" href=\"https:\/\/strangercam.com\/pt-br\/voojio\/\" \/>\n<meta property=\"og:locale\" content=\"pt_BR\" \/>\n<meta property=\"og:type\" content=\"article\" \/>\n<meta property=\"og:title\" content=\"Voojio - Anonymous Chat For Two - Cam on StrangerCam.com\" \/>\n<meta property=\"og:description\" content=\"Like Voojio? Come chat with more than 5.000.000 strangers on Stranger Cam for Free! Turn on your cam and find new friends &amp; maby a match!\" \/>\n<meta property=\"og:url\" content=\"https:\/\/strangercam.com\/pt-br\/voojio\/\" \/>\n<meta property=\"og:site_name\" content=\"Strangercam\" \/>\n<meta property=\"article:publisher\" content=\"https:\/\/www.facebook.com\/strangercam\" \/>\n<meta property=\"article:modified_time\" content=\"2023-08-21T10:48:27+00:00\" \/>\n<meta property=\"og:image\" content=\"https:\/\/strangercam.com\/wp-content\/uploads\/2020\/11\/stranger-cam-1.png\" \/>\n\t<meta property=\"og:image:width\" content=\"800\" \/>\n\t<meta property=\"og:image:height\" content=\"800\" \/>\n\t<meta property=\"og:image:type\" content=\"image\/png\" \/>\n<meta name=\"twitter:card\" content=\"summary_large_image\" \/>\n<meta name=\"twitter:site\" content=\"@strangercamapp\" \/>\n<meta name=\"twitter:label1\" content=\"Est. tempo de leitura\" \/>\n\t<meta name=\"twitter:data1\" content=\"2 minutos\" \/>\n<script type=\"application\/ld+json\" class=\"yoast-schema-graph\">{\"@context\":\"https:\\\/\\\/schema.org\",\"@graph\":[{\"@type\":\"WebPage\",\"@id\":\"https:\\\/\\\/strangercam.com\\\/voojio\\\/\",\"url\":\"https:\\\/\\\/strangercam.com\\\/voojio\\\/\",\"name\":\"Voojio - Anonymous Chat For Two - Cam on StrangerCam.com\",\"isPartOf\":{\"@id\":\"https:\\\/\\\/strangercam.com\\\/#website\"},\"primaryImageOfPage\":{\"@id\":\"https:\\\/\\\/strangercam.com\\\/voojio\\\/#primaryimage\"},\"image\":{\"@id\":\"https:\\\/\\\/strangercam.com\\\/voojio\\\/#primaryimage\"},\"thumbnailUrl\":\"https:\\\/\\\/strangercam.com\\\/wp-content\\\/uploads\\\/2020\\\/11\\\/stranger-cam-1.png\",\"datePublished\":\"2021-09-23T10:59:14+00:00\",\"dateModified\":\"2023-08-21T10:48:27+00:00\",\"description\":\"Like Voojio? Come chat with more than 5.000.000 strangers on Stranger Cam for Free! Turn on your cam and find new friends & maby a match!\",\"breadcrumb\":{\"@id\":\"https:\\\/\\\/strangercam.com\\\/voojio\\\/#breadcrumb\"},\"inLanguage\":\"pt-BR\",\"potentialAction\":[{\"@type\":\"ReadAction\",\"target\":[\"https:\\\/\\\/strangercam.com\\\/voojio\\\/\"]}]},{\"@type\":\"ImageObject\",\"inLanguage\":\"pt-BR\",\"@id\":\"https:\\\/\\\/strangercam.com\\\/voojio\\\/#primaryimage\",\"url\":\"https:\\\/\\\/strangercam.com\\\/wp-content\\\/uploads\\\/2020\\\/11\\\/stranger-cam-1.png\",\"contentUrl\":\"https:\\\/\\\/strangercam.com\\\/wp-content\\\/uploads\\\/2020\\\/11\\\/stranger-cam-1.png\",\"width\":800,\"height\":800,\"caption\":\"stranger cam random video chat\"},{\"@type\":\"BreadcrumbList\",\"@id\":\"https:\\\/\\\/strangercam.com\\\/voojio\\\/#breadcrumb\",\"itemListElement\":[{\"@type\":\"ListItem\",\"position\":1,\"name\":\"Home\",\"item\":\"https:\\\/\\\/strangercam.com\\\/\"},{\"@type\":\"ListItem\",\"position\":2,\"name\":\"Voojio\"}]},{\"@type\":\"WebSite\",\"@id\":\"https:\\\/\\\/strangercam.com\\\/#website\",\"url\":\"https:\\\/\\\/strangercam.com\\\/\",\"name\":\"Strangercam\",\"description\":\"Random Video Chat with Strangers\",\"publisher\":{\"@id\":\"https:\\\/\\\/strangercam.com\\\/#organization\"},\"alternateName\":\"Strangercam.com\",\"potentialAction\":[{\"@type\":\"SearchAction\",\"target\":{\"@type\":\"EntryPoint\",\"urlTemplate\":\"https:\\\/\\\/strangercam.com\\\/?s={search_term_string}\"},\"query-input\":{\"@type\":\"PropertyValueSpecification\",\"valueRequired\":true,\"valueName\":\"search_term_string\"}}],\"inLanguage\":\"pt-BR\"},{\"@type\":\"Organization\",\"@id\":\"https:\\\/\\\/strangercam.com\\\/#organization\",\"name\":\"Strangercam\",\"alternateName\":\"Strangercam.com\",\"url\":\"https:\\\/\\\/strangercam.com\\\/\",\"logo\":{\"@type\":\"ImageObject\",\"inLanguage\":\"pt-BR\",\"@id\":\"https:\\\/\\\/strangercam.com\\\/#\\\/schema\\\/logo\\\/image\\\/\",\"url\":\"https:\\\/\\\/strangercam.com\\\/wp-content\\\/uploads\\\/2020\\\/11\\\/cropped-new-favicon-black.png\",\"contentUrl\":\"https:\\\/\\\/strangercam.com\\\/wp-content\\\/uploads\\\/2020\\\/11\\\/cropped-new-favicon-black.png\",\"width\":512,\"height\":512,\"caption\":\"Strangercam\"},\"image\":{\"@id\":\"https:\\\/\\\/strangercam.com\\\/#\\\/schema\\\/logo\\\/image\\\/\"},\"sameAs\":[\"https:\\\/\\\/www.facebook.com\\\/strangercam\",\"https:\\\/\\\/x.com\\\/strangercamapp\"]}]}<\/script>\n<!-- \/ Yoast SEO plugin. -->","yoast_head_json":{"title":"Voojio - Bate-papo an\u00f4nimo para dois - C\u00e2mera em StrangerCam.com","description":"Gosta do Voojio? Venha bater papo com mais de 5.000.000 de desconhecidos no Stranger Cam de gra\u00e7a! Ligue sua c\u00e2mera e encontre novos amigos e talvez um par!","robots":{"index":"index","follow":"follow","max-snippet":"max-snippet:-1","max-image-preview":"max-image-preview:large","max-video-preview":"max-video-preview:-1"},"canonical":"https:\/\/strangercam.com\/pt-br\/voojio\/","og_locale":"pt_BR","og_type":"article","og_title":"Voojio - Anonymous Chat For Two - Cam on StrangerCam.com","og_description":"Like Voojio? Come chat with more than 5.000.000 strangers on Stranger Cam for Free! Turn on your cam and find new friends & maby a match!","og_url":"https:\/\/strangercam.com\/pt-br\/voojio\/","og_site_name":"Strangercam","article_publisher":"https:\/\/www.facebook.com\/strangercam","article_modified_time":"2023-08-21T10:48:27+00:00","og_image":[{"width":800,"height":800,"url":"https:\/\/strangercam.com\/wp-content\/uploads\/2020\/11\/stranger-cam-1.png","type":"image\/png"}],"twitter_card":"summary_large_image","twitter_site":"@strangercamapp","twitter_misc":{"Est. tempo de leitura":"2 minutos"},"schema":{"@context":"https:\/\/schema.org","@graph":[{"@type":"WebPage","@id":"https:\/\/strangercam.com\/voojio\/","url":"https:\/\/strangercam.com\/voojio\/","name":"Voojio - Bate-papo an\u00f4nimo para dois - C\u00e2mera em StrangerCam.com","isPartOf":{"@id":"https:\/\/strangercam.com\/#website"},"primaryImageOfPage":{"@id":"https:\/\/strangercam.com\/voojio\/#primaryimage"},"image":{"@id":"https:\/\/strangercam.com\/voojio\/#primaryimage"},"thumbnailUrl":"https:\/\/strangercam.com\/wp-content\/uploads\/2020\/11\/stranger-cam-1.png","datePublished":"2021-09-23T10:59:14+00:00","dateModified":"2023-08-21T10:48:27+00:00","description":"Gosta do Voojio? Venha bater papo com mais de 5.000.000 de desconhecidos no Stranger Cam de gra\u00e7a! Ligue sua c\u00e2mera e encontre novos amigos e talvez um par!","breadcrumb":{"@id":"https:\/\/strangercam.com\/voojio\/#breadcrumb"},"inLanguage":"pt-BR","potentialAction":[{"@type":"ReadAction","target":["https:\/\/strangercam.com\/voojio\/"]}]},{"@type":"ImageObject","inLanguage":"pt-BR","@id":"https:\/\/strangercam.com\/voojio\/#primaryimage","url":"https:\/\/strangercam.com\/wp-content\/uploads\/2020\/11\/stranger-cam-1.png","contentUrl":"https:\/\/strangercam.com\/wp-content\/uploads\/2020\/11\/stranger-cam-1.png","width":800,"height":800,"caption":"stranger cam random video chat"},{"@type":"BreadcrumbList","@id":"https:\/\/strangercam.com\/voojio\/#breadcrumb","itemListElement":[{"@type":"ListItem","position":1,"name":"Home","item":"https:\/\/strangercam.com\/"},{"@type":"ListItem","position":2,"name":"Voojio"}]},{"@type":"WebSite","@id":"https:\/\/strangercam.com\/#website","url":"https:\/\/strangercam.com\/","name":"Strangercam","description":"Bate-papo por v\u00eddeo aleat\u00f3rio com estranhos","publisher":{"@id":"https:\/\/strangercam.com\/#organization"},"alternateName":"Strangercam.com","potentialAction":[{"@type":"SearchAction","target":{"@type":"EntryPoint","urlTemplate":"https:\/\/strangercam.com\/?s={search_term_string}"},"query-input":{"@type":"PropertyValueSpecification","valueRequired":true,"valueName":"search_term_string"}}],"inLanguage":"pt-BR"},{"@type":"Organization","@id":"https:\/\/strangercam.com\/#organization","name":"Strangercam","alternateName":"Strangercam.com","url":"https:\/\/strangercam.com\/","logo":{"@type":"ImageObject","inLanguage":"pt-BR","@id":"https:\/\/strangercam.com\/#\/schema\/logo\/image\/","url":"https:\/\/strangercam.com\/wp-content\/uploads\/2020\/11\/cropped-new-favicon-black.png","contentUrl":"https:\/\/strangercam.com\/wp-content\/uploads\/2020\/11\/cropped-new-favicon-black.png","width":512,"height":512,"caption":"Strangercam"},"image":{"@id":"https:\/\/strangercam.com\/#\/schema\/logo\/image\/"},"sameAs":["https:\/\/www.facebook.com\/strangercam","https:\/\/x.com\/strangercamapp"]}]}},"_links":{"self":[{"href":"https:\/\/strangercam.com\/pt-br\/wp-json\/wp\/v2\/pages\/8192","targetHints":{"allow":["GET"]}}],"collection":[{"href":"https:\/\/strangercam.com\/pt-br\/wp-json\/wp\/v2\/pages"}],"about":[{"href":"https:\/\/strangercam.com\/pt-br\/wp-json\/wp\/v2\/types\/page"}],"author":[{"embeddable":true,"href":"https:\/\/strangercam.com\/pt-br\/wp-json\/wp\/v2\/users\/6"}],"replies":[{"embeddable":true,"href":"https:\/\/strangercam.com\/pt-br\/wp-json\/wp\/v2\/comments?post=8192"}],"version-history":[{"count":0,"href":"https:\/\/strangercam.com\/pt-br\/wp-json\/wp\/v2\/pages\/8192\/revisions"}],"wp:featuredmedia":[{"embeddable":true,"href":"https:\/\/strangercam.com\/pt-br\/wp-json\/wp\/v2\/media\/559"}],"wp:attachment":[{"href":"https:\/\/strangercam.com\/pt-br\/wp-json\/wp\/v2\/media?parent=8192"}],"curies":[{"name":"wp","href":"https:\/\/api.w.org\/{rel}","templated":true}]}}