{"id":80,"date":"2020-04-09T18:35:29","date_gmt":"2020-04-09T16:35:29","guid":{"rendered":"https:\/\/strangercam.com\/?page_id=80"},"modified":"2023-08-21T11:40:39","modified_gmt":"2023-08-21T09:40:39","slug":"chat-alternative","status":"publish","type":"page","link":"https:\/\/strangercam.com\/pt-br\/chat-alternative\/","title":{"rendered":"Chat Alternative"},"content":{"rendered":"<p><a href=\"https:\/\/strangercam.com\/pt-br\/chatroulette\/\">Bate-papo<\/a> O aplicativo m\u00f3vel alternativo \u00e9 ideal para aqueles que desejam <a href=\"https:\/\/strangercam.com\/pt-br\/coomeet\/\">conhecer<\/a> estranhos aleat\u00f3rios em v\u00e1rias partes do mundo com facilidade. Ele permite que os usu\u00e1rios tenham um <a href=\"https:\/\/strangercam.com\/pt-br\/rabbit-video-chat\/\">bate-papo por v\u00eddeo<\/a> com outras pessoas em suas casas. Al\u00e9m disso, o aplicativo encontra milhares de novas pessoas diariamente para garantir a melhor experi\u00eancia. Outro aspecto \u00e9 que o aplicativo mostra maneiras de ter conversas cara a cara com outras pessoas que moram a quil\u00f4metros de dist\u00e2ncia de um lugar.<\/p>\n<p>Al\u00e9m disso, o aplicativo fornece m\u00e9todos para restringir os resultados quando algu\u00e9m deseja conversar com estranhos selecionados<a href=\"https:\/\/cashpotresulttoday.com\/\">.<\/a> Voc\u00ea pode selecionar o g\u00eanero de sua prefer\u00eancia e o local. H\u00e1 muitas vantagens em escolher o g\u00eanero e o local. \u00c0s vezes, voc\u00ea pode querer conversar com estranhos de um determinado pa\u00eds e origem. A escolha do pa\u00eds de sua prefer\u00eancia permite que voc\u00ea converse com as pessoas que deseja.<\/p>\n<h2>Raz\u00f5es para usar o aplicativo Chat Alternative<\/h2>\n<h3>1. Permite que os usu\u00e1rios conversem com outras pessoas de forma an\u00f4nima<\/h3>\n<p>A principal vantagem do aplicativo Chat Alternative \u00e9 que ele permite que os usu\u00e1rios conversem com outras pessoas anonimamente sem criar uma conta<a href=\"https:\/\/nlcbplaywheresults.com\/\">.<\/a> Na verdade, o aplicativo oferece maneiras de simplesmente pressionar o bot\u00e3o, permitindo que a pessoa comece a navegar pelos usu\u00e1rios on-line com facilidade. Quando voc\u00ea tem certeza de que a outra pessoa nunca descobrir\u00e1 quem voc\u00ea \u00e9, esse \u00e9 o momento em que voc\u00ea come\u00e7a a aproveitar o bate-papo por v\u00eddeo on-line.<\/p>\n<h3>2. O Chat Alternative tem as c\u00e2meras de carregamento mais r\u00e1pido com a melhor qualidade<\/h3>\n<p>O aplicativo Chat Alternative vem com o carregamento mais r\u00e1pido <a href=\"https:\/\/strangercam.com\/pt-br\/camzey\/\">c\u00e2meras<\/a> que permitem que os usu\u00e1rios conhe\u00e7am mais pessoas em um tempo de resposta r\u00e1pido. De fato, ele oferece oportunidades de conhecer muitas pessoas desconhecidas que podem ajudar a atingir seus objetivos.<\/p>\n<p>As pessoas dizem que a qualidade n\u00e3o importa, mas isso n\u00e3o \u00e9 verdade. \u00c9 necess\u00e1rio um v\u00eddeo de boa qualidade para que a comunica\u00e7\u00e3o seja eficaz. N\u00e3o \u00e9 poss\u00edvel se comunicar melhor com a pessoa sentada do outro lado sem uma qualidade de v\u00eddeo adequada.<\/p>\n<h4>Selecione o pa\u00eds de sua prefer\u00eancia<\/h4>\n<p>Escolher o pa\u00eds de sua prefer\u00eancia \u00e9 a maior flexibilidade desse aplicativo de bate-papo. Antes de iniciar um bate-papo por v\u00eddeo, voc\u00ea pode selecionar o pa\u00eds de sua prefer\u00eancia. Quando voc\u00ea seleciona o pa\u00eds, o sistema inteligente do aplicativo o direciona para o tr\u00e1fego desse pa\u00eds. Sua tela come\u00e7a a mostrar as pessoas do pa\u00eds de destino. Voc\u00ea pode conversar com os estranhos desse pa\u00eds.<\/p>\n<p>Em seguida, voc\u00ea pode selecionar as pessoas de que mais gosta. Converse com elas do jeito que voc\u00ea quiser. Fornecemos recursos para impulsionar sua conversa. Se achar interessante, voc\u00ea pode continuar a conversa; caso contr\u00e1rio, pule para a pr\u00f3xima!<\/p>\n<h4>Informe se tiver algum problema<\/h4>\n<p>A principal preocupa\u00e7\u00e3o das pessoas que usam plataformas de bate-papo on-line \u00e9 a privacidade e os problemas caso algu\u00e9m fa\u00e7a algo inadequado. Em primeiro lugar, essas s\u00e3o concep\u00e7\u00f5es err\u00f4neas sobre as plataformas de bate-papo on-line. Se algo assim acontecer na vida real durante o uso do aplicativo m\u00f3vel Chat Alternative on-line, voc\u00ea poder\u00e1 denunciar o fato diretamente \u00e0s autoridades.<\/p>\n<p>\u00c9 uma maneira eficaz de conter as pessoas dentro dos limites, pois, uma vez denunciado, voc\u00ea n\u00e3o poder\u00e1 usar a plataforma nunca mais. Voc\u00ea ser\u00e1 bloqueado para sempre.<\/p>\n<h3>3. O Chat Alternative \u00e9 totalmente gratuito<\/h3>\n<p>O aplicativo \u00e9 totalmente gratuito para os usu\u00e1rios, o que lhes permite levar sua vida social. Al\u00e9m disso, ele contribui ainda mais para o bate-papo com outras pessoas sobre v\u00e1rios t\u00f3picos com base em seus interesses. O servi\u00e7o gratuito de bate-papo por v\u00eddeo permite que os usu\u00e1rios conversem por um longo tempo sem restri\u00e7\u00f5es.<\/p>\n<p>N\u00e3o h\u00e1 contratos complicados e compras no aplicativo. O uso \u00e9 gratuito para todos e em qualquer lugar!<\/p>\n<h3>4. O Chat Alternative \u00e9 divertido<\/h3>\n<p>H\u00e1 cada vez mais casos de depress\u00e3o ap\u00f3s a pandemia de covid-19 e o lockdown. Todos precisam de uma fuga. \u00c9 essencial reavivar a energia perdida e encontrar um novo rumo para a vida. Sinta-se \u00e0 vontade para conversar com estranhos sem preocupa\u00e7\u00f5es.<\/p>\n<p>O aplicativo alternativo de bate-papo oferece uma oportunidade fant\u00e1stica de relaxar a mente. Voc\u00ea pode conversar com estranhos para se livrar de seus problemas. Converse com estranhos e compartilhe sua experi\u00eancia com eles. Voc\u00ea tamb\u00e9m pode ouvir as experi\u00eancias deles e aprender com elas. Se n\u00e3o for poss\u00edvel, converse sobre a \u00faltima temporada da Netflix.<\/p>\n<h3>5. Oferece mais seguran\u00e7a<\/h3>\n<p>O aplicativo ChatAlternative \u00e9 o \u00fanico aplicativo que oferece recursos de seguran\u00e7a para os usu\u00e1rios quando eles querem interagir com outras pessoas. \u00c9 o aplicativo mais popular com classifica\u00e7\u00e3o G\u00a0<a href=\"https:\/\/strangercam.com\/pt-br\/bazoocam\/\">c\u00e2mera<\/a> O aplicativo permite que as pessoas entrem em uma sala de bate-papo com mais prote\u00e7\u00e3o. Al\u00e9m disso, o aplicativo permite que as pessoas entrem em uma sala de bate-papo com mais prote\u00e7\u00e3o. Muitos adolescentes tamb\u00e9m gostam de usar o servi\u00e7o, o que lhes permite garantir uma melhor experi\u00eancia de bate-papo.<\/p>\n<h2>Como fazer o download do aplicativo?<\/h2>\n<p>Os usu\u00e1rios podem baixar o aplicativo Chat Alternative diretamente da loja Google Play e instal\u00e1-lo em seus smartphones ou outros dispositivos em etapas simples. O aplicativo permite que os usu\u00e1rios simplesmente toquem no bot\u00e3o Iniciar e selecionem poss\u00edveis estranhos com base nas escolhas. Al\u00e9m disso, o aplicativo funciona remotamente para fazer amigos de acordo com as necessidades. \u00c9 poss\u00edvel se comunicar com outras pessoas mais rapidamente depois de instalar o aplicativo. Aqueles que desejam instalar o aplicativo devem saber mais sobre os requisitos em detalhes.<\/p>\n<h2>Conclus\u00e3o<\/h2>\n<p>O aplicativo m\u00f3vel Chat Alternative \u00e9 uma boa op\u00e7\u00e3o para conversar com estranhos. Ele \u00e9 totalmente gratuito para todos. Tudo o que voc\u00ea precisa \u00e9 de uma conex\u00e3o ativa com a Internet. Selecione o idioma, a regi\u00e3o, o g\u00eanero de seu interesse e pronto! Uma pol\u00edtica de privacidade firme e uma interface f\u00e1cil de usar tornam esse aplicativo excelente!<\/p>","protected":false},"excerpt":{"rendered":"<p>Chat Alternative mobile app is ideal for those who want to meet random strangers in various parts of the world with ease. It allows users to have a video chat with others from their homes. Moreover, the app finds thousands of new people daily to ensure the best experience. Another thing is that the app [&hellip;]<\/p>\n","protected":false},"author":6,"featured_media":559,"parent":0,"menu_order":0,"comment_status":"closed","ping_status":"closed","template":"","meta":{"footnotes":""},"class_list":["post-80","page","type-page","status-publish","has-post-thumbnail","hentry"],"yoast_head":"<!-- This site is optimized with the Yoast SEO plugin v26.9 - https:\/\/yoast.com\/product\/yoast-seo-wordpress\/ -->\n<title>Chat Alternative - Cam with Strangers on StrangerCam.com<\/title>\n<meta name=\"description\" content=\"Like Chat Alternative? Come chat with more than 5.000.000 strangers on Stranger Cam for Free! Turn on your cam and find new friends!\" \/>\n<meta name=\"robots\" content=\"index, follow, max-snippet:-1, max-image-preview:large, max-video-preview:-1\" \/>\n<link rel=\"canonical\" href=\"https:\/\/strangercam.com\/pt-br\/chat-alternative\/\" \/>\n<meta property=\"og:locale\" content=\"pt_BR\" \/>\n<meta property=\"og:type\" content=\"article\" \/>\n<meta property=\"og:title\" content=\"Chat Alternative - Cam with Strangers on StrangerCam.com\" \/>\n<meta property=\"og:description\" content=\"Like Chat Alternative? Come chat with more than 5.000.000 strangers on Stranger Cam for Free! Turn on your cam and find new friends!\" \/>\n<meta property=\"og:url\" content=\"https:\/\/strangercam.com\/pt-br\/chat-alternative\/\" \/>\n<meta property=\"og:site_name\" content=\"Strangercam\" \/>\n<meta property=\"article:publisher\" content=\"https:\/\/www.facebook.com\/strangercam\" \/>\n<meta property=\"article:modified_time\" content=\"2023-08-21T09:40:39+00:00\" \/>\n<meta property=\"og:image\" content=\"https:\/\/strangercam.com\/wp-content\/uploads\/2020\/11\/stranger-cam-1.png\" \/>\n\t<meta property=\"og:image:width\" content=\"800\" \/>\n\t<meta property=\"og:image:height\" content=\"800\" \/>\n\t<meta property=\"og:image:type\" content=\"image\/png\" \/>\n<meta name=\"twitter:card\" content=\"summary_large_image\" \/>\n<meta name=\"twitter:site\" content=\"@strangercamapp\" \/>\n<meta name=\"twitter:label1\" content=\"Est. tempo de leitura\" \/>\n\t<meta name=\"twitter:data1\" content=\"4 minutos\" \/>\n<script type=\"application\/ld+json\" class=\"yoast-schema-graph\">{\"@context\":\"https:\/\/schema.org\",\"@graph\":[{\"@type\":\"WebPage\",\"@id\":\"https:\/\/strangercam.com\/chat-alternative\/\",\"url\":\"https:\/\/strangercam.com\/chat-alternative\/\",\"name\":\"Chat Alternative - Cam with Strangers on StrangerCam.com\",\"isPartOf\":{\"@id\":\"https:\/\/strangercam.com\/#website\"},\"primaryImageOfPage\":{\"@id\":\"https:\/\/strangercam.com\/chat-alternative\/#primaryimage\"},\"image\":{\"@id\":\"https:\/\/strangercam.com\/chat-alternative\/#primaryimage\"},\"thumbnailUrl\":\"https:\/\/strangercam.com\/wp-content\/uploads\/2020\/11\/stranger-cam-1.png\",\"datePublished\":\"2020-04-09T16:35:29+00:00\",\"dateModified\":\"2023-08-21T09:40:39+00:00\",\"description\":\"Like Chat Alternative? Come chat with more than 5.000.000 strangers on Stranger Cam for Free! Turn on your cam and find new friends!\",\"breadcrumb\":{\"@id\":\"https:\/\/strangercam.com\/chat-alternative\/#breadcrumb\"},\"inLanguage\":\"pt-BR\",\"potentialAction\":[{\"@type\":\"ReadAction\",\"target\":[\"https:\/\/strangercam.com\/chat-alternative\/\"]}]},{\"@type\":\"ImageObject\",\"inLanguage\":\"pt-BR\",\"@id\":\"https:\/\/strangercam.com\/chat-alternative\/#primaryimage\",\"url\":\"https:\/\/strangercam.com\/wp-content\/uploads\/2020\/11\/stranger-cam-1.png\",\"contentUrl\":\"https:\/\/strangercam.com\/wp-content\/uploads\/2020\/11\/stranger-cam-1.png\",\"width\":800,\"height\":800,\"caption\":\"stranger cam random video chat\"},{\"@type\":\"BreadcrumbList\",\"@id\":\"https:\/\/strangercam.com\/chat-alternative\/#breadcrumb\",\"itemListElement\":[{\"@type\":\"ListItem\",\"position\":1,\"name\":\"Home\",\"item\":\"https:\/\/strangercam.com\/\"},{\"@type\":\"ListItem\",\"position\":2,\"name\":\"Chat Alternative\"}]},{\"@type\":\"WebSite\",\"@id\":\"https:\/\/strangercam.com\/#website\",\"url\":\"https:\/\/strangercam.com\/\",\"name\":\"Strangercam\",\"description\":\"Random Video Chat with Strangers\",\"publisher\":{\"@id\":\"https:\/\/strangercam.com\/#organization\"},\"alternateName\":\"Strangercam.com\",\"potentialAction\":[{\"@type\":\"SearchAction\",\"target\":{\"@type\":\"EntryPoint\",\"urlTemplate\":\"https:\/\/strangercam.com\/?s={search_term_string}\"},\"query-input\":{\"@type\":\"PropertyValueSpecification\",\"valueRequired\":true,\"valueName\":\"search_term_string\"}}],\"inLanguage\":\"pt-BR\"},{\"@type\":\"Organization\",\"@id\":\"https:\/\/strangercam.com\/#organization\",\"name\":\"Strangercam\",\"alternateName\":\"Strangercam.com\",\"url\":\"https:\/\/strangercam.com\/\",\"logo\":{\"@type\":\"ImageObject\",\"inLanguage\":\"pt-BR\",\"@id\":\"https:\/\/strangercam.com\/#\/schema\/logo\/image\/\",\"url\":\"https:\/\/strangercam.com\/wp-content\/uploads\/2020\/11\/cropped-new-favicon-black.png\",\"contentUrl\":\"https:\/\/strangercam.com\/wp-content\/uploads\/2020\/11\/cropped-new-favicon-black.png\",\"width\":512,\"height\":512,\"caption\":\"Strangercam\"},\"image\":{\"@id\":\"https:\/\/strangercam.com\/#\/schema\/logo\/image\/\"},\"sameAs\":[\"https:\/\/www.facebook.com\/strangercam\",\"https:\/\/x.com\/strangercamapp\"]}]}<\/script>\n<!-- \/ Yoast SEO plugin. -->","yoast_head_json":{"title":"Chat Alternative - C\u00e2mera com estranhos no StrangerCam.com","description":"Gosta do Chat Alternative? Venha bater papo com mais de 5.000.000 de desconhecidos no Stranger Cam de gra\u00e7a! Ligue sua c\u00e2mera e encontre novos amigos!","robots":{"index":"index","follow":"follow","max-snippet":"max-snippet:-1","max-image-preview":"max-image-preview:large","max-video-preview":"max-video-preview:-1"},"canonical":"https:\/\/strangercam.com\/pt-br\/chat-alternative\/","og_locale":"pt_BR","og_type":"article","og_title":"Chat Alternative - Cam with Strangers on StrangerCam.com","og_description":"Like Chat Alternative? Come chat with more than 5.000.000 strangers on Stranger Cam for Free! Turn on your cam and find new friends!","og_url":"https:\/\/strangercam.com\/pt-br\/chat-alternative\/","og_site_name":"Strangercam","article_publisher":"https:\/\/www.facebook.com\/strangercam","article_modified_time":"2023-08-21T09:40:39+00:00","og_image":[{"width":800,"height":800,"url":"https:\/\/strangercam.com\/wp-content\/uploads\/2020\/11\/stranger-cam-1.png","type":"image\/png"}],"twitter_card":"summary_large_image","twitter_site":"@strangercamapp","twitter_misc":{"Est. tempo de leitura":"4 minutos"},"schema":{"@context":"https:\/\/schema.org","@graph":[{"@type":"WebPage","@id":"https:\/\/strangercam.com\/chat-alternative\/","url":"https:\/\/strangercam.com\/chat-alternative\/","name":"Chat Alternative - C\u00e2mera com estranhos no StrangerCam.com","isPartOf":{"@id":"https:\/\/strangercam.com\/#website"},"primaryImageOfPage":{"@id":"https:\/\/strangercam.com\/chat-alternative\/#primaryimage"},"image":{"@id":"https:\/\/strangercam.com\/chat-alternative\/#primaryimage"},"thumbnailUrl":"https:\/\/strangercam.com\/wp-content\/uploads\/2020\/11\/stranger-cam-1.png","datePublished":"2020-04-09T16:35:29+00:00","dateModified":"2023-08-21T09:40:39+00:00","description":"Gosta do Chat Alternative? Venha bater papo com mais de 5.000.000 de desconhecidos no Stranger Cam de gra\u00e7a! Ligue sua c\u00e2mera e encontre novos amigos!","breadcrumb":{"@id":"https:\/\/strangercam.com\/chat-alternative\/#breadcrumb"},"inLanguage":"pt-BR","potentialAction":[{"@type":"ReadAction","target":["https:\/\/strangercam.com\/chat-alternative\/"]}]},{"@type":"ImageObject","inLanguage":"pt-BR","@id":"https:\/\/strangercam.com\/chat-alternative\/#primaryimage","url":"https:\/\/strangercam.com\/wp-content\/uploads\/2020\/11\/stranger-cam-1.png","contentUrl":"https:\/\/strangercam.com\/wp-content\/uploads\/2020\/11\/stranger-cam-1.png","width":800,"height":800,"caption":"stranger cam random video chat"},{"@type":"BreadcrumbList","@id":"https:\/\/strangercam.com\/chat-alternative\/#breadcrumb","itemListElement":[{"@type":"ListItem","position":1,"name":"Home","item":"https:\/\/strangercam.com\/"},{"@type":"ListItem","position":2,"name":"Chat Alternative"}]},{"@type":"WebSite","@id":"https:\/\/strangercam.com\/#website","url":"https:\/\/strangercam.com\/","name":"Strangercam","description":"Bate-papo por v\u00eddeo aleat\u00f3rio com estranhos","publisher":{"@id":"https:\/\/strangercam.com\/#organization"},"alternateName":"Strangercam.com","potentialAction":[{"@type":"SearchAction","target":{"@type":"EntryPoint","urlTemplate":"https:\/\/strangercam.com\/?s={search_term_string}"},"query-input":{"@type":"PropertyValueSpecification","valueRequired":true,"valueName":"search_term_string"}}],"inLanguage":"pt-BR"},{"@type":"Organization","@id":"https:\/\/strangercam.com\/#organization","name":"Strangercam","alternateName":"Strangercam.com","url":"https:\/\/strangercam.com\/","logo":{"@type":"ImageObject","inLanguage":"pt-BR","@id":"https:\/\/strangercam.com\/#\/schema\/logo\/image\/","url":"https:\/\/strangercam.com\/wp-content\/uploads\/2020\/11\/cropped-new-favicon-black.png","contentUrl":"https:\/\/strangercam.com\/wp-content\/uploads\/2020\/11\/cropped-new-favicon-black.png","width":512,"height":512,"caption":"Strangercam"},"image":{"@id":"https:\/\/strangercam.com\/#\/schema\/logo\/image\/"},"sameAs":["https:\/\/www.facebook.com\/strangercam","https:\/\/x.com\/strangercamapp"]}]}},"_links":{"self":[{"href":"https:\/\/strangercam.com\/pt-br\/wp-json\/wp\/v2\/pages\/80","targetHints":{"allow":["GET"]}}],"collection":[{"href":"https:\/\/strangercam.com\/pt-br\/wp-json\/wp\/v2\/pages"}],"about":[{"href":"https:\/\/strangercam.com\/pt-br\/wp-json\/wp\/v2\/types\/page"}],"author":[{"embeddable":true,"href":"https:\/\/strangercam.com\/pt-br\/wp-json\/wp\/v2\/users\/6"}],"replies":[{"embeddable":true,"href":"https:\/\/strangercam.com\/pt-br\/wp-json\/wp\/v2\/comments?post=80"}],"version-history":[{"count":0,"href":"https:\/\/strangercam.com\/pt-br\/wp-json\/wp\/v2\/pages\/80\/revisions"}],"wp:featuredmedia":[{"embeddable":true,"href":"https:\/\/strangercam.com\/pt-br\/wp-json\/wp\/v2\/media\/559"}],"wp:attachment":[{"href":"https:\/\/strangercam.com\/pt-br\/wp-json\/wp\/v2\/media?parent=80"}],"curies":[{"name":"wp","href":"https:\/\/api.w.org\/{rel}","templated":true}]}}