{"id":5249,"date":"2021-06-20T14:45:11","date_gmt":"2021-06-20T12:45:11","guid":{"rendered":"https:\/\/strangercam.com\/?page_id=5249"},"modified":"2023-08-21T12:24:41","modified_gmt":"2023-08-21T10:24:41","slug":"chatogo","status":"publish","type":"page","link":"https:\/\/strangercam.com\/pt-br\/chatogo\/","title":{"rendered":"Chatogo"},"content":{"rendered":"<p>Embora <b>chatogo<\/b> \u00e9 um site baseado em texto, mas oferece algo interessante e exclusivo. Ele permite que voc\u00ea se conecte com outras pessoas que pensam da mesma forma em todo o mundo. Esse site consegue misturar a velha escola <a href=\"https:\/\/strangercam.com\/pt-br\/chatroulette\/\">bate-papo<\/a> A simplicidade do site com a dos aplicativos de m\u00eddia social mais recentes. \u00c9 uma plataforma maravilhosa <a href=\"https:\/\/strangercam.com\/pt-br\/only2chat\/\">para conversar<\/a> com completos estranhos, bem como para se conectar com seu p\u00fablico. Se voc\u00ea for um empres\u00e1rio, poder\u00e1 aumentar facilmente o tr\u00e1fego do seu site profissional\/pessoal. Esse site de bate-papo promete muito aos seus usu\u00e1rios e est\u00e1 repleto de benef\u00edcios potenciais. Ele tem milh\u00f5es de usu\u00e1rios ativos de todo o mundo.<\/p>\n<h2>Como se inscrever no chatogo<\/h2>\n<p>O registro nesse site \u00e9 um procedimento f\u00e1cil e r\u00e1pido, que leva apenas meio minuto para ser conclu\u00eddo. N\u00e3o \u00e9 necess\u00e1ria a verifica\u00e7\u00e3o de e-mail ou o registro no Facebook. Al\u00e9m disso, a inscri\u00e7\u00e3o n\u00e3o envolve nenhuma cobran\u00e7a. Sua simplicidade de registro \u00e9 o que o torna o l\u00edder do grupo. Voc\u00ea se torna um membro registrado muito rapidamente. Voc\u00ea pode fazer o download em seu computador ou telefone celular com facilidade.<\/p>\n<h3>Como usar o chatogo<\/h3>\n<p>Com esse site, voc\u00ea pode personalizar facilmente as salas de bate-papo e conversar com muitos estranhos de todo o mundo. Sua compatibilidade e portabilidade com outros sites, inclusive plataformas de m\u00eddia social, \u00e9 o que torna esse <a href=\"https:\/\/strangercam.com\/pt-br\/1v1-chat\/\">um<\/a> exclusivo. Voc\u00ea tamb\u00e9m pode personalizar a apar\u00eancia, a fonte, o tamanho e o esquema de cores para atender \u00e0s suas necessidades e humores espec\u00edficos. Voc\u00ea tamb\u00e9m pode estabelecer um limite de mensagens por pessoa para garantir um fluxo de bate-papo leg\u00edvel. Voc\u00ea s\u00f3 precisa incorporar a sala de bate-papo ao site desejado. Copie o c\u00f3digo HTML do grupo e cole-o em seu site.<\/p>\n<h3>Quais s\u00e3o os pr\u00f3s e os contras do chatogo?<\/h3>\n<p>Voc\u00ea pode incorporar facilmente salas de bate-papo p\u00fablicas ou privadas em seu site comercial ou pessoal. Esse site de bate-papo \u00e9 compat\u00edvel com diferentes plataformas de m\u00eddia social e tamb\u00e9m \u00e9 port\u00e1til. Voc\u00ea est\u00e1 <a href=\"https:\/\/strangercam.com\/pt-br\/chat4free\/\">gratuito<\/a> para criar salas de bate-papo para grupos e personaliz\u00e1-las conforme desejado. Voc\u00ea tem a facilidade de bloquear palavras espec\u00edficas e membros indesejados. \u00c9 fornecido um recurso para download, como o MessageCatcher para o sistema operacional Windows, para receber mensagens vitais quando estiver on-line. A f\u00e1cil acessibilidade \u00e9 outro recurso interessante oferecido por esse site. O registro, a atualiza\u00e7\u00e3o da biografia, o upload da foto do perfil e a troca de mensagens s\u00e3o totalmente gratuitos. Mas a desvantagem \u00e9 que ele \u00e9 usado principalmente para promover neg\u00f3cios e n\u00e3o \u00e9 muito rom\u00e2ntico <a href=\"https:\/\/strangercam.com\/pt-br\/chatingly\/\">bate-papos<\/a>. O design do aplicativo, especialmente o site, pode ser uma preocupa\u00e7\u00e3o para alguns.<\/p>","protected":false},"excerpt":{"rendered":"<p>Although chatogo is a text-based site, it offers something interesting and unique. It allows you to connect with other likeminded people from across the globe. This site manages to blend old school chat website simplicity with that of the latest social media apps. It is a wonderful platform to chat with complete strangers as well [&hellip;]<\/p>\n","protected":false},"author":6,"featured_media":559,"parent":0,"menu_order":0,"comment_status":"closed","ping_status":"closed","template":"","meta":{"footnotes":""},"class_list":["post-5249","page","type-page","status-publish","has-post-thumbnail","hentry"],"yoast_head":"<!-- This site is optimized with the Yoast SEO plugin v26.9 - https:\/\/yoast.com\/product\/yoast-seo-wordpress\/ -->\n<title>Chatogo - Free Random Chat Rooms - Cam on StrangerCam.com<\/title>\n<meta name=\"description\" content=\"Like Chatogo? Come chat with more than 5.000.000 strangers on Stranger Cam for Free! Turn on your cam and find new friends &amp; maby a match!\" \/>\n<meta name=\"robots\" content=\"index, follow, max-snippet:-1, max-image-preview:large, max-video-preview:-1\" \/>\n<link rel=\"canonical\" href=\"https:\/\/strangercam.com\/pt-br\/chatogo\/\" \/>\n<meta property=\"og:locale\" content=\"pt_BR\" \/>\n<meta property=\"og:type\" content=\"article\" \/>\n<meta property=\"og:title\" content=\"Chatogo - Free Random Chat Rooms - Cam on StrangerCam.com\" \/>\n<meta property=\"og:description\" content=\"Like Chatogo? Come chat with more than 5.000.000 strangers on Stranger Cam for Free! Turn on your cam and find new friends &amp; maby a match!\" \/>\n<meta property=\"og:url\" content=\"https:\/\/strangercam.com\/pt-br\/chatogo\/\" \/>\n<meta property=\"og:site_name\" content=\"Strangercam\" \/>\n<meta property=\"article:publisher\" content=\"https:\/\/www.facebook.com\/strangercam\" \/>\n<meta property=\"article:modified_time\" content=\"2023-08-21T10:24:41+00:00\" \/>\n<meta property=\"og:image\" content=\"https:\/\/strangercam.com\/wp-content\/uploads\/2020\/11\/stranger-cam-1.png\" \/>\n\t<meta property=\"og:image:width\" content=\"800\" \/>\n\t<meta property=\"og:image:height\" content=\"800\" \/>\n\t<meta property=\"og:image:type\" content=\"image\/png\" \/>\n<meta name=\"twitter:card\" content=\"summary_large_image\" \/>\n<meta name=\"twitter:site\" content=\"@strangercamapp\" \/>\n<meta name=\"twitter:label1\" content=\"Est. tempo de leitura\" \/>\n\t<meta name=\"twitter:data1\" content=\"2 minutos\" \/>\n<script type=\"application\/ld+json\" class=\"yoast-schema-graph\">{\"@context\":\"https:\/\/schema.org\",\"@graph\":[{\"@type\":\"WebPage\",\"@id\":\"https:\/\/strangercam.com\/chatogo\/\",\"url\":\"https:\/\/strangercam.com\/chatogo\/\",\"name\":\"Chatogo - Free Random Chat Rooms - Cam on StrangerCam.com\",\"isPartOf\":{\"@id\":\"https:\/\/strangercam.com\/#website\"},\"primaryImageOfPage\":{\"@id\":\"https:\/\/strangercam.com\/chatogo\/#primaryimage\"},\"image\":{\"@id\":\"https:\/\/strangercam.com\/chatogo\/#primaryimage\"},\"thumbnailUrl\":\"https:\/\/strangercam.com\/wp-content\/uploads\/2020\/11\/stranger-cam-1.png\",\"datePublished\":\"2021-06-20T12:45:11+00:00\",\"dateModified\":\"2023-08-21T10:24:41+00:00\",\"description\":\"Like Chatogo? Come chat with more than 5.000.000 strangers on Stranger Cam for Free! Turn on your cam and find new friends & maby a match!\",\"breadcrumb\":{\"@id\":\"https:\/\/strangercam.com\/chatogo\/#breadcrumb\"},\"inLanguage\":\"pt-BR\",\"potentialAction\":[{\"@type\":\"ReadAction\",\"target\":[\"https:\/\/strangercam.com\/chatogo\/\"]}]},{\"@type\":\"ImageObject\",\"inLanguage\":\"pt-BR\",\"@id\":\"https:\/\/strangercam.com\/chatogo\/#primaryimage\",\"url\":\"https:\/\/strangercam.com\/wp-content\/uploads\/2020\/11\/stranger-cam-1.png\",\"contentUrl\":\"https:\/\/strangercam.com\/wp-content\/uploads\/2020\/11\/stranger-cam-1.png\",\"width\":800,\"height\":800,\"caption\":\"stranger cam random video chat\"},{\"@type\":\"BreadcrumbList\",\"@id\":\"https:\/\/strangercam.com\/chatogo\/#breadcrumb\",\"itemListElement\":[{\"@type\":\"ListItem\",\"position\":1,\"name\":\"Home\",\"item\":\"https:\/\/strangercam.com\/\"},{\"@type\":\"ListItem\",\"position\":2,\"name\":\"Chatogo\"}]},{\"@type\":\"WebSite\",\"@id\":\"https:\/\/strangercam.com\/#website\",\"url\":\"https:\/\/strangercam.com\/\",\"name\":\"Strangercam\",\"description\":\"Random Video Chat with Strangers\",\"publisher\":{\"@id\":\"https:\/\/strangercam.com\/#organization\"},\"alternateName\":\"Strangercam.com\",\"potentialAction\":[{\"@type\":\"SearchAction\",\"target\":{\"@type\":\"EntryPoint\",\"urlTemplate\":\"https:\/\/strangercam.com\/?s={search_term_string}\"},\"query-input\":{\"@type\":\"PropertyValueSpecification\",\"valueRequired\":true,\"valueName\":\"search_term_string\"}}],\"inLanguage\":\"pt-BR\"},{\"@type\":\"Organization\",\"@id\":\"https:\/\/strangercam.com\/#organization\",\"name\":\"Strangercam\",\"alternateName\":\"Strangercam.com\",\"url\":\"https:\/\/strangercam.com\/\",\"logo\":{\"@type\":\"ImageObject\",\"inLanguage\":\"pt-BR\",\"@id\":\"https:\/\/strangercam.com\/#\/schema\/logo\/image\/\",\"url\":\"https:\/\/strangercam.com\/wp-content\/uploads\/2020\/11\/cropped-new-favicon-black.png\",\"contentUrl\":\"https:\/\/strangercam.com\/wp-content\/uploads\/2020\/11\/cropped-new-favicon-black.png\",\"width\":512,\"height\":512,\"caption\":\"Strangercam\"},\"image\":{\"@id\":\"https:\/\/strangercam.com\/#\/schema\/logo\/image\/\"},\"sameAs\":[\"https:\/\/www.facebook.com\/strangercam\",\"https:\/\/x.com\/strangercamapp\"]}]}<\/script>\n<!-- \/ Yoast SEO plugin. -->","yoast_head_json":{"title":"Chatogo - Salas de bate-papo aleat\u00f3rias gratuitas - C\u00e2mera no StrangerCam.com","description":"Gosta do Chatogo? Venha conversar com mais de 5.000.000 de desconhecidos no Stranger Cam gratuitamente! Ligue sua c\u00e2mera e encontre novos amigos e talvez um par!","robots":{"index":"index","follow":"follow","max-snippet":"max-snippet:-1","max-image-preview":"max-image-preview:large","max-video-preview":"max-video-preview:-1"},"canonical":"https:\/\/strangercam.com\/pt-br\/chatogo\/","og_locale":"pt_BR","og_type":"article","og_title":"Chatogo - Free Random Chat Rooms - Cam on StrangerCam.com","og_description":"Like Chatogo? Come chat with more than 5.000.000 strangers on Stranger Cam for Free! Turn on your cam and find new friends & maby a match!","og_url":"https:\/\/strangercam.com\/pt-br\/chatogo\/","og_site_name":"Strangercam","article_publisher":"https:\/\/www.facebook.com\/strangercam","article_modified_time":"2023-08-21T10:24:41+00:00","og_image":[{"width":800,"height":800,"url":"https:\/\/strangercam.com\/wp-content\/uploads\/2020\/11\/stranger-cam-1.png","type":"image\/png"}],"twitter_card":"summary_large_image","twitter_site":"@strangercamapp","twitter_misc":{"Est. tempo de leitura":"2 minutos"},"schema":{"@context":"https:\/\/schema.org","@graph":[{"@type":"WebPage","@id":"https:\/\/strangercam.com\/chatogo\/","url":"https:\/\/strangercam.com\/chatogo\/","name":"Chatogo - Salas de bate-papo aleat\u00f3rias gratuitas - C\u00e2mera no StrangerCam.com","isPartOf":{"@id":"https:\/\/strangercam.com\/#website"},"primaryImageOfPage":{"@id":"https:\/\/strangercam.com\/chatogo\/#primaryimage"},"image":{"@id":"https:\/\/strangercam.com\/chatogo\/#primaryimage"},"thumbnailUrl":"https:\/\/strangercam.com\/wp-content\/uploads\/2020\/11\/stranger-cam-1.png","datePublished":"2021-06-20T12:45:11+00:00","dateModified":"2023-08-21T10:24:41+00:00","description":"Gosta do Chatogo? Venha conversar com mais de 5.000.000 de desconhecidos no Stranger Cam gratuitamente! Ligue sua c\u00e2mera e encontre novos amigos e talvez um par!","breadcrumb":{"@id":"https:\/\/strangercam.com\/chatogo\/#breadcrumb"},"inLanguage":"pt-BR","potentialAction":[{"@type":"ReadAction","target":["https:\/\/strangercam.com\/chatogo\/"]}]},{"@type":"ImageObject","inLanguage":"pt-BR","@id":"https:\/\/strangercam.com\/chatogo\/#primaryimage","url":"https:\/\/strangercam.com\/wp-content\/uploads\/2020\/11\/stranger-cam-1.png","contentUrl":"https:\/\/strangercam.com\/wp-content\/uploads\/2020\/11\/stranger-cam-1.png","width":800,"height":800,"caption":"stranger cam random video chat"},{"@type":"BreadcrumbList","@id":"https:\/\/strangercam.com\/chatogo\/#breadcrumb","itemListElement":[{"@type":"ListItem","position":1,"name":"Home","item":"https:\/\/strangercam.com\/"},{"@type":"ListItem","position":2,"name":"Chatogo"}]},{"@type":"WebSite","@id":"https:\/\/strangercam.com\/#website","url":"https:\/\/strangercam.com\/","name":"Strangercam","description":"Bate-papo por v\u00eddeo aleat\u00f3rio com estranhos","publisher":{"@id":"https:\/\/strangercam.com\/#organization"},"alternateName":"Strangercam.com","potentialAction":[{"@type":"SearchAction","target":{"@type":"EntryPoint","urlTemplate":"https:\/\/strangercam.com\/?s={search_term_string}"},"query-input":{"@type":"PropertyValueSpecification","valueRequired":true,"valueName":"search_term_string"}}],"inLanguage":"pt-BR"},{"@type":"Organization","@id":"https:\/\/strangercam.com\/#organization","name":"Strangercam","alternateName":"Strangercam.com","url":"https:\/\/strangercam.com\/","logo":{"@type":"ImageObject","inLanguage":"pt-BR","@id":"https:\/\/strangercam.com\/#\/schema\/logo\/image\/","url":"https:\/\/strangercam.com\/wp-content\/uploads\/2020\/11\/cropped-new-favicon-black.png","contentUrl":"https:\/\/strangercam.com\/wp-content\/uploads\/2020\/11\/cropped-new-favicon-black.png","width":512,"height":512,"caption":"Strangercam"},"image":{"@id":"https:\/\/strangercam.com\/#\/schema\/logo\/image\/"},"sameAs":["https:\/\/www.facebook.com\/strangercam","https:\/\/x.com\/strangercamapp"]}]}},"_links":{"self":[{"href":"https:\/\/strangercam.com\/pt-br\/wp-json\/wp\/v2\/pages\/5249","targetHints":{"allow":["GET"]}}],"collection":[{"href":"https:\/\/strangercam.com\/pt-br\/wp-json\/wp\/v2\/pages"}],"about":[{"href":"https:\/\/strangercam.com\/pt-br\/wp-json\/wp\/v2\/types\/page"}],"author":[{"embeddable":true,"href":"https:\/\/strangercam.com\/pt-br\/wp-json\/wp\/v2\/users\/6"}],"replies":[{"embeddable":true,"href":"https:\/\/strangercam.com\/pt-br\/wp-json\/wp\/v2\/comments?post=5249"}],"version-history":[{"count":0,"href":"https:\/\/strangercam.com\/pt-br\/wp-json\/wp\/v2\/pages\/5249\/revisions"}],"wp:featuredmedia":[{"embeddable":true,"href":"https:\/\/strangercam.com\/pt-br\/wp-json\/wp\/v2\/media\/559"}],"wp:attachment":[{"href":"https:\/\/strangercam.com\/pt-br\/wp-json\/wp\/v2\/media?parent=5249"}],"curies":[{"name":"wp","href":"https:\/\/api.w.org\/{rel}","templated":true}]}}