{"id":5227,"date":"2021-06-20T14:37:25","date_gmt":"2021-06-20T12:37:25","guid":{"rendered":"https:\/\/strangercam.com\/?page_id=5227"},"modified":"2023-08-21T12:47:26","modified_gmt":"2023-08-21T10:47:26","slug":"y99","status":"publish","type":"page","link":"https:\/\/strangercam.com\/pt-br\/y99\/","title":{"rendered":"Y99"},"content":{"rendered":"<p>Esse \u00e9 um site popular de namoro on-line que permite que voc\u00ea entre em qualquer um de seus <a href=\"https:\/\/strangercam.com\/pt-br\/chatroulette\/\">bate-papo<\/a> salas sem necessidade de registro. Voc\u00ea pode estar procurando um amigo. Pode ser uma pessoa para compartilhar seus pensamentos. Tamb\u00e9m pode ser um parceiro com quem voc\u00ea queira levar o relacionamento para o limite. <a href=\"https:\/\/strangercam.com\/pt-br\/nextcam\/\">pr\u00f3xima<\/a> n\u00edvel. Usando esse portal de bate-papo, voc\u00ea pode conversar com amigos que pensam como voc\u00ea por horas a fio e compartilhar seus sentimentos. Voc\u00ea pode usar seu laptop, dispositivo Android ou iPhone para se conectar a esse site de bate-papo. Ele oferece um servi\u00e7o inestim\u00e1vel <a href=\"https:\/\/strangercam.com\/pt-br\/chatingly\/\">bate-papo<\/a> servi\u00e7o algo que voc\u00ea certamente adorar\u00e1 usar.<\/p>\n<h2>Como se inscrever no y99<\/h2>\n<p>N\u00e3o \u00e9 necess\u00e1rio se registrar para iniciar sua sess\u00e3o de bate-papo nesse portal de bate-papo. Em vez disso, basta visitar o site ou iniciar o aplicativo e digitar seu nome de bate-papo. Pode ser qualquer apelido de sua escolha que voc\u00ea queira usar para se apresentar a estranhos. Depois disso, basta iniciar sua sess\u00e3o de bate-papo n\u00e3o registrada. Se j\u00e1 tiver se registrado nesse portal fornecendo suas informa\u00e7\u00f5es b\u00e1sicas, basta digitar seu nome de usu\u00e1rio e a senha criada. H\u00e1 tamb\u00e9m uma cl\u00e1usula para recuperar sua conta caso voc\u00ea esque\u00e7a a senha. Portanto, o login nesse portal \u00e9 bastante f\u00e1cil, r\u00e1pido e simples.<\/p>\n<h3>Como usar o y99<\/h3>\n<p>Esse portal permite que voc\u00ea crie e tenha bate-papos aleat\u00f3rios, participe de bate-papos em grupo, leia memes engra\u00e7ados etc. Voc\u00ea pode criar seu pr\u00f3prio grupo de bate-papo e convidar pessoas que compartilham pensamentos e estados de esp\u00edrito semelhantes para participar do grupo. Seja voc\u00ea um usu\u00e1rio registrado ou n\u00e3o registrado, poder\u00e1 se divertir imensamente durante a sess\u00e3o. Voc\u00ea tem a op\u00e7\u00e3o de participar de bate-papos em grupo, <a href=\"https:\/\/strangercam.com\/pt-br\/1v1-chat\/\">um<\/a> a um e memes. Caso precise de orienta\u00e7\u00e3o, voc\u00ea sempre pode aproveitar as dicas e os tutoriais fornecidos no portal para tomar a decis\u00e3o certa.<\/p>\n<h3>Quais s\u00e3o os pr\u00f3s e os contras do y99<\/h3>\n<p>Esse portal \u00e9 r\u00e1pido para entrar e iniciar a sess\u00e3o de bate-papo com estranhos, seja individualmente ou em grupo. Ele tamb\u00e9m permite que voc\u00ea crie e compartilhe memes interessantes com outras pessoas em todo o mundo. Voc\u00ea pode encontrar milhares de pessoas conversando a qualquer momento, o que o torna bastante popular. Voc\u00ea pode iniciar um bate-papo e encerr\u00e1-lo sempre que desejar. Os amigos tamb\u00e9m podem se divertir <a href=\"https:\/\/strangercam.com\/pt-br\/chat4free\/\">gratuito<\/a> chamadas. Mas a \u00fanica desvantagem \u00e9 que, sem registro, ele pode n\u00e3o ser seguro. Portanto, voc\u00ea precisa proteger sua privacidade e n\u00e3o compartilhar seus dados pessoais com ningu\u00e9m pelo bate-papo.<\/p>","protected":false},"excerpt":{"rendered":"<p>This is a popular online dating site that allows you to enter any of its chat rooms without requiring any registration. You may be seeking a friend. It could be a person to share your thoughts. It can also be a partner with whom you may want to take the relationship to the next level. [&hellip;]<\/p>\n","protected":false},"author":6,"featured_media":559,"parent":0,"menu_order":0,"comment_status":"closed","ping_status":"closed","template":"","meta":{"footnotes":""},"class_list":["post-5227","page","type-page","status-publish","has-post-thumbnail","hentry"],"yoast_head":"<!-- This site is optimized with the Yoast SEO plugin v26.9 - https:\/\/yoast.com\/product\/yoast-seo-wordpress\/ -->\n<title>Y99 - Free Online Random Chat - Cam on StrangerCam.com<\/title>\n<meta name=\"description\" content=\"Like Y99? Come chat with more than 5.000.000 strangers on Stranger Cam for Free! Turn on your cam and find new friends &amp; maby a match!\" \/>\n<meta name=\"robots\" content=\"index, follow, max-snippet:-1, max-image-preview:large, max-video-preview:-1\" \/>\n<link rel=\"canonical\" href=\"https:\/\/strangercam.com\/pt-br\/y99\/\" \/>\n<meta property=\"og:locale\" content=\"pt_BR\" \/>\n<meta property=\"og:type\" content=\"article\" \/>\n<meta property=\"og:title\" content=\"Y99 - Free Online Random Chat - Cam on StrangerCam.com\" \/>\n<meta property=\"og:description\" content=\"Like Y99? Come chat with more than 5.000.000 strangers on Stranger Cam for Free! Turn on your cam and find new friends &amp; maby a match!\" \/>\n<meta property=\"og:url\" content=\"https:\/\/strangercam.com\/pt-br\/y99\/\" \/>\n<meta property=\"og:site_name\" content=\"Strangercam\" \/>\n<meta property=\"article:publisher\" content=\"https:\/\/www.facebook.com\/strangercam\" \/>\n<meta property=\"article:modified_time\" content=\"2023-08-21T10:47:26+00:00\" \/>\n<meta property=\"og:image\" content=\"https:\/\/strangercam.com\/wp-content\/uploads\/2020\/11\/stranger-cam-1.png\" \/>\n\t<meta property=\"og:image:width\" content=\"800\" \/>\n\t<meta property=\"og:image:height\" content=\"800\" \/>\n\t<meta property=\"og:image:type\" content=\"image\/png\" \/>\n<meta name=\"twitter:card\" content=\"summary_large_image\" \/>\n<meta name=\"twitter:site\" content=\"@strangercamapp\" \/>\n<meta name=\"twitter:label1\" content=\"Est. tempo de leitura\" \/>\n\t<meta name=\"twitter:data1\" content=\"2 minutos\" \/>\n<script type=\"application\/ld+json\" class=\"yoast-schema-graph\">{\"@context\":\"https:\/\/schema.org\",\"@graph\":[{\"@type\":\"WebPage\",\"@id\":\"https:\/\/strangercam.com\/y99\/\",\"url\":\"https:\/\/strangercam.com\/y99\/\",\"name\":\"Y99 - Free Online Random Chat - Cam on StrangerCam.com\",\"isPartOf\":{\"@id\":\"https:\/\/strangercam.com\/#website\"},\"primaryImageOfPage\":{\"@id\":\"https:\/\/strangercam.com\/y99\/#primaryimage\"},\"image\":{\"@id\":\"https:\/\/strangercam.com\/y99\/#primaryimage\"},\"thumbnailUrl\":\"https:\/\/strangercam.com\/wp-content\/uploads\/2020\/11\/stranger-cam-1.png\",\"datePublished\":\"2021-06-20T12:37:25+00:00\",\"dateModified\":\"2023-08-21T10:47:26+00:00\",\"description\":\"Like Y99? Come chat with more than 5.000.000 strangers on Stranger Cam for Free! Turn on your cam and find new friends & maby a match!\",\"breadcrumb\":{\"@id\":\"https:\/\/strangercam.com\/y99\/#breadcrumb\"},\"inLanguage\":\"pt-BR\",\"potentialAction\":[{\"@type\":\"ReadAction\",\"target\":[\"https:\/\/strangercam.com\/y99\/\"]}]},{\"@type\":\"ImageObject\",\"inLanguage\":\"pt-BR\",\"@id\":\"https:\/\/strangercam.com\/y99\/#primaryimage\",\"url\":\"https:\/\/strangercam.com\/wp-content\/uploads\/2020\/11\/stranger-cam-1.png\",\"contentUrl\":\"https:\/\/strangercam.com\/wp-content\/uploads\/2020\/11\/stranger-cam-1.png\",\"width\":800,\"height\":800,\"caption\":\"stranger cam random video chat\"},{\"@type\":\"BreadcrumbList\",\"@id\":\"https:\/\/strangercam.com\/y99\/#breadcrumb\",\"itemListElement\":[{\"@type\":\"ListItem\",\"position\":1,\"name\":\"Home\",\"item\":\"https:\/\/strangercam.com\/\"},{\"@type\":\"ListItem\",\"position\":2,\"name\":\"Y99\"}]},{\"@type\":\"WebSite\",\"@id\":\"https:\/\/strangercam.com\/#website\",\"url\":\"https:\/\/strangercam.com\/\",\"name\":\"Strangercam\",\"description\":\"Random Video Chat with Strangers\",\"publisher\":{\"@id\":\"https:\/\/strangercam.com\/#organization\"},\"alternateName\":\"Strangercam.com\",\"potentialAction\":[{\"@type\":\"SearchAction\",\"target\":{\"@type\":\"EntryPoint\",\"urlTemplate\":\"https:\/\/strangercam.com\/?s={search_term_string}\"},\"query-input\":{\"@type\":\"PropertyValueSpecification\",\"valueRequired\":true,\"valueName\":\"search_term_string\"}}],\"inLanguage\":\"pt-BR\"},{\"@type\":\"Organization\",\"@id\":\"https:\/\/strangercam.com\/#organization\",\"name\":\"Strangercam\",\"alternateName\":\"Strangercam.com\",\"url\":\"https:\/\/strangercam.com\/\",\"logo\":{\"@type\":\"ImageObject\",\"inLanguage\":\"pt-BR\",\"@id\":\"https:\/\/strangercam.com\/#\/schema\/logo\/image\/\",\"url\":\"https:\/\/strangercam.com\/wp-content\/uploads\/2020\/11\/cropped-new-favicon-black.png\",\"contentUrl\":\"https:\/\/strangercam.com\/wp-content\/uploads\/2020\/11\/cropped-new-favicon-black.png\",\"width\":512,\"height\":512,\"caption\":\"Strangercam\"},\"image\":{\"@id\":\"https:\/\/strangercam.com\/#\/schema\/logo\/image\/\"},\"sameAs\":[\"https:\/\/www.facebook.com\/strangercam\",\"https:\/\/x.com\/strangercamapp\"]}]}<\/script>\n<!-- \/ Yoast SEO plugin. -->","yoast_head_json":{"title":"Y99 - Bate-papo Aleat\u00f3rio Online Gr\u00e1tis - C\u00e2mera no StrangerCam.com","description":"Gosta do Y99? Venha bater papo com mais de 5.000.000 de desconhecidos no Stranger Cam de gra\u00e7a! Ligue sua c\u00e2mera e encontre novos amigos e talvez um par!","robots":{"index":"index","follow":"follow","max-snippet":"max-snippet:-1","max-image-preview":"max-image-preview:large","max-video-preview":"max-video-preview:-1"},"canonical":"https:\/\/strangercam.com\/pt-br\/y99\/","og_locale":"pt_BR","og_type":"article","og_title":"Y99 - Free Online Random Chat - Cam on StrangerCam.com","og_description":"Like Y99? Come chat with more than 5.000.000 strangers on Stranger Cam for Free! Turn on your cam and find new friends & maby a match!","og_url":"https:\/\/strangercam.com\/pt-br\/y99\/","og_site_name":"Strangercam","article_publisher":"https:\/\/www.facebook.com\/strangercam","article_modified_time":"2023-08-21T10:47:26+00:00","og_image":[{"width":800,"height":800,"url":"https:\/\/strangercam.com\/wp-content\/uploads\/2020\/11\/stranger-cam-1.png","type":"image\/png"}],"twitter_card":"summary_large_image","twitter_site":"@strangercamapp","twitter_misc":{"Est. tempo de leitura":"2 minutos"},"schema":{"@context":"https:\/\/schema.org","@graph":[{"@type":"WebPage","@id":"https:\/\/strangercam.com\/y99\/","url":"https:\/\/strangercam.com\/y99\/","name":"Y99 - Bate-papo Aleat\u00f3rio Online Gr\u00e1tis - C\u00e2mera no StrangerCam.com","isPartOf":{"@id":"https:\/\/strangercam.com\/#website"},"primaryImageOfPage":{"@id":"https:\/\/strangercam.com\/y99\/#primaryimage"},"image":{"@id":"https:\/\/strangercam.com\/y99\/#primaryimage"},"thumbnailUrl":"https:\/\/strangercam.com\/wp-content\/uploads\/2020\/11\/stranger-cam-1.png","datePublished":"2021-06-20T12:37:25+00:00","dateModified":"2023-08-21T10:47:26+00:00","description":"Gosta do Y99? Venha bater papo com mais de 5.000.000 de desconhecidos no Stranger Cam de gra\u00e7a! Ligue sua c\u00e2mera e encontre novos amigos e talvez um par!","breadcrumb":{"@id":"https:\/\/strangercam.com\/y99\/#breadcrumb"},"inLanguage":"pt-BR","potentialAction":[{"@type":"ReadAction","target":["https:\/\/strangercam.com\/y99\/"]}]},{"@type":"ImageObject","inLanguage":"pt-BR","@id":"https:\/\/strangercam.com\/y99\/#primaryimage","url":"https:\/\/strangercam.com\/wp-content\/uploads\/2020\/11\/stranger-cam-1.png","contentUrl":"https:\/\/strangercam.com\/wp-content\/uploads\/2020\/11\/stranger-cam-1.png","width":800,"height":800,"caption":"stranger cam random video chat"},{"@type":"BreadcrumbList","@id":"https:\/\/strangercam.com\/y99\/#breadcrumb","itemListElement":[{"@type":"ListItem","position":1,"name":"Home","item":"https:\/\/strangercam.com\/"},{"@type":"ListItem","position":2,"name":"Y99"}]},{"@type":"WebSite","@id":"https:\/\/strangercam.com\/#website","url":"https:\/\/strangercam.com\/","name":"Strangercam","description":"Bate-papo por v\u00eddeo aleat\u00f3rio com estranhos","publisher":{"@id":"https:\/\/strangercam.com\/#organization"},"alternateName":"Strangercam.com","potentialAction":[{"@type":"SearchAction","target":{"@type":"EntryPoint","urlTemplate":"https:\/\/strangercam.com\/?s={search_term_string}"},"query-input":{"@type":"PropertyValueSpecification","valueRequired":true,"valueName":"search_term_string"}}],"inLanguage":"pt-BR"},{"@type":"Organization","@id":"https:\/\/strangercam.com\/#organization","name":"Strangercam","alternateName":"Strangercam.com","url":"https:\/\/strangercam.com\/","logo":{"@type":"ImageObject","inLanguage":"pt-BR","@id":"https:\/\/strangercam.com\/#\/schema\/logo\/image\/","url":"https:\/\/strangercam.com\/wp-content\/uploads\/2020\/11\/cropped-new-favicon-black.png","contentUrl":"https:\/\/strangercam.com\/wp-content\/uploads\/2020\/11\/cropped-new-favicon-black.png","width":512,"height":512,"caption":"Strangercam"},"image":{"@id":"https:\/\/strangercam.com\/#\/schema\/logo\/image\/"},"sameAs":["https:\/\/www.facebook.com\/strangercam","https:\/\/x.com\/strangercamapp"]}]}},"_links":{"self":[{"href":"https:\/\/strangercam.com\/pt-br\/wp-json\/wp\/v2\/pages\/5227","targetHints":{"allow":["GET"]}}],"collection":[{"href":"https:\/\/strangercam.com\/pt-br\/wp-json\/wp\/v2\/pages"}],"about":[{"href":"https:\/\/strangercam.com\/pt-br\/wp-json\/wp\/v2\/types\/page"}],"author":[{"embeddable":true,"href":"https:\/\/strangercam.com\/pt-br\/wp-json\/wp\/v2\/users\/6"}],"replies":[{"embeddable":true,"href":"https:\/\/strangercam.com\/pt-br\/wp-json\/wp\/v2\/comments?post=5227"}],"version-history":[{"count":0,"href":"https:\/\/strangercam.com\/pt-br\/wp-json\/wp\/v2\/pages\/5227\/revisions"}],"wp:featuredmedia":[{"embeddable":true,"href":"https:\/\/strangercam.com\/pt-br\/wp-json\/wp\/v2\/media\/559"}],"wp:attachment":[{"href":"https:\/\/strangercam.com\/pt-br\/wp-json\/wp\/v2\/media?parent=5227"}],"curies":[{"name":"wp","href":"https:\/\/api.w.org\/{rel}","templated":true}]}}