{"id":5209,"date":"2021-06-20T14:24:52","date_gmt":"2021-06-20T12:24:52","guid":{"rendered":"https:\/\/strangercam.com\/?page_id=5209"},"modified":"2023-08-21T12:43:51","modified_gmt":"2023-08-21T10:43:51","slug":"tohla","status":"publish","type":"page","link":"https:\/\/strangercam.com\/pt-br\/tohla\/","title":{"rendered":"Tohla"},"content":{"rendered":"<p>Esse exclusivo <a href=\"https:\/\/strangercam.com\/pt-br\/chatroulette\/\">bate-papo<\/a> O site permite que voc\u00ea se conecte com pessoas totalmente desconhecidas e converse com elas sobre v\u00e1rios assuntos interessantes. Voc\u00ea tem a op\u00e7\u00e3o de conversar por texto, jogar Tloons, desenhar e conversar por voz, <a href=\"https:\/\/strangercam.com\/pt-br\/rabbit-video-chat\/\">bate-papo por v\u00eddeo<\/a>, jogar <b>tohla<\/b> Divers\u00e3o, Gostar ou N\u00e3o Gostar, etc. Ele \u00e9 simplesmente repleto de muita emo\u00e7\u00e3o, algo que voc\u00ea pode descobrir ao visit\u00e1-lo. Cada momento passado nesse site com certeza ser\u00e1 incr\u00edvel e memor\u00e1vel. Milhares de pessoas podem ser encontradas conectadas a esse portal a qualquer momento. Essa poderosa plataforma oferece a voc\u00ea a oportunidade de conhecer outras pessoas e de se conectar com elas. <a href=\"https:\/\/strangercam.com\/pt-br\/coomeet\/\">conhecer<\/a> pessoas que pensam da mesma forma.<\/p>\n<h2>Como se inscrever no tohla?<\/h2>\n<p>Esse portal n\u00e3o exige que voc\u00ea pague nenhuma taxa de registro para acessar seus v\u00e1rios recursos interessantes. Voc\u00ea \u00e9 livre para <a href=\"https:\/\/strangercam.com\/pt-br\/video-chat-with-girls\/\">bate-papo por v\u00eddeo com meninas<\/a> e meninos de todas as idades sem ter que gastar um centavo sequer do seu bolso. Voc\u00ea s\u00f3 precisa clicar no bot\u00e3o \"Connect Now\" (Conectar agora). Em seguida, voc\u00ea ser\u00e1 conectado ao servidor de bate-papo e come\u00e7ar\u00e1 a se conectar imediatamente com outras pessoas. \u00c9 f\u00e1cil de usar e bastante r\u00e1pido, ao contr\u00e1rio de outros portais.<\/p>\n<h3>Como usar o tohla?<\/h3>\n<p>Esse portal de bate-papo aleat\u00f3rio permite que voc\u00ea converse com completos estranhos sem precisar revelar sua identidade real. Ele \u00e9 bastante simples de usar e requer apenas que voc\u00ea fa\u00e7a login para iniciar a sess\u00e3o de bate-papo. Esse site oferece v\u00e1rios aplicativos interessantes para uso de todos, como compartilhamentos, sorteios, \"quente ou n\u00e3o\" etc. Voc\u00ea tamb\u00e9m pode usar os recursos de bate-papo por v\u00eddeo para ver a outra pessoa e conversar ao vivo. Dessa forma, voc\u00ea pode acabar com o t\u00e9dio e ter muita divers\u00e3o e entretenimento.<\/p>\n<h3>Quais s\u00e3o os pr\u00f3s e os contras do tohla?<\/h3>\n<p>Esse portal \u00e9 totalmente seguro para ser usado sempre que voc\u00ea se sentir entediado ou buscar alguma forma de entretenimento. \u00c9 muito f\u00e1cil de se conectar e n\u00e3o exige nenhum registro. Tamb\u00e9m n\u00e3o \u00e9 necess\u00e1rio pagar nenhum tipo de taxa de registro para acessar os diferentes recursos oferecidos. Ele vem com v\u00e1rios recursos interessantes e permite que voc\u00ea aproveite o envolvimento seguro do usu\u00e1rio. O bate-papo por v\u00eddeo tamb\u00e9m \u00e9 totalmente gratuito e voc\u00ea pode interagir com meninos e meninas. <a href=\"https:\/\/strangercam.com\/pt-br\/mirami\/\">meninas<\/a> ao vivo de qualquer parte do mundo. A \u00fanica desvantagem \u00e9 que, por ser um portal de bate-papo gratuito, pode haver alguns perfis falsos e fraudulentos com os quais voc\u00ea precisa ter cuidado.<\/p>","protected":false},"excerpt":{"rendered":"<p>This unique chat site allows you to connect with complete strangers and discuss with them on various interesting things. You have the option to text chat, play Tloons, draw, voice chat, video chat, play tohla Fun, Like or Unlike, etc. It is simply filled with lots of excitement something that you can discover by visiting [&hellip;]<\/p>\n","protected":false},"author":6,"featured_media":559,"parent":0,"menu_order":0,"comment_status":"closed","ping_status":"closed","template":"","meta":{"footnotes":""},"class_list":["post-5209","page","type-page","status-publish","has-post-thumbnail","hentry"],"yoast_head":"<!-- This site is optimized with the Yoast SEO plugin v27.4 - https:\/\/yoast.com\/product\/yoast-seo-wordpress\/ -->\n<title>Tohla - Talk To Strangers - Cam on StrangerCam.com<\/title>\n<meta name=\"description\" content=\"Like Tohla? Come chat with more than 5.000.000 strangers on Stranger Cam for Free! Turn on your cam and find new friends &amp; maby a match!\" \/>\n<meta name=\"robots\" content=\"index, follow, max-snippet:-1, max-image-preview:large, max-video-preview:-1\" \/>\n<link rel=\"canonical\" href=\"https:\/\/strangercam.com\/pt-br\/tohla\/\" \/>\n<meta property=\"og:locale\" content=\"pt_BR\" \/>\n<meta property=\"og:type\" content=\"article\" \/>\n<meta property=\"og:title\" content=\"Tohla - Talk To Strangers - Cam on StrangerCam.com\" \/>\n<meta property=\"og:description\" content=\"Like Tohla? Come chat with more than 5.000.000 strangers on Stranger Cam for Free! Turn on your cam and find new friends &amp; maby a match!\" \/>\n<meta property=\"og:url\" content=\"https:\/\/strangercam.com\/pt-br\/tohla\/\" \/>\n<meta property=\"og:site_name\" content=\"Strangercam\" \/>\n<meta property=\"article:publisher\" content=\"https:\/\/www.facebook.com\/strangercam\" \/>\n<meta property=\"article:modified_time\" content=\"2023-08-21T10:43:51+00:00\" \/>\n<meta property=\"og:image\" content=\"https:\/\/strangercam.com\/wp-content\/uploads\/2020\/11\/stranger-cam-1.png\" \/>\n\t<meta property=\"og:image:width\" content=\"800\" \/>\n\t<meta property=\"og:image:height\" content=\"800\" \/>\n\t<meta property=\"og:image:type\" content=\"image\/png\" \/>\n<meta name=\"twitter:card\" content=\"summary_large_image\" \/>\n<meta name=\"twitter:site\" content=\"@strangercamapp\" \/>\n<meta name=\"twitter:label1\" content=\"Est. tempo de leitura\" \/>\n\t<meta name=\"twitter:data1\" content=\"2 minutos\" \/>\n<script type=\"application\/ld+json\" class=\"yoast-schema-graph\">{\"@context\":\"https:\\\/\\\/schema.org\",\"@graph\":[{\"@type\":\"WebPage\",\"@id\":\"https:\\\/\\\/strangercam.com\\\/tohla\\\/\",\"url\":\"https:\\\/\\\/strangercam.com\\\/tohla\\\/\",\"name\":\"Tohla - Talk To Strangers - Cam on StrangerCam.com\",\"isPartOf\":{\"@id\":\"https:\\\/\\\/strangercam.com\\\/#website\"},\"primaryImageOfPage\":{\"@id\":\"https:\\\/\\\/strangercam.com\\\/tohla\\\/#primaryimage\"},\"image\":{\"@id\":\"https:\\\/\\\/strangercam.com\\\/tohla\\\/#primaryimage\"},\"thumbnailUrl\":\"https:\\\/\\\/strangercam.com\\\/wp-content\\\/uploads\\\/2020\\\/11\\\/stranger-cam-1.png\",\"datePublished\":\"2021-06-20T12:24:52+00:00\",\"dateModified\":\"2023-08-21T10:43:51+00:00\",\"description\":\"Like Tohla? Come chat with more than 5.000.000 strangers on Stranger Cam for Free! Turn on your cam and find new friends & maby a match!\",\"breadcrumb\":{\"@id\":\"https:\\\/\\\/strangercam.com\\\/tohla\\\/#breadcrumb\"},\"inLanguage\":\"pt-BR\",\"potentialAction\":[{\"@type\":\"ReadAction\",\"target\":[\"https:\\\/\\\/strangercam.com\\\/tohla\\\/\"]}]},{\"@type\":\"ImageObject\",\"inLanguage\":\"pt-BR\",\"@id\":\"https:\\\/\\\/strangercam.com\\\/tohla\\\/#primaryimage\",\"url\":\"https:\\\/\\\/strangercam.com\\\/wp-content\\\/uploads\\\/2020\\\/11\\\/stranger-cam-1.png\",\"contentUrl\":\"https:\\\/\\\/strangercam.com\\\/wp-content\\\/uploads\\\/2020\\\/11\\\/stranger-cam-1.png\",\"width\":800,\"height\":800,\"caption\":\"stranger cam random video chat\"},{\"@type\":\"BreadcrumbList\",\"@id\":\"https:\\\/\\\/strangercam.com\\\/tohla\\\/#breadcrumb\",\"itemListElement\":[{\"@type\":\"ListItem\",\"position\":1,\"name\":\"Home\",\"item\":\"https:\\\/\\\/strangercam.com\\\/\"},{\"@type\":\"ListItem\",\"position\":2,\"name\":\"Tohla\"}]},{\"@type\":\"WebSite\",\"@id\":\"https:\\\/\\\/strangercam.com\\\/#website\",\"url\":\"https:\\\/\\\/strangercam.com\\\/\",\"name\":\"Strangercam\",\"description\":\"Random Video Chat with Strangers\",\"publisher\":{\"@id\":\"https:\\\/\\\/strangercam.com\\\/#organization\"},\"alternateName\":\"Strangercam.com\",\"potentialAction\":[{\"@type\":\"SearchAction\",\"target\":{\"@type\":\"EntryPoint\",\"urlTemplate\":\"https:\\\/\\\/strangercam.com\\\/?s={search_term_string}\"},\"query-input\":{\"@type\":\"PropertyValueSpecification\",\"valueRequired\":true,\"valueName\":\"search_term_string\"}}],\"inLanguage\":\"pt-BR\"},{\"@type\":\"Organization\",\"@id\":\"https:\\\/\\\/strangercam.com\\\/#organization\",\"name\":\"Strangercam\",\"alternateName\":\"Strangercam.com\",\"url\":\"https:\\\/\\\/strangercam.com\\\/\",\"logo\":{\"@type\":\"ImageObject\",\"inLanguage\":\"pt-BR\",\"@id\":\"https:\\\/\\\/strangercam.com\\\/#\\\/schema\\\/logo\\\/image\\\/\",\"url\":\"https:\\\/\\\/strangercam.com\\\/wp-content\\\/uploads\\\/2020\\\/11\\\/cropped-new-favicon-black.png\",\"contentUrl\":\"https:\\\/\\\/strangercam.com\\\/wp-content\\\/uploads\\\/2020\\\/11\\\/cropped-new-favicon-black.png\",\"width\":512,\"height\":512,\"caption\":\"Strangercam\"},\"image\":{\"@id\":\"https:\\\/\\\/strangercam.com\\\/#\\\/schema\\\/logo\\\/image\\\/\"},\"sameAs\":[\"https:\\\/\\\/www.facebook.com\\\/strangercam\",\"https:\\\/\\\/x.com\\\/strangercamapp\"]}]}<\/script>\n<!-- \/ Yoast SEO plugin. -->","yoast_head_json":{"title":"Tohla - Fale com estranhos - C\u00e2mera no StrangerCam.com","description":"Gosta do Tohla? Venha conversar com mais de 5.000.000 de desconhecidos no Stranger Cam gratuitamente! Ligue sua c\u00e2mera e encontre novos amigos e talvez um par!","robots":{"index":"index","follow":"follow","max-snippet":"max-snippet:-1","max-image-preview":"max-image-preview:large","max-video-preview":"max-video-preview:-1"},"canonical":"https:\/\/strangercam.com\/pt-br\/tohla\/","og_locale":"pt_BR","og_type":"article","og_title":"Tohla - Talk To Strangers - Cam on StrangerCam.com","og_description":"Like Tohla? Come chat with more than 5.000.000 strangers on Stranger Cam for Free! Turn on your cam and find new friends & maby a match!","og_url":"https:\/\/strangercam.com\/pt-br\/tohla\/","og_site_name":"Strangercam","article_publisher":"https:\/\/www.facebook.com\/strangercam","article_modified_time":"2023-08-21T10:43:51+00:00","og_image":[{"width":800,"height":800,"url":"https:\/\/strangercam.com\/wp-content\/uploads\/2020\/11\/stranger-cam-1.png","type":"image\/png"}],"twitter_card":"summary_large_image","twitter_site":"@strangercamapp","twitter_misc":{"Est. tempo de leitura":"2 minutos"},"schema":{"@context":"https:\/\/schema.org","@graph":[{"@type":"WebPage","@id":"https:\/\/strangercam.com\/tohla\/","url":"https:\/\/strangercam.com\/tohla\/","name":"Tohla - Fale com estranhos - C\u00e2mera no StrangerCam.com","isPartOf":{"@id":"https:\/\/strangercam.com\/#website"},"primaryImageOfPage":{"@id":"https:\/\/strangercam.com\/tohla\/#primaryimage"},"image":{"@id":"https:\/\/strangercam.com\/tohla\/#primaryimage"},"thumbnailUrl":"https:\/\/strangercam.com\/wp-content\/uploads\/2020\/11\/stranger-cam-1.png","datePublished":"2021-06-20T12:24:52+00:00","dateModified":"2023-08-21T10:43:51+00:00","description":"Gosta do Tohla? Venha conversar com mais de 5.000.000 de desconhecidos no Stranger Cam gratuitamente! Ligue sua c\u00e2mera e encontre novos amigos e talvez um par!","breadcrumb":{"@id":"https:\/\/strangercam.com\/tohla\/#breadcrumb"},"inLanguage":"pt-BR","potentialAction":[{"@type":"ReadAction","target":["https:\/\/strangercam.com\/tohla\/"]}]},{"@type":"ImageObject","inLanguage":"pt-BR","@id":"https:\/\/strangercam.com\/tohla\/#primaryimage","url":"https:\/\/strangercam.com\/wp-content\/uploads\/2020\/11\/stranger-cam-1.png","contentUrl":"https:\/\/strangercam.com\/wp-content\/uploads\/2020\/11\/stranger-cam-1.png","width":800,"height":800,"caption":"stranger cam random video chat"},{"@type":"BreadcrumbList","@id":"https:\/\/strangercam.com\/tohla\/#breadcrumb","itemListElement":[{"@type":"ListItem","position":1,"name":"Home","item":"https:\/\/strangercam.com\/"},{"@type":"ListItem","position":2,"name":"Tohla"}]},{"@type":"WebSite","@id":"https:\/\/strangercam.com\/#website","url":"https:\/\/strangercam.com\/","name":"Strangercam","description":"Bate-papo por v\u00eddeo aleat\u00f3rio com estranhos","publisher":{"@id":"https:\/\/strangercam.com\/#organization"},"alternateName":"Strangercam.com","potentialAction":[{"@type":"SearchAction","target":{"@type":"EntryPoint","urlTemplate":"https:\/\/strangercam.com\/?s={search_term_string}"},"query-input":{"@type":"PropertyValueSpecification","valueRequired":true,"valueName":"search_term_string"}}],"inLanguage":"pt-BR"},{"@type":"Organization","@id":"https:\/\/strangercam.com\/#organization","name":"Strangercam","alternateName":"Strangercam.com","url":"https:\/\/strangercam.com\/","logo":{"@type":"ImageObject","inLanguage":"pt-BR","@id":"https:\/\/strangercam.com\/#\/schema\/logo\/image\/","url":"https:\/\/strangercam.com\/wp-content\/uploads\/2020\/11\/cropped-new-favicon-black.png","contentUrl":"https:\/\/strangercam.com\/wp-content\/uploads\/2020\/11\/cropped-new-favicon-black.png","width":512,"height":512,"caption":"Strangercam"},"image":{"@id":"https:\/\/strangercam.com\/#\/schema\/logo\/image\/"},"sameAs":["https:\/\/www.facebook.com\/strangercam","https:\/\/x.com\/strangercamapp"]}]}},"_links":{"self":[{"href":"https:\/\/strangercam.com\/pt-br\/wp-json\/wp\/v2\/pages\/5209","targetHints":{"allow":["GET"]}}],"collection":[{"href":"https:\/\/strangercam.com\/pt-br\/wp-json\/wp\/v2\/pages"}],"about":[{"href":"https:\/\/strangercam.com\/pt-br\/wp-json\/wp\/v2\/types\/page"}],"author":[{"embeddable":true,"href":"https:\/\/strangercam.com\/pt-br\/wp-json\/wp\/v2\/users\/6"}],"replies":[{"embeddable":true,"href":"https:\/\/strangercam.com\/pt-br\/wp-json\/wp\/v2\/comments?post=5209"}],"version-history":[{"count":0,"href":"https:\/\/strangercam.com\/pt-br\/wp-json\/wp\/v2\/pages\/5209\/revisions"}],"wp:featuredmedia":[{"embeddable":true,"href":"https:\/\/strangercam.com\/pt-br\/wp-json\/wp\/v2\/media\/559"}],"wp:attachment":[{"href":"https:\/\/strangercam.com\/pt-br\/wp-json\/wp\/v2\/media?parent=5209"}],"curies":[{"name":"wp","href":"https:\/\/api.w.org\/{rel}","templated":true}]}}