{"id":5191,"date":"2021-06-20T14:16:55","date_gmt":"2021-06-20T12:16:55","guid":{"rendered":"https:\/\/strangercam.com\/?page_id=5191"},"modified":"2023-08-21T12:24:42","modified_gmt":"2023-08-21T10:24:42","slug":"meet-skip","status":"publish","type":"page","link":"https:\/\/strangercam.com\/pt-br\/meet-skip\/","title":{"rendered":"Meet Skip"},"content":{"rendered":"<p><b><a href=\"https:\/\/strangercam.com\/pt-br\/coomeet\/\">Conhe\u00e7a<\/a> pular<\/b> \u00e9 considerado um an\u00f4nimo <a href=\"https:\/\/strangercam.com\/pt-br\/chatroulette\/\">bate-papo<\/a> portal que pode ser acessado para <a href=\"https:\/\/strangercam.com\/pt-br\/chat4free\/\">gratuito<\/a>. Ele oferece aos usu\u00e1rios uma experi\u00eancia emocionante de sala de bate-papo individual, permitindo que voc\u00ea converse com estranhos. Voc\u00ea pode realmente conversar com outras pessoas em tempo real usando sua interface super f\u00e1cil. Ele foi projetado para ser compat\u00edvel com diferentes tipos de dispositivos. N\u00e3o \u00e9 necess\u00e1rio se inscrever para acessar esse portal. Voc\u00ea pode iniciar o bate-papo instantaneamente, sem complica\u00e7\u00f5es. Foi esse recurso exclusivo que tornou esse site de bate-papo aleat\u00f3rio bastante popular entre pessoas de todas as idades e de todo o mundo.<\/p>\n<h2>Como se inscrever no meet skip?<\/h2>\n<p>O registro da conta de usu\u00e1rio n\u00e3o \u00e9 necess\u00e1rio para iniciar sua <a href=\"https:\/\/strangercam.com\/pt-br\/chatingly\/\">bate-papo<\/a> sess\u00e3o. Em vez disso, basta fazer login nesse portal e entrar na sala de bate-papo clicando na caixa \u2018Bate-papo agora\u2019 fornecida. Ele oferece uma sess\u00e3o de bate-papo instant\u00e2nea sem exigir o preenchimento de formul\u00e1rios longos ou o fornecimento de seus dados pessoais. Voc\u00ea pode entrar anonimamente usando qualquer apelido de sua escolha e conversar com outras pessoas que pensam da mesma forma. Voc\u00ea tamb\u00e9m pode compartilhar fotos com seu parceiro de bate-papo.<\/p>\n<h3>Como usar o meet skip?<\/h3>\n<p>\u00c9 muito f\u00e1cil de usar e requer que voc\u00ea se conecte para iniciar a sess\u00e3o de bate-papo imediatamente. N\u00e3o h\u00e1 regras r\u00edgidas e r\u00e1pidas para enviar mensagens de texto ou <a href=\"https:\/\/strangercam.com\/pt-br\/rabbit-video-chat\/\">bate-papo por v\u00eddeo<\/a>. Voc\u00ea tamb\u00e9m pode enviar algumas fotos para o parceiro de bate-papo para tornar a sess\u00e3o mais interessante. \u00c9 simples, f\u00e1cil e r\u00e1pido, al\u00e9m de permitir que voc\u00ea atraia muitos estranhos o m\u00e1ximo poss\u00edvel. Voc\u00ea pode visitar esse site e bater papo sempre que quiser, sem precisar se registrar ou fornecer seus dados v\u00e1rias vezes.<\/p>\n<h3>Quais s\u00e3o os pr\u00f3s e os contras do meet skip?<\/h3>\n<p>Esse portal oferece entretenimento completo sempre que voc\u00ea o procura, permitindo que voc\u00ea elimine o t\u00e9dio. Ele garante uma incr\u00edvel experi\u00eancia de bate-papo aleat\u00f3rio combinada com o compartilhamento de imagens. A partir do rolo da c\u00e2mera, voc\u00ea pode compartilhar suas imagens com o parceiro de bate-papo atual para tornar a sess\u00e3o mais impactante. Tamb\u00e9m n\u00e3o \u00e9 necess\u00e1rio criar um perfil. Isso \u00e9 algo que n\u00e3o \u00e9 oferecido por outros portais de bate-papo aleat\u00f3rio. \u00c9 o lugar perfeito para visitar se voc\u00ea se sentir solit\u00e1rio e quiser satisfazer seu humor. O \u00fanico aspecto negativo \u00e9 que voc\u00ea precisa ter cuidado ao compartilhar suas fotos, pois os perfis conectados n\u00e3o s\u00e3o totalmente verificados.<\/p>","protected":false},"excerpt":{"rendered":"<p>Meet skip is considered to be an anonymous chat portal that can be accessed for free. It provides users with an exciting one-on-one chat room experience allowing you to chat with strangers. You can actually get to chat with others in real-time using its super-easy interface. It is designed to be compatible to be used [&hellip;]<\/p>\n","protected":false},"author":6,"featured_media":559,"parent":0,"menu_order":0,"comment_status":"closed","ping_status":"closed","template":"","meta":{"footnotes":""},"class_list":["post-5191","page","type-page","status-publish","has-post-thumbnail","hentry"],"yoast_head":"<!-- This site is optimized with the Yoast SEO plugin v26.9 - https:\/\/yoast.com\/product\/yoast-seo-wordpress\/ -->\n<title>Meet Skip - Random Chat Rooms - Cam on StrangerCam.com<\/title>\n<meta name=\"description\" content=\"Like Meet Skip? Come chat with more than 5.000.000 strangers on Stranger Cam for Free! Turn on your cam and find new friends &amp; maby a match!\" \/>\n<meta name=\"robots\" content=\"index, follow, max-snippet:-1, max-image-preview:large, max-video-preview:-1\" \/>\n<link rel=\"canonical\" href=\"https:\/\/strangercam.com\/pt-br\/meet-skip\/\" \/>\n<meta property=\"og:locale\" content=\"pt_BR\" \/>\n<meta property=\"og:type\" content=\"article\" \/>\n<meta property=\"og:title\" content=\"Meet Skip - Random Chat Rooms - Cam on StrangerCam.com\" \/>\n<meta property=\"og:description\" content=\"Like Meet Skip? Come chat with more than 5.000.000 strangers on Stranger Cam for Free! Turn on your cam and find new friends &amp; maby a match!\" \/>\n<meta property=\"og:url\" content=\"https:\/\/strangercam.com\/pt-br\/meet-skip\/\" \/>\n<meta property=\"og:site_name\" content=\"Strangercam\" \/>\n<meta property=\"article:publisher\" content=\"https:\/\/www.facebook.com\/strangercam\" \/>\n<meta property=\"article:modified_time\" content=\"2023-08-21T10:24:42+00:00\" \/>\n<meta property=\"og:image\" content=\"https:\/\/strangercam.com\/wp-content\/uploads\/2020\/11\/stranger-cam-1.png\" \/>\n\t<meta property=\"og:image:width\" content=\"800\" \/>\n\t<meta property=\"og:image:height\" content=\"800\" \/>\n\t<meta property=\"og:image:type\" content=\"image\/png\" \/>\n<meta name=\"twitter:card\" content=\"summary_large_image\" \/>\n<meta name=\"twitter:site\" content=\"@strangercamapp\" \/>\n<meta name=\"twitter:label1\" content=\"Est. tempo de leitura\" \/>\n\t<meta name=\"twitter:data1\" content=\"2 minutos\" \/>\n<script type=\"application\/ld+json\" class=\"yoast-schema-graph\">{\"@context\":\"https:\/\/schema.org\",\"@graph\":[{\"@type\":\"WebPage\",\"@id\":\"https:\/\/strangercam.com\/meet-skip\/\",\"url\":\"https:\/\/strangercam.com\/meet-skip\/\",\"name\":\"Meet Skip - Random Chat Rooms - Cam on StrangerCam.com\",\"isPartOf\":{\"@id\":\"https:\/\/strangercam.com\/#website\"},\"primaryImageOfPage\":{\"@id\":\"https:\/\/strangercam.com\/meet-skip\/#primaryimage\"},\"image\":{\"@id\":\"https:\/\/strangercam.com\/meet-skip\/#primaryimage\"},\"thumbnailUrl\":\"https:\/\/strangercam.com\/wp-content\/uploads\/2020\/11\/stranger-cam-1.png\",\"datePublished\":\"2021-06-20T12:16:55+00:00\",\"dateModified\":\"2023-08-21T10:24:42+00:00\",\"description\":\"Like Meet Skip? Come chat with more than 5.000.000 strangers on Stranger Cam for Free! Turn on your cam and find new friends & maby a match!\",\"breadcrumb\":{\"@id\":\"https:\/\/strangercam.com\/meet-skip\/#breadcrumb\"},\"inLanguage\":\"pt-BR\",\"potentialAction\":[{\"@type\":\"ReadAction\",\"target\":[\"https:\/\/strangercam.com\/meet-skip\/\"]}]},{\"@type\":\"ImageObject\",\"inLanguage\":\"pt-BR\",\"@id\":\"https:\/\/strangercam.com\/meet-skip\/#primaryimage\",\"url\":\"https:\/\/strangercam.com\/wp-content\/uploads\/2020\/11\/stranger-cam-1.png\",\"contentUrl\":\"https:\/\/strangercam.com\/wp-content\/uploads\/2020\/11\/stranger-cam-1.png\",\"width\":800,\"height\":800,\"caption\":\"stranger cam random video chat\"},{\"@type\":\"BreadcrumbList\",\"@id\":\"https:\/\/strangercam.com\/meet-skip\/#breadcrumb\",\"itemListElement\":[{\"@type\":\"ListItem\",\"position\":1,\"name\":\"Home\",\"item\":\"https:\/\/strangercam.com\/\"},{\"@type\":\"ListItem\",\"position\":2,\"name\":\"Meet Skip\"}]},{\"@type\":\"WebSite\",\"@id\":\"https:\/\/strangercam.com\/#website\",\"url\":\"https:\/\/strangercam.com\/\",\"name\":\"Strangercam\",\"description\":\"Random Video Chat with Strangers\",\"publisher\":{\"@id\":\"https:\/\/strangercam.com\/#organization\"},\"alternateName\":\"Strangercam.com\",\"potentialAction\":[{\"@type\":\"SearchAction\",\"target\":{\"@type\":\"EntryPoint\",\"urlTemplate\":\"https:\/\/strangercam.com\/?s={search_term_string}\"},\"query-input\":{\"@type\":\"PropertyValueSpecification\",\"valueRequired\":true,\"valueName\":\"search_term_string\"}}],\"inLanguage\":\"pt-BR\"},{\"@type\":\"Organization\",\"@id\":\"https:\/\/strangercam.com\/#organization\",\"name\":\"Strangercam\",\"alternateName\":\"Strangercam.com\",\"url\":\"https:\/\/strangercam.com\/\",\"logo\":{\"@type\":\"ImageObject\",\"inLanguage\":\"pt-BR\",\"@id\":\"https:\/\/strangercam.com\/#\/schema\/logo\/image\/\",\"url\":\"https:\/\/strangercam.com\/wp-content\/uploads\/2020\/11\/cropped-new-favicon-black.png\",\"contentUrl\":\"https:\/\/strangercam.com\/wp-content\/uploads\/2020\/11\/cropped-new-favicon-black.png\",\"width\":512,\"height\":512,\"caption\":\"Strangercam\"},\"image\":{\"@id\":\"https:\/\/strangercam.com\/#\/schema\/logo\/image\/\"},\"sameAs\":[\"https:\/\/www.facebook.com\/strangercam\",\"https:\/\/x.com\/strangercamapp\"]}]}<\/script>\n<!-- \/ Yoast SEO plugin. -->","yoast_head_json":{"title":"Meet Skip - Salas de bate-papo aleat\u00f3rias - C\u00e2mera no StrangerCam.com","description":"Gosta do Meet Skip? Venha conversar com mais de 5.000.000 de desconhecidos no Stranger Cam gratuitamente! Ligue sua c\u00e2mera e encontre novos amigos e talvez um par!","robots":{"index":"index","follow":"follow","max-snippet":"max-snippet:-1","max-image-preview":"max-image-preview:large","max-video-preview":"max-video-preview:-1"},"canonical":"https:\/\/strangercam.com\/pt-br\/meet-skip\/","og_locale":"pt_BR","og_type":"article","og_title":"Meet Skip - Random Chat Rooms - Cam on StrangerCam.com","og_description":"Like Meet Skip? Come chat with more than 5.000.000 strangers on Stranger Cam for Free! Turn on your cam and find new friends & maby a match!","og_url":"https:\/\/strangercam.com\/pt-br\/meet-skip\/","og_site_name":"Strangercam","article_publisher":"https:\/\/www.facebook.com\/strangercam","article_modified_time":"2023-08-21T10:24:42+00:00","og_image":[{"width":800,"height":800,"url":"https:\/\/strangercam.com\/wp-content\/uploads\/2020\/11\/stranger-cam-1.png","type":"image\/png"}],"twitter_card":"summary_large_image","twitter_site":"@strangercamapp","twitter_misc":{"Est. tempo de leitura":"2 minutos"},"schema":{"@context":"https:\/\/schema.org","@graph":[{"@type":"WebPage","@id":"https:\/\/strangercam.com\/meet-skip\/","url":"https:\/\/strangercam.com\/meet-skip\/","name":"Meet Skip - Salas de bate-papo aleat\u00f3rias - C\u00e2mera no StrangerCam.com","isPartOf":{"@id":"https:\/\/strangercam.com\/#website"},"primaryImageOfPage":{"@id":"https:\/\/strangercam.com\/meet-skip\/#primaryimage"},"image":{"@id":"https:\/\/strangercam.com\/meet-skip\/#primaryimage"},"thumbnailUrl":"https:\/\/strangercam.com\/wp-content\/uploads\/2020\/11\/stranger-cam-1.png","datePublished":"2021-06-20T12:16:55+00:00","dateModified":"2023-08-21T10:24:42+00:00","description":"Gosta do Meet Skip? Venha conversar com mais de 5.000.000 de desconhecidos no Stranger Cam gratuitamente! Ligue sua c\u00e2mera e encontre novos amigos e talvez um par!","breadcrumb":{"@id":"https:\/\/strangercam.com\/meet-skip\/#breadcrumb"},"inLanguage":"pt-BR","potentialAction":[{"@type":"ReadAction","target":["https:\/\/strangercam.com\/meet-skip\/"]}]},{"@type":"ImageObject","inLanguage":"pt-BR","@id":"https:\/\/strangercam.com\/meet-skip\/#primaryimage","url":"https:\/\/strangercam.com\/wp-content\/uploads\/2020\/11\/stranger-cam-1.png","contentUrl":"https:\/\/strangercam.com\/wp-content\/uploads\/2020\/11\/stranger-cam-1.png","width":800,"height":800,"caption":"stranger cam random video chat"},{"@type":"BreadcrumbList","@id":"https:\/\/strangercam.com\/meet-skip\/#breadcrumb","itemListElement":[{"@type":"ListItem","position":1,"name":"Home","item":"https:\/\/strangercam.com\/"},{"@type":"ListItem","position":2,"name":"Meet Skip"}]},{"@type":"WebSite","@id":"https:\/\/strangercam.com\/#website","url":"https:\/\/strangercam.com\/","name":"Strangercam","description":"Bate-papo por v\u00eddeo aleat\u00f3rio com estranhos","publisher":{"@id":"https:\/\/strangercam.com\/#organization"},"alternateName":"Strangercam.com","potentialAction":[{"@type":"SearchAction","target":{"@type":"EntryPoint","urlTemplate":"https:\/\/strangercam.com\/?s={search_term_string}"},"query-input":{"@type":"PropertyValueSpecification","valueRequired":true,"valueName":"search_term_string"}}],"inLanguage":"pt-BR"},{"@type":"Organization","@id":"https:\/\/strangercam.com\/#organization","name":"Strangercam","alternateName":"Strangercam.com","url":"https:\/\/strangercam.com\/","logo":{"@type":"ImageObject","inLanguage":"pt-BR","@id":"https:\/\/strangercam.com\/#\/schema\/logo\/image\/","url":"https:\/\/strangercam.com\/wp-content\/uploads\/2020\/11\/cropped-new-favicon-black.png","contentUrl":"https:\/\/strangercam.com\/wp-content\/uploads\/2020\/11\/cropped-new-favicon-black.png","width":512,"height":512,"caption":"Strangercam"},"image":{"@id":"https:\/\/strangercam.com\/#\/schema\/logo\/image\/"},"sameAs":["https:\/\/www.facebook.com\/strangercam","https:\/\/x.com\/strangercamapp"]}]}},"_links":{"self":[{"href":"https:\/\/strangercam.com\/pt-br\/wp-json\/wp\/v2\/pages\/5191","targetHints":{"allow":["GET"]}}],"collection":[{"href":"https:\/\/strangercam.com\/pt-br\/wp-json\/wp\/v2\/pages"}],"about":[{"href":"https:\/\/strangercam.com\/pt-br\/wp-json\/wp\/v2\/types\/page"}],"author":[{"embeddable":true,"href":"https:\/\/strangercam.com\/pt-br\/wp-json\/wp\/v2\/users\/6"}],"replies":[{"embeddable":true,"href":"https:\/\/strangercam.com\/pt-br\/wp-json\/wp\/v2\/comments?post=5191"}],"version-history":[{"count":0,"href":"https:\/\/strangercam.com\/pt-br\/wp-json\/wp\/v2\/pages\/5191\/revisions"}],"wp:featuredmedia":[{"embeddable":true,"href":"https:\/\/strangercam.com\/pt-br\/wp-json\/wp\/v2\/media\/559"}],"wp:attachment":[{"href":"https:\/\/strangercam.com\/pt-br\/wp-json\/wp\/v2\/media?parent=5191"}],"curies":[{"name":"wp","href":"https:\/\/api.w.org\/{rel}","templated":true}]}}