{"id":5171,"date":"2021-06-20T14:07:51","date_gmt":"2021-06-20T12:07:51","guid":{"rendered":"https:\/\/strangercam.com\/?page_id=5171"},"modified":"2023-08-21T12:24:42","modified_gmt":"2023-08-21T10:24:42","slug":"lovoo","status":"publish","type":"page","link":"https:\/\/strangercam.com\/pt-br\/lovoo\/","title":{"rendered":"Lovoo"},"content":{"rendered":"<p>Esse aplicativo de namoro on-line foi criado exclusivamente para permitir que pessoas solit\u00e1rias <a href=\"https:\/\/strangercam.com\/pt-br\/chathub\/\">bate-papo<\/a>, <a href=\"https:\/\/strangercam.com\/pt-br\/flingster\/\">flertar<\/a>e fazer novos amigos. Ele afirma oferecer mais de 4.200 combina\u00e7\u00f5es feitas todos os meses e est\u00e1 entre os melhores aplicativos para namorar e socializar. Os criadores t\u00eam tentado introduzir novos recursos continuamente para torn\u00e1-lo interessante e se adaptar \u00e0s demandas e tend\u00eancias do mercado. Ele se orgulha de ter uma alta atividade de usu\u00e1rios desde o seu lan\u00e7amento. Atualmente, tem mais de 70 milh\u00f5es de usu\u00e1rios registrados de todo o mundo. Ele tem uma boa avalia\u00e7\u00e3o de seus usu\u00e1rios atuais.<\/p>\n<h2>Como se inscrever na lovoo?<\/h2>\n<p>O registro \u00e9 f\u00e1cil e super r\u00e1pido, levando apenas de 3 a 5 minutos. Voc\u00ea pode se inscrever facilmente nesse site usando sua conta do Facebook ou de e-mail. Tamb\u00e9m \u00e9 necess\u00e1rio inserir o n\u00famero do seu celular, pois a verifica\u00e7\u00e3o por SMS ser\u00e1 necess\u00e1ria para autenticar o seu perfil. Os novos membros devem preencher algumas informa\u00e7\u00f5es b\u00e1sicas no formul\u00e1rio fornecido e tamb\u00e9m colocar sua foto de perfil. Al\u00e9m de ser obrigat\u00f3ria, a foto ajuda a atrair um n\u00famero maior de pessoas para se interessarem por seu perfil. Voc\u00ea tamb\u00e9m pode navegar pelos diferentes recursos do site sem completar seu perfil.<\/p>\n<h3>Como usar o lovoo?<\/h3>\n<p>\u00c9 muito f\u00e1cil usar esse site. Voc\u00ea pode se deparar com o recurso \"Descobrir\", que pode ser chamado de busca aleat\u00f3ria de membros. Ele permite que voc\u00ea ajuste os filtros de pesquisa com base na localiza\u00e7\u00e3o, faixa et\u00e1ria e g\u00eanero. Outro recurso interessante \u00e9 o \"Play\", que \u00e9 considerado um jogo de combina\u00e7\u00e3o. Esse recurso <a href=\"https:\/\/strangercam.com\/pt-br\/chatroulette\/\">roleta<\/a> A correspond\u00eancia de tipos exibe membros que voc\u00ea pode gostar ou avan\u00e7ar clicando na cruz (x).<\/p>\n<h3>Quais s\u00e3o os pr\u00f3s e os contras do lovoo?<\/h3>\n<p>Voc\u00ea pode bloquear facilmente usu\u00e1rios ofensivos e denunci\u00e1-los imediatamente ao administrador do site. H\u00e1 um selo de verifica\u00e7\u00e3o dispon\u00edvel. <a href=\"https:\/\/strangercam.com\/pt-br\/chat4free\/\">Gr\u00e1tis<\/a> Os membros, ao preencherem seus perfis com \u00eaxito, podem visualizar os perfis e as galerias de fotos de outros membros. Voc\u00ea pode acessar esse site em seu laptop ou at\u00e9 mesmo em seu celular. O aplicativo \u00e9 altamente interativo e oferece recursos de navega\u00e7\u00e3o f\u00e1ceis e r\u00e1pidos. O download \u00e9 gratuito para dispositivos Android e iOS. O aplicativo tamb\u00e9m oferece dois recursos adicionais, a saber <b>lovoo<\/b> <a href=\"https:\/\/strangercam.com\/pt-br\/mili\/\">Ao vivo<\/a> e Radar. Eles ajudam o aplicativo a se tornar altamente interativo. Ele tamb\u00e9m tem um belo design. No entanto, o ponto negativo \u00e9 que os perfis s\u00e3o muito pouco detalhados. Voc\u00ea obt\u00e9m informa\u00e7\u00f5es limitadas em qualquer perfil de membro, restritas a apenas idade, local, nome e se o membro est\u00e1 on-line no momento.<\/p>","protected":false},"excerpt":{"rendered":"<p>This online dating app has been created exclusively to allow lonely people to chat, flirt, and make new friends. It claims to offer 4,200+ matches being made every month and is among the best apps to date and socialize. The makers have been trying to introduce new features continuously to make it interesting and adapt [&hellip;]<\/p>\n","protected":false},"author":6,"featured_media":559,"parent":0,"menu_order":0,"comment_status":"closed","ping_status":"closed","template":"","meta":{"footnotes":""},"class_list":["post-5171","page","type-page","status-publish","has-post-thumbnail","hentry"],"yoast_head":"<!-- This site is optimized with the Yoast SEO plugin v26.9 - https:\/\/yoast.com\/product\/yoast-seo-wordpress\/ -->\n<title>Lovoo - App for Flirting and Dating - Cam on StrangerCam.com<\/title>\n<meta name=\"description\" content=\"Like Lovoo? Come chat with more than 5.000.000 strangers on Stranger Cam for Free! Turn on your cam and find new friends &amp; maby a match!\" \/>\n<meta name=\"robots\" content=\"index, follow, max-snippet:-1, max-image-preview:large, max-video-preview:-1\" \/>\n<link rel=\"canonical\" href=\"https:\/\/strangercam.com\/pt-br\/lovoo\/\" \/>\n<meta property=\"og:locale\" content=\"pt_BR\" \/>\n<meta property=\"og:type\" content=\"article\" \/>\n<meta property=\"og:title\" content=\"Lovoo - App for Flirting and Dating - Cam on StrangerCam.com\" \/>\n<meta property=\"og:description\" content=\"Like Lovoo? Come chat with more than 5.000.000 strangers on Stranger Cam for Free! Turn on your cam and find new friends &amp; maby a match!\" \/>\n<meta property=\"og:url\" content=\"https:\/\/strangercam.com\/pt-br\/lovoo\/\" \/>\n<meta property=\"og:site_name\" content=\"Strangercam\" \/>\n<meta property=\"article:publisher\" content=\"https:\/\/www.facebook.com\/strangercam\" \/>\n<meta property=\"article:modified_time\" content=\"2023-08-21T10:24:42+00:00\" \/>\n<meta property=\"og:image\" content=\"https:\/\/strangercam.com\/wp-content\/uploads\/2020\/11\/stranger-cam-1.png\" \/>\n\t<meta property=\"og:image:width\" content=\"800\" \/>\n\t<meta property=\"og:image:height\" content=\"800\" \/>\n\t<meta property=\"og:image:type\" content=\"image\/png\" \/>\n<meta name=\"twitter:card\" content=\"summary_large_image\" \/>\n<meta name=\"twitter:site\" content=\"@strangercamapp\" \/>\n<meta name=\"twitter:label1\" content=\"Est. tempo de leitura\" \/>\n\t<meta name=\"twitter:data1\" content=\"2 minutos\" \/>\n<script type=\"application\/ld+json\" class=\"yoast-schema-graph\">{\"@context\":\"https:\/\/schema.org\",\"@graph\":[{\"@type\":\"WebPage\",\"@id\":\"https:\/\/strangercam.com\/lovoo\/\",\"url\":\"https:\/\/strangercam.com\/lovoo\/\",\"name\":\"Lovoo - App for Flirting and Dating - Cam on StrangerCam.com\",\"isPartOf\":{\"@id\":\"https:\/\/strangercam.com\/#website\"},\"primaryImageOfPage\":{\"@id\":\"https:\/\/strangercam.com\/lovoo\/#primaryimage\"},\"image\":{\"@id\":\"https:\/\/strangercam.com\/lovoo\/#primaryimage\"},\"thumbnailUrl\":\"https:\/\/strangercam.com\/wp-content\/uploads\/2020\/11\/stranger-cam-1.png\",\"datePublished\":\"2021-06-20T12:07:51+00:00\",\"dateModified\":\"2023-08-21T10:24:42+00:00\",\"description\":\"Like Lovoo? Come chat with more than 5.000.000 strangers on Stranger Cam for Free! Turn on your cam and find new friends & maby a match!\",\"breadcrumb\":{\"@id\":\"https:\/\/strangercam.com\/lovoo\/#breadcrumb\"},\"inLanguage\":\"pt-BR\",\"potentialAction\":[{\"@type\":\"ReadAction\",\"target\":[\"https:\/\/strangercam.com\/lovoo\/\"]}]},{\"@type\":\"ImageObject\",\"inLanguage\":\"pt-BR\",\"@id\":\"https:\/\/strangercam.com\/lovoo\/#primaryimage\",\"url\":\"https:\/\/strangercam.com\/wp-content\/uploads\/2020\/11\/stranger-cam-1.png\",\"contentUrl\":\"https:\/\/strangercam.com\/wp-content\/uploads\/2020\/11\/stranger-cam-1.png\",\"width\":800,\"height\":800,\"caption\":\"stranger cam random video chat\"},{\"@type\":\"BreadcrumbList\",\"@id\":\"https:\/\/strangercam.com\/lovoo\/#breadcrumb\",\"itemListElement\":[{\"@type\":\"ListItem\",\"position\":1,\"name\":\"Home\",\"item\":\"https:\/\/strangercam.com\/\"},{\"@type\":\"ListItem\",\"position\":2,\"name\":\"Lovoo\"}]},{\"@type\":\"WebSite\",\"@id\":\"https:\/\/strangercam.com\/#website\",\"url\":\"https:\/\/strangercam.com\/\",\"name\":\"Strangercam\",\"description\":\"Random Video Chat with Strangers\",\"publisher\":{\"@id\":\"https:\/\/strangercam.com\/#organization\"},\"alternateName\":\"Strangercam.com\",\"potentialAction\":[{\"@type\":\"SearchAction\",\"target\":{\"@type\":\"EntryPoint\",\"urlTemplate\":\"https:\/\/strangercam.com\/?s={search_term_string}\"},\"query-input\":{\"@type\":\"PropertyValueSpecification\",\"valueRequired\":true,\"valueName\":\"search_term_string\"}}],\"inLanguage\":\"pt-BR\"},{\"@type\":\"Organization\",\"@id\":\"https:\/\/strangercam.com\/#organization\",\"name\":\"Strangercam\",\"alternateName\":\"Strangercam.com\",\"url\":\"https:\/\/strangercam.com\/\",\"logo\":{\"@type\":\"ImageObject\",\"inLanguage\":\"pt-BR\",\"@id\":\"https:\/\/strangercam.com\/#\/schema\/logo\/image\/\",\"url\":\"https:\/\/strangercam.com\/wp-content\/uploads\/2020\/11\/cropped-new-favicon-black.png\",\"contentUrl\":\"https:\/\/strangercam.com\/wp-content\/uploads\/2020\/11\/cropped-new-favicon-black.png\",\"width\":512,\"height\":512,\"caption\":\"Strangercam\"},\"image\":{\"@id\":\"https:\/\/strangercam.com\/#\/schema\/logo\/image\/\"},\"sameAs\":[\"https:\/\/www.facebook.com\/strangercam\",\"https:\/\/x.com\/strangercamapp\"]}]}<\/script>\n<!-- \/ Yoast SEO plugin. -->","yoast_head_json":{"title":"Lovoo - Aplicativo para paquera e namoro - C\u00e2mera no StrangerCam.com","description":"Gosta do Lovoo? Venha conversar com mais de 5.000.000 de desconhecidos no Stranger Cam gratuitamente! Ligue sua c\u00e2mera e encontre novos amigos e talvez um par!","robots":{"index":"index","follow":"follow","max-snippet":"max-snippet:-1","max-image-preview":"max-image-preview:large","max-video-preview":"max-video-preview:-1"},"canonical":"https:\/\/strangercam.com\/pt-br\/lovoo\/","og_locale":"pt_BR","og_type":"article","og_title":"Lovoo - App for Flirting and Dating - Cam on StrangerCam.com","og_description":"Like Lovoo? Come chat with more than 5.000.000 strangers on Stranger Cam for Free! Turn on your cam and find new friends & maby a match!","og_url":"https:\/\/strangercam.com\/pt-br\/lovoo\/","og_site_name":"Strangercam","article_publisher":"https:\/\/www.facebook.com\/strangercam","article_modified_time":"2023-08-21T10:24:42+00:00","og_image":[{"width":800,"height":800,"url":"https:\/\/strangercam.com\/wp-content\/uploads\/2020\/11\/stranger-cam-1.png","type":"image\/png"}],"twitter_card":"summary_large_image","twitter_site":"@strangercamapp","twitter_misc":{"Est. tempo de leitura":"2 minutos"},"schema":{"@context":"https:\/\/schema.org","@graph":[{"@type":"WebPage","@id":"https:\/\/strangercam.com\/lovoo\/","url":"https:\/\/strangercam.com\/lovoo\/","name":"Lovoo - Aplicativo para paquera e namoro - C\u00e2mera no StrangerCam.com","isPartOf":{"@id":"https:\/\/strangercam.com\/#website"},"primaryImageOfPage":{"@id":"https:\/\/strangercam.com\/lovoo\/#primaryimage"},"image":{"@id":"https:\/\/strangercam.com\/lovoo\/#primaryimage"},"thumbnailUrl":"https:\/\/strangercam.com\/wp-content\/uploads\/2020\/11\/stranger-cam-1.png","datePublished":"2021-06-20T12:07:51+00:00","dateModified":"2023-08-21T10:24:42+00:00","description":"Gosta do Lovoo? Venha conversar com mais de 5.000.000 de desconhecidos no Stranger Cam gratuitamente! Ligue sua c\u00e2mera e encontre novos amigos e talvez um par!","breadcrumb":{"@id":"https:\/\/strangercam.com\/lovoo\/#breadcrumb"},"inLanguage":"pt-BR","potentialAction":[{"@type":"ReadAction","target":["https:\/\/strangercam.com\/lovoo\/"]}]},{"@type":"ImageObject","inLanguage":"pt-BR","@id":"https:\/\/strangercam.com\/lovoo\/#primaryimage","url":"https:\/\/strangercam.com\/wp-content\/uploads\/2020\/11\/stranger-cam-1.png","contentUrl":"https:\/\/strangercam.com\/wp-content\/uploads\/2020\/11\/stranger-cam-1.png","width":800,"height":800,"caption":"stranger cam random video chat"},{"@type":"BreadcrumbList","@id":"https:\/\/strangercam.com\/lovoo\/#breadcrumb","itemListElement":[{"@type":"ListItem","position":1,"name":"Home","item":"https:\/\/strangercam.com\/"},{"@type":"ListItem","position":2,"name":"Lovoo"}]},{"@type":"WebSite","@id":"https:\/\/strangercam.com\/#website","url":"https:\/\/strangercam.com\/","name":"Strangercam","description":"Bate-papo por v\u00eddeo aleat\u00f3rio com estranhos","publisher":{"@id":"https:\/\/strangercam.com\/#organization"},"alternateName":"Strangercam.com","potentialAction":[{"@type":"SearchAction","target":{"@type":"EntryPoint","urlTemplate":"https:\/\/strangercam.com\/?s={search_term_string}"},"query-input":{"@type":"PropertyValueSpecification","valueRequired":true,"valueName":"search_term_string"}}],"inLanguage":"pt-BR"},{"@type":"Organization","@id":"https:\/\/strangercam.com\/#organization","name":"Strangercam","alternateName":"Strangercam.com","url":"https:\/\/strangercam.com\/","logo":{"@type":"ImageObject","inLanguage":"pt-BR","@id":"https:\/\/strangercam.com\/#\/schema\/logo\/image\/","url":"https:\/\/strangercam.com\/wp-content\/uploads\/2020\/11\/cropped-new-favicon-black.png","contentUrl":"https:\/\/strangercam.com\/wp-content\/uploads\/2020\/11\/cropped-new-favicon-black.png","width":512,"height":512,"caption":"Strangercam"},"image":{"@id":"https:\/\/strangercam.com\/#\/schema\/logo\/image\/"},"sameAs":["https:\/\/www.facebook.com\/strangercam","https:\/\/x.com\/strangercamapp"]}]}},"_links":{"self":[{"href":"https:\/\/strangercam.com\/pt-br\/wp-json\/wp\/v2\/pages\/5171","targetHints":{"allow":["GET"]}}],"collection":[{"href":"https:\/\/strangercam.com\/pt-br\/wp-json\/wp\/v2\/pages"}],"about":[{"href":"https:\/\/strangercam.com\/pt-br\/wp-json\/wp\/v2\/types\/page"}],"author":[{"embeddable":true,"href":"https:\/\/strangercam.com\/pt-br\/wp-json\/wp\/v2\/users\/6"}],"replies":[{"embeddable":true,"href":"https:\/\/strangercam.com\/pt-br\/wp-json\/wp\/v2\/comments?post=5171"}],"version-history":[{"count":0,"href":"https:\/\/strangercam.com\/pt-br\/wp-json\/wp\/v2\/pages\/5171\/revisions"}],"wp:featuredmedia":[{"embeddable":true,"href":"https:\/\/strangercam.com\/pt-br\/wp-json\/wp\/v2\/media\/559"}],"wp:attachment":[{"href":"https:\/\/strangercam.com\/pt-br\/wp-json\/wp\/v2\/media?parent=5171"}],"curies":[{"name":"wp","href":"https:\/\/api.w.org\/{rel}","templated":true}]}}