{"id":5113,"date":"2021-06-19T21:05:49","date_gmt":"2021-06-19T19:05:49","guid":{"rendered":"https:\/\/strangercam.com\/?page_id=5113"},"modified":"2023-08-21T11:40:39","modified_gmt":"2023-08-21T09:40:39","slug":"chatiw","status":"publish","type":"page","link":"https:\/\/strangercam.com\/pt-br\/chatiw\/","title":{"rendered":"Chatiw"},"content":{"rendered":"<p>Voc\u00ea pode estar tentando encontrar uma pessoa adequada on-line e, portanto, estar interessado em <a href=\"https:\/\/strangercam.com\/pt-br\/chatingly\/\">bate-papo<\/a> com estranhos aleat\u00f3rios on-line.<\/p>\n<p>Se for esse o caso, voc\u00ea est\u00e1 no lugar certo!<\/p>\n<p>Aqui est\u00e1 um guia completo de uma maravilhosa plataforma on-line por meio da qual voc\u00ea pode conversar com dezenas de estranhos em um dia.<\/p>\n<p>Parece impressionante, n\u00e3o \u00e9?<\/p>\n<p>Embora existam v\u00e1rios sites e aplicativos de namoro on-line dispon\u00edveis,\u00a0<b>chatiw<\/b> \u00e9 algo diferente. Essa plataforma baseada em bate-papo oferece a seus usu\u00e1rios <a href=\"https:\/\/strangercam.com\/pt-br\/chat4free\/\">gratuito<\/a> comunica\u00e7\u00e3o que permite que voc\u00ea se conecte com milhares de desconhecidos de diferentes pa\u00edses gratuitamente.<\/p>\n<p>N\u00e3o h\u00e1 restri\u00e7\u00f5es sobre como e com quem se comunicar, incluindo a sele\u00e7\u00e3o do local. Voc\u00ea pode <a href=\"https:\/\/strangercam.com\/pt-br\/chatroulette\/\">bate-papo<\/a> casualmente se estiver buscando algo menos s\u00e9rio ou um bom amigo. Voc\u00ea tamb\u00e9m pode aproveitar a oportunidade para procurar uma alma g\u00eamea ou um parceiro. Portanto, esse site lhe oferece imensa liberdade de a\u00e7\u00e3o, inteiramente baseada em seu humor.<\/p>\n<h2>Como se registrar no Chatiw?<\/h2>\n<p>Seu recurso de registro \u00e9 exclusivo. Voc\u00ea n\u00e3o encontrar\u00e1 um processo de registro como o Chatiw em nenhum outro lugar.<\/p>\n<p>Os usu\u00e1rios gratuitos n\u00e3o precisam se registrar para usar esse site e se conectar com estranhos. V\u00e1rios campos est\u00e3o presentes na p\u00e1gina principal do site e devem ser preenchidos correta e adequadamente.<\/p>\n<p>Isso inclui nome de usu\u00e1rio, local, sexo e idade. Uma vez feito isso, voc\u00ea estar\u00e1 pronto para come\u00e7ar a conversar com qualquer pessoa com quem queira se conectar. Esse aplicativo\/site tamb\u00e9m permite que voc\u00ea use o rastreamento por GPS para fornecer sua localiza\u00e7\u00e3o exata e a da outra pessoa.<\/p>\n<h3>Como usar o Chatiw?<\/h3>\n<p>O bate-papo \u00e9 a principal atividade oferecida por esse site. Por isso, os recursos de gr\u00e1ficos fornecidos s\u00e3o \u00f3timos. Ele permite que voc\u00ea envie informa\u00e7\u00f5es, fotos, links e consulte seu hist\u00f3rico de bate-papo.<\/p>\n<p>Mas alguns recursos s\u00e3o oferecidos somente aos clientes premium. Voc\u00ea pode bloquear e ignorar facilmente os perfis que n\u00e3o lhe interessam. Os recursos oferecidos s\u00e3o bastante interessantes e simples de usar.<\/p>\n<p>Al\u00e9m disso, o sistema de bate-papo desenvolvido \u00e9 bastante eficiente. As pessoas nessa plataforma s\u00e3o um pouco maduras, e a maioria delas sabe o que est\u00e1 procurando. Tudo aqui pode ser considerado intuitivo e direto. Se voc\u00ea estiver interessado em algu\u00e9m, basta dizer a essa pessoa e, se n\u00e3o estiver, basta ignorar.<\/p>\n<h3>Quais s\u00e3o os pr\u00f3s e os contras do Chatiw?<\/h3>\n<p>O uso desse site \u00e9 relativamente simples. A interface do site \u00e9 simples. Voc\u00ea pode us\u00e1-lo facilmente, mesmo que nunca tenha usado um site de relacionamentos antes!<\/p>\n<p>Como usu\u00e1rio gratuito, voc\u00ea tem as seguintes vantagens;<\/p>\n<ul>\n<li style=\"font-weight: 400;\" aria-level=\"1\">O registro n\u00e3o \u00e9 necess\u00e1rio, e o processo geral \u00e9 simples e gratuito.<\/li>\n<li style=\"font-weight: 400;\" aria-level=\"1\">Voc\u00ea n\u00e3o precisa perder seu tempo criando perfis longos.<\/li>\n<li style=\"font-weight: 400;\" aria-level=\"1\">Voc\u00ea pode ler e ler entradas de blog para compartilhar experi\u00eancias sobre relacionamentos, namoro e comunica\u00e7\u00e3o on-line.<\/li>\n<li style=\"font-weight: 400;\" aria-level=\"1\">\u00c9 um site fant\u00e1stico para obter entretenimento 24 horas por dia, 7 dias por semana.<\/li>\n<\/ul>\n<p>Algumas desvantagens observadas nesse site de bate-papo on-line s\u00e3o os recursos de registro inadequados.<\/p>\n<ul>\n<li style=\"font-weight: 400;\" aria-level=\"1\">Toda vez que voc\u00ea tenta entrar no site para conversar, precisa fornecer seu nome de usu\u00e1rio e outras informa\u00e7\u00f5es relevantes, mas somente para membros gratuitos.<\/li>\n<li style=\"font-weight: 400;\" aria-level=\"1\">Atualmente, h\u00e1 v\u00e1rios perfis inadequados e fraudulentos trabalhando na plataforma.<\/li>\n<li style=\"font-weight: 400;\" aria-level=\"1\">Para aproveitar todos os recursos, voc\u00ea precisa se tornar um membro VIP ou premium pagando pelo site.<\/li>\n<\/ul>\n<h3>Dicas do Chatiw<\/h3>\n<p>O Chatiw \u00e9, sem d\u00favida, uma fant\u00e1stica plataforma de bate-papo on-line, mas o bom deles \u00e9 que orientam os usu\u00e1rios.<\/p>\n<p>Eles t\u00eam um blog inteiro s\u00f3 para eles!<\/p>\n<p>No blog, eles tentam explicar as maneiras e o modo como se deve falar com outro estranho on-line. \u00c9 um bom passo em dois sentidos.<\/p>\n<ul>\n<li style=\"font-weight: 400;\" aria-level=\"1\">Primeiro, ele orienta os usu\u00e1rios e diz a eles como falar para impressionar a pessoa que est\u00e1 do outro lado.<\/li>\n<li style=\"font-weight: 400;\" aria-level=\"1\">A segunda coisa mais importante sobre este blog \u00e9 que ele diz como se comportar!<\/li>\n<\/ul>\n<p>Essa \u00e9 uma excelente maneira de dizer ao p\u00fablico que \u00e9 melhor se comportar do que ser banido!<\/p>\n<p>Por que usar o Chatiw?<\/p>\n<h3>Aplicativo m\u00f3vel<\/h3>\n<p>N\u00e3o precisa se preocupar!<\/p>\n<p>O Chatiw tamb\u00e9m tem um aplicativo m\u00f3vel. Como sabemos, n\u00e3o podemos usar navegadores o tempo todo. Para a conveni\u00eancia dos usu\u00e1rios, o Chatiw deu esse passo e introduziu esse aplicativo exclusivo.<\/p>\n<p>Se voc\u00ea for usu\u00e1rio do Android, poder\u00e1 fazer o download do aplicativo na Play Store e, se for usu\u00e1rio do iPhone, poder\u00e1 fazer o download do aplicativo na App Store.<\/p>\n<h3>Crux do Chatiw<\/h3>\n<p>O Chatiw n\u00e3o se trata apenas de texto e <a href=\"https:\/\/strangercam.com\/pt-br\/rabbit-video-chat\/\">v\u00eddeo<\/a> bate-papo. N\u00e3o se trata apenas de conversar com estranhos. Os desenvolvedores que criaram o site e depois o aplicativo tinham uma vis\u00e3o maior em mente.<\/p>\n<p>Chatiw \u00e9 sobre encontrar um parceiro perfeito, uma alma g\u00eamea!<\/p>\n<p>N\u00e3o \u00e9 como as plataformas de bate-papo comuns, que permitem apenas conversar com as pessoas e depois o que acontece aleatoriamente? Nada?<\/p>\n<p>Se fosse esse o caso, por que falar em primeiro lugar?<\/p>\n<p>Deve haver um motivo por tr\u00e1s de tudo, e o bate-papo deve levar a algum lugar; caso contr\u00e1rio, isso sobrecarregar\u00e1 ambas as partes.<\/p>\n<p>Por esse motivo, o Chatiw aprecia levar seu bate-papo para o <a href=\"https:\/\/strangercam.com\/pt-br\/nextcam\/\">pr\u00f3xima<\/a> que \u00e9 a coisa mais incr\u00edvel sobre este site.<\/p>\n<h3>Privacidade<\/h3>\n<p>Voc\u00ea est\u00e1 seguro aqui. Voc\u00ea pode compartilhar suas fotos com a pessoa de quem gosta durante o bate-papo sem se preocupar com sua privacidade. O Chatiw tem tudo o que voc\u00ea precisa!<\/p>\n<p>As pessoas evitam entrar em plataformas de bate-papo on-line por dois motivos. Um deles \u00e9 a complexidade e o outro \u00e9 a privacidade. O Chatiw tem uma solu\u00e7\u00e3o s\u00f3lida para ambos. Eles tornaram seu site simples e f\u00e1cil de usar. E quanto \u00e0 privacidade, eles t\u00eam um plano s\u00f3lido. O Chatiw coleta apenas nome, sobrenome, endere\u00e7o de e-mail, dados de uso, identificadores exclusivos de dispositivos para publicidade (ID do anunciante do Google), v\u00e1rios tipos de dados, cookies, posi\u00e7\u00e3o geogr\u00e1fica e idioma.<\/p>\n<p>Em rela\u00e7\u00e3o \u00e0 localiza\u00e7\u00e3o, eles s\u00f3 coletam a localiza\u00e7\u00e3o para encontrar um par perfeito para voc\u00ea. Encontrar um jogo \u00e0s vezes \u00e9 dif\u00edcil, mas a localiza\u00e7\u00e3o pode ajudar, pois quanto mais pr\u00f3ximo estiver seu parceiro, melhor ser\u00e1, pois j\u00e1 discutimos que o Chatiw gosta de levar as rela\u00e7\u00f5es para o pr\u00f3ximo n\u00edvel.<\/p>\n<h3>Conclus\u00e3o<\/h3>\n<p>No geral, o Chatiw \u00e9 um excelente site de bate-papo on-line. Voc\u00ea pode se divertir conversando com estranhos e fazendo novos amigos. Voc\u00ea pode fazer tudo isso enquanto mant\u00e9m sua identidade segura.<\/p>","protected":false},"excerpt":{"rendered":"<p>You may be trying to find a suitable person online and hence be interested in chatting with random strangers online. If it is the case, you are in the right place! Here is a complete guide to a wonderful online platform through which you can talk to dozens of strangers in a day. It sounds [&hellip;]<\/p>\n","protected":false},"author":6,"featured_media":559,"parent":0,"menu_order":0,"comment_status":"closed","ping_status":"closed","template":"","meta":{"footnotes":""},"class_list":["post-5113","page","type-page","status-publish","has-post-thumbnail","hentry"],"yoast_head":"<!-- This site is optimized with the Yoast SEO plugin v26.9 - https:\/\/yoast.com\/product\/yoast-seo-wordpress\/ -->\n<title>Chatiw - Free Text Chat Rooms - Cam on StrangerCam.com<\/title>\n<meta name=\"description\" content=\"Like Chatiw? Come chat with more than 5.000.000 strangers on Stranger Cam for Free! Turn on your cam and find new friends &amp; maby a match!\" \/>\n<meta name=\"robots\" content=\"index, follow, max-snippet:-1, max-image-preview:large, max-video-preview:-1\" \/>\n<link rel=\"canonical\" href=\"https:\/\/strangercam.com\/pt-br\/chatiw\/\" \/>\n<meta property=\"og:locale\" content=\"pt_BR\" \/>\n<meta property=\"og:type\" content=\"article\" \/>\n<meta property=\"og:title\" content=\"Chatiw - Free Text Chat Rooms - Cam on StrangerCam.com\" \/>\n<meta property=\"og:description\" content=\"Like Chatiw? Come chat with more than 5.000.000 strangers on Stranger Cam for Free! Turn on your cam and find new friends &amp; maby a match!\" \/>\n<meta property=\"og:url\" content=\"https:\/\/strangercam.com\/pt-br\/chatiw\/\" \/>\n<meta property=\"og:site_name\" content=\"Strangercam\" \/>\n<meta property=\"article:publisher\" content=\"https:\/\/www.facebook.com\/strangercam\" \/>\n<meta property=\"article:modified_time\" content=\"2023-08-21T09:40:39+00:00\" \/>\n<meta property=\"og:image\" content=\"https:\/\/strangercam.com\/wp-content\/uploads\/2020\/11\/stranger-cam-1.png\" \/>\n\t<meta property=\"og:image:width\" content=\"800\" \/>\n\t<meta property=\"og:image:height\" content=\"800\" \/>\n\t<meta property=\"og:image:type\" content=\"image\/png\" \/>\n<meta name=\"twitter:card\" content=\"summary_large_image\" \/>\n<meta name=\"twitter:site\" content=\"@strangercamapp\" \/>\n<meta name=\"twitter:label1\" content=\"Est. tempo de leitura\" \/>\n\t<meta name=\"twitter:data1\" content=\"5 minutos\" \/>\n<script type=\"application\/ld+json\" class=\"yoast-schema-graph\">{\"@context\":\"https:\/\/schema.org\",\"@graph\":[{\"@type\":\"WebPage\",\"@id\":\"https:\/\/strangercam.com\/chatiw\/\",\"url\":\"https:\/\/strangercam.com\/chatiw\/\",\"name\":\"Chatiw - Free Text Chat Rooms - Cam on StrangerCam.com\",\"isPartOf\":{\"@id\":\"https:\/\/strangercam.com\/#website\"},\"primaryImageOfPage\":{\"@id\":\"https:\/\/strangercam.com\/chatiw\/#primaryimage\"},\"image\":{\"@id\":\"https:\/\/strangercam.com\/chatiw\/#primaryimage\"},\"thumbnailUrl\":\"https:\/\/strangercam.com\/wp-content\/uploads\/2020\/11\/stranger-cam-1.png\",\"datePublished\":\"2021-06-19T19:05:49+00:00\",\"dateModified\":\"2023-08-21T09:40:39+00:00\",\"description\":\"Like Chatiw? Come chat with more than 5.000.000 strangers on Stranger Cam for Free! Turn on your cam and find new friends & maby a match!\",\"breadcrumb\":{\"@id\":\"https:\/\/strangercam.com\/chatiw\/#breadcrumb\"},\"inLanguage\":\"pt-BR\",\"potentialAction\":[{\"@type\":\"ReadAction\",\"target\":[\"https:\/\/strangercam.com\/chatiw\/\"]}]},{\"@type\":\"ImageObject\",\"inLanguage\":\"pt-BR\",\"@id\":\"https:\/\/strangercam.com\/chatiw\/#primaryimage\",\"url\":\"https:\/\/strangercam.com\/wp-content\/uploads\/2020\/11\/stranger-cam-1.png\",\"contentUrl\":\"https:\/\/strangercam.com\/wp-content\/uploads\/2020\/11\/stranger-cam-1.png\",\"width\":800,\"height\":800,\"caption\":\"stranger cam random video chat\"},{\"@type\":\"BreadcrumbList\",\"@id\":\"https:\/\/strangercam.com\/chatiw\/#breadcrumb\",\"itemListElement\":[{\"@type\":\"ListItem\",\"position\":1,\"name\":\"Home\",\"item\":\"https:\/\/strangercam.com\/\"},{\"@type\":\"ListItem\",\"position\":2,\"name\":\"Chatiw\"}]},{\"@type\":\"WebSite\",\"@id\":\"https:\/\/strangercam.com\/#website\",\"url\":\"https:\/\/strangercam.com\/\",\"name\":\"Strangercam\",\"description\":\"Random Video Chat with Strangers\",\"publisher\":{\"@id\":\"https:\/\/strangercam.com\/#organization\"},\"alternateName\":\"Strangercam.com\",\"potentialAction\":[{\"@type\":\"SearchAction\",\"target\":{\"@type\":\"EntryPoint\",\"urlTemplate\":\"https:\/\/strangercam.com\/?s={search_term_string}\"},\"query-input\":{\"@type\":\"PropertyValueSpecification\",\"valueRequired\":true,\"valueName\":\"search_term_string\"}}],\"inLanguage\":\"pt-BR\"},{\"@type\":\"Organization\",\"@id\":\"https:\/\/strangercam.com\/#organization\",\"name\":\"Strangercam\",\"alternateName\":\"Strangercam.com\",\"url\":\"https:\/\/strangercam.com\/\",\"logo\":{\"@type\":\"ImageObject\",\"inLanguage\":\"pt-BR\",\"@id\":\"https:\/\/strangercam.com\/#\/schema\/logo\/image\/\",\"url\":\"https:\/\/strangercam.com\/wp-content\/uploads\/2020\/11\/cropped-new-favicon-black.png\",\"contentUrl\":\"https:\/\/strangercam.com\/wp-content\/uploads\/2020\/11\/cropped-new-favicon-black.png\",\"width\":512,\"height\":512,\"caption\":\"Strangercam\"},\"image\":{\"@id\":\"https:\/\/strangercam.com\/#\/schema\/logo\/image\/\"},\"sameAs\":[\"https:\/\/www.facebook.com\/strangercam\",\"https:\/\/x.com\/strangercamapp\"]}]}<\/script>\n<!-- \/ Yoast SEO plugin. -->","yoast_head_json":{"title":"Chatiw - Salas de bate-papo com texto livre - C\u00e2mera no StrangerCam.com","description":"Gosta do Chatiw? Venha bater papo com mais de 5.000.000 de desconhecidos no Stranger Cam de gra\u00e7a! Ligue sua c\u00e2mera e encontre novos amigos e talvez um par!","robots":{"index":"index","follow":"follow","max-snippet":"max-snippet:-1","max-image-preview":"max-image-preview:large","max-video-preview":"max-video-preview:-1"},"canonical":"https:\/\/strangercam.com\/pt-br\/chatiw\/","og_locale":"pt_BR","og_type":"article","og_title":"Chatiw - Free Text Chat Rooms - Cam on StrangerCam.com","og_description":"Like Chatiw? Come chat with more than 5.000.000 strangers on Stranger Cam for Free! Turn on your cam and find new friends & maby a match!","og_url":"https:\/\/strangercam.com\/pt-br\/chatiw\/","og_site_name":"Strangercam","article_publisher":"https:\/\/www.facebook.com\/strangercam","article_modified_time":"2023-08-21T09:40:39+00:00","og_image":[{"width":800,"height":800,"url":"https:\/\/strangercam.com\/wp-content\/uploads\/2020\/11\/stranger-cam-1.png","type":"image\/png"}],"twitter_card":"summary_large_image","twitter_site":"@strangercamapp","twitter_misc":{"Est. tempo de leitura":"5 minutos"},"schema":{"@context":"https:\/\/schema.org","@graph":[{"@type":"WebPage","@id":"https:\/\/strangercam.com\/chatiw\/","url":"https:\/\/strangercam.com\/chatiw\/","name":"Chatiw - Salas de bate-papo com texto livre - C\u00e2mera no StrangerCam.com","isPartOf":{"@id":"https:\/\/strangercam.com\/#website"},"primaryImageOfPage":{"@id":"https:\/\/strangercam.com\/chatiw\/#primaryimage"},"image":{"@id":"https:\/\/strangercam.com\/chatiw\/#primaryimage"},"thumbnailUrl":"https:\/\/strangercam.com\/wp-content\/uploads\/2020\/11\/stranger-cam-1.png","datePublished":"2021-06-19T19:05:49+00:00","dateModified":"2023-08-21T09:40:39+00:00","description":"Gosta do Chatiw? Venha bater papo com mais de 5.000.000 de desconhecidos no Stranger Cam de gra\u00e7a! Ligue sua c\u00e2mera e encontre novos amigos e talvez um par!","breadcrumb":{"@id":"https:\/\/strangercam.com\/chatiw\/#breadcrumb"},"inLanguage":"pt-BR","potentialAction":[{"@type":"ReadAction","target":["https:\/\/strangercam.com\/chatiw\/"]}]},{"@type":"ImageObject","inLanguage":"pt-BR","@id":"https:\/\/strangercam.com\/chatiw\/#primaryimage","url":"https:\/\/strangercam.com\/wp-content\/uploads\/2020\/11\/stranger-cam-1.png","contentUrl":"https:\/\/strangercam.com\/wp-content\/uploads\/2020\/11\/stranger-cam-1.png","width":800,"height":800,"caption":"stranger cam random video chat"},{"@type":"BreadcrumbList","@id":"https:\/\/strangercam.com\/chatiw\/#breadcrumb","itemListElement":[{"@type":"ListItem","position":1,"name":"Home","item":"https:\/\/strangercam.com\/"},{"@type":"ListItem","position":2,"name":"Chatiw"}]},{"@type":"WebSite","@id":"https:\/\/strangercam.com\/#website","url":"https:\/\/strangercam.com\/","name":"Strangercam","description":"Bate-papo por v\u00eddeo aleat\u00f3rio com estranhos","publisher":{"@id":"https:\/\/strangercam.com\/#organization"},"alternateName":"Strangercam.com","potentialAction":[{"@type":"SearchAction","target":{"@type":"EntryPoint","urlTemplate":"https:\/\/strangercam.com\/?s={search_term_string}"},"query-input":{"@type":"PropertyValueSpecification","valueRequired":true,"valueName":"search_term_string"}}],"inLanguage":"pt-BR"},{"@type":"Organization","@id":"https:\/\/strangercam.com\/#organization","name":"Strangercam","alternateName":"Strangercam.com","url":"https:\/\/strangercam.com\/","logo":{"@type":"ImageObject","inLanguage":"pt-BR","@id":"https:\/\/strangercam.com\/#\/schema\/logo\/image\/","url":"https:\/\/strangercam.com\/wp-content\/uploads\/2020\/11\/cropped-new-favicon-black.png","contentUrl":"https:\/\/strangercam.com\/wp-content\/uploads\/2020\/11\/cropped-new-favicon-black.png","width":512,"height":512,"caption":"Strangercam"},"image":{"@id":"https:\/\/strangercam.com\/#\/schema\/logo\/image\/"},"sameAs":["https:\/\/www.facebook.com\/strangercam","https:\/\/x.com\/strangercamapp"]}]}},"_links":{"self":[{"href":"https:\/\/strangercam.com\/pt-br\/wp-json\/wp\/v2\/pages\/5113","targetHints":{"allow":["GET"]}}],"collection":[{"href":"https:\/\/strangercam.com\/pt-br\/wp-json\/wp\/v2\/pages"}],"about":[{"href":"https:\/\/strangercam.com\/pt-br\/wp-json\/wp\/v2\/types\/page"}],"author":[{"embeddable":true,"href":"https:\/\/strangercam.com\/pt-br\/wp-json\/wp\/v2\/users\/6"}],"replies":[{"embeddable":true,"href":"https:\/\/strangercam.com\/pt-br\/wp-json\/wp\/v2\/comments?post=5113"}],"version-history":[{"count":0,"href":"https:\/\/strangercam.com\/pt-br\/wp-json\/wp\/v2\/pages\/5113\/revisions"}],"wp:featuredmedia":[{"embeddable":true,"href":"https:\/\/strangercam.com\/pt-br\/wp-json\/wp\/v2\/media\/559"}],"wp:attachment":[{"href":"https:\/\/strangercam.com\/pt-br\/wp-json\/wp\/v2\/media?parent=5113"}],"curies":[{"name":"wp","href":"https:\/\/api.w.org\/{rel}","templated":true}]}}