{"id":51,"date":"2020-04-08T23:24:23","date_gmt":"2020-04-08T21:24:23","guid":{"rendered":"https:\/\/strangercam.com\/?page_id=51"},"modified":"2025-06-16T14:26:14","modified_gmt":"2025-06-16T12:26:14","slug":"regras","status":"publish","type":"page","link":"https:\/\/strangercam.com\/pt-br\/regras\/","title":{"rendered":"Regras"},"content":{"rendered":"<p>O Strangercam permite que voc\u00ea <a href=\"https:\/\/strangercam.com\/pt-br\/chatroulette\/\">bate-papo<\/a> com nossa ferramenta de bate-papo aleat\u00f3rio, gratuitamente e sem registro. Nossa miss\u00e3o \u00e9 ser um servi\u00e7o semelhante ao <a href=\"https:\/\/strangercam.com\/pt-br\/omegle\/\">Omegle<\/a> onde voc\u00ea pode se divertir e aproveitar seu tempo. Respeitar as regras e os regulamentos de nosso <a href=\"https:\/\/strangercam.com\/pt-br\/coomeet\/\">bate-papo por v\u00eddeo<\/a> \u00e9 muito importante.<\/p>\n<h2 data-start=\"145\" data-end=\"185\">Isen\u00e7\u00e3o de responsabilidade de afiliados e terceiros<\/h2>\n<p data-start=\"187\" data-end=\"675\">Strangercam \u00e9 um site de avalia\u00e7\u00e3o e afiliado. N\u00e3o somos propriet\u00e1rios nem operamos as plataformas ou <a href=\"https:\/\/strangercam.com\/pt-br\/rabbit-video-chat\/\">v\u00eddeo<\/a> ferramentas de bate-papo apresentadas ou vinculadas em nosso site. Alguns links podem ser links de afiliados, e podemos receber comiss\u00f5es ou taxas se voc\u00ea optar por se inscrever ou interagir com servi\u00e7os de terceiros por meio de nossas recomenda\u00e7\u00f5es. Seu uso de qualquer site de terceiros est\u00e1 sujeito a suas pr\u00f3prias regras e pol\u00edticas. N\u00e3o somos respons\u00e1veis pelo conte\u00fado ou pela conduta em sites ou servi\u00e7os externos vinculados ao Strangercam.<\/p>\n<h2>Proibi\u00e7\u00f5es<\/h2>\n<ul>\n<li>Usar o Strangercam com menos de 18 anos de idade.<\/li>\n<li>Divulgar vulgaridade, sexualidade ou coment\u00e1rios depressivos.<\/li>\n<li>Degradar outra pessoa com base em sua religi\u00e3o, ra\u00e7a, g\u00eanero, orienta\u00e7\u00e3o sexual ou idade.<\/li>\n<li>Assediar ou demonstrar desrespeito a outros usu\u00e1rios.<\/li>\n<li>\u00c9 proibido mostrar seu peito nu sem um rosto presente na tela.<\/li>\n<li>Converse por v\u00eddeo completamente nu ou com roupas \u00edntimas.<\/li>\n<li>Pedir ou for\u00e7ar sexo virtual.<\/li>\n<li>Mostre suas partes \u00edntimas enquanto estiver na c\u00e2mera.<\/li>\n<li>Tocar suas partes \u00edntimas e mostr\u00e1-las para a c\u00e2mera.<\/li>\n<li>Focar a c\u00e2mera abaixo do peito.<\/li>\n<li>Exibi\u00e7\u00e3o de uma mensagem de texto na tela do v\u00eddeo para direcionar os usu\u00e1rios.<\/li>\n<li>Exibi\u00e7\u00e3o de uma imagem na tela de v\u00eddeo para direcionar os usu\u00e1rios.<\/li>\n<li>Exibi\u00e7\u00e3o da tela do computador para direcionar os usu\u00e1rios.<\/li>\n<li>Uso de um emulador de webcam para direcionar os usu\u00e1rios.<\/li>\n<li>Exibi\u00e7\u00e3o de qualquer an\u00fancio de v\u00eddeo\/imagem\/texto.<\/li>\n<li>Pedir votos aos usu\u00e1rios do Strangercam em qualquer URL ou para promover seus produtos.<\/li>\n<li>Uso do site para promover ou facilitar o tr\u00e1fico humano, o tr\u00e1fico sexual, o abuso f\u00edsico ou a prostitui\u00e7\u00e3o.<\/li>\n<\/ul>\n<h2>Reclama\u00e7\u00f5es<\/h2>\n<p>Voc\u00ea pode fazer uma reclama\u00e7\u00e3o contra qualquer pessoa no Strangercam se achar que ela est\u00e1 violando nossas regras. O envio de uma captura de tela com sua reclama\u00e7\u00e3o facilitar\u00e1 e agilizar\u00e1 a tomada de provid\u00eancias. Tomaremos medidas rapidamente contra esses usu\u00e1rios.<\/p>\n<p>Se houver muitas reclama\u00e7\u00f5es contra um usu\u00e1rio espec\u00edfico, nosso sistema proibir\u00e1 esse usu\u00e1rio de acessar o site Strangercam.<\/p>\n<p>Consideramos muitos fatos antes de impedir o acesso de algu\u00e9m ao Strangercam.com. O Strangercam n\u00e3o tem a responsabilidade exclusiva de controlar spam e outras atividades vulgares. Tamb\u00e9m pedimos a sua coopera\u00e7\u00e3o, como usu\u00e1rio. N\u00e3o podemos remover nenhum infrator do Strangercam sem seu apoio. Prometemos tornar esse servi\u00e7o de bate-papo c\u00e2mera a c\u00e2mera mais agrad\u00e1vel e divertido com seu apoio.<\/p>","protected":false},"excerpt":{"rendered":"<p>Strangercam allows you to chat with our random chat tool, free of charge and without registration. Our mission is to be a similar service to Omegle where you can have fun and enjoy your time. Respecting the rules and regulations for our video chat is very important. Affiliate and Third-Party Disclaimer Strangercam is a review [&hellip;]<\/p>\n","protected":false},"author":1,"featured_media":0,"parent":0,"menu_order":0,"comment_status":"closed","ping_status":"closed","template":"","meta":{"footnotes":""},"class_list":["post-51","page","type-page","status-publish","hentry"],"yoast_head":"<!-- This site is optimized with the Yoast SEO plugin v26.9 - https:\/\/yoast.com\/product\/yoast-seo-wordpress\/ -->\n<title>Rules - Strangercam<\/title>\n<meta name=\"robots\" content=\"index, follow, max-snippet:-1, max-image-preview:large, max-video-preview:-1\" \/>\n<link rel=\"canonical\" href=\"https:\/\/strangercam.com\/pt-br\/regras\/\" \/>\n<meta property=\"og:locale\" content=\"pt_BR\" \/>\n<meta property=\"og:type\" content=\"article\" \/>\n<meta property=\"og:title\" content=\"Rules - Strangercam\" \/>\n<meta property=\"og:description\" content=\"Strangercam allows you to chat with our random chat tool, free of charge and without registration. Our mission is to be a similar service to Omegle where you can have fun and enjoy your time. Respecting the rules and regulations for our video chat is very important. Affiliate and Third-Party Disclaimer Strangercam is a review [&hellip;]\" \/>\n<meta property=\"og:url\" content=\"https:\/\/strangercam.com\/pt-br\/regras\/\" \/>\n<meta property=\"og:site_name\" content=\"Strangercam\" \/>\n<meta property=\"article:publisher\" content=\"https:\/\/www.facebook.com\/strangercam\" \/>\n<meta property=\"article:modified_time\" content=\"2025-06-16T12:26:14+00:00\" \/>\n<meta property=\"og:image\" content=\"https:\/\/strangercam.com\/wp-content\/uploads\/2021\/10\/Untitled-2.png\" \/>\n\t<meta property=\"og:image:width\" content=\"800\" \/>\n\t<meta property=\"og:image:height\" content=\"532\" \/>\n\t<meta property=\"og:image:type\" content=\"image\/png\" \/>\n<meta name=\"twitter:card\" content=\"summary_large_image\" \/>\n<meta name=\"twitter:site\" content=\"@strangercamapp\" \/>\n<meta name=\"twitter:label1\" content=\"Est. tempo de leitura\" \/>\n\t<meta name=\"twitter:data1\" content=\"2 minutos\" \/>\n<script type=\"application\/ld+json\" class=\"yoast-schema-graph\">{\"@context\":\"https:\/\/schema.org\",\"@graph\":[{\"@type\":\"WebPage\",\"@id\":\"https:\/\/strangercam.com\/rules\/\",\"url\":\"https:\/\/strangercam.com\/rules\/\",\"name\":\"Rules - Strangercam\",\"isPartOf\":{\"@id\":\"https:\/\/strangercam.com\/#website\"},\"datePublished\":\"2020-04-08T21:24:23+00:00\",\"dateModified\":\"2025-06-16T12:26:14+00:00\",\"breadcrumb\":{\"@id\":\"https:\/\/strangercam.com\/rules\/#breadcrumb\"},\"inLanguage\":\"pt-BR\",\"potentialAction\":[{\"@type\":\"ReadAction\",\"target\":[\"https:\/\/strangercam.com\/rules\/\"]}]},{\"@type\":\"BreadcrumbList\",\"@id\":\"https:\/\/strangercam.com\/rules\/#breadcrumb\",\"itemListElement\":[{\"@type\":\"ListItem\",\"position\":1,\"name\":\"Home\",\"item\":\"https:\/\/strangercam.com\/\"},{\"@type\":\"ListItem\",\"position\":2,\"name\":\"Rules\"}]},{\"@type\":\"WebSite\",\"@id\":\"https:\/\/strangercam.com\/#website\",\"url\":\"https:\/\/strangercam.com\/\",\"name\":\"Strangercam\",\"description\":\"Random Video Chat with Strangers\",\"publisher\":{\"@id\":\"https:\/\/strangercam.com\/#organization\"},\"alternateName\":\"Strangercam.com\",\"potentialAction\":[{\"@type\":\"SearchAction\",\"target\":{\"@type\":\"EntryPoint\",\"urlTemplate\":\"https:\/\/strangercam.com\/?s={search_term_string}\"},\"query-input\":{\"@type\":\"PropertyValueSpecification\",\"valueRequired\":true,\"valueName\":\"search_term_string\"}}],\"inLanguage\":\"pt-BR\"},{\"@type\":\"Organization\",\"@id\":\"https:\/\/strangercam.com\/#organization\",\"name\":\"Strangercam\",\"alternateName\":\"Strangercam.com\",\"url\":\"https:\/\/strangercam.com\/\",\"logo\":{\"@type\":\"ImageObject\",\"inLanguage\":\"pt-BR\",\"@id\":\"https:\/\/strangercam.com\/#\/schema\/logo\/image\/\",\"url\":\"https:\/\/strangercam.com\/wp-content\/uploads\/2020\/11\/cropped-new-favicon-black.png\",\"contentUrl\":\"https:\/\/strangercam.com\/wp-content\/uploads\/2020\/11\/cropped-new-favicon-black.png\",\"width\":512,\"height\":512,\"caption\":\"Strangercam\"},\"image\":{\"@id\":\"https:\/\/strangercam.com\/#\/schema\/logo\/image\/\"},\"sameAs\":[\"https:\/\/www.facebook.com\/strangercam\",\"https:\/\/x.com\/strangercamapp\"]}]}<\/script>\n<!-- \/ Yoast SEO plugin. -->","yoast_head_json":{"title":"Regras - Strangercam","robots":{"index":"index","follow":"follow","max-snippet":"max-snippet:-1","max-image-preview":"max-image-preview:large","max-video-preview":"max-video-preview:-1"},"canonical":"https:\/\/strangercam.com\/pt-br\/regras\/","og_locale":"pt_BR","og_type":"article","og_title":"Rules - Strangercam","og_description":"Strangercam allows you to chat with our random chat tool, free of charge and without registration. Our mission is to be a similar service to Omegle where you can have fun and enjoy your time. Respecting the rules and regulations for our video chat is very important. Affiliate and Third-Party Disclaimer Strangercam is a review [&hellip;]","og_url":"https:\/\/strangercam.com\/pt-br\/regras\/","og_site_name":"Strangercam","article_publisher":"https:\/\/www.facebook.com\/strangercam","article_modified_time":"2025-06-16T12:26:14+00:00","og_image":[{"width":800,"height":532,"url":"https:\/\/strangercam.com\/wp-content\/uploads\/2021\/10\/Untitled-2.png","type":"image\/png"}],"twitter_card":"summary_large_image","twitter_site":"@strangercamapp","twitter_misc":{"Est. tempo de leitura":"2 minutos"},"schema":{"@context":"https:\/\/schema.org","@graph":[{"@type":"WebPage","@id":"https:\/\/strangercam.com\/rules\/","url":"https:\/\/strangercam.com\/rules\/","name":"Regras - Strangercam","isPartOf":{"@id":"https:\/\/strangercam.com\/#website"},"datePublished":"2020-04-08T21:24:23+00:00","dateModified":"2025-06-16T12:26:14+00:00","breadcrumb":{"@id":"https:\/\/strangercam.com\/rules\/#breadcrumb"},"inLanguage":"pt-BR","potentialAction":[{"@type":"ReadAction","target":["https:\/\/strangercam.com\/rules\/"]}]},{"@type":"BreadcrumbList","@id":"https:\/\/strangercam.com\/rules\/#breadcrumb","itemListElement":[{"@type":"ListItem","position":1,"name":"Home","item":"https:\/\/strangercam.com\/"},{"@type":"ListItem","position":2,"name":"Rules"}]},{"@type":"WebSite","@id":"https:\/\/strangercam.com\/#website","url":"https:\/\/strangercam.com\/","name":"Strangercam","description":"Bate-papo por v\u00eddeo aleat\u00f3rio com estranhos","publisher":{"@id":"https:\/\/strangercam.com\/#organization"},"alternateName":"Strangercam.com","potentialAction":[{"@type":"SearchAction","target":{"@type":"EntryPoint","urlTemplate":"https:\/\/strangercam.com\/?s={search_term_string}"},"query-input":{"@type":"PropertyValueSpecification","valueRequired":true,"valueName":"search_term_string"}}],"inLanguage":"pt-BR"},{"@type":"Organization","@id":"https:\/\/strangercam.com\/#organization","name":"Strangercam","alternateName":"Strangercam.com","url":"https:\/\/strangercam.com\/","logo":{"@type":"ImageObject","inLanguage":"pt-BR","@id":"https:\/\/strangercam.com\/#\/schema\/logo\/image\/","url":"https:\/\/strangercam.com\/wp-content\/uploads\/2020\/11\/cropped-new-favicon-black.png","contentUrl":"https:\/\/strangercam.com\/wp-content\/uploads\/2020\/11\/cropped-new-favicon-black.png","width":512,"height":512,"caption":"Strangercam"},"image":{"@id":"https:\/\/strangercam.com\/#\/schema\/logo\/image\/"},"sameAs":["https:\/\/www.facebook.com\/strangercam","https:\/\/x.com\/strangercamapp"]}]}},"_links":{"self":[{"href":"https:\/\/strangercam.com\/pt-br\/wp-json\/wp\/v2\/pages\/51","targetHints":{"allow":["GET"]}}],"collection":[{"href":"https:\/\/strangercam.com\/pt-br\/wp-json\/wp\/v2\/pages"}],"about":[{"href":"https:\/\/strangercam.com\/pt-br\/wp-json\/wp\/v2\/types\/page"}],"author":[{"embeddable":true,"href":"https:\/\/strangercam.com\/pt-br\/wp-json\/wp\/v2\/users\/1"}],"replies":[{"embeddable":true,"href":"https:\/\/strangercam.com\/pt-br\/wp-json\/wp\/v2\/comments?post=51"}],"version-history":[{"count":1,"href":"https:\/\/strangercam.com\/pt-br\/wp-json\/wp\/v2\/pages\/51\/revisions"}],"predecessor-version":[{"id":12880,"href":"https:\/\/strangercam.com\/pt-br\/wp-json\/wp\/v2\/pages\/51\/revisions\/12880"}],"wp:attachment":[{"href":"https:\/\/strangercam.com\/pt-br\/wp-json\/wp\/v2\/media?parent=51"}],"curies":[{"name":"wp","href":"https:\/\/api.w.org\/{rel}","templated":true}]}}