{"id":4906,"date":"2021-06-14T19:57:32","date_gmt":"2021-06-14T17:57:32","guid":{"rendered":"https:\/\/strangercam.com\/?page_id=4906"},"modified":"2023-09-12T15:21:44","modified_gmt":"2023-09-12T13:21:44","slug":"bate-papo-gay","status":"publish","type":"page","link":"https:\/\/strangercam.com\/pt-br\/gay-chat\/","title":{"rendered":"Bate-papo gay"},"content":{"rendered":"<p>Bem-vindo ao Gay <a href=\"https:\/\/strangercam.com\/pt-br\/chatroulette\/\">Bate-papo<\/a>. Join o aplicativo de bate-papo por v\u00eddeo Gay Chat, facilitando o bate-papo com estranhos aleat\u00f3rios de forma an\u00f4nima. O Gay Chat oferece recursos de bate-papo por v\u00eddeo, incluindo m\u00e1scaras faciais, filtros de g\u00eanero e pa\u00eds, bate-papo privado e muito mais. Converse com garotas e garotos aleat\u00f3rios on-line, em qualquer lugar do mundo, instantaneamente<a href=\"https:\/\/nlcbplaywheresults.com\/\">.<\/a> Encontre um novo amigo, <a href=\"https:\/\/strangercam.com\/pt-br\/coomeet\/\">conhecer<\/a> Seu pr\u00f3ximo encontro, mostrar suas incr\u00edveis habilidades musicais, ter uma conversa aleat\u00f3ria sobre futebol, ter um bate-papo gay ou relaxar e discutir a \u00faltima s\u00e9rie da Netflix com um estranho. \u00c9 f\u00e1cil e gratuito participar do bate-papo gay e se divertir. Nunca se sabe quem pode estar esperando por voc\u00ea do outro lado da webcam!<\/p>\n<p>Se voc\u00ea deseja se conectar com novas pessoas de forma an\u00f4nima,\u00a0<a href=\"https:\/\/strangercam.com\/pt-br\/chathub\/\">bate-papo por v\u00eddeo aleat\u00f3rio<\/a>\u00a0\u00e9 a melhor e mais f\u00e1cil maneira de fazer isso, e a StrangerCam \u00e9 o bate-papo <a href=\"https:\/\/strangercam.com\/pt-br\/bazoocam\/\">c\u00e2mera<\/a> aplicativo que o levar\u00e1 at\u00e9 l\u00e1<a href=\"https:\/\/cashpotresulttoday.com\/\">.<\/a> Otimizamos nosso aplicativo para que voc\u00ea possa escolher exatamente com quem deseja vir - uma maneira nova e inovadora de se conectar com estranhos.<\/p>\n<p>Ent\u00e3o, o que est\u00e1 esperando? Entre no Chat Gay agora!<\/p>\n<h3>O bate-papo gay \u00e9 excelente!<\/h3>\n<p>N\u00e3o somos n\u00f3s que dizemos isso, mas os clientes!<\/p>\n<p>Voc\u00ea pode pensar que \u00e9 por isso que ele \u00e9 \u00f3timo? N\u00f3s temos todas as respostas!<\/p>\n<p>\u00c9 \u00f3timo por causa de sua simplicidade. \u00c9 excelente por causa das emo\u00e7\u00f5es genu\u00ednas das duas pessoas envolvidas. \u00c9 excelente porque algu\u00e9m luta contra a sociedade e se assume como gay e defende o que quer.<\/p>\n<p>Incentivamos nossos visitantes a buscar e aproveitar o que desejam. Fornecemos a eles as instala\u00e7\u00f5es que desejam!<\/p>\n<p>Quando se trata de bate-papo gay, voc\u00ea pode escolher tudo e qualquer coisa no StrangerCam.<\/p>\n<h3>An\u00f4nimo<\/h3>\n<p>Ningu\u00e9m o conhece, e voc\u00ea n\u00e3o conhece ningu\u00e9m! \u00c9 a\u00ed que entra a emo\u00e7\u00e3o!<\/p>\n<p>Voc\u00ea conversa com estranhos de forma totalmente an\u00f4nima. N\u00f3s combinamos voc\u00ea com estranhos do mundo inteiro. Voc\u00ea pode conversar com eles enquanto nos preocupamos com sua identidade e informa\u00e7\u00f5es.<\/p>\n<p>Manter sua identidade em segredo enquanto conversa com estranhos \u00e9 essencial, e n\u00f3s somos os melhores nisso. Nossa equipe de t\u00e9cnicos trabalha continuamente nisso e o mant\u00e9m a salvo de qualquer coisa que contenha danos.<\/p>\n<p>Ser an\u00f4nimo n\u00e3o significa que voc\u00ea n\u00e3o possa compartilhar nada com estranhos. Introduzimos o modo an\u00f4nimo para mant\u00ea-lo seguro, e n\u00e3o para prend\u00ea-lo em uma caixa.<\/p>\n<p>Voc\u00ea pode compartilhar suas informa\u00e7\u00f5es b\u00e1sicas com os estranhos de que gosta. Esses estranhos tamb\u00e9m podem compartilhar suas informa\u00e7\u00f5es b\u00e1sicas com voc\u00ea.<br \/>\nE se voc\u00eas gostarem um do outro e as coisas ficarem boas, voc\u00eas tamb\u00e9m podem planejar um encontro!<\/p>\n<p>O compartilhamento de informa\u00e7\u00f5es para um encontro \u00e9 obrigat\u00f3rio. No entanto, gostar\u00edamos de dizer que voc\u00ea deve considerar tudo antes de decidir conhecer seu par pessoalmente.<\/p>\n<h3>Privacidade<\/h3>\n<p>Temos uma pol\u00edtica de privacidade firme!<\/p>\n<p>N\u00e3o compartilhamos seus dados com ningu\u00e9m, nem mesmo com outros estranhos que conversam com voc\u00ea. Deixamos inteiramente a seu crit\u00e9rio falar sobre voc\u00ea para outras pessoas. Se voc\u00ea n\u00e3o quiser, ningu\u00e9m poder\u00e1 saber quem voc\u00ea \u00e9 e de onde vem.<\/p>\n<p>A venda de dados de clientes a empresas terceirizadas \u00e9 uma pr\u00e1tica comum, mas n\u00e3o para n\u00f3s. Acreditamos que a privacidade dos clientes \u00e9 um fator importante no bate-papo on-line. \u00c9 por isso que n\u00e3o compartilhamos nem vendemos seus dados com ningu\u00e9m para nenhuma finalidade, ou seja, marketing e propaganda.<br \/>\nSinta-se \u00e0 vontade para visitar a StrangerCam. \u00c9 seguro e protegido. Voc\u00ea se sentir\u00e1 em casa!<\/p>\n<h3>Ambiente seguro<\/h3>\n<p>Se voc\u00ea quiser se conectar com meninos e meninas do mundo todo, n\u00e3o h\u00e1 lugar mais seguro para fazer isso do que o StrangerCam. Entendemos as preocupa\u00e7\u00f5es relacionadas ao bate-papo on-line para adultos. \u00c9 por isso que nossa equipe tenta continuamente otimizar tudo para voc\u00ea.<\/p>\n<p>Sinta-se \u00e0 vontade para conversar com estranhos, pois voc\u00ea tem nosso apoio. \u00c9 uma plataforma para adultos, mas isso n\u00e3o significa que a deixamos aberta para tudo. Se algu\u00e9m o intimidar ou fizer algum coment\u00e1rio desse tipo, voc\u00ea poder\u00e1 fazer uma reclama\u00e7\u00e3o diretamente. A outra parte ser\u00e1 impedida de usar a StrangerCam para sempre.<\/p>\n<h3>Controle<\/h3>\n<p>\u00c9 essencial ter controle sobre o que voc\u00ea faz on-line. Especialmente quando se trata de bate-papo com v\u00eddeo para adultos, \u00e0s vezes pode ser arriscado porque as pessoas podem usar indevidamente as informa\u00e7\u00f5es que voc\u00ea forneceu na plataforma ou as pessoas.<\/p>\n<p>Mas, nesse caso, voc\u00ea n\u00e3o precisa se preocupar com nada disso. H\u00e1 v\u00e1rios recursos no site que ajudam a proteg\u00ea-lo de qualquer calamidade desse tipo. Durante o bate-papo por v\u00eddeo, voc\u00ea pode usar um filtro para ocultar seu rosto. Dessa forma, a outra pessoa nunca saber\u00e1 com quem est\u00e1 falando. A menos e at\u00e9 que voc\u00ea mesmo diga a ela.<\/p>\n<p>N\u00e3o \u00e9 \u00f3timo controlar as coisas e us\u00e1-las a seu favor? De fato, \u00e9!<\/p>","protected":false},"excerpt":{"rendered":"<p>Welcome to Gay Chat. Join the Gay Chat\u00a0video chat app, making it easy to chat with random strangers anonymously. Gay Chat offers video chat features including face masks, gender, country filters, private Chat, and much more. Chat with random girls and boys online, anywhere in the world, instantaneously. Find a new friend, meet your next [&hellip;]<\/p>\n","protected":false},"author":8,"featured_media":0,"parent":0,"menu_order":0,"comment_status":"closed","ping_status":"closed","template":"","meta":{"footnotes":""},"class_list":["post-4906","page","type-page","status-publish","hentry"],"yoast_head":"<!-- This site is optimized with the Yoast SEO plugin v27.4 - https:\/\/yoast.com\/product\/yoast-seo-wordpress\/ -->\n<title>Gay Chat - StrangerCam.com: Cam With Strangers<\/title>\n<meta name=\"description\" content=\"Gay Chat anonymously with over 5.000.000 strangers. No Sign-Up Required! Cam with strangers on StrangerCam.com.\" \/>\n<meta name=\"robots\" content=\"index, follow, max-snippet:-1, max-image-preview:large, max-video-preview:-1\" \/>\n<link rel=\"canonical\" href=\"https:\/\/strangercam.com\/pt-br\/bate-papo-gay\/\" \/>\n<meta property=\"og:locale\" content=\"pt_BR\" \/>\n<meta property=\"og:type\" content=\"article\" \/>\n<meta property=\"og:title\" content=\"Gay Chat - StrangerCam.com: Cam With Strangers\" \/>\n<meta property=\"og:description\" content=\"Gay Chat anonymously with over 5.000.000 strangers. No Sign-Up Required! Cam with strangers on StrangerCam.com.\" \/>\n<meta property=\"og:url\" content=\"https:\/\/strangercam.com\/pt-br\/bate-papo-gay\/\" \/>\n<meta property=\"og:site_name\" content=\"Strangercam\" \/>\n<meta property=\"article:publisher\" content=\"https:\/\/www.facebook.com\/strangercam\" \/>\n<meta property=\"article:modified_time\" content=\"2023-09-12T13:21:44+00:00\" \/>\n<meta property=\"og:image\" content=\"https:\/\/strangercam.com\/wp-content\/uploads\/2021\/10\/Untitled-2.png\" \/>\n\t<meta property=\"og:image:width\" content=\"800\" \/>\n\t<meta property=\"og:image:height\" content=\"532\" \/>\n\t<meta property=\"og:image:type\" content=\"image\/png\" \/>\n<meta name=\"twitter:card\" content=\"summary_large_image\" \/>\n<meta name=\"twitter:site\" content=\"@strangercamapp\" \/>\n<meta name=\"twitter:label1\" content=\"Est. tempo de leitura\" \/>\n\t<meta name=\"twitter:data1\" content=\"4 minutos\" \/>\n<script type=\"application\/ld+json\" class=\"yoast-schema-graph\">{\"@context\":\"https:\\\/\\\/schema.org\",\"@graph\":[{\"@type\":\"WebPage\",\"@id\":\"https:\\\/\\\/strangercam.com\\\/gay-chat\\\/\",\"url\":\"https:\\\/\\\/strangercam.com\\\/gay-chat\\\/\",\"name\":\"Gay Chat - StrangerCam.com: Cam With Strangers\",\"isPartOf\":{\"@id\":\"https:\\\/\\\/strangercam.com\\\/#website\"},\"datePublished\":\"2021-06-14T17:57:32+00:00\",\"dateModified\":\"2023-09-12T13:21:44+00:00\",\"description\":\"Gay Chat anonymously with over 5.000.000 strangers. No Sign-Up Required! Cam with strangers on StrangerCam.com.\",\"breadcrumb\":{\"@id\":\"https:\\\/\\\/strangercam.com\\\/gay-chat\\\/#breadcrumb\"},\"inLanguage\":\"pt-BR\",\"potentialAction\":[{\"@type\":\"ReadAction\",\"target\":[\"https:\\\/\\\/strangercam.com\\\/gay-chat\\\/\"]}]},{\"@type\":\"BreadcrumbList\",\"@id\":\"https:\\\/\\\/strangercam.com\\\/gay-chat\\\/#breadcrumb\",\"itemListElement\":[{\"@type\":\"ListItem\",\"position\":1,\"name\":\"Home\",\"item\":\"https:\\\/\\\/strangercam.com\\\/\"},{\"@type\":\"ListItem\",\"position\":2,\"name\":\"Gay Chat\"}]},{\"@type\":\"WebSite\",\"@id\":\"https:\\\/\\\/strangercam.com\\\/#website\",\"url\":\"https:\\\/\\\/strangercam.com\\\/\",\"name\":\"Strangercam\",\"description\":\"Random Video Chat with Strangers\",\"publisher\":{\"@id\":\"https:\\\/\\\/strangercam.com\\\/#organization\"},\"alternateName\":\"Strangercam.com\",\"potentialAction\":[{\"@type\":\"SearchAction\",\"target\":{\"@type\":\"EntryPoint\",\"urlTemplate\":\"https:\\\/\\\/strangercam.com\\\/?s={search_term_string}\"},\"query-input\":{\"@type\":\"PropertyValueSpecification\",\"valueRequired\":true,\"valueName\":\"search_term_string\"}}],\"inLanguage\":\"pt-BR\"},{\"@type\":\"Organization\",\"@id\":\"https:\\\/\\\/strangercam.com\\\/#organization\",\"name\":\"Strangercam\",\"alternateName\":\"Strangercam.com\",\"url\":\"https:\\\/\\\/strangercam.com\\\/\",\"logo\":{\"@type\":\"ImageObject\",\"inLanguage\":\"pt-BR\",\"@id\":\"https:\\\/\\\/strangercam.com\\\/#\\\/schema\\\/logo\\\/image\\\/\",\"url\":\"https:\\\/\\\/strangercam.com\\\/wp-content\\\/uploads\\\/2020\\\/11\\\/cropped-new-favicon-black.png\",\"contentUrl\":\"https:\\\/\\\/strangercam.com\\\/wp-content\\\/uploads\\\/2020\\\/11\\\/cropped-new-favicon-black.png\",\"width\":512,\"height\":512,\"caption\":\"Strangercam\"},\"image\":{\"@id\":\"https:\\\/\\\/strangercam.com\\\/#\\\/schema\\\/logo\\\/image\\\/\"},\"sameAs\":[\"https:\\\/\\\/www.facebook.com\\\/strangercam\",\"https:\\\/\\\/x.com\\\/strangercamapp\"]}]}<\/script>\n<!-- \/ Yoast SEO plugin. -->","yoast_head_json":{"title":"Bate-papo gay - StrangerCam.com: C\u00e2mera com estranhos","description":"Bate-papo gay an\u00f4nimo com mais de 5.000.000 de desconhecidos. N\u00e3o \u00e9 necess\u00e1rio se registrar! Cam com estranhos em StrangerCam.com.","robots":{"index":"index","follow":"follow","max-snippet":"max-snippet:-1","max-image-preview":"max-image-preview:large","max-video-preview":"max-video-preview:-1"},"canonical":"https:\/\/strangercam.com\/pt-br\/bate-papo-gay\/","og_locale":"pt_BR","og_type":"article","og_title":"Gay Chat - StrangerCam.com: Cam With Strangers","og_description":"Gay Chat anonymously with over 5.000.000 strangers. No Sign-Up Required! Cam with strangers on StrangerCam.com.","og_url":"https:\/\/strangercam.com\/pt-br\/bate-papo-gay\/","og_site_name":"Strangercam","article_publisher":"https:\/\/www.facebook.com\/strangercam","article_modified_time":"2023-09-12T13:21:44+00:00","og_image":[{"width":800,"height":532,"url":"https:\/\/strangercam.com\/wp-content\/uploads\/2021\/10\/Untitled-2.png","type":"image\/png"}],"twitter_card":"summary_large_image","twitter_site":"@strangercamapp","twitter_misc":{"Est. tempo de leitura":"4 minutos"},"schema":{"@context":"https:\/\/schema.org","@graph":[{"@type":"WebPage","@id":"https:\/\/strangercam.com\/gay-chat\/","url":"https:\/\/strangercam.com\/gay-chat\/","name":"Bate-papo gay - StrangerCam.com: C\u00e2mera com estranhos","isPartOf":{"@id":"https:\/\/strangercam.com\/#website"},"datePublished":"2021-06-14T17:57:32+00:00","dateModified":"2023-09-12T13:21:44+00:00","description":"Bate-papo gay an\u00f4nimo com mais de 5.000.000 de desconhecidos. N\u00e3o \u00e9 necess\u00e1rio se registrar! Cam com estranhos em StrangerCam.com.","breadcrumb":{"@id":"https:\/\/strangercam.com\/gay-chat\/#breadcrumb"},"inLanguage":"pt-BR","potentialAction":[{"@type":"ReadAction","target":["https:\/\/strangercam.com\/gay-chat\/"]}]},{"@type":"BreadcrumbList","@id":"https:\/\/strangercam.com\/gay-chat\/#breadcrumb","itemListElement":[{"@type":"ListItem","position":1,"name":"Home","item":"https:\/\/strangercam.com\/"},{"@type":"ListItem","position":2,"name":"Gay Chat"}]},{"@type":"WebSite","@id":"https:\/\/strangercam.com\/#website","url":"https:\/\/strangercam.com\/","name":"Strangercam","description":"Bate-papo por v\u00eddeo aleat\u00f3rio com estranhos","publisher":{"@id":"https:\/\/strangercam.com\/#organization"},"alternateName":"Strangercam.com","potentialAction":[{"@type":"SearchAction","target":{"@type":"EntryPoint","urlTemplate":"https:\/\/strangercam.com\/?s={search_term_string}"},"query-input":{"@type":"PropertyValueSpecification","valueRequired":true,"valueName":"search_term_string"}}],"inLanguage":"pt-BR"},{"@type":"Organization","@id":"https:\/\/strangercam.com\/#organization","name":"Strangercam","alternateName":"Strangercam.com","url":"https:\/\/strangercam.com\/","logo":{"@type":"ImageObject","inLanguage":"pt-BR","@id":"https:\/\/strangercam.com\/#\/schema\/logo\/image\/","url":"https:\/\/strangercam.com\/wp-content\/uploads\/2020\/11\/cropped-new-favicon-black.png","contentUrl":"https:\/\/strangercam.com\/wp-content\/uploads\/2020\/11\/cropped-new-favicon-black.png","width":512,"height":512,"caption":"Strangercam"},"image":{"@id":"https:\/\/strangercam.com\/#\/schema\/logo\/image\/"},"sameAs":["https:\/\/www.facebook.com\/strangercam","https:\/\/x.com\/strangercamapp"]}]}},"_links":{"self":[{"href":"https:\/\/strangercam.com\/pt-br\/wp-json\/wp\/v2\/pages\/4906","targetHints":{"allow":["GET"]}}],"collection":[{"href":"https:\/\/strangercam.com\/pt-br\/wp-json\/wp\/v2\/pages"}],"about":[{"href":"https:\/\/strangercam.com\/pt-br\/wp-json\/wp\/v2\/types\/page"}],"author":[{"embeddable":true,"href":"https:\/\/strangercam.com\/pt-br\/wp-json\/wp\/v2\/users\/8"}],"replies":[{"embeddable":true,"href":"https:\/\/strangercam.com\/pt-br\/wp-json\/wp\/v2\/comments?post=4906"}],"version-history":[{"count":0,"href":"https:\/\/strangercam.com\/pt-br\/wp-json\/wp\/v2\/pages\/4906\/revisions"}],"wp:attachment":[{"href":"https:\/\/strangercam.com\/pt-br\/wp-json\/wp\/v2\/media?parent=4906"}],"curies":[{"name":"wp","href":"https:\/\/api.w.org\/{rel}","templated":true}]}}