{"id":4887,"date":"2021-06-14T19:18:17","date_gmt":"2021-06-14T17:18:17","guid":{"rendered":"https:\/\/strangercam.com\/?page_id=4887"},"modified":"2023-08-21T12:40:47","modified_gmt":"2023-08-21T10:40:47","slug":"bate-papo-com-estranhos","status":"publish","type":"page","link":"https:\/\/strangercam.com\/pt-br\/stranger-chat\/","title":{"rendered":"Bate-papo com estranhos"},"content":{"rendered":"<p>Bem-vindo ao Stranger <a href=\"https:\/\/strangercam.com\/pt-br\/chathub\/\">Bate-papo<\/a>. Join o aplicativo de bate-papo por v\u00eddeo Stranger Chat, facilitando o bate-papo com estranhos aleat\u00f3rios de forma an\u00f4nima<a href=\"https:\/\/cashpotresulttoday.com\/\">.<\/a> O Stranger Chat oferece recursos de bate-papo por v\u00eddeo, incluindo m\u00e1scaras faciais, filtros de g\u00eanero e pa\u00eds, bate-papo privado e muito mais. Converse com garotas e garotos aleat\u00f3rios on-line, em qualquer lugar do mundo, instantaneamente. Encontre um novo amigo, <a href=\"https:\/\/strangercam.com\/pt-br\/coomeet\/\">conhecer<\/a> Seu pr\u00f3ximo encontro, mostrar suas incr\u00edveis habilidades musicais, ter uma conversa aleat\u00f3ria sobre futebol, ter um Stranger Chat ou apenas relaxar e discutir a \u00faltima s\u00e9rie da Netflix com um estranho. \u00c9 gr\u00e1tis e f\u00e1cil bater papo com estranhos e se divertir. Nunca se sabe quem pode estar esperando por voc\u00ea do outro lado da webcam!<\/p>\n<p>Todos n\u00f3s precisamos de uma atividade para nos animar, e nenhuma atividade \u00e9 melhor do que conversar com outras pessoas e compartilhar experi\u00eancias com elas<a href=\"https:\/\/nlcbplaywheresults.com\/\">.<\/a> No passado, isso n\u00e3o era f\u00e1cil, mas agora n\u00e3o \u00e9 mais. A StrangerCam trouxe a voc\u00ea uma excelente oportunidade de conversar com estranhos em todo o mundo. Join us and have fun!<\/p>\n<p>Se voc\u00ea deseja se conectar com novas pessoas de forma an\u00f4nima, o bate-papo por v\u00eddeo aleat\u00f3rio \u00e9 a melhor e mais f\u00e1cil maneira de fazer isso, e o StrangerCam \u00e9 o bate-papo <a href=\"https:\/\/strangercam.com\/pt-br\/bazoocam\/\">c\u00e2mera<\/a> aplicativo que o levar\u00e1 at\u00e9 l\u00e1. Otimizamos nosso aplicativo para que voc\u00ea possa escolher exatamente com quem quer acampar - uma maneira nova e inovadora de se conectar com estranhos.<\/p>\n<p>Ent\u00e3o, o que est\u00e1 esperando? Participe do Stranger Chat agora!<\/p>\n<h2>Encontrar novas pessoas on-line com facilidade no StrangerCam<\/h2>\n<p>Encontrar novas pessoas on-line nunca foi t\u00e3o f\u00e1cil!<\/p>\n<p>Encontrar novas pessoas em <a href=\"https:\/\/strangercam.com\/pt-br\/chatroulette\/\">Chatroulette<\/a> \u00e9 divertido. A StrangerCam \u00e9 uma plataforma on-line. Ela permite que os usu\u00e1rios conversem com estranhos sem nenhum registro. Ela tem apenas o recurso de webcam no centro, o que permite que a pessoa inicie um bate-papo rapidamente. H\u00e1 muitas op\u00e7\u00f5es de bate-papo dispon\u00edveis na plataforma. Voc\u00ea pode iniciar um bate-papo em segundos. Basta abrir o site, digitar seu g\u00eanero e selecionar o pa\u00eds de sua prefer\u00eancia. Encontraremos os poss\u00edveis parceiros que voc\u00ea est\u00e1 procurando.<\/p>\n<p>Ele tamb\u00e9m permite que os usu\u00e1rios conversem e compartilhem informa\u00e7\u00f5es importantes com pessoas selecionadas. Os servi\u00e7os s\u00e3o totalmente gratuitos e permitem que os usu\u00e1rios encontrem estranhos com interesses em comum. Os usu\u00e1rios tamb\u00e9m podem pressionar o bot\u00e3o \"pular\" se n\u00e3o gostarem de conversar com a pessoa e passar para a pr\u00f3xima. Tudo o que estamos fazendo \u00e9 para manter nossos clientes satisfeitos de todas as formas poss\u00edveis.<\/p>\n<h2>Sele\u00e7\u00e3o<\/h2>\n<p>Sempre que abrir o site, voc\u00ea ver\u00e1 diferentes op\u00e7\u00f5es para escolher. Voc\u00ea ter\u00e1 a op\u00e7\u00e3o de selecionar o g\u00eanero de sua prefer\u00eancia. A StrangerCam, ent\u00e3o, por meio de sua forte rede de IA, encontrar\u00e1 seu par.<br \/>\nTer a facilidade de decidir suas escolhas sempre que usar a plataforma \u00e9 fant\u00e1stico. Voc\u00ea sente que tem todo o poder com quem deseja conversar e bater papo por divers\u00e3o. Damos poder aos nossos clientes. Voc\u00ea n\u00e3o pode conversar com ningu\u00e9m sem o consentimento da pessoa. Ambas as partes precisam selecionar. E voc\u00ea ser\u00e1 correspondido se selecionar algu\u00e9m. Desde que ambas as pessoas concordem em conversar entre si, elas poder\u00e3o conversar sem restri\u00e7\u00f5es e preocupa\u00e7\u00f5es.<\/p>\n<h2>Controle sobre as informa\u00e7\u00f5es e facilidade para encontrar um par em potencial<\/h2>\n<p>Esperamos que voc\u00ea j\u00e1 tenha entendido tudo sobre essa fant\u00e1stica plataforma de bate-papo por v\u00eddeo para adultos. Mas h\u00e1 algo mais importante a ser mencionado aqui!<\/p>\n<p>N\u00e3o compartilhamos suas informa\u00e7\u00f5es com ningu\u00e9m. Estamos aqui para proteg\u00ea-lo de todas as formas. Suas informa\u00e7\u00f5es est\u00e3o seguras conosco. N\u00e3o compartilhamos suas informa\u00e7\u00f5es com ningu\u00e9m.<\/p>\n<p>Da mesma forma, estamos aqui para facilitar sua vida. Nosso sistema inteligente o ajuda a encontrar o tipo de pessoa que voc\u00ea est\u00e1 procurando!<br \/>\nVoc\u00ea tem muitas op\u00e7\u00f5es para escolher. O mundo est\u00e1 aberto para voc\u00ea. V\u00e1 e pegue o que \u00e9 seu!<\/p>","protected":false},"excerpt":{"rendered":"<p>Welcome to Stranger Chat. Join the Stranger Chat video chat app, making it easy to chat with random strangers anonymously. Stranger Chat offers video chat features including face masks, gender and country filters, private chat, and much more. Chat with random girls and boys online, anywhere in the world, instantaneously. Find a new friend, meet [&hellip;]<\/p>\n","protected":false},"author":6,"featured_media":0,"parent":0,"menu_order":0,"comment_status":"closed","ping_status":"closed","template":"","meta":{"footnotes":""},"class_list":["post-4887","page","type-page","status-publish","hentry"],"yoast_head":"<!-- This site is optimized with the Yoast SEO plugin v27.4 - https:\/\/yoast.com\/product\/yoast-seo-wordpress\/ -->\n<title>Stranger Chat - StrangerCam.com: Cam With Strangers<\/title>\n<meta name=\"description\" content=\"Stranger Chat anonymously with over 5.000.000 strangers. No Sign-Up Required! Cam with strangers on StrangerCam.com.\" \/>\n<meta name=\"robots\" content=\"index, follow, max-snippet:-1, max-image-preview:large, max-video-preview:-1\" \/>\n<link rel=\"canonical\" href=\"https:\/\/strangercam.com\/pt-br\/bate-papo-com-estranhos\/\" \/>\n<meta property=\"og:locale\" content=\"pt_BR\" \/>\n<meta property=\"og:type\" content=\"article\" \/>\n<meta property=\"og:title\" content=\"Stranger Chat - StrangerCam.com: Cam With Strangers\" \/>\n<meta property=\"og:description\" content=\"Stranger Chat anonymously with over 5.000.000 strangers. No Sign-Up Required! Cam with strangers on StrangerCam.com.\" \/>\n<meta property=\"og:url\" content=\"https:\/\/strangercam.com\/pt-br\/bate-papo-com-estranhos\/\" \/>\n<meta property=\"og:site_name\" content=\"Strangercam\" \/>\n<meta property=\"article:publisher\" content=\"https:\/\/www.facebook.com\/strangercam\" \/>\n<meta property=\"article:modified_time\" content=\"2023-08-21T10:40:47+00:00\" \/>\n<meta property=\"og:image\" content=\"https:\/\/strangercam.com\/wp-content\/uploads\/2021\/10\/Untitled-2.png\" \/>\n\t<meta property=\"og:image:width\" content=\"800\" \/>\n\t<meta property=\"og:image:height\" content=\"532\" \/>\n\t<meta property=\"og:image:type\" content=\"image\/png\" \/>\n<meta name=\"twitter:card\" content=\"summary_large_image\" \/>\n<meta name=\"twitter:site\" content=\"@strangercamapp\" \/>\n<meta name=\"twitter:label1\" content=\"Est. tempo de leitura\" \/>\n\t<meta name=\"twitter:data1\" content=\"3 minutos\" \/>\n<script type=\"application\/ld+json\" class=\"yoast-schema-graph\">{\"@context\":\"https:\\\/\\\/schema.org\",\"@graph\":[{\"@type\":\"WebPage\",\"@id\":\"https:\\\/\\\/strangercam.com\\\/stranger-chat\\\/\",\"url\":\"https:\\\/\\\/strangercam.com\\\/stranger-chat\\\/\",\"name\":\"Stranger Chat - StrangerCam.com: Cam With Strangers\",\"isPartOf\":{\"@id\":\"https:\\\/\\\/strangercam.com\\\/#website\"},\"datePublished\":\"2021-06-14T17:18:17+00:00\",\"dateModified\":\"2023-08-21T10:40:47+00:00\",\"description\":\"Stranger Chat anonymously with over 5.000.000 strangers. No Sign-Up Required! Cam with strangers on StrangerCam.com.\",\"breadcrumb\":{\"@id\":\"https:\\\/\\\/strangercam.com\\\/stranger-chat\\\/#breadcrumb\"},\"inLanguage\":\"pt-BR\",\"potentialAction\":[{\"@type\":\"ReadAction\",\"target\":[\"https:\\\/\\\/strangercam.com\\\/stranger-chat\\\/\"]}]},{\"@type\":\"BreadcrumbList\",\"@id\":\"https:\\\/\\\/strangercam.com\\\/stranger-chat\\\/#breadcrumb\",\"itemListElement\":[{\"@type\":\"ListItem\",\"position\":1,\"name\":\"Home\",\"item\":\"https:\\\/\\\/strangercam.com\\\/\"},{\"@type\":\"ListItem\",\"position\":2,\"name\":\"Stranger Chat\"}]},{\"@type\":\"WebSite\",\"@id\":\"https:\\\/\\\/strangercam.com\\\/#website\",\"url\":\"https:\\\/\\\/strangercam.com\\\/\",\"name\":\"Strangercam\",\"description\":\"Random Video Chat with Strangers\",\"publisher\":{\"@id\":\"https:\\\/\\\/strangercam.com\\\/#organization\"},\"alternateName\":\"Strangercam.com\",\"potentialAction\":[{\"@type\":\"SearchAction\",\"target\":{\"@type\":\"EntryPoint\",\"urlTemplate\":\"https:\\\/\\\/strangercam.com\\\/?s={search_term_string}\"},\"query-input\":{\"@type\":\"PropertyValueSpecification\",\"valueRequired\":true,\"valueName\":\"search_term_string\"}}],\"inLanguage\":\"pt-BR\"},{\"@type\":\"Organization\",\"@id\":\"https:\\\/\\\/strangercam.com\\\/#organization\",\"name\":\"Strangercam\",\"alternateName\":\"Strangercam.com\",\"url\":\"https:\\\/\\\/strangercam.com\\\/\",\"logo\":{\"@type\":\"ImageObject\",\"inLanguage\":\"pt-BR\",\"@id\":\"https:\\\/\\\/strangercam.com\\\/#\\\/schema\\\/logo\\\/image\\\/\",\"url\":\"https:\\\/\\\/strangercam.com\\\/wp-content\\\/uploads\\\/2020\\\/11\\\/cropped-new-favicon-black.png\",\"contentUrl\":\"https:\\\/\\\/strangercam.com\\\/wp-content\\\/uploads\\\/2020\\\/11\\\/cropped-new-favicon-black.png\",\"width\":512,\"height\":512,\"caption\":\"Strangercam\"},\"image\":{\"@id\":\"https:\\\/\\\/strangercam.com\\\/#\\\/schema\\\/logo\\\/image\\\/\"},\"sameAs\":[\"https:\\\/\\\/www.facebook.com\\\/strangercam\",\"https:\\\/\\\/x.com\\\/strangercamapp\"]}]}<\/script>\n<!-- \/ Yoast SEO plugin. -->","yoast_head_json":{"title":"Bate-papo com estranhos - StrangerCam.com: C\u00e2mera com estranhos","description":"Bate-papo an\u00f4nimo com mais de 5.000.000 de estranhos. N\u00e3o \u00e9 necess\u00e1rio se registrar! Converse com estranhos em StrangerCam.com.","robots":{"index":"index","follow":"follow","max-snippet":"max-snippet:-1","max-image-preview":"max-image-preview:large","max-video-preview":"max-video-preview:-1"},"canonical":"https:\/\/strangercam.com\/pt-br\/bate-papo-com-estranhos\/","og_locale":"pt_BR","og_type":"article","og_title":"Stranger Chat - StrangerCam.com: Cam With Strangers","og_description":"Stranger Chat anonymously with over 5.000.000 strangers. No Sign-Up Required! Cam with strangers on StrangerCam.com.","og_url":"https:\/\/strangercam.com\/pt-br\/bate-papo-com-estranhos\/","og_site_name":"Strangercam","article_publisher":"https:\/\/www.facebook.com\/strangercam","article_modified_time":"2023-08-21T10:40:47+00:00","og_image":[{"width":800,"height":532,"url":"https:\/\/strangercam.com\/wp-content\/uploads\/2021\/10\/Untitled-2.png","type":"image\/png"}],"twitter_card":"summary_large_image","twitter_site":"@strangercamapp","twitter_misc":{"Est. tempo de leitura":"3 minutos"},"schema":{"@context":"https:\/\/schema.org","@graph":[{"@type":"WebPage","@id":"https:\/\/strangercam.com\/stranger-chat\/","url":"https:\/\/strangercam.com\/stranger-chat\/","name":"Bate-papo com estranhos - StrangerCam.com: C\u00e2mera com estranhos","isPartOf":{"@id":"https:\/\/strangercam.com\/#website"},"datePublished":"2021-06-14T17:18:17+00:00","dateModified":"2023-08-21T10:40:47+00:00","description":"Bate-papo an\u00f4nimo com mais de 5.000.000 de estranhos. N\u00e3o \u00e9 necess\u00e1rio se registrar! Converse com estranhos em StrangerCam.com.","breadcrumb":{"@id":"https:\/\/strangercam.com\/stranger-chat\/#breadcrumb"},"inLanguage":"pt-BR","potentialAction":[{"@type":"ReadAction","target":["https:\/\/strangercam.com\/stranger-chat\/"]}]},{"@type":"BreadcrumbList","@id":"https:\/\/strangercam.com\/stranger-chat\/#breadcrumb","itemListElement":[{"@type":"ListItem","position":1,"name":"Home","item":"https:\/\/strangercam.com\/"},{"@type":"ListItem","position":2,"name":"Stranger Chat"}]},{"@type":"WebSite","@id":"https:\/\/strangercam.com\/#website","url":"https:\/\/strangercam.com\/","name":"Strangercam","description":"Bate-papo por v\u00eddeo aleat\u00f3rio com estranhos","publisher":{"@id":"https:\/\/strangercam.com\/#organization"},"alternateName":"Strangercam.com","potentialAction":[{"@type":"SearchAction","target":{"@type":"EntryPoint","urlTemplate":"https:\/\/strangercam.com\/?s={search_term_string}"},"query-input":{"@type":"PropertyValueSpecification","valueRequired":true,"valueName":"search_term_string"}}],"inLanguage":"pt-BR"},{"@type":"Organization","@id":"https:\/\/strangercam.com\/#organization","name":"Strangercam","alternateName":"Strangercam.com","url":"https:\/\/strangercam.com\/","logo":{"@type":"ImageObject","inLanguage":"pt-BR","@id":"https:\/\/strangercam.com\/#\/schema\/logo\/image\/","url":"https:\/\/strangercam.com\/wp-content\/uploads\/2020\/11\/cropped-new-favicon-black.png","contentUrl":"https:\/\/strangercam.com\/wp-content\/uploads\/2020\/11\/cropped-new-favicon-black.png","width":512,"height":512,"caption":"Strangercam"},"image":{"@id":"https:\/\/strangercam.com\/#\/schema\/logo\/image\/"},"sameAs":["https:\/\/www.facebook.com\/strangercam","https:\/\/x.com\/strangercamapp"]}]}},"_links":{"self":[{"href":"https:\/\/strangercam.com\/pt-br\/wp-json\/wp\/v2\/pages\/4887","targetHints":{"allow":["GET"]}}],"collection":[{"href":"https:\/\/strangercam.com\/pt-br\/wp-json\/wp\/v2\/pages"}],"about":[{"href":"https:\/\/strangercam.com\/pt-br\/wp-json\/wp\/v2\/types\/page"}],"author":[{"embeddable":true,"href":"https:\/\/strangercam.com\/pt-br\/wp-json\/wp\/v2\/users\/6"}],"replies":[{"embeddable":true,"href":"https:\/\/strangercam.com\/pt-br\/wp-json\/wp\/v2\/comments?post=4887"}],"version-history":[{"count":0,"href":"https:\/\/strangercam.com\/pt-br\/wp-json\/wp\/v2\/pages\/4887\/revisions"}],"wp:attachment":[{"href":"https:\/\/strangercam.com\/pt-br\/wp-json\/wp\/v2\/media?parent=4887"}],"curies":[{"name":"wp","href":"https:\/\/api.w.org\/{rel}","templated":true}]}}