{"id":4869,"date":"2025-09-23T11:15:28","date_gmt":"2025-09-23T09:15:28","guid":{"rendered":"https:\/\/strangercam.com\/?page_id=4869"},"modified":"2025-09-23T12:42:03","modified_gmt":"2025-09-23T10:42:03","slug":"onde-posso-conversar-com-garotas-aleatorias","status":"publish","type":"page","link":"https:\/\/strangercam.com\/pt-br\/onde-posso-conversar-com-garotas-aleatorias\/","title":{"rendered":"Onde posso conversar com garotas aleat\u00f3rias"},"content":{"rendered":"<p>Se voc\u00ea est\u00e1 se perguntando: \"Onde posso conversar com garotas aleat\u00f3rias?\", voc\u00ea n\u00e3o est\u00e1 sozinho. Todos os meses, milh\u00f5es de pessoas procuram maneiras de se conectar instantaneamente com garotas on-line - seja por divers\u00e3o, paquera casual ou para fazer novos amigos em todo o mundo. A boa not\u00edcia? Est\u00e1 mais f\u00e1cil do que nunca encontrar plataformas seguras, gratuitas e reais onde voc\u00ea pode conversar com garotas aleat\u00f3rias sem longas inscri\u00e7\u00f5es ou taxas ocultas.<\/p>\n<p>Com plataformas como a StrangerCam, voc\u00ea pode come\u00e7ar a conversar com garotas em segundos. Sem downloads, sem perfis, sem cart\u00f5es de cr\u00e9dito - apenas conversas genu\u00ednas com mulheres do mundo todo que tamb\u00e9m est\u00e3o procurando se conectar.<\/p>\n<p>Neste guia, abordaremos tudo o que voc\u00ea precisa saber: onde voc\u00ea pode conversar com garotas aleat\u00f3rias, quais recursos s\u00e3o mais importantes, compara\u00e7\u00f5es das principais plataformas, depoimentos reais, dicas de seguran\u00e7a e por que a StrangerCam \u00e9 uma das melhores op\u00e7\u00f5es atualmente.<\/p>\n<h2>Por que as pessoas querem conversar com garotas aleat\u00f3rias<\/h2>\n<p>A busca por bate-papo com garotas aleat\u00f3rias cresceu muito, e aqui est\u00e1 o motivo:<\/p>\n<ul>\n<li>Al\u00edvio da solid\u00e3o e do t\u00e9dio: Conversar com garotas on-line ajuda a quebrar a rotina.<\/li>\n<li>Paquera casual: Muitos usu\u00e1rios gostam de conversas descontra\u00eddas sem press\u00e3o.<\/li>\n<li>Fazer amigos: \u00c9 uma maneira divertida de conhecer pessoas fora de seu c\u00edrculo.<\/li>\n<li>Experi\u00eancia global: Voc\u00ea pode conhecer mulheres de pa\u00edses que nunca visitou.<\/li>\n<li>Conex\u00f5es reais: O v\u00eddeo ao vivo prova que voc\u00ea est\u00e1 falando com uma pessoa real, n\u00e3o com um bot.<\/li>\n<\/ul>\n<h2>Onde voc\u00ea pode conversar com garotas aleat\u00f3rias on-line?<\/h2>\n<p>H\u00e1 muitas plataformas que permitem que voc\u00ea converse com garotas aleat\u00f3rias - algumas gratuitas, outras pagas. Aqui est\u00e3o os principais tipos:<\/p>\n<h3>1. Sites aleat\u00f3rios de bate-papo por v\u00eddeo<\/h3>\n<p>Sites em que voc\u00ea liga sua webcam e \u00e9 instantaneamente emparelhado com uma garota. Exemplos: StrangerCam, <a href=\"https:\/\/strangercam.com\/pt-br\/chatroulette\/\">Chatroulette<\/a>, Shagle.<\/p>\n<h3>2. Aplicativos de bate-papo com filtros de g\u00eanero<\/h3>\n<p>Aplicativos m\u00f3veis como <a href=\"https:\/\/strangercam.com\/pt-br\/ometv\/\">OmeTV<\/a> ou Chatrandom permitem bate-papos aleat\u00f3rios, mas geralmente cobram pelos filtros femininos.<\/p>\n<h3>3. Plataformas de v\u00eddeo pagas voltadas para o namoro<\/h3>\n<p>Sites como <a href=\"https:\/\/strangercam.com\/pt-br\/coomeet\/\">CooMeet<\/a> ou o LuckyCrush s\u00e3o especializados em encontros de homens com mulheres, mas exigem pagamento ap\u00f3s testes curtos.<\/p>\n<h3>4. Plataformas gratuitas sem registro<\/h3>\n<p>A StrangerCam est\u00e1 entre as \u00fanicas plataformas que permitem que voc\u00ea converse com garotas aleat\u00f3rias gratuitamente, sem necessidade de cadastro.<\/p>\n<h2>Quais recursos s\u00e3o mais importantes<\/h2>\n<p>Ao decidir onde conversar com garotas aleat\u00f3rias, veja o que voc\u00ea deve procurar:<\/p>\n<ul>\n<li>Filtro de g\u00eanero gratuito - Caso contr\u00e1rio, voc\u00ea pode ser emparelhado com homens aleat\u00f3rios.<\/li>\n<li>N\u00e3o \u00e9 necess\u00e1rio se inscrever - As melhores plataformas permitem que voc\u00ea se inscreva instantaneamente.<\/li>\n<li>Op\u00e7\u00f5es de bate-papo por v\u00eddeo - Ver algu\u00e9m em <a href=\"https:\/\/strangercam.com\/pt-br\/bazoocam\/\">c\u00e2mera<\/a> garante que eles s\u00e3o reais.<\/li>\n<li>Modera\u00e7\u00e3o e den\u00fancia - Mant\u00e9m a experi\u00eancia segura e respeitosa.<\/li>\n<li>Compat\u00edvel com dispositivos m\u00f3veis e computadores - funciona onde quer que voc\u00ea esteja.<\/li>\n<li>Alcance global - Uma grande base de usu\u00e1rios do sexo feminino garante variedade.<\/li>\n<\/ul>\n<h2>Melhores plataformas para conversar com garotas aleat\u00f3rias em 2025<\/h2>\n<p>Aqui est\u00e1 uma compara\u00e7\u00e3o de plataformas populares onde voc\u00ea pode conversar com garotas aleat\u00f3rias:<\/p>\n<table>\n<thead>\n<tr>\n<th>Plataforma<\/th>\n<th align=\"center\">Acesso gratuito<\/th>\n<th align=\"center\">Filtro de g\u00eanero<\/th>\n<th align=\"center\">Registro necess\u00e1rio<\/th>\n<th align=\"center\">Suporte m\u00f3vel<\/th>\n<th align=\"center\">Modera\u00e7\u00e3o<\/th>\n<th>Notas<\/th>\n<\/tr>\n<\/thead>\n<tbody>\n<tr>\n<td>StrangerCam<\/td>\n<td align=\"center\">\u2705<\/td>\n<td align=\"center\">\u2705 (Gratuito)<\/td>\n<td align=\"center\">\u274c<\/td>\n<td align=\"center\">\u2705<\/td>\n<td align=\"center\">\u2705<\/td>\n<td>Melhor escolha, filtro de garota real e gratuito<\/td>\n<\/tr>\n<tr>\n<td>Chatroulette<\/td>\n<td align=\"center\">\u2705<\/td>\n<td align=\"center\">\u274c (Pago)<\/td>\n<td align=\"center\">\u274c<\/td>\n<td align=\"center\">\u2705<\/td>\n<td align=\"center\">\u2705<\/td>\n<td>Cl\u00e1ssico, mas sem filtros gratuitos<\/td>\n<\/tr>\n<tr>\n<td>Chatrandom<\/td>\n<td align=\"center\">\u2705<\/td>\n<td align=\"center\">\u274c (Pago)<\/td>\n<td align=\"center\">\u274c<\/td>\n<td align=\"center\">\u2705<\/td>\n<td align=\"center\">\u2705<\/td>\n<td>Popular, mas exige upgrades premium<\/td>\n<\/tr>\n<tr>\n<td>Shagle<\/td>\n<td align=\"center\">\u2705<\/td>\n<td align=\"center\">\u274c (Pago)<\/td>\n<td align=\"center\">\u274c<\/td>\n<td align=\"center\">\u2705<\/td>\n<td align=\"center\">\u2705<\/td>\n<td>Gratuito para come\u00e7ar, mas com filtros limitados<\/td>\n<\/tr>\n<tr>\n<td>CooMeet<\/td>\n<td align=\"center\">\u274c (Teste)<\/td>\n<td align=\"center\">\u2705<\/td>\n<td align=\"center\">\u2705<\/td>\n<td align=\"center\">\u2705<\/td>\n<td align=\"center\">\u2705<\/td>\n<td>Pago, focado em encontros entre homens e mulheres<\/td>\n<\/tr>\n<tr>\n<td>LuckyCrush<\/td>\n<td align=\"center\">\u274c<\/td>\n<td align=\"center\">\u2705<\/td>\n<td align=\"center\">\u2705<\/td>\n<td align=\"center\">\u2705<\/td>\n<td align=\"center\">\u2705<\/td>\n<td>Chats sempre pagos e espec\u00edficos por g\u00eanero<\/td>\n<\/tr>\n<\/tbody>\n<\/table>\n<p>A StrangerCam \u00e9 uma das \u00fanicas plataformas que oferece um filtro de g\u00eanero gratuito e funcional para que voc\u00ea possa conversar com garotas aleat\u00f3rias instantaneamente, sem se inscrever ou pagar.<\/p>\n<h2>Por que a StrangerCam \u00e9 a melhor op\u00e7\u00e3o<\/h2>\n<p>Veja por que a StrangerCam \u00e9 uma das principais respostas \u00e0 pergunta \"Onde posso conversar com garotas aleat\u00f3rias?<\/p>\n<h3>1. \u00c9 100% Gr\u00e1tis<\/h3>\n<p>Sem testes, sem cr\u00e9ditos - apenas bate-papos ilimitados.<\/p>\n<h3>2. Filtro de g\u00eanero gratuito<\/h3>\n<p>Ao contr\u00e1rio da maioria dos sites, voc\u00ea n\u00e3o precisa pagar a mais para se conectar com garotas.<\/p>\n<h3>3. N\u00e3o \u00e9 necess\u00e1rio registrar-se<\/h3>\n<p>Permane\u00e7a an\u00f4nimo e conecte-se instantaneamente.<\/p>\n<h3>4. Seguro e moderado<\/h3>\n<p>Melhor seguran\u00e7a do que <a href=\"https:\/\/strangercam.com\/pt-br\/omegle\/\">Omegle<\/a> j\u00e1 teve.<\/p>\n<h3>5. Pronto para celular e desktop<\/h3>\n<p>Funciona sem problemas em qualquer dispositivo.<\/p>\n<h3>6. Base de usu\u00e1rios feminina diversificada<\/h3>\n<p>Conhe\u00e7a garotas de mais de 100 pa\u00edses.<\/p>\n<h2>Depoimentos reais de usu\u00e1rios<\/h2>\n<blockquote><p><em>\"Eu estava procurando um lugar onde pudesse conversar com garotas aleat\u00f3rias sem pagar. O StrangerCam foi o \u00fanico site que realmente me atendeu.\"<\/em><br \/>\n- Daniel, 29 anos<\/p><\/blockquote>\n<blockquote><p><em>\"O filtro de g\u00eanero \u00e9 gratuito e funciona perfeitamente. Conheci garotas de tr\u00eas pa\u00edses em uma noite.\"<\/em><br \/>\n- Sophia, 22 anos<\/p><\/blockquote>\n<blockquote><p><em>\"A maioria dos aplicativos for\u00e7a voc\u00ea a atualizar, mas o StrangerCam \u00e9 realmente gratuito.\"<\/em><br \/>\n- Ryan, 31 anos<\/p><\/blockquote>\n<blockquote><p><em>\"Parece seguro e simples. Gosto de poder pular a qualquer momento.\"<\/em><br \/>\n- Emma, 20 anos<\/p><\/blockquote>\n<h2>Dicas de seguran\u00e7a para conversar com garotas aleat\u00f3rias<\/h2>\n<p>Ao usar plataformas para conversar com garotas on-line, sempre siga estas regras de seguran\u00e7a:<\/p>\n<ul>\n<li>Nunca compartilhe informa\u00e7\u00f5es pessoais (como seu n\u00famero de telefone ou endere\u00e7o).<\/li>\n<li>Ignore ou bloqueie qualquer pessoa que o deixe desconfort\u00e1vel.<\/li>\n<li>N\u00e3o clique em links compartilhados por estranhos.<\/li>\n<li>Verifique seu plano de fundo antes de ligar a webcam.<\/li>\n<li>Use apelidos, n\u00e3o seu nome verdadeiro.<\/li>\n<li>Respeite as regras de idade da plataforma - evite bate-papos com adultos se tiver menos de 18 anos.<\/li>\n<\/ul>\n<h2>Como come\u00e7ar - passo a passo<\/h2>\n<p>Leva apenas um minuto para come\u00e7ar a conversar com garotas aleat\u00f3rias:<\/p>\n<ol>\n<li>Abra o StrangerCam em seu navegador ou dispositivo.<\/li>\n<li>Permita o acesso \u00e0 c\u00e2mera e ao microfone.<\/li>\n<li>Selecione o filtro de g\u00eanero (meninas).<\/li>\n<li>Clique em Start Chat para se conectar instantaneamente.<\/li>\n<li>Pressione Next a qualquer momento para conhecer algu\u00e9m novo.<\/li>\n<\/ol>\n<p>R\u00e1pido, gratuito e divertido.<\/p>\n<p>Se voc\u00ea est\u00e1 se perguntando \"Onde posso conversar com garotas aleat\u00f3rias?\", a resposta \u00e9 simples: em 2025, plataformas como a StrangerCam tornam isso poss\u00edvel, instantaneamente e de gra\u00e7a. Ao contr\u00e1rio de outros servi\u00e7os que bloqueiam filtros de g\u00eanero atr\u00e1s de paywalls ou for\u00e7am cadastros, o StrangerCam permite que voc\u00ea se conecte com garotas reais de todo o mundo em segundos.<\/p>\n<p>Pronto para come\u00e7ar? Experimente um bate-papo aleat\u00f3rio gratuito com garotas hoje mesmo e veja quem voc\u00ea conhecer\u00e1 em seguida.<\/p>","protected":false},"excerpt":{"rendered":"<p>If you\u2019re asking yourself, \u201cWhere can I chat with random girls?\u201d, you\u2019re not alone. Every month, millions of people search for ways to instantly connect with girls online\u2014whether for fun, casual flirting, or making new friends across the globe. The good news? It&#8217;s easier than ever to find safe, free, and real platforms where you [&hellip;]<\/p>\n","protected":false},"author":8,"featured_media":0,"parent":0,"menu_order":0,"comment_status":"closed","ping_status":"closed","template":"","meta":{"footnotes":""},"class_list":["post-4869","page","type-page","status-publish","hentry"],"yoast_head":"<!-- This site is optimized with the Yoast SEO plugin v26.9 - https:\/\/yoast.com\/product\/yoast-seo-wordpress\/ -->\n<title>Where Can I Chat With Random Girls on Strangercam.com<\/title>\n<meta name=\"description\" content=\"Liking Where Can I Chat With Random Girls? Join millions on StrangerCam.com! Start a random video chat, turn on your cam, and meet strangers instantly.\" \/>\n<meta name=\"robots\" content=\"index, follow, max-snippet:-1, max-image-preview:large, max-video-preview:-1\" \/>\n<link rel=\"canonical\" href=\"https:\/\/strangercam.com\/pt-br\/onde-posso-conversar-com-garotas-aleatorias\/\" \/>\n<meta property=\"og:locale\" content=\"pt_BR\" \/>\n<meta property=\"og:type\" content=\"article\" \/>\n<meta property=\"og:title\" content=\"Where Can I Chat With Random Girls on Strangercam.com\" \/>\n<meta property=\"og:description\" content=\"Liking Where Can I Chat With Random Girls? Join millions on StrangerCam.com! Start a random video chat, turn on your cam, and meet strangers instantly.\" \/>\n<meta property=\"og:url\" content=\"https:\/\/strangercam.com\/pt-br\/onde-posso-conversar-com-garotas-aleatorias\/\" \/>\n<meta property=\"og:site_name\" content=\"Strangercam\" \/>\n<meta property=\"article:publisher\" content=\"https:\/\/www.facebook.com\/strangercam\" \/>\n<meta property=\"article:modified_time\" content=\"2025-09-23T10:42:03+00:00\" \/>\n<meta property=\"og:image\" content=\"https:\/\/strangercam.com\/wp-content\/uploads\/2021\/10\/Untitled-2.png\" \/>\n\t<meta property=\"og:image:width\" content=\"800\" \/>\n\t<meta property=\"og:image:height\" content=\"532\" \/>\n\t<meta property=\"og:image:type\" content=\"image\/png\" \/>\n<meta name=\"twitter:card\" content=\"summary_large_image\" \/>\n<meta name=\"twitter:site\" content=\"@strangercamapp\" \/>\n<meta name=\"twitter:label1\" content=\"Est. tempo de leitura\" \/>\n\t<meta name=\"twitter:data1\" content=\"4 minutos\" \/>\n<script type=\"application\/ld+json\" class=\"yoast-schema-graph\">{\"@context\":\"https:\/\/schema.org\",\"@graph\":[{\"@type\":\"WebPage\",\"@id\":\"https:\/\/strangercam.com\/where-can-i-chat-with-random-girls\/\",\"url\":\"https:\/\/strangercam.com\/where-can-i-chat-with-random-girls\/\",\"name\":\"Where Can I Chat With Random Girls on Strangercam.com\",\"isPartOf\":{\"@id\":\"https:\/\/strangercam.com\/#website\"},\"datePublished\":\"2025-09-23T09:15:28+00:00\",\"dateModified\":\"2025-09-23T10:42:03+00:00\",\"description\":\"Liking Where Can I Chat With Random Girls? Join millions on StrangerCam.com! Start a random video chat, turn on your cam, and meet strangers instantly.\",\"breadcrumb\":{\"@id\":\"https:\/\/strangercam.com\/where-can-i-chat-with-random-girls\/#breadcrumb\"},\"inLanguage\":\"pt-BR\",\"potentialAction\":[{\"@type\":\"ReadAction\",\"target\":[\"https:\/\/strangercam.com\/where-can-i-chat-with-random-girls\/\"]}]},{\"@type\":\"BreadcrumbList\",\"@id\":\"https:\/\/strangercam.com\/where-can-i-chat-with-random-girls\/#breadcrumb\",\"itemListElement\":[{\"@type\":\"ListItem\",\"position\":1,\"name\":\"Home\",\"item\":\"https:\/\/strangercam.com\/\"},{\"@type\":\"ListItem\",\"position\":2,\"name\":\"Where Can I Chat With Random Girls\"}]},{\"@type\":\"WebSite\",\"@id\":\"https:\/\/strangercam.com\/#website\",\"url\":\"https:\/\/strangercam.com\/\",\"name\":\"Strangercam\",\"description\":\"Random Video Chat with Strangers\",\"publisher\":{\"@id\":\"https:\/\/strangercam.com\/#organization\"},\"alternateName\":\"Strangercam.com\",\"potentialAction\":[{\"@type\":\"SearchAction\",\"target\":{\"@type\":\"EntryPoint\",\"urlTemplate\":\"https:\/\/strangercam.com\/?s={search_term_string}\"},\"query-input\":{\"@type\":\"PropertyValueSpecification\",\"valueRequired\":true,\"valueName\":\"search_term_string\"}}],\"inLanguage\":\"pt-BR\"},{\"@type\":\"Organization\",\"@id\":\"https:\/\/strangercam.com\/#organization\",\"name\":\"Strangercam\",\"alternateName\":\"Strangercam.com\",\"url\":\"https:\/\/strangercam.com\/\",\"logo\":{\"@type\":\"ImageObject\",\"inLanguage\":\"pt-BR\",\"@id\":\"https:\/\/strangercam.com\/#\/schema\/logo\/image\/\",\"url\":\"https:\/\/strangercam.com\/wp-content\/uploads\/2020\/11\/cropped-new-favicon-black.png\",\"contentUrl\":\"https:\/\/strangercam.com\/wp-content\/uploads\/2020\/11\/cropped-new-favicon-black.png\",\"width\":512,\"height\":512,\"caption\":\"Strangercam\"},\"image\":{\"@id\":\"https:\/\/strangercam.com\/#\/schema\/logo\/image\/\"},\"sameAs\":[\"https:\/\/www.facebook.com\/strangercam\",\"https:\/\/x.com\/strangercamapp\"]}]}<\/script>\n<!-- \/ Yoast SEO plugin. -->","yoast_head_json":{"title":"Onde posso conversar com garotas aleat\u00f3rias no Strangercam.com?","description":"Gostando de Onde posso conversar com garotas aleat\u00f3rias? Join milh\u00f5es em StrangerCam.com! Inicie um bate-papo por v\u00eddeo aleat\u00f3rio, ligue sua c\u00e2mera e conhe\u00e7a estranhos instantaneamente.","robots":{"index":"index","follow":"follow","max-snippet":"max-snippet:-1","max-image-preview":"max-image-preview:large","max-video-preview":"max-video-preview:-1"},"canonical":"https:\/\/strangercam.com\/pt-br\/onde-posso-conversar-com-garotas-aleatorias\/","og_locale":"pt_BR","og_type":"article","og_title":"Where Can I Chat With Random Girls on Strangercam.com","og_description":"Liking Where Can I Chat With Random Girls? Join millions on StrangerCam.com! Start a random video chat, turn on your cam, and meet strangers instantly.","og_url":"https:\/\/strangercam.com\/pt-br\/onde-posso-conversar-com-garotas-aleatorias\/","og_site_name":"Strangercam","article_publisher":"https:\/\/www.facebook.com\/strangercam","article_modified_time":"2025-09-23T10:42:03+00:00","og_image":[{"width":800,"height":532,"url":"https:\/\/strangercam.com\/wp-content\/uploads\/2021\/10\/Untitled-2.png","type":"image\/png"}],"twitter_card":"summary_large_image","twitter_site":"@strangercamapp","twitter_misc":{"Est. tempo de leitura":"4 minutos"},"schema":{"@context":"https:\/\/schema.org","@graph":[{"@type":"WebPage","@id":"https:\/\/strangercam.com\/where-can-i-chat-with-random-girls\/","url":"https:\/\/strangercam.com\/where-can-i-chat-with-random-girls\/","name":"Onde posso conversar com garotas aleat\u00f3rias no Strangercam.com?","isPartOf":{"@id":"https:\/\/strangercam.com\/#website"},"datePublished":"2025-09-23T09:15:28+00:00","dateModified":"2025-09-23T10:42:03+00:00","description":"Gostando de Onde posso conversar com garotas aleat\u00f3rias? Join milh\u00f5es em StrangerCam.com! Inicie um bate-papo por v\u00eddeo aleat\u00f3rio, ligue sua c\u00e2mera e conhe\u00e7a estranhos instantaneamente.","breadcrumb":{"@id":"https:\/\/strangercam.com\/where-can-i-chat-with-random-girls\/#breadcrumb"},"inLanguage":"pt-BR","potentialAction":[{"@type":"ReadAction","target":["https:\/\/strangercam.com\/where-can-i-chat-with-random-girls\/"]}]},{"@type":"BreadcrumbList","@id":"https:\/\/strangercam.com\/where-can-i-chat-with-random-girls\/#breadcrumb","itemListElement":[{"@type":"ListItem","position":1,"name":"Home","item":"https:\/\/strangercam.com\/"},{"@type":"ListItem","position":2,"name":"Where Can I Chat With Random Girls"}]},{"@type":"WebSite","@id":"https:\/\/strangercam.com\/#website","url":"https:\/\/strangercam.com\/","name":"Strangercam","description":"Bate-papo por v\u00eddeo aleat\u00f3rio com estranhos","publisher":{"@id":"https:\/\/strangercam.com\/#organization"},"alternateName":"Strangercam.com","potentialAction":[{"@type":"SearchAction","target":{"@type":"EntryPoint","urlTemplate":"https:\/\/strangercam.com\/?s={search_term_string}"},"query-input":{"@type":"PropertyValueSpecification","valueRequired":true,"valueName":"search_term_string"}}],"inLanguage":"pt-BR"},{"@type":"Organization","@id":"https:\/\/strangercam.com\/#organization","name":"Strangercam","alternateName":"Strangercam.com","url":"https:\/\/strangercam.com\/","logo":{"@type":"ImageObject","inLanguage":"pt-BR","@id":"https:\/\/strangercam.com\/#\/schema\/logo\/image\/","url":"https:\/\/strangercam.com\/wp-content\/uploads\/2020\/11\/cropped-new-favicon-black.png","contentUrl":"https:\/\/strangercam.com\/wp-content\/uploads\/2020\/11\/cropped-new-favicon-black.png","width":512,"height":512,"caption":"Strangercam"},"image":{"@id":"https:\/\/strangercam.com\/#\/schema\/logo\/image\/"},"sameAs":["https:\/\/www.facebook.com\/strangercam","https:\/\/x.com\/strangercamapp"]}]}},"_links":{"self":[{"href":"https:\/\/strangercam.com\/pt-br\/wp-json\/wp\/v2\/pages\/4869","targetHints":{"allow":["GET"]}}],"collection":[{"href":"https:\/\/strangercam.com\/pt-br\/wp-json\/wp\/v2\/pages"}],"about":[{"href":"https:\/\/strangercam.com\/pt-br\/wp-json\/wp\/v2\/types\/page"}],"author":[{"embeddable":true,"href":"https:\/\/strangercam.com\/pt-br\/wp-json\/wp\/v2\/users\/8"}],"replies":[{"embeddable":true,"href":"https:\/\/strangercam.com\/pt-br\/wp-json\/wp\/v2\/comments?post=4869"}],"version-history":[{"count":2,"href":"https:\/\/strangercam.com\/pt-br\/wp-json\/wp\/v2\/pages\/4869\/revisions"}],"predecessor-version":[{"id":13042,"href":"https:\/\/strangercam.com\/pt-br\/wp-json\/wp\/v2\/pages\/4869\/revisions\/13042"}],"wp:attachment":[{"href":"https:\/\/strangercam.com\/pt-br\/wp-json\/wp\/v2\/media?parent=4869"}],"curies":[{"name":"wp","href":"https:\/\/api.w.org\/{rel}","templated":true}]}}