{"id":4851,"date":"2025-09-23T11:12:50","date_gmt":"2025-09-23T09:12:50","guid":{"rendered":"https:\/\/strangercam.com\/?page_id=4851"},"modified":"2025-09-23T12:40:15","modified_gmt":"2025-09-23T10:40:15","slug":"salas-de-bate-papo-on-line-gratuitas-para-todos","status":"publish","type":"page","link":"https:\/\/strangercam.com\/pt-br\/free-online-chat-rooms-for-everyone\/","title":{"rendered":"Salas de bate-papo on-line gratuitas para todos"},"content":{"rendered":"<p>Procurando por servi\u00e7os on-line gratuitos <a href=\"https:\/\/strangercam.com\/pt-br\/chathub\/\">bate-papo<\/a> quartos para todos? Voc\u00ea est\u00e1 no lugar certo. No mundo digital de hoje, as pessoas anseiam por intera\u00e7\u00e3o em tempo real - seja para fazer novos amigos, compartilhar hist\u00f3rias, encontrar apoio ou simplesmente vencer o t\u00e9dio. Ao contr\u00e1rio das redes sociais, em que tudo \u00e9 selecionado e polido, as salas de bate-papo on-line oferecem uma maneira espont\u00e2nea, n\u00e3o filtrada e divertida de se conectar.<\/p>\n<p>Com plataformas como a StrangerCam, voc\u00ea pode participar de salas de bate-papo gratuitas onde todos s\u00e3o bem-vindos - sem inscri\u00e7\u00f5es, sem downloads e sem custos ocultos. Quer voc\u00ea queira bater papo por v\u00eddeo com estranhos, conversar casualmente ou explorar amizades globais, as salas de bate-papo gratuitas continuam sendo uma das experi\u00eancias on-line mais populares em 2025.<\/p>\n<p>Este guia aborda tudo o que voc\u00ea precisa saber: o que s\u00e3o salas de bate-papo, por que elas ainda s\u00e3o populares, como funcionam, quais recursos procurar, compara\u00e7\u00f5es das principais plataformas, dicas de seguran\u00e7a e por que a StrangerCam \u00e9 uma das melhores op\u00e7\u00f5es atualmente.<\/p>\n<h2>O que s\u00e3o salas de bate-papo on-line gratuitas para todos?<\/h2>\n<p>As salas de bate-papo on-line gratuitas para todos s\u00e3o espa\u00e7os digitais onde as pessoas se re\u00fanem para conversar, enviar mensagens de texto ou bater papo por v\u00eddeo em tempo real. Ao contr\u00e1rio dos aplicativos de namoro exclusivos ou das comunidades de nicho, essas salas de bate-papo s\u00e3o abertas a todos: homens, mulheres, adolescentes (com salas adequadas \u00e0 idade) e pessoas de diferentes origens e pa\u00edses.<\/p>\n<p>As plataformas modernas geralmente combinam bate-papo por texto, bate-papo por v\u00eddeo e recursos de emparelhamento aleat\u00f3rio para criar uma experi\u00eancia divertida e interativa.<\/p>\n<h2>Por que as pessoas ainda adoram as salas de bate-papo gratuitas<\/h2>\n<p>As salas de bate-papo podem parecer antigas, mas s\u00e3o mais relevantes do que nunca. Veja por que milh\u00f5es de pessoas usam salas de bate-papo on-line gratuitas todos os dias:<\/p>\n<ul>\n<li>Conex\u00e3o instant\u00e2nea: Sem perfis ou longas biografias - basta come\u00e7ar a conversar.<\/li>\n<li>Amizades globais: <a href=\"https:\/\/strangercam.com\/pt-br\/coomeet\/\">Conhe\u00e7a<\/a> pessoas de todo o mundo.<\/li>\n<li>Conversas diversas: De brincadeiras casuais a conversas significativas.<\/li>\n<li>Acessibilidade: Gratuito e aberto a todos.<\/li>\n<li>Op\u00e7\u00f5es de v\u00eddeo: Muitas plataformas agora combinam bate-papo por texto com bate-papo por v\u00eddeo aleat\u00f3rio.<\/li>\n<li>Combatendo a solid\u00e3o: Uma maneira r\u00e1pida de se sentir conectado.<\/li>\n<\/ul>\n<h2>Como funcionam as salas de bate-papo on-line gratuitas?<\/h2>\n<p>Joiornar-se uma sala de bate-papo gratuita \u00e9 simples:<\/p>\n<ol>\n<li>Abra a plataforma no desktop ou no celular.<\/li>\n<li>Entre em uma sala (alguns sites emparelham voc\u00ea automaticamente com estranhos).<\/li>\n<li>Inicie o bate-papo por texto ou v\u00eddeo.<\/li>\n<li>Troque de sala ou de usu\u00e1rio a qualquer momento para conhecer algu\u00e9m novo.<\/li>\n<\/ol>\n<p>Algumas plataformas tamb\u00e9m permitem que voc\u00ea filtre por g\u00eanero, local ou interesses.<\/p>\n<h2>Principais recursos a serem observados<\/h2>\n<p>Ao escolher um site para salas de bate-papo on-line gratuitas para todos, veja o que importa:<\/p>\n<h3>1. N\u00e3o \u00e9 necess\u00e1rio registrar-se<\/h3>\n<p>Voc\u00ea deve poder se associar instantaneamente sem contas.<\/p>\n<h3>2. Acesso verdadeiramente gratuito<\/h3>\n<p>Evite sites que anunciam ser \"gratuitos\", mas que bloqueiam os principais recursos por meio de paywalls.<\/p>\n<h3>3. Op\u00e7\u00f5es de v\u00eddeo e texto<\/h3>\n<p>Uma combina\u00e7\u00e3o de ambos torna a experi\u00eancia mais vers\u00e1til.<\/p>\n<h3>4. Modera\u00e7\u00e3o segura<\/h3>\n<p>As plataformas devem ter ferramentas de den\u00fancia e moderadores ativos.<\/p>\n<h3>5. Design compat\u00edvel com dispositivos m\u00f3veis<\/h3>\n<p>Experi\u00eancias suaves em telefones e tablets s\u00e3o essenciais.<\/p>\n<h3>6. Salas diversificadas e alcance global<\/h3>\n<p>As melhores plataformas conectam pessoas de todo o mundo.<\/p>\n<h2>As melhores salas de bate-papo on-line gratuitas em 2025<\/h2>\n<p>Aqui est\u00e1 uma compara\u00e7\u00e3o das plataformas mais populares que oferecem salas de bate-papo gratuitas para todos:<\/p>\n<table>\n<thead>\n<tr>\n<th>Plataforma<\/th>\n<th align=\"center\">Acesso gratuito<\/th>\n<th align=\"center\">Bate-papo por v\u00eddeo<\/th>\n<th align=\"center\">Registro necess\u00e1rio<\/th>\n<th align=\"center\">Suporte m\u00f3vel<\/th>\n<th align=\"center\">Modera\u00e7\u00e3o<\/th>\n<th>Notas<\/th>\n<\/tr>\n<\/thead>\n<tbody>\n<tr>\n<td>StrangerCam<\/td>\n<td align=\"center\">\u2705<\/td>\n<td align=\"center\">\u2705<\/td>\n<td align=\"center\">\u274c<\/td>\n<td align=\"center\">\u2705<\/td>\n<td align=\"center\">\u2705<\/td>\n<td>Melhor combina\u00e7\u00e3o de v\u00eddeo e bate-papo aleat\u00f3rio<\/td>\n<\/tr>\n<tr>\n<td><a href=\"https:\/\/strangercam.com\/pt-br\/chatroulette\/\">Chatroulette<\/a><\/td>\n<td align=\"center\">\u2705<\/td>\n<td align=\"center\">\u2705<\/td>\n<td align=\"center\">\u274c<\/td>\n<td align=\"center\">\u2705<\/td>\n<td align=\"center\">\u2705<\/td>\n<td>Op\u00e7\u00e3o cl\u00e1ssica, recursos limitados<\/td>\n<\/tr>\n<tr>\n<td>Chatrandom<\/td>\n<td align=\"center\">\u2705<\/td>\n<td align=\"center\">\u2705<\/td>\n<td align=\"center\">\u274c<\/td>\n<td align=\"center\">\u2705<\/td>\n<td align=\"center\">\u2705<\/td>\n<td>Upsells populares, mas premium<\/td>\n<\/tr>\n<tr>\n<td><a href=\"https:\/\/strangercam.com\/pt-br\/ometv\/\">OmeTV<\/a><\/td>\n<td align=\"center\">\u2705<\/td>\n<td align=\"center\">\u2705<\/td>\n<td align=\"center\">\u274c<\/td>\n<td align=\"center\">\u2705<\/td>\n<td align=\"center\">\u2705<\/td>\n<td>Salas de bate-papo com prioridade para dispositivos m\u00f3veis<\/td>\n<\/tr>\n<tr>\n<td>Shagle<\/td>\n<td align=\"center\">\u2705<\/td>\n<td align=\"center\">\u2705<\/td>\n<td align=\"center\">\u274c<\/td>\n<td align=\"center\">\u2705<\/td>\n<td align=\"center\">\u2705<\/td>\n<td>Filtros premium bloqueados<\/td>\n<\/tr>\n<tr>\n<td>WireClub<\/td>\n<td align=\"center\">\u2705<\/td>\n<td align=\"center\">\u274c<\/td>\n<td align=\"center\">\u2705<\/td>\n<td align=\"center\">\u2705<\/td>\n<td align=\"center\">\u2705<\/td>\n<td>Salas de bate-papo baseadas em texto, mais no estilo da comunidade<\/td>\n<\/tr>\n<\/tbody>\n<\/table>\n<p>O StrangerCam se destaca como uma das melhores plataformas - ele oferece salas de bate-papo gratuitas com v\u00eddeo, uso ilimitado e sem registro.<\/p>\n<h2>Por que a StrangerCam \u00e9 a melhor op\u00e7\u00e3o<\/h2>\n<p>Veja por que a StrangerCam \u00e9 perfeita para salas de bate-papo on-line gratuitas para todos:<\/p>\n<h3>1. Totalmente gratuito<\/h3>\n<p>Sem taxas ou cr\u00e9ditos ocultos.<\/p>\n<h3>2. Op\u00e7\u00f5es de bate-papo por v\u00eddeo e texto<\/h3>\n<p>Alternar entre bate-papo por v\u00eddeo aleat\u00f3rio e bate-papo por texto.<\/p>\n<h3>3. N\u00e3o \u00e9 necess\u00e1rio registrar-se<\/h3>\n<p>Join instantaneamente, permane\u00e7a an\u00f4nimo.<\/p>\n<h3>4. Seguro e moderado<\/h3>\n<p>Melhor modera\u00e7\u00e3o do que na maioria das plataformas.<\/p>\n<h3>5. Funciona em qualquer lugar<\/h3>\n<p>Totalmente otimizado para celular e desktop.<\/p>\n<h3>6. Inclusivo para todos os usu\u00e1rios<\/h3>\n<p>Qualquer pessoa pode participar, a qualquer hora e em qualquer lugar.<\/p>\n<h2>Depoimentos reais de usu\u00e1rios<\/h2>\n<blockquote><p><em>\"Eu estava procurando salas de bate-papo on-line gratuitas onde pudesse conhecer novas pessoas, e o StrangerCam tinha o equil\u00edbrio perfeito entre divers\u00e3o e seguran\u00e7a.\"<\/em><br \/>\n- Alex, 27 anos<\/p><\/blockquote>\n<blockquote><p><em>\"Ao contr\u00e1rio de outras plataformas, n\u00e3o precisei me inscrever nem pagar por recursos. Ela \u00e9 realmente gratuita.\"<\/em><br \/>\n- Sophia, 22 anos<\/p><\/blockquote>\n<blockquote><p><em>\"J\u00e1 tive conversas divertidas com estranhos de cinco pa\u00edses em uma noite. \u00c9 viciante.\"<\/em><br \/>\n- Ryan, 30 anos<\/p><\/blockquote>\n<blockquote><p><em>\"Finalmente, uma sala de bate-papo que parece segura gra\u00e7as \u00e0 modera\u00e7\u00e3o real.\"<\/em><br \/>\n- Emma, 19 anos<\/p><\/blockquote>\n<h2>Dicas de seguran\u00e7a para salas de bate-papo on-line<\/h2>\n<p>Embora as salas de bate-papo sejam divertidas, sempre priorize a seguran\u00e7a:<\/p>\n<ul>\n<li>N\u00e3o compartilhe informa\u00e7\u00f5es pessoais (telefone, e-mail, endere\u00e7o).<\/li>\n<li>Evite links suspeitos de estranhos.<\/li>\n<li>Use ferramentas de pular\/bloquear se voc\u00ea se sentir desconfort\u00e1vel.<\/li>\n<li>Verifique seu hist\u00f3rico se estiver usando o bate-papo por v\u00eddeo.<\/li>\n<li>Atenha-se aos recursos da plataforma, como relat\u00f3rios de usu\u00e1rios.<\/li>\n<li>Respeite os limites de idade - evite bate-papos com adultos se tiver menos de 18 anos.<\/li>\n<\/ul>\n<h2>Como come\u00e7ar - passo a passo<\/h2>\n<p>Leva apenas alguns segundos para entrar em uma sala de bate-papo on-line gratuita:<\/p>\n<ol>\n<li>Abra a StrangerCam em seu navegador ou telefone.<\/li>\n<li>Permitir c\u00e2mera e microfone (para v\u00eddeo).<\/li>\n<li>Clique em Start Chat (Iniciar bate-papo) ou entre em uma sala.<\/li>\n<li>Conhecer estranhos instantaneamente.<\/li>\n<li>Troque a qualquer momento para conversar com algu\u00e9m novo.<\/li>\n<\/ol>\n<p>Em 2025, as salas de bate-papo on-line gratuitas para todos continuam sendo uma das melhores maneiras de conhecer pessoas on-line. Elas s\u00e3o espont\u00e2neas, globais e divertidas, oferecendo conversas em tempo real com estranhos do mundo todo.<\/p>\n<p>No entanto, nem todos os sites cumprem o que prometem. Alguns escondem recursos atr\u00e1s de paywalls ou est\u00e3o cheios de bots. \u00c9 por isso que o StrangerCam \u00e9 a melhor op\u00e7\u00e3o: \u00e9 gratuito, inclusivo, seguro e sempre ativo com usu\u00e1rios reais prontos para conversar.<\/p>\n<p>Pronto para participar? Inicie uma sala de bate-papo on-line gratuita hoje mesmo e descubra quem voc\u00ea conhecer\u00e1 em seguida.<\/p>","protected":false},"excerpt":{"rendered":"<p>Looking for free online chat rooms for everyone? You\u2019re in the right place. In today\u2019s digital world, people crave real-time interaction\u2014whether it\u2019s to make new friends, share stories, find support, or simply beat boredom. Unlike social networks where everything is curated and polished, online chat rooms offer a spontaneous, unfiltered, and fun way to connect. [&hellip;]<\/p>\n","protected":false},"author":8,"featured_media":0,"parent":0,"menu_order":0,"comment_status":"closed","ping_status":"closed","template":"","meta":{"footnotes":""},"class_list":["post-4851","page","type-page","status-publish","hentry"],"yoast_head":"<!-- This site is optimized with the Yoast SEO plugin v27.4 - https:\/\/yoast.com\/product\/yoast-seo-wordpress\/ -->\n<title>Free Online Chat Rooms For Everyone on Strangercam.com<\/title>\n<meta name=\"description\" content=\"Liking Free Online Chat Rooms For Everyone? Join millions on StrangerCam.com! Start a random video chat, turn on your cam, and meet strangers instantly.\" \/>\n<meta name=\"robots\" content=\"index, follow, max-snippet:-1, max-image-preview:large, max-video-preview:-1\" \/>\n<link rel=\"canonical\" href=\"https:\/\/strangercam.com\/pt-br\/salas-de-bate-papo-on-line-gratuitas-para-todos\/\" \/>\n<meta property=\"og:locale\" content=\"pt_BR\" \/>\n<meta property=\"og:type\" content=\"article\" \/>\n<meta property=\"og:title\" content=\"Free Online Chat Rooms For Everyone on Strangercam.com\" \/>\n<meta property=\"og:description\" content=\"Liking Free Online Chat Rooms For Everyone? Join millions on StrangerCam.com! Start a random video chat, turn on your cam, and meet strangers instantly.\" \/>\n<meta property=\"og:url\" content=\"https:\/\/strangercam.com\/pt-br\/salas-de-bate-papo-on-line-gratuitas-para-todos\/\" \/>\n<meta property=\"og:site_name\" content=\"Strangercam\" \/>\n<meta property=\"article:publisher\" content=\"https:\/\/www.facebook.com\/strangercam\" \/>\n<meta property=\"article:modified_time\" content=\"2025-09-23T10:40:15+00:00\" \/>\n<meta property=\"og:image\" content=\"https:\/\/strangercam.com\/wp-content\/uploads\/2021\/10\/Untitled-2.png\" \/>\n\t<meta property=\"og:image:width\" content=\"800\" \/>\n\t<meta property=\"og:image:height\" content=\"532\" \/>\n\t<meta property=\"og:image:type\" content=\"image\/png\" \/>\n<meta name=\"twitter:card\" content=\"summary_large_image\" \/>\n<meta name=\"twitter:site\" content=\"@strangercamapp\" \/>\n<meta name=\"twitter:label1\" content=\"Est. tempo de leitura\" \/>\n\t<meta name=\"twitter:data1\" content=\"4 minutos\" \/>\n<script type=\"application\/ld+json\" class=\"yoast-schema-graph\">{\"@context\":\"https:\\\/\\\/schema.org\",\"@graph\":[{\"@type\":\"WebPage\",\"@id\":\"https:\\\/\\\/strangercam.com\\\/free-online-chat-rooms-for-everyone\\\/\",\"url\":\"https:\\\/\\\/strangercam.com\\\/free-online-chat-rooms-for-everyone\\\/\",\"name\":\"Free Online Chat Rooms For Everyone on Strangercam.com\",\"isPartOf\":{\"@id\":\"https:\\\/\\\/strangercam.com\\\/#website\"},\"datePublished\":\"2025-09-23T09:12:50+00:00\",\"dateModified\":\"2025-09-23T10:40:15+00:00\",\"description\":\"Liking Free Online Chat Rooms For Everyone? Join millions on StrangerCam.com! Start a random video chat, turn on your cam, and meet strangers instantly.\",\"breadcrumb\":{\"@id\":\"https:\\\/\\\/strangercam.com\\\/free-online-chat-rooms-for-everyone\\\/#breadcrumb\"},\"inLanguage\":\"pt-BR\",\"potentialAction\":[{\"@type\":\"ReadAction\",\"target\":[\"https:\\\/\\\/strangercam.com\\\/free-online-chat-rooms-for-everyone\\\/\"]}]},{\"@type\":\"BreadcrumbList\",\"@id\":\"https:\\\/\\\/strangercam.com\\\/free-online-chat-rooms-for-everyone\\\/#breadcrumb\",\"itemListElement\":[{\"@type\":\"ListItem\",\"position\":1,\"name\":\"Home\",\"item\":\"https:\\\/\\\/strangercam.com\\\/\"},{\"@type\":\"ListItem\",\"position\":2,\"name\":\"Free Online Chat Rooms For Everyone\"}]},{\"@type\":\"WebSite\",\"@id\":\"https:\\\/\\\/strangercam.com\\\/#website\",\"url\":\"https:\\\/\\\/strangercam.com\\\/\",\"name\":\"Strangercam\",\"description\":\"Random Video Chat with Strangers\",\"publisher\":{\"@id\":\"https:\\\/\\\/strangercam.com\\\/#organization\"},\"alternateName\":\"Strangercam.com\",\"potentialAction\":[{\"@type\":\"SearchAction\",\"target\":{\"@type\":\"EntryPoint\",\"urlTemplate\":\"https:\\\/\\\/strangercam.com\\\/?s={search_term_string}\"},\"query-input\":{\"@type\":\"PropertyValueSpecification\",\"valueRequired\":true,\"valueName\":\"search_term_string\"}}],\"inLanguage\":\"pt-BR\"},{\"@type\":\"Organization\",\"@id\":\"https:\\\/\\\/strangercam.com\\\/#organization\",\"name\":\"Strangercam\",\"alternateName\":\"Strangercam.com\",\"url\":\"https:\\\/\\\/strangercam.com\\\/\",\"logo\":{\"@type\":\"ImageObject\",\"inLanguage\":\"pt-BR\",\"@id\":\"https:\\\/\\\/strangercam.com\\\/#\\\/schema\\\/logo\\\/image\\\/\",\"url\":\"https:\\\/\\\/strangercam.com\\\/wp-content\\\/uploads\\\/2020\\\/11\\\/cropped-new-favicon-black.png\",\"contentUrl\":\"https:\\\/\\\/strangercam.com\\\/wp-content\\\/uploads\\\/2020\\\/11\\\/cropped-new-favicon-black.png\",\"width\":512,\"height\":512,\"caption\":\"Strangercam\"},\"image\":{\"@id\":\"https:\\\/\\\/strangercam.com\\\/#\\\/schema\\\/logo\\\/image\\\/\"},\"sameAs\":[\"https:\\\/\\\/www.facebook.com\\\/strangercam\",\"https:\\\/\\\/x.com\\\/strangercamapp\"]}]}<\/script>\n<!-- \/ Yoast SEO plugin. -->","yoast_head_json":{"title":"Salas de bate-papo on-line gratuitas para todos em Strangercam.com","description":"Gostando de salas de bate-papo on-line gratuitas para todos? Join milh\u00f5es em StrangerCam.com! Inicie um bate-papo por v\u00eddeo aleat\u00f3rio, ligue sua c\u00e2mera e conhe\u00e7a estranhos instantaneamente.","robots":{"index":"index","follow":"follow","max-snippet":"max-snippet:-1","max-image-preview":"max-image-preview:large","max-video-preview":"max-video-preview:-1"},"canonical":"https:\/\/strangercam.com\/pt-br\/salas-de-bate-papo-on-line-gratuitas-para-todos\/","og_locale":"pt_BR","og_type":"article","og_title":"Free Online Chat Rooms For Everyone on Strangercam.com","og_description":"Liking Free Online Chat Rooms For Everyone? Join millions on StrangerCam.com! Start a random video chat, turn on your cam, and meet strangers instantly.","og_url":"https:\/\/strangercam.com\/pt-br\/salas-de-bate-papo-on-line-gratuitas-para-todos\/","og_site_name":"Strangercam","article_publisher":"https:\/\/www.facebook.com\/strangercam","article_modified_time":"2025-09-23T10:40:15+00:00","og_image":[{"width":800,"height":532,"url":"https:\/\/strangercam.com\/wp-content\/uploads\/2021\/10\/Untitled-2.png","type":"image\/png"}],"twitter_card":"summary_large_image","twitter_site":"@strangercamapp","twitter_misc":{"Est. tempo de leitura":"4 minutos"},"schema":{"@context":"https:\/\/schema.org","@graph":[{"@type":"WebPage","@id":"https:\/\/strangercam.com\/free-online-chat-rooms-for-everyone\/","url":"https:\/\/strangercam.com\/free-online-chat-rooms-for-everyone\/","name":"Salas de bate-papo on-line gratuitas para todos em Strangercam.com","isPartOf":{"@id":"https:\/\/strangercam.com\/#website"},"datePublished":"2025-09-23T09:12:50+00:00","dateModified":"2025-09-23T10:40:15+00:00","description":"Gostando de salas de bate-papo on-line gratuitas para todos? Join milh\u00f5es em StrangerCam.com! Inicie um bate-papo por v\u00eddeo aleat\u00f3rio, ligue sua c\u00e2mera e conhe\u00e7a estranhos instantaneamente.","breadcrumb":{"@id":"https:\/\/strangercam.com\/free-online-chat-rooms-for-everyone\/#breadcrumb"},"inLanguage":"pt-BR","potentialAction":[{"@type":"ReadAction","target":["https:\/\/strangercam.com\/free-online-chat-rooms-for-everyone\/"]}]},{"@type":"BreadcrumbList","@id":"https:\/\/strangercam.com\/free-online-chat-rooms-for-everyone\/#breadcrumb","itemListElement":[{"@type":"ListItem","position":1,"name":"Home","item":"https:\/\/strangercam.com\/"},{"@type":"ListItem","position":2,"name":"Free Online Chat Rooms For Everyone"}]},{"@type":"WebSite","@id":"https:\/\/strangercam.com\/#website","url":"https:\/\/strangercam.com\/","name":"Strangercam","description":"Bate-papo por v\u00eddeo aleat\u00f3rio com estranhos","publisher":{"@id":"https:\/\/strangercam.com\/#organization"},"alternateName":"Strangercam.com","potentialAction":[{"@type":"SearchAction","target":{"@type":"EntryPoint","urlTemplate":"https:\/\/strangercam.com\/?s={search_term_string}"},"query-input":{"@type":"PropertyValueSpecification","valueRequired":true,"valueName":"search_term_string"}}],"inLanguage":"pt-BR"},{"@type":"Organization","@id":"https:\/\/strangercam.com\/#organization","name":"Strangercam","alternateName":"Strangercam.com","url":"https:\/\/strangercam.com\/","logo":{"@type":"ImageObject","inLanguage":"pt-BR","@id":"https:\/\/strangercam.com\/#\/schema\/logo\/image\/","url":"https:\/\/strangercam.com\/wp-content\/uploads\/2020\/11\/cropped-new-favicon-black.png","contentUrl":"https:\/\/strangercam.com\/wp-content\/uploads\/2020\/11\/cropped-new-favicon-black.png","width":512,"height":512,"caption":"Strangercam"},"image":{"@id":"https:\/\/strangercam.com\/#\/schema\/logo\/image\/"},"sameAs":["https:\/\/www.facebook.com\/strangercam","https:\/\/x.com\/strangercamapp"]}]}},"_links":{"self":[{"href":"https:\/\/strangercam.com\/pt-br\/wp-json\/wp\/v2\/pages\/4851","targetHints":{"allow":["GET"]}}],"collection":[{"href":"https:\/\/strangercam.com\/pt-br\/wp-json\/wp\/v2\/pages"}],"about":[{"href":"https:\/\/strangercam.com\/pt-br\/wp-json\/wp\/v2\/types\/page"}],"author":[{"embeddable":true,"href":"https:\/\/strangercam.com\/pt-br\/wp-json\/wp\/v2\/users\/8"}],"replies":[{"embeddable":true,"href":"https:\/\/strangercam.com\/pt-br\/wp-json\/wp\/v2\/comments?post=4851"}],"version-history":[{"count":2,"href":"https:\/\/strangercam.com\/pt-br\/wp-json\/wp\/v2\/pages\/4851\/revisions"}],"predecessor-version":[{"id":13041,"href":"https:\/\/strangercam.com\/pt-br\/wp-json\/wp\/v2\/pages\/4851\/revisions\/13041"}],"wp:attachment":[{"href":"https:\/\/strangercam.com\/pt-br\/wp-json\/wp\/v2\/media?parent=4851"}],"curies":[{"name":"wp","href":"https:\/\/api.w.org\/{rel}","templated":true}]}}