{"id":4831,"date":"2025-09-23T11:00:01","date_gmt":"2025-09-23T09:00:01","guid":{"rendered":"https:\/\/strangercam.com\/?page_id=4831"},"modified":"2025-09-23T12:38:49","modified_gmt":"2025-09-23T10:38:49","slug":"bate-papo-aleatorio-gratuito-com-meninas","status":"publish","type":"page","link":"https:\/\/strangercam.com\/pt-br\/free-random-chat-with-girls\/","title":{"rendered":"Bate-papo aleat\u00f3rio gratuito com garotas"},"content":{"rendered":"<p>Voc\u00ea est\u00e1 procurando por um servi\u00e7o aleat\u00f3rio gratuito? <a href=\"https:\/\/strangercam.com\/pt-br\/chathub\/\">bate-papo<\/a> com <a href=\"https:\/\/strangercam.com\/pt-br\/video-chat-with-girls\/\">meninas<\/a>? Voc\u00ea n\u00e3o \u00e9 o \u00fanico. Milh\u00f5es de pessoas todos os meses procuram maneiras simples, instant\u00e2neas e divertidas de se conectar com garotas on-line. Ao contr\u00e1rio dos aplicativos de namoro ou das m\u00eddias sociais, que podem parecer lentos ou cheios de perfis falsos, o bate-papo aleat\u00f3rio com garotas \u00e9 direto, espont\u00e2neo e real.<\/p>\n<p>Com plataformas modernas como a StrangerCam, voc\u00ea pode se conectar instantaneamente com garotas do mundo todo - sem cadastro, sem downloads e sem custos ocultos. Quer esteja procurando amizade, paquera casual ou apenas uma maneira divertida de passar o tempo, o bate-papo aleat\u00f3rio gratuito com garotas \u00e9 uma das maneiras mais interessantes de conhecer novas pessoas em 2025.<\/p>\n<p>Este guia abordar\u00e1 tudo o que voc\u00ea precisa saber: o que significa bate-papo aleat\u00f3rio gratuito com meninas, por que \u00e9 t\u00e3o popular, como funciona, quais recursos s\u00e3o mais importantes, compara\u00e7\u00f5es entre plataformas, dicas de seguran\u00e7a e por que o StrangerCam \u00e9 a melhor op\u00e7\u00e3o atualmente.<\/p>\n<h2>O que \u00e9 o bate-papo aleat\u00f3rio gratuito com garotas?<\/h2>\n<p>Um bate-papo aleat\u00f3rio gratuito com meninas \u00e9 um servi\u00e7o on-line que permite que voc\u00ea se conecte instantaneamente com usu\u00e1rias por meio de v\u00eddeo ao vivo ou bate-papo por texto. Ao contr\u00e1rio dos aplicativos de namoro que exigem deslizes ou longos cadastros, o bate-papo aleat\u00f3rio \u00e9 r\u00e1pido - voc\u00ea permite sua c\u00e2mera, clica em iniciar e, em segundos, est\u00e1 cara a cara com uma garota que deseja conversar.<\/p>\n<p>As melhores plataformas oferecem filtros de g\u00eanero reais, para que voc\u00ea possa escolher combinar apenas com meninas, e elas n\u00e3o escondem esse recurso atr\u00e1s de um acesso pago.<\/p>\n<h2>Por que as pessoas adoram o bate-papo aleat\u00f3rio com garotas<\/h2>\n<p>A popularidade do bate-papo aleat\u00f3rio gratuito com meninas disparou porque:<\/p>\n<ul>\n<li>Divers\u00e3o espont\u00e2nea: Toda conex\u00e3o \u00e9 nova e imprevis\u00edvel.<\/li>\n<li>Autenticidade: Os bate-papos com v\u00eddeo provam que voc\u00ea est\u00e1 falando com uma garota real, n\u00e3o com um bot.<\/li>\n<li>Qu\u00edmica instant\u00e2nea: N\u00e3o h\u00e1 necessidade de esperar - voc\u00ea v\u00ea se voc\u00eas se identificam imediatamente.<\/li>\n<li>Paquera e amizade: \u00d3timo para divers\u00e3o casual ou para fazer conex\u00f5es genu\u00ednas.<\/li>\n<li>Sem compromisso: N\u00e3o s\u00e3o necess\u00e1rios registros ou contas.<\/li>\n<li>Alcance global: Conhe\u00e7a garotas de todo o mundo.<\/li>\n<\/ul>\n<h2>Como funciona o bate-papo aleat\u00f3rio gratuito com garotas?<\/h2>\n<p>O processo \u00e9 r\u00e1pido e simples:<\/p>\n<ol>\n<li>Abra a plataforma (desktop ou celular).<\/li>\n<li>Permita o acesso \u00e0 c\u00e2mera e ao microfone.<\/li>\n<li>Selecione o filtro de g\u00eanero (meninas).<\/li>\n<li>Clique em \"Iniciar bate-papo\".<\/li>\n<li>Conecte-se instantaneamente com uma garota aleat\u00f3ria.<\/li>\n<li>Clique em \"Next\" a qualquer momento para conhecer algu\u00e9m novo.<\/li>\n<\/ol>\n<p>Algumas plataformas tamb\u00e9m oferecem recursos como filtros de localiza\u00e7\u00e3o, tradu\u00e7\u00f5es ou aplicativos m\u00f3veis para bate-papo em qualquer lugar.<\/p>\n<h2>Principais recursos a serem observados<\/h2>\n<p>Se voc\u00ea quiser o melhor bate-papo aleat\u00f3rio com garotas, verifique se a plataforma inclui:<\/p>\n<h3>1. Filtro de g\u00eanero verdadeiramente livre<\/h3>\n<p>Muitos sites afirmam que permitem que voc\u00ea se relacione com garotas, mas exigem pagamento. Procure uma plataforma em que isso seja gratuito.<\/p>\n<h3>2. N\u00e3o \u00e9 necess\u00e1rio registrar-se<\/h3>\n<p>Mantenha-se an\u00f4nimo e evite fornecer detalhes pessoais.<\/p>\n<h3>3. Forte modera\u00e7\u00e3o<\/h3>\n<p>A den\u00fancia ativa e a modera\u00e7\u00e3o mant\u00eam o espa\u00e7o seguro.<\/p>\n<h3>4. V\u00eddeo e \u00e1udio de alta qualidade<\/h3>\n<p>Conex\u00f5es suaves tornam o bate-papo mais agrad\u00e1vel.<\/p>\n<h3>5. Design compat\u00edvel com dispositivos m\u00f3veis<\/h3>\n<p>Certifique-se de que ele funcione em telefones e desktops.<\/p>\n<h2>As melhores plataformas de bate-papo aleat\u00f3rio gratuito com garotas em 2025<\/h2>\n<p>Aqui est\u00e1 uma compara\u00e7\u00e3o das principais plataformas para bate-papos aleat\u00f3rios com garotas:<\/p>\n<table>\n<thead>\n<tr>\n<th>Plataforma<\/th>\n<th align=\"center\">Acesso gratuito<\/th>\n<th align=\"center\">Filtro de g\u00eanero<\/th>\n<th align=\"center\">Registro necess\u00e1rio<\/th>\n<th align=\"center\">Suporte m\u00f3vel<\/th>\n<th align=\"center\">Modera\u00e7\u00e3o<\/th>\n<th>Notas<\/th>\n<\/tr>\n<\/thead>\n<tbody>\n<tr>\n<td>StrangerCam<\/td>\n<td align=\"center\">\u2705<\/td>\n<td align=\"center\">\u2705 (Gratuito)<\/td>\n<td align=\"center\">\u274c<\/td>\n<td align=\"center\">\u2705<\/td>\n<td align=\"center\">\u2705<\/td>\n<td>A melhor op\u00e7\u00e3o para bate-papos gratuitos com garotas<\/td>\n<\/tr>\n<tr>\n<td><a href=\"https:\/\/strangercam.com\/pt-br\/chatroulette\/\">Chatroulette<\/a><\/td>\n<td align=\"center\">\u2705<\/td>\n<td align=\"center\">\u274c (Pago)<\/td>\n<td align=\"center\">\u274c<\/td>\n<td align=\"center\">\u2705<\/td>\n<td align=\"center\">\u2705<\/td>\n<td>Cl\u00e1ssico, mas sem filtros gratuitos<\/td>\n<\/tr>\n<tr>\n<td>Chatrandom<\/td>\n<td align=\"center\">\u2705<\/td>\n<td align=\"center\">\u274c (Pago)<\/td>\n<td align=\"center\">\u274c<\/td>\n<td align=\"center\">\u2705<\/td>\n<td align=\"center\">\u2705<\/td>\n<td>Popular, mas s\u00e3o necess\u00e1rias atualiza\u00e7\u00f5es<\/td>\n<\/tr>\n<tr>\n<td>Shagle<\/td>\n<td align=\"center\">\u2705<\/td>\n<td align=\"center\">\u274c (Pago)<\/td>\n<td align=\"center\">\u274c<\/td>\n<td align=\"center\">\u2705<\/td>\n<td align=\"center\">\u2705<\/td>\n<td>Gratuito para come\u00e7ar, filtros premium bloqueados<\/td>\n<\/tr>\n<tr>\n<td><a href=\"https:\/\/strangercam.com\/pt-br\/coomeet\/\">CooMeet<\/a><\/td>\n<td align=\"center\">\u274c (Teste)<\/td>\n<td align=\"center\">\u2705<\/td>\n<td align=\"center\">\u2705<\/td>\n<td align=\"center\">\u2705<\/td>\n<td align=\"center\">\u2705<\/td>\n<td>Pago ap\u00f3s um breve per\u00edodo de teste<\/td>\n<\/tr>\n<tr>\n<td>LuckyCrush<\/td>\n<td align=\"center\">\u274c<\/td>\n<td align=\"center\">\u2705<\/td>\n<td align=\"center\">\u2705<\/td>\n<td align=\"center\">\u2705<\/td>\n<td align=\"center\">\u2705<\/td>\n<td>Sempre pago, espec\u00edfico por g\u00eanero<\/td>\n<\/tr>\n<\/tbody>\n<\/table>\n<p>A StrangerCam se destaca como uma das \u00fanicas plataformas que oferece um filtro de g\u00eanero gratuito para que voc\u00ea possa conversar com garotas instantaneamente - sem inscri\u00e7\u00e3o ou taxas ocultas.<\/p>\n<h2>Por que a StrangerCam \u00e9 a melhor op\u00e7\u00e3o<\/h2>\n<p>Veja por que a StrangerCam \u00e9 a melhor op\u00e7\u00e3o para bate-papo aleat\u00f3rio com garotas em 2025:<\/p>\n<h3>1. Filtro de g\u00eanero gratuito<\/h3>\n<p>Diferentemente de outras plataformas, a StrangerCam permite que voc\u00ea se conecte com garotas sem pagar.<\/p>\n<h3>2. Totalmente gratuito e ilimitado<\/h3>\n<p>Sem taxas ocultas, sem sistema de cr\u00e9dito - apenas bate-papos ilimitados.<\/p>\n<h3>3. N\u00e3o \u00e9 necess\u00e1rio registrar-se<\/h3>\n<p>Mantenha-se an\u00f4nimo e conecte-se em segundos.<\/p>\n<h3>4. Seguro e moderado<\/h3>\n<p>A modera\u00e7\u00e3o ativa torna a experi\u00eancia mais segura do que na maioria das plataformas.<\/p>\n<h3>5. Funciona em todos os dispositivos<\/h3>\n<p>Otimizado para telefones, tablets e desktops.<\/p>\n<h3>6. Base global de usu\u00e1rios do sexo feminino<\/h3>\n<p>Conhe\u00e7a garotas de mais de 100 pa\u00edses.<\/p>\n<h2>Depoimentos reais de usu\u00e1rios<\/h2>\n<blockquote><p><em>\"Tentei outros sites, mas todos me obrigavam a pagar para conversar com garotas. O StrangerCam realmente me permite fazer isso de gra\u00e7a.\"<\/em><br \/>\n- Daniel, 28 anos<\/p><\/blockquote>\n<blockquote><p><em>\"Fiz amizade com meninas de tr\u00eas pa\u00edses diferentes. \u00c9 divertido e me sinto segura.\"<\/em><br \/>\n- Sophia, 22 anos<\/p><\/blockquote>\n<blockquote><p><em>\"O filtro de g\u00eanero funciona sem taxas ocultas - finalmente, um site que cumpre o que promete.\"<\/em><br \/>\n- Ryan, 30 anos<\/p><\/blockquote>\n<blockquote><p><em>\"R\u00e1pido, divertido e gratuito. A StrangerCam \u00e9 minha op\u00e7\u00e3o para bate-papos aleat\u00f3rios com garotas.\"<\/em><br \/>\n- Leah, 19 anos<\/p><\/blockquote>\n<h2>Dicas de seguran\u00e7a para bate-papo aleat\u00f3rio com garotas<\/h2>\n<p>Embora seja divertido conversar on-line, mantenha-se sempre seguro:<\/p>\n<ul>\n<li>N\u00e3o compartilhe detalhes pessoais, como n\u00famero de telefone ou endere\u00e7o.<\/li>\n<li>Evite clicar em links de estranhos.<\/li>\n<li>Use \"Next\" livremente se voc\u00ea n\u00e3o se sentir confort\u00e1vel.<\/li>\n<li>Verifique seu plano de fundo antes de ligar a webcam.<\/li>\n<li>Use as ferramentas da plataforma para denunciar ou bloquear.<\/li>\n<li>Respeite as regras de idade - n\u00e3o use se tiver menos de 18 anos.<\/li>\n<\/ul>\n<h2>Como come\u00e7ar - passo a passo<\/h2>\n<p>Leva apenas alguns segundos para iniciar um bate-papo aleat\u00f3rio gratuito com garotas:<\/p>\n<ol>\n<li>Abra o StrangerCam em seu dispositivo.<\/li>\n<li>Permita o acesso \u00e0 c\u00e2mera e ao microfone.<\/li>\n<li>Escolha o filtro de g\u00eanero (meninas).<\/li>\n<li>Clique em Start Chat.<\/li>\n<li>Pressione Next a qualquer momento para conhecer algu\u00e9m novo.<\/li>\n<\/ol>\n<p>R\u00e1pido, simples e totalmente gratuito.<\/p>\n<p>Em 2025, o bate-papo aleat\u00f3rio gratuito com meninas \u00e9 uma das formas mais interessantes e aut\u00eanticas de conhecer novas pessoas on-line. Ao contr\u00e1rio dos aplicativos de namoro ou das m\u00eddias sociais, \u00e9 espont\u00e2neo, real e instant\u00e2neo.<\/p>\n<p>No entanto, nem todos os sites cumprem o que prometem - muitos bloqueiam recursos atr\u00e1s de paywalls ou inundam seus bate-papos com bots. \u00c9 por isso que o StrangerCam \u00e9 a melhor op\u00e7\u00e3o: gratuito, seguro, global e sempre cheio de usu\u00e1rios reais.<\/p>\n<p>Pronto para se conectar? Inicie um bate-papo aleat\u00f3rio gratuito com garotas hoje mesmo e veja quem voc\u00ea conhecer\u00e1 em seguida.<\/p>","protected":false},"excerpt":{"rendered":"<p>Are you searching for a free random chat with girls? You\u2019re not the only one. Millions of people every month look for simple, instant, and fun ways to connect with girls online. Unlike dating apps or social media, which can feel slow or full of fake profiles, random chat with girls is direct, spontaneous, and [&hellip;]<\/p>\n","protected":false},"author":8,"featured_media":0,"parent":0,"menu_order":0,"comment_status":"closed","ping_status":"closed","template":"","meta":{"footnotes":""},"class_list":["post-4831","page","type-page","status-publish","hentry"],"yoast_head":"<!-- This site is optimized with the Yoast SEO plugin v27.4 - https:\/\/yoast.com\/product\/yoast-seo-wordpress\/ -->\n<title>Free Random Chat With Girls - StrangerCam.com: Cam With Strangers<\/title>\n<meta name=\"description\" content=\"Free Random Chat With Girls anonymously with over 5.000.000 strangers. No Sign-Up Required! Cam with strangers on StrangerCam.com.\" \/>\n<meta name=\"robots\" content=\"index, follow, max-snippet:-1, max-image-preview:large, max-video-preview:-1\" \/>\n<link rel=\"canonical\" href=\"https:\/\/strangercam.com\/pt-br\/bate-papo-aleatorio-gratuito-com-meninas\/\" \/>\n<meta property=\"og:locale\" content=\"pt_BR\" \/>\n<meta property=\"og:type\" content=\"article\" \/>\n<meta property=\"og:title\" content=\"Free Random Chat With Girls - StrangerCam.com: Cam With Strangers\" \/>\n<meta property=\"og:description\" content=\"Free Random Chat With Girls anonymously with over 5.000.000 strangers. No Sign-Up Required! Cam with strangers on StrangerCam.com.\" \/>\n<meta property=\"og:url\" content=\"https:\/\/strangercam.com\/pt-br\/bate-papo-aleatorio-gratuito-com-meninas\/\" \/>\n<meta property=\"og:site_name\" content=\"Strangercam\" \/>\n<meta property=\"article:publisher\" content=\"https:\/\/www.facebook.com\/strangercam\" \/>\n<meta property=\"article:modified_time\" content=\"2025-09-23T10:38:49+00:00\" \/>\n<meta property=\"og:image\" content=\"https:\/\/strangercam.com\/wp-content\/uploads\/2021\/10\/Untitled-2.png\" \/>\n\t<meta property=\"og:image:width\" content=\"800\" \/>\n\t<meta property=\"og:image:height\" content=\"532\" \/>\n\t<meta property=\"og:image:type\" content=\"image\/png\" \/>\n<meta name=\"twitter:card\" content=\"summary_large_image\" \/>\n<meta name=\"twitter:site\" content=\"@strangercamapp\" \/>\n<meta name=\"twitter:label1\" content=\"Est. tempo de leitura\" \/>\n\t<meta name=\"twitter:data1\" content=\"4 minutos\" \/>\n<script type=\"application\/ld+json\" class=\"yoast-schema-graph\">{\"@context\":\"https:\\\/\\\/schema.org\",\"@graph\":[{\"@type\":\"WebPage\",\"@id\":\"https:\\\/\\\/strangercam.com\\\/free-random-chat-with-girls\\\/\",\"url\":\"https:\\\/\\\/strangercam.com\\\/free-random-chat-with-girls\\\/\",\"name\":\"Free Random Chat With Girls - StrangerCam.com: Cam With Strangers\",\"isPartOf\":{\"@id\":\"https:\\\/\\\/strangercam.com\\\/#website\"},\"datePublished\":\"2025-09-23T09:00:01+00:00\",\"dateModified\":\"2025-09-23T10:38:49+00:00\",\"description\":\"Free Random Chat With Girls anonymously with over 5.000.000 strangers. No Sign-Up Required! Cam with strangers on StrangerCam.com.\",\"breadcrumb\":{\"@id\":\"https:\\\/\\\/strangercam.com\\\/free-random-chat-with-girls\\\/#breadcrumb\"},\"inLanguage\":\"pt-BR\",\"potentialAction\":[{\"@type\":\"ReadAction\",\"target\":[\"https:\\\/\\\/strangercam.com\\\/free-random-chat-with-girls\\\/\"]}]},{\"@type\":\"BreadcrumbList\",\"@id\":\"https:\\\/\\\/strangercam.com\\\/free-random-chat-with-girls\\\/#breadcrumb\",\"itemListElement\":[{\"@type\":\"ListItem\",\"position\":1,\"name\":\"Home\",\"item\":\"https:\\\/\\\/strangercam.com\\\/\"},{\"@type\":\"ListItem\",\"position\":2,\"name\":\"Free Random Chat With Girls\"}]},{\"@type\":\"WebSite\",\"@id\":\"https:\\\/\\\/strangercam.com\\\/#website\",\"url\":\"https:\\\/\\\/strangercam.com\\\/\",\"name\":\"Strangercam\",\"description\":\"Random Video Chat with Strangers\",\"publisher\":{\"@id\":\"https:\\\/\\\/strangercam.com\\\/#organization\"},\"alternateName\":\"Strangercam.com\",\"potentialAction\":[{\"@type\":\"SearchAction\",\"target\":{\"@type\":\"EntryPoint\",\"urlTemplate\":\"https:\\\/\\\/strangercam.com\\\/?s={search_term_string}\"},\"query-input\":{\"@type\":\"PropertyValueSpecification\",\"valueRequired\":true,\"valueName\":\"search_term_string\"}}],\"inLanguage\":\"pt-BR\"},{\"@type\":\"Organization\",\"@id\":\"https:\\\/\\\/strangercam.com\\\/#organization\",\"name\":\"Strangercam\",\"alternateName\":\"Strangercam.com\",\"url\":\"https:\\\/\\\/strangercam.com\\\/\",\"logo\":{\"@type\":\"ImageObject\",\"inLanguage\":\"pt-BR\",\"@id\":\"https:\\\/\\\/strangercam.com\\\/#\\\/schema\\\/logo\\\/image\\\/\",\"url\":\"https:\\\/\\\/strangercam.com\\\/wp-content\\\/uploads\\\/2020\\\/11\\\/cropped-new-favicon-black.png\",\"contentUrl\":\"https:\\\/\\\/strangercam.com\\\/wp-content\\\/uploads\\\/2020\\\/11\\\/cropped-new-favicon-black.png\",\"width\":512,\"height\":512,\"caption\":\"Strangercam\"},\"image\":{\"@id\":\"https:\\\/\\\/strangercam.com\\\/#\\\/schema\\\/logo\\\/image\\\/\"},\"sameAs\":[\"https:\\\/\\\/www.facebook.com\\\/strangercam\",\"https:\\\/\\\/x.com\\\/strangercamapp\"]}]}<\/script>\n<!-- \/ Yoast SEO plugin. -->","yoast_head_json":{"title":"Bate-papo aleat\u00f3rio gratuito com garotas - StrangerCam.com: C\u00e2mera com estranhos","description":"Bate-papo aleat\u00f3rio gratuito com garotas anonimamente com mais de 5.000.000 de estranhos. N\u00e3o \u00e9 necess\u00e1rio se registrar! Cam com estranhos em StrangerCam.com.","robots":{"index":"index","follow":"follow","max-snippet":"max-snippet:-1","max-image-preview":"max-image-preview:large","max-video-preview":"max-video-preview:-1"},"canonical":"https:\/\/strangercam.com\/pt-br\/bate-papo-aleatorio-gratuito-com-meninas\/","og_locale":"pt_BR","og_type":"article","og_title":"Free Random Chat With Girls - StrangerCam.com: Cam With Strangers","og_description":"Free Random Chat With Girls anonymously with over 5.000.000 strangers. No Sign-Up Required! Cam with strangers on StrangerCam.com.","og_url":"https:\/\/strangercam.com\/pt-br\/bate-papo-aleatorio-gratuito-com-meninas\/","og_site_name":"Strangercam","article_publisher":"https:\/\/www.facebook.com\/strangercam","article_modified_time":"2025-09-23T10:38:49+00:00","og_image":[{"width":800,"height":532,"url":"https:\/\/strangercam.com\/wp-content\/uploads\/2021\/10\/Untitled-2.png","type":"image\/png"}],"twitter_card":"summary_large_image","twitter_site":"@strangercamapp","twitter_misc":{"Est. tempo de leitura":"4 minutos"},"schema":{"@context":"https:\/\/schema.org","@graph":[{"@type":"WebPage","@id":"https:\/\/strangercam.com\/free-random-chat-with-girls\/","url":"https:\/\/strangercam.com\/free-random-chat-with-girls\/","name":"Bate-papo aleat\u00f3rio gratuito com garotas - StrangerCam.com: C\u00e2mera com estranhos","isPartOf":{"@id":"https:\/\/strangercam.com\/#website"},"datePublished":"2025-09-23T09:00:01+00:00","dateModified":"2025-09-23T10:38:49+00:00","description":"Bate-papo aleat\u00f3rio gratuito com garotas anonimamente com mais de 5.000.000 de estranhos. N\u00e3o \u00e9 necess\u00e1rio se registrar! Cam com estranhos em StrangerCam.com.","breadcrumb":{"@id":"https:\/\/strangercam.com\/free-random-chat-with-girls\/#breadcrumb"},"inLanguage":"pt-BR","potentialAction":[{"@type":"ReadAction","target":["https:\/\/strangercam.com\/free-random-chat-with-girls\/"]}]},{"@type":"BreadcrumbList","@id":"https:\/\/strangercam.com\/free-random-chat-with-girls\/#breadcrumb","itemListElement":[{"@type":"ListItem","position":1,"name":"Home","item":"https:\/\/strangercam.com\/"},{"@type":"ListItem","position":2,"name":"Free Random Chat With Girls"}]},{"@type":"WebSite","@id":"https:\/\/strangercam.com\/#website","url":"https:\/\/strangercam.com\/","name":"Strangercam","description":"Bate-papo por v\u00eddeo aleat\u00f3rio com estranhos","publisher":{"@id":"https:\/\/strangercam.com\/#organization"},"alternateName":"Strangercam.com","potentialAction":[{"@type":"SearchAction","target":{"@type":"EntryPoint","urlTemplate":"https:\/\/strangercam.com\/?s={search_term_string}"},"query-input":{"@type":"PropertyValueSpecification","valueRequired":true,"valueName":"search_term_string"}}],"inLanguage":"pt-BR"},{"@type":"Organization","@id":"https:\/\/strangercam.com\/#organization","name":"Strangercam","alternateName":"Strangercam.com","url":"https:\/\/strangercam.com\/","logo":{"@type":"ImageObject","inLanguage":"pt-BR","@id":"https:\/\/strangercam.com\/#\/schema\/logo\/image\/","url":"https:\/\/strangercam.com\/wp-content\/uploads\/2020\/11\/cropped-new-favicon-black.png","contentUrl":"https:\/\/strangercam.com\/wp-content\/uploads\/2020\/11\/cropped-new-favicon-black.png","width":512,"height":512,"caption":"Strangercam"},"image":{"@id":"https:\/\/strangercam.com\/#\/schema\/logo\/image\/"},"sameAs":["https:\/\/www.facebook.com\/strangercam","https:\/\/x.com\/strangercamapp"]}]}},"_links":{"self":[{"href":"https:\/\/strangercam.com\/pt-br\/wp-json\/wp\/v2\/pages\/4831","targetHints":{"allow":["GET"]}}],"collection":[{"href":"https:\/\/strangercam.com\/pt-br\/wp-json\/wp\/v2\/pages"}],"about":[{"href":"https:\/\/strangercam.com\/pt-br\/wp-json\/wp\/v2\/types\/page"}],"author":[{"embeddable":true,"href":"https:\/\/strangercam.com\/pt-br\/wp-json\/wp\/v2\/users\/8"}],"replies":[{"embeddable":true,"href":"https:\/\/strangercam.com\/pt-br\/wp-json\/wp\/v2\/comments?post=4831"}],"version-history":[{"count":2,"href":"https:\/\/strangercam.com\/pt-br\/wp-json\/wp\/v2\/pages\/4831\/revisions"}],"predecessor-version":[{"id":13040,"href":"https:\/\/strangercam.com\/pt-br\/wp-json\/wp\/v2\/pages\/4831\/revisions\/13040"}],"wp:attachment":[{"href":"https:\/\/strangercam.com\/pt-br\/wp-json\/wp\/v2\/media?parent=4831"}],"curies":[{"name":"wp","href":"https:\/\/api.w.org\/{rel}","templated":true}]}}