{"id":4141,"date":"2025-09-08T08:04:51","date_gmt":"2025-09-08T06:04:51","guid":{"rendered":"https:\/\/strangercam.com\/?page_id=4141"},"modified":"2025-09-08T10:12:00","modified_gmt":"2025-09-08T08:12:00","slug":"namoro-com-camera","status":"publish","type":"page","link":"https:\/\/strangercam.com\/pt-br\/cam-dating\/","title":{"rendered":"Cam Dating"},"content":{"rendered":"<p>Voc\u00ea tem curiosidade sobre <a href=\"https:\/\/strangercam.com\/pt-br\/bazoocam\/\">c\u00e2mera<\/a> namoro? Voc\u00ea n\u00e3o est\u00e1 sozinho. Cada vez mais pessoas est\u00e3o recorrendo a bate-papos por v\u00eddeo on-line como uma maneira divertida e aut\u00eantica de se conectar. Ao contr\u00e1rio dos aplicativos de namoro tradicionais, em que as conversas podem parecer lentas ou falsas, o namoro por c\u00e2mera permite que voc\u00ea veja e converse com algu\u00e9m instantaneamente. \u00c9 pessoal, real e, muitas vezes, mais empolgante do que apenas passar o dedo nos perfis.<\/p>\n<p>Com plataformas como a StrangerCam, voc\u00ea pode iniciar uma <a href=\"https:\/\/strangercam.com\/pt-br\/cam-to-cam-chat\/\">c\u00e2mera gratuita<\/a> sem registro, sem downloads e sem custos ocultos. N\u00e3o importa se voc\u00ea est\u00e1 procurando amizade, paquera casual ou algo mais s\u00e9rio, o namoro por c\u00e2mera \u00e9 uma das maneiras que mais crescem para conhecer novas pessoas em 2025.<\/p>\n<p>Este guia aborda tudo o que voc\u00ea precisa saber: o que \u00e9 namoro por c\u00e2mera, por que \u00e9 t\u00e3o popular, como funciona, quais recursos procurar, uma compara\u00e7\u00e3o das principais plataformas, dicas de seguran\u00e7a e por que o StrangerCam \u00e9 uma das melhores op\u00e7\u00f5es para namoro por c\u00e2mera gratuito atualmente.<\/p>\n<h2>O que \u00e9 Cam Dating?<\/h2>\n<p>O namoro com c\u00e2mera \u00e9 uma forma de namoro on-line que usa v\u00eddeo ao vivo <a href=\"https:\/\/strangercam.com\/pt-br\/chathub\/\">bate-papo<\/a> para conectar duas pessoas cara a cara em tempo real. Em vez de percorrer perfis intermin\u00e1veis ou esperar por correspond\u00eancias, o namoro por c\u00e2mera se concentra na qu\u00edmica instant\u00e2nea - voc\u00ea v\u00ea a outra pessoa imediatamente e decide se a vibra\u00e7\u00e3o \u00e9 boa.<\/p>\n<p>O formato \u00e9 privado, simples e direto. Voc\u00ea permite sua c\u00e2mera, clica em \"Start\" (Iniciar) e \u00e9 imediatamente conectado a algu\u00e9m que tamb\u00e9m est\u00e1 procurando uma conversa. Se n\u00e3o der certo, pressione \"Next\" (Avan\u00e7ar) e voc\u00ea ser\u00e1 conectado a outra pessoa.<\/p>\n<h2>Por que as pessoas adoram encontros com c\u00e2meras gratuitas<\/h2>\n<p>O apelo do namoro gratuito com c\u00e2mera \u00e9 claro:<\/p>\n<ul>\n<li>Autenticidade: Voc\u00ea sabe que a pessoa \u00e9 real, e n\u00e3o um perfil falso ou um bot.<\/li>\n<li>Qu\u00edmica instant\u00e2nea: Sem espera - decida rapidamente se h\u00e1 uma fa\u00edsca.<\/li>\n<li>Espontaneidade: cada bate-papo por v\u00eddeo \u00e9 \u00fanico e imprevis\u00edvel.<\/li>\n<li>Privacidade: Ao contr\u00e1rio das salas de grupo, o namoro na c\u00e2mera \u00e9 individual.<\/li>\n<li>Alcance global: Conhe\u00e7a pessoas de todo o mundo 24 horas por dia, 7 dias por semana.<\/li>\n<li>Divertido e empolgante: Uma mistura de flerte, amizade e interc\u00e2mbio cultural.<\/li>\n<\/ul>\n<h2>Como funciona o Cam Dating?<\/h2>\n<p>Come\u00e7ar a usar o cam dating \u00e9 simples:<\/p>\n<ol>\n<li>Abra uma plataforma de encontros com c\u00e2meras, como a StrangerCam.<\/li>\n<li>Permita o acesso \u00e0 c\u00e2mera e ao microfone.<\/li>\n<li>Clique em \"Iniciar bate-papo\".<\/li>\n<li>Conhe\u00e7a algu\u00e9m instantaneamente em uma chamada de v\u00eddeo privada.<\/li>\n<li>Clique em \"Next\" (Avan\u00e7ar) para prosseguir se a vibra\u00e7\u00e3o n\u00e3o estiver correta.<\/li>\n<\/ol>\n<p>Todo o processo leva menos de um minuto e pode levar a horas de conversas divertidas e espont\u00e2neas.<\/p>\n<h2>Principais recursos a serem observados<\/h2>\n<p>Ao escolher um site de namoro com c\u00e2mera, tenha em mente esses recursos:<\/p>\n<h3>1. Acesso verdadeiramente gratuito<\/h3>\n<p>Muitos sites afirmam ser gratuitos, mas bloqueiam os recursos essenciais por meio de paywalls. Procure por bate-papo gratuito e ilimitado.<\/p>\n<h3>2. N\u00e3o \u00e9 necess\u00e1rio registrar-se<\/h3>\n<p>As melhores plataformas de cam dating permitem que voc\u00ea comece sem criar uma conta.<\/p>\n<h3>3. Filtros de g\u00eanero e localiza\u00e7\u00e3o<\/h3>\n<p>\u00datil para encontrar pessoas que correspondam \u00e0s suas prefer\u00eancias.<\/p>\n<h3>4. Modera\u00e7\u00e3o segura<\/h3>\n<p>Ferramentas robustas de den\u00fancia e bloqueio mant\u00eam o espa\u00e7o seguro.<\/p>\n<h3>5. Experi\u00eancia compat\u00edvel com dispositivos m\u00f3veis<\/h3>\n<p>Certifique-se de que a plataforma funcione t\u00e3o bem em smartphones quanto em desktops.<\/p>\n<h3>6. V\u00eddeo e \u00e1udio de alta qualidade<\/h3>\n<p>Conex\u00f5es claras facilitam o desenvolvimento da qu\u00edmica.<\/p>\n<h2>Melhores plataformas de namoro com c\u00e2mera em 2025<\/h2>\n<p>Aqui est\u00e1 uma compara\u00e7\u00e3o das plataformas mais populares para encontros com c\u00e2meras:<\/p>\n<table>\n<thead>\n<tr>\n<th>Plataforma<\/th>\n<th align=\"center\">Acesso gratuito<\/th>\n<th align=\"center\">Filtro de g\u00eanero<\/th>\n<th align=\"center\">Registro necess\u00e1rio<\/th>\n<th align=\"center\">Suporte m\u00f3vel<\/th>\n<th align=\"center\">Modera\u00e7\u00e3o<\/th>\n<th>Notas<\/th>\n<\/tr>\n<\/thead>\n<tbody>\n<tr>\n<td>StrangerCam<\/td>\n<td align=\"center\">\u2705<\/td>\n<td align=\"center\">\u2705 (Gratuito)<\/td>\n<td align=\"center\">\u274c<\/td>\n<td align=\"center\">\u2705<\/td>\n<td align=\"center\">\u2705<\/td>\n<td>A melhor op\u00e7\u00e3o para encontros gratuitos com c\u00e2meras<\/td>\n<\/tr>\n<tr>\n<td><a href=\"https:\/\/strangercam.com\/pt-br\/chatroulette\/\">Chatroulette<\/a><\/td>\n<td align=\"center\">\u2705<\/td>\n<td align=\"center\">\u274c (Pago)<\/td>\n<td align=\"center\">\u274c<\/td>\n<td align=\"center\">\u2705<\/td>\n<td align=\"center\">\u2705<\/td>\n<td>Cl\u00e1ssico, mas os filtros de g\u00eanero custam<\/td>\n<\/tr>\n<tr>\n<td>Chatrandom<\/td>\n<td align=\"center\">\u2705<\/td>\n<td align=\"center\">\u274c (Pago)<\/td>\n<td align=\"center\">\u274c<\/td>\n<td align=\"center\">\u2705<\/td>\n<td align=\"center\">\u2705<\/td>\n<td>Ampla base de usu\u00e1rios, atualiza\u00e7\u00f5es promovidas<\/td>\n<\/tr>\n<tr>\n<td>Shagle<\/td>\n<td align=\"center\">\u2705<\/td>\n<td align=\"center\">\u274c (Pago)<\/td>\n<td align=\"center\">\u274c<\/td>\n<td align=\"center\">\u2705<\/td>\n<td align=\"center\">\u2705<\/td>\n<td>Entrada gratuita, pr\u00eamio para filtros<\/td>\n<\/tr>\n<tr>\n<td><a href=\"https:\/\/strangercam.com\/pt-br\/coomeet\/\">CooMeet<\/a><\/td>\n<td align=\"center\">\u274c (Teste)<\/td>\n<td align=\"center\">\u2705<\/td>\n<td align=\"center\">\u2705<\/td>\n<td align=\"center\">\u2705<\/td>\n<td align=\"center\">\u2705<\/td>\n<td>Plataforma paga voltada para encontros com garotas<\/td>\n<\/tr>\n<tr>\n<td>LuckyCrush<\/td>\n<td align=\"center\">\u274c<\/td>\n<td align=\"center\">\u2705<\/td>\n<td align=\"center\">\u2705<\/td>\n<td align=\"center\">\u2705<\/td>\n<td align=\"center\">\u2705<\/td>\n<td>Sempre pago, combina homens e mulheres<\/td>\n<\/tr>\n<\/tbody>\n<\/table>\n<p>Entre elas, a StrangerCam \u00e9 uma das \u00fanicas plataformas que oferece namoro por c\u00e2mera gratuito sem cadastro e com um filtro de g\u00eanero ativo.<\/p>\n<h2>Por que a StrangerCam \u00e9 a melhor op\u00e7\u00e3o<\/h2>\n<p>Veja por que o StrangerCam \u00e9 a melhor op\u00e7\u00e3o para encontros com c\u00e2meras em 2025:<\/p>\n<h3>1. Totalmente gratuito e ilimitado<\/h3>\n<p>Sem taxas ocultas, testes ou cr\u00e9ditos - converse o quanto quiser.<\/p>\n<h3>2. Filtro de g\u00eanero gratuito<\/h3>\n<p>Selecione quem voc\u00ea deseja conhecer - rapazes, mo\u00e7as ou ambos - sem pagar nada a mais.<\/p>\n<h3>3. Chats privados individuais<\/h3>\n<p>Conversas focadas e pessoais em vez de salas de bate-papo lotadas.<\/p>\n<h3>4. N\u00e3o \u00e9 necess\u00e1rio registrar-se<\/h3>\n<p>Permane\u00e7a an\u00f4nimo e conecte-se instantaneamente.<\/p>\n<h3>5. Seguro e moderado<\/h3>\n<p>A modera\u00e7\u00e3o ativa mant\u00e9m os bots e os usu\u00e1rios inadequados afastados.<\/p>\n<h3>6. Funciona em todos os dispositivos<\/h3>\n<p>Otimizado para uso em desktop, tablet e celular.<\/p>\n<h2>Depoimentos reais de usu\u00e1rios<\/h2>\n<blockquote><p><em>\"Eu queria experimentar o namoro por c\u00e2mera porque os aplicativos comuns pareciam muito lentos. O StrangerCam me proporcionou conex\u00f5es instant\u00e2neas e, na verdade, encontrei algu\u00e9m com quem continuo conversando regularmente.\"<\/em><br \/>\n- David, 29 anos<\/p><\/blockquote>\n<blockquote><p><em>\"Parece mais real do que deslizar nos aplicativos. Posso saber imediatamente se me identifico com algu\u00e9m.\"<\/em><br \/>\n- Sophia, 23 anos<\/p><\/blockquote>\n<blockquote><p><em>\"Finalmente, um site de encontros com c\u00e2meras em que o filtro de g\u00eanero \u00e9 gratuito e funciona como prometido.\"<\/em><br \/>\n- Ryan, 31 anos<\/p><\/blockquote>\n<blockquote><p><em>\"J\u00e1 conheci pessoas de tr\u00eas continentes. \u00c9 empolgante e muito mais divertido do que o namoro on-line tradicional.\"<\/em><br \/>\n- Leah, 20 anos<\/p><\/blockquote>\n<h2>Dicas de seguran\u00e7a para encontros em c\u00e2meras<\/h2>\n<p>Embora o namoro em c\u00e2mera seja divertido e empolgante, lembre-se destes itens essenciais de seguran\u00e7a:<\/p>\n<ul>\n<li>N\u00e3o compartilhe detalhes pessoais, como seu n\u00famero de telefone, e-mail ou endere\u00e7o.<\/li>\n<li>Ignore ou bloqueie qualquer pessoa que o deixe desconfort\u00e1vel.<\/li>\n<li>Nunca clique em links suspeitos.<\/li>\n<li>Verifique seu plano de fundo antes de ligar a webcam.<\/li>\n<li>Use as ferramentas da plataforma para fazer den\u00fancias e bloqueios.<\/li>\n<li>Respeite as restri\u00e7\u00f5es de idade - se voc\u00ea tiver menos de 18 anos, n\u00e3o use sites de namoro com c\u00e2meras para adultos.<\/li>\n<\/ul>\n<h2>Como come\u00e7ar - passo a passo<\/h2>\n<p>Leva menos de um minuto para come\u00e7ar a namorar pela c\u00e2mera:<\/p>\n<ol>\n<li>Abra o StrangerCam em seu dispositivo.<\/li>\n<li>Permita o acesso \u00e0 c\u00e2mera e ao microfone.<\/li>\n<li>Escolha suas prefer\u00eancias (como filtros de g\u00eanero).<\/li>\n<li>Clique em Start Chat para se conectar instantaneamente.<\/li>\n<li>Se n\u00e3o houver fa\u00edsca, pressione Next para continuar.<\/li>\n<\/ol>\n<p>R\u00e1pido, simples e 100% gratuito.<\/p>\n<p>Em 2025, o namoro com c\u00e2mera \u00e9 uma das maneiras mais r\u00e1pidas e aut\u00eanticas de se conectar on-line. Ao contr\u00e1rio dos aplicativos de namoro tradicionais, \u00e9 cara a cara, instant\u00e2neo e divertido.<\/p>\n<p>Mas nem todas as plataformas cumprem o que prometem. Muitas escondem recursos essenciais atr\u00e1s de paywalls ou est\u00e3o repletas de bots. \u00c9 por isso que a StrangerCam \u00e9 a melhor op\u00e7\u00e3o: \u00e9 gratuita, segura, privada e sempre cheia de usu\u00e1rios reais prontos para se conectar.<\/p>\n<p>Pronto para experimentar? Comece hoje mesmo a fazer encontros gratuitos com c\u00e2meras e descubra quem voc\u00ea conhecer\u00e1 em seguida.<\/p>","protected":false},"excerpt":{"rendered":"<p>Are you curious about cam dating? You\u2019re not alone. More and more people are turning to online video chats as a fun and authentic way to connect. Unlike traditional dating apps where conversations can feel slow or fake, cam dating lets you see and talk to someone instantly. It\u2019s personal, real, and often more exciting [&hellip;]<\/p>\n","protected":false},"author":8,"featured_media":0,"parent":0,"menu_order":0,"comment_status":"closed","ping_status":"closed","template":"","meta":{"footnotes":""},"class_list":["post-4141","page","type-page","status-publish","hentry"],"yoast_head":"<!-- This site is optimized with the Yoast SEO plugin v27.4 - https:\/\/yoast.com\/product\/yoast-seo-wordpress\/ -->\n<title>Cam Dating with Video Chat on Strangercam.com<\/title>\n<meta name=\"description\" content=\"Liking Cam Dating? Join millions on StrangerCam.com! Start a random video chat, turn on your cam, and meet strangers instantly.\" \/>\n<meta name=\"robots\" content=\"index, follow, max-snippet:-1, max-image-preview:large, max-video-preview:-1\" \/>\n<link rel=\"canonical\" href=\"https:\/\/strangercam.com\/pt-br\/namoro-com-camera\/\" \/>\n<meta property=\"og:locale\" content=\"pt_BR\" \/>\n<meta property=\"og:type\" content=\"article\" \/>\n<meta property=\"og:title\" content=\"Cam Dating with Video Chat on Strangercam.com\" \/>\n<meta property=\"og:description\" content=\"Liking Cam Dating? Join millions on StrangerCam.com! Start a random video chat, turn on your cam, and meet strangers instantly.\" \/>\n<meta property=\"og:url\" content=\"https:\/\/strangercam.com\/pt-br\/namoro-com-camera\/\" \/>\n<meta property=\"og:site_name\" content=\"Strangercam\" \/>\n<meta property=\"article:publisher\" content=\"https:\/\/www.facebook.com\/strangercam\" \/>\n<meta property=\"article:modified_time\" content=\"2025-09-08T08:12:00+00:00\" \/>\n<meta property=\"og:image\" content=\"https:\/\/strangercam.com\/wp-content\/uploads\/2021\/10\/Untitled-2.png\" \/>\n\t<meta property=\"og:image:width\" content=\"800\" \/>\n\t<meta property=\"og:image:height\" content=\"532\" \/>\n\t<meta property=\"og:image:type\" content=\"image\/png\" \/>\n<meta name=\"twitter:card\" content=\"summary_large_image\" \/>\n<meta name=\"twitter:site\" content=\"@strangercamapp\" \/>\n<meta name=\"twitter:label1\" content=\"Est. tempo de leitura\" \/>\n\t<meta name=\"twitter:data1\" content=\"4 minutos\" \/>\n<script type=\"application\/ld+json\" class=\"yoast-schema-graph\">{\"@context\":\"https:\\\/\\\/schema.org\",\"@graph\":[{\"@type\":\"WebPage\",\"@id\":\"https:\\\/\\\/strangercam.com\\\/cam-dating\\\/\",\"url\":\"https:\\\/\\\/strangercam.com\\\/cam-dating\\\/\",\"name\":\"Cam Dating with Video Chat on Strangercam.com\",\"isPartOf\":{\"@id\":\"https:\\\/\\\/strangercam.com\\\/#website\"},\"datePublished\":\"2025-09-08T06:04:51+00:00\",\"dateModified\":\"2025-09-08T08:12:00+00:00\",\"description\":\"Liking Cam Dating? Join millions on StrangerCam.com! Start a random video chat, turn on your cam, and meet strangers instantly.\",\"breadcrumb\":{\"@id\":\"https:\\\/\\\/strangercam.com\\\/cam-dating\\\/#breadcrumb\"},\"inLanguage\":\"pt-BR\",\"potentialAction\":[{\"@type\":\"ReadAction\",\"target\":[\"https:\\\/\\\/strangercam.com\\\/cam-dating\\\/\"]}]},{\"@type\":\"BreadcrumbList\",\"@id\":\"https:\\\/\\\/strangercam.com\\\/cam-dating\\\/#breadcrumb\",\"itemListElement\":[{\"@type\":\"ListItem\",\"position\":1,\"name\":\"Home\",\"item\":\"https:\\\/\\\/strangercam.com\\\/\"},{\"@type\":\"ListItem\",\"position\":2,\"name\":\"Cam Dating\"}]},{\"@type\":\"WebSite\",\"@id\":\"https:\\\/\\\/strangercam.com\\\/#website\",\"url\":\"https:\\\/\\\/strangercam.com\\\/\",\"name\":\"Strangercam\",\"description\":\"Random Video Chat with Strangers\",\"publisher\":{\"@id\":\"https:\\\/\\\/strangercam.com\\\/#organization\"},\"alternateName\":\"Strangercam.com\",\"potentialAction\":[{\"@type\":\"SearchAction\",\"target\":{\"@type\":\"EntryPoint\",\"urlTemplate\":\"https:\\\/\\\/strangercam.com\\\/?s={search_term_string}\"},\"query-input\":{\"@type\":\"PropertyValueSpecification\",\"valueRequired\":true,\"valueName\":\"search_term_string\"}}],\"inLanguage\":\"pt-BR\"},{\"@type\":\"Organization\",\"@id\":\"https:\\\/\\\/strangercam.com\\\/#organization\",\"name\":\"Strangercam\",\"alternateName\":\"Strangercam.com\",\"url\":\"https:\\\/\\\/strangercam.com\\\/\",\"logo\":{\"@type\":\"ImageObject\",\"inLanguage\":\"pt-BR\",\"@id\":\"https:\\\/\\\/strangercam.com\\\/#\\\/schema\\\/logo\\\/image\\\/\",\"url\":\"https:\\\/\\\/strangercam.com\\\/wp-content\\\/uploads\\\/2020\\\/11\\\/cropped-new-favicon-black.png\",\"contentUrl\":\"https:\\\/\\\/strangercam.com\\\/wp-content\\\/uploads\\\/2020\\\/11\\\/cropped-new-favicon-black.png\",\"width\":512,\"height\":512,\"caption\":\"Strangercam\"},\"image\":{\"@id\":\"https:\\\/\\\/strangercam.com\\\/#\\\/schema\\\/logo\\\/image\\\/\"},\"sameAs\":[\"https:\\\/\\\/www.facebook.com\\\/strangercam\",\"https:\\\/\\\/x.com\\\/strangercamapp\"]}]}<\/script>\n<!-- \/ Yoast SEO plugin. -->","yoast_head_json":{"title":"Cam Dating com bate-papo por v\u00eddeo em Strangercam.com","description":"Gosta de encontros com c\u00e2meras? Join milh\u00f5es no StrangerCam.com! Inicie um bate-papo por v\u00eddeo aleat\u00f3rio, ligue sua c\u00e2mera e conhe\u00e7a estranhos instantaneamente.","robots":{"index":"index","follow":"follow","max-snippet":"max-snippet:-1","max-image-preview":"max-image-preview:large","max-video-preview":"max-video-preview:-1"},"canonical":"https:\/\/strangercam.com\/pt-br\/namoro-com-camera\/","og_locale":"pt_BR","og_type":"article","og_title":"Cam Dating with Video Chat on Strangercam.com","og_description":"Liking Cam Dating? Join millions on StrangerCam.com! Start a random video chat, turn on your cam, and meet strangers instantly.","og_url":"https:\/\/strangercam.com\/pt-br\/namoro-com-camera\/","og_site_name":"Strangercam","article_publisher":"https:\/\/www.facebook.com\/strangercam","article_modified_time":"2025-09-08T08:12:00+00:00","og_image":[{"width":800,"height":532,"url":"https:\/\/strangercam.com\/wp-content\/uploads\/2021\/10\/Untitled-2.png","type":"image\/png"}],"twitter_card":"summary_large_image","twitter_site":"@strangercamapp","twitter_misc":{"Est. tempo de leitura":"4 minutos"},"schema":{"@context":"https:\/\/schema.org","@graph":[{"@type":"WebPage","@id":"https:\/\/strangercam.com\/cam-dating\/","url":"https:\/\/strangercam.com\/cam-dating\/","name":"Cam Dating com bate-papo por v\u00eddeo em Strangercam.com","isPartOf":{"@id":"https:\/\/strangercam.com\/#website"},"datePublished":"2025-09-08T06:04:51+00:00","dateModified":"2025-09-08T08:12:00+00:00","description":"Gosta de encontros com c\u00e2meras? Join milh\u00f5es no StrangerCam.com! Inicie um bate-papo por v\u00eddeo aleat\u00f3rio, ligue sua c\u00e2mera e conhe\u00e7a estranhos instantaneamente.","breadcrumb":{"@id":"https:\/\/strangercam.com\/cam-dating\/#breadcrumb"},"inLanguage":"pt-BR","potentialAction":[{"@type":"ReadAction","target":["https:\/\/strangercam.com\/cam-dating\/"]}]},{"@type":"BreadcrumbList","@id":"https:\/\/strangercam.com\/cam-dating\/#breadcrumb","itemListElement":[{"@type":"ListItem","position":1,"name":"Home","item":"https:\/\/strangercam.com\/"},{"@type":"ListItem","position":2,"name":"Cam Dating"}]},{"@type":"WebSite","@id":"https:\/\/strangercam.com\/#website","url":"https:\/\/strangercam.com\/","name":"Strangercam","description":"Bate-papo por v\u00eddeo aleat\u00f3rio com estranhos","publisher":{"@id":"https:\/\/strangercam.com\/#organization"},"alternateName":"Strangercam.com","potentialAction":[{"@type":"SearchAction","target":{"@type":"EntryPoint","urlTemplate":"https:\/\/strangercam.com\/?s={search_term_string}"},"query-input":{"@type":"PropertyValueSpecification","valueRequired":true,"valueName":"search_term_string"}}],"inLanguage":"pt-BR"},{"@type":"Organization","@id":"https:\/\/strangercam.com\/#organization","name":"Strangercam","alternateName":"Strangercam.com","url":"https:\/\/strangercam.com\/","logo":{"@type":"ImageObject","inLanguage":"pt-BR","@id":"https:\/\/strangercam.com\/#\/schema\/logo\/image\/","url":"https:\/\/strangercam.com\/wp-content\/uploads\/2020\/11\/cropped-new-favicon-black.png","contentUrl":"https:\/\/strangercam.com\/wp-content\/uploads\/2020\/11\/cropped-new-favicon-black.png","width":512,"height":512,"caption":"Strangercam"},"image":{"@id":"https:\/\/strangercam.com\/#\/schema\/logo\/image\/"},"sameAs":["https:\/\/www.facebook.com\/strangercam","https:\/\/x.com\/strangercamapp"]}]}},"_links":{"self":[{"href":"https:\/\/strangercam.com\/pt-br\/wp-json\/wp\/v2\/pages\/4141","targetHints":{"allow":["GET"]}}],"collection":[{"href":"https:\/\/strangercam.com\/pt-br\/wp-json\/wp\/v2\/pages"}],"about":[{"href":"https:\/\/strangercam.com\/pt-br\/wp-json\/wp\/v2\/types\/page"}],"author":[{"embeddable":true,"href":"https:\/\/strangercam.com\/pt-br\/wp-json\/wp\/v2\/users\/8"}],"replies":[{"embeddable":true,"href":"https:\/\/strangercam.com\/pt-br\/wp-json\/wp\/v2\/comments?post=4141"}],"version-history":[{"count":2,"href":"https:\/\/strangercam.com\/pt-br\/wp-json\/wp\/v2\/pages\/4141\/revisions"}],"predecessor-version":[{"id":13014,"href":"https:\/\/strangercam.com\/pt-br\/wp-json\/wp\/v2\/pages\/4141\/revisions\/13014"}],"wp:attachment":[{"href":"https:\/\/strangercam.com\/pt-br\/wp-json\/wp\/v2\/media?parent=4141"}],"curies":[{"name":"wp","href":"https:\/\/api.w.org\/{rel}","templated":true}]}}