{"id":4124,"date":"2025-09-08T08:02:09","date_gmt":"2025-09-08T06:02:09","guid":{"rendered":"https:\/\/strangercam.com\/?page_id=4124"},"modified":"2025-09-08T10:06:04","modified_gmt":"2025-09-08T08:06:04","slug":"camera-com-estranhos","status":"publish","type":"page","link":"https:\/\/strangercam.com\/pt-br\/cam-with-strangers\/","title":{"rendered":"C\u00e2mera com estranhos"},"content":{"rendered":"<p>Voc\u00ea est\u00e1 procurando a melhor maneira de <a href=\"https:\/\/strangercam.com\/pt-br\/bazoocam\/\">c\u00e2mera<\/a> com estranhos? Voc\u00ea n\u00e3o est\u00e1 sozinho. Milh\u00f5es de pessoas todos os meses procuram maneiras de se conectar instantaneamente com novas pessoas on-line por meio de bate-papo com v\u00eddeo ao vivo. Ao contr\u00e1rio das redes sociais ou dos aplicativos de namoro que exigem perfis, cadastros ou deslizes intermin\u00e1veis, a c\u00e2mera com estranhos tem a ver com espontaneidade: voc\u00ea liga sua webcam, pressiona start e, em segundos, est\u00e1 cara a cara com algu\u00e9m novo.<\/p>\n<p>Em 2025, plataformas como a StrangerCam facilitam a c\u00e2mera com estranhos gratuitamente - sem registro, sem downloads e sem taxas ocultas. Se estiver procurando fazer amigos, desfrutar de conversas casuais, flertar um pouco ou apenas passar o tempo, o bate-papo aleat\u00f3rio com webcam \u00e9 uma das maneiras mais divertidas e aut\u00eanticas de se conectar on-line.<\/p>\n<p>Este guia explicar\u00e1 tudo o que voc\u00ea precisa saber: o que significa filmar com estranhos, por que \u00e9 t\u00e3o popular, como funciona, quais recursos procurar, compara\u00e7\u00f5es das principais plataformas, dicas de seguran\u00e7a e por que a StrangerCam \u00e9 a melhor op\u00e7\u00e3o este ano.<\/p>\n<h2>O que significa acampar com estranhos?<\/h2>\n<p>Cam with strangers significa conectar-se instantaneamente com pessoas aleat\u00f3rias on-line usando o bate-papo por v\u00eddeo ao vivo. Sua webcam e seu microfone permitem que voc\u00eas vejam e conversem uns com os outros em tempo real, tornando a experi\u00eancia muito mais aut\u00eantica do que o bate-papo por texto.<\/p>\n<p>O processo \u00e9 simples: clique em um bot\u00e3o, permita a sua c\u00e2mera e voc\u00ea ser\u00e1 correspondido por um estranho. Se a conversa n\u00e3o for boa, basta clicar em Next para passar para o pr\u00f3ximo bate-papo.<\/p>\n<h2>Por que as pessoas adoram c\u00e2meras gratuitas com estranhos<\/h2>\n<p>O apelo de <a href=\"https:\/\/strangercam.com\/pt-br\/cam-to-cam-chat\/\">c\u00e2mera gratuita<\/a> com estranhos \u00e9 f\u00e1cil de entender:<\/p>\n<ul>\n<li>Espontaneidade: Todo bate-papo \u00e9 uma surpresa - voc\u00ea nunca sabe quem ser\u00e1 o pr\u00f3ximo.<\/li>\n<li>Autenticidade: O v\u00eddeo garante que voc\u00ea esteja falando com pessoas reais, n\u00e3o com bots.<\/li>\n<li>Sem registros ou compromissos: Basta clicar e conversar instantaneamente.<\/li>\n<li>Conex\u00f5es globais: Conhe\u00e7a estranhos de todo o mundo 24 horas por dia, 7 dias por semana.<\/li>\n<li>Vibra\u00e7\u00f5es divertidas e de flerte: Alguns o usam para fazer amigos; outros gostam de flertar casualmente.<\/li>\n<li>Fuga instant\u00e2nea do t\u00e9dio: \u00d3timo para passar o tempo e provocar novas conversas.<\/li>\n<\/ul>\n<h2>Como funciona o Cam With Strangers?<\/h2>\n<p>Come\u00e7ar \u00e9 r\u00e1pido e simples:<\/p>\n<ol>\n<li>Abra uma plataforma como a StrangerCam em seu navegador ou telefone.<\/li>\n<li>Permita o acesso \u00e0 webcam e ao microfone.<\/li>\n<li>Clique em \"Iniciar bate-papo\".<\/li>\n<li>Converse cara a cara com um estranho aleat\u00f3rio.<\/li>\n<li>Pressione \"Next\" sempre que quiser conhecer algu\u00e9m novo.<\/li>\n<\/ol>\n<p>Algumas plataformas tamb\u00e9m permitem que voc\u00ea filtre por g\u00eanero, local ou at\u00e9 mesmo use ferramentas de tradu\u00e7\u00e3o para conversas internacionais.<\/p>\n<h2>Principais recursos a serem observados<\/h2>\n<p>Nem todas as plataformas de bate-papo com c\u00e2mera s\u00e3o iguais. Se quiser ter a melhor experi\u00eancia de c\u00e2mera com estranhos, procure estes recursos:<\/p>\n<h3>1. Acesso verdadeiramente gratuito<\/h3>\n<p>Evite sites que afirmam ser gratuitos, mas restringem recursos essenciais por meio de paywalls.<\/p>\n<h3>2. N\u00e3o \u00e9 necess\u00e1rio registrar-se<\/h3>\n<p>As melhores plataformas permitem que voc\u00ea permane\u00e7a an\u00f4nimo e comece a conversar instantaneamente.<\/p>\n<h3>3. Filtros de g\u00eanero e localiza\u00e7\u00e3o<\/h3>\n<p>\u00datil para combinar com o tipo de pessoa em que voc\u00ea est\u00e1 interessado.<\/p>\n<h3>4. Modera\u00e7\u00e3o segura<\/h3>\n<p>As boas plataformas t\u00eam sistemas s\u00f3lidos de den\u00fancia e moderadores para remover bots e usu\u00e1rios inadequados.<\/p>\n<h3>5. Design compat\u00edvel com dispositivos m\u00f3veis<\/h3>\n<p>Voc\u00ea deve ser capaz de conversar com estranhos facilmente, tanto no computador quanto no smartphone.<\/p>\n<h3>6. V\u00eddeo e \u00e1udio de alta qualidade<\/h3>\n<p>As conex\u00f5es suaves tornam as conversas naturais e agrad\u00e1veis.<\/p>\n<h2>Melhores plataformas para conversar com estranhos em 2025<\/h2>\n<p>Veja a seguir uma compara\u00e7\u00e3o dos sites mais populares onde voc\u00ea pode fazer cam com estranhos:<\/p>\n<table>\n<thead>\n<tr>\n<th>Plataforma<\/th>\n<th align=\"center\">Acesso gratuito<\/th>\n<th align=\"center\">Filtro de g\u00eanero<\/th>\n<th align=\"center\">Registro necess\u00e1rio<\/th>\n<th align=\"center\">Suporte m\u00f3vel<\/th>\n<th align=\"center\">Modera\u00e7\u00e3o<\/th>\n<th>Notas<\/th>\n<\/tr>\n<\/thead>\n<tbody>\n<tr>\n<td>StrangerCam<\/td>\n<td align=\"center\">\u2705<\/td>\n<td align=\"center\">\u2705 (Gratuito)<\/td>\n<td align=\"center\">\u274c<\/td>\n<td align=\"center\">\u2705<\/td>\n<td align=\"center\">\u2705<\/td>\n<td>A melhor op\u00e7\u00e3o geral, realmente gratuita<\/td>\n<\/tr>\n<tr>\n<td><a href=\"https:\/\/strangercam.com\/pt-br\/chatroulette\/\">Chatroulette<\/a><\/td>\n<td align=\"center\">\u2705<\/td>\n<td align=\"center\">\u274c (Pago)<\/td>\n<td align=\"center\">\u274c<\/td>\n<td align=\"center\">\u2705<\/td>\n<td align=\"center\">\u2705<\/td>\n<td>Plataforma cl\u00e1ssica, custo de filtros<\/td>\n<\/tr>\n<tr>\n<td>Chatrandom<\/td>\n<td align=\"center\">\u2705<\/td>\n<td align=\"center\">\u274c (Pago)<\/td>\n<td align=\"center\">\u274c<\/td>\n<td align=\"center\">\u2705<\/td>\n<td align=\"center\">\u2705<\/td>\n<td>Popular, mas precisa de atualiza\u00e7\u00f5es<\/td>\n<\/tr>\n<tr>\n<td><a href=\"https:\/\/strangercam.com\/pt-br\/ometv\/\">OmeTV<\/a><\/td>\n<td align=\"center\">\u2705<\/td>\n<td align=\"center\">\u274c<\/td>\n<td align=\"center\">\u274c<\/td>\n<td align=\"center\">\u2705<\/td>\n<td align=\"center\">\u2705<\/td>\n<td>Correspond\u00eancia baseada em aplicativos e somente aleat\u00f3ria<\/td>\n<\/tr>\n<tr>\n<td>Shagle<\/td>\n<td align=\"center\">\u2705<\/td>\n<td align=\"center\">\u274c (Pago)<\/td>\n<td align=\"center\">\u274c<\/td>\n<td align=\"center\">\u2705<\/td>\n<td align=\"center\">\u2705<\/td>\n<td>Entrada gratuita, upgrades premium<\/td>\n<\/tr>\n<tr>\n<td><a href=\"https:\/\/strangercam.com\/pt-br\/coomeet\/\">CooMeet<\/a><\/td>\n<td align=\"center\">\u274c (Teste)<\/td>\n<td align=\"center\">\u2705<\/td>\n<td align=\"center\">\u2705<\/td>\n<td align=\"center\">\u2705<\/td>\n<td align=\"center\">\u2705<\/td>\n<td>Pago ap\u00f3s uma breve avalia\u00e7\u00e3o gratuita<\/td>\n<\/tr>\n<tr>\n<td>LuckyCrush<\/td>\n<td align=\"center\">\u274c<\/td>\n<td align=\"center\">\u2705<\/td>\n<td align=\"center\">\u2705<\/td>\n<td align=\"center\">\u2705<\/td>\n<td align=\"center\">\u2705<\/td>\n<td>Sempre pago, bate-papo baseado em g\u00eanero<\/td>\n<\/tr>\n<\/tbody>\n<\/table>\n<p>Entre elas, a StrangerCam \u00e9 uma das poucas plataformas que oferecem c\u00e2meras gratuitas com estranhos, com um filtro de g\u00eanero real e sem necessidade de cadastro.<\/p>\n<h2>Por que a StrangerCam \u00e9 a melhor op\u00e7\u00e3o<\/h2>\n<p>Veja por que a StrangerCam \u00e9 a principal plataforma para c\u00e2meras com estranhos em 2025:<\/p>\n<h3>1. Totalmente gratuito e ilimitado<\/h3>\n<p>Sem custos ocultos, cr\u00e9ditos ou limites de tempo.<\/p>\n<h3>2. Filtro de g\u00eanero gratuito<\/h3>\n<p>Escolha rapazes, mo\u00e7as ou ambos - sem barreiras de pagamento.<\/p>\n<h3>3. N\u00e3o \u00e9 necess\u00e1rio registrar-se<\/h3>\n<p>Permane\u00e7a an\u00f4nimo e comece a conversar instantaneamente.<\/p>\n<h3>4. Seguro e moderado<\/h3>\n<p>A modera\u00e7\u00e3o ativa e os recursos de den\u00fancia mant\u00eam a plataforma limpa.<\/p>\n<h3>5. Base de usu\u00e1rios global<\/h3>\n<p>Conhe\u00e7a pessoas desconhecidas de mais de 100 pa\u00edses a qualquer momento.<\/p>\n<h3>6. Otimizado para todos os dispositivos<\/h3>\n<p>Funciona sem problemas em desktops, tablets e celulares.<\/p>\n<h2>Depoimentos reais de usu\u00e1rios<\/h2>\n<blockquote><p><em>\"Eu estava procurando uma maneira de filmar com estranhos gratuitamente, e o StrangerCam era o \u00fanico site que n\u00e3o me for\u00e7ava a pagar.\"<\/em><br \/>\n- Liam, 26 anos<\/p><\/blockquote>\n<blockquote><p><em>\"O filtro de g\u00eanero \u00e9 gratuito e funciona muito bem, o que \u00e9 raro para esses tipos de sites.\"<\/em><br \/>\n- Sophia, 22 anos<\/p><\/blockquote>\n<blockquote><p><em>\"Conectei-me com pessoas de quatro continentes diferentes em uma \u00fanica noite. \u00c9 viciante.\"<\/em><br \/>\n- Ryan, 30 anos<\/p><\/blockquote>\n<blockquote><p><em>\"Ele parece mais seguro do que outros sites que experimentei, gra\u00e7as \u00e0s ferramentas de modera\u00e7\u00e3o.\"<\/em><br \/>\n- Emma, 20 anos<\/p><\/blockquote>\n<h2>Dicas de seguran\u00e7a para fazer uma c\u00e2mera com estranhos<\/h2>\n<p>Embora os bate-papos com c\u00e2meras sejam divertidos, tenha sempre em mente a seguran\u00e7a:<\/p>\n<ul>\n<li>Nunca compartilhe detalhes pessoais (telefone, e-mail, endere\u00e7o).<\/li>\n<li>N\u00e3o clique em links suspeitos enviados por estranhos.<\/li>\n<li>Use \"Next\" livremente se voc\u00ea n\u00e3o se sentir confort\u00e1vel.<\/li>\n<li>Verifique seu plano de fundo antes de ligar a webcam.<\/li>\n<li>Use as ferramentas de relat\u00f3rio para bloquear ou denunciar usu\u00e1rios ruins.<\/li>\n<li>Respeite as restri\u00e7\u00f5es de idade - se voc\u00ea tiver menos de 18 anos, n\u00e3o use sites de bate-papo para adultos.<\/li>\n<\/ul>\n<h2>Como come\u00e7ar - passo a passo<\/h2>\n<p>Leva apenas alguns segundos para come\u00e7ar a fazer c\u00e2meras com estranhos:<\/p>\n<ol>\n<li>Abra o StrangerCam em seu dispositivo.<\/li>\n<li>Permitir acesso \u00e0 webcam e ao microfone.<\/li>\n<li>Escolha prefer\u00eancias (como filtros de g\u00eanero).<\/li>\n<li>Clique em Start Chat para se conectar instantaneamente.<\/li>\n<li>Pressione Next a qualquer momento para conhecer algu\u00e9m novo.<\/li>\n<\/ol>\n<p>R\u00e1pido, simples e 100% gratuito.<\/p>\n<p>Em 2025, uma das maneiras mais f\u00e1ceis e divertidas de conhecer novas pessoas on-line \u00e9 fazer uma c\u00e2mera com estranhos. \u00c9 espont\u00e2neo, aut\u00eantico e proporciona conex\u00f5es instant\u00e2neas com pessoas reais em todo o mundo.<\/p>\n<p>No entanto, nem todas as plataformas oferecem resultados - muitas escondem filtros atr\u00e1s de paywalls ou est\u00e3o cheias de bots. \u00c9 por isso que a StrangerCam \u00e9 a melhor op\u00e7\u00e3o: \u00e9 gratuita, segura, an\u00f4nima e est\u00e1 sempre cheia de usu\u00e1rios prontos para conversar.<\/p>\n<p>Pronto para experimentar? Inicie uma c\u00e2mera gratuita com estranhos hoje mesmo e veja quem voc\u00ea conhecer\u00e1 em seguida.<\/p>","protected":false},"excerpt":{"rendered":"<p>Are you looking for the best way to cam with strangers? You\u2019re not alone. Millions of people every month search for ways to connect instantly with new people online through live video chat. Unlike social networks or dating apps that require profiles, signups, or endless swiping, cam with strangers is about spontaneity: you turn on [&hellip;]<\/p>\n","protected":false},"author":8,"featured_media":0,"parent":0,"menu_order":0,"comment_status":"closed","ping_status":"closed","template":"","meta":{"footnotes":""},"class_list":["post-4124","page","type-page","status-publish","hentry"],"yoast_head":"<!-- This site is optimized with the Yoast SEO plugin v27.4 - https:\/\/yoast.com\/product\/yoast-seo-wordpress\/ -->\n<title>Cam With Strangers with Video Chat on Strangercam.com<\/title>\n<meta name=\"description\" content=\"Liking Cam With Strangers? Join millions on StrangerCam.com! Start a random video chat, turn on your cam, and meet strangers instantly.\" \/>\n<meta name=\"robots\" content=\"index, follow, max-snippet:-1, max-image-preview:large, max-video-preview:-1\" \/>\n<link rel=\"canonical\" href=\"https:\/\/strangercam.com\/pt-br\/camera-com-estranhos\/\" \/>\n<meta property=\"og:locale\" content=\"pt_BR\" \/>\n<meta property=\"og:type\" content=\"article\" \/>\n<meta property=\"og:title\" content=\"Cam With Strangers with Video Chat on Strangercam.com\" \/>\n<meta property=\"og:description\" content=\"Liking Cam With Strangers? Join millions on StrangerCam.com! Start a random video chat, turn on your cam, and meet strangers instantly.\" \/>\n<meta property=\"og:url\" content=\"https:\/\/strangercam.com\/pt-br\/camera-com-estranhos\/\" \/>\n<meta property=\"og:site_name\" content=\"Strangercam\" \/>\n<meta property=\"article:publisher\" content=\"https:\/\/www.facebook.com\/strangercam\" \/>\n<meta property=\"article:modified_time\" content=\"2025-09-08T08:06:04+00:00\" \/>\n<meta property=\"og:image\" content=\"https:\/\/strangercam.com\/wp-content\/uploads\/2021\/10\/Untitled-2.png\" \/>\n\t<meta property=\"og:image:width\" content=\"800\" \/>\n\t<meta property=\"og:image:height\" content=\"532\" \/>\n\t<meta property=\"og:image:type\" content=\"image\/png\" \/>\n<meta name=\"twitter:card\" content=\"summary_large_image\" \/>\n<meta name=\"twitter:site\" content=\"@strangercamapp\" \/>\n<meta name=\"twitter:label1\" content=\"Est. tempo de leitura\" \/>\n\t<meta name=\"twitter:data1\" content=\"5 minutos\" \/>\n<script type=\"application\/ld+json\" class=\"yoast-schema-graph\">{\"@context\":\"https:\\\/\\\/schema.org\",\"@graph\":[{\"@type\":\"WebPage\",\"@id\":\"https:\\\/\\\/strangercam.com\\\/cam-with-strangers\\\/\",\"url\":\"https:\\\/\\\/strangercam.com\\\/cam-with-strangers\\\/\",\"name\":\"Cam With Strangers with Video Chat on Strangercam.com\",\"isPartOf\":{\"@id\":\"https:\\\/\\\/strangercam.com\\\/#website\"},\"datePublished\":\"2025-09-08T06:02:09+00:00\",\"dateModified\":\"2025-09-08T08:06:04+00:00\",\"description\":\"Liking Cam With Strangers? Join millions on StrangerCam.com! Start a random video chat, turn on your cam, and meet strangers instantly.\",\"breadcrumb\":{\"@id\":\"https:\\\/\\\/strangercam.com\\\/cam-with-strangers\\\/#breadcrumb\"},\"inLanguage\":\"pt-BR\",\"potentialAction\":[{\"@type\":\"ReadAction\",\"target\":[\"https:\\\/\\\/strangercam.com\\\/cam-with-strangers\\\/\"]}]},{\"@type\":\"BreadcrumbList\",\"@id\":\"https:\\\/\\\/strangercam.com\\\/cam-with-strangers\\\/#breadcrumb\",\"itemListElement\":[{\"@type\":\"ListItem\",\"position\":1,\"name\":\"Home\",\"item\":\"https:\\\/\\\/strangercam.com\\\/\"},{\"@type\":\"ListItem\",\"position\":2,\"name\":\"Cam With Strangers\"}]},{\"@type\":\"WebSite\",\"@id\":\"https:\\\/\\\/strangercam.com\\\/#website\",\"url\":\"https:\\\/\\\/strangercam.com\\\/\",\"name\":\"Strangercam\",\"description\":\"Random Video Chat with Strangers\",\"publisher\":{\"@id\":\"https:\\\/\\\/strangercam.com\\\/#organization\"},\"alternateName\":\"Strangercam.com\",\"potentialAction\":[{\"@type\":\"SearchAction\",\"target\":{\"@type\":\"EntryPoint\",\"urlTemplate\":\"https:\\\/\\\/strangercam.com\\\/?s={search_term_string}\"},\"query-input\":{\"@type\":\"PropertyValueSpecification\",\"valueRequired\":true,\"valueName\":\"search_term_string\"}}],\"inLanguage\":\"pt-BR\"},{\"@type\":\"Organization\",\"@id\":\"https:\\\/\\\/strangercam.com\\\/#organization\",\"name\":\"Strangercam\",\"alternateName\":\"Strangercam.com\",\"url\":\"https:\\\/\\\/strangercam.com\\\/\",\"logo\":{\"@type\":\"ImageObject\",\"inLanguage\":\"pt-BR\",\"@id\":\"https:\\\/\\\/strangercam.com\\\/#\\\/schema\\\/logo\\\/image\\\/\",\"url\":\"https:\\\/\\\/strangercam.com\\\/wp-content\\\/uploads\\\/2020\\\/11\\\/cropped-new-favicon-black.png\",\"contentUrl\":\"https:\\\/\\\/strangercam.com\\\/wp-content\\\/uploads\\\/2020\\\/11\\\/cropped-new-favicon-black.png\",\"width\":512,\"height\":512,\"caption\":\"Strangercam\"},\"image\":{\"@id\":\"https:\\\/\\\/strangercam.com\\\/#\\\/schema\\\/logo\\\/image\\\/\"},\"sameAs\":[\"https:\\\/\\\/www.facebook.com\\\/strangercam\",\"https:\\\/\\\/x.com\\\/strangercamapp\"]}]}<\/script>\n<!-- \/ Yoast SEO plugin. -->","yoast_head_json":{"title":"Cam com estranhos com bate-papo por v\u00eddeo no Strangercam.com","description":"Gostando de fazer c\u00e2mera com estranhos? Join milh\u00f5es em StrangerCam.com! Inicie um bate-papo por v\u00eddeo aleat\u00f3rio, ligue sua c\u00e2mera e conhe\u00e7a estranhos instantaneamente.","robots":{"index":"index","follow":"follow","max-snippet":"max-snippet:-1","max-image-preview":"max-image-preview:large","max-video-preview":"max-video-preview:-1"},"canonical":"https:\/\/strangercam.com\/pt-br\/camera-com-estranhos\/","og_locale":"pt_BR","og_type":"article","og_title":"Cam With Strangers with Video Chat on Strangercam.com","og_description":"Liking Cam With Strangers? Join millions on StrangerCam.com! Start a random video chat, turn on your cam, and meet strangers instantly.","og_url":"https:\/\/strangercam.com\/pt-br\/camera-com-estranhos\/","og_site_name":"Strangercam","article_publisher":"https:\/\/www.facebook.com\/strangercam","article_modified_time":"2025-09-08T08:06:04+00:00","og_image":[{"width":800,"height":532,"url":"https:\/\/strangercam.com\/wp-content\/uploads\/2021\/10\/Untitled-2.png","type":"image\/png"}],"twitter_card":"summary_large_image","twitter_site":"@strangercamapp","twitter_misc":{"Est. tempo de leitura":"5 minutos"},"schema":{"@context":"https:\/\/schema.org","@graph":[{"@type":"WebPage","@id":"https:\/\/strangercam.com\/cam-with-strangers\/","url":"https:\/\/strangercam.com\/cam-with-strangers\/","name":"Cam com estranhos com bate-papo por v\u00eddeo no Strangercam.com","isPartOf":{"@id":"https:\/\/strangercam.com\/#website"},"datePublished":"2025-09-08T06:02:09+00:00","dateModified":"2025-09-08T08:06:04+00:00","description":"Gostando de fazer c\u00e2mera com estranhos? Join milh\u00f5es em StrangerCam.com! Inicie um bate-papo por v\u00eddeo aleat\u00f3rio, ligue sua c\u00e2mera e conhe\u00e7a estranhos instantaneamente.","breadcrumb":{"@id":"https:\/\/strangercam.com\/cam-with-strangers\/#breadcrumb"},"inLanguage":"pt-BR","potentialAction":[{"@type":"ReadAction","target":["https:\/\/strangercam.com\/cam-with-strangers\/"]}]},{"@type":"BreadcrumbList","@id":"https:\/\/strangercam.com\/cam-with-strangers\/#breadcrumb","itemListElement":[{"@type":"ListItem","position":1,"name":"Home","item":"https:\/\/strangercam.com\/"},{"@type":"ListItem","position":2,"name":"Cam With Strangers"}]},{"@type":"WebSite","@id":"https:\/\/strangercam.com\/#website","url":"https:\/\/strangercam.com\/","name":"Strangercam","description":"Bate-papo por v\u00eddeo aleat\u00f3rio com estranhos","publisher":{"@id":"https:\/\/strangercam.com\/#organization"},"alternateName":"Strangercam.com","potentialAction":[{"@type":"SearchAction","target":{"@type":"EntryPoint","urlTemplate":"https:\/\/strangercam.com\/?s={search_term_string}"},"query-input":{"@type":"PropertyValueSpecification","valueRequired":true,"valueName":"search_term_string"}}],"inLanguage":"pt-BR"},{"@type":"Organization","@id":"https:\/\/strangercam.com\/#organization","name":"Strangercam","alternateName":"Strangercam.com","url":"https:\/\/strangercam.com\/","logo":{"@type":"ImageObject","inLanguage":"pt-BR","@id":"https:\/\/strangercam.com\/#\/schema\/logo\/image\/","url":"https:\/\/strangercam.com\/wp-content\/uploads\/2020\/11\/cropped-new-favicon-black.png","contentUrl":"https:\/\/strangercam.com\/wp-content\/uploads\/2020\/11\/cropped-new-favicon-black.png","width":512,"height":512,"caption":"Strangercam"},"image":{"@id":"https:\/\/strangercam.com\/#\/schema\/logo\/image\/"},"sameAs":["https:\/\/www.facebook.com\/strangercam","https:\/\/x.com\/strangercamapp"]}]}},"_links":{"self":[{"href":"https:\/\/strangercam.com\/pt-br\/wp-json\/wp\/v2\/pages\/4124","targetHints":{"allow":["GET"]}}],"collection":[{"href":"https:\/\/strangercam.com\/pt-br\/wp-json\/wp\/v2\/pages"}],"about":[{"href":"https:\/\/strangercam.com\/pt-br\/wp-json\/wp\/v2\/types\/page"}],"author":[{"embeddable":true,"href":"https:\/\/strangercam.com\/pt-br\/wp-json\/wp\/v2\/users\/8"}],"replies":[{"embeddable":true,"href":"https:\/\/strangercam.com\/pt-br\/wp-json\/wp\/v2\/comments?post=4124"}],"version-history":[{"count":2,"href":"https:\/\/strangercam.com\/pt-br\/wp-json\/wp\/v2\/pages\/4124\/revisions"}],"predecessor-version":[{"id":13013,"href":"https:\/\/strangercam.com\/pt-br\/wp-json\/wp\/v2\/pages\/4124\/revisions\/13013"}],"wp:attachment":[{"href":"https:\/\/strangercam.com\/pt-br\/wp-json\/wp\/v2\/media?parent=4124"}],"curies":[{"name":"wp","href":"https:\/\/api.w.org\/{rel}","templated":true}]}}