{"id":4107,"date":"2025-09-08T08:58:53","date_gmt":"2025-09-08T06:58:53","guid":{"rendered":"https:\/\/strangercam.com\/?page_id=4107"},"modified":"2025-09-08T10:03:26","modified_gmt":"2025-09-08T08:03:26","slug":"camera-um-a-um","status":"publish","type":"page","link":"https:\/\/strangercam.com\/pt-br\/camera-um-a-um\/","title":{"rendered":"C\u00e2mera um a um"},"content":{"rendered":"<p>Voc\u00ea est\u00e1 procurando o melhor servi\u00e7o individual? <a href=\"https:\/\/strangercam.com\/pt-br\/bazoocam\/\">c\u00e2mera<\/a> experi\u00eancia? Voc\u00ea n\u00e3o est\u00e1 sozinho. Milh\u00f5es de pessoas em todo o mundo preferem bate-papos privados, cara a cara, em vez de salas de grupo barulhentas ou redes sociais lotadas. Com a c\u00e2mera um a um, voc\u00ea tem conversas diretas e pessoais com estranhos ou novos amigos - apenas voc\u00ea e uma outra pessoa no v\u00eddeo, sem distra\u00e7\u00f5es.<\/p>\n<p>Em 2025, plataformas como a StrangerCam possibilitam desfrutar de um contato individual gratuito <a href=\"https:\/\/strangercam.com\/pt-br\/bate-papo-camera-a-camera\/\">bate-papo com c\u00e2mera<\/a> instantaneamente, sem registro, sem downloads e sem cobran\u00e7as ocultas. Se voc\u00ea est\u00e1 procurando amizade, divers\u00e3o casual, paquera ou simplesmente uma conversa significativa, a c\u00e2mera um a um oferece a privacidade e a espontaneidade que os bate-papos em grupo ou os aplicativos de namoro n\u00e3o oferecem.<\/p>\n<p>Este guia explicar\u00e1 tudo o que voc\u00ea precisa saber: o que \u00e9 uma c\u00e2mera individual, por que as pessoas adoram, como funciona, os recursos mais importantes, compara\u00e7\u00f5es de plataformas, dicas de seguran\u00e7a e por que a StrangerCam \u00e9 um dos melhores lugares para bate-papo com c\u00e2mera individual em 2025.<\/p>\n<h2>O que \u00e9 a c\u00e2mera um a um?<\/h2>\n<p>O One on one cam \u00e9 um bate-papo privado por v\u00eddeo ao vivo em que voc\u00ea se conecta instantaneamente com apenas uma pessoa por meio de webcam e microfone. Ao contr\u00e1rio das salas de bate-papo em grupo ou do bate-papo baseado em texto, a experi\u00eancia \u00e9 mais pessoal e concentrada.<\/p>\n<p>A ideia \u00e9 simples: pressione um bot\u00e3o, habilite sua webcam e, em segundos, voc\u00ea estar\u00e1 em uma videochamada particular cara a cara com um estranho. Se a conversa n\u00e3o der certo, pressione Next e voc\u00ea ser\u00e1 conectado a uma nova pessoa.<\/p>\n<h2>Por que as pessoas adoram o bate-papo gratuito com c\u00e2meras um a um<\/h2>\n<p>A popularidade da c\u00e2mera individual gratuita cresceu porque ela oferece algo \u00fanico:<\/p>\n<ul>\n<li>Privacidade: As conversas s\u00e3o individuais, n\u00e3o em um grupo agitado.<\/li>\n<li>Autenticidade: O bate-papo por v\u00eddeo garante que voc\u00ea esteja falando com uma pessoa real, n\u00e3o com um bot.<\/li>\n<li>Espontaneidade: cada novo bate-papo \u00e9 uma surpresa.<\/li>\n<li>Sem distra\u00e7\u00f5es: N\u00e3o h\u00e1 multid\u00e3o observando - apenas voc\u00ea e uma outra pessoa.<\/li>\n<li>Amizade e paquera: \u00d3timo para fazer amigos, compartilhar hist\u00f3rias ou divers\u00e3o casual.<\/li>\n<li>Acesso instant\u00e2neo: Sem perfis, biografias ou registros longos - basta clicar e se conectar.<\/li>\n<\/ul>\n<h2>Como funciona a c\u00e2mera um a um?<\/h2>\n<p>O processo \u00e9 simples e f\u00e1cil para iniciantes:<\/p>\n<ol>\n<li>Abra a plataforma (desktop ou celular).<\/li>\n<li>Permita o acesso \u00e0 c\u00e2mera e ao microfone.<\/li>\n<li>Clique em \"Iniciar bate-papo\".<\/li>\n<li>Conecte-se instantaneamente com uma pessoa em uma sess\u00e3o de c\u00e2mera privada.<\/li>\n<li>Pressione \"Next\" para prosseguir quando quiser.<\/li>\n<\/ol>\n<p>Algumas plataformas tamb\u00e9m oferecem filtros de g\u00eanero, sele\u00e7\u00e3o de pa\u00eds ou at\u00e9 mesmo ferramentas de tradu\u00e7\u00e3o autom\u00e1tica para conex\u00f5es internacionais.<\/p>\n<h2>Principais recursos a serem observados<\/h2>\n<p>Ao escolher uma plataforma de c\u00e2mera individual, procure estes recursos importantes:<\/p>\n<h3>1. Acesso verdadeiramente gratuito<\/h3>\n<p>Evite plataformas que anunciam ser \"gratuitas\", mas que bloqueiam os principais recursos por meio de paywalls.<\/p>\n<h3>2. N\u00e3o \u00e9 necess\u00e1rio registrar-se<\/h3>\n<p>Permane\u00e7a an\u00f4nimo - nenhum registro deve ser exigido.<\/p>\n<h3>3. Filtros de g\u00eanero e localiza\u00e7\u00e3o<\/h3>\n<p>\u00datil para encontrar o tipo de pessoa com quem voc\u00ea deseja conversar.<\/p>\n<h3>4. Privado e seguro<\/h3>\n<p>Certifique-se de que a plataforma ofere\u00e7a modera\u00e7\u00e3o e ferramentas para bloqueio\/den\u00fancia.<\/p>\n<h3>5. Design compat\u00edvel com dispositivos m\u00f3veis<\/h3>\n<p>O servi\u00e7o deve funcionar tanto em telefones quanto em desktops.<\/p>\n<h3>6. V\u00eddeo e \u00e1udio de alta qualidade<\/h3>\n<p>Conex\u00f5es claras tornam as conversas mais f\u00e1ceis e agrad\u00e1veis.<\/p>\n<h2>Melhores plataformas de c\u00e2meras individuais em 2025<\/h2>\n<p>Veja como as principais plataformas se comparam para bate-papo privado com c\u00e2mera um a um:<\/p>\n<table>\n<thead>\n<tr>\n<th>Plataforma<\/th>\n<th align=\"center\">Acesso gratuito<\/th>\n<th align=\"center\">Filtro de g\u00eanero<\/th>\n<th align=\"center\">Registro necess\u00e1rio<\/th>\n<th align=\"center\">Suporte m\u00f3vel<\/th>\n<th align=\"center\">Modera\u00e7\u00e3o<\/th>\n<th>Notas<\/th>\n<\/tr>\n<\/thead>\n<tbody>\n<tr>\n<td>StrangerCam<\/td>\n<td align=\"center\">\u2705<\/td>\n<td align=\"center\">\u2705 (Gratuito)<\/td>\n<td align=\"center\">\u274c<\/td>\n<td align=\"center\">\u2705<\/td>\n<td align=\"center\">\u2705<\/td>\n<td>Melhor op\u00e7\u00e3o geral, c\u00e2mera particular individual<\/td>\n<\/tr>\n<tr>\n<td><a href=\"https:\/\/strangercam.com\/pt-br\/chatroulette\/\">Chatroulette<\/a><\/td>\n<td align=\"center\">\u2705<\/td>\n<td align=\"center\">\u274c (Pago)<\/td>\n<td align=\"center\">\u274c<\/td>\n<td align=\"center\">\u2705<\/td>\n<td align=\"center\">\u2705<\/td>\n<td>Cl\u00e1ssico, mas com filtros de g\u00eanero bloqueados<\/td>\n<\/tr>\n<tr>\n<td>Chatrandom<\/td>\n<td align=\"center\">\u2705<\/td>\n<td align=\"center\">\u274c (Pago)<\/td>\n<td align=\"center\">\u274c<\/td>\n<td align=\"center\">\u2705<\/td>\n<td align=\"center\">\u2705<\/td>\n<td>Popular, mas as atualiza\u00e7\u00f5es s\u00e3o pressionadas<\/td>\n<\/tr>\n<tr>\n<td><a href=\"https:\/\/strangercam.com\/pt-br\/ometv\/\">OmeTV<\/a><\/td>\n<td align=\"center\">\u2705<\/td>\n<td align=\"center\">\u274c<\/td>\n<td align=\"center\">\u274c<\/td>\n<td align=\"center\">\u2705<\/td>\n<td align=\"center\">\u2705<\/td>\n<td>Somente aleat\u00f3rio, aplicativo m\u00f3vel<\/td>\n<\/tr>\n<tr>\n<td>Shagle<\/td>\n<td align=\"center\">\u2705<\/td>\n<td align=\"center\">\u274c (Pago)<\/td>\n<td align=\"center\">\u274c<\/td>\n<td align=\"center\">\u2705<\/td>\n<td align=\"center\">\u2705<\/td>\n<td>Uso b\u00e1sico gratuito, upgrades premium<\/td>\n<\/tr>\n<tr>\n<td><a href=\"https:\/\/strangercam.com\/pt-br\/coomeet\/\">CooMeet<\/a><\/td>\n<td align=\"center\">\u274c (Teste)<\/td>\n<td align=\"center\">\u2705<\/td>\n<td align=\"center\">\u2705<\/td>\n<td align=\"center\">\u2705<\/td>\n<td align=\"center\">\u2705<\/td>\n<td>Pago ap\u00f3s julgamento, concentra-se em bate-papos com garotas<\/td>\n<\/tr>\n<tr>\n<td>LuckyCrush<\/td>\n<td align=\"center\">\u274c<\/td>\n<td align=\"center\">\u2705<\/td>\n<td align=\"center\">\u2705<\/td>\n<td align=\"center\">\u2705<\/td>\n<td align=\"center\">\u2705<\/td>\n<td>Sempre pago, correspond\u00eancia baseada em g\u00eanero<\/td>\n<\/tr>\n<\/tbody>\n<\/table>\n<p>A StrangerCam se destaca como uma das \u00fanicas plataformas que oferece bate-papo gratuito com c\u00e2mera um a um, com um filtro de g\u00eanero ativo e sem cadastro.<\/p>\n<h2>Por que a StrangerCam \u00e9 a melhor op\u00e7\u00e3o<\/h2>\n<p>Veja por que a StrangerCam \u00e9 a melhor op\u00e7\u00e3o em 2025 para c\u00e2meras individuais:<\/p>\n<h3>1. Totalmente gratuito e ilimitado<\/h3>\n<p>Sem custos ocultos, cr\u00e9ditos ou limites de teste.<\/p>\n<h3>2. Sess\u00f5es de c\u00e2mera particulares e individuais<\/h3>\n<p>Videochamadas focadas e pessoais, sem distra\u00e7\u00f5es do grupo.<\/p>\n<h3>3. Filtro de g\u00eanero gratuito<\/h3>\n<p>Selecione quem voc\u00ea deseja encontrar sem pagar.<\/p>\n<h3>4. N\u00e3o \u00e9 necess\u00e1rio registrar-se<\/h3>\n<p>Permane\u00e7a an\u00f4nimo e conecte-se instantaneamente.<\/p>\n<h3>5. Seguro e moderado<\/h3>\n<p>A den\u00fancia e a modera\u00e7\u00e3o robustas o tornam mais seguro do que a maioria.<\/p>\n<h3>6. Funciona em todos os dispositivos<\/h3>\n<p>Otimizado para desktop, tablets e celulares.<\/p>\n<h2>Depoimentos reais de usu\u00e1rios<\/h2>\n<blockquote><p><em>\"Eu estava cansado dos bate-papos em grupo e queria algo mais privado. A c\u00e2mera individual da StrangerCam \u00e9 perfeita - apenas eu e a pessoa com quem estou falando.\"<\/em><br \/>\n- Daniel, 28 anos<\/p><\/blockquote>\n<blockquote><p><em>\"O filtro de g\u00eanero funciona gratuitamente, o que o torna muito melhor do que outras plataformas que experimentei.\"<\/em><br \/>\n- Sophia, 21 anos<\/p><\/blockquote>\n<blockquote><p><em>\"Fiz amigos de todo o mundo por meio de c\u00e2meras individuais. Parece mais pessoal do que as salas de bate-papo em grupo.\"<\/em><br \/>\n- Ryan, 30 anos<\/p><\/blockquote>\n<blockquote><p><em>\"\u00c9 simples, r\u00e1pido e seguro. Exatamente o que eu queria em um bate-papo gratuito com c\u00e2mera individual.\"<\/em><br \/>\n- Mia, 19 anos<\/p><\/blockquote>\n<h2>Dicas de seguran\u00e7a para c\u00e2meras individuais<\/h2>\n<p>Embora os bate-papos com c\u00e2meras individuais sejam divertidos, tenha em mente estas dicas de seguran\u00e7a:<\/p>\n<ul>\n<li>N\u00e3o compartilhe detalhes pessoais (n\u00famero de telefone, endere\u00e7o, e-mail).<\/li>\n<li>Ignore ou bloqueie qualquer pessoa que o deixe desconfort\u00e1vel.<\/li>\n<li>Evite clicar em links compartilhados por estranhos.<\/li>\n<li>Verifique seu hist\u00f3rico para proteger sua privacidade.<\/li>\n<li>Use as ferramentas da plataforma, como relat\u00f3rios e bloqueios.<\/li>\n<li>Respeite os limites de idade - se tiver menos de 18 anos, n\u00e3o use sites de bate-papo com c\u00e2meras para adultos.<\/li>\n<\/ul>\n<h2>Como come\u00e7ar - passo a passo<\/h2>\n<p>Leva menos de um minuto para iniciar um bate-papo com c\u00e2mera individual:<\/p>\n<ol>\n<li>Abra o StrangerCam em seu dispositivo.<\/li>\n<li>Permita o acesso \u00e0 sua c\u00e2mera e ao seu microfone.<\/li>\n<li>Escolha suas prefer\u00eancias (como filtro de g\u00eanero).<\/li>\n<li>Clique em Start Chat para se conectar instantaneamente.<\/li>\n<li>Aproveite seu bate-papo particular com c\u00e2mera.<\/li>\n<\/ol>\n<p>R\u00e1pido, f\u00e1cil e gratuito.<\/p>\n<p>Em 2025, a c\u00e2mera um a um continua sendo uma das melhores maneiras de se conectar on-line. \u00c9 pessoal, espont\u00e2nea e aut\u00eantica, proporcionando a voc\u00ea conversas reais com estranhos em todo o mundo.<\/p>\n<p>Mas nem todas as plataformas valem seu tempo. Muitas escondem recursos atr\u00e1s de paywalls ou inundam seus sites com bots. \u00c9 por isso que a StrangerCam \u00e9 a melhor op\u00e7\u00e3o: \u00e9 gratuita, privada, segura e sempre ativa com pessoas prontas para conversar.<\/p>\n<p>Pronto para experimentar? Inicie um bate-papo gratuito com c\u00e2mera hoje mesmo e veja quem voc\u00ea conhecer\u00e1 em seguida.<\/p>","protected":false},"excerpt":{"rendered":"<p>Are you searching for the best one on one cam experience? You\u2019re not alone. Millions of people around the world prefer private, face-to-face chats instead of noisy group rooms or crowded social networks. With one on one cam, you get direct, personal conversations with strangers or new friends\u2014just you and one other person on video, [&hellip;]<\/p>\n","protected":false},"author":8,"featured_media":0,"parent":0,"menu_order":0,"comment_status":"closed","ping_status":"closed","template":"","meta":{"footnotes":""},"class_list":["post-4107","page","type-page","status-publish","hentry"],"yoast_head":"<!-- This site is optimized with the Yoast SEO plugin v26.9 - https:\/\/yoast.com\/product\/yoast-seo-wordpress\/ -->\n<title>One On One Cam with Video Chat on Strangercam.com<\/title>\n<meta name=\"description\" content=\"Liking One On One Cam? Join millions on StrangerCam.com! Start a random video chat, turn on your cam, and meet strangers instantly.\" \/>\n<meta name=\"robots\" content=\"index, follow, max-snippet:-1, max-image-preview:large, max-video-preview:-1\" \/>\n<link rel=\"canonical\" href=\"https:\/\/strangercam.com\/pt-br\/camera-um-a-um\/\" \/>\n<meta property=\"og:locale\" content=\"pt_BR\" \/>\n<meta property=\"og:type\" content=\"article\" \/>\n<meta property=\"og:title\" content=\"One On One Cam with Video Chat on Strangercam.com\" \/>\n<meta property=\"og:description\" content=\"Liking One On One Cam? Join millions on StrangerCam.com! Start a random video chat, turn on your cam, and meet strangers instantly.\" \/>\n<meta property=\"og:url\" content=\"https:\/\/strangercam.com\/pt-br\/camera-um-a-um\/\" \/>\n<meta property=\"og:site_name\" content=\"Strangercam\" \/>\n<meta property=\"article:publisher\" content=\"https:\/\/www.facebook.com\/strangercam\" \/>\n<meta property=\"article:modified_time\" content=\"2025-09-08T08:03:26+00:00\" \/>\n<meta property=\"og:image\" content=\"https:\/\/strangercam.com\/wp-content\/uploads\/2021\/10\/Untitled-2.png\" \/>\n\t<meta property=\"og:image:width\" content=\"800\" \/>\n\t<meta property=\"og:image:height\" content=\"532\" \/>\n\t<meta property=\"og:image:type\" content=\"image\/png\" \/>\n<meta name=\"twitter:card\" content=\"summary_large_image\" \/>\n<meta name=\"twitter:site\" content=\"@strangercamapp\" \/>\n<meta name=\"twitter:label1\" content=\"Est. tempo de leitura\" \/>\n\t<meta name=\"twitter:data1\" content=\"5 minutos\" \/>\n<script type=\"application\/ld+json\" class=\"yoast-schema-graph\">{\"@context\":\"https:\/\/schema.org\",\"@graph\":[{\"@type\":\"WebPage\",\"@id\":\"https:\/\/strangercam.com\/one-on-one-cam\/\",\"url\":\"https:\/\/strangercam.com\/one-on-one-cam\/\",\"name\":\"One On One Cam with Video Chat on Strangercam.com\",\"isPartOf\":{\"@id\":\"https:\/\/strangercam.com\/#website\"},\"datePublished\":\"2025-09-08T06:58:53+00:00\",\"dateModified\":\"2025-09-08T08:03:26+00:00\",\"description\":\"Liking One On One Cam? Join millions on StrangerCam.com! Start a random video chat, turn on your cam, and meet strangers instantly.\",\"breadcrumb\":{\"@id\":\"https:\/\/strangercam.com\/one-on-one-cam\/#breadcrumb\"},\"inLanguage\":\"pt-BR\",\"potentialAction\":[{\"@type\":\"ReadAction\",\"target\":[\"https:\/\/strangercam.com\/one-on-one-cam\/\"]}]},{\"@type\":\"BreadcrumbList\",\"@id\":\"https:\/\/strangercam.com\/one-on-one-cam\/#breadcrumb\",\"itemListElement\":[{\"@type\":\"ListItem\",\"position\":1,\"name\":\"Home\",\"item\":\"https:\/\/strangercam.com\/\"},{\"@type\":\"ListItem\",\"position\":2,\"name\":\"One On One Cam\"}]},{\"@type\":\"WebSite\",\"@id\":\"https:\/\/strangercam.com\/#website\",\"url\":\"https:\/\/strangercam.com\/\",\"name\":\"Strangercam\",\"description\":\"Random Video Chat with Strangers\",\"publisher\":{\"@id\":\"https:\/\/strangercam.com\/#organization\"},\"alternateName\":\"Strangercam.com\",\"potentialAction\":[{\"@type\":\"SearchAction\",\"target\":{\"@type\":\"EntryPoint\",\"urlTemplate\":\"https:\/\/strangercam.com\/?s={search_term_string}\"},\"query-input\":{\"@type\":\"PropertyValueSpecification\",\"valueRequired\":true,\"valueName\":\"search_term_string\"}}],\"inLanguage\":\"pt-BR\"},{\"@type\":\"Organization\",\"@id\":\"https:\/\/strangercam.com\/#organization\",\"name\":\"Strangercam\",\"alternateName\":\"Strangercam.com\",\"url\":\"https:\/\/strangercam.com\/\",\"logo\":{\"@type\":\"ImageObject\",\"inLanguage\":\"pt-BR\",\"@id\":\"https:\/\/strangercam.com\/#\/schema\/logo\/image\/\",\"url\":\"https:\/\/strangercam.com\/wp-content\/uploads\/2020\/11\/cropped-new-favicon-black.png\",\"contentUrl\":\"https:\/\/strangercam.com\/wp-content\/uploads\/2020\/11\/cropped-new-favicon-black.png\",\"width\":512,\"height\":512,\"caption\":\"Strangercam\"},\"image\":{\"@id\":\"https:\/\/strangercam.com\/#\/schema\/logo\/image\/\"},\"sameAs\":[\"https:\/\/www.facebook.com\/strangercam\",\"https:\/\/x.com\/strangercamapp\"]}]}<\/script>\n<!-- \/ Yoast SEO plugin. -->","yoast_head_json":{"title":"C\u00e2mera individual com bate-papo por v\u00eddeo no Strangercam.com","description":"Gostando da c\u00e2mera um a um? Join milh\u00f5es em StrangerCam.com! Inicie um bate-papo por v\u00eddeo aleat\u00f3rio, ligue sua c\u00e2mera e conhe\u00e7a estranhos instantaneamente.","robots":{"index":"index","follow":"follow","max-snippet":"max-snippet:-1","max-image-preview":"max-image-preview:large","max-video-preview":"max-video-preview:-1"},"canonical":"https:\/\/strangercam.com\/pt-br\/camera-um-a-um\/","og_locale":"pt_BR","og_type":"article","og_title":"One On One Cam with Video Chat on Strangercam.com","og_description":"Liking One On One Cam? Join millions on StrangerCam.com! Start a random video chat, turn on your cam, and meet strangers instantly.","og_url":"https:\/\/strangercam.com\/pt-br\/camera-um-a-um\/","og_site_name":"Strangercam","article_publisher":"https:\/\/www.facebook.com\/strangercam","article_modified_time":"2025-09-08T08:03:26+00:00","og_image":[{"width":800,"height":532,"url":"https:\/\/strangercam.com\/wp-content\/uploads\/2021\/10\/Untitled-2.png","type":"image\/png"}],"twitter_card":"summary_large_image","twitter_site":"@strangercamapp","twitter_misc":{"Est. tempo de leitura":"5 minutos"},"schema":{"@context":"https:\/\/schema.org","@graph":[{"@type":"WebPage","@id":"https:\/\/strangercam.com\/one-on-one-cam\/","url":"https:\/\/strangercam.com\/one-on-one-cam\/","name":"C\u00e2mera individual com bate-papo por v\u00eddeo no Strangercam.com","isPartOf":{"@id":"https:\/\/strangercam.com\/#website"},"datePublished":"2025-09-08T06:58:53+00:00","dateModified":"2025-09-08T08:03:26+00:00","description":"Gostando da c\u00e2mera um a um? Join milh\u00f5es em StrangerCam.com! Inicie um bate-papo por v\u00eddeo aleat\u00f3rio, ligue sua c\u00e2mera e conhe\u00e7a estranhos instantaneamente.","breadcrumb":{"@id":"https:\/\/strangercam.com\/one-on-one-cam\/#breadcrumb"},"inLanguage":"pt-BR","potentialAction":[{"@type":"ReadAction","target":["https:\/\/strangercam.com\/one-on-one-cam\/"]}]},{"@type":"BreadcrumbList","@id":"https:\/\/strangercam.com\/one-on-one-cam\/#breadcrumb","itemListElement":[{"@type":"ListItem","position":1,"name":"Home","item":"https:\/\/strangercam.com\/"},{"@type":"ListItem","position":2,"name":"One On One Cam"}]},{"@type":"WebSite","@id":"https:\/\/strangercam.com\/#website","url":"https:\/\/strangercam.com\/","name":"Strangercam","description":"Bate-papo por v\u00eddeo aleat\u00f3rio com estranhos","publisher":{"@id":"https:\/\/strangercam.com\/#organization"},"alternateName":"Strangercam.com","potentialAction":[{"@type":"SearchAction","target":{"@type":"EntryPoint","urlTemplate":"https:\/\/strangercam.com\/?s={search_term_string}"},"query-input":{"@type":"PropertyValueSpecification","valueRequired":true,"valueName":"search_term_string"}}],"inLanguage":"pt-BR"},{"@type":"Organization","@id":"https:\/\/strangercam.com\/#organization","name":"Strangercam","alternateName":"Strangercam.com","url":"https:\/\/strangercam.com\/","logo":{"@type":"ImageObject","inLanguage":"pt-BR","@id":"https:\/\/strangercam.com\/#\/schema\/logo\/image\/","url":"https:\/\/strangercam.com\/wp-content\/uploads\/2020\/11\/cropped-new-favicon-black.png","contentUrl":"https:\/\/strangercam.com\/wp-content\/uploads\/2020\/11\/cropped-new-favicon-black.png","width":512,"height":512,"caption":"Strangercam"},"image":{"@id":"https:\/\/strangercam.com\/#\/schema\/logo\/image\/"},"sameAs":["https:\/\/www.facebook.com\/strangercam","https:\/\/x.com\/strangercamapp"]}]}},"_links":{"self":[{"href":"https:\/\/strangercam.com\/pt-br\/wp-json\/wp\/v2\/pages\/4107","targetHints":{"allow":["GET"]}}],"collection":[{"href":"https:\/\/strangercam.com\/pt-br\/wp-json\/wp\/v2\/pages"}],"about":[{"href":"https:\/\/strangercam.com\/pt-br\/wp-json\/wp\/v2\/types\/page"}],"author":[{"embeddable":true,"href":"https:\/\/strangercam.com\/pt-br\/wp-json\/wp\/v2\/users\/8"}],"replies":[{"embeddable":true,"href":"https:\/\/strangercam.com\/pt-br\/wp-json\/wp\/v2\/comments?post=4107"}],"version-history":[{"count":2,"href":"https:\/\/strangercam.com\/pt-br\/wp-json\/wp\/v2\/pages\/4107\/revisions"}],"predecessor-version":[{"id":13012,"href":"https:\/\/strangercam.com\/pt-br\/wp-json\/wp\/v2\/pages\/4107\/revisions\/13012"}],"wp:attachment":[{"href":"https:\/\/strangercam.com\/pt-br\/wp-json\/wp\/v2\/media?parent=4107"}],"curies":[{"name":"wp","href":"https:\/\/api.w.org\/{rel}","templated":true}]}}