{"id":4090,"date":"2025-09-08T07:55:19","date_gmt":"2025-09-08T05:55:19","guid":{"rendered":"https:\/\/strangercam.com\/?page_id=4090"},"modified":"2025-09-08T10:00:45","modified_gmt":"2025-09-08T08:00:45","slug":"bate-papo-com-garotas-omegle","status":"publish","type":"page","link":"https:\/\/strangercam.com\/pt-br\/bate-papo-com-garotas-omegle\/","title":{"rendered":"Omegle Bate-papo com garotas"},"content":{"rendered":"<p>Voc\u00ea est\u00e1 procurando por <a href=\"https:\/\/strangercam.com\/pt-br\/omegle\/\">Omegle<\/a> garota <a href=\"https:\/\/strangercam.com\/pt-br\/chathub\/\">bate-papo<\/a>? Voc\u00ea n\u00e3o est\u00e1 sozinho. Durante anos, o Omegle foi o local ideal para bate-papos por v\u00eddeo aleat\u00f3rios, especialmente para pessoas que queriam conhecer e conversar com garotas on-line. Mas desde que o Omegle foi fechado em 2023, milh\u00f5es de usu\u00e1rios t\u00eam procurado alternativas que ofere\u00e7am a mesma emo\u00e7\u00e3o de conex\u00f5es espont\u00e2neas - com o b\u00f4nus adicional de ser mais seguro, mais moderno e genuinamente gratuito.<\/p>\n<p>Em 2025, plataformas como a StrangerCam possibilitam desfrutar de bate-papos gratuitos com garotas on-line instantaneamente, sem registro, sem downloads e sem taxas ocultas. Se voc\u00ea est\u00e1 procurando divers\u00e3o, paquera casual, fazer novos amigos ou apenas passar o tempo, o bate-papo com garotas no estilo Omegle continua sendo uma das maneiras mais interessantes de se conectar.<\/p>\n<p>Este guia abordar\u00e1 tudo o que voc\u00ea precisa saber: o que era o Omegle girl chat, por que ele se tornou t\u00e3o popular, como as plataformas modernas o substitu\u00edram, quais recursos procurar, compara\u00e7\u00f5es das principais alternativas, dicas de seguran\u00e7a e por que o StrangerCam \u00e9 uma das melhores op\u00e7\u00f5es atualmente.<\/p>\n<h2>O que era Omegle Girl Chat?<\/h2>\n<p>O Omegle girl chat se referia ao recurso de bate-papo por v\u00eddeo aleat\u00f3rio do Omegle, no qual os usu\u00e1rios podiam tentar se conectar especificamente com garotas on-line. O pr\u00f3prio Omegle n\u00e3o oferecia um verdadeiro filtro de g\u00eanero, o que deixava muitos usu\u00e1rios frustrados. Muitas buscas ou hacks de \"Omegle girl\" de terceiros geralmente levavam a experi\u00eancias n\u00e3o confi\u00e1veis ou inseguras.<\/p>\n<p>Desde o fechamento do Omegle, a demanda por uma experi\u00eancia segura e real de bate-papo com garotas s\u00f3 cresceu. \u00c9 a\u00ed que entram plataformas como a StrangerCam - oferecendo filtros de g\u00eanero genu\u00ednos e gratuitos e recursos de seguran\u00e7a melhores do que o Omegle jamais ofereceu.<\/p>\n<h2>Por que as pessoas procuram o bate-papo com a garota Omegle<\/h2>\n<p>O termo \"Omegle girl chat\" tornou-se popular por v\u00e1rios motivos:<\/p>\n<ul>\n<li>Desejo de conex\u00f5es femininas: Muitos usu\u00e1rios queriam especificamente conversar com meninas.<\/li>\n<li>Paquera e divers\u00e3o casual: O Omegle ficou conhecido por suas conex\u00f5es espont\u00e2neas e descontra\u00eddas.<\/li>\n<li>Curiosidade e entretenimento: Conhecer novas garotas de todo o mundo foi divertido e imprevis\u00edvel.<\/li>\n<li>Evitar bots e falsifica\u00e7\u00f5es: Os usu\u00e1rios preferiam o bate-papo por v\u00eddeo para confirmar que estavam falando com pessoas reais.<\/li>\n<li>Solid\u00e3o: Para muitos, o Omegle preencheu a lacuna do t\u00e9dio e proporcionou intera\u00e7\u00e3o social instant\u00e2nea.<\/li>\n<\/ul>\n<h2>Como o Omegle Girl Chat funcionava (e suas limita\u00e7\u00f5es)<\/h2>\n<p>A configura\u00e7\u00e3o do Omegle foi simples:<\/p>\n<ol>\n<li>Abra o site.<\/li>\n<li>Permita o acesso \u00e0 webcam e ao microfone.<\/li>\n<li>Clique em \"Start\" (Iniciar) e entre em contato com uma pessoa aleat\u00f3ria.<\/li>\n<li>Pressione \"Next\" para prosseguir.<\/li>\n<\/ol>\n<p>O problema? O Omegle n\u00e3o oferecia um filtro de g\u00eanero funcional. Muitas pessoas que procuravam por \"Omegle girl chat\" ficavam desapontadas por serem selecionadas aleatoriamente. Pior ainda, a falta de modera\u00e7\u00e3o muitas vezes levava a experi\u00eancias inseguras ou inc\u00f4modas.<\/p>\n<h2>A ascens\u00e3o da garota Omegle Chat Alternatives<\/h2>\n<p>Desde o fechamento do Omegle, surgiram plataformas melhores. Esses novos sites aprimoram o formato cl\u00e1ssico de bate-papo aleat\u00f3rio, oferecendo:<\/p>\n<ul>\n<li>Filtros de g\u00eanero reais (gratuitos ou pagos).<\/li>\n<li>Ambientes mais seguros com modera\u00e7\u00e3o ativa.<\/li>\n<li>Melhor suporte m\u00f3vel.<\/li>\n<li>V\u00eddeo e \u00e1udio de alta qualidade.<\/li>\n<li>Acesso verdadeiramente gratuito sem truques.<\/li>\n<\/ul>\n<h2>Melhores plataformas para bate-papo com a garota Omegle em 2025<\/h2>\n<p>Veja como as principais alternativas atuais se comparam:<\/p>\n<table>\n<thead>\n<tr>\n<th>Plataforma<\/th>\n<th align=\"center\">Acesso gratuito<\/th>\n<th align=\"center\">Filtro de g\u00eanero<\/th>\n<th align=\"center\">Registro necess\u00e1rio<\/th>\n<th align=\"center\">Suporte m\u00f3vel<\/th>\n<th align=\"center\">Modera\u00e7\u00e3o<\/th>\n<th>Notas<\/th>\n<\/tr>\n<\/thead>\n<tbody>\n<tr>\n<td>StrangerCam<\/td>\n<td align=\"center\">\u2705<\/td>\n<td align=\"center\">\u2705 (Gratuito)<\/td>\n<td align=\"center\">\u274c<\/td>\n<td align=\"center\">\u2705<\/td>\n<td align=\"center\">\u2705<\/td>\n<td>Melhor substituto para o bate-papo com garotas Omegle<\/td>\n<\/tr>\n<tr>\n<td><a href=\"https:\/\/strangercam.com\/pt-br\/chatroulette\/\">Chatroulette<\/a><\/td>\n<td align=\"center\">\u2705<\/td>\n<td align=\"center\">\u274c (Pago)<\/td>\n<td align=\"center\">\u274c<\/td>\n<td align=\"center\">\u2705<\/td>\n<td align=\"center\">\u2705<\/td>\n<td>Op\u00e7\u00e3o cl\u00e1ssica, mas sem filtros gratuitos<\/td>\n<\/tr>\n<tr>\n<td>Chatrandom<\/td>\n<td align=\"center\">\u2705<\/td>\n<td align=\"center\">\u274c (Pago)<\/td>\n<td align=\"center\">\u274c<\/td>\n<td align=\"center\">\u2705<\/td>\n<td align=\"center\">\u2705<\/td>\n<td>Filtros populares, mas premium<\/td>\n<\/tr>\n<tr>\n<td>Shagle<\/td>\n<td align=\"center\">\u2705<\/td>\n<td align=\"center\">\u274c (Pago)<\/td>\n<td align=\"center\">\u274c<\/td>\n<td align=\"center\">\u2705<\/td>\n<td align=\"center\">\u2705<\/td>\n<td>Impulsiona atualiza\u00e7\u00f5es para filtros<\/td>\n<\/tr>\n<tr>\n<td><a href=\"https:\/\/strangercam.com\/pt-br\/coomeet\/\">CooMeet<\/a><\/td>\n<td align=\"center\">\u274c (Teste)<\/td>\n<td align=\"center\">\u2705<\/td>\n<td align=\"center\">\u2705<\/td>\n<td align=\"center\">\u2705<\/td>\n<td align=\"center\">\u2705<\/td>\n<td>Plataforma paga voltada para o bate-papo com garotas<\/td>\n<\/tr>\n<tr>\n<td>LuckyCrush<\/td>\n<td align=\"center\">\u274c<\/td>\n<td align=\"center\">\u2705<\/td>\n<td align=\"center\">\u2705<\/td>\n<td align=\"center\">\u2705<\/td>\n<td align=\"center\">\u2705<\/td>\n<td>Sempre pago, conecta rapazes a mo\u00e7as<\/td>\n<\/tr>\n<\/tbody>\n<\/table>\n<p>A StrangerCam se destaca como uma das \u00fanicas plataformas que oferece bate-papo gratuito com garotas no estilo Omegle, com um filtro de g\u00eanero ativo e sem cadastro.<\/p>\n<h2>Por que a StrangerCam \u00e9 a melhor Omegle Girl Chat Alternative<\/h2>\n<p>Eis por que StrangerCam \u00e9 a melhor escolha em 2025 para aqueles que buscam bate-papo com garotas Omegle:<\/p>\n<h3>1. Totalmente gratuito e ilimitado<\/h3>\n<p>N\u00e3o h\u00e1 acesso pago, testes ou cr\u00e9ditos - apenas bate-papos gratuitos.<\/p>\n<h3>2. Filtro de g\u00eanero gratuito<\/h3>\n<p>Conhe\u00e7a garotas instantaneamente sem pagar nada a mais.<\/p>\n<h3>3. N\u00e3o \u00e9 necess\u00e1rio registrar-se<\/h3>\n<p>Mantenha-se an\u00f4nimo e comece a conversar em segundos.<\/p>\n<h3>4. Seguro e moderado<\/h3>\n<p>A modera\u00e7\u00e3o ativa o torna mais seguro do que o Omegle jamais foi.<\/p>\n<h3>5. Base de usu\u00e1rios global<\/h3>\n<p>Conhe\u00e7a garotas de todo o mundo, 24 horas por dia, 7 dias por semana.<\/p>\n<h3>6. Otimizado para todos os dispositivos<\/h3>\n<p>Funciona sem problemas tanto no desktop quanto no celular.<\/p>\n<h2>Depoimentos reais de usu\u00e1rios<\/h2>\n<blockquote><p><em>\"Eu estava procurando alternativas de bate-papo para meninas Omegle e a maioria dos sites tentava me cobrar. O StrangerCam realmente forneceu conex\u00f5es gratuitas.\"<\/em><br \/>\n- David, 27 anos<\/p><\/blockquote>\n<blockquote><p><em>\"O filtro de g\u00eanero funciona perfeitamente aqui. \u00c9 exatamente o que estava faltando no Omegle.\"<\/em><br \/>\n- Sophia, 22 anos<\/p><\/blockquote>\n<blockquote><p><em>\"Conectei-me com garotas de tr\u00eas pa\u00edses diferentes em menos de uma hora. Muito melhor do que o Omegle jamais foi.\"<\/em><br \/>\n- Ryan, 30 anos<\/p><\/blockquote>\n<blockquote><p><em>\"Parece mais seguro e mais limpo do que o Omegle, e posso pular instantaneamente se n\u00e3o gostar do bate-papo.\"<\/em><br \/>\n- Emma, 19 anos<\/p><\/blockquote>\n<h2>Dicas de seguran\u00e7a para bate-papo com garotas no estilo Omegle<\/h2>\n<p>Embora seja divertido conversar com garotas on-line, a seguran\u00e7a \u00e9 fundamental:<\/p>\n<ul>\n<li>N\u00e3o compartilhe informa\u00e7\u00f5es pessoais (telefone, e-mail, endere\u00e7o).<\/li>\n<li>Ignore ou bloqueie qualquer pessoa que o deixe desconfort\u00e1vel.<\/li>\n<li>Nunca clique em links suspeitos.<\/li>\n<li>Verifique seu plano de fundo antes de ligar a webcam.<\/li>\n<li>Use as ferramentas da plataforma, como os recursos de relat\u00f3rio.<\/li>\n<li>Respeite as restri\u00e7\u00f5es de idade - se tiver menos de 18 anos, evite plataformas para adultos.<\/li>\n<\/ul>\n<h2>Como come\u00e7ar - passo a passo<\/h2>\n<p>Leva apenas alguns segundos para iniciar um bate-papo com uma garota no estilo Omegle:<\/p>\n<ol>\n<li>Abra o StrangerCam em seu dispositivo.<\/li>\n<li>Permita o acesso \u00e0 c\u00e2mera e ao microfone.<\/li>\n<li>Selecione o filtro de g\u00eanero (meninas).<\/li>\n<li>Clique em Start Chat para se conectar instantaneamente.<\/li>\n<li>Pressione Next a qualquer momento para conhecer algu\u00e9m novo.<\/li>\n<\/ol>\n<p>R\u00e1pido, simples e 100% gratuito.<\/p>\n<p>Embora o Omegle tenha desaparecido, a demanda pelo bate-papo com garotas do Omegle n\u00e3o desapareceu. Na verdade, ela est\u00e1 mais forte do que nunca. A boa not\u00edcia \u00e9 que alternativas modernas como o StrangerCam n\u00e3o apenas substituem o Omegle, mas tamb\u00e9m o aprimoram - oferecendo filtros de g\u00eanero gratuitos, melhor modera\u00e7\u00e3o e experi\u00eancias mais seguras.<\/p>\n<p>Se voc\u00ea deseja conhecer, paquerar ou simplesmente conversar casualmente com garotas on-line, o StrangerCam \u00e9 uma das melhores op\u00e7\u00f5es em 2025.<\/p>\n<p>Pronto para experimentar? Inicie um bate-papo gratuito com uma garota no estilo Omegle hoje mesmo e descubra quem voc\u00ea conhecer\u00e1 em seguida.<\/p>","protected":false},"excerpt":{"rendered":"<p>Have you been searching for Omegle girl chat? You\u2019re not alone. For years, Omegle was the go-to place for random video chats, especially for people looking to meet and chat with girls online. But since Omegle shut down in 2023, millions of users have been searching for alternatives that offer the same thrill of spontaneous [&hellip;]<\/p>\n","protected":false},"author":8,"featured_media":0,"parent":0,"menu_order":0,"comment_status":"closed","ping_status":"closed","template":"","meta":{"footnotes":""},"class_list":["post-4090","page","type-page","status-publish","hentry"],"yoast_head":"<!-- This site is optimized with the Yoast SEO plugin v26.9 - https:\/\/yoast.com\/product\/yoast-seo-wordpress\/ -->\n<title>Omegle Girl Chat with Video Chat on Strangercam.com<\/title>\n<meta name=\"description\" content=\"Liking Omegle Girl Chat? Join millions on StrangerCam.com! Start a random video chat, turn on your cam, and meet strangers instantly.\" \/>\n<meta name=\"robots\" content=\"index, follow, max-snippet:-1, max-image-preview:large, max-video-preview:-1\" \/>\n<link rel=\"canonical\" href=\"https:\/\/strangercam.com\/pt-br\/bate-papo-com-garotas-omegle\/\" \/>\n<meta property=\"og:locale\" content=\"pt_BR\" \/>\n<meta property=\"og:type\" content=\"article\" \/>\n<meta property=\"og:title\" content=\"Omegle Girl Chat with Video Chat on Strangercam.com\" \/>\n<meta property=\"og:description\" content=\"Liking Omegle Girl Chat? Join millions on StrangerCam.com! Start a random video chat, turn on your cam, and meet strangers instantly.\" \/>\n<meta property=\"og:url\" content=\"https:\/\/strangercam.com\/pt-br\/bate-papo-com-garotas-omegle\/\" \/>\n<meta property=\"og:site_name\" content=\"Strangercam\" \/>\n<meta property=\"article:publisher\" content=\"https:\/\/www.facebook.com\/strangercam\" \/>\n<meta property=\"article:modified_time\" content=\"2025-09-08T08:00:45+00:00\" \/>\n<meta property=\"og:image\" content=\"https:\/\/strangercam.com\/wp-content\/uploads\/2021\/10\/Untitled-2.png\" \/>\n\t<meta property=\"og:image:width\" content=\"800\" \/>\n\t<meta property=\"og:image:height\" content=\"532\" \/>\n\t<meta property=\"og:image:type\" content=\"image\/png\" \/>\n<meta name=\"twitter:card\" content=\"summary_large_image\" \/>\n<meta name=\"twitter:site\" content=\"@strangercamapp\" \/>\n<meta name=\"twitter:label1\" content=\"Est. tempo de leitura\" \/>\n\t<meta name=\"twitter:data1\" content=\"4 minutos\" \/>\n<script type=\"application\/ld+json\" class=\"yoast-schema-graph\">{\"@context\":\"https:\/\/schema.org\",\"@graph\":[{\"@type\":\"WebPage\",\"@id\":\"https:\/\/strangercam.com\/omegle-girl-chat\/\",\"url\":\"https:\/\/strangercam.com\/omegle-girl-chat\/\",\"name\":\"Omegle Girl Chat with Video Chat on Strangercam.com\",\"isPartOf\":{\"@id\":\"https:\/\/strangercam.com\/#website\"},\"datePublished\":\"2025-09-08T05:55:19+00:00\",\"dateModified\":\"2025-09-08T08:00:45+00:00\",\"description\":\"Liking Omegle Girl Chat? Join millions on StrangerCam.com! Start a random video chat, turn on your cam, and meet strangers instantly.\",\"breadcrumb\":{\"@id\":\"https:\/\/strangercam.com\/omegle-girl-chat\/#breadcrumb\"},\"inLanguage\":\"pt-BR\",\"potentialAction\":[{\"@type\":\"ReadAction\",\"target\":[\"https:\/\/strangercam.com\/omegle-girl-chat\/\"]}]},{\"@type\":\"BreadcrumbList\",\"@id\":\"https:\/\/strangercam.com\/omegle-girl-chat\/#breadcrumb\",\"itemListElement\":[{\"@type\":\"ListItem\",\"position\":1,\"name\":\"Home\",\"item\":\"https:\/\/strangercam.com\/\"},{\"@type\":\"ListItem\",\"position\":2,\"name\":\"Omegle Girl Chat\"}]},{\"@type\":\"WebSite\",\"@id\":\"https:\/\/strangercam.com\/#website\",\"url\":\"https:\/\/strangercam.com\/\",\"name\":\"Strangercam\",\"description\":\"Random Video Chat with Strangers\",\"publisher\":{\"@id\":\"https:\/\/strangercam.com\/#organization\"},\"alternateName\":\"Strangercam.com\",\"potentialAction\":[{\"@type\":\"SearchAction\",\"target\":{\"@type\":\"EntryPoint\",\"urlTemplate\":\"https:\/\/strangercam.com\/?s={search_term_string}\"},\"query-input\":{\"@type\":\"PropertyValueSpecification\",\"valueRequired\":true,\"valueName\":\"search_term_string\"}}],\"inLanguage\":\"pt-BR\"},{\"@type\":\"Organization\",\"@id\":\"https:\/\/strangercam.com\/#organization\",\"name\":\"Strangercam\",\"alternateName\":\"Strangercam.com\",\"url\":\"https:\/\/strangercam.com\/\",\"logo\":{\"@type\":\"ImageObject\",\"inLanguage\":\"pt-BR\",\"@id\":\"https:\/\/strangercam.com\/#\/schema\/logo\/image\/\",\"url\":\"https:\/\/strangercam.com\/wp-content\/uploads\/2020\/11\/cropped-new-favicon-black.png\",\"contentUrl\":\"https:\/\/strangercam.com\/wp-content\/uploads\/2020\/11\/cropped-new-favicon-black.png\",\"width\":512,\"height\":512,\"caption\":\"Strangercam\"},\"image\":{\"@id\":\"https:\/\/strangercam.com\/#\/schema\/logo\/image\/\"},\"sameAs\":[\"https:\/\/www.facebook.com\/strangercam\",\"https:\/\/x.com\/strangercamapp\"]}]}<\/script>\n<!-- \/ Yoast SEO plugin. -->","yoast_head_json":{"title":"Omegle Bate-papo com meninas e bate-papo por v\u00eddeo em Strangercam.com","description":"Gostando do bate-papo com a garota Omegle? Join milh\u00f5es em StrangerCam.com! Inicie um bate-papo por v\u00eddeo aleat\u00f3rio, ligue sua c\u00e2mera e conhe\u00e7a estranhos instantaneamente.","robots":{"index":"index","follow":"follow","max-snippet":"max-snippet:-1","max-image-preview":"max-image-preview:large","max-video-preview":"max-video-preview:-1"},"canonical":"https:\/\/strangercam.com\/pt-br\/bate-papo-com-garotas-omegle\/","og_locale":"pt_BR","og_type":"article","og_title":"Omegle Girl Chat with Video Chat on Strangercam.com","og_description":"Liking Omegle Girl Chat? Join millions on StrangerCam.com! Start a random video chat, turn on your cam, and meet strangers instantly.","og_url":"https:\/\/strangercam.com\/pt-br\/bate-papo-com-garotas-omegle\/","og_site_name":"Strangercam","article_publisher":"https:\/\/www.facebook.com\/strangercam","article_modified_time":"2025-09-08T08:00:45+00:00","og_image":[{"width":800,"height":532,"url":"https:\/\/strangercam.com\/wp-content\/uploads\/2021\/10\/Untitled-2.png","type":"image\/png"}],"twitter_card":"summary_large_image","twitter_site":"@strangercamapp","twitter_misc":{"Est. tempo de leitura":"4 minutos"},"schema":{"@context":"https:\/\/schema.org","@graph":[{"@type":"WebPage","@id":"https:\/\/strangercam.com\/omegle-girl-chat\/","url":"https:\/\/strangercam.com\/omegle-girl-chat\/","name":"Omegle Bate-papo com meninas e bate-papo por v\u00eddeo em Strangercam.com","isPartOf":{"@id":"https:\/\/strangercam.com\/#website"},"datePublished":"2025-09-08T05:55:19+00:00","dateModified":"2025-09-08T08:00:45+00:00","description":"Gostando do bate-papo com a garota Omegle? Join milh\u00f5es em StrangerCam.com! Inicie um bate-papo por v\u00eddeo aleat\u00f3rio, ligue sua c\u00e2mera e conhe\u00e7a estranhos instantaneamente.","breadcrumb":{"@id":"https:\/\/strangercam.com\/omegle-girl-chat\/#breadcrumb"},"inLanguage":"pt-BR","potentialAction":[{"@type":"ReadAction","target":["https:\/\/strangercam.com\/omegle-girl-chat\/"]}]},{"@type":"BreadcrumbList","@id":"https:\/\/strangercam.com\/omegle-girl-chat\/#breadcrumb","itemListElement":[{"@type":"ListItem","position":1,"name":"Home","item":"https:\/\/strangercam.com\/"},{"@type":"ListItem","position":2,"name":"Omegle Girl Chat"}]},{"@type":"WebSite","@id":"https:\/\/strangercam.com\/#website","url":"https:\/\/strangercam.com\/","name":"Strangercam","description":"Bate-papo por v\u00eddeo aleat\u00f3rio com estranhos","publisher":{"@id":"https:\/\/strangercam.com\/#organization"},"alternateName":"Strangercam.com","potentialAction":[{"@type":"SearchAction","target":{"@type":"EntryPoint","urlTemplate":"https:\/\/strangercam.com\/?s={search_term_string}"},"query-input":{"@type":"PropertyValueSpecification","valueRequired":true,"valueName":"search_term_string"}}],"inLanguage":"pt-BR"},{"@type":"Organization","@id":"https:\/\/strangercam.com\/#organization","name":"Strangercam","alternateName":"Strangercam.com","url":"https:\/\/strangercam.com\/","logo":{"@type":"ImageObject","inLanguage":"pt-BR","@id":"https:\/\/strangercam.com\/#\/schema\/logo\/image\/","url":"https:\/\/strangercam.com\/wp-content\/uploads\/2020\/11\/cropped-new-favicon-black.png","contentUrl":"https:\/\/strangercam.com\/wp-content\/uploads\/2020\/11\/cropped-new-favicon-black.png","width":512,"height":512,"caption":"Strangercam"},"image":{"@id":"https:\/\/strangercam.com\/#\/schema\/logo\/image\/"},"sameAs":["https:\/\/www.facebook.com\/strangercam","https:\/\/x.com\/strangercamapp"]}]}},"_links":{"self":[{"href":"https:\/\/strangercam.com\/pt-br\/wp-json\/wp\/v2\/pages\/4090","targetHints":{"allow":["GET"]}}],"collection":[{"href":"https:\/\/strangercam.com\/pt-br\/wp-json\/wp\/v2\/pages"}],"about":[{"href":"https:\/\/strangercam.com\/pt-br\/wp-json\/wp\/v2\/types\/page"}],"author":[{"embeddable":true,"href":"https:\/\/strangercam.com\/pt-br\/wp-json\/wp\/v2\/users\/8"}],"replies":[{"embeddable":true,"href":"https:\/\/strangercam.com\/pt-br\/wp-json\/wp\/v2\/comments?post=4090"}],"version-history":[{"count":1,"href":"https:\/\/strangercam.com\/pt-br\/wp-json\/wp\/v2\/pages\/4090\/revisions"}],"predecessor-version":[{"id":13007,"href":"https:\/\/strangercam.com\/pt-br\/wp-json\/wp\/v2\/pages\/4090\/revisions\/13007"}],"wp:attachment":[{"href":"https:\/\/strangercam.com\/pt-br\/wp-json\/wp\/v2\/media?parent=4090"}],"curies":[{"name":"wp","href":"https:\/\/api.w.org\/{rel}","templated":true}]}}