{"id":4073,"date":"2025-09-03T11:52:49","date_gmt":"2025-09-03T09:52:49","guid":{"rendered":"https:\/\/strangercam.com\/?page_id=4073"},"modified":"2025-09-03T13:47:51","modified_gmt":"2025-09-03T11:47:51","slug":"bate-papo-com-camera","status":"publish","type":"page","link":"https:\/\/strangercam.com\/pt-br\/cam-chat\/","title":{"rendered":"Bate-papo com c\u00e2meras"},"content":{"rendered":"<p>Procurando o melhor lugar para desfrutar <a href=\"https:\/\/strangercam.com\/pt-br\/bazoocam\/\">c\u00e2mera<\/a> bate-papo? Voc\u00ea n\u00e3o est\u00e1 sozinho. Todos os dias, milh\u00f5es de pessoas em todo o mundo usam plataformas de bate-papo com c\u00e2mera para conhecer novas pessoas, ter conversas divertidas e fazer conex\u00f5es espont\u00e2neas on-line. Ao contr\u00e1rio dos aplicativos de namoro ou das redes sociais que exigem rolagem ou deslizamento intermin\u00e1veis, o bate-papo com c\u00e2mera \u00e9 instant\u00e2neo, real e empolgante - voc\u00ea pressiona um bot\u00e3o e, em segundos, est\u00e1 cara a cara com um estranho.<\/p>\n<p>Em 2025, plataformas como a StrangerCam tornam mais f\u00e1cil do que nunca aproveitar <a href=\"https:\/\/strangercam.com\/pt-br\/cam-to-cam-chat\/\">c\u00e2mera gratuita<\/a> sem registros, sem downloads e sem cobran\u00e7as ocultas. Se estiver procurando fazer amigos, praticar um novo idioma, curtir um flerte casual ou apenas curar o t\u00e9dio, o bate-papo com c\u00e2mera \u00e9 uma das maneiras mais divertidas e imprevis\u00edveis de se conectar on-line.<\/p>\n<p>Este guia aborda tudo o que voc\u00ea precisa saber: o que \u00e9 o bate-papo com c\u00e2mera, por que \u00e9 t\u00e3o popular, como funciona, quais recursos procurar, compara\u00e7\u00f5es de plataformas, dicas de seguran\u00e7a e por que o StrangerCam \u00e9 uma das melhores op\u00e7\u00f5es dispon\u00edveis atualmente.<\/p>\n<h2>O que \u00e9 o Cam Chat?<\/h2>\n<p>O bate-papo com c\u00e2mera \u00e9 um servi\u00e7o on-line que permite que voc\u00ea se conecte instantaneamente com estranhos por meio de chamadas de v\u00eddeo ao vivo usando sua webcam e microfone. Ao contr\u00e1rio das salas de bate-papo somente com texto, o bate-papo com c\u00e2mera oferece intera\u00e7\u00e3o face a face, tornando a experi\u00eancia muito mais genu\u00edna e espont\u00e2nea.<\/p>\n<p>A ideia \u00e9 simples: voc\u00ea habilita sua webcam, clica em \"Start Chat\" (Iniciar bate-papo) e \u00e9 instantaneamente emparelhado com outra pessoa. Se a conversa n\u00e3o der certo, basta pressionar Next (Avan\u00e7ar) para ser emparelhado com outra pessoa.<\/p>\n<h2>Por que as pessoas adoram o bate-papo com c\u00e2mera gr\u00e1tis<\/h2>\n<p>O aumento da popularidade do bate-papo com c\u00e2mera gratuito n\u00e3o \u00e9 nenhuma surpresa. Veja por que pessoas do mundo inteiro o utilizam diariamente:<\/p>\n<ul>\n<li>Divers\u00e3o espont\u00e2nea: Nunca se sabe quem voc\u00ea vai encontrar em seguida.<\/li>\n<li>Autenticidade: Ao contr\u00e1rio dos bate-papos baseados em texto, o v\u00eddeo prova que a pessoa \u00e9 real.<\/li>\n<li>Conex\u00f5es instant\u00e2neas: Sem longos cadastros, perfis ou espera por respostas.<\/li>\n<li>Alcance global: Converse com pessoas do mundo todo, 24 horas por dia, 7 dias por semana.<\/li>\n<li>Variedade: Use-o para divers\u00e3o, paquera, interc\u00e2mbio cultural ou at\u00e9 mesmo para praticar o idioma.<\/li>\n<li>Ven\u00e7a o t\u00e9dio: Uma maneira r\u00e1pida e divertida de passar o tempo.<\/li>\n<\/ul>\n<h2>Como funciona o Cam Chat?<\/h2>\n<p>Come\u00e7ar a usar o bate-papo com c\u00e2mera \u00e9 r\u00e1pido e simples:<\/p>\n<ol>\n<li>Abra a plataforma (desktop ou celular).<\/li>\n<li>Permita o acesso \u00e0 c\u00e2mera e ao microfone.<\/li>\n<li>Clique em \"Iniciar bate-papo\".<\/li>\n<li>Conecte-se instantaneamente com uma pessoa aleat\u00f3ria por v\u00eddeo.<\/li>\n<li>Clique em \"Next\" sempre que quiser conhecer algu\u00e9m novo.<\/li>\n<\/ol>\n<p>Algumas plataformas tamb\u00e9m incluem recursos extras, como filtros de g\u00eanero, filtros de pa\u00eds e at\u00e9 mesmo tradu\u00e7\u00e3o no chat para conversas em v\u00e1rios idiomas.<\/p>\n<h2>Principais recursos a serem observados<\/h2>\n<p>Nem todas as plataformas de bate-papo com c\u00e2mera s\u00e3o iguais. Aqui est\u00e1 o que voc\u00ea deve procurar nos melhores sites de bate-papo com c\u00e2mera gratuitos:<\/p>\n<h3>1. Acesso verdadeiramente gratuito<\/h3>\n<p>Evite plataformas que o atraem como \"gratuitas\", mas que ocultam os recursos b\u00e1sicos por tr\u00e1s de barreiras de pagamento.<\/p>\n<h3>2. N\u00e3o \u00e9 necess\u00e1rio registrar-se<\/h3>\n<p>Os melhores servi\u00e7os de bate-papo com c\u00e2mera permitem que voc\u00ea comece a conversar instantaneamente, sem registro.<\/p>\n<h3>3. Filtros de g\u00eanero e localiza\u00e7\u00e3o<\/h3>\n<p>Esses filtros permitem que voc\u00ea controle com quem est\u00e1 emparelhado, para uma experi\u00eancia mais personalizada.<\/p>\n<h3>4. Forte modera\u00e7\u00e3o<\/h3>\n<p>As plataformas seguras t\u00eam ferramentas ativas de modera\u00e7\u00e3o e den\u00fancia para lidar com usu\u00e1rios inadequados.<\/p>\n<h3>5. Design compat\u00edvel com dispositivos m\u00f3veis<\/h3>\n<p>Boas plataformas funcionam sem problemas tanto em telefones quanto em desktops.<\/p>\n<h3>6. V\u00eddeo e \u00e1udio de alta qualidade<\/h3>\n<p>Conex\u00f5es claras e confi\u00e1veis tornam as conversas mais naturais.<\/p>\n<h2>Melhores plataformas de bate-papo com c\u00e2mera em 2025<\/h2>\n<p>Veja como as plataformas de bate-papo com c\u00e2mera mais populares se comparam:<\/p>\n<table>\n<thead>\n<tr>\n<th>Plataforma<\/th>\n<th align=\"center\">Acesso gratuito<\/th>\n<th align=\"center\">Filtro de g\u00eanero<\/th>\n<th align=\"center\">Registro necess\u00e1rio<\/th>\n<th align=\"center\">Suporte m\u00f3vel<\/th>\n<th align=\"center\">Modera\u00e7\u00e3o<\/th>\n<th>Notas<\/th>\n<\/tr>\n<\/thead>\n<tbody>\n<tr>\n<td>StrangerCam<\/td>\n<td align=\"center\">\u2705<\/td>\n<td align=\"center\">\u2705 (Gratuito)<\/td>\n<td align=\"center\">\u274c<\/td>\n<td align=\"center\">\u2705<\/td>\n<td align=\"center\">\u2705<\/td>\n<td>O melhor bate-papo com c\u00e2mera gratuito para todos os fins<\/td>\n<\/tr>\n<tr>\n<td><a href=\"https:\/\/strangercam.com\/pt-br\/chatroulette\/\">Chatroulette<\/a><\/td>\n<td align=\"center\">\u2705<\/td>\n<td align=\"center\">\u274c (Pago)<\/td>\n<td align=\"center\">\u274c<\/td>\n<td align=\"center\">\u2705<\/td>\n<td align=\"center\">\u2705<\/td>\n<td>Plataforma cl\u00e1ssica, mas com custo de filtros<\/td>\n<\/tr>\n<tr>\n<td>Chatrandom<\/td>\n<td align=\"center\">\u2705<\/td>\n<td align=\"center\">\u274c (Pago)<\/td>\n<td align=\"center\">\u274c<\/td>\n<td align=\"center\">\u2705<\/td>\n<td align=\"center\">\u2705<\/td>\n<td>Popular, mas com filtros pagos<\/td>\n<\/tr>\n<tr>\n<td><a href=\"https:\/\/strangercam.com\/pt-br\/ometv\/\">OmeTV<\/a><\/td>\n<td align=\"center\">\u2705<\/td>\n<td align=\"center\">\u274c<\/td>\n<td align=\"center\">\u274c<\/td>\n<td align=\"center\">\u2705<\/td>\n<td align=\"center\">\u2705<\/td>\n<td>Aplicativo m\u00f3vel dispon\u00edvel, somente aleat\u00f3rio<\/td>\n<\/tr>\n<tr>\n<td>Shagle<\/td>\n<td align=\"center\">\u2705<\/td>\n<td align=\"center\">\u274c (Pago)<\/td>\n<td align=\"center\">\u274c<\/td>\n<td align=\"center\">\u2705<\/td>\n<td align=\"center\">\u2705<\/td>\n<td>Promove upgrades premium<\/td>\n<\/tr>\n<tr>\n<td><a href=\"https:\/\/strangercam.com\/pt-br\/coomeet\/\">CooMeet<\/a><\/td>\n<td align=\"center\">\u274c (Teste)<\/td>\n<td align=\"center\">\u2705<\/td>\n<td align=\"center\">\u2705<\/td>\n<td align=\"center\">\u2705<\/td>\n<td align=\"center\">\u2705<\/td>\n<td>Pago ap\u00f3s uma avalia\u00e7\u00e3o gratuita limitada<\/td>\n<\/tr>\n<tr>\n<td>LuckyCrush<\/td>\n<td align=\"center\">\u274c<\/td>\n<td align=\"center\">\u2705<\/td>\n<td align=\"center\">\u2705<\/td>\n<td align=\"center\">\u2705<\/td>\n<td align=\"center\">\u2705<\/td>\n<td>Conversas sempre pagas e baseadas em g\u00eanero<\/td>\n<\/tr>\n<\/tbody>\n<\/table>\n<p>Entre elas, a StrangerCam \u00e9 uma das \u00fanicas plataformas que oferece bate-papo por c\u00e2mera gratuito com uso ilimitado, um filtro de g\u00eanero funcional e sem necessidade de inscri\u00e7\u00e3o.<\/p>\n<h2>Por que a StrangerCam \u00e9 a melhor op\u00e7\u00e3o<\/h2>\n<p>Veja por que o StrangerCam \u00e9 uma das principais plataformas de bate-papo com c\u00e2mera em 2025:<\/p>\n<h3>1. Totalmente gratuito<\/h3>\n<p>Sem custos ocultos, testes ou cr\u00e9ditos - apenas bate-papo ilimitado.<\/p>\n<h3>2. Filtro de g\u00eanero gratuito<\/h3>\n<p>Escolha rapazes, mo\u00e7as ou ambos - sem pagar.<\/p>\n<h3>3. N\u00e3o \u00e9 necess\u00e1rio registrar-se<\/h3>\n<p>Permane\u00e7a an\u00f4nimo e conecte-se instantaneamente.<\/p>\n<h3>4. Seguro e moderado<\/h3>\n<p>A modera\u00e7\u00e3o ativa e as ferramentas de relat\u00f3rio ajudam a manter a plataforma limpa.<\/p>\n<h3>5. Comunidade global<\/h3>\n<p>Conhe\u00e7a pessoas de mais de 100 pa\u00edses, dispon\u00edveis 24 horas por dia, 7 dias por semana.<\/p>\n<h3>6. Funciona em todos os dispositivos<\/h3>\n<p>Otimizado para desktop, celular e tablets.<\/p>\n<h2>Depoimentos reais de usu\u00e1rios<\/h2>\n<blockquote><p><em>\"Eu estava procurando um bate-papo com c\u00e2mera gratuito sem custos ocultos, e o StrangerCam foi a primeira plataforma que realmente me atendeu.\"<\/em><br \/>\n- Jake, 25 anos<\/p><\/blockquote>\n<blockquote><p><em>\"O filtro de g\u00eanero funciona gratuitamente aqui, o que faz com que ele se destaque de outros sites.\"<\/em><br \/>\n- Sophia, 22 anos<\/p><\/blockquote>\n<blockquote><p><em>\"\u00c9 muito f\u00e1cil de usar. Conectei-me com pessoas de tr\u00eas continentes em apenas uma noite.\"<\/em><br \/>\n- Ryan, 28 anos<\/p><\/blockquote>\n<blockquote><p><em>\"O StrangerCam parece mais seguro do que a maioria das outras plataformas de bate-papo que j\u00e1 experimentei, gra\u00e7as \u00e0 modera\u00e7\u00e3o.\"<\/em><br \/>\n- Mia, 20 anos<\/p><\/blockquote>\n<h2>Dicas de seguran\u00e7a para o bate-papo com c\u00e2meras<\/h2>\n<p>Embora o bate-papo com c\u00e2mera seja divertido, tenha sempre em mente a seguran\u00e7a:<\/p>\n<ul>\n<li>N\u00e3o compartilhe detalhes pessoais (telefone, e-mail, endere\u00e7o).<\/li>\n<li>Ignore ou bloqueie qualquer pessoa que o deixe desconfort\u00e1vel.<\/li>\n<li>Evite clicar em links de estranhos.<\/li>\n<li>Verifique seu plano de fundo antes de ligar a webcam.<\/li>\n<li>Use apenas ferramentas de plataforma para relat\u00f3rios e bloqueios.<\/li>\n<li>Respeite as restri\u00e7\u00f5es de idade - evite plataformas de bate-papo com c\u00e2meras para adultos se tiver menos de 18 anos.<\/li>\n<\/ul>\n<h2>Como come\u00e7ar - passo a passo<\/h2>\n<p>Leva menos de um minuto para iniciar um bate-papo com c\u00e2mera:<\/p>\n<ol>\n<li>Abra o StrangerCam em seu dispositivo.<\/li>\n<li>Permita o acesso \u00e0 c\u00e2mera e ao microfone.<\/li>\n<li>Escolha prefer\u00eancias (como filtros de g\u00eanero).<\/li>\n<li>Clique em Start Chat para se conectar instantaneamente.<\/li>\n<li>Pressione Next para continuar a qualquer momento.<\/li>\n<\/ol>\n<p>R\u00e1pido, simples e gratuito.<\/p>\n<h2>Considera\u00e7\u00f5es finais - Experimente o bate-papo gratuito com c\u00e2meras hoje mesmo<\/h2>\n<p>Em 2025, o bate-papo com c\u00e2mera ainda \u00e9 uma das maneiras mais interessantes e aut\u00eanticas de conhecer novas pessoas on-line. \u00c9 divertido, espont\u00e2neo e conecta voc\u00ea com estranhos de todo o mundo instantaneamente.<\/p>\n<p>Mas nem todas as plataformas cumprem o que prometem - algumas escondem recursos atr\u00e1s de paywalls ou inundam seus sites com bots. \u00c9 por isso que a StrangerCam \u00e9 a melhor op\u00e7\u00e3o: \u00e9 gratuita, an\u00f4nima, segura e sempre ativa com usu\u00e1rios reais prontos para conversar.<\/p>\n<p>Pronto para experimentar? Inicie um bate-papo gratuito com c\u00e2mera hoje mesmo e descubra quem voc\u00ea conhecer\u00e1 em seguida.<\/p>","protected":false},"excerpt":{"rendered":"<p>Looking for the best place to enjoy cam chat? You\u2019re not alone. Every day, millions of people around the world use cam chat platforms to meet new people, have fun conversations, and make spontaneous connections online. Unlike dating apps or social networks that require endless scrolling or swiping, cam chat is instant, real, and exciting\u2014you [&hellip;]<\/p>\n","protected":false},"author":8,"featured_media":0,"parent":0,"menu_order":0,"comment_status":"closed","ping_status":"closed","template":"","meta":{"footnotes":""},"class_list":["post-4073","page","type-page","status-publish","hentry"],"yoast_head":"<!-- This site is optimized with the Yoast SEO plugin v27.4 - https:\/\/yoast.com\/product\/yoast-seo-wordpress\/ -->\n<title>Cam Chat with Video Chat on Strangercam.com<\/title>\n<meta name=\"description\" content=\"Liking Cam Chat? Join millions on StrangerCam.com! Start a random video chat, turn on your cam, and meet strangers instantly.\" \/>\n<meta name=\"robots\" content=\"index, follow, max-snippet:-1, max-image-preview:large, max-video-preview:-1\" \/>\n<link rel=\"canonical\" href=\"https:\/\/strangercam.com\/pt-br\/bate-papo-com-camera\/\" \/>\n<meta property=\"og:locale\" content=\"pt_BR\" \/>\n<meta property=\"og:type\" content=\"article\" \/>\n<meta property=\"og:title\" content=\"Cam Chat with Video Chat on Strangercam.com\" \/>\n<meta property=\"og:description\" content=\"Liking Cam Chat? Join millions on StrangerCam.com! Start a random video chat, turn on your cam, and meet strangers instantly.\" \/>\n<meta property=\"og:url\" content=\"https:\/\/strangercam.com\/pt-br\/bate-papo-com-camera\/\" \/>\n<meta property=\"og:site_name\" content=\"Strangercam\" \/>\n<meta property=\"article:publisher\" content=\"https:\/\/www.facebook.com\/strangercam\" \/>\n<meta property=\"article:modified_time\" content=\"2025-09-03T11:47:51+00:00\" \/>\n<meta property=\"og:image\" content=\"https:\/\/strangercam.com\/wp-content\/uploads\/2021\/10\/Untitled-2.png\" \/>\n\t<meta property=\"og:image:width\" content=\"800\" \/>\n\t<meta property=\"og:image:height\" content=\"532\" \/>\n\t<meta property=\"og:image:type\" content=\"image\/png\" \/>\n<meta name=\"twitter:card\" content=\"summary_large_image\" \/>\n<meta name=\"twitter:site\" content=\"@strangercamapp\" \/>\n<meta name=\"twitter:label1\" content=\"Est. tempo de leitura\" \/>\n\t<meta name=\"twitter:data1\" content=\"5 minutos\" \/>\n<script type=\"application\/ld+json\" class=\"yoast-schema-graph\">{\"@context\":\"https:\\\/\\\/schema.org\",\"@graph\":[{\"@type\":\"WebPage\",\"@id\":\"https:\\\/\\\/strangercam.com\\\/cam-chat\\\/\",\"url\":\"https:\\\/\\\/strangercam.com\\\/cam-chat\\\/\",\"name\":\"Cam Chat with Video Chat on Strangercam.com\",\"isPartOf\":{\"@id\":\"https:\\\/\\\/strangercam.com\\\/#website\"},\"datePublished\":\"2025-09-03T09:52:49+00:00\",\"dateModified\":\"2025-09-03T11:47:51+00:00\",\"description\":\"Liking Cam Chat? Join millions on StrangerCam.com! Start a random video chat, turn on your cam, and meet strangers instantly.\",\"breadcrumb\":{\"@id\":\"https:\\\/\\\/strangercam.com\\\/cam-chat\\\/#breadcrumb\"},\"inLanguage\":\"pt-BR\",\"potentialAction\":[{\"@type\":\"ReadAction\",\"target\":[\"https:\\\/\\\/strangercam.com\\\/cam-chat\\\/\"]}]},{\"@type\":\"BreadcrumbList\",\"@id\":\"https:\\\/\\\/strangercam.com\\\/cam-chat\\\/#breadcrumb\",\"itemListElement\":[{\"@type\":\"ListItem\",\"position\":1,\"name\":\"Home\",\"item\":\"https:\\\/\\\/strangercam.com\\\/\"},{\"@type\":\"ListItem\",\"position\":2,\"name\":\"Cam Chat\"}]},{\"@type\":\"WebSite\",\"@id\":\"https:\\\/\\\/strangercam.com\\\/#website\",\"url\":\"https:\\\/\\\/strangercam.com\\\/\",\"name\":\"Strangercam\",\"description\":\"Random Video Chat with Strangers\",\"publisher\":{\"@id\":\"https:\\\/\\\/strangercam.com\\\/#organization\"},\"alternateName\":\"Strangercam.com\",\"potentialAction\":[{\"@type\":\"SearchAction\",\"target\":{\"@type\":\"EntryPoint\",\"urlTemplate\":\"https:\\\/\\\/strangercam.com\\\/?s={search_term_string}\"},\"query-input\":{\"@type\":\"PropertyValueSpecification\",\"valueRequired\":true,\"valueName\":\"search_term_string\"}}],\"inLanguage\":\"pt-BR\"},{\"@type\":\"Organization\",\"@id\":\"https:\\\/\\\/strangercam.com\\\/#organization\",\"name\":\"Strangercam\",\"alternateName\":\"Strangercam.com\",\"url\":\"https:\\\/\\\/strangercam.com\\\/\",\"logo\":{\"@type\":\"ImageObject\",\"inLanguage\":\"pt-BR\",\"@id\":\"https:\\\/\\\/strangercam.com\\\/#\\\/schema\\\/logo\\\/image\\\/\",\"url\":\"https:\\\/\\\/strangercam.com\\\/wp-content\\\/uploads\\\/2020\\\/11\\\/cropped-new-favicon-black.png\",\"contentUrl\":\"https:\\\/\\\/strangercam.com\\\/wp-content\\\/uploads\\\/2020\\\/11\\\/cropped-new-favicon-black.png\",\"width\":512,\"height\":512,\"caption\":\"Strangercam\"},\"image\":{\"@id\":\"https:\\\/\\\/strangercam.com\\\/#\\\/schema\\\/logo\\\/image\\\/\"},\"sameAs\":[\"https:\\\/\\\/www.facebook.com\\\/strangercam\",\"https:\\\/\\\/x.com\\\/strangercamapp\"]}]}<\/script>\n<!-- \/ Yoast SEO plugin. -->","yoast_head_json":{"title":"Bate-papo por c\u00e2mera com bate-papo por v\u00eddeo em Strangercam.com","description":"Gosta de bate-papo com c\u00e2meras? Join milh\u00f5es em StrangerCam.com! Inicie um bate-papo por v\u00eddeo aleat\u00f3rio, ligue sua c\u00e2mera e conhe\u00e7a estranhos instantaneamente.","robots":{"index":"index","follow":"follow","max-snippet":"max-snippet:-1","max-image-preview":"max-image-preview:large","max-video-preview":"max-video-preview:-1"},"canonical":"https:\/\/strangercam.com\/pt-br\/bate-papo-com-camera\/","og_locale":"pt_BR","og_type":"article","og_title":"Cam Chat with Video Chat on Strangercam.com","og_description":"Liking Cam Chat? Join millions on StrangerCam.com! Start a random video chat, turn on your cam, and meet strangers instantly.","og_url":"https:\/\/strangercam.com\/pt-br\/bate-papo-com-camera\/","og_site_name":"Strangercam","article_publisher":"https:\/\/www.facebook.com\/strangercam","article_modified_time":"2025-09-03T11:47:51+00:00","og_image":[{"width":800,"height":532,"url":"https:\/\/strangercam.com\/wp-content\/uploads\/2021\/10\/Untitled-2.png","type":"image\/png"}],"twitter_card":"summary_large_image","twitter_site":"@strangercamapp","twitter_misc":{"Est. tempo de leitura":"5 minutos"},"schema":{"@context":"https:\/\/schema.org","@graph":[{"@type":"WebPage","@id":"https:\/\/strangercam.com\/cam-chat\/","url":"https:\/\/strangercam.com\/cam-chat\/","name":"Bate-papo por c\u00e2mera com bate-papo por v\u00eddeo em Strangercam.com","isPartOf":{"@id":"https:\/\/strangercam.com\/#website"},"datePublished":"2025-09-03T09:52:49+00:00","dateModified":"2025-09-03T11:47:51+00:00","description":"Gosta de bate-papo com c\u00e2meras? Join milh\u00f5es em StrangerCam.com! Inicie um bate-papo por v\u00eddeo aleat\u00f3rio, ligue sua c\u00e2mera e conhe\u00e7a estranhos instantaneamente.","breadcrumb":{"@id":"https:\/\/strangercam.com\/cam-chat\/#breadcrumb"},"inLanguage":"pt-BR","potentialAction":[{"@type":"ReadAction","target":["https:\/\/strangercam.com\/cam-chat\/"]}]},{"@type":"BreadcrumbList","@id":"https:\/\/strangercam.com\/cam-chat\/#breadcrumb","itemListElement":[{"@type":"ListItem","position":1,"name":"Home","item":"https:\/\/strangercam.com\/"},{"@type":"ListItem","position":2,"name":"Cam Chat"}]},{"@type":"WebSite","@id":"https:\/\/strangercam.com\/#website","url":"https:\/\/strangercam.com\/","name":"Strangercam","description":"Bate-papo por v\u00eddeo aleat\u00f3rio com estranhos","publisher":{"@id":"https:\/\/strangercam.com\/#organization"},"alternateName":"Strangercam.com","potentialAction":[{"@type":"SearchAction","target":{"@type":"EntryPoint","urlTemplate":"https:\/\/strangercam.com\/?s={search_term_string}"},"query-input":{"@type":"PropertyValueSpecification","valueRequired":true,"valueName":"search_term_string"}}],"inLanguage":"pt-BR"},{"@type":"Organization","@id":"https:\/\/strangercam.com\/#organization","name":"Strangercam","alternateName":"Strangercam.com","url":"https:\/\/strangercam.com\/","logo":{"@type":"ImageObject","inLanguage":"pt-BR","@id":"https:\/\/strangercam.com\/#\/schema\/logo\/image\/","url":"https:\/\/strangercam.com\/wp-content\/uploads\/2020\/11\/cropped-new-favicon-black.png","contentUrl":"https:\/\/strangercam.com\/wp-content\/uploads\/2020\/11\/cropped-new-favicon-black.png","width":512,"height":512,"caption":"Strangercam"},"image":{"@id":"https:\/\/strangercam.com\/#\/schema\/logo\/image\/"},"sameAs":["https:\/\/www.facebook.com\/strangercam","https:\/\/x.com\/strangercamapp"]}]}},"_links":{"self":[{"href":"https:\/\/strangercam.com\/pt-br\/wp-json\/wp\/v2\/pages\/4073","targetHints":{"allow":["GET"]}}],"collection":[{"href":"https:\/\/strangercam.com\/pt-br\/wp-json\/wp\/v2\/pages"}],"about":[{"href":"https:\/\/strangercam.com\/pt-br\/wp-json\/wp\/v2\/types\/page"}],"author":[{"embeddable":true,"href":"https:\/\/strangercam.com\/pt-br\/wp-json\/wp\/v2\/users\/8"}],"replies":[{"embeddable":true,"href":"https:\/\/strangercam.com\/pt-br\/wp-json\/wp\/v2\/comments?post=4073"}],"version-history":[{"count":3,"href":"https:\/\/strangercam.com\/pt-br\/wp-json\/wp\/v2\/pages\/4073\/revisions"}],"predecessor-version":[{"id":13003,"href":"https:\/\/strangercam.com\/pt-br\/wp-json\/wp\/v2\/pages\/4073\/revisions\/13003"}],"wp:attachment":[{"href":"https:\/\/strangercam.com\/pt-br\/wp-json\/wp\/v2\/media?parent=4073"}],"curies":[{"name":"wp","href":"https:\/\/api.w.org\/{rel}","templated":true}]}}