{"id":4056,"date":"2025-09-03T11:50:30","date_gmt":"2025-09-03T09:50:30","guid":{"rendered":"https:\/\/strangercam.com\/?page_id=4056"},"modified":"2025-09-03T13:46:31","modified_gmt":"2025-09-03T11:46:31","slug":"bate-papo-por-video-com-estranhos","status":"publish","type":"page","link":"https:\/\/strangercam.com\/pt-br\/stranger-video-chat\/","title":{"rendered":"Bate-papo por v\u00eddeo com estranhos"},"content":{"rendered":"<p>Voc\u00ea est\u00e1 procurando a melhor maneira de curtir um v\u00eddeo de um estranho? <a href=\"https:\/\/strangercam.com\/pt-br\/chathub\/\">bate-papo<\/a>? Voc\u00ea n\u00e3o \u00e9 o \u00fanico. Todos os dias, milh\u00f5es de pessoas recorrem a plataformas de bate-papo com v\u00eddeo ao vivo para se conectar com estranhos instantaneamente. Ao contr\u00e1rio dos aplicativos de namoro ou das redes sociais, que muitas vezes parecem encenados ou demorados, o bate-papo por v\u00eddeo com estranhos \u00e9 espont\u00e2neo, aut\u00eantico e real.<\/p>\n<p>Com plataformas modernas como a StrangerCam, voc\u00ea pode iniciar um bate-papo por v\u00eddeo com estranhos agora mesmo, sem inscri\u00e7\u00e3o, sem downloads e sem taxas ocultas. Se voc\u00ea quiser fazer novos amigos, paquerar, praticar um idioma ou apenas curar o t\u00e9dio, o bate-papo por v\u00eddeo com estranhos \u00e9 uma das experi\u00eancias on-line mais empolgantes e imprevis\u00edveis em 2025.<\/p>\n<p>Este guia o orientar\u00e1 em tudo o que voc\u00ea precisa saber: o que \u00e9 o bate-papo por v\u00eddeo com estranhos, por que ele \u00e9 popular, como funciona, quais recursos s\u00e3o mais importantes, uma compara\u00e7\u00e3o das principais plataformas, dicas de seguran\u00e7a e por que o StrangerCam \u00e9 uma das melhores op\u00e7\u00f5es dispon\u00edveis atualmente.<\/p>\n<h2>O que \u00e9 o Stranger Video Chat?<\/h2>\n<p>O bate-papo por v\u00eddeo com estranhos \u00e9 um servi\u00e7o on-line que permite que voc\u00ea se conecte instantaneamente com pessoas aleat\u00f3rias por meio de chamadas de v\u00eddeo ao vivo usando sua webcam e microfone. O aspecto \"estranho\" significa que voc\u00ea n\u00e3o sabe quem vai conhecer at\u00e9 que a conex\u00e3o seja feita.<\/p>\n<p>Ao contr\u00e1rio das salas de bate-papo com texto, as chamadas com v\u00eddeo oferecem uma experi\u00eancia mais genu\u00edna porque voc\u00ea pode ver e ouvir a pessoa em tempo real. Se voc\u00ea n\u00e3o gostar do bate-papo, basta clicar em Next (Pr\u00f3ximo) para ser emparelhado com outra pessoa instantaneamente.<\/p>\n<h2>Por que as pessoas adoram o bate-papo por v\u00eddeo gratuito com estranhos<\/h2>\n<p>A popularidade do bate-papo por v\u00eddeo gratuito com estranhos se deve a v\u00e1rios motivos importantes:<\/p>\n<ul>\n<li>Espontaneidade: cada bate-papo \u00e9 diferente e imprevis\u00edvel.<\/li>\n<li>Autenticidade: O v\u00eddeo prova que a pessoa \u00e9 real, e n\u00e3o um bot ou uma conta falsa.<\/li>\n<li>Sem compromisso: Sem contas, sem downloads - apenas bate-papos instant\u00e2neos.<\/li>\n<li>Alcance global: Conhe\u00e7a estranhos de todo o mundo a qualquer momento.<\/li>\n<li>Entretenimento: \u00d3timo para passar o tempo, fazer amigos ou flertar com leveza.<\/li>\n<li>Gratifica\u00e7\u00e3o instant\u00e2nea: N\u00e3o \u00e9 preciso esperar por respostas - as conex\u00f5es s\u00e3o instant\u00e2neas.<\/li>\n<\/ul>\n<h2>Como funciona o bate-papo por v\u00eddeo com estranhos?<\/h2>\n<p>Come\u00e7ar a usar um bate-papo por v\u00eddeo com estranhos \u00e9 f\u00e1cil:<\/p>\n<ol>\n<li>Abra a plataforma em seu telefone ou computador.<\/li>\n<li>Permita o acesso \u00e0 c\u00e2mera e ao microfone.<\/li>\n<li>Clique em \"Iniciar bate-papo\".<\/li>\n<li>Converse cara a cara com um estranho aleat\u00f3rio instantaneamente.<\/li>\n<li>Clique em \"Next\" a qualquer momento para passar para outra pessoa.<\/li>\n<\/ol>\n<p>Algumas plataformas tamb\u00e9m oferecem recursos avan\u00e7ados, como filtros de g\u00eanero, prefer\u00eancias de local e tradu\u00e7\u00f5es no chat.<\/p>\n<h2>Principais recursos a serem observados<\/h2>\n<p>Nem todas as plataformas de bate-papo com v\u00eddeo para estranhos s\u00e3o iguais. Aqui est\u00e1 o que voc\u00ea deve procurar:<\/p>\n<h3>1. Acesso gratuito sem truques<\/h3>\n<p>Algumas plataformas se anunciam como gratuitas, mas bloqueiam os principais recursos por meio de paywalls. Escolha um site que ofere\u00e7a uso gratuito ilimitado.<\/p>\n<h3>2. N\u00e3o \u00e9 necess\u00e1rio registrar-se<\/h3>\n<p>Mantenha-se an\u00f4nimo e converse instantaneamente sem criar uma conta.<\/p>\n<h3>3. Filtros de g\u00eanero e localiza\u00e7\u00e3o<\/h3>\n<p>\u00datil para encontrar o tipo de pessoa com quem voc\u00ea deseja conversar.<\/p>\n<h3>4. Forte modera\u00e7\u00e3o<\/h3>\n<p>As plataformas com ferramentas de relat\u00f3rio e modera\u00e7\u00e3o garantem uma experi\u00eancia mais segura.<\/p>\n<h3>5. Design compat\u00edvel com dispositivos m\u00f3veis<\/h3>\n<p>Voc\u00ea deve poder conversar sem problemas tanto no desktop quanto no celular.<\/p>\n<h3>6. V\u00eddeo e \u00e1udio de alta qualidade<\/h3>\n<p>Conex\u00f5es claras e confi\u00e1veis tornam as conversas agrad\u00e1veis.<\/p>\n<h2>As melhores plataformas de bate-papo por v\u00eddeo para estranhos em 2025<\/h2>\n<p>Veja como as plataformas mais populares de bate-papo por v\u00eddeo com estranhos se comparam:<\/p>\n<table>\n<thead>\n<tr>\n<th>Plataforma<\/th>\n<th align=\"center\">Acesso gratuito<\/th>\n<th align=\"center\">Filtro de g\u00eanero<\/th>\n<th align=\"center\">Registro necess\u00e1rio<\/th>\n<th align=\"center\">Suporte m\u00f3vel<\/th>\n<th align=\"center\">Modera\u00e7\u00e3o<\/th>\n<th>Notas<\/th>\n<\/tr>\n<\/thead>\n<tbody>\n<tr>\n<td>StrangerCam<\/td>\n<td align=\"center\">\u2705<\/td>\n<td align=\"center\">\u2705 (Gratuito)<\/td>\n<td align=\"center\">\u274c<\/td>\n<td align=\"center\">\u2705<\/td>\n<td align=\"center\">\u2705<\/td>\n<td>A melhor op\u00e7\u00e3o geral, ilimitada e segura<\/td>\n<\/tr>\n<tr>\n<td><a href=\"https:\/\/strangercam.com\/pt-br\/chatroulette\/\">Chatroulette<\/a><\/td>\n<td align=\"center\">\u2705<\/td>\n<td align=\"center\">\u274c (Pago)<\/td>\n<td align=\"center\">\u274c<\/td>\n<td align=\"center\">\u2705<\/td>\n<td align=\"center\">\u2705<\/td>\n<td>Plataforma cl\u00e1ssica, mas com custo de filtros<\/td>\n<\/tr>\n<tr>\n<td>Chatrandom<\/td>\n<td align=\"center\">\u2705<\/td>\n<td align=\"center\">\u274c (Pago)<\/td>\n<td align=\"center\">\u274c<\/td>\n<td align=\"center\">\u2705<\/td>\n<td align=\"center\">\u2705<\/td>\n<td>Grande base de usu\u00e1rios, atualiza\u00e7\u00f5es necess\u00e1rias<\/td>\n<\/tr>\n<tr>\n<td><a href=\"https:\/\/strangercam.com\/pt-br\/ometv\/\">OmeTV<\/a><\/td>\n<td align=\"center\">\u2705<\/td>\n<td align=\"center\">\u274c<\/td>\n<td align=\"center\">\u274c<\/td>\n<td align=\"center\">\u2705<\/td>\n<td align=\"center\">\u2705<\/td>\n<td>Somente aleat\u00f3rio, aplicativo m\u00f3vel dispon\u00edvel<\/td>\n<\/tr>\n<tr>\n<td>Shagle<\/td>\n<td align=\"center\">\u2705<\/td>\n<td align=\"center\">\u274c (Pago)<\/td>\n<td align=\"center\">\u274c<\/td>\n<td align=\"center\">\u2705<\/td>\n<td align=\"center\">\u2705<\/td>\n<td>Muitos recursos s\u00e3o pagos<\/td>\n<\/tr>\n<tr>\n<td><a href=\"https:\/\/strangercam.com\/pt-br\/coomeet\/\">CooMeet<\/a><\/td>\n<td align=\"center\">\u274c (Teste)<\/td>\n<td align=\"center\">\u2705<\/td>\n<td align=\"center\">\u2705<\/td>\n<td align=\"center\">\u2705<\/td>\n<td align=\"center\">\u2705<\/td>\n<td>Pago ap\u00f3s um breve per\u00edodo de teste<\/td>\n<\/tr>\n<tr>\n<td>LuckyCrush<\/td>\n<td align=\"center\">\u274c<\/td>\n<td align=\"center\">\u2705<\/td>\n<td align=\"center\">\u2705<\/td>\n<td align=\"center\">\u2705<\/td>\n<td align=\"center\">\u2705<\/td>\n<td>Sempre pago, correspond\u00eancia baseada em g\u00eanero<\/td>\n<\/tr>\n<\/tbody>\n<\/table>\n<p>A StrangerCam se destaca como uma das \u00fanicas plataformas que oferece bate-papo por v\u00eddeo gratuito com estranhos, com um filtro de g\u00eanero ativo, sem registro e com uso ilimitado.<\/p>\n<h2>Por que a StrangerCam \u00e9 a melhor op\u00e7\u00e3o<\/h2>\n<p>Veja por que a StrangerCam \u00e9 uma das principais op\u00e7\u00f5es para bate-papo por v\u00eddeo com estranhos em 2025:<\/p>\n<h3>1. 100% Gr\u00e1tis<\/h3>\n<p>Chats ilimitados, sem custos ocultos.<\/p>\n<h3>2. Filtro de g\u00eanero gratuito<\/h3>\n<p>Conhe\u00e7a rapazes, mo\u00e7as ou ambos sem pagar nada a mais.<\/p>\n<h3>3. N\u00e3o \u00e9 necess\u00e1rio registrar-se<\/h3>\n<p>Permane\u00e7a an\u00f4nimo e conecte-se instantaneamente.<\/p>\n<h3>4. Seguro e moderado<\/h3>\n<p>A modera\u00e7\u00e3o robusta garante um ambiente limpo e amig\u00e1vel.<\/p>\n<h3>5. Base de usu\u00e1rios global<\/h3>\n<p>Conhe\u00e7a pessoas de mais de 100 pa\u00edses, 24 horas por dia, 7 dias por semana.<\/p>\n<h3>6. Funciona em qualquer lugar<\/h3>\n<p>Otimizado para celular, tablet e desktop.<\/p>\n<h2>Depoimentos reais de usu\u00e1rios<\/h2>\n<blockquote><p><em>\"Eu s\u00f3 queria um bate-papo por v\u00eddeo com estranhos que n\u00e3o me obrigasse a pagar. O StrangerCam foi o primeiro site que era realmente gratuito.\"<\/em><br \/>\n- Liam, 25 anos<\/p><\/blockquote>\n<blockquote><p><em>\"O filtro de g\u00eanero \u00e9 gratuito e funciona perfeitamente. Outros sites sempre tentam cobrar por isso.\"<\/em><br \/>\n- Sophia, 23 anos<\/p><\/blockquote>\n<blockquote><p><em>\"Conectei-me com pessoas de cinco pa\u00edses diferentes em uma noite. \u00c9 viciante, mas muito divertido.\"<\/em><br \/>\n- Ryan, 30 anos<\/p><\/blockquote>\n<blockquote><p><em>\"Parece mais seguro do que outros sites de bate-papo aleat\u00f3rios que experimentei. O StrangerCam tem melhor modera\u00e7\u00e3o e uma vibra\u00e7\u00e3o amig\u00e1vel.\"<\/em><br \/>\n- Emma, 21 anos<\/p><\/blockquote>\n<h2>Dicas de seguran\u00e7a para bate-papo por v\u00eddeo com estranhos<\/h2>\n<p>Embora os bate-papos por v\u00eddeo com estranhos sejam divertidos, sempre priorize a seguran\u00e7a:<\/p>\n<ul>\n<li>N\u00e3o compartilhe detalhes pessoais (telefone, e-mail, endere\u00e7o).<\/li>\n<li>Ignore ou bloqueie qualquer pessoa que o deixe desconfort\u00e1vel.<\/li>\n<li>Evite clicar em links suspeitos.<\/li>\n<li>Verifique o plano de fundo da webcam antes de iniciar uma chamada.<\/li>\n<li>Use ferramentas de relat\u00f3rio, se necess\u00e1rio.<\/li>\n<li>Respeite as regras de idade - se tiver menos de 18 anos, evite plataformas de bate-papo para adultos.<\/li>\n<\/ul>\n<h2>Como come\u00e7ar - passo a passo<\/h2>\n<p>Leva menos de um minuto para iniciar um bate-papo por v\u00eddeo com um estranho:<\/p>\n<ol>\n<li>Abra o StrangerCam em seu dispositivo.<\/li>\n<li>Permita o acesso \u00e0 c\u00e2mera e ao microfone.<\/li>\n<li>Selecione prefer\u00eancias (como filtros de g\u00eanero).<\/li>\n<li>Clique em Start Chat para se conectar instantaneamente.<\/li>\n<li>Pressione Next a qualquer momento para uma nova conversa.<\/li>\n<\/ol>\n<p>Simples, r\u00e1pido e totalmente gratuito.<\/p>\n<h2>Considera\u00e7\u00f5es finais - Experimente hoje mesmo o bate-papo por v\u00eddeo com estranhos gratuito<\/h2>\n<p>Em 2025, o bate-papo por v\u00eddeo com desconhecidos \u00e9 uma das formas mais interessantes e aut\u00eanticas de conhecer novas pessoas on-line. \u00c9 espont\u00e2neo, divertido e oferece conex\u00f5es instant\u00e2neas com pessoas reais em todo o mundo.<\/p>\n<p>Nem todas as plataformas oferecem resultados - muitas escondem filtros atr\u00e1s de paywalls ou est\u00e3o cheias de bots. \u00c9 por isso que a StrangerCam \u00e9 a melhor op\u00e7\u00e3o: \u00e9 gratuita, an\u00f4nima, segura e ativa 24 horas por dia, 7 dias por semana, com pessoas prontas para conversar.<\/p>\n<p>Pronto para experimentar? Inicie um bate-papo por v\u00eddeo gratuito com estranhos hoje mesmo e veja quem voc\u00ea conhecer\u00e1 em seguida.<\/p>","protected":false},"excerpt":{"rendered":"<p>Are you searching for the best way to enjoy a stranger video chat? You\u2019re not the only one. Every day, millions of people turn to live video chat platforms to connect with strangers instantly. Unlike dating apps or social networks, which often feel staged or take time, stranger video chat is spontaneous, authentic, and real. [&hellip;]<\/p>\n","protected":false},"author":8,"featured_media":0,"parent":0,"menu_order":0,"comment_status":"closed","ping_status":"closed","template":"","meta":{"footnotes":""},"class_list":["post-4056","page","type-page","status-publish","hentry"],"yoast_head":"<!-- This site is optimized with the Yoast SEO plugin v27.4 - https:\/\/yoast.com\/product\/yoast-seo-wordpress\/ -->\n<title>Stranger Video Chat with Video Chat on Strangercam.com<\/title>\n<meta name=\"description\" content=\"Liking Stranger Video Chat? Join millions on StrangerCam.com! Start a random video chat, turn on your cam, and meet strangers instantly.\" \/>\n<meta name=\"robots\" content=\"index, follow, max-snippet:-1, max-image-preview:large, max-video-preview:-1\" \/>\n<link rel=\"canonical\" href=\"https:\/\/strangercam.com\/pt-br\/bate-papo-por-video-com-estranhos\/\" \/>\n<meta property=\"og:locale\" content=\"pt_BR\" \/>\n<meta property=\"og:type\" content=\"article\" \/>\n<meta property=\"og:title\" content=\"Stranger Video Chat with Video Chat on Strangercam.com\" \/>\n<meta property=\"og:description\" content=\"Liking Stranger Video Chat? Join millions on StrangerCam.com! Start a random video chat, turn on your cam, and meet strangers instantly.\" \/>\n<meta property=\"og:url\" content=\"https:\/\/strangercam.com\/pt-br\/bate-papo-por-video-com-estranhos\/\" \/>\n<meta property=\"og:site_name\" content=\"Strangercam\" \/>\n<meta property=\"article:publisher\" content=\"https:\/\/www.facebook.com\/strangercam\" \/>\n<meta property=\"article:modified_time\" content=\"2025-09-03T11:46:31+00:00\" \/>\n<meta property=\"og:image\" content=\"https:\/\/strangercam.com\/wp-content\/uploads\/2021\/10\/Untitled-2.png\" \/>\n\t<meta property=\"og:image:width\" content=\"800\" \/>\n\t<meta property=\"og:image:height\" content=\"532\" \/>\n\t<meta property=\"og:image:type\" content=\"image\/png\" \/>\n<meta name=\"twitter:card\" content=\"summary_large_image\" \/>\n<meta name=\"twitter:site\" content=\"@strangercamapp\" \/>\n<meta name=\"twitter:label1\" content=\"Est. tempo de leitura\" \/>\n\t<meta name=\"twitter:data1\" content=\"4 minutos\" \/>\n<script type=\"application\/ld+json\" class=\"yoast-schema-graph\">{\"@context\":\"https:\\\/\\\/schema.org\",\"@graph\":[{\"@type\":\"WebPage\",\"@id\":\"https:\\\/\\\/strangercam.com\\\/stranger-video-chat\\\/\",\"url\":\"https:\\\/\\\/strangercam.com\\\/stranger-video-chat\\\/\",\"name\":\"Stranger Video Chat with Video Chat on Strangercam.com\",\"isPartOf\":{\"@id\":\"https:\\\/\\\/strangercam.com\\\/#website\"},\"datePublished\":\"2025-09-03T09:50:30+00:00\",\"dateModified\":\"2025-09-03T11:46:31+00:00\",\"description\":\"Liking Stranger Video Chat? Join millions on StrangerCam.com! Start a random video chat, turn on your cam, and meet strangers instantly.\",\"breadcrumb\":{\"@id\":\"https:\\\/\\\/strangercam.com\\\/stranger-video-chat\\\/#breadcrumb\"},\"inLanguage\":\"pt-BR\",\"potentialAction\":[{\"@type\":\"ReadAction\",\"target\":[\"https:\\\/\\\/strangercam.com\\\/stranger-video-chat\\\/\"]}]},{\"@type\":\"BreadcrumbList\",\"@id\":\"https:\\\/\\\/strangercam.com\\\/stranger-video-chat\\\/#breadcrumb\",\"itemListElement\":[{\"@type\":\"ListItem\",\"position\":1,\"name\":\"Home\",\"item\":\"https:\\\/\\\/strangercam.com\\\/\"},{\"@type\":\"ListItem\",\"position\":2,\"name\":\"Stranger Video Chat\"}]},{\"@type\":\"WebSite\",\"@id\":\"https:\\\/\\\/strangercam.com\\\/#website\",\"url\":\"https:\\\/\\\/strangercam.com\\\/\",\"name\":\"Strangercam\",\"description\":\"Random Video Chat with Strangers\",\"publisher\":{\"@id\":\"https:\\\/\\\/strangercam.com\\\/#organization\"},\"alternateName\":\"Strangercam.com\",\"potentialAction\":[{\"@type\":\"SearchAction\",\"target\":{\"@type\":\"EntryPoint\",\"urlTemplate\":\"https:\\\/\\\/strangercam.com\\\/?s={search_term_string}\"},\"query-input\":{\"@type\":\"PropertyValueSpecification\",\"valueRequired\":true,\"valueName\":\"search_term_string\"}}],\"inLanguage\":\"pt-BR\"},{\"@type\":\"Organization\",\"@id\":\"https:\\\/\\\/strangercam.com\\\/#organization\",\"name\":\"Strangercam\",\"alternateName\":\"Strangercam.com\",\"url\":\"https:\\\/\\\/strangercam.com\\\/\",\"logo\":{\"@type\":\"ImageObject\",\"inLanguage\":\"pt-BR\",\"@id\":\"https:\\\/\\\/strangercam.com\\\/#\\\/schema\\\/logo\\\/image\\\/\",\"url\":\"https:\\\/\\\/strangercam.com\\\/wp-content\\\/uploads\\\/2020\\\/11\\\/cropped-new-favicon-black.png\",\"contentUrl\":\"https:\\\/\\\/strangercam.com\\\/wp-content\\\/uploads\\\/2020\\\/11\\\/cropped-new-favicon-black.png\",\"width\":512,\"height\":512,\"caption\":\"Strangercam\"},\"image\":{\"@id\":\"https:\\\/\\\/strangercam.com\\\/#\\\/schema\\\/logo\\\/image\\\/\"},\"sameAs\":[\"https:\\\/\\\/www.facebook.com\\\/strangercam\",\"https:\\\/\\\/x.com\\\/strangercamapp\"]}]}<\/script>\n<!-- \/ Yoast SEO plugin. -->","yoast_head_json":{"title":"Bate-papo por v\u00eddeo com estranhos no Strangercam.com","description":"Est\u00e1 gostando do Stranger Video Chat? Join milh\u00f5es em StrangerCam.com! Inicie um bate-papo por v\u00eddeo aleat\u00f3rio, ligue sua c\u00e2mera e conhe\u00e7a estranhos instantaneamente.","robots":{"index":"index","follow":"follow","max-snippet":"max-snippet:-1","max-image-preview":"max-image-preview:large","max-video-preview":"max-video-preview:-1"},"canonical":"https:\/\/strangercam.com\/pt-br\/bate-papo-por-video-com-estranhos\/","og_locale":"pt_BR","og_type":"article","og_title":"Stranger Video Chat with Video Chat on Strangercam.com","og_description":"Liking Stranger Video Chat? Join millions on StrangerCam.com! Start a random video chat, turn on your cam, and meet strangers instantly.","og_url":"https:\/\/strangercam.com\/pt-br\/bate-papo-por-video-com-estranhos\/","og_site_name":"Strangercam","article_publisher":"https:\/\/www.facebook.com\/strangercam","article_modified_time":"2025-09-03T11:46:31+00:00","og_image":[{"width":800,"height":532,"url":"https:\/\/strangercam.com\/wp-content\/uploads\/2021\/10\/Untitled-2.png","type":"image\/png"}],"twitter_card":"summary_large_image","twitter_site":"@strangercamapp","twitter_misc":{"Est. tempo de leitura":"4 minutos"},"schema":{"@context":"https:\/\/schema.org","@graph":[{"@type":"WebPage","@id":"https:\/\/strangercam.com\/stranger-video-chat\/","url":"https:\/\/strangercam.com\/stranger-video-chat\/","name":"Bate-papo por v\u00eddeo com estranhos no Strangercam.com","isPartOf":{"@id":"https:\/\/strangercam.com\/#website"},"datePublished":"2025-09-03T09:50:30+00:00","dateModified":"2025-09-03T11:46:31+00:00","description":"Est\u00e1 gostando do Stranger Video Chat? Join milh\u00f5es em StrangerCam.com! Inicie um bate-papo por v\u00eddeo aleat\u00f3rio, ligue sua c\u00e2mera e conhe\u00e7a estranhos instantaneamente.","breadcrumb":{"@id":"https:\/\/strangercam.com\/stranger-video-chat\/#breadcrumb"},"inLanguage":"pt-BR","potentialAction":[{"@type":"ReadAction","target":["https:\/\/strangercam.com\/stranger-video-chat\/"]}]},{"@type":"BreadcrumbList","@id":"https:\/\/strangercam.com\/stranger-video-chat\/#breadcrumb","itemListElement":[{"@type":"ListItem","position":1,"name":"Home","item":"https:\/\/strangercam.com\/"},{"@type":"ListItem","position":2,"name":"Stranger Video Chat"}]},{"@type":"WebSite","@id":"https:\/\/strangercam.com\/#website","url":"https:\/\/strangercam.com\/","name":"Strangercam","description":"Bate-papo por v\u00eddeo aleat\u00f3rio com estranhos","publisher":{"@id":"https:\/\/strangercam.com\/#organization"},"alternateName":"Strangercam.com","potentialAction":[{"@type":"SearchAction","target":{"@type":"EntryPoint","urlTemplate":"https:\/\/strangercam.com\/?s={search_term_string}"},"query-input":{"@type":"PropertyValueSpecification","valueRequired":true,"valueName":"search_term_string"}}],"inLanguage":"pt-BR"},{"@type":"Organization","@id":"https:\/\/strangercam.com\/#organization","name":"Strangercam","alternateName":"Strangercam.com","url":"https:\/\/strangercam.com\/","logo":{"@type":"ImageObject","inLanguage":"pt-BR","@id":"https:\/\/strangercam.com\/#\/schema\/logo\/image\/","url":"https:\/\/strangercam.com\/wp-content\/uploads\/2020\/11\/cropped-new-favicon-black.png","contentUrl":"https:\/\/strangercam.com\/wp-content\/uploads\/2020\/11\/cropped-new-favicon-black.png","width":512,"height":512,"caption":"Strangercam"},"image":{"@id":"https:\/\/strangercam.com\/#\/schema\/logo\/image\/"},"sameAs":["https:\/\/www.facebook.com\/strangercam","https:\/\/x.com\/strangercamapp"]}]}},"_links":{"self":[{"href":"https:\/\/strangercam.com\/pt-br\/wp-json\/wp\/v2\/pages\/4056","targetHints":{"allow":["GET"]}}],"collection":[{"href":"https:\/\/strangercam.com\/pt-br\/wp-json\/wp\/v2\/pages"}],"about":[{"href":"https:\/\/strangercam.com\/pt-br\/wp-json\/wp\/v2\/types\/page"}],"author":[{"embeddable":true,"href":"https:\/\/strangercam.com\/pt-br\/wp-json\/wp\/v2\/users\/8"}],"replies":[{"embeddable":true,"href":"https:\/\/strangercam.com\/pt-br\/wp-json\/wp\/v2\/comments?post=4056"}],"version-history":[{"count":3,"href":"https:\/\/strangercam.com\/pt-br\/wp-json\/wp\/v2\/pages\/4056\/revisions"}],"predecessor-version":[{"id":13001,"href":"https:\/\/strangercam.com\/pt-br\/wp-json\/wp\/v2\/pages\/4056\/revisions\/13001"}],"wp:attachment":[{"href":"https:\/\/strangercam.com\/pt-br\/wp-json\/wp\/v2\/media?parent=4056"}],"curies":[{"name":"wp","href":"https:\/\/api.w.org\/{rel}","templated":true}]}}