{"id":4039,"date":"2025-09-03T11:47:55","date_gmt":"2025-09-03T09:47:55","guid":{"rendered":"https:\/\/strangercam.com\/?page_id=4039"},"modified":"2025-09-03T13:44:58","modified_gmt":"2025-09-03T11:44:58","slug":"bate-papo-aleatorio-por-video-com-estranhos","status":"publish","type":"page","link":"https:\/\/strangercam.com\/pt-br\/random-video-chat-with-strangers\/","title":{"rendered":"Bate-papo por v\u00eddeo aleat\u00f3rio com estranhos"},"content":{"rendered":"<p>Voc\u00ea est\u00e1 procurando a melhor maneira de assistir a um v\u00eddeo aleat\u00f3rio? <a href=\"https:\/\/strangercam.com\/pt-br\/chathub\/\">bate-papo<\/a> com estranhos? Voc\u00ea n\u00e3o est\u00e1 sozinho. Todos os meses, milh\u00f5es de pessoas em todo o mundo acessam a Internet para se conectar instantaneamente com estranhos - seja por divers\u00e3o, amizade, interc\u00e2mbio cultural ou flerte leve. Ao contr\u00e1rio dos aplicativos de namoro ou da m\u00eddia social, que podem parecer lentos ou artificiais, o bate-papo por v\u00eddeo aleat\u00f3rio \u00e9 espont\u00e2neo, aut\u00eantico e empolgante.<\/p>\n<p>Gra\u00e7as a plataformas como a StrangerCam, voc\u00ea pode iniciar um bate-papo por v\u00eddeo aleat\u00f3rio gratuito com estranhos hoje mesmo - sem inscri\u00e7\u00f5es, sem downloads e sem custos ocultos. Com apenas um clique, voc\u00ea fica cara a cara com algu\u00e9m novo de qualquer lugar do mundo.<\/p>\n<p>Este guia o orientar\u00e1 em tudo o que voc\u00ea precisa saber: o que \u00e9 o bate-papo por v\u00eddeo aleat\u00f3rio com estranhos, por que as pessoas adoram, como funciona, quais recursos procurar, compara\u00e7\u00f5es de plataformas, dicas de seguran\u00e7a e por que a StrangerCam \u00e9 uma das melhores op\u00e7\u00f5es em 2025.<\/p>\n<h2>O que \u00e9 o bate-papo por v\u00eddeo aleat\u00f3rio com estranhos?<\/h2>\n<p>Um bate-papo por v\u00eddeo aleat\u00f3rio com estranhos \u00e9 um recurso on-line que conecta voc\u00ea instantaneamente a outras pessoas por meio de webcam e microfone. Ao contr\u00e1rio das salas de bate-papo somente de texto, o bate-papo por v\u00eddeo proporciona uma intera\u00e7\u00e3o ao vivo, face a face, tornando as conversas mais reais e envolventes.<\/p>\n<p>Voc\u00ea n\u00e3o precisa criar uma conta nem preencher um perfil. Basta clicar em \"Start\" (Iniciar) e, em segundos, voc\u00ea estar\u00e1 conversando com uma nova pessoa. Se n\u00e3o estiver gostando da conversa, clique em Next e voc\u00ea se conectar\u00e1 com outra pessoa instantaneamente.<\/p>\n<h2>Por que as pessoas adoram o bate-papo por v\u00eddeo aleat\u00f3rio gratuito com estranhos<\/h2>\n<p>A popularidade do bate-papo por v\u00eddeo aleat\u00f3rio gratuito com estranhos se deve a v\u00e1rios motivos principais:<\/p>\n<ul>\n<li>Espontaneidade: cada bate-papo \u00e9 diferente e imprevis\u00edvel.<\/li>\n<li>Autenticidade: O v\u00eddeo ao vivo garante que voc\u00ea se encontre com pessoas reais, n\u00e3o com bots.<\/li>\n<li>Sem compromisso: Sem contas, sem downloads - apenas conversas instant\u00e2neas.<\/li>\n<li>Alcance global: Conhe\u00e7a pessoas de dezenas de pa\u00edses em tempo real.<\/li>\n<li>Amizade e divers\u00e3o: Alguns usam para fazer amigos; outros, para flertar ou se divertir casualmente.<\/li>\n<li>Fuga r\u00e1pida do t\u00e9dio: Perfeito quando voc\u00ea quer quebrar sua rotina.<\/li>\n<\/ul>\n<h2>Como funciona o bate-papo por v\u00eddeo aleat\u00f3rio com estranhos?<\/h2>\n<p>Come\u00e7ar \u00e9 simples e r\u00e1pido:<\/p>\n<ol>\n<li>Abra uma plataforma como a StrangerCam em seu telefone ou computador.<\/li>\n<li>Permita o acesso \u00e0 webcam e ao microfone.<\/li>\n<li>Clique em \"Iniciar bate-papo\".<\/li>\n<li>Converse cara a cara com um estranho aleat\u00f3rio instantaneamente.<\/li>\n<li>Clique em \"Next\" a qualquer momento para conhecer algu\u00e9m novo.<\/li>\n<\/ol>\n<p>Esse ciclo pode se repetir infinitamente, dando a voc\u00ea oportunidades ilimitadas de se conectar.<\/p>\n<h2>Principais recursos a serem observados<\/h2>\n<p>Nem todas as plataformas s\u00e3o iguais. Veja o que voc\u00ea deve procurar ao escolher um site para bate-papo por v\u00eddeo aleat\u00f3rio com estranhos:<\/p>\n<h3>1. Acesso verdadeiramente gratuito<\/h3>\n<p>Alguns sites afirmam ser gratuitos, mas bloqueiam os principais recursos por meio de paywalls. Procure acesso ilimitado sem truques.<\/p>\n<h3>2. N\u00e3o \u00e9 necess\u00e1rio registrar-se<\/h3>\n<p>Os melhores sites n\u00e3o exigem registro, contas ou informa\u00e7\u00f5es pessoais.<\/p>\n<h3>3. Filtros de g\u00eanero e localiza\u00e7\u00e3o<\/h3>\n<p>\u00datil se voc\u00ea quiser conhecer tipos espec\u00edficos de pessoas.<\/p>\n<h3>4. Forte modera\u00e7\u00e3o<\/h3>\n<p>As ferramentas de den\u00fancia e os sistemas de modera\u00e7\u00e3o garantem um ambiente seguro.<\/p>\n<h3>5. Design compat\u00edvel com dispositivos m\u00f3veis<\/h3>\n<p>Uma boa plataforma deve funcionar t\u00e3o bem em telefones quanto em desktops.<\/p>\n<h3>6. V\u00eddeo e \u00e1udio de alta qualidade<\/h3>\n<p>Conex\u00f5es claras e est\u00e1veis tornam as conversas mais agrad\u00e1veis.<\/p>\n<h2>Melhores plataformas para bate-papo por v\u00eddeo aleat\u00f3rio com estranhos em 2025<\/h2>\n<p>Aqui est\u00e1 uma compara\u00e7\u00e3o de plataformas populares que oferecem bate-papos aleat\u00f3rios por v\u00eddeo com estranhos:<\/p>\n<table>\n<thead>\n<tr>\n<th>Plataforma<\/th>\n<th align=\"center\">Acesso gratuito<\/th>\n<th align=\"center\">Filtro de g\u00eanero<\/th>\n<th align=\"center\">Registro necess\u00e1rio<\/th>\n<th align=\"center\">Suporte m\u00f3vel<\/th>\n<th align=\"center\">Modera\u00e7\u00e3o<\/th>\n<th>Notas<\/th>\n<\/tr>\n<\/thead>\n<tbody>\n<tr>\n<td>StrangerCam<\/td>\n<td align=\"center\">\u2705<\/td>\n<td align=\"center\">\u2705 (Gratuito)<\/td>\n<td align=\"center\">\u274c<\/td>\n<td align=\"center\">\u2705<\/td>\n<td align=\"center\">\u2705<\/td>\n<td>A melhor op\u00e7\u00e3o geral, realmente gratuita<\/td>\n<\/tr>\n<tr>\n<td><a href=\"https:\/\/strangercam.com\/pt-br\/chatroulette\/\">Chatroulette<\/a><\/td>\n<td align=\"center\">\u2705<\/td>\n<td align=\"center\">\u274c (Pago)<\/td>\n<td align=\"center\">\u274c<\/td>\n<td align=\"center\">\u2705<\/td>\n<td align=\"center\">\u2705<\/td>\n<td>Op\u00e7\u00e3o cl\u00e1ssica, mas o custo dos filtros<\/td>\n<\/tr>\n<tr>\n<td>Chatrandom<\/td>\n<td align=\"center\">\u2705<\/td>\n<td align=\"center\">\u274c (Pago)<\/td>\n<td align=\"center\">\u274c<\/td>\n<td align=\"center\">\u2705<\/td>\n<td align=\"center\">\u2705<\/td>\n<td>Popular, mas com recursos premium bloqueados<\/td>\n<\/tr>\n<tr>\n<td><a href=\"https:\/\/strangercam.com\/pt-br\/ometv\/\">OmeTV<\/a><\/td>\n<td align=\"center\">\u2705<\/td>\n<td align=\"center\">\u274c<\/td>\n<td align=\"center\">\u274c<\/td>\n<td align=\"center\">\u2705<\/td>\n<td align=\"center\">\u2705<\/td>\n<td>Somente aleat\u00f3rio, aplicativo m\u00f3vel dispon\u00edvel<\/td>\n<\/tr>\n<tr>\n<td>Shagle<\/td>\n<td align=\"center\">\u2705<\/td>\n<td align=\"center\">\u274c (Pago)<\/td>\n<td align=\"center\">\u274c<\/td>\n<td align=\"center\">\u2705<\/td>\n<td align=\"center\">\u2705<\/td>\n<td>Promove fortemente os recursos premium<\/td>\n<\/tr>\n<tr>\n<td><a href=\"https:\/\/strangercam.com\/pt-br\/coomeet\/\">CooMeet<\/a><\/td>\n<td align=\"center\">\u274c (Teste)<\/td>\n<td align=\"center\">\u2705<\/td>\n<td align=\"center\">\u2705<\/td>\n<td align=\"center\">\u2705<\/td>\n<td align=\"center\">\u2705<\/td>\n<td>Pago ap\u00f3s um breve per\u00edodo de teste<\/td>\n<\/tr>\n<tr>\n<td>LuckyCrush<\/td>\n<td align=\"center\">\u274c<\/td>\n<td align=\"center\">\u2705<\/td>\n<td align=\"center\">\u2705<\/td>\n<td align=\"center\">\u2705<\/td>\n<td align=\"center\">\u2705<\/td>\n<td>Sempre pago, bate-papo baseado em g\u00eanero<\/td>\n<\/tr>\n<\/tbody>\n<\/table>\n<p>Entre elas, a StrangerCam se destaca como uma das \u00fanicas plataformas que oferecem bate-papo por v\u00eddeo aleat\u00f3rio gratuito com estranhos, com acesso ilimitado, sem inscri\u00e7\u00e3o e com um filtro de g\u00eanero ativo.<\/p>\n<h2>Por que a StrangerCam \u00e9 a melhor op\u00e7\u00e3o<\/h2>\n<p>Veja por que a StrangerCam \u00e9 a melhor op\u00e7\u00e3o para bate-papo por v\u00eddeo aleat\u00f3rio com estranhos em 2025:<\/p>\n<h3>1. Totalmente gratuito<\/h3>\n<p>Sem cr\u00e9ditos, testes ou cobran\u00e7as ocultas - bate-papo ilimitado e gratuito.<\/p>\n<h3>2. Filtro de g\u00eanero gratuito<\/h3>\n<p>Escolha quem voc\u00ea deseja conhecer - rapazes, mo\u00e7as ou ambos - sem pagar.<\/p>\n<h3>3. N\u00e3o \u00e9 necess\u00e1rio registrar-se<\/h3>\n<p>Permane\u00e7a an\u00f4nimo e conecte-se instantaneamente.<\/p>\n<h3>4. Seguro e moderado<\/h3>\n<p>Com modera\u00e7\u00e3o ativa e ferramentas de den\u00fancia, a StrangerCam mant\u00e9m o ambiente positivo.<\/p>\n<h3>5. Base de usu\u00e1rios global<\/h3>\n<p>Conhe\u00e7a estranhos de mais de 100 pa\u00edses, dispon\u00edveis 24 horas por dia, 7 dias por semana.<\/p>\n<h3>6. Otimizado para todos os dispositivos<\/h3>\n<p>Funciona perfeitamente tanto no celular quanto no desktop.<\/p>\n<h2>Depoimentos reais de usu\u00e1rios<\/h2>\n<blockquote><p><em>\"Eu queria uma plataforma em que pudesse bater papo por v\u00eddeo aleatoriamente com estranhos sem pagar. O StrangerCam foi o \u00fanico site que realmente me atendeu.\"<\/em><br \/>\n- Chris, 25 anos<\/p><\/blockquote>\n<blockquote><p><em>\"O filtro de g\u00eanero funciona perfeitamente e de gra\u00e7a. Isso \u00e9 raro hoje em dia.\"<\/em><br \/>\n- Sophia, 22 anos<\/p><\/blockquote>\n<blockquote><p><em>\"Conheci pessoas de cinco pa\u00edses em menos de uma hora. \u00c9 viciante, mas divertido.\"<\/em><br \/>\n- Ryan, 29 anos<\/p><\/blockquote>\n<blockquote><p><em>\"A StrangerCam \u00e9 segura, f\u00e1cil e genuinamente gratuita. \u00c9 o meu lugar favorito para me conectar on-line.\"<\/em><br \/>\n- Leah, 21 anos<\/p><\/blockquote>\n<h2>Dicas de seguran\u00e7a para bate-papo por v\u00eddeo aleat\u00f3rio com estranhos<\/h2>\n<p>Embora essas plataformas sejam divertidas, voc\u00ea deve sempre se proteger:<\/p>\n<ul>\n<li>Nunca compartilhe informa\u00e7\u00f5es pessoais, como seu nome, n\u00famero de telefone ou endere\u00e7o.<\/li>\n<li>N\u00e3o clique em links compartilhados por estranhos.<\/li>\n<li>Use \"Next\" livremente se voc\u00ea n\u00e3o se sentir confort\u00e1vel.<\/li>\n<li>Verifique o plano de fundo antes de ligar a c\u00e2mera.<\/li>\n<li>Use apenas as ferramentas da plataforma para bloquear ou denunciar usu\u00e1rios ruins.<\/li>\n<li>Respeite as regras de idade - se voc\u00ea tiver menos de 18 anos, evite sites de bate-papo com v\u00eddeo para adultos.<\/li>\n<\/ul>\n<h2>Como come\u00e7ar - passo a passo<\/h2>\n<p>Leva menos de um minuto para iniciar um bate-papo por v\u00eddeo aleat\u00f3rio com estranhos:<\/p>\n<ol>\n<li>Abra a StrangerCam em seu navegador ou dispositivo m\u00f3vel.<\/li>\n<li>Permita o acesso \u00e0 c\u00e2mera e ao microfone.<\/li>\n<li>Selecione as prefer\u00eancias (como filtros de g\u00eanero, se dispon\u00edveis).<\/li>\n<li>Clique em Start Chat para se conectar instantaneamente.<\/li>\n<li>Pressione Next a qualquer momento para conhecer algu\u00e9m novo.<\/li>\n<\/ol>\n<p>R\u00e1pido, simples e totalmente gratuito.<\/p>\n<h2>Considera\u00e7\u00f5es finais - Experimente o bate-papo por v\u00eddeo aleat\u00f3rio gratuito com estranhos hoje mesmo<\/h2>\n<p>Em 2025, o bate-papo por v\u00eddeo aleat\u00f3rio com estranhos continua sendo uma das maneiras mais divertidas e empolgantes de conhecer novas pessoas on-line. \u00c9 espont\u00e2neo, aut\u00eantico e conecta voc\u00ea instantaneamente com pessoas reais de todo o mundo.<\/p>\n<p>Mas nem todas as plataformas valem a pena. Muitas escondem recursos por tr\u00e1s de paywalls ou est\u00e3o repletas de bots. \u00c9 por isso que a StrangerCam \u00e9 a melhor op\u00e7\u00e3o: \u00e9 gratuita, an\u00f4nima, segura e ativa 24 horas por dia, 7 dias por semana, com pessoas prontas para conversar.<\/p>\n<p>Pronto para experimentar? Inicie um bate-papo por v\u00eddeo aleat\u00f3rio gratuito com estranhos hoje mesmo e veja quem voc\u00ea conhecer\u00e1 em seguida.<\/p>","protected":false},"excerpt":{"rendered":"<p>Are you searching for the best way to enjoy a random video chat with strangers? You\u2019re not alone. Every month, millions of people around the world go online to connect instantly with strangers\u2014whether for fun, friendship, cultural exchange, or lighthearted flirting. Unlike dating apps or social media, which can feel slow or artificial, random video [&hellip;]<\/p>\n","protected":false},"author":8,"featured_media":0,"parent":0,"menu_order":0,"comment_status":"closed","ping_status":"closed","template":"","meta":{"footnotes":""},"class_list":["post-4039","page","type-page","status-publish","hentry"],"yoast_head":"<!-- This site is optimized with the Yoast SEO plugin v27.4 - https:\/\/yoast.com\/product\/yoast-seo-wordpress\/ -->\n<title>Random Video Chat With Strangers on Strangercam.com<\/title>\n<meta name=\"description\" content=\"Liking Random Video Chat With Strangers? Join millions on StrangerCam.com! Start a random video chat, turn on your cam, and meet strangers instantly.\" \/>\n<meta name=\"robots\" content=\"index, follow, max-snippet:-1, max-image-preview:large, max-video-preview:-1\" \/>\n<link rel=\"canonical\" href=\"https:\/\/strangercam.com\/pt-br\/bate-papo-aleatorio-por-video-com-estranhos\/\" \/>\n<meta property=\"og:locale\" content=\"pt_BR\" \/>\n<meta property=\"og:type\" content=\"article\" \/>\n<meta property=\"og:title\" content=\"Random Video Chat With Strangers on Strangercam.com\" \/>\n<meta property=\"og:description\" content=\"Liking Random Video Chat With Strangers? Join millions on StrangerCam.com! Start a random video chat, turn on your cam, and meet strangers instantly.\" \/>\n<meta property=\"og:url\" content=\"https:\/\/strangercam.com\/pt-br\/bate-papo-aleatorio-por-video-com-estranhos\/\" \/>\n<meta property=\"og:site_name\" content=\"Strangercam\" \/>\n<meta property=\"article:publisher\" content=\"https:\/\/www.facebook.com\/strangercam\" \/>\n<meta property=\"article:modified_time\" content=\"2025-09-03T11:44:58+00:00\" \/>\n<meta property=\"og:image\" content=\"https:\/\/strangercam.com\/wp-content\/uploads\/2021\/10\/Untitled-2.png\" \/>\n\t<meta property=\"og:image:width\" content=\"800\" \/>\n\t<meta property=\"og:image:height\" content=\"532\" \/>\n\t<meta property=\"og:image:type\" content=\"image\/png\" \/>\n<meta name=\"twitter:card\" content=\"summary_large_image\" \/>\n<meta name=\"twitter:site\" content=\"@strangercamapp\" \/>\n<meta name=\"twitter:label1\" content=\"Est. tempo de leitura\" \/>\n\t<meta name=\"twitter:data1\" content=\"5 minutos\" \/>\n<script type=\"application\/ld+json\" class=\"yoast-schema-graph\">{\"@context\":\"https:\\\/\\\/schema.org\",\"@graph\":[{\"@type\":\"WebPage\",\"@id\":\"https:\\\/\\\/strangercam.com\\\/random-video-chat-with-strangers\\\/\",\"url\":\"https:\\\/\\\/strangercam.com\\\/random-video-chat-with-strangers\\\/\",\"name\":\"Random Video Chat With Strangers on Strangercam.com\",\"isPartOf\":{\"@id\":\"https:\\\/\\\/strangercam.com\\\/#website\"},\"datePublished\":\"2025-09-03T09:47:55+00:00\",\"dateModified\":\"2025-09-03T11:44:58+00:00\",\"description\":\"Liking Random Video Chat With Strangers? Join millions on StrangerCam.com! Start a random video chat, turn on your cam, and meet strangers instantly.\",\"breadcrumb\":{\"@id\":\"https:\\\/\\\/strangercam.com\\\/random-video-chat-with-strangers\\\/#breadcrumb\"},\"inLanguage\":\"pt-BR\",\"potentialAction\":[{\"@type\":\"ReadAction\",\"target\":[\"https:\\\/\\\/strangercam.com\\\/random-video-chat-with-strangers\\\/\"]}]},{\"@type\":\"BreadcrumbList\",\"@id\":\"https:\\\/\\\/strangercam.com\\\/random-video-chat-with-strangers\\\/#breadcrumb\",\"itemListElement\":[{\"@type\":\"ListItem\",\"position\":1,\"name\":\"Home\",\"item\":\"https:\\\/\\\/strangercam.com\\\/\"},{\"@type\":\"ListItem\",\"position\":2,\"name\":\"Random Video Chat With Strangers\"}]},{\"@type\":\"WebSite\",\"@id\":\"https:\\\/\\\/strangercam.com\\\/#website\",\"url\":\"https:\\\/\\\/strangercam.com\\\/\",\"name\":\"Strangercam\",\"description\":\"Random Video Chat with Strangers\",\"publisher\":{\"@id\":\"https:\\\/\\\/strangercam.com\\\/#organization\"},\"alternateName\":\"Strangercam.com\",\"potentialAction\":[{\"@type\":\"SearchAction\",\"target\":{\"@type\":\"EntryPoint\",\"urlTemplate\":\"https:\\\/\\\/strangercam.com\\\/?s={search_term_string}\"},\"query-input\":{\"@type\":\"PropertyValueSpecification\",\"valueRequired\":true,\"valueName\":\"search_term_string\"}}],\"inLanguage\":\"pt-BR\"},{\"@type\":\"Organization\",\"@id\":\"https:\\\/\\\/strangercam.com\\\/#organization\",\"name\":\"Strangercam\",\"alternateName\":\"Strangercam.com\",\"url\":\"https:\\\/\\\/strangercam.com\\\/\",\"logo\":{\"@type\":\"ImageObject\",\"inLanguage\":\"pt-BR\",\"@id\":\"https:\\\/\\\/strangercam.com\\\/#\\\/schema\\\/logo\\\/image\\\/\",\"url\":\"https:\\\/\\\/strangercam.com\\\/wp-content\\\/uploads\\\/2020\\\/11\\\/cropped-new-favicon-black.png\",\"contentUrl\":\"https:\\\/\\\/strangercam.com\\\/wp-content\\\/uploads\\\/2020\\\/11\\\/cropped-new-favicon-black.png\",\"width\":512,\"height\":512,\"caption\":\"Strangercam\"},\"image\":{\"@id\":\"https:\\\/\\\/strangercam.com\\\/#\\\/schema\\\/logo\\\/image\\\/\"},\"sameAs\":[\"https:\\\/\\\/www.facebook.com\\\/strangercam\",\"https:\\\/\\\/x.com\\\/strangercamapp\"]}]}<\/script>\n<!-- \/ Yoast SEO plugin. -->","yoast_head_json":{"title":"Bate-papo por v\u00eddeo aleat\u00f3rio com estranhos no Strangercam.com","description":"Gosta de bater papo por v\u00eddeo aleat\u00f3rio com estranhos? Join milh\u00f5es em StrangerCam.com! Inicie um bate-papo por v\u00eddeo aleat\u00f3rio, ligue sua c\u00e2mera e conhe\u00e7a estranhos instantaneamente.","robots":{"index":"index","follow":"follow","max-snippet":"max-snippet:-1","max-image-preview":"max-image-preview:large","max-video-preview":"max-video-preview:-1"},"canonical":"https:\/\/strangercam.com\/pt-br\/bate-papo-aleatorio-por-video-com-estranhos\/","og_locale":"pt_BR","og_type":"article","og_title":"Random Video Chat With Strangers on Strangercam.com","og_description":"Liking Random Video Chat With Strangers? Join millions on StrangerCam.com! Start a random video chat, turn on your cam, and meet strangers instantly.","og_url":"https:\/\/strangercam.com\/pt-br\/bate-papo-aleatorio-por-video-com-estranhos\/","og_site_name":"Strangercam","article_publisher":"https:\/\/www.facebook.com\/strangercam","article_modified_time":"2025-09-03T11:44:58+00:00","og_image":[{"width":800,"height":532,"url":"https:\/\/strangercam.com\/wp-content\/uploads\/2021\/10\/Untitled-2.png","type":"image\/png"}],"twitter_card":"summary_large_image","twitter_site":"@strangercamapp","twitter_misc":{"Est. tempo de leitura":"5 minutos"},"schema":{"@context":"https:\/\/schema.org","@graph":[{"@type":"WebPage","@id":"https:\/\/strangercam.com\/random-video-chat-with-strangers\/","url":"https:\/\/strangercam.com\/random-video-chat-with-strangers\/","name":"Bate-papo por v\u00eddeo aleat\u00f3rio com estranhos no Strangercam.com","isPartOf":{"@id":"https:\/\/strangercam.com\/#website"},"datePublished":"2025-09-03T09:47:55+00:00","dateModified":"2025-09-03T11:44:58+00:00","description":"Gosta de bater papo por v\u00eddeo aleat\u00f3rio com estranhos? Join milh\u00f5es em StrangerCam.com! Inicie um bate-papo por v\u00eddeo aleat\u00f3rio, ligue sua c\u00e2mera e conhe\u00e7a estranhos instantaneamente.","breadcrumb":{"@id":"https:\/\/strangercam.com\/random-video-chat-with-strangers\/#breadcrumb"},"inLanguage":"pt-BR","potentialAction":[{"@type":"ReadAction","target":["https:\/\/strangercam.com\/random-video-chat-with-strangers\/"]}]},{"@type":"BreadcrumbList","@id":"https:\/\/strangercam.com\/random-video-chat-with-strangers\/#breadcrumb","itemListElement":[{"@type":"ListItem","position":1,"name":"Home","item":"https:\/\/strangercam.com\/"},{"@type":"ListItem","position":2,"name":"Random Video Chat With Strangers"}]},{"@type":"WebSite","@id":"https:\/\/strangercam.com\/#website","url":"https:\/\/strangercam.com\/","name":"Strangercam","description":"Bate-papo por v\u00eddeo aleat\u00f3rio com estranhos","publisher":{"@id":"https:\/\/strangercam.com\/#organization"},"alternateName":"Strangercam.com","potentialAction":[{"@type":"SearchAction","target":{"@type":"EntryPoint","urlTemplate":"https:\/\/strangercam.com\/?s={search_term_string}"},"query-input":{"@type":"PropertyValueSpecification","valueRequired":true,"valueName":"search_term_string"}}],"inLanguage":"pt-BR"},{"@type":"Organization","@id":"https:\/\/strangercam.com\/#organization","name":"Strangercam","alternateName":"Strangercam.com","url":"https:\/\/strangercam.com\/","logo":{"@type":"ImageObject","inLanguage":"pt-BR","@id":"https:\/\/strangercam.com\/#\/schema\/logo\/image\/","url":"https:\/\/strangercam.com\/wp-content\/uploads\/2020\/11\/cropped-new-favicon-black.png","contentUrl":"https:\/\/strangercam.com\/wp-content\/uploads\/2020\/11\/cropped-new-favicon-black.png","width":512,"height":512,"caption":"Strangercam"},"image":{"@id":"https:\/\/strangercam.com\/#\/schema\/logo\/image\/"},"sameAs":["https:\/\/www.facebook.com\/strangercam","https:\/\/x.com\/strangercamapp"]}]}},"_links":{"self":[{"href":"https:\/\/strangercam.com\/pt-br\/wp-json\/wp\/v2\/pages\/4039","targetHints":{"allow":["GET"]}}],"collection":[{"href":"https:\/\/strangercam.com\/pt-br\/wp-json\/wp\/v2\/pages"}],"about":[{"href":"https:\/\/strangercam.com\/pt-br\/wp-json\/wp\/v2\/types\/page"}],"author":[{"embeddable":true,"href":"https:\/\/strangercam.com\/pt-br\/wp-json\/wp\/v2\/users\/8"}],"replies":[{"embeddable":true,"href":"https:\/\/strangercam.com\/pt-br\/wp-json\/wp\/v2\/comments?post=4039"}],"version-history":[{"count":3,"href":"https:\/\/strangercam.com\/pt-br\/wp-json\/wp\/v2\/pages\/4039\/revisions"}],"predecessor-version":[{"id":12999,"href":"https:\/\/strangercam.com\/pt-br\/wp-json\/wp\/v2\/pages\/4039\/revisions\/12999"}],"wp:attachment":[{"href":"https:\/\/strangercam.com\/pt-br\/wp-json\/wp\/v2\/media?parent=4039"}],"curies":[{"name":"wp","href":"https:\/\/api.w.org\/{rel}","templated":true}]}}