{"id":4022,"date":"2025-09-03T12:43:36","date_gmt":"2025-09-03T10:43:36","guid":{"rendered":"https:\/\/strangercam.com\/?page_id=4022"},"modified":"2025-09-03T13:42:39","modified_gmt":"2025-09-03T11:42:39","slug":"bate-papo-por-video-aleatorio-gratuito","status":"publish","type":"page","link":"https:\/\/strangercam.com\/pt-br\/free-random-video-chat\/","title":{"rendered":"Chat de v\u00eddeo aleat\u00f3rio gratuito"},"content":{"rendered":"<p>Voc\u00ea est\u00e1 procurando a melhor maneira de desfrutar de um v\u00eddeo aleat\u00f3rio gratuito? <a href=\"https:\/\/strangercam.com\/pt-br\/chathub\/\">bate-papo<\/a>? Voc\u00ea n\u00e3o est\u00e1 sozinho. Milh\u00f5es de pessoas em todo o mundo procuram plataformas de bate-papo por v\u00eddeo aleat\u00f3rio todos os meses, na esperan\u00e7a de se conectar instantaneamente com estranhos - seja por amizade, interc\u00e2mbio cultural, paquera casual ou simplesmente para matar o t\u00e9dio. Ao contr\u00e1rio dos aplicativos de namoro ou das redes sociais, que podem parecer lentos ou artificiais, o bate-papo por v\u00eddeo aleat\u00f3rio \u00e9 espont\u00e2neo, aut\u00eantico e empolgante.<\/p>\n<p>Com plataformas como a StrangerCam, \u00e9 mais f\u00e1cil do que nunca desfrutar de um bate-papo por v\u00eddeo aleat\u00f3rio gratuito - sem cadastros, sem downloads e sem custos ocultos. Basta clicar em um bot\u00e3o e voc\u00ea estar\u00e1 instantaneamente cara a cara com algu\u00e9m novo de qualquer lugar do mundo.<\/p>\n<p>Este guia abordar\u00e1 tudo o que voc\u00ea precisa saber: o que \u00e9 o bate-papo por v\u00eddeo aleat\u00f3rio gratuito, por que as pessoas o adoram, como funciona, os melhores recursos a serem procurados, compara\u00e7\u00f5es de plataformas populares, dicas de seguran\u00e7a e por que o StrangerCam \u00e9 uma das melhores op\u00e7\u00f5es em 2025.<\/p>\n<h2>O que \u00e9 o bate-papo por v\u00eddeo aleat\u00f3rio gratuito?<\/h2>\n<p>O bate-papo por v\u00eddeo aleat\u00f3rio gratuito \u00e9 um servi\u00e7o on-line que o conecta instantaneamente a estranhos para chamadas de v\u00eddeo individuais ao vivo usando sua webcam e microfone. A parte \"aleat\u00f3ria\" significa que voc\u00ea nunca sabe quem vai encontrar at\u00e9 o in\u00edcio do bate-papo - pode ser algu\u00e9m pr\u00f3ximo ou algu\u00e9m do outro lado do mundo.<\/p>\n<p>Ao contr\u00e1rio das salas de bate-papo de texto, o bate-papo por v\u00eddeo aleat\u00f3rio proporciona uma experi\u00eancia muito mais aut\u00eantica e envolvente porque voc\u00ea pode ver e ouvir a pessoa em tempo real. Se n\u00e3o estiver gostando da conversa, basta pressionar \"Next\" para passar para outra pessoa.<\/p>\n<h2>Por que as pessoas adoram o bate-papo por v\u00eddeo aleat\u00f3rio gratuito<\/h2>\n<p>H\u00e1 v\u00e1rios motivos pelos quais o bate-papo por v\u00eddeo aleat\u00f3rio gratuito se tornou t\u00e3o popular:<\/p>\n<ul>\n<li>Divers\u00e3o espont\u00e2nea: Cada bate-papo \u00e9 \u00fanico e imprevis\u00edvel.<\/li>\n<li>Intera\u00e7\u00e3o humana real: As chamadas com v\u00eddeo confirmam que a outra pessoa \u00e9 real, n\u00e3o um bot.<\/li>\n<li>Conex\u00f5es instant\u00e2neas: Sem longos cadastros ou espera por respostas.<\/li>\n<li>Alcance global: Conhe\u00e7a estranhos de todo o mundo, 24 horas por dia, 7 dias por semana.<\/li>\n<li>Valor de entretenimento: Perfeito para passar o tempo, fazer amigos ou flertar casualmente.<\/li>\n<li>Liberdade de escolha: N\u00e3o est\u00e1 gostando da vibra\u00e7\u00e3o? Basta clicar em \"Next\".<\/li>\n<\/ul>\n<h2>Como funciona o bate-papo por v\u00eddeo aleat\u00f3rio gratuito?<\/h2>\n<p>Iniciar um bate-papo por v\u00eddeo aleat\u00f3rio gratuito \u00e9 incrivelmente f\u00e1cil:<\/p>\n<ol>\n<li>Abra a plataforma em seu telefone ou computador.<\/li>\n<li>Permita o acesso \u00e0 c\u00e2mera e ao microfone.<\/li>\n<li>Clique em \"Iniciar bate-papo\".<\/li>\n<li>Conecte-se instantaneamente com um estranho por meio de uma chamada de v\u00eddeo.<\/li>\n<li>Clique em \"Next\" a qualquer momento para conhecer algu\u00e9m novo.<\/li>\n<\/ol>\n<p>Algumas plataformas adicionam recursos extras, como filtros de g\u00eanero, prefer\u00eancias de local e at\u00e9 mesmo ferramentas de tradu\u00e7\u00e3o autom\u00e1tica para facilitar o bate-papo em v\u00e1rios idiomas.<\/p>\n<h2>Principais recursos a serem observados<\/h2>\n<p>Nem todas as plataformas de bate-papo por v\u00eddeo s\u00e3o iguais. Se voc\u00ea quiser ter a melhor experi\u00eancia de bate-papo por v\u00eddeo aleat\u00f3rio gratuito, veja o que deve procurar:<\/p>\n<h3>1. Acesso verdadeiramente gratuito<\/h3>\n<p>Alguns sites se anunciam como \"gratuitos\", mas restringem os recursos ou empurram voc\u00ea para os paywalls. Escolha uma plataforma que ofere\u00e7a acesso ilimitado.<\/p>\n<h3>2. N\u00e3o \u00e9 necess\u00e1rio registrar-se<\/h3>\n<p>Mantenha-se an\u00f4nimo e comece a conversar sem contas ou logins.<\/p>\n<h3>3. Filtros de g\u00eanero e localiza\u00e7\u00e3o<\/h3>\n<p>\u00datil se voc\u00ea preferir falar com tipos espec\u00edficos de pessoas.<\/p>\n<h3>4. Forte modera\u00e7\u00e3o<\/h3>\n<p>Moderadores ativos e ferramentas de den\u00fancia garantem uma experi\u00eancia mais segura.<\/p>\n<h3>5. Design compat\u00edvel com dispositivos m\u00f3veis<\/h3>\n<p>Uma boa plataforma deve funcionar perfeitamente tanto no desktop quanto no celular.<\/p>\n<h3>6. V\u00eddeo e \u00e1udio de alta qualidade<\/h3>\n<p>Conex\u00f5es claras tornam os bate-papos mais naturais e agrad\u00e1veis.<\/p>\n<h2>As melhores plataformas de bate-papo por v\u00eddeo aleat\u00f3rio gratuito em 2025<\/h2>\n<p>Veja como as plataformas de bate-papo por v\u00eddeo aleat\u00f3rio mais populares se comparam:<\/p>\n<table>\n<thead>\n<tr>\n<th>Plataforma<\/th>\n<th align=\"center\">Acesso gratuito<\/th>\n<th align=\"center\">Filtro de g\u00eanero<\/th>\n<th align=\"center\">Registro necess\u00e1rio<\/th>\n<th align=\"center\">Suporte m\u00f3vel<\/th>\n<th align=\"center\">Modera\u00e7\u00e3o<\/th>\n<th>Notas<\/th>\n<\/tr>\n<\/thead>\n<tbody>\n<tr>\n<td>StrangerCam<\/td>\n<td align=\"center\">\u2705<\/td>\n<td align=\"center\">\u2705 (Gratuito)<\/td>\n<td align=\"center\">\u274c<\/td>\n<td align=\"center\">\u2705<\/td>\n<td align=\"center\">\u2705<\/td>\n<td>A melhor op\u00e7\u00e3o geral, realmente gratuita<\/td>\n<\/tr>\n<tr>\n<td><a href=\"https:\/\/strangercam.com\/pt-br\/chatroulette\/\">Chatroulette<\/a><\/td>\n<td align=\"center\">\u2705<\/td>\n<td align=\"center\">\u274c (Pago)<\/td>\n<td align=\"center\">\u274c<\/td>\n<td align=\"center\">\u2705<\/td>\n<td align=\"center\">\u2705<\/td>\n<td>Cl\u00e1ssico, mas com filtros de g\u00eanero bloqueados<\/td>\n<\/tr>\n<tr>\n<td>Chatrandom<\/td>\n<td align=\"center\">\u2705<\/td>\n<td align=\"center\">\u274c (Pago)<\/td>\n<td align=\"center\">\u274c<\/td>\n<td align=\"center\">\u2705<\/td>\n<td align=\"center\">\u2705<\/td>\n<td>Grande base de usu\u00e1rios, upgrades premium<\/td>\n<\/tr>\n<tr>\n<td><a href=\"https:\/\/strangercam.com\/pt-br\/ometv\/\">OmeTV<\/a><\/td>\n<td align=\"center\">\u2705<\/td>\n<td align=\"center\">\u274c<\/td>\n<td align=\"center\">\u274c<\/td>\n<td align=\"center\">\u2705<\/td>\n<td align=\"center\">\u2705<\/td>\n<td>Aplicativo m\u00f3vel, somente aleat\u00f3rio<\/td>\n<\/tr>\n<tr>\n<td>Shagle<\/td>\n<td align=\"center\">\u2705<\/td>\n<td align=\"center\">\u274c (Pago)<\/td>\n<td align=\"center\">\u274c<\/td>\n<td align=\"center\">\u2705<\/td>\n<td align=\"center\">\u2705<\/td>\n<td>Pr\u00eamio muito pressionado<\/td>\n<\/tr>\n<tr>\n<td><a href=\"https:\/\/strangercam.com\/pt-br\/coomeet\/\">CooMeet<\/a><\/td>\n<td align=\"center\">\u274c (Teste)<\/td>\n<td align=\"center\">\u2705<\/td>\n<td align=\"center\">\u2705<\/td>\n<td align=\"center\">\u2705<\/td>\n<td align=\"center\">\u2705<\/td>\n<td>Pago ap\u00f3s uma avalia\u00e7\u00e3o gratuita limitada<\/td>\n<\/tr>\n<tr>\n<td>LuckyCrush<\/td>\n<td align=\"center\">\u274c<\/td>\n<td align=\"center\">\u2705<\/td>\n<td align=\"center\">\u2705<\/td>\n<td align=\"center\">\u2705<\/td>\n<td align=\"center\">\u2705<\/td>\n<td>Chats sempre pagos e espec\u00edficos por g\u00eanero<\/td>\n<\/tr>\n<\/tbody>\n<\/table>\n<p>Entre elas, a StrangerCam \u00e9 uma das \u00fanicas plataformas que oferece bate-papo por v\u00eddeo aleat\u00f3rio gratuito e ilimitado, com um filtro de g\u00eanero ativo e sem necessidade de inscri\u00e7\u00e3o.<\/p>\n<h2>Por que a StrangerCam \u00e9 a melhor op\u00e7\u00e3o<\/h2>\n<p>Veja por que a StrangerCam \u00e9 uma das principais plataformas para bate-papo por v\u00eddeo aleat\u00f3rio gratuito em 2025:<\/p>\n<h3>1. Totalmente gratuito<\/h3>\n<p>Chats ilimitados, sem custos ocultos ou necessidade de cr\u00e9ditos.<\/p>\n<h3>2. Filtro de g\u00eanero gratuito<\/h3>\n<p>Escolha com quem voc\u00ea quer falar - rapazes, mo\u00e7as ou ambos - sem barreiras de pagamento.<\/p>\n<h3>3. N\u00e3o \u00e9 necess\u00e1rio registrar-se<\/h3>\n<p>Permane\u00e7a an\u00f4nimo e comece a conversar instantaneamente.<\/p>\n<h3>4. Seguro e moderado<\/h3>\n<p>Com modera\u00e7\u00e3o ativa e ferramentas de den\u00fancia, a StrangerCam mant\u00e9m a comunidade segura.<\/p>\n<h3>5. Base de usu\u00e1rios global<\/h3>\n<p>Conhe\u00e7a pessoas desconhecidas de mais de 100 pa\u00edses a qualquer momento.<\/p>\n<h3>6. Otimizado para todos os dispositivos<\/h3>\n<p>Funciona sem problemas em celulares, tablets e desktops.<\/p>\n<h2>Depoimentos reais de usu\u00e1rios<\/h2>\n<blockquote><p>\"Eu estava procurando um site que me permitisse bater papo por v\u00eddeo aleat\u00f3rio gratuitamente, e o StrangerCam era o \u00fanico que n\u00e3o me obrigava a pagar.\"<br \/>\n- Alex, 27 anos<\/p><\/blockquote>\n<blockquote><p>\"Conheci pessoas de cinco pa\u00edses diferentes em uma noite. \u00c9 sempre emocionante porque voc\u00ea nunca sabe quem ser\u00e1 o pr\u00f3ximo.\"<br \/>\n- Sophia, 22 anos<\/p><\/blockquote>\n<blockquote><p>\"O filtro de g\u00eanero realmente funciona sem pagar a mais. Isso \u00e9 um divisor de \u00e1guas em compara\u00e7\u00e3o com outras plataformas.\"<br \/>\n- Ryan, 30 anos<\/p><\/blockquote>\n<blockquote><p>\"\u00c9 r\u00e1pido, divertido e seguro. A StrangerCam se tornou minha maneira favorita de conhecer novas pessoas on-line.\"<br \/>\n- Emily, 19 anos<\/p><\/blockquote>\n<h2>Dicas de seguran\u00e7a para o bate-papo por v\u00eddeo aleat\u00f3rio gratuito<\/h2>\n<p>Embora o bate-papo por v\u00eddeo seja divertido, sempre tenha em mente a seguran\u00e7a:<\/p>\n<ul>\n<li>N\u00e3o compartilhe detalhes pessoais, como seu n\u00famero de telefone, e-mail ou endere\u00e7o.<\/li>\n<li>Evite clicar em links enviados por estranhos.<\/li>\n<li>Use \"Next\" livremente se voc\u00ea n\u00e3o se sentir confort\u00e1vel.<\/li>\n<li>Verifique seu plano de fundo para garantir que nada privado esteja vis\u00edvel.<\/li>\n<li>Denuncie usu\u00e1rios mal-intencionados usando as ferramentas da plataforma.<\/li>\n<li>Siga as restri\u00e7\u00f5es de idade - se for menor de 18 anos, n\u00e3o use plataformas de bate-papo por v\u00eddeo para adultos.<\/li>\n<\/ul>\n<h2>Como come\u00e7ar - passo a passo<\/h2>\n<p>Leva apenas alguns segundos para iniciar um bate-papo por v\u00eddeo aleat\u00f3rio gratuito:<\/p>\n<ol>\n<li>Abra a StrangerCam em seu navegador ou telefone.<\/li>\n<li>Permita o acesso \u00e0 c\u00e2mera e ao microfone.<\/li>\n<li>Escolha as prefer\u00eancias (como filtro de g\u00eanero, se dispon\u00edvel).<\/li>\n<li>Clique em Start Chat para se conectar instantaneamente.<\/li>\n<li>Clique em Next a qualquer momento para conhecer algu\u00e9m novo.<\/li>\n<\/ol>\n<p>R\u00e1pido, simples e totalmente gratuito.<\/p>\n<h2>Considera\u00e7\u00f5es finais - Experimente o bate-papo por v\u00eddeo aleat\u00f3rio gratuito hoje mesmo<\/h2>\n<p>Em 2025, o bate-papo por v\u00eddeo aleat\u00f3rio gratuito \u00e9 uma das maneiras mais f\u00e1ceis e interessantes de conhecer novas pessoas on-line. \u00c9 r\u00e1pido, divertido e conecta voc\u00ea instantaneamente com estranhos em todo o mundo.<\/p>\n<p>Mas nem todas as plataformas cumprem o prometido. Muitas escondem recursos atr\u00e1s de paywalls ou est\u00e3o cheias de bots. \u00c9 por isso que a StrangerCam \u00e9 a melhor op\u00e7\u00e3o: \u00e9 gratuita, segura, an\u00f4nima e sempre ativa com usu\u00e1rios globais prontos para conversar.<\/p>\n<p>Pronto para experimentar? Inicie um bate-papo por v\u00eddeo aleat\u00f3rio gratuito hoje mesmo e veja quem voc\u00ea conhecer\u00e1 em seguida.<\/p>","protected":false},"excerpt":{"rendered":"<p>Are you looking for the best way to enjoy a free random video chat? You\u2019re not alone. Millions of people worldwide search for random video chat platforms every month, hoping to connect instantly with strangers\u2014whether for friendship, cultural exchange, casual flirting, or simply to kill boredom. Unlike dating apps or social networks, which can feel [&hellip;]<\/p>\n","protected":false},"author":8,"featured_media":0,"parent":0,"menu_order":0,"comment_status":"closed","ping_status":"closed","template":"","meta":{"footnotes":""},"class_list":["post-4022","page","type-page","status-publish","hentry"],"yoast_head":"<!-- This site is optimized with the Yoast SEO plugin v27.4 - https:\/\/yoast.com\/product\/yoast-seo-wordpress\/ -->\n<title>Free Random Video Chat on Strangercam.com<\/title>\n<meta name=\"description\" content=\"Liking Free Random Video Chat? Join millions on StrangerCam.com! Start a random video chat, turn on your cam, and meet strangers instantly.\" \/>\n<meta name=\"robots\" content=\"index, follow, max-snippet:-1, max-image-preview:large, max-video-preview:-1\" \/>\n<link rel=\"canonical\" href=\"https:\/\/strangercam.com\/pt-br\/bate-papo-por-video-aleatorio-gratuito\/\" \/>\n<meta property=\"og:locale\" content=\"pt_BR\" \/>\n<meta property=\"og:type\" content=\"article\" \/>\n<meta property=\"og:title\" content=\"Free Random Video Chat on Strangercam.com\" \/>\n<meta property=\"og:description\" content=\"Liking Free Random Video Chat? Join millions on StrangerCam.com! Start a random video chat, turn on your cam, and meet strangers instantly.\" \/>\n<meta property=\"og:url\" content=\"https:\/\/strangercam.com\/pt-br\/bate-papo-por-video-aleatorio-gratuito\/\" \/>\n<meta property=\"og:site_name\" content=\"Strangercam\" \/>\n<meta property=\"article:publisher\" content=\"https:\/\/www.facebook.com\/strangercam\" \/>\n<meta property=\"article:modified_time\" content=\"2025-09-03T11:42:39+00:00\" \/>\n<meta property=\"og:image\" content=\"https:\/\/strangercam.com\/wp-content\/uploads\/2021\/10\/Untitled-2.png\" \/>\n\t<meta property=\"og:image:width\" content=\"800\" \/>\n\t<meta property=\"og:image:height\" content=\"532\" \/>\n\t<meta property=\"og:image:type\" content=\"image\/png\" \/>\n<meta name=\"twitter:card\" content=\"summary_large_image\" \/>\n<meta name=\"twitter:site\" content=\"@strangercamapp\" \/>\n<meta name=\"twitter:label1\" content=\"Est. tempo de leitura\" \/>\n\t<meta name=\"twitter:data1\" content=\"5 minutos\" \/>\n<script type=\"application\/ld+json\" class=\"yoast-schema-graph\">{\"@context\":\"https:\\\/\\\/schema.org\",\"@graph\":[{\"@type\":\"WebPage\",\"@id\":\"https:\\\/\\\/strangercam.com\\\/free-random-video-chat\\\/\",\"url\":\"https:\\\/\\\/strangercam.com\\\/free-random-video-chat\\\/\",\"name\":\"Free Random Video Chat on Strangercam.com\",\"isPartOf\":{\"@id\":\"https:\\\/\\\/strangercam.com\\\/#website\"},\"datePublished\":\"2025-09-03T10:43:36+00:00\",\"dateModified\":\"2025-09-03T11:42:39+00:00\",\"description\":\"Liking Free Random Video Chat? Join millions on StrangerCam.com! Start a random video chat, turn on your cam, and meet strangers instantly.\",\"breadcrumb\":{\"@id\":\"https:\\\/\\\/strangercam.com\\\/free-random-video-chat\\\/#breadcrumb\"},\"inLanguage\":\"pt-BR\",\"potentialAction\":[{\"@type\":\"ReadAction\",\"target\":[\"https:\\\/\\\/strangercam.com\\\/free-random-video-chat\\\/\"]}]},{\"@type\":\"BreadcrumbList\",\"@id\":\"https:\\\/\\\/strangercam.com\\\/free-random-video-chat\\\/#breadcrumb\",\"itemListElement\":[{\"@type\":\"ListItem\",\"position\":1,\"name\":\"Home\",\"item\":\"https:\\\/\\\/strangercam.com\\\/\"},{\"@type\":\"ListItem\",\"position\":2,\"name\":\"Free Random Video Chat\"}]},{\"@type\":\"WebSite\",\"@id\":\"https:\\\/\\\/strangercam.com\\\/#website\",\"url\":\"https:\\\/\\\/strangercam.com\\\/\",\"name\":\"Strangercam\",\"description\":\"Random Video Chat with Strangers\",\"publisher\":{\"@id\":\"https:\\\/\\\/strangercam.com\\\/#organization\"},\"alternateName\":\"Strangercam.com\",\"potentialAction\":[{\"@type\":\"SearchAction\",\"target\":{\"@type\":\"EntryPoint\",\"urlTemplate\":\"https:\\\/\\\/strangercam.com\\\/?s={search_term_string}\"},\"query-input\":{\"@type\":\"PropertyValueSpecification\",\"valueRequired\":true,\"valueName\":\"search_term_string\"}}],\"inLanguage\":\"pt-BR\"},{\"@type\":\"Organization\",\"@id\":\"https:\\\/\\\/strangercam.com\\\/#organization\",\"name\":\"Strangercam\",\"alternateName\":\"Strangercam.com\",\"url\":\"https:\\\/\\\/strangercam.com\\\/\",\"logo\":{\"@type\":\"ImageObject\",\"inLanguage\":\"pt-BR\",\"@id\":\"https:\\\/\\\/strangercam.com\\\/#\\\/schema\\\/logo\\\/image\\\/\",\"url\":\"https:\\\/\\\/strangercam.com\\\/wp-content\\\/uploads\\\/2020\\\/11\\\/cropped-new-favicon-black.png\",\"contentUrl\":\"https:\\\/\\\/strangercam.com\\\/wp-content\\\/uploads\\\/2020\\\/11\\\/cropped-new-favicon-black.png\",\"width\":512,\"height\":512,\"caption\":\"Strangercam\"},\"image\":{\"@id\":\"https:\\\/\\\/strangercam.com\\\/#\\\/schema\\\/logo\\\/image\\\/\"},\"sameAs\":[\"https:\\\/\\\/www.facebook.com\\\/strangercam\",\"https:\\\/\\\/x.com\\\/strangercamapp\"]}]}<\/script>\n<!-- \/ Yoast SEO plugin. -->","yoast_head_json":{"title":"Bate-papo de v\u00eddeo aleat\u00f3rio gratuito em Strangercam.com","description":"Est\u00e1 gostando do bate-papo por v\u00eddeo aleat\u00f3rio gratuito? Join milh\u00f5es em StrangerCam.com! Inicie um bate-papo por v\u00eddeo aleat\u00f3rio, ligue sua c\u00e2mera e conhe\u00e7a estranhos instantaneamente.","robots":{"index":"index","follow":"follow","max-snippet":"max-snippet:-1","max-image-preview":"max-image-preview:large","max-video-preview":"max-video-preview:-1"},"canonical":"https:\/\/strangercam.com\/pt-br\/bate-papo-por-video-aleatorio-gratuito\/","og_locale":"pt_BR","og_type":"article","og_title":"Free Random Video Chat on Strangercam.com","og_description":"Liking Free Random Video Chat? Join millions on StrangerCam.com! Start a random video chat, turn on your cam, and meet strangers instantly.","og_url":"https:\/\/strangercam.com\/pt-br\/bate-papo-por-video-aleatorio-gratuito\/","og_site_name":"Strangercam","article_publisher":"https:\/\/www.facebook.com\/strangercam","article_modified_time":"2025-09-03T11:42:39+00:00","og_image":[{"width":800,"height":532,"url":"https:\/\/strangercam.com\/wp-content\/uploads\/2021\/10\/Untitled-2.png","type":"image\/png"}],"twitter_card":"summary_large_image","twitter_site":"@strangercamapp","twitter_misc":{"Est. tempo de leitura":"5 minutos"},"schema":{"@context":"https:\/\/schema.org","@graph":[{"@type":"WebPage","@id":"https:\/\/strangercam.com\/free-random-video-chat\/","url":"https:\/\/strangercam.com\/free-random-video-chat\/","name":"Bate-papo de v\u00eddeo aleat\u00f3rio gratuito em Strangercam.com","isPartOf":{"@id":"https:\/\/strangercam.com\/#website"},"datePublished":"2025-09-03T10:43:36+00:00","dateModified":"2025-09-03T11:42:39+00:00","description":"Est\u00e1 gostando do bate-papo por v\u00eddeo aleat\u00f3rio gratuito? Join milh\u00f5es em StrangerCam.com! Inicie um bate-papo por v\u00eddeo aleat\u00f3rio, ligue sua c\u00e2mera e conhe\u00e7a estranhos instantaneamente.","breadcrumb":{"@id":"https:\/\/strangercam.com\/free-random-video-chat\/#breadcrumb"},"inLanguage":"pt-BR","potentialAction":[{"@type":"ReadAction","target":["https:\/\/strangercam.com\/free-random-video-chat\/"]}]},{"@type":"BreadcrumbList","@id":"https:\/\/strangercam.com\/free-random-video-chat\/#breadcrumb","itemListElement":[{"@type":"ListItem","position":1,"name":"Home","item":"https:\/\/strangercam.com\/"},{"@type":"ListItem","position":2,"name":"Free Random Video Chat"}]},{"@type":"WebSite","@id":"https:\/\/strangercam.com\/#website","url":"https:\/\/strangercam.com\/","name":"Strangercam","description":"Bate-papo por v\u00eddeo aleat\u00f3rio com estranhos","publisher":{"@id":"https:\/\/strangercam.com\/#organization"},"alternateName":"Strangercam.com","potentialAction":[{"@type":"SearchAction","target":{"@type":"EntryPoint","urlTemplate":"https:\/\/strangercam.com\/?s={search_term_string}"},"query-input":{"@type":"PropertyValueSpecification","valueRequired":true,"valueName":"search_term_string"}}],"inLanguage":"pt-BR"},{"@type":"Organization","@id":"https:\/\/strangercam.com\/#organization","name":"Strangercam","alternateName":"Strangercam.com","url":"https:\/\/strangercam.com\/","logo":{"@type":"ImageObject","inLanguage":"pt-BR","@id":"https:\/\/strangercam.com\/#\/schema\/logo\/image\/","url":"https:\/\/strangercam.com\/wp-content\/uploads\/2020\/11\/cropped-new-favicon-black.png","contentUrl":"https:\/\/strangercam.com\/wp-content\/uploads\/2020\/11\/cropped-new-favicon-black.png","width":512,"height":512,"caption":"Strangercam"},"image":{"@id":"https:\/\/strangercam.com\/#\/schema\/logo\/image\/"},"sameAs":["https:\/\/www.facebook.com\/strangercam","https:\/\/x.com\/strangercamapp"]}]}},"_links":{"self":[{"href":"https:\/\/strangercam.com\/pt-br\/wp-json\/wp\/v2\/pages\/4022","targetHints":{"allow":["GET"]}}],"collection":[{"href":"https:\/\/strangercam.com\/pt-br\/wp-json\/wp\/v2\/pages"}],"about":[{"href":"https:\/\/strangercam.com\/pt-br\/wp-json\/wp\/v2\/types\/page"}],"author":[{"embeddable":true,"href":"https:\/\/strangercam.com\/pt-br\/wp-json\/wp\/v2\/users\/8"}],"replies":[{"embeddable":true,"href":"https:\/\/strangercam.com\/pt-br\/wp-json\/wp\/v2\/comments?post=4022"}],"version-history":[{"count":3,"href":"https:\/\/strangercam.com\/pt-br\/wp-json\/wp\/v2\/pages\/4022\/revisions"}],"predecessor-version":[{"id":12997,"href":"https:\/\/strangercam.com\/pt-br\/wp-json\/wp\/v2\/pages\/4022\/revisions\/12997"}],"wp:attachment":[{"href":"https:\/\/strangercam.com\/pt-br\/wp-json\/wp\/v2\/media?parent=4022"}],"curies":[{"name":"wp","href":"https:\/\/api.w.org\/{rel}","templated":true}]}}