{"id":4004,"date":"2025-09-03T12:37:25","date_gmt":"2025-09-03T10:37:25","guid":{"rendered":"https:\/\/strangercam.com\/?page_id=4004"},"modified":"2025-09-03T13:39:32","modified_gmt":"2025-09-03T11:39:32","slug":"videochamada-com-estranhos","status":"publish","type":"page","link":"https:\/\/strangercam.com\/pt-br\/video-call-strangers\/","title":{"rendered":"Chamada de v\u00eddeo para estranhos"},"content":{"rendered":"<p>Voc\u00ea est\u00e1 procurando a melhor maneira de fazer videochamadas com estranhos? Voc\u00ea n\u00e3o est\u00e1 sozinho. Todos os meses, milh\u00f5es de pessoas procuram plataformas de chamadas de v\u00eddeo instant\u00e2neas para conhecer pessoas aleat\u00f3rias, fazer novos amigos, flertar casualmente ou simplesmente passar o tempo. Ao contr\u00e1rio dos aplicativos de namoro ou das redes sociais, que podem parecer lentos ou falsos, uma chamada com v\u00eddeo com estranhos \u00e9 espont\u00e2nea, real e empolgante.<\/p>\n<p>Com plataformas como a StrangerCam, voc\u00ea pode desfrutar de videochamadas gratuitas com estranhos a qualquer momento, sem cadastros, sem downloads e sem custos ocultos. \u00c9 uma das maneiras mais f\u00e1ceis e divertidas de se conectar pessoalmente com pessoas de todo o mundo.<\/p>\n<p>Este guia explicar\u00e1 tudo o que voc\u00ea precisa saber: o que significa fazer videochamadas com estranhos, por que isso \u00e9 t\u00e3o popular, como funciona, quais recursos s\u00e3o mais importantes, compara\u00e7\u00f5es das principais plataformas, dicas de seguran\u00e7a e por que a StrangerCam \u00e9 um dos melhores lugares para fazer videochamadas com estranhos em 2025.<\/p>\n<h2>O que significa \"Video Call Strangers\"?<\/h2>\n<p>Ao fazer videochamadas com estranhos, voc\u00ea se conecta instantaneamente com pessoas aleat\u00f3rias por meio de webcam e \u00e1udio ao vivo <a href=\"https:\/\/strangercam.com\/pt-br\/chathub\/\">bate-papo<\/a>. Ao contr\u00e1rio das plataformas baseadas em texto, as chamadas com v\u00eddeo garantem que voc\u00ea esteja falando com uma pessoa real em tempo real.<\/p>\n<p>N\u00e3o h\u00e1 necessidade de contas, perfis ou deslizes intermin\u00e1veis. Basta pressionar um bot\u00e3o e voc\u00ea estar\u00e1 cara a cara com algu\u00e9m novo. Se o bate-papo n\u00e3o for o que voc\u00ea est\u00e1 procurando, pressione Next e passe para a pr\u00f3xima pessoa instantaneamente.<\/p>\n<h2>Por que as pessoas adoram chamadas de v\u00eddeo gratuitas com estranhos<\/h2>\n<p>A popularidade da videochamada gratuita com estranhos disparou porque ela oferece algo \u00fanico:<\/p>\n<ul>\n<li>Autenticidade: O v\u00eddeo torna imposs\u00edvel falsificar. Voc\u00ea v\u00ea e ouve a pessoa real instantaneamente.<\/li>\n<li>Espontaneidade: cada bate-papo \u00e9 uma surpresa. Voc\u00ea nunca sabe quem ser\u00e1 o pr\u00f3ximo.<\/li>\n<li>Sem compromisso: Sem registros, sem perfis - apenas conex\u00e3o r\u00e1pida e instant\u00e2nea.<\/li>\n<li>Alcance global: Conhe\u00e7a pessoas desconhecidas em todo o mundo, 24 horas por dia, 7 dias por semana.<\/li>\n<li>Amizade e paquera: Algumas pessoas o usam para fazer novos amigos; outras, para flertar de forma leve.<\/li>\n<li>Entretenimento r\u00e1pido: Perfeito para curar o t\u00e9dio ou adicionar emo\u00e7\u00e3o ao seu dia.<\/li>\n<\/ul>\n<h2>Como funciona uma videochamada com um estranho?<\/h2>\n<p>Usar uma plataforma de videochamada para estranhos \u00e9 r\u00e1pido e simples:<\/p>\n<ol>\n<li>Abra a plataforma (navegador para desktop ou celular).<\/li>\n<li>Permita o acesso \u00e0 c\u00e2mera e ao microfone.<\/li>\n<li>Clique em \"Start Chat\" para se conectar instantaneamente com uma pessoa aleat\u00f3ria.<\/li>\n<li>Converse cara a cara em tempo real.<\/li>\n<li>Clique em \"Next\" sempre que quiser conhecer algu\u00e9m novo.<\/li>\n<\/ol>\n<p>Alguns sites tamb\u00e9m oferecem recursos como filtros de g\u00eanero, sele\u00e7\u00e3o de pa\u00eds e at\u00e9 mesmo tradu\u00e7\u00e3o no chat.<\/p>\n<h2>Principais recursos a serem observados<\/h2>\n<p>Nem toda plataforma que oferece chamadas de v\u00eddeo com estranhos vale seu tempo. Veja a seguir o que voc\u00ea deve procurar:<\/p>\n<h3>1. Acesso verdadeiramente gratuito<\/h3>\n<p>Evite sites que afirmam ser gratuitos, mas restringem os recursos por meio de paywalls.<\/p>\n<h3>2. N\u00e3o \u00e9 necess\u00e1rio registrar-se<\/h3>\n<p>Voc\u00ea deve poder conversar instantaneamente sem se registrar.<\/p>\n<h3>3. Filtros de g\u00eanero e localiza\u00e7\u00e3o<\/h3>\n<p>\u00datil se voc\u00ea quiser conhecer tipos espec\u00edficos de pessoas.<\/p>\n<h3>4. Modera\u00e7\u00e3o segura<\/h3>\n<p>As plataformas com ferramentas de den\u00fancia e modera\u00e7\u00e3o oferecem ambientes mais seguros.<\/p>\n<h3>5. Experi\u00eancia compat\u00edvel com dispositivos m\u00f3veis<\/h3>\n<p>Certifique-se de que a plataforma funcione tanto em smartphones quanto em desktops.<\/p>\n<h3>6. V\u00eddeo e \u00e1udio de alta qualidade<\/h3>\n<p>Conex\u00f5es claras tornam as conversas naturais e agrad\u00e1veis.<\/p>\n<h2>Melhores plataformas para fazer videochamadas com estranhos em 2025<\/h2>\n<p>Aqui est\u00e1 uma compara\u00e7\u00e3o das principais plataformas para videochamadas com estranhos:<\/p>\n<table>\n<thead>\n<tr>\n<th>Plataforma<\/th>\n<th align=\"center\">Acesso gratuito<\/th>\n<th align=\"center\">Filtro de g\u00eanero<\/th>\n<th align=\"center\">Registro necess\u00e1rio<\/th>\n<th align=\"center\">Suporte m\u00f3vel<\/th>\n<th align=\"center\">Modera\u00e7\u00e3o<\/th>\n<th>Notas<\/th>\n<\/tr>\n<\/thead>\n<tbody>\n<tr>\n<td>StrangerCam<\/td>\n<td align=\"center\">\u2705<\/td>\n<td align=\"center\">\u2705 (Gratuito)<\/td>\n<td align=\"center\">\u274c<\/td>\n<td align=\"center\">\u2705<\/td>\n<td align=\"center\">\u2705<\/td>\n<td>A melhor op\u00e7\u00e3o geral, realmente gratuita<\/td>\n<\/tr>\n<tr>\n<td><a href=\"https:\/\/strangercam.com\/pt-br\/chatroulette\/\">Chatroulette<\/a><\/td>\n<td align=\"center\">\u2705<\/td>\n<td align=\"center\">\u274c (Pago)<\/td>\n<td align=\"center\">\u274c<\/td>\n<td align=\"center\">\u2705<\/td>\n<td align=\"center\">\u2705<\/td>\n<td>Cl\u00e1ssico, mas com filtro de g\u00eanero bloqueado<\/td>\n<\/tr>\n<tr>\n<td>Chatrandom<\/td>\n<td align=\"center\">\u2705<\/td>\n<td align=\"center\">\u274c (Pago)<\/td>\n<td align=\"center\">\u274c<\/td>\n<td align=\"center\">\u2705<\/td>\n<td align=\"center\">\u2705<\/td>\n<td>Ampla base de usu\u00e1rios, mas as atualiza\u00e7\u00f5es s\u00e3o feitas com pressa<\/td>\n<\/tr>\n<tr>\n<td><a href=\"https:\/\/strangercam.com\/pt-br\/ometv\/\">OmeTV<\/a><\/td>\n<td align=\"center\">\u2705<\/td>\n<td align=\"center\">\u274c<\/td>\n<td align=\"center\">\u274c<\/td>\n<td align=\"center\">\u2705<\/td>\n<td align=\"center\">\u2705<\/td>\n<td>Somente aleat\u00f3rio, aplicativo m\u00f3vel dispon\u00edvel<\/td>\n<\/tr>\n<tr>\n<td>Shagle<\/td>\n<td align=\"center\">\u2705<\/td>\n<td align=\"center\">\u274c (Pago)<\/td>\n<td align=\"center\">\u274c<\/td>\n<td align=\"center\">\u2705<\/td>\n<td align=\"center\">\u2705<\/td>\n<td>Chats gratuitos, recursos premium pagos<\/td>\n<\/tr>\n<tr>\n<td><a href=\"https:\/\/strangercam.com\/pt-br\/coomeet\/\">CooMeet<\/a><\/td>\n<td align=\"center\">\u274c (Teste)<\/td>\n<td align=\"center\">\u2705<\/td>\n<td align=\"center\">\u2705<\/td>\n<td align=\"center\">\u2705<\/td>\n<td align=\"center\">\u2705<\/td>\n<td>Pago ap\u00f3s uma breve avalia\u00e7\u00e3o gratuita<\/td>\n<\/tr>\n<tr>\n<td>LuckyCrush<\/td>\n<td align=\"center\">\u274c<\/td>\n<td align=\"center\">\u2705<\/td>\n<td align=\"center\">\u2705<\/td>\n<td align=\"center\">\u2705<\/td>\n<td align=\"center\">\u2705<\/td>\n<td>Sempre pago, bate-papo baseado em g\u00eanero<\/td>\n<\/tr>\n<\/tbody>\n<\/table>\n<p>A StrangerCam \u00e9 uma das poucas plataformas que oferece videochamadas gratuitas com estranhos, com um filtro de g\u00eanero ativo, sem inscri\u00e7\u00f5es e com uso ilimitado.<\/p>\n<h2>Por que a StrangerCam \u00e9 a melhor op\u00e7\u00e3o<\/h2>\n<p>Veja por que a StrangerCam \u00e9 a principal plataforma para chamadas de v\u00eddeo com estranhos em 2025:<\/p>\n<h3>1. 100% Gr\u00e1tis e ilimitado<\/h3>\n<p>Sem cr\u00e9ditos, sem limites - apenas chamadas de v\u00eddeo gratuitas.<\/p>\n<h3>2. Filtro de g\u00eanero gratuito<\/h3>\n<p>Escolha com quem voc\u00ea quer conversar - rapazes, mo\u00e7as ou ambos - sem pagar.<\/p>\n<h3>3. N\u00e3o \u00e9 necess\u00e1rio registrar-se<\/h3>\n<p>Permane\u00e7a an\u00f4nimo e conecte-se instantaneamente.<\/p>\n<h3>4. Seguro e moderado<\/h3>\n<p>A modera\u00e7\u00e3o ativa e as ferramentas de den\u00fancia mant\u00eam a comunidade amig\u00e1vel.<\/p>\n<h3>5. Base de usu\u00e1rios global<\/h3>\n<p>Conhe\u00e7a pessoas de mais de 100 pa\u00edses a qualquer momento.<\/p>\n<h3>6. Funciona em todos os dispositivos<\/h3>\n<p>Otimizado tanto para celular quanto para desktop.<\/p>\n<h2>Depoimentos reais de usu\u00e1rios<\/h2>\n<blockquote><p><em>\"Eu queria um site onde pudesse fazer videochamadas com estranhos sem ser enganado. O StrangerCam foi a primeira plataforma que era realmente gratuita.\"<\/em><br \/>\n- Josh, 27 anos<\/p><\/blockquote>\n<blockquote><p><em>\"Adoro o fato de n\u00e3o precisar me cadastrar. Basta clicar em iniciar e j\u00e1 estou conectado com pessoas reais.\"<\/em><br \/>\n- Isabella, 22 anos<\/p><\/blockquote>\n<blockquote><p><em>\"O filtro de g\u00eanero realmente funciona sem a necessidade de pagar a mais. Finalmente, um site que cumpre o que promete.\"<\/em><br \/>\n- Liam, 29 anos<\/p><\/blockquote>\n<blockquote><p><em>\"R\u00e1pido, f\u00e1cil e divertido. Conheci pessoas de todo o mundo em uma \u00fanica noite.\"<\/em><br \/>\n- Sofia, 24<\/p><\/blockquote>\n<h2>Dicas de seguran\u00e7a para chamadas de v\u00eddeo com estranhos<\/h2>\n<p>Embora as videochamadas com estranhos sejam divertidas, voc\u00ea deve sempre se manter seguro:<\/p>\n<ul>\n<li>N\u00e3o compartilhe detalhes pessoais como seu nome, endere\u00e7o ou n\u00famero de telefone.<\/li>\n<li>Evite clicar em links de estranhos.<\/li>\n<li>Use o bot\u00e3o \"Next\" se o bate-papo parecer desconfort\u00e1vel.<\/li>\n<li>Verifique seu plano de fundo antes de ligar a webcam.<\/li>\n<li>Use as ferramentas de seguran\u00e7a da plataforma (bloquear\/denunciar).<\/li>\n<li>Respeite os limites de idade - n\u00e3o use plataformas para adultos se voc\u00ea tiver menos de 18 anos.<\/li>\n<\/ul>\n<h2>Como come\u00e7ar - passo a passo<\/h2>\n<p>Leva menos de um minuto para iniciar uma chamada de v\u00eddeo com estranhos:<\/p>\n<ol>\n<li>Abra a StrangerCam em seu navegador ou no celular.<\/li>\n<li>Permitir acesso \u00e0 webcam e ao microfone.<\/li>\n<li>Selecione prefer\u00eancias (como filtros de g\u00eanero).<\/li>\n<li>Clique em Start Chat para se conectar instantaneamente.<\/li>\n<li>Pressione Next a qualquer momento para conhecer algu\u00e9m novo.<\/li>\n<\/ol>\n<p>\u00c9 isso: r\u00e1pido, simples e gratuito.<\/p>\n<h2>Considera\u00e7\u00f5es finais - Experimente hoje mesmo as chamadas de v\u00eddeo gratuitas com estranhos<\/h2>\n<p>Em 2025, uma das maneiras mais f\u00e1ceis de conhecer novas pessoas \u00e9 fazer videochamadas on-line com estranhos. \u00c9 espont\u00e2neo, empolgante e proporciona conex\u00f5es reais instantaneamente.<\/p>\n<p>Mas nem todas as plataformas cumprem o que prometem. Muitos sites escondem recursos essenciais por tr\u00e1s de paywalls ou enchem seus bate-papos de bots. \u00c9 por isso que o StrangerCam \u00e9 a melhor op\u00e7\u00e3o: \u00e9 gratuito, seguro, an\u00f4nimo e cheio de pessoas de todo o mundo prontas para se conectar.<\/p>\n<p>Pronto para conhecer algu\u00e9m novo? Inicie uma chamada de v\u00eddeo gratuita com estranhos hoje mesmo e veja quem voc\u00ea conhecer\u00e1 em seguida.<\/p>","protected":false},"excerpt":{"rendered":"<p>Have you been looking for the best way to video call strangers? You\u2019re not alone. Every month, millions of people search for instant video call platforms where they can meet random people, make new friends, flirt casually, or simply pass the time. Unlike dating apps or social networks, which can feel slow or fake, a [&hellip;]<\/p>\n","protected":false},"author":8,"featured_media":0,"parent":0,"menu_order":0,"comment_status":"closed","ping_status":"closed","template":"","meta":{"footnotes":""},"class_list":["post-4004","page","type-page","status-publish","hentry"],"yoast_head":"<!-- This site is optimized with the Yoast SEO plugin v27.4 - https:\/\/yoast.com\/product\/yoast-seo-wordpress\/ -->\n<title>Video Call Strangers on Strangercam.com<\/title>\n<meta name=\"description\" content=\"Liking Video Call Strangers? Join millions on StrangerCam.com! Start a random video chat, turn on your cam, and meet strangers instantly.\" \/>\n<meta name=\"robots\" content=\"index, follow, max-snippet:-1, max-image-preview:large, max-video-preview:-1\" \/>\n<link rel=\"canonical\" href=\"https:\/\/strangercam.com\/pt-br\/videochamada-com-estranhos\/\" \/>\n<meta property=\"og:locale\" content=\"pt_BR\" \/>\n<meta property=\"og:type\" content=\"article\" \/>\n<meta property=\"og:title\" content=\"Video Call Strangers on Strangercam.com\" \/>\n<meta property=\"og:description\" content=\"Liking Video Call Strangers? Join millions on StrangerCam.com! Start a random video chat, turn on your cam, and meet strangers instantly.\" \/>\n<meta property=\"og:url\" content=\"https:\/\/strangercam.com\/pt-br\/videochamada-com-estranhos\/\" \/>\n<meta property=\"og:site_name\" content=\"Strangercam\" \/>\n<meta property=\"article:publisher\" content=\"https:\/\/www.facebook.com\/strangercam\" \/>\n<meta property=\"article:modified_time\" content=\"2025-09-03T11:39:32+00:00\" \/>\n<meta property=\"og:image\" content=\"https:\/\/strangercam.com\/wp-content\/uploads\/2021\/10\/Untitled-2.png\" \/>\n\t<meta property=\"og:image:width\" content=\"800\" \/>\n\t<meta property=\"og:image:height\" content=\"532\" \/>\n\t<meta property=\"og:image:type\" content=\"image\/png\" \/>\n<meta name=\"twitter:card\" content=\"summary_large_image\" \/>\n<meta name=\"twitter:site\" content=\"@strangercamapp\" \/>\n<meta name=\"twitter:label1\" content=\"Est. tempo de leitura\" \/>\n\t<meta name=\"twitter:data1\" content=\"5 minutos\" \/>\n<script type=\"application\/ld+json\" class=\"yoast-schema-graph\">{\"@context\":\"https:\\\/\\\/schema.org\",\"@graph\":[{\"@type\":\"WebPage\",\"@id\":\"https:\\\/\\\/strangercam.com\\\/video-call-strangers\\\/\",\"url\":\"https:\\\/\\\/strangercam.com\\\/video-call-strangers\\\/\",\"name\":\"Video Call Strangers on Strangercam.com\",\"isPartOf\":{\"@id\":\"https:\\\/\\\/strangercam.com\\\/#website\"},\"datePublished\":\"2025-09-03T10:37:25+00:00\",\"dateModified\":\"2025-09-03T11:39:32+00:00\",\"description\":\"Liking Video Call Strangers? Join millions on StrangerCam.com! Start a random video chat, turn on your cam, and meet strangers instantly.\",\"breadcrumb\":{\"@id\":\"https:\\\/\\\/strangercam.com\\\/video-call-strangers\\\/#breadcrumb\"},\"inLanguage\":\"pt-BR\",\"potentialAction\":[{\"@type\":\"ReadAction\",\"target\":[\"https:\\\/\\\/strangercam.com\\\/video-call-strangers\\\/\"]}]},{\"@type\":\"BreadcrumbList\",\"@id\":\"https:\\\/\\\/strangercam.com\\\/video-call-strangers\\\/#breadcrumb\",\"itemListElement\":[{\"@type\":\"ListItem\",\"position\":1,\"name\":\"Home\",\"item\":\"https:\\\/\\\/strangercam.com\\\/\"},{\"@type\":\"ListItem\",\"position\":2,\"name\":\"Video Call Strangers\"}]},{\"@type\":\"WebSite\",\"@id\":\"https:\\\/\\\/strangercam.com\\\/#website\",\"url\":\"https:\\\/\\\/strangercam.com\\\/\",\"name\":\"Strangercam\",\"description\":\"Random Video Chat with Strangers\",\"publisher\":{\"@id\":\"https:\\\/\\\/strangercam.com\\\/#organization\"},\"alternateName\":\"Strangercam.com\",\"potentialAction\":[{\"@type\":\"SearchAction\",\"target\":{\"@type\":\"EntryPoint\",\"urlTemplate\":\"https:\\\/\\\/strangercam.com\\\/?s={search_term_string}\"},\"query-input\":{\"@type\":\"PropertyValueSpecification\",\"valueRequired\":true,\"valueName\":\"search_term_string\"}}],\"inLanguage\":\"pt-BR\"},{\"@type\":\"Organization\",\"@id\":\"https:\\\/\\\/strangercam.com\\\/#organization\",\"name\":\"Strangercam\",\"alternateName\":\"Strangercam.com\",\"url\":\"https:\\\/\\\/strangercam.com\\\/\",\"logo\":{\"@type\":\"ImageObject\",\"inLanguage\":\"pt-BR\",\"@id\":\"https:\\\/\\\/strangercam.com\\\/#\\\/schema\\\/logo\\\/image\\\/\",\"url\":\"https:\\\/\\\/strangercam.com\\\/wp-content\\\/uploads\\\/2020\\\/11\\\/cropped-new-favicon-black.png\",\"contentUrl\":\"https:\\\/\\\/strangercam.com\\\/wp-content\\\/uploads\\\/2020\\\/11\\\/cropped-new-favicon-black.png\",\"width\":512,\"height\":512,\"caption\":\"Strangercam\"},\"image\":{\"@id\":\"https:\\\/\\\/strangercam.com\\\/#\\\/schema\\\/logo\\\/image\\\/\"},\"sameAs\":[\"https:\\\/\\\/www.facebook.com\\\/strangercam\",\"https:\\\/\\\/x.com\\\/strangercamapp\"]}]}<\/script>\n<!-- \/ Yoast SEO plugin. -->","yoast_head_json":{"title":"Chamada de v\u00eddeo para estranhos no Strangercam.com","description":"Gosta de fazer chamadas de v\u00eddeo com estranhos? Join milh\u00f5es em StrangerCam.com! Inicie um bate-papo por v\u00eddeo aleat\u00f3rio, ligue sua c\u00e2mera e conhe\u00e7a estranhos instantaneamente.","robots":{"index":"index","follow":"follow","max-snippet":"max-snippet:-1","max-image-preview":"max-image-preview:large","max-video-preview":"max-video-preview:-1"},"canonical":"https:\/\/strangercam.com\/pt-br\/videochamada-com-estranhos\/","og_locale":"pt_BR","og_type":"article","og_title":"Video Call Strangers on Strangercam.com","og_description":"Liking Video Call Strangers? Join millions on StrangerCam.com! Start a random video chat, turn on your cam, and meet strangers instantly.","og_url":"https:\/\/strangercam.com\/pt-br\/videochamada-com-estranhos\/","og_site_name":"Strangercam","article_publisher":"https:\/\/www.facebook.com\/strangercam","article_modified_time":"2025-09-03T11:39:32+00:00","og_image":[{"width":800,"height":532,"url":"https:\/\/strangercam.com\/wp-content\/uploads\/2021\/10\/Untitled-2.png","type":"image\/png"}],"twitter_card":"summary_large_image","twitter_site":"@strangercamapp","twitter_misc":{"Est. tempo de leitura":"5 minutos"},"schema":{"@context":"https:\/\/schema.org","@graph":[{"@type":"WebPage","@id":"https:\/\/strangercam.com\/video-call-strangers\/","url":"https:\/\/strangercam.com\/video-call-strangers\/","name":"Chamada de v\u00eddeo para estranhos no Strangercam.com","isPartOf":{"@id":"https:\/\/strangercam.com\/#website"},"datePublished":"2025-09-03T10:37:25+00:00","dateModified":"2025-09-03T11:39:32+00:00","description":"Gosta de fazer chamadas de v\u00eddeo com estranhos? Join milh\u00f5es em StrangerCam.com! Inicie um bate-papo por v\u00eddeo aleat\u00f3rio, ligue sua c\u00e2mera e conhe\u00e7a estranhos instantaneamente.","breadcrumb":{"@id":"https:\/\/strangercam.com\/video-call-strangers\/#breadcrumb"},"inLanguage":"pt-BR","potentialAction":[{"@type":"ReadAction","target":["https:\/\/strangercam.com\/video-call-strangers\/"]}]},{"@type":"BreadcrumbList","@id":"https:\/\/strangercam.com\/video-call-strangers\/#breadcrumb","itemListElement":[{"@type":"ListItem","position":1,"name":"Home","item":"https:\/\/strangercam.com\/"},{"@type":"ListItem","position":2,"name":"Video Call Strangers"}]},{"@type":"WebSite","@id":"https:\/\/strangercam.com\/#website","url":"https:\/\/strangercam.com\/","name":"Strangercam","description":"Bate-papo por v\u00eddeo aleat\u00f3rio com estranhos","publisher":{"@id":"https:\/\/strangercam.com\/#organization"},"alternateName":"Strangercam.com","potentialAction":[{"@type":"SearchAction","target":{"@type":"EntryPoint","urlTemplate":"https:\/\/strangercam.com\/?s={search_term_string}"},"query-input":{"@type":"PropertyValueSpecification","valueRequired":true,"valueName":"search_term_string"}}],"inLanguage":"pt-BR"},{"@type":"Organization","@id":"https:\/\/strangercam.com\/#organization","name":"Strangercam","alternateName":"Strangercam.com","url":"https:\/\/strangercam.com\/","logo":{"@type":"ImageObject","inLanguage":"pt-BR","@id":"https:\/\/strangercam.com\/#\/schema\/logo\/image\/","url":"https:\/\/strangercam.com\/wp-content\/uploads\/2020\/11\/cropped-new-favicon-black.png","contentUrl":"https:\/\/strangercam.com\/wp-content\/uploads\/2020\/11\/cropped-new-favicon-black.png","width":512,"height":512,"caption":"Strangercam"},"image":{"@id":"https:\/\/strangercam.com\/#\/schema\/logo\/image\/"},"sameAs":["https:\/\/www.facebook.com\/strangercam","https:\/\/x.com\/strangercamapp"]}]}},"_links":{"self":[{"href":"https:\/\/strangercam.com\/pt-br\/wp-json\/wp\/v2\/pages\/4004","targetHints":{"allow":["GET"]}}],"collection":[{"href":"https:\/\/strangercam.com\/pt-br\/wp-json\/wp\/v2\/pages"}],"about":[{"href":"https:\/\/strangercam.com\/pt-br\/wp-json\/wp\/v2\/types\/page"}],"author":[{"embeddable":true,"href":"https:\/\/strangercam.com\/pt-br\/wp-json\/wp\/v2\/users\/8"}],"replies":[{"embeddable":true,"href":"https:\/\/strangercam.com\/pt-br\/wp-json\/wp\/v2\/comments?post=4004"}],"version-history":[{"count":2,"href":"https:\/\/strangercam.com\/pt-br\/wp-json\/wp\/v2\/pages\/4004\/revisions"}],"predecessor-version":[{"id":12995,"href":"https:\/\/strangercam.com\/pt-br\/wp-json\/wp\/v2\/pages\/4004\/revisions\/12995"}],"wp:attachment":[{"href":"https:\/\/strangercam.com\/pt-br\/wp-json\/wp\/v2\/media?parent=4004"}],"curies":[{"name":"wp","href":"https:\/\/api.w.org\/{rel}","templated":true}]}}