{"id":3970,"date":"2025-08-28T17:31:39","date_gmt":"2025-08-28T15:31:39","guid":{"rendered":"https:\/\/strangercam.com\/?page_id=3970"},"modified":"2025-09-03T13:32:00","modified_gmt":"2025-09-03T11:32:00","slug":"bate-papo-aleatorio-pela-webcam","status":"publish","type":"page","link":"https:\/\/strangercam.com\/pt-br\/random-webcam-chat\/","title":{"rendered":"Bate-papo aleat\u00f3rio na webcam"},"content":{"rendered":"<p>Procurando a emo\u00e7\u00e3o de uma webcam aleat\u00f3ria <a href=\"https:\/\/strangercam.com\/pt-br\/chathub\/\">bate-papo<\/a>? Voc\u00ea n\u00e3o est\u00e1 sozinho. Desde os primeiros dias da <a href=\"https:\/\/strangercam.com\/pt-br\/omegle\/\">Omegle<\/a> e <a href=\"https:\/\/strangercam.com\/pt-br\/chatroulette\/\">Chatroulette<\/a>, Em meados de 2008, milh\u00f5es de pessoas descobriram a divers\u00e3o de se conectar cara a cara com estranhos com o clique de um bot\u00e3o. Ao contr\u00e1rio das m\u00eddias sociais ou dos aplicativos de namoro, em que as conversas parecem planejadas ou lentas, o bate-papo aleat\u00f3rio pela webcam \u00e9 instant\u00e2neo, espont\u00e2neo e real.<\/p>\n<p>Em 2025, plataformas como o StrangerCam tornaram mais f\u00e1cil do que nunca desfrutar de bate-papo com webcam aleat\u00f3rio gratuito - sem downloads, sem inscri\u00e7\u00f5es e sem custos ocultos. Quer voc\u00ea esteja aqui para conhecer novos amigos, paquerar, compartilhar culturas ou simplesmente fugir do t\u00e9dio, o bate-papo com estranhos pela webcam \u00e9 uma das maneiras mais interessantes de se conectar on-line.<\/p>\n<p>Este guia explicar\u00e1 tudo o que voc\u00ea precisa saber: como funciona o bate-papo aleat\u00f3rio pela webcam, por que as pessoas adoram, quais recursos procurar, compara\u00e7\u00f5es entre as principais plataformas, dicas de seguran\u00e7a e por que a StrangerCam \u00e9 uma das melhores op\u00e7\u00f5es atualmente.<\/p>\n<h2>O que \u00e9 o bate-papo aleat\u00f3rio na webcam?<\/h2>\n<p>O bate-papo aleat\u00f3rio com webcam \u00e9 uma experi\u00eancia de v\u00eddeo ao vivo individual que o conecta instantaneamente com estranhos em todo o mundo usando sua webcam e microfone. Ao contr\u00e1rio das salas de bate-papo com texto, o bate-papo com webcam oferece intera\u00e7\u00e3o cara a cara em tempo real.<\/p>\n<p>O processo foi projetado para ser r\u00e1pido e f\u00e1cil: basta pressionar \"Start\" (Iniciar) e, em poucos segundos, voc\u00ea estar\u00e1 em contato com algu\u00e9m novo. Se voc\u00ea n\u00e3o gostar da conversa, pressione \"Next\" (Pr\u00f3ximo) para seguir em frente. Cada bate-papo \u00e9 \u00fanico - \u00e0s vezes, engra\u00e7ado, \u00e0s vezes, sedutor, \u00e0s vezes, surpreendente.<\/p>\n<h2>Por que as pessoas adoram o bate-papo aleat\u00f3rio gratuito na webcam<\/h2>\n<p>O apelo do bate-papo aleat\u00f3rio gratuito com webcam est\u00e1 crescendo rapidamente, e aqui est\u00e1 o motivo:<\/p>\n<ul>\n<li>Divers\u00e3o espont\u00e2nea - Voc\u00ea nunca sabe quem vai encontrar em seguida.<\/li>\n<li>Autenticidade - o v\u00eddeo prova que voc\u00ea est\u00e1 falando com uma pessoa real, n\u00e3o com um bot ou perfil falso.<\/li>\n<li>Sem cadastros ou compromissos - Muitas plataformas n\u00e3o exigem contas. Basta clicar e conversar.<\/li>\n<li>Conex\u00f5es globais - Conhe\u00e7a pessoas de todo o mundo em segundos.<\/li>\n<li>Variedade - Cada bate-papo \u00e9 diferente: casual, cultural ou at\u00e9 mesmo de flerte.<\/li>\n<li>Al\u00edvio do estresse e entretenimento - Uma maneira perfeita de relaxar e curar o t\u00e9dio.<\/li>\n<\/ul>\n<h2>Como funciona o bate-papo aleat\u00f3rio por webcam?<\/h2>\n<p>Iniciar um bate-papo aleat\u00f3rio pela webcam \u00e9 incrivelmente simples:<\/p>\n<ol>\n<li>Abra a plataforma em seu computador ou dispositivo m\u00f3vel.<\/li>\n<li>Permita o acesso \u00e0 c\u00e2mera e ao microfone.<\/li>\n<li>Clique em \"Start Chat\". Voc\u00ea se conectar\u00e1 instantaneamente com um estranho.<\/li>\n<li>Converse ao vivo, cara a cara.<\/li>\n<li>Clique em \"Next\" sempre que quiser conhecer algu\u00e9m novo.<\/li>\n<\/ol>\n<p>Todo o processo leva menos de um minuto, o que o torna uma das maneiras mais f\u00e1ceis de conhecer novas pessoas on-line.<\/p>\n<h2>Principais recursos a serem procurados<\/h2>\n<p>Nem todas as plataformas de bate-papo com webcam s\u00e3o iguais. Para obter a melhor experi\u00eancia, procure estes recursos principais:<\/p>\n<h3>1. Acesso verdadeiramente gratuito<\/h3>\n<p>Evite sites que afirmam ser gratuitos, mas que rapidamente o empurram para os paywalls.<\/p>\n<h3>2. N\u00e3o \u00e9 necess\u00e1rio registrar-se<\/h3>\n<p>N\u00e3o \u00e9 necess\u00e1rio se registrar ou fornecer detalhes pessoais apenas para come\u00e7ar a conversar.<\/p>\n<h3>3. Filtros de g\u00eanero e localiza\u00e7\u00e3o<\/h3>\n<p>Escolha conversar com tipos espec\u00edficos de pessoas, como somente garotas ou pessoas de determinados pa\u00edses.<\/p>\n<h3>4. Ferramentas robustas de modera\u00e7\u00e3o e gera\u00e7\u00e3o de relat\u00f3rios<\/h3>\n<p>Eles mant\u00eam o ambiente seguro, removendo usu\u00e1rios abusivos e bots.<\/p>\n<h3>5. Compatibilidade com dispositivos m\u00f3veis<\/h3>\n<p>Uma boa plataforma deve funcionar sem problemas em telefones, tablets e desktops.<\/p>\n<h3>6. V\u00eddeo e \u00e1udio de alta qualidade<\/h3>\n<p>Conex\u00f5es claras e confi\u00e1veis tornam as conversas mais naturais e divertidas.<\/p>\n<h2>As melhores plataformas de bate-papo aleat\u00f3rio com webcam em 2025<\/h2>\n<p>Veja como as principais op\u00e7\u00f5es se comparam para usu\u00e1rios que procuram bate-papo aleat\u00f3rio com webcam:<\/p>\n<table>\n<thead>\n<tr>\n<th>Plataforma<\/th>\n<th align=\"center\">Acesso gratuito<\/th>\n<th align=\"center\">Filtro de g\u00eanero<\/th>\n<th align=\"center\">Registro necess\u00e1rio<\/th>\n<th align=\"center\">Suporte m\u00f3vel<\/th>\n<th align=\"center\">Modera\u00e7\u00e3o<\/th>\n<th>Notas<\/th>\n<\/tr>\n<\/thead>\n<tbody>\n<tr>\n<td>StrangerCam<\/td>\n<td align=\"center\">\u2705<\/td>\n<td align=\"center\">\u2705 (Gratuito)<\/td>\n<td align=\"center\">\u274c<\/td>\n<td align=\"center\">\u2705<\/td>\n<td align=\"center\">\u2705<\/td>\n<td>A melhor op\u00e7\u00e3o para todos os fins, realmente gratuita<\/td>\n<\/tr>\n<tr>\n<td>Chatroulette<\/td>\n<td align=\"center\">\u2705<\/td>\n<td align=\"center\">\u274c (Pago)<\/td>\n<td align=\"center\">\u274c<\/td>\n<td align=\"center\">\u2705<\/td>\n<td align=\"center\">\u2705<\/td>\n<td>Cl\u00e1ssico, mas com filtros pagos<\/td>\n<\/tr>\n<tr>\n<td>Chatrandom<\/td>\n<td align=\"center\">\u2705<\/td>\n<td align=\"center\">\u274c (Pago)<\/td>\n<td align=\"center\">\u274c<\/td>\n<td align=\"center\">\u2705<\/td>\n<td align=\"center\">\u2705<\/td>\n<td>Popular, mas as atualiza\u00e7\u00f5es s\u00e3o pressionadas<\/td>\n<\/tr>\n<tr>\n<td><a href=\"https:\/\/strangercam.com\/pt-br\/ometv\/\">OmeTV<\/a><\/td>\n<td align=\"center\">\u2705<\/td>\n<td align=\"center\">\u274c<\/td>\n<td align=\"center\">\u274c<\/td>\n<td align=\"center\">\u2705<\/td>\n<td align=\"center\">\u2705<\/td>\n<td>Aplicativo m\u00f3vel, somente correspond\u00eancia aleat\u00f3ria<\/td>\n<\/tr>\n<tr>\n<td>Shagle<\/td>\n<td align=\"center\">\u2705<\/td>\n<td align=\"center\">\u274c (Pago)<\/td>\n<td align=\"center\">\u274c<\/td>\n<td align=\"center\">\u2705<\/td>\n<td align=\"center\">\u2705<\/td>\n<td>Muitos recursos bloqueados no premium<\/td>\n<\/tr>\n<tr>\n<td><a href=\"https:\/\/strangercam.com\/pt-br\/coomeet\/\">CooMeet<\/a><\/td>\n<td align=\"center\">\u274c (Teste)<\/td>\n<td align=\"center\">\u2705<\/td>\n<td align=\"center\">\u2705<\/td>\n<td align=\"center\">\u2705<\/td>\n<td align=\"center\">\u2705<\/td>\n<td>Pago ap\u00f3s uma avalia\u00e7\u00e3o gratuita limitada<\/td>\n<\/tr>\n<tr>\n<td>LuckyCrush<\/td>\n<td align=\"center\">\u274c<\/td>\n<td align=\"center\">\u2705<\/td>\n<td align=\"center\">\u2705<\/td>\n<td align=\"center\">\u2705<\/td>\n<td align=\"center\">\u2705<\/td>\n<td>Sempre pago, com correspond\u00eancia espec\u00edfica de g\u00eanero<\/td>\n<\/tr>\n<\/tbody>\n<\/table>\n<p>O StrangerCam se destaca como uma das \u00fanicas plataformas que oferecem bate-papo aleat\u00f3rio gratuito pela webcam com filtros de g\u00eanero funcionais, sem registro e com acesso ilimitado.<\/p>\n<h2>Por que StrangerCam \u00e9 o melhor lugar para bate-papo aleat\u00f3rio com webcam<\/h2>\n<p>Veja por que o StrangerCam \u00e9 a melhor op\u00e7\u00e3o para bate-papo com webcam em 2025:<\/p>\n<h3>1. Totalmente gratuito<\/h3>\n<p>Bate-papos ilimitados com estranhos, sem cobran\u00e7as ocultas.<\/p>\n<h3>2. Filtro de g\u00eanero gratuito<\/h3>\n<p>Selecione rapazes, mo\u00e7as ou ambos - sem barreiras de pagamento.<\/p>\n<h3>3. N\u00e3o \u00e9 necess\u00e1rio registrar-se<\/h3>\n<p>Entre diretamente no bate-papo com total anonimato.<\/p>\n<h3>4. Seguro e moderado<\/h3>\n<p>Ferramentas robustas de relat\u00f3rios e sistemas de modera\u00e7\u00e3o mant\u00eam o espa\u00e7o limpo e amig\u00e1vel.<\/p>\n<h3>5. Comunidade global<\/h3>\n<p>Estranhos de mais de 100 pa\u00edses on-line 24 horas por dia, 7 dias por semana.<\/p>\n<h3>6. Design compat\u00edvel com dispositivos m\u00f3veis<\/h3>\n<p>Otimizado para todos os dispositivos - converse a qualquer hora, em qualquer lugar.<\/p>\n<h2>Depoimentos reais de usu\u00e1rios<\/h2>\n<blockquote><p><em>\"O bate-papo aleat\u00f3rio com a webcam \u00e9 minha maneira favorita de relaxar depois do trabalho. O StrangerCam torna isso muito f\u00e1cil - sem registros, sem bobagens, apenas bate-papos gratuitos.\"<\/em><br \/>\n- Michael, 29 anos<\/p><\/blockquote>\n<blockquote><p><em>\"O filtro de g\u00eanero realmente funciona de gra\u00e7a, o que \u00e9 raro. Tive \u00f3timas conversas com meninas do mundo todo.\"<\/em><br \/>\n- Emma, 23 anos<\/p><\/blockquote>\n<blockquote><p><em>\"\u00c9 muito divertido. Em um minuto estou conversando com algu\u00e9m da It\u00e1lia, no outro com algu\u00e9m do Canad\u00e1. Voc\u00ea nunca sabe o que esperar.\"<\/em><br \/>\n- David, 26 anos<\/p><\/blockquote>\n<blockquote><p><em>\"Tentei outros sites, mas a maioria me pedia para pagar. O StrangerCam \u00e9 o \u00fanico que manteve sua promessa de bate-papo aleat\u00f3rio gratuito pela webcam.\"<\/em><br \/>\n- Sophia, 20 anos<\/p><\/blockquote>\n<h2>Dicas de seguran\u00e7a para bate-papo aleat\u00f3rio na webcam<\/h2>\n<p>Embora o bate-papo com webcam seja divertido, voc\u00ea deve sempre se manter seguro:<\/p>\n<ul>\n<li>N\u00e3o compartilhe detalhes pessoais, como seu telefone, e-mail ou endere\u00e7o residencial.<\/li>\n<li>Ignore ou bloqueie qualquer pessoa que o deixe desconfort\u00e1vel.<\/li>\n<li>Nunca clique em links que estranhos compartilham.<\/li>\n<li>Use um plano de fundo neutro para evitar revelar detalhes particulares.<\/li>\n<li>Siga as regras de idade - se tiver menos de 18 anos, evite sites de bate-papo para adultos.<\/li>\n<li>Utilize as ferramentas da plataforma para denunciar ou bloquear usu\u00e1rios mal-intencionados.<\/li>\n<\/ul>\n<h2>Como come\u00e7ar - passo a passo<\/h2>\n<p>Iniciar um bate-papo aleat\u00f3rio com a webcam leva apenas alguns segundos:<\/p>\n<ol>\n<li>Abra a StrangerCam em seu navegador.<\/li>\n<li>Permitir acesso \u00e0 webcam e ao microfone.<\/li>\n<li>Selecione as prefer\u00eancias (como o filtro de g\u00eanero).<\/li>\n<li>Clique em Start Chat para se conectar instantaneamente.<\/li>\n<li>Clique em Next a qualquer momento para conhecer algu\u00e9m novo.<\/li>\n<\/ol>\n<p>\u00c9 isso: r\u00e1pido, simples e totalmente gratuito.<\/p>\n<h2>Perguntas frequentes<\/h2>\n<h3>O bate-papo aleat\u00f3rio com webcam \u00e9 gratuito?<\/h3>\n<p>Sim. O StrangerCam oferece bate-papos gratuitos e ilimitados com estranhos pela webcam.<\/p>\n<h3>Preciso me registrar?<\/h3>\n<p>N\u00e3o. A StrangerCam n\u00e3o exige registro.<\/p>\n<h3>As pessoas s\u00e3o reais?<\/h3>\n<p>Sim. O bate-papo com webcam garante que voc\u00ea esteja conectado a pessoas reais, n\u00e3o a bots.<\/p>\n<h3>Posso us\u00e1-lo em meu telefone?<\/h3>\n<p>Sim. A StrangerCam \u00e9 compat\u00edvel com dispositivos m\u00f3veis e funciona em todos os dispositivos.<\/p>\n<h3>\u00c9 seguro?<\/h3>\n<p>Sim, desde que voc\u00ea siga as dicas de seguran\u00e7a e use as ferramentas de relat\u00f3rio da plataforma.<\/p>\n<h2>Considera\u00e7\u00f5es finais - Experimente hoje mesmo o bate-papo aleat\u00f3rio gratuito na webcam<\/h2>\n<p>Em 2025, o bate-papo aleat\u00f3rio pela webcam ainda \u00e9 uma das maneiras mais interessantes de conhecer novas pessoas on-line. \u00c9 gratuito, espont\u00e2neo e permite que voc\u00ea experimente uma intera\u00e7\u00e3o humana aut\u00eantica em tempo real.<\/p>\n<p>Mas nem todas as plataformas oferecem isso - muitas escondem filtros atr\u00e1s de paywalls ou inundam seus bate-papos com bots. \u00c9 por isso que a StrangerCam \u00e9 a melhor op\u00e7\u00e3o: \u00e9 gratuita, an\u00f4nima, segura e sempre cheia de pessoas prontas para se conectar.<\/p>\n<p>Pronto para experimentar? Inicie um bate-papo aleat\u00f3rio gratuito pela webcam hoje mesmo e veja quem voc\u00ea conhecer\u00e1 em seguida.<\/p>","protected":false},"excerpt":{"rendered":"<p>Looking for the thrill of a random webcam chat? You\u2019re not alone. Since the early days of Omegle and Chatroulette, millions of people have discovered the fun of connecting face-to-face with strangers at the click of a button. Unlike social media or dating apps, where conversations feel planned or slow, random webcam chat is instant, [&hellip;]<\/p>\n","protected":false},"author":8,"featured_media":0,"parent":0,"menu_order":0,"comment_status":"closed","ping_status":"closed","template":"","meta":{"footnotes":""},"class_list":["post-3970","page","type-page","status-publish","hentry"],"yoast_head":"<!-- This site is optimized with the Yoast SEO plugin v27.4 - https:\/\/yoast.com\/product\/yoast-seo-wordpress\/ -->\n<title>Random Webcam Chat with Random Chat on Strangercam.com<\/title>\n<meta name=\"description\" content=\"Liking Random Webcam Chat? Join millions on StrangerCam.com! Start a random video chat, turn on your cam, and meet strangers instantly.\" \/>\n<meta name=\"robots\" content=\"index, follow, max-snippet:-1, max-image-preview:large, max-video-preview:-1\" \/>\n<link rel=\"canonical\" href=\"https:\/\/strangercam.com\/pt-br\/bate-papo-aleatorio-pela-webcam\/\" \/>\n<meta property=\"og:locale\" content=\"pt_BR\" \/>\n<meta property=\"og:type\" content=\"article\" \/>\n<meta property=\"og:title\" content=\"Random Webcam Chat with Random Chat on Strangercam.com\" \/>\n<meta property=\"og:description\" content=\"Liking Random Webcam Chat? Join millions on StrangerCam.com! Start a random video chat, turn on your cam, and meet strangers instantly.\" \/>\n<meta property=\"og:url\" content=\"https:\/\/strangercam.com\/pt-br\/bate-papo-aleatorio-pela-webcam\/\" \/>\n<meta property=\"og:site_name\" content=\"Strangercam\" \/>\n<meta property=\"article:publisher\" content=\"https:\/\/www.facebook.com\/strangercam\" \/>\n<meta property=\"article:modified_time\" content=\"2025-09-03T11:32:00+00:00\" \/>\n<meta property=\"og:image\" content=\"https:\/\/strangercam.com\/wp-content\/uploads\/2021\/10\/Untitled-2.png\" \/>\n\t<meta property=\"og:image:width\" content=\"800\" \/>\n\t<meta property=\"og:image:height\" content=\"532\" \/>\n\t<meta property=\"og:image:type\" content=\"image\/png\" \/>\n<meta name=\"twitter:card\" content=\"summary_large_image\" \/>\n<meta name=\"twitter:site\" content=\"@strangercamapp\" \/>\n<meta name=\"twitter:label1\" content=\"Est. tempo de leitura\" \/>\n\t<meta name=\"twitter:data1\" content=\"5 minutos\" \/>\n<script type=\"application\/ld+json\" class=\"yoast-schema-graph\">{\"@context\":\"https:\\\/\\\/schema.org\",\"@graph\":[{\"@type\":\"WebPage\",\"@id\":\"https:\\\/\\\/strangercam.com\\\/random-webcam-chat\\\/\",\"url\":\"https:\\\/\\\/strangercam.com\\\/random-webcam-chat\\\/\",\"name\":\"Random Webcam Chat with Random Chat on Strangercam.com\",\"isPartOf\":{\"@id\":\"https:\\\/\\\/strangercam.com\\\/#website\"},\"datePublished\":\"2025-08-28T15:31:39+00:00\",\"dateModified\":\"2025-09-03T11:32:00+00:00\",\"description\":\"Liking Random Webcam Chat? Join millions on StrangerCam.com! Start a random video chat, turn on your cam, and meet strangers instantly.\",\"breadcrumb\":{\"@id\":\"https:\\\/\\\/strangercam.com\\\/random-webcam-chat\\\/#breadcrumb\"},\"inLanguage\":\"pt-BR\",\"potentialAction\":[{\"@type\":\"ReadAction\",\"target\":[\"https:\\\/\\\/strangercam.com\\\/random-webcam-chat\\\/\"]}]},{\"@type\":\"BreadcrumbList\",\"@id\":\"https:\\\/\\\/strangercam.com\\\/random-webcam-chat\\\/#breadcrumb\",\"itemListElement\":[{\"@type\":\"ListItem\",\"position\":1,\"name\":\"Home\",\"item\":\"https:\\\/\\\/strangercam.com\\\/\"},{\"@type\":\"ListItem\",\"position\":2,\"name\":\"Random Webcam Chat\"}]},{\"@type\":\"WebSite\",\"@id\":\"https:\\\/\\\/strangercam.com\\\/#website\",\"url\":\"https:\\\/\\\/strangercam.com\\\/\",\"name\":\"Strangercam\",\"description\":\"Random Video Chat with Strangers\",\"publisher\":{\"@id\":\"https:\\\/\\\/strangercam.com\\\/#organization\"},\"alternateName\":\"Strangercam.com\",\"potentialAction\":[{\"@type\":\"SearchAction\",\"target\":{\"@type\":\"EntryPoint\",\"urlTemplate\":\"https:\\\/\\\/strangercam.com\\\/?s={search_term_string}\"},\"query-input\":{\"@type\":\"PropertyValueSpecification\",\"valueRequired\":true,\"valueName\":\"search_term_string\"}}],\"inLanguage\":\"pt-BR\"},{\"@type\":\"Organization\",\"@id\":\"https:\\\/\\\/strangercam.com\\\/#organization\",\"name\":\"Strangercam\",\"alternateName\":\"Strangercam.com\",\"url\":\"https:\\\/\\\/strangercam.com\\\/\",\"logo\":{\"@type\":\"ImageObject\",\"inLanguage\":\"pt-BR\",\"@id\":\"https:\\\/\\\/strangercam.com\\\/#\\\/schema\\\/logo\\\/image\\\/\",\"url\":\"https:\\\/\\\/strangercam.com\\\/wp-content\\\/uploads\\\/2020\\\/11\\\/cropped-new-favicon-black.png\",\"contentUrl\":\"https:\\\/\\\/strangercam.com\\\/wp-content\\\/uploads\\\/2020\\\/11\\\/cropped-new-favicon-black.png\",\"width\":512,\"height\":512,\"caption\":\"Strangercam\"},\"image\":{\"@id\":\"https:\\\/\\\/strangercam.com\\\/#\\\/schema\\\/logo\\\/image\\\/\"},\"sameAs\":[\"https:\\\/\\\/www.facebook.com\\\/strangercam\",\"https:\\\/\\\/x.com\\\/strangercamapp\"]}]}<\/script>\n<!-- \/ Yoast SEO plugin. -->","yoast_head_json":{"title":"Bate-papo aleat\u00f3rio na webcam com o Bate-papo aleat\u00f3rio em Strangercam.com","description":"Gosta de bate-papo aleat\u00f3rio na webcam? Join milh\u00f5es em StrangerCam.com! Inicie um bate-papo por v\u00eddeo aleat\u00f3rio, ligue sua c\u00e2mera e conhe\u00e7a estranhos instantaneamente.","robots":{"index":"index","follow":"follow","max-snippet":"max-snippet:-1","max-image-preview":"max-image-preview:large","max-video-preview":"max-video-preview:-1"},"canonical":"https:\/\/strangercam.com\/pt-br\/bate-papo-aleatorio-pela-webcam\/","og_locale":"pt_BR","og_type":"article","og_title":"Random Webcam Chat with Random Chat on Strangercam.com","og_description":"Liking Random Webcam Chat? Join millions on StrangerCam.com! Start a random video chat, turn on your cam, and meet strangers instantly.","og_url":"https:\/\/strangercam.com\/pt-br\/bate-papo-aleatorio-pela-webcam\/","og_site_name":"Strangercam","article_publisher":"https:\/\/www.facebook.com\/strangercam","article_modified_time":"2025-09-03T11:32:00+00:00","og_image":[{"width":800,"height":532,"url":"https:\/\/strangercam.com\/wp-content\/uploads\/2021\/10\/Untitled-2.png","type":"image\/png"}],"twitter_card":"summary_large_image","twitter_site":"@strangercamapp","twitter_misc":{"Est. tempo de leitura":"5 minutos"},"schema":{"@context":"https:\/\/schema.org","@graph":[{"@type":"WebPage","@id":"https:\/\/strangercam.com\/random-webcam-chat\/","url":"https:\/\/strangercam.com\/random-webcam-chat\/","name":"Bate-papo aleat\u00f3rio na webcam com o Bate-papo aleat\u00f3rio em Strangercam.com","isPartOf":{"@id":"https:\/\/strangercam.com\/#website"},"datePublished":"2025-08-28T15:31:39+00:00","dateModified":"2025-09-03T11:32:00+00:00","description":"Gosta de bate-papo aleat\u00f3rio na webcam? Join milh\u00f5es em StrangerCam.com! Inicie um bate-papo por v\u00eddeo aleat\u00f3rio, ligue sua c\u00e2mera e conhe\u00e7a estranhos instantaneamente.","breadcrumb":{"@id":"https:\/\/strangercam.com\/random-webcam-chat\/#breadcrumb"},"inLanguage":"pt-BR","potentialAction":[{"@type":"ReadAction","target":["https:\/\/strangercam.com\/random-webcam-chat\/"]}]},{"@type":"BreadcrumbList","@id":"https:\/\/strangercam.com\/random-webcam-chat\/#breadcrumb","itemListElement":[{"@type":"ListItem","position":1,"name":"Home","item":"https:\/\/strangercam.com\/"},{"@type":"ListItem","position":2,"name":"Random Webcam Chat"}]},{"@type":"WebSite","@id":"https:\/\/strangercam.com\/#website","url":"https:\/\/strangercam.com\/","name":"Strangercam","description":"Bate-papo por v\u00eddeo aleat\u00f3rio com estranhos","publisher":{"@id":"https:\/\/strangercam.com\/#organization"},"alternateName":"Strangercam.com","potentialAction":[{"@type":"SearchAction","target":{"@type":"EntryPoint","urlTemplate":"https:\/\/strangercam.com\/?s={search_term_string}"},"query-input":{"@type":"PropertyValueSpecification","valueRequired":true,"valueName":"search_term_string"}}],"inLanguage":"pt-BR"},{"@type":"Organization","@id":"https:\/\/strangercam.com\/#organization","name":"Strangercam","alternateName":"Strangercam.com","url":"https:\/\/strangercam.com\/","logo":{"@type":"ImageObject","inLanguage":"pt-BR","@id":"https:\/\/strangercam.com\/#\/schema\/logo\/image\/","url":"https:\/\/strangercam.com\/wp-content\/uploads\/2020\/11\/cropped-new-favicon-black.png","contentUrl":"https:\/\/strangercam.com\/wp-content\/uploads\/2020\/11\/cropped-new-favicon-black.png","width":512,"height":512,"caption":"Strangercam"},"image":{"@id":"https:\/\/strangercam.com\/#\/schema\/logo\/image\/"},"sameAs":["https:\/\/www.facebook.com\/strangercam","https:\/\/x.com\/strangercamapp"]}]}},"_links":{"self":[{"href":"https:\/\/strangercam.com\/pt-br\/wp-json\/wp\/v2\/pages\/3970","targetHints":{"allow":["GET"]}}],"collection":[{"href":"https:\/\/strangercam.com\/pt-br\/wp-json\/wp\/v2\/pages"}],"about":[{"href":"https:\/\/strangercam.com\/pt-br\/wp-json\/wp\/v2\/types\/page"}],"author":[{"embeddable":true,"href":"https:\/\/strangercam.com\/pt-br\/wp-json\/wp\/v2\/users\/8"}],"replies":[{"embeddable":true,"href":"https:\/\/strangercam.com\/pt-br\/wp-json\/wp\/v2\/comments?post=3970"}],"version-history":[{"count":2,"href":"https:\/\/strangercam.com\/pt-br\/wp-json\/wp\/v2\/pages\/3970\/revisions"}],"predecessor-version":[{"id":12980,"href":"https:\/\/strangercam.com\/pt-br\/wp-json\/wp\/v2\/pages\/3970\/revisions\/12980"}],"wp:attachment":[{"href":"https:\/\/strangercam.com\/pt-br\/wp-json\/wp\/v2\/media?parent=3970"}],"curies":[{"name":"wp","href":"https:\/\/api.w.org\/{rel}","templated":true}]}}