{"id":3953,"date":"2025-08-28T17:28:59","date_gmt":"2025-08-28T15:28:59","guid":{"rendered":"https:\/\/strangercam.com\/?page_id=3953"},"modified":"2025-09-03T13:31:49","modified_gmt":"2025-09-03T11:31:49","slug":"bate-papo-de-video-aleatorio-online","status":"publish","type":"page","link":"https:\/\/strangercam.com\/pt-br\/bate-papo-de-video-aleatorio-online\/","title":{"rendered":"Bate-papo por v\u00eddeo aleat\u00f3rio on-line"},"content":{"rendered":"<p>Procurando a melhor maneira de curtir v\u00eddeos aleat\u00f3rios <a href=\"https:\/\/strangercam.com\/pt-br\/chathub\/\">bate-papo<\/a> on-line? Voc\u00ea n\u00e3o est\u00e1 sozinho. Desde os dias de <a href=\"https:\/\/strangercam.com\/pt-br\/omegle\/\">Omegle<\/a> e <a href=\"https:\/\/strangercam.com\/pt-br\/chatroulette\/\">Chatroulette<\/a>, Desde o in\u00edcio do s\u00e9culo XX, milh\u00f5es de pessoas em todo o mundo foram atra\u00eddas pela emo\u00e7\u00e3o de se conectar pessoalmente com estranhos. Ao contr\u00e1rio dos aplicativos de namoro ou da m\u00eddia social, que podem parecer encenados ou lentos, o bate-papo por v\u00eddeo aleat\u00f3rio on-line \u00e9 r\u00e1pido, real e espont\u00e2neo.<\/p>\n<p>Em 2025, plataformas como a StrangerCam tornaram mais f\u00e1cil do que nunca iniciar um bate-papo por v\u00eddeo aleat\u00f3rio on-line gratuito - sem downloads, sem inscri\u00e7\u00f5es e sem custos ocultos. Se voc\u00ea est\u00e1 aqui para fazer novos amigos, paquerar, praticar idiomas ou simplesmente matar o tempo, este guia mostrar\u00e1 tudo o que voc\u00ea precisa saber: como funciona, por que as pessoas adoram, os recursos mais importantes, dicas de seguran\u00e7a, compara\u00e7\u00f5es das principais plataformas e por que o StrangerCam \u00e9 uma das melhores op\u00e7\u00f5es atualmente.<\/p>\n<h2>O que \u00e9 o Random Video Chat Online?<\/h2>\n<p>O bate-papo por v\u00eddeo aleat\u00f3rio on-line \u00e9 uma experi\u00eancia de bate-papo por v\u00eddeo ao vivo individual em que voc\u00ea se conecta instantaneamente a um estranho usando sua webcam e microfone. O aspecto \"aleat\u00f3rio\" significa que voc\u00ea nunca sabe quem vai encontrar at\u00e9 o in\u00edcio do bate-papo - pode ser algu\u00e9m pr\u00f3ximo ou algu\u00e9m do outro lado do mundo.<\/p>\n<p>O formato \u00e9 simples: clique em \"Start\" e, em segundos, voc\u00ea estar\u00e1 frente a frente com algu\u00e9m novo. N\u00e3o est\u00e1 gostando da conversa? Basta clicar em \"Next\" para ser emparelhado com outra pessoa instantaneamente. Cada bate-papo \u00e9 \u00fanico - divertido, surpreendente e sempre imprevis\u00edvel.<\/p>\n<h2>Por que as pessoas adoram o bate-papo por v\u00eddeo aleat\u00f3rio gratuito on-line<\/h2>\n<p>H\u00e1 um motivo pelo qual milh\u00f5es de pessoas procuram por bate-papo por v\u00eddeo aleat\u00f3rio gratuito on-line todos os meses. Aqui est\u00e1 o que o torna t\u00e3o atraente:<\/p>\n<ul>\n<li>Espontaneidade: cada bate-papo \u00e9 uma surpresa, criando entusiasmo e curiosidade.<\/li>\n<li>Autenticidade: Ao contr\u00e1rio do bate-papo por texto, o v\u00eddeo garante que a pessoa \u00e9 real. Nada de bots ou falsifica\u00e7\u00f5es.<\/li>\n<li>Alcance global: Conhe\u00e7a pessoas de dezenas de pa\u00edses, 24 horas por dia, 7 dias por semana.<\/li>\n<li>Sem registros ou compromissos: Muitas plataformas n\u00e3o exigem mais do que um clique.<\/li>\n<li>Amizade e divers\u00e3o: Alguns o usam para fazer amigos, outros para flertar ou se divertir casualmente.<\/li>\n<li>Fuga r\u00e1pida do t\u00e9dio: Os bate-papos aleat\u00f3rios s\u00e3o a maneira perfeita de quebrar a rotina.<\/li>\n<\/ul>\n<h2>Como funciona o Random Video Chat Online?<\/h2>\n<p>Come\u00e7ar \u00e9 simples e r\u00e1pido:<\/p>\n<ol>\n<li>Abra uma plataforma como a StrangerCam em seu navegador ou em seu telefone.<\/li>\n<li>Permita o acesso \u00e0 c\u00e2mera e ao microfone.<\/li>\n<li>Clique em \"Start Chat\" para se conectar com um estranho instantaneamente.<\/li>\n<li>Bate-papo ao vivo por v\u00eddeo.<\/li>\n<li>Clique em \"Next\" a qualquer momento para seguir em frente e conhecer algu\u00e9m novo.<\/li>\n<\/ol>\n<p>Algumas plataformas tamb\u00e9m incluem extras como filtros de g\u00eanero, sele\u00e7\u00e3o de pa\u00eds e at\u00e9 mesmo tradu\u00e7\u00e3o autom\u00e1tica para bate-papos internacionais.<\/p>\n<h2>Principais recursos a serem observados<\/h2>\n<p>Nem todas as plataformas que oferecem bate-papo por v\u00eddeo aleat\u00f3rio on-line s\u00e3o iguais. Veja o que voc\u00ea deve procurar:<\/p>\n<h3>1. Acesso gratuito sem limites<\/h3>\n<p>Cuidado com as plataformas que afirmam ser gratuitas, mas depois bloqueiam os recursos por meio de paywalls.<\/p>\n<h3>2. N\u00e3o \u00e9 necess\u00e1rio registrar-se<\/h3>\n<p>Os melhores sites n\u00e3o exigem uma conta ou informa\u00e7\u00f5es pessoais.<\/p>\n<h3>3. Filtros de g\u00eanero e localiza\u00e7\u00e3o<\/h3>\n<p>Eles ajudam voc\u00ea a se conectar com o tipo de pessoa em que est\u00e1 interessado.<\/p>\n<h3>4. Modera\u00e7\u00e3o e seguran\u00e7a<\/h3>\n<p>Ferramentas robustas de den\u00fancia e sistemas de modera\u00e7\u00e3o mant\u00eam a comunidade segura.<\/p>\n<h3>5. Experi\u00eancia compat\u00edvel com dispositivos m\u00f3veis<\/h3>\n<p>Voc\u00ea deve poder desfrutar de bate-papos por v\u00eddeo com facilidade, tanto no computador quanto no celular.<\/p>\n<h3>6. V\u00eddeo e \u00e1udio de alta qualidade<\/h3>\n<p>Uma conex\u00e3o suave torna as conversas mais naturais e agrad\u00e1veis.<\/p>\n<h2>Melhores plataformas para bate-papo por v\u00eddeo aleat\u00f3rio on-line em 2025<\/h2>\n<p>Aqui est\u00e1 uma compara\u00e7\u00e3o das plataformas populares para bate-papo por v\u00eddeo aleat\u00f3rio on-line:<\/p>\n<table>\n<thead>\n<tr>\n<th>Plataforma<\/th>\n<th align=\"center\">Acesso gratuito<\/th>\n<th align=\"center\">Filtro de g\u00eanero<\/th>\n<th align=\"center\">Registro necess\u00e1rio<\/th>\n<th align=\"center\">Suporte m\u00f3vel<\/th>\n<th align=\"center\">Modera\u00e7\u00e3o<\/th>\n<th>Notas<\/th>\n<\/tr>\n<\/thead>\n<tbody>\n<tr>\n<td>StrangerCam<\/td>\n<td align=\"center\">\u2705<\/td>\n<td align=\"center\">\u2705 (Gratuito)<\/td>\n<td align=\"center\">\u274c<\/td>\n<td align=\"center\">\u2705<\/td>\n<td align=\"center\">\u2705<\/td>\n<td>A melhor op\u00e7\u00e3o geral, realmente gratuita<\/td>\n<\/tr>\n<tr>\n<td>Chatroulette<\/td>\n<td align=\"center\">\u2705<\/td>\n<td align=\"center\">\u274c (Pago)<\/td>\n<td align=\"center\">\u274c<\/td>\n<td align=\"center\">\u2705<\/td>\n<td align=\"center\">\u2705<\/td>\n<td>Cl\u00e1ssico, mas os filtros de g\u00eanero custam<\/td>\n<\/tr>\n<tr>\n<td>Chatrandom<\/td>\n<td align=\"center\">\u2705<\/td>\n<td align=\"center\">\u274c (Pago)<\/td>\n<td align=\"center\">\u274c<\/td>\n<td align=\"center\">\u2705<\/td>\n<td align=\"center\">\u2705<\/td>\n<td>Popular, mas as atualiza\u00e7\u00f5es s\u00e3o pressionadas<\/td>\n<\/tr>\n<tr>\n<td><a href=\"https:\/\/strangercam.com\/pt-br\/ometv\/\">OmeTV<\/a><\/td>\n<td align=\"center\">\u2705<\/td>\n<td align=\"center\">\u274c<\/td>\n<td align=\"center\">\u274c<\/td>\n<td align=\"center\">\u2705<\/td>\n<td align=\"center\">\u2705<\/td>\n<td>Aplicativo m\u00f3vel, somente aleat\u00f3rio<\/td>\n<\/tr>\n<tr>\n<td>Shagle<\/td>\n<td align=\"center\">\u2705<\/td>\n<td align=\"center\">\u274c (Pago)<\/td>\n<td align=\"center\">\u274c<\/td>\n<td align=\"center\">\u2705<\/td>\n<td align=\"center\">\u2705<\/td>\n<td>Atualiza\u00e7\u00f5es premium necess\u00e1rias para os filtros<\/td>\n<\/tr>\n<tr>\n<td><a href=\"https:\/\/strangercam.com\/pt-br\/coomeet\/\">CooMeet<\/a><\/td>\n<td align=\"center\">\u274c (Teste)<\/td>\n<td align=\"center\">\u2705<\/td>\n<td align=\"center\">\u2705<\/td>\n<td align=\"center\">\u2705<\/td>\n<td align=\"center\">\u2705<\/td>\n<td>Pago ap\u00f3s uma avalia\u00e7\u00e3o gratuita limitada<\/td>\n<\/tr>\n<tr>\n<td>LuckyCrush<\/td>\n<td align=\"center\">\u274c<\/td>\n<td align=\"center\">\u2705<\/td>\n<td align=\"center\">\u2705<\/td>\n<td align=\"center\">\u2705<\/td>\n<td align=\"center\">\u2705<\/td>\n<td>Sempre pago, bate-papo espec\u00edfico por g\u00eanero<\/td>\n<\/tr>\n<\/tbody>\n<\/table>\n<p>Entre elas, a StrangerCam \u00e9 uma das \u00fanicas plataformas que oferece bate-papo por v\u00eddeo aleat\u00f3rio on-line gratuito e ilimitado, com um filtro de g\u00eanero ativo e sem necessidade de inscri\u00e7\u00e3o.<\/p>\n<h2>Por que a StrangerCam \u00e9 o melhor lugar para bate-papo por v\u00eddeo aleat\u00f3rio on-line<\/h2>\n<p>\u00c9 por isso que a StrangerCam se destaca em 2025 para pessoas que buscam bate-papo por v\u00eddeo aleat\u00f3rio on-line:<\/p>\n<h3>1. Totalmente gratuito<\/h3>\n<p>Chats ilimitados, sem custos ocultos ou necessidade de cr\u00e9ditos.<\/p>\n<h3>2. Filtro de g\u00eanero gratuito<\/h3>\n<p>Escolha quem voc\u00ea deseja conhecer - rapazes, mo\u00e7as ou ambos - sem pagar.<\/p>\n<h3>3. Sem inscri\u00e7\u00e3o ou registro<\/h3>\n<p>Permane\u00e7a an\u00f4nimo e converse instantaneamente.<\/p>\n<h3>4. Seguro e moderado<\/h3>\n<p>Ferramentas robustas de modera\u00e7\u00e3o e den\u00fancia protegem a comunidade.<\/p>\n<h3>5. Base de usu\u00e1rios global<\/h3>\n<p>Conhe\u00e7a pessoas de mais de 100 pa\u00edses, a qualquer momento.<\/p>\n<h3>6. Funciona em qualquer lugar<\/h3>\n<p>Otimizado para desktop, tablet e celular.<\/p>\n<h2>Depoimentos reais de usu\u00e1rios<\/h2>\n<blockquote><p><em>\"Eu estava procurando uma maneira de fazer um bate-papo por v\u00eddeo aleat\u00f3rio on-line sem ficar preso em paywalls. O StrangerCam era o \u00fanico site que realmente o mantinha gratuito.\"<\/em><br \/>\n- Chris, 25 anos<\/p><\/blockquote>\n<blockquote><p><em>\"Conheci pessoas da Europa, \u00c1sia e Estados Unidos em uma \u00fanica noite. \u00c9 a melhor maneira de se conectar com estranhos instantaneamente.\"<\/em><br \/>\n- Maya, 21 anos<\/p><\/blockquote>\n<blockquote><p><em>\"O filtro de g\u00eanero \u00e9 gratuito e funciona perfeitamente. A maioria dos sites tenta cobrar por isso.\"<\/em><br \/>\n- Daniel, 28 anos<\/p><\/blockquote>\n<blockquote><p><em>\"Simples, seguro e divertido. A StrangerCam \u00e9 a minha op\u00e7\u00e3o sempre que quero conhecer estranhos on-line.\"<\/em><br \/>\n- Sophia, 23 anos<\/p><\/blockquote>\n<h2>Dicas de seguran\u00e7a para o bate-papo por v\u00eddeo aleat\u00f3rio on-line<\/h2>\n<p>Embora o bate-papo por v\u00eddeo seja divertido, a seguran\u00e7a deve estar sempre em primeiro lugar:<\/p>\n<ul>\n<li>N\u00e3o compartilhe informa\u00e7\u00f5es pessoais, como seu n\u00famero de telefone, endere\u00e7o ou e-mail.<\/li>\n<li>Use o bot\u00e3o \"Next\" se n\u00e3o se sentir \u00e0 vontade.<\/li>\n<li>Evite clicar em links enviados por estranhos.<\/li>\n<li>Verifique seu hist\u00f3rico para garantir que n\u00e3o esteja revelando detalhes particulares.<\/li>\n<li>Use apenas as ferramentas da plataforma (bloquear\/denunciar usu\u00e1rios ruins).<\/li>\n<li>Siga as regras de idade - se voc\u00ea tiver menos de 18 anos, evite plataformas de bate-papo por v\u00eddeo para adultos.<\/li>\n<\/ul>\n<h2>Como come\u00e7ar - passo a passo<\/h2>\n<p>Joiornar um bate-papo por v\u00eddeo aleat\u00f3rio on-line leva menos de um minuto:<\/p>\n<ol>\n<li>Abra a StrangerCam em seu navegador ou em seu telefone.<\/li>\n<li>Permitir acesso \u00e0 webcam e ao microfone.<\/li>\n<li>Selecione as prefer\u00eancias (como filtro de g\u00eanero, se desejar).<\/li>\n<li>Clique em Start Chat para se conectar instantaneamente.<\/li>\n<li>Converse cara a cara e clique em Next a qualquer momento.<\/li>\n<\/ol>\n<p>R\u00e1pido, simples e gratuito.<\/p>\n<h2>Perguntas frequentes<\/h2>\n<h3>O bate-papo por v\u00eddeo aleat\u00f3rio on-line \u00e9 realmente gratuito?<\/h3>\n<p>Sim. A StrangerCam oferece bate-papos gratuitos ilimitados sem taxas ocultas.<\/p>\n<h3>Preciso me registrar?<\/h3>\n<p>N\u00e3o. A StrangerCam n\u00e3o requer conta ou login.<\/p>\n<h3>As pessoas s\u00e3o reais?<\/h3>\n<p>Sim. O v\u00eddeo ao vivo garante que voc\u00ea esteja falando com pessoas reais, n\u00e3o com bots.<\/p>\n<h3>Posso us\u00e1-lo no celular?<\/h3>\n<p>Sim. A StrangerCam \u00e9 totalmente compat\u00edvel com dispositivos m\u00f3veis.<\/p>\n<h3>\u00c9 seguro?<\/h3>\n<p>Sim, desde que voc\u00ea siga as dicas de seguran\u00e7a e use as ferramentas de relat\u00f3rio do StrangerCam.<\/p>\n<h2>Considera\u00e7\u00f5es finais - Experimente o bate-papo por v\u00eddeo aleat\u00f3rio gratuito on-line hoje mesmo<\/h2>\n<p>Em 2025, o bate-papo por v\u00eddeo aleat\u00f3rio on-line \u00e9 uma das maneiras mais interessantes e aut\u00eanticas de conhecer novas pessoas. \u00c9 espont\u00e2neo, gratuito e conecta voc\u00ea instantaneamente a pessoas reais em todo o mundo.<\/p>\n<p>Nem todas as plataformas cumprem o que prometem - muitas escondem recursos atr\u00e1s de paywalls ou t\u00eam muitos bots. \u00c9 por isso que a StrangerCam \u00e9 a melhor op\u00e7\u00e3o: \u00e9 gratuita, an\u00f4nima, moderada e repleta de usu\u00e1rios globais prontos para conhec\u00ea-lo 24 horas por dia, 7 dias por semana.<\/p>\n<p>Pronto para experimentar? Inicie um bate-papo por v\u00eddeo aleat\u00f3rio gratuito on-line agora e veja quem voc\u00ea conhecer\u00e1 em seguida.<\/p>","protected":false},"excerpt":{"rendered":"<p>Looking for the best way to enjoy random video chat online? You\u2019re not alone. Since the days of Omegle and Chatroulette, millions of people around the world have been drawn to the excitement of connecting face-to-face with strangers. Unlike dating apps or social media, which can feel staged or slow, random video chat online is [&hellip;]<\/p>\n","protected":false},"author":8,"featured_media":0,"parent":0,"menu_order":0,"comment_status":"closed","ping_status":"closed","template":"","meta":{"footnotes":""},"class_list":["post-3953","page","type-page","status-publish","hentry"],"yoast_head":"<!-- This site is optimized with the Yoast SEO plugin v26.9 - https:\/\/yoast.com\/product\/yoast-seo-wordpress\/ -->\n<title>Random Video Chat Online on Strangercam.com<\/title>\n<meta name=\"description\" content=\"Liking Random Video Chat Online? Join millions on StrangerCam.com! Start a random video chat, turn on your cam, and meet strangers instantly.\" \/>\n<meta name=\"robots\" content=\"index, follow, max-snippet:-1, max-image-preview:large, max-video-preview:-1\" \/>\n<link rel=\"canonical\" href=\"https:\/\/strangercam.com\/pt-br\/bate-papo-de-video-aleatorio-online\/\" \/>\n<meta property=\"og:locale\" content=\"pt_BR\" \/>\n<meta property=\"og:type\" content=\"article\" \/>\n<meta property=\"og:title\" content=\"Random Video Chat Online on Strangercam.com\" \/>\n<meta property=\"og:description\" content=\"Liking Random Video Chat Online? Join millions on StrangerCam.com! Start a random video chat, turn on your cam, and meet strangers instantly.\" \/>\n<meta property=\"og:url\" content=\"https:\/\/strangercam.com\/pt-br\/bate-papo-de-video-aleatorio-online\/\" \/>\n<meta property=\"og:site_name\" content=\"Strangercam\" \/>\n<meta property=\"article:publisher\" content=\"https:\/\/www.facebook.com\/strangercam\" \/>\n<meta property=\"article:modified_time\" content=\"2025-09-03T11:31:49+00:00\" \/>\n<meta property=\"og:image\" content=\"https:\/\/strangercam.com\/wp-content\/uploads\/2021\/10\/Untitled-2.png\" \/>\n\t<meta property=\"og:image:width\" content=\"800\" \/>\n\t<meta property=\"og:image:height\" content=\"532\" \/>\n\t<meta property=\"og:image:type\" content=\"image\/png\" \/>\n<meta name=\"twitter:card\" content=\"summary_large_image\" \/>\n<meta name=\"twitter:site\" content=\"@strangercamapp\" \/>\n<meta name=\"twitter:label1\" content=\"Est. tempo de leitura\" \/>\n\t<meta name=\"twitter:data1\" content=\"5 minutos\" \/>\n<script type=\"application\/ld+json\" class=\"yoast-schema-graph\">{\"@context\":\"https:\/\/schema.org\",\"@graph\":[{\"@type\":\"WebPage\",\"@id\":\"https:\/\/strangercam.com\/random-video-chat-online\/\",\"url\":\"https:\/\/strangercam.com\/random-video-chat-online\/\",\"name\":\"Random Video Chat Online on Strangercam.com\",\"isPartOf\":{\"@id\":\"https:\/\/strangercam.com\/#website\"},\"datePublished\":\"2025-08-28T15:28:59+00:00\",\"dateModified\":\"2025-09-03T11:31:49+00:00\",\"description\":\"Liking Random Video Chat Online? Join millions on StrangerCam.com! Start a random video chat, turn on your cam, and meet strangers instantly.\",\"breadcrumb\":{\"@id\":\"https:\/\/strangercam.com\/random-video-chat-online\/#breadcrumb\"},\"inLanguage\":\"pt-BR\",\"potentialAction\":[{\"@type\":\"ReadAction\",\"target\":[\"https:\/\/strangercam.com\/random-video-chat-online\/\"]}]},{\"@type\":\"BreadcrumbList\",\"@id\":\"https:\/\/strangercam.com\/random-video-chat-online\/#breadcrumb\",\"itemListElement\":[{\"@type\":\"ListItem\",\"position\":1,\"name\":\"Home\",\"item\":\"https:\/\/strangercam.com\/\"},{\"@type\":\"ListItem\",\"position\":2,\"name\":\"Random Video Chat Online\"}]},{\"@type\":\"WebSite\",\"@id\":\"https:\/\/strangercam.com\/#website\",\"url\":\"https:\/\/strangercam.com\/\",\"name\":\"Strangercam\",\"description\":\"Random Video Chat with Strangers\",\"publisher\":{\"@id\":\"https:\/\/strangercam.com\/#organization\"},\"alternateName\":\"Strangercam.com\",\"potentialAction\":[{\"@type\":\"SearchAction\",\"target\":{\"@type\":\"EntryPoint\",\"urlTemplate\":\"https:\/\/strangercam.com\/?s={search_term_string}\"},\"query-input\":{\"@type\":\"PropertyValueSpecification\",\"valueRequired\":true,\"valueName\":\"search_term_string\"}}],\"inLanguage\":\"pt-BR\"},{\"@type\":\"Organization\",\"@id\":\"https:\/\/strangercam.com\/#organization\",\"name\":\"Strangercam\",\"alternateName\":\"Strangercam.com\",\"url\":\"https:\/\/strangercam.com\/\",\"logo\":{\"@type\":\"ImageObject\",\"inLanguage\":\"pt-BR\",\"@id\":\"https:\/\/strangercam.com\/#\/schema\/logo\/image\/\",\"url\":\"https:\/\/strangercam.com\/wp-content\/uploads\/2020\/11\/cropped-new-favicon-black.png\",\"contentUrl\":\"https:\/\/strangercam.com\/wp-content\/uploads\/2020\/11\/cropped-new-favicon-black.png\",\"width\":512,\"height\":512,\"caption\":\"Strangercam\"},\"image\":{\"@id\":\"https:\/\/strangercam.com\/#\/schema\/logo\/image\/\"},\"sameAs\":[\"https:\/\/www.facebook.com\/strangercam\",\"https:\/\/x.com\/strangercamapp\"]}]}<\/script>\n<!-- \/ Yoast SEO plugin. -->","yoast_head_json":{"title":"Bate-papo por v\u00eddeo aleat\u00f3rio on-line no Strangercam.com","description":"Gosta de bate-papo por v\u00eddeo aleat\u00f3rio on-line? Join milh\u00f5es em StrangerCam.com! Inicie um bate-papo por v\u00eddeo aleat\u00f3rio, ligue sua c\u00e2mera e conhe\u00e7a estranhos instantaneamente.","robots":{"index":"index","follow":"follow","max-snippet":"max-snippet:-1","max-image-preview":"max-image-preview:large","max-video-preview":"max-video-preview:-1"},"canonical":"https:\/\/strangercam.com\/pt-br\/bate-papo-de-video-aleatorio-online\/","og_locale":"pt_BR","og_type":"article","og_title":"Random Video Chat Online on Strangercam.com","og_description":"Liking Random Video Chat Online? Join millions on StrangerCam.com! Start a random video chat, turn on your cam, and meet strangers instantly.","og_url":"https:\/\/strangercam.com\/pt-br\/bate-papo-de-video-aleatorio-online\/","og_site_name":"Strangercam","article_publisher":"https:\/\/www.facebook.com\/strangercam","article_modified_time":"2025-09-03T11:31:49+00:00","og_image":[{"width":800,"height":532,"url":"https:\/\/strangercam.com\/wp-content\/uploads\/2021\/10\/Untitled-2.png","type":"image\/png"}],"twitter_card":"summary_large_image","twitter_site":"@strangercamapp","twitter_misc":{"Est. tempo de leitura":"5 minutos"},"schema":{"@context":"https:\/\/schema.org","@graph":[{"@type":"WebPage","@id":"https:\/\/strangercam.com\/random-video-chat-online\/","url":"https:\/\/strangercam.com\/random-video-chat-online\/","name":"Bate-papo por v\u00eddeo aleat\u00f3rio on-line no Strangercam.com","isPartOf":{"@id":"https:\/\/strangercam.com\/#website"},"datePublished":"2025-08-28T15:28:59+00:00","dateModified":"2025-09-03T11:31:49+00:00","description":"Gosta de bate-papo por v\u00eddeo aleat\u00f3rio on-line? Join milh\u00f5es em StrangerCam.com! Inicie um bate-papo por v\u00eddeo aleat\u00f3rio, ligue sua c\u00e2mera e conhe\u00e7a estranhos instantaneamente.","breadcrumb":{"@id":"https:\/\/strangercam.com\/random-video-chat-online\/#breadcrumb"},"inLanguage":"pt-BR","potentialAction":[{"@type":"ReadAction","target":["https:\/\/strangercam.com\/random-video-chat-online\/"]}]},{"@type":"BreadcrumbList","@id":"https:\/\/strangercam.com\/random-video-chat-online\/#breadcrumb","itemListElement":[{"@type":"ListItem","position":1,"name":"Home","item":"https:\/\/strangercam.com\/"},{"@type":"ListItem","position":2,"name":"Random Video Chat Online"}]},{"@type":"WebSite","@id":"https:\/\/strangercam.com\/#website","url":"https:\/\/strangercam.com\/","name":"Strangercam","description":"Bate-papo por v\u00eddeo aleat\u00f3rio com estranhos","publisher":{"@id":"https:\/\/strangercam.com\/#organization"},"alternateName":"Strangercam.com","potentialAction":[{"@type":"SearchAction","target":{"@type":"EntryPoint","urlTemplate":"https:\/\/strangercam.com\/?s={search_term_string}"},"query-input":{"@type":"PropertyValueSpecification","valueRequired":true,"valueName":"search_term_string"}}],"inLanguage":"pt-BR"},{"@type":"Organization","@id":"https:\/\/strangercam.com\/#organization","name":"Strangercam","alternateName":"Strangercam.com","url":"https:\/\/strangercam.com\/","logo":{"@type":"ImageObject","inLanguage":"pt-BR","@id":"https:\/\/strangercam.com\/#\/schema\/logo\/image\/","url":"https:\/\/strangercam.com\/wp-content\/uploads\/2020\/11\/cropped-new-favicon-black.png","contentUrl":"https:\/\/strangercam.com\/wp-content\/uploads\/2020\/11\/cropped-new-favicon-black.png","width":512,"height":512,"caption":"Strangercam"},"image":{"@id":"https:\/\/strangercam.com\/#\/schema\/logo\/image\/"},"sameAs":["https:\/\/www.facebook.com\/strangercam","https:\/\/x.com\/strangercamapp"]}]}},"_links":{"self":[{"href":"https:\/\/strangercam.com\/pt-br\/wp-json\/wp\/v2\/pages\/3953","targetHints":{"allow":["GET"]}}],"collection":[{"href":"https:\/\/strangercam.com\/pt-br\/wp-json\/wp\/v2\/pages"}],"about":[{"href":"https:\/\/strangercam.com\/pt-br\/wp-json\/wp\/v2\/types\/page"}],"author":[{"embeddable":true,"href":"https:\/\/strangercam.com\/pt-br\/wp-json\/wp\/v2\/users\/8"}],"replies":[{"embeddable":true,"href":"https:\/\/strangercam.com\/pt-br\/wp-json\/wp\/v2\/comments?post=3953"}],"version-history":[{"count":2,"href":"https:\/\/strangercam.com\/pt-br\/wp-json\/wp\/v2\/pages\/3953\/revisions"}],"predecessor-version":[{"id":12979,"href":"https:\/\/strangercam.com\/pt-br\/wp-json\/wp\/v2\/pages\/3953\/revisions\/12979"}],"wp:attachment":[{"href":"https:\/\/strangercam.com\/pt-br\/wp-json\/wp\/v2\/media?parent=3953"}],"curies":[{"name":"wp","href":"https:\/\/api.w.org\/{rel}","templated":true}]}}