{"id":3935,"date":"2025-08-28T17:19:09","date_gmt":"2025-08-28T15:19:09","guid":{"rendered":"https:\/\/strangercam.com\/?page_id=3935"},"modified":"2025-09-03T13:31:40","modified_gmt":"2025-09-03T11:31:40","slug":"bate-papo-aleatorio-gratuito","status":"publish","type":"page","link":"https:\/\/strangercam.com\/pt-br\/bate-papo-aleatorio-gratuito\/","title":{"rendered":"Bate-papo aleat\u00f3rio gratuito"},"content":{"rendered":"<p>Voc\u00ea est\u00e1 procurando a melhor maneira de desfrutar de um jogo aleat\u00f3rio gratuito? <a href=\"https:\/\/strangercam.com\/pt-br\/chathub\/\">bate-papo<\/a>? Voc\u00ea n\u00e3o est\u00e1 sozinho. Milh\u00f5es de pessoas em todo o mundo procuram plataformas de bate-papo aleat\u00f3rio todos os meses, na esperan\u00e7a de se conectar instantaneamente com novas pessoas - seja por divers\u00e3o, amizade, interc\u00e2mbio cultural ou paquera casual. Ao contr\u00e1rio das m\u00eddias sociais ou dos aplicativos de namoro, que geralmente exigem um deslizar intermin\u00e1vel ou mensagens lentas, o bate-papo aleat\u00f3rio gratuito tem tudo a ver com conversas instant\u00e2neas e cara a cara com estranhos.<\/p>\n<p>Em 2025, plataformas como a StrangerCam simplificam o in\u00edcio de um bate-papo aleat\u00f3rio gratuito - sem registros, sem downloads e sem taxas ocultas. Basta clicar em um bot\u00e3o e come\u00e7ar a conversar com algu\u00e9m novo de qualquer lugar do mundo.<\/p>\n<p>Este guia aborda tudo o que voc\u00ea precisa saber: o que \u00e9 o bate-papo aleat\u00f3rio gratuito, por que ele \u00e9 t\u00e3o popular, como funciona, os recursos que voc\u00ea deve procurar, compara\u00e7\u00f5es de plataformas, dicas de seguran\u00e7a e por que o StrangerCam \u00e9 uma das melhores op\u00e7\u00f5es atualmente.<\/p>\n<h2>O que \u00e9 o Free Random Chat?<\/h2>\n<p>O bate-papo aleat\u00f3rio gratuito \u00e9 um servi\u00e7o on-line que o coloca instantaneamente em contato com estranhos para conversas ao vivo - seja por texto, v\u00eddeo ou ambos. Diferentemente das salas de bate-papo tradicionais, as plataformas de bate-papo aleat\u00f3rio funcionam em tempo real e n\u00e3o exigem perfis ou registros.<\/p>\n<p>Basta fazer o login (ou, na maioria dos casos, nem fazer o login), pressionar \u201cStart\u201d (Iniciar) e voc\u00ea ser\u00e1 imediatamente conectado a uma pessoa aleat\u00f3ria. Se a conversa n\u00e3o lhe agradar, basta clicar em \u201cNext\u201d (Avan\u00e7ar) para <a href=\"https:\/\/strangercam.com\/pt-br\/coomeet\/\">conhecer<\/a> algu\u00e9m novo. A experi\u00eancia \u00e9 espont\u00e2nea, divertida e totalmente imprevis\u00edvel.<\/p>\n<h2>Por que as pessoas adoram o bate-papo aleat\u00f3rio gratuito<\/h2>\n<p>A popularidade do bate-papo aleat\u00f3rio gratuito explodiu na \u00faltima d\u00e9cada, e aqui est\u00e1 o motivo:<\/p>\n<ul>\n<li>Divers\u00e3o instant\u00e2nea: Conhe\u00e7a novas pessoas em segundos.<\/li>\n<li>Espontaneidade: Cada bate-papo \u00e9 diferente - \u00e0s vezes engra\u00e7ado, \u00e0s vezes sedutor, \u00e0s vezes profundo.<\/li>\n<li>N\u00e3o h\u00e1 perfis falsos: O bate-papo por v\u00eddeo prova que a pessoa \u00e9 real.<\/li>\n<li>Sem compromisso: N\u00e3o \u00e9 necess\u00e1rio registro ou detalhes pessoais.<\/li>\n<li>Conex\u00f5es globais: Converse com estranhos de todo o mundo.<\/li>\n<li>Ven\u00e7a o t\u00e9dio: Uma maneira divertida de passar o tempo e fazer conex\u00f5es inesperadas.<\/li>\n<\/ul>\n<h2>Como funciona o bate-papo aleat\u00f3rio gratuito?<\/h2>\n<p>Joiornar uma plataforma de bate-papo aleat\u00f3rio gratuita \u00e9 r\u00e1pido e f\u00e1cil:<\/p>\n<ol>\n<li>Abra a plataforma em seu dispositivo.<\/li>\n<li>Escolha o modo de bate-papo (v\u00eddeo ou texto).<\/li>\n<li>Permitir acesso \u00e0 c\u00e2mera e ao microfone (para bate-papo por v\u00eddeo).<\/li>\n<li>Clique em \"Start Chat\" para se conectar instantaneamente com um estranho aleat\u00f3rio.<\/li>\n<li>Aproveite sua conversa. Se n\u00e3o estiver se sentindo bem, pressione \"Next\".<\/li>\n<\/ol>\n<p>Esse ciclo pode se repetir infinitamente, dando a voc\u00ea oportunidades ilimitadas de conhecer novas pessoas.<\/p>\n<h2>Principais recursos a serem observados<\/h2>\n<p>Nem todas as plataformas de bate-papo aleat\u00f3rio s\u00e3o criadas da mesma forma. Veja o que procurar ao escolher o melhor site de bate-papo aleat\u00f3rio gratuito:<\/p>\n<h3>1. Acesso verdadeiramente gratuito<\/h3>\n<p>Alguns sites se anunciam como \"gratuitos\", mas rapidamente empurram voc\u00ea para os paywalls. Procure um bate-papo gratuito, genu\u00edno e ilimitado.<\/p>\n<h3>2. N\u00e3o \u00e9 necess\u00e1rio registrar-se<\/h3>\n<p>N\u00e3o \u00e9 necess\u00e1rio criar uma conta ou fornecer informa\u00e7\u00f5es pessoais.<\/p>\n<h3>3. V\u00e1rios modos de bate-papo<\/h3>\n<p>Op\u00e7\u00f5es para bate-papos com v\u00eddeo, \u00e1udio ou somente texto.<\/p>\n<h3>4. Filtros de g\u00eanero e localiza\u00e7\u00e3o<\/h3>\n<p>\u00datil para encontrar tipos espec\u00edficos de pessoas.<\/p>\n<h3>5. Ferramentas de modera\u00e7\u00e3o e seguran\u00e7a<\/h3>\n<p>Sistemas s\u00f3lidos de den\u00fancia e bloqueio mant\u00eam a comunidade segura.<\/p>\n<h3>6. Design compat\u00edvel com dispositivos m\u00f3veis<\/h3>\n<p>As melhores plataformas funcionam em telefones, tablets e desktops.<\/p>\n<h2>As melhores plataformas de bate-papo aleat\u00f3rio gratuito em 2025<\/h2>\n<p>Aqui est\u00e1 uma compara\u00e7\u00e3o dos locais mais populares para bate-papo aleat\u00f3rio gratuito:<\/p>\n<table>\n<thead>\n<tr>\n<th>Plataforma<\/th>\n<th align=\"center\">Acesso gratuito<\/th>\n<th align=\"center\">Modo de v\u00eddeo<\/th>\n<th align=\"center\">Registro necess\u00e1rio<\/th>\n<th align=\"center\">Filtro de g\u00eanero<\/th>\n<th align=\"center\">Modera\u00e7\u00e3o<\/th>\n<th>Notas<\/th>\n<\/tr>\n<\/thead>\n<tbody>\n<tr>\n<td>StrangerCam<\/td>\n<td align=\"center\">\u2705<\/td>\n<td align=\"center\">\u2705<\/td>\n<td align=\"center\">\u274c<\/td>\n<td align=\"center\">\u2705 (Gratuito)<\/td>\n<td align=\"center\">\u2705<\/td>\n<td>Os melhores filtros de v\u00eddeo e g\u00eanero gratuitos em geral<\/td>\n<\/tr>\n<tr>\n<td><a href=\"https:\/\/strangercam.com\/pt-br\/chatroulette\/\">Chatroulette<\/a><\/td>\n<td align=\"center\">\u2705<\/td>\n<td align=\"center\">\u2705<\/td>\n<td align=\"center\">\u274c<\/td>\n<td align=\"center\">\u274c (Pago)<\/td>\n<td align=\"center\">\u2705<\/td>\n<td>Cl\u00e1ssico, mas com filtro de g\u00eanero pago<\/td>\n<\/tr>\n<tr>\n<td>Chatrandom<\/td>\n<td align=\"center\">\u2705<\/td>\n<td align=\"center\">\u2705<\/td>\n<td align=\"center\">\u274c<\/td>\n<td align=\"center\">\u274c (Pago)<\/td>\n<td align=\"center\">\u2705<\/td>\n<td>Popular, mas com recursos premium bloqueados<\/td>\n<\/tr>\n<tr>\n<td><a href=\"https:\/\/strangercam.com\/pt-br\/ometv\/\">OmeTV<\/a><\/td>\n<td align=\"center\">\u2705<\/td>\n<td align=\"center\">\u2705<\/td>\n<td align=\"center\">\u274c<\/td>\n<td align=\"center\">\u274c<\/td>\n<td align=\"center\">\u2705<\/td>\n<td>Aplicativo m\u00f3vel, somente aleat\u00f3rio<\/td>\n<\/tr>\n<tr>\n<td>Shagle<\/td>\n<td align=\"center\">\u2705<\/td>\n<td align=\"center\">\u2705<\/td>\n<td align=\"center\">\u274c<\/td>\n<td align=\"center\">\u274c (Pago)<\/td>\n<td align=\"center\">\u2705<\/td>\n<td>Pr\u00eamio muito pressionado<\/td>\n<\/tr>\n<tr>\n<td>Emerald Chat<\/td>\n<td align=\"center\">\u2705<\/td>\n<td align=\"center\">\u2705<\/td>\n<td align=\"center\">\u274c<\/td>\n<td align=\"center\">\u274c<\/td>\n<td align=\"center\">\u2705<\/td>\n<td>Sistema baseado em reputa\u00e7\u00e3o<\/td>\n<\/tr>\n<tr>\n<td>LuckyCrush<\/td>\n<td align=\"center\">\u274c<\/td>\n<td align=\"center\">\u2705<\/td>\n<td align=\"center\">\u2705<\/td>\n<td align=\"center\">\u2705<\/td>\n<td align=\"center\">\u2705<\/td>\n<td>Sempre pago, bate-papo baseado em g\u00eanero<\/td>\n<\/tr>\n<\/tbody>\n<\/table>\n<p>A StrangerCam \u00e9 uma das poucas plataformas que oferece bate-papo aleat\u00f3rio gratuito com v\u00eddeo, filtros de g\u00eanero reais, sem inscri\u00e7\u00f5es e acesso ilimitado.<\/p>\n<h2>Por que StrangerCam \u00e9 a melhor op\u00e7\u00e3o para bate-papo aleat\u00f3rio gratuito<\/h2>\n<p>O StrangerCam se tornou um dos principais destinos em 2025 para usu\u00e1rios que desejam bate-papo aleat\u00f3rio gratuito. Veja por qu\u00ea:<\/p>\n<h3>1. Verdadeiramente gratuito e ilimitado<\/h3>\n<p>Sem cr\u00e9ditos, sem testes, sem restri\u00e7\u00f5es.<\/p>\n<h3>2. Op\u00e7\u00f5es de v\u00eddeo e texto<\/h3>\n<p>Escolha se deseja um bate-papo face a face ou somente texto.<\/p>\n<h3>3. Filtro de g\u00eanero gratuito<\/h3>\n<p>Selecione com quem voc\u00ea deseja conversar - homem, mulher ou ambos - sem pagar.<\/p>\n<h3>4. N\u00e3o \u00e9 necess\u00e1rio registrar-se<\/h3>\n<p>Mantenha-se an\u00f4nimo ao conversar com estranhos.<\/p>\n<h3>5. Comunidade global<\/h3>\n<p>Conhe\u00e7a pessoas de mais de 100 pa\u00edses, a qualquer momento.<\/p>\n<h3>6. Seguro e moderado<\/h3>\n<p>A modera\u00e7\u00e3o ativa mant\u00e9m os bots e o spam afastados.<\/p>\n<h2>Depoimentos reais de usu\u00e1rios<\/h2>\n<blockquote><p><em>\"Eu estava apenas procurando um bate-papo aleat\u00f3rio gratuito sem custos ocultos. O StrangerCam foi o primeiro site que realmente me atendeu.\"<\/em><br \/>\n- Ryan, 24 anos<\/p><\/blockquote>\n<blockquote><p><em>\"Gosto do fato de poder escolher v\u00eddeo ou texto. Alguns dias eu s\u00f3 quero digitar, outros dias eu quero conversar cara a cara.\"<\/em><br \/>\n- Maria, 21 anos<\/p><\/blockquote>\n<blockquote><p><em>\"O filtro de g\u00eanero realmente funciona aqui, ao contr\u00e1rio de outros sites ditos gratuitos.\"<\/em><br \/>\n- Ethan, 28 anos<\/p><\/blockquote>\n<blockquote><p><em>\"Simples, divertido e r\u00e1pido. J\u00e1 conheci pessoas de muitos pa\u00edses.\"<\/em><br \/>\n- Sophie, 22 anos<\/p><\/blockquote>\n<h2>Dicas de seguran\u00e7a para o bate-papo aleat\u00f3rio gratuito<\/h2>\n<p>Embora o bate-papo aleat\u00f3rio possa ser divertido, \u00e9 importante manter-se seguro:<\/p>\n<ul>\n<li>N\u00e3o compartilhe informa\u00e7\u00f5es pessoais, como seu nome completo, endere\u00e7o ou telefone.<\/li>\n<li>Ignore ou bloqueie qualquer pessoa que o deixe desconfort\u00e1vel.<\/li>\n<li>Nunca clique em links suspeitos.<\/li>\n<li>Use um plano de fundo neutro para evitar revelar detalhes particulares.<\/li>\n<li>Atenha-se aos recursos da plataforma - use o bot\u00e3o de relat\u00f3rio quando necess\u00e1rio.<\/li>\n<li>Respeite as regras de idade - se voc\u00ea tiver menos de 18 anos, n\u00e3o use sites de bate-papo para adultos.<\/li>\n<\/ul>\n<h2>Como come\u00e7ar - passo a passo<\/h2>\n<p>Iniciar um bate-papo aleat\u00f3rio gratuito leva menos de um minuto:<\/p>\n<ol>\n<li>Abra o StrangerCam em seu dispositivo.<\/li>\n<li>Selecione se voc\u00ea deseja um bate-papo por v\u00eddeo ou texto.<\/li>\n<li>Permita o acesso \u00e0 sua c\u00e2mera e ao microfone (se estiver usando v\u00eddeo).<\/li>\n<li>Clique em Start Chat para se conectar instantaneamente.<\/li>\n<li>Pressione Next a qualquer momento para conhecer algu\u00e9m novo.<\/li>\n<\/ol>\n<p>R\u00e1pido, simples e gratuito.<\/p>\n<h2>Perguntas frequentes<\/h2>\n<h3>O bate-papo aleat\u00f3rio gratuito \u00e9 realmente gratuito?<\/h3>\n<p>Sim. A StrangerCam oferece bate-papos aleat\u00f3rios ilimitados, sem cobran\u00e7as ocultas.<\/p>\n<h3>Preciso me registrar?<\/h3>\n<p>N\u00e3o. A StrangerCam n\u00e3o requer conta ou registro.<\/p>\n<h3>As pessoas s\u00e3o reais?<\/h3>\n<p>Sim. Com o bate-papo por v\u00eddeo, voc\u00ea est\u00e1 sempre conectado a usu\u00e1rios reais.<\/p>\n<h3>Posso us\u00e1-lo no celular?<\/h3>\n<p>Sim. A StrangerCam funciona sem problemas em todos os dispositivos.<\/p>\n<h3>\u00c9 seguro?<\/h3>\n<p>Sim, desde que voc\u00ea siga as dicas b\u00e1sicas de seguran\u00e7a e use as ferramentas de modera\u00e7\u00e3o do StrangerCam.<\/p>\n<h2>Considera\u00e7\u00f5es finais - Experimente o bate-papo aleat\u00f3rio gratuito hoje mesmo<\/h2>\n<p>Em 2025, o bate-papo aleat\u00f3rio gratuito continua sendo uma das maneiras mais f\u00e1ceis e divertidas de se conectar com novas pessoas on-line. \u00c9 espont\u00e2neo, aut\u00eantico e pode conect\u00e1-lo a estranhos de qualquer lugar do mundo em segundos.<\/p>\n<p>Mas nem todas as plataformas cumprem o que prometem. Muitos sites escondem recursos essenciais por tr\u00e1s de paywalls ou est\u00e3o repletos de bots. \u00c9 por isso que o StrangerCam \u00e9 a melhor op\u00e7\u00e3o: \u00e9 realmente gratuito, an\u00f4nimo, moderado e sempre cheio de pessoas prontas para conversar.<\/p>\n<p>Pronto para experimentar? Inicie um bate-papo aleat\u00f3rio gratuito agora e veja quem voc\u00ea conhecer\u00e1 em seguida.<\/p>","protected":false},"excerpt":{"rendered":"<p>Are you looking for the best way to enjoy a free random chat? You\u2019re not alone. Millions of people worldwide search for random chat platforms every month, hoping to connect instantly with new people\u2014whether for fun, friendship, cultural exchange, or casual flirting. Unlike social media or dating apps, which often require endless swiping or slow [&hellip;]<\/p>\n","protected":false},"author":8,"featured_media":0,"parent":0,"menu_order":0,"comment_status":"closed","ping_status":"closed","template":"","meta":{"footnotes":""},"class_list":["post-3935","page","type-page","status-publish","hentry"],"yoast_head":"<!-- This site is optimized with the Yoast SEO plugin v26.9 - https:\/\/yoast.com\/product\/yoast-seo-wordpress\/ -->\n<title>Free Random Chat with Random Chat on Strangercam.com<\/title>\n<meta name=\"description\" content=\"Liking Free Random Chat? Join millions on StrangerCam.com! Start a random video chat, turn on your cam, and meet strangers instantly.\" \/>\n<meta name=\"robots\" content=\"index, follow, max-snippet:-1, max-image-preview:large, max-video-preview:-1\" \/>\n<link rel=\"canonical\" href=\"https:\/\/strangercam.com\/pt-br\/bate-papo-aleatorio-gratuito\/\" \/>\n<meta property=\"og:locale\" content=\"pt_BR\" \/>\n<meta property=\"og:type\" content=\"article\" \/>\n<meta property=\"og:title\" content=\"Free Random Chat with Random Chat on Strangercam.com\" \/>\n<meta property=\"og:description\" content=\"Liking Free Random Chat? Join millions on StrangerCam.com! Start a random video chat, turn on your cam, and meet strangers instantly.\" \/>\n<meta property=\"og:url\" content=\"https:\/\/strangercam.com\/pt-br\/bate-papo-aleatorio-gratuito\/\" \/>\n<meta property=\"og:site_name\" content=\"Strangercam\" \/>\n<meta property=\"article:publisher\" content=\"https:\/\/www.facebook.com\/strangercam\" \/>\n<meta property=\"article:modified_time\" content=\"2025-09-03T11:31:40+00:00\" \/>\n<meta property=\"og:image\" content=\"https:\/\/strangercam.com\/wp-content\/uploads\/2021\/10\/Untitled-2.png\" \/>\n\t<meta property=\"og:image:width\" content=\"800\" \/>\n\t<meta property=\"og:image:height\" content=\"532\" \/>\n\t<meta property=\"og:image:type\" content=\"image\/png\" \/>\n<meta name=\"twitter:card\" content=\"summary_large_image\" \/>\n<meta name=\"twitter:site\" content=\"@strangercamapp\" \/>\n<meta name=\"twitter:label1\" content=\"Est. tempo de leitura\" \/>\n\t<meta name=\"twitter:data1\" content=\"5 minutos\" \/>\n<script type=\"application\/ld+json\" class=\"yoast-schema-graph\">{\"@context\":\"https:\/\/schema.org\",\"@graph\":[{\"@type\":\"WebPage\",\"@id\":\"https:\/\/strangercam.com\/free-random-chat\/\",\"url\":\"https:\/\/strangercam.com\/free-random-chat\/\",\"name\":\"Free Random Chat with Random Chat on Strangercam.com\",\"isPartOf\":{\"@id\":\"https:\/\/strangercam.com\/#website\"},\"datePublished\":\"2025-08-28T15:19:09+00:00\",\"dateModified\":\"2025-09-03T11:31:40+00:00\",\"description\":\"Liking Free Random Chat? Join millions on StrangerCam.com! Start a random video chat, turn on your cam, and meet strangers instantly.\",\"breadcrumb\":{\"@id\":\"https:\/\/strangercam.com\/free-random-chat\/#breadcrumb\"},\"inLanguage\":\"pt-BR\",\"potentialAction\":[{\"@type\":\"ReadAction\",\"target\":[\"https:\/\/strangercam.com\/free-random-chat\/\"]}]},{\"@type\":\"BreadcrumbList\",\"@id\":\"https:\/\/strangercam.com\/free-random-chat\/#breadcrumb\",\"itemListElement\":[{\"@type\":\"ListItem\",\"position\":1,\"name\":\"Home\",\"item\":\"https:\/\/strangercam.com\/\"},{\"@type\":\"ListItem\",\"position\":2,\"name\":\"Free Random Chat\"}]},{\"@type\":\"WebSite\",\"@id\":\"https:\/\/strangercam.com\/#website\",\"url\":\"https:\/\/strangercam.com\/\",\"name\":\"Strangercam\",\"description\":\"Random Video Chat with Strangers\",\"publisher\":{\"@id\":\"https:\/\/strangercam.com\/#organization\"},\"alternateName\":\"Strangercam.com\",\"potentialAction\":[{\"@type\":\"SearchAction\",\"target\":{\"@type\":\"EntryPoint\",\"urlTemplate\":\"https:\/\/strangercam.com\/?s={search_term_string}\"},\"query-input\":{\"@type\":\"PropertyValueSpecification\",\"valueRequired\":true,\"valueName\":\"search_term_string\"}}],\"inLanguage\":\"pt-BR\"},{\"@type\":\"Organization\",\"@id\":\"https:\/\/strangercam.com\/#organization\",\"name\":\"Strangercam\",\"alternateName\":\"Strangercam.com\",\"url\":\"https:\/\/strangercam.com\/\",\"logo\":{\"@type\":\"ImageObject\",\"inLanguage\":\"pt-BR\",\"@id\":\"https:\/\/strangercam.com\/#\/schema\/logo\/image\/\",\"url\":\"https:\/\/strangercam.com\/wp-content\/uploads\/2020\/11\/cropped-new-favicon-black.png\",\"contentUrl\":\"https:\/\/strangercam.com\/wp-content\/uploads\/2020\/11\/cropped-new-favicon-black.png\",\"width\":512,\"height\":512,\"caption\":\"Strangercam\"},\"image\":{\"@id\":\"https:\/\/strangercam.com\/#\/schema\/logo\/image\/\"},\"sameAs\":[\"https:\/\/www.facebook.com\/strangercam\",\"https:\/\/x.com\/strangercamapp\"]}]}<\/script>\n<!-- \/ Yoast SEO plugin. -->","yoast_head_json":{"title":"Bate-papo aleat\u00f3rio gratuito com o Bate-papo aleat\u00f3rio em Strangercam.com","description":"Gosta de bate-papo aleat\u00f3rio gratuito? Join milh\u00f5es em StrangerCam.com! Inicie um bate-papo por v\u00eddeo aleat\u00f3rio, ligue sua c\u00e2mera e conhe\u00e7a estranhos instantaneamente.","robots":{"index":"index","follow":"follow","max-snippet":"max-snippet:-1","max-image-preview":"max-image-preview:large","max-video-preview":"max-video-preview:-1"},"canonical":"https:\/\/strangercam.com\/pt-br\/bate-papo-aleatorio-gratuito\/","og_locale":"pt_BR","og_type":"article","og_title":"Free Random Chat with Random Chat on Strangercam.com","og_description":"Liking Free Random Chat? Join millions on StrangerCam.com! Start a random video chat, turn on your cam, and meet strangers instantly.","og_url":"https:\/\/strangercam.com\/pt-br\/bate-papo-aleatorio-gratuito\/","og_site_name":"Strangercam","article_publisher":"https:\/\/www.facebook.com\/strangercam","article_modified_time":"2025-09-03T11:31:40+00:00","og_image":[{"width":800,"height":532,"url":"https:\/\/strangercam.com\/wp-content\/uploads\/2021\/10\/Untitled-2.png","type":"image\/png"}],"twitter_card":"summary_large_image","twitter_site":"@strangercamapp","twitter_misc":{"Est. tempo de leitura":"5 minutos"},"schema":{"@context":"https:\/\/schema.org","@graph":[{"@type":"WebPage","@id":"https:\/\/strangercam.com\/free-random-chat\/","url":"https:\/\/strangercam.com\/free-random-chat\/","name":"Bate-papo aleat\u00f3rio gratuito com o Bate-papo aleat\u00f3rio em Strangercam.com","isPartOf":{"@id":"https:\/\/strangercam.com\/#website"},"datePublished":"2025-08-28T15:19:09+00:00","dateModified":"2025-09-03T11:31:40+00:00","description":"Gosta de bate-papo aleat\u00f3rio gratuito? Join milh\u00f5es em StrangerCam.com! Inicie um bate-papo por v\u00eddeo aleat\u00f3rio, ligue sua c\u00e2mera e conhe\u00e7a estranhos instantaneamente.","breadcrumb":{"@id":"https:\/\/strangercam.com\/free-random-chat\/#breadcrumb"},"inLanguage":"pt-BR","potentialAction":[{"@type":"ReadAction","target":["https:\/\/strangercam.com\/free-random-chat\/"]}]},{"@type":"BreadcrumbList","@id":"https:\/\/strangercam.com\/free-random-chat\/#breadcrumb","itemListElement":[{"@type":"ListItem","position":1,"name":"Home","item":"https:\/\/strangercam.com\/"},{"@type":"ListItem","position":2,"name":"Free Random Chat"}]},{"@type":"WebSite","@id":"https:\/\/strangercam.com\/#website","url":"https:\/\/strangercam.com\/","name":"Strangercam","description":"Bate-papo por v\u00eddeo aleat\u00f3rio com estranhos","publisher":{"@id":"https:\/\/strangercam.com\/#organization"},"alternateName":"Strangercam.com","potentialAction":[{"@type":"SearchAction","target":{"@type":"EntryPoint","urlTemplate":"https:\/\/strangercam.com\/?s={search_term_string}"},"query-input":{"@type":"PropertyValueSpecification","valueRequired":true,"valueName":"search_term_string"}}],"inLanguage":"pt-BR"},{"@type":"Organization","@id":"https:\/\/strangercam.com\/#organization","name":"Strangercam","alternateName":"Strangercam.com","url":"https:\/\/strangercam.com\/","logo":{"@type":"ImageObject","inLanguage":"pt-BR","@id":"https:\/\/strangercam.com\/#\/schema\/logo\/image\/","url":"https:\/\/strangercam.com\/wp-content\/uploads\/2020\/11\/cropped-new-favicon-black.png","contentUrl":"https:\/\/strangercam.com\/wp-content\/uploads\/2020\/11\/cropped-new-favicon-black.png","width":512,"height":512,"caption":"Strangercam"},"image":{"@id":"https:\/\/strangercam.com\/#\/schema\/logo\/image\/"},"sameAs":["https:\/\/www.facebook.com\/strangercam","https:\/\/x.com\/strangercamapp"]}]}},"_links":{"self":[{"href":"https:\/\/strangercam.com\/pt-br\/wp-json\/wp\/v2\/pages\/3935","targetHints":{"allow":["GET"]}}],"collection":[{"href":"https:\/\/strangercam.com\/pt-br\/wp-json\/wp\/v2\/pages"}],"about":[{"href":"https:\/\/strangercam.com\/pt-br\/wp-json\/wp\/v2\/types\/page"}],"author":[{"embeddable":true,"href":"https:\/\/strangercam.com\/pt-br\/wp-json\/wp\/v2\/users\/8"}],"replies":[{"embeddable":true,"href":"https:\/\/strangercam.com\/pt-br\/wp-json\/wp\/v2\/comments?post=3935"}],"version-history":[{"count":1,"href":"https:\/\/strangercam.com\/pt-br\/wp-json\/wp\/v2\/pages\/3935\/revisions"}],"predecessor-version":[{"id":12978,"href":"https:\/\/strangercam.com\/pt-br\/wp-json\/wp\/v2\/pages\/3935\/revisions\/12978"}],"wp:attachment":[{"href":"https:\/\/strangercam.com\/pt-br\/wp-json\/wp\/v2\/media?parent=3935"}],"curies":[{"name":"wp","href":"https:\/\/api.w.org\/{rel}","templated":true}]}}