{"id":3918,"date":"2025-08-28T17:12:57","date_gmt":"2025-08-28T15:12:57","guid":{"rendered":"https:\/\/strangercam.com\/?page_id=3918"},"modified":"2025-09-03T13:31:29","modified_gmt":"2025-09-03T11:31:29","slug":"conversar-com-estranhos-em-uma-chamada-de-video","status":"publish","type":"page","link":"https:\/\/strangercam.com\/pt-br\/talk-to-strangers-video-call\/","title":{"rendered":"Chamada de v\u00eddeo do Talk to Strangers"},"content":{"rendered":"<p>Voc\u00ea est\u00e1 procurando uma maneira de conversar com estranhos no estilo de videochamada? Voc\u00ea n\u00e3o est\u00e1 sozinho. Desde o surgimento das <a href=\"https:\/\/strangercam.com\/pt-br\/chathub\/\">bate-papo<\/a> plataformas como <a href=\"https:\/\/strangercam.com\/pt-br\/omegle\/\">Omegle<\/a>, <a href=\"https:\/\/strangercam.com\/pt-br\/chatroulette\/\">Chatroulette<\/a>, e seus sucessores modernos, milh\u00f5es de pessoas passaram a fazer chamadas de v\u00eddeo ao vivo com estranhos para fazer novos amigos, desfrutar de conversas casuais ou simplesmente vencer o t\u00e9dio.<\/p>\n<p>Hoje, plataformas como a StrangerCam tornam mais f\u00e1cil do que nunca desfrutar de uma chamada de v\u00eddeo gratuita com estranhos - sem registros, sem downloads e sem taxas ocultas. Se voc\u00ea quiser bater papo casualmente, flertar, aprender sobre culturas diferentes ou apenas rir com algu\u00e9m novo, as chamadas de v\u00eddeo on-line com estranhos lhe d\u00e3o acesso instant\u00e2neo a pessoas reais do mundo todo.<\/p>\n<p>Neste guia, abordaremos tudo o que voc\u00ea precisa saber: o que s\u00e3o chamadas com v\u00eddeo de estranhos, por que s\u00e3o t\u00e3o populares, como funcionam, quais recursos procurar, compara\u00e7\u00f5es das melhores plataformas, dicas de seguran\u00e7a e por que a StrangerCam \u00e9 uma das principais op\u00e7\u00f5es em 2025.<\/p>\n<h2>O que significa \"Talk to Strangers Video Call\"?<\/h2>\n<p>Ao conversar com estranhos por meio de videochamadas, voc\u00ea usa a webcam e o microfone para se conectar instantaneamente com pessoas aleat\u00f3rias on-line. Ao contr\u00e1rio das redes sociais ou dos aplicativos de namoro, em que as conversas podem parecer for\u00e7adas ou lentas, as chamadas com v\u00eddeo com estranhos s\u00e3o espont\u00e2neas e reais.<\/p>\n<p>Voc\u00ea n\u00e3o precisa criar um perfil, fazer upload de fotos ou passar horas rolando a tela. Basta clicar em um bot\u00e3o e voc\u00ea estar\u00e1 cara a cara com algu\u00e9m novo. Se n\u00e3o estiver gostando do bate-papo, clique em Next e voc\u00ea se conectar\u00e1 com outra pessoa em segundos.<\/p>\n<h2>Por que as pessoas adoram chamadas de v\u00eddeo gratuitas com estranhos<\/h2>\n<p>O apelo das plataformas de videochamadas gratuitas de conversa com estranhos \u00e9 claro:<\/p>\n<ul>\n<li>Intera\u00e7\u00e3o humana real - Ao contr\u00e1rio do bate-papo por texto, o v\u00eddeo garante que voc\u00ea esteja falando com uma pessoa real.<\/li>\n<li>Espontaneidade - Cada chamada \u00e9 \u00fanica, surpreendente e imprevis\u00edvel.<\/li>\n<li>Sem compromisso - N\u00e3o \u00e9 necess\u00e1rio ter contas ou se inscrever; voc\u00ea pode sair a qualquer momento.<\/li>\n<li>Alcance global - Conhe\u00e7a pessoas desconhecidas de todo o mundo instantaneamente.<\/li>\n<li>Amizade e paquera - Algumas pessoas o usam para fazer amigos, outras para divers\u00e3o leve e casual.<\/li>\n<li>Quick Escape - Perfeito para quando voc\u00ea estiver entediado ou quiser fazer uma pausa social.<\/li>\n<\/ul>\n<h2>Como funciona uma videochamada com um estranho?<\/h2>\n<p>O processo \u00e9 r\u00e1pido e f\u00e1cil para iniciantes:<\/p>\n<ol>\n<li>Abra a plataforma (como a StrangerCam) em seu dispositivo.<\/li>\n<li>Permita o acesso \u00e0 sua c\u00e2mera e ao seu microfone.<\/li>\n<li>Clique em \"Start Chat\". Voc\u00ea ser\u00e1 conectado instantaneamente a um estranho aleat\u00f3rio.<\/li>\n<li>Converse ao vivo por meio de chamada de v\u00eddeo.<\/li>\n<li>Clique em \"Next\" se quiser conhecer algu\u00e9m novo.<\/li>\n<\/ol>\n<p>Essa configura\u00e7\u00e3o simples o torna uma das maneiras mais r\u00e1pidas de se conectar com pessoas do mundo todo.<\/p>\n<h2>Principais recursos a serem observados<\/h2>\n<p>Quando estiver procurando o melhor lugar para conversar com estranhos por chamada de v\u00eddeo, aqui est\u00e3o os recursos mais importantes:<\/p>\n<h3>1. Acesso verdadeiramente gratuito<\/h3>\n<p>A plataforma deve lhe dar acesso ilimitado sem barreiras de pagamento.<\/p>\n<h3>2. N\u00e3o \u00e9 necess\u00e1rio registrar-se<\/h3>\n<p>As melhores plataformas n\u00e3o exigem contas, logins ou detalhes pessoais.<\/p>\n<h3>3. Filtros de g\u00eanero e localiza\u00e7\u00e3o<\/h3>\n<p>Escolha com quem voc\u00ea quer conversar - seja com garotas, rapazes ou pessoas de pa\u00edses espec\u00edficos.<\/p>\n<h3>4. Forte modera\u00e7\u00e3o<\/h3>\n<p>As plataformas devem ter ferramentas para denunciar, bloquear e manter o espa\u00e7o seguro.<\/p>\n<h3>5. Experi\u00eancia compat\u00edvel com dispositivos m\u00f3veis<\/h3>\n<p>Certifique-se de que a plataforma funcione bem em telefones e desktops.<\/p>\n<h3>6. V\u00eddeo e \u00e1udio de alta qualidade<\/h3>\n<p>Conex\u00f5es claras e fluidas tornam a conversa mais agrad\u00e1vel.<\/p>\n<h2>Melhores plataformas para conversar com estranhos por videochamada em 2025<\/h2>\n<p>Aqui est\u00e1 uma compara\u00e7\u00e3o das principais plataformas para chamadas de v\u00eddeo mais estranhas:<\/p>\n<table>\n<thead>\n<tr>\n<th>Plataforma<\/th>\n<th align=\"center\">Acesso gratuito<\/th>\n<th align=\"center\">Filtro de g\u00eanero<\/th>\n<th align=\"center\">Registro necess\u00e1rio<\/th>\n<th align=\"center\">Suporte m\u00f3vel<\/th>\n<th align=\"center\">Modera\u00e7\u00e3o<\/th>\n<th>Notas<\/th>\n<\/tr>\n<\/thead>\n<tbody>\n<tr>\n<td>StrangerCam<\/td>\n<td align=\"center\">\u2705<\/td>\n<td align=\"center\">\u2705 (Gratuito)<\/td>\n<td align=\"center\">\u274c<\/td>\n<td align=\"center\">\u2705<\/td>\n<td align=\"center\">\u2705<\/td>\n<td>A melhor op\u00e7\u00e3o geral, realmente gratuita<\/td>\n<\/tr>\n<tr>\n<td>Chatroulette<\/td>\n<td align=\"center\">\u2705<\/td>\n<td align=\"center\">\u274c (Pago)<\/td>\n<td align=\"center\">\u274c<\/td>\n<td align=\"center\">\u2705<\/td>\n<td align=\"center\">\u2705<\/td>\n<td>Cl\u00e1ssico, mas com filtros de g\u00eanero bloqueados<\/td>\n<\/tr>\n<tr>\n<td>Chatrandom<\/td>\n<td align=\"center\">\u2705<\/td>\n<td align=\"center\">\u274c (Pago)<\/td>\n<td align=\"center\">\u274c<\/td>\n<td align=\"center\">\u2705<\/td>\n<td align=\"center\">\u2705<\/td>\n<td>Grande base de usu\u00e1rios, filtros premium<\/td>\n<\/tr>\n<tr>\n<td><a href=\"https:\/\/strangercam.com\/pt-br\/ometv\/\">OmeTV<\/a><\/td>\n<td align=\"center\">\u2705<\/td>\n<td align=\"center\">\u274c<\/td>\n<td align=\"center\">\u274c<\/td>\n<td align=\"center\">\u2705<\/td>\n<td align=\"center\">\u2705<\/td>\n<td>Apenas aleat\u00f3rio, aplicativo m\u00f3vel dispon\u00edvel<\/td>\n<\/tr>\n<tr>\n<td>Shagle<\/td>\n<td align=\"center\">\u2705<\/td>\n<td align=\"center\">\u274c (Pago)<\/td>\n<td align=\"center\">\u274c<\/td>\n<td align=\"center\">\u2705<\/td>\n<td align=\"center\">\u2705<\/td>\n<td>Acesso gratuito, mas com filtros pagos<\/td>\n<\/tr>\n<tr>\n<td><a href=\"https:\/\/strangercam.com\/pt-br\/coomeet\/\">CooMeet<\/a><\/td>\n<td align=\"center\">\u274c (Teste)<\/td>\n<td align=\"center\">\u2705<\/td>\n<td align=\"center\">\u2705<\/td>\n<td align=\"center\">\u2705<\/td>\n<td align=\"center\">\u2705<\/td>\n<td>Pago ap\u00f3s uma avalia\u00e7\u00e3o gratuita limitada<\/td>\n<\/tr>\n<tr>\n<td>LuckyCrush<\/td>\n<td align=\"center\">\u274c<\/td>\n<td align=\"center\">\u2705<\/td>\n<td align=\"center\">\u2705<\/td>\n<td align=\"center\">\u2705<\/td>\n<td align=\"center\">\u2705<\/td>\n<td>Conversas sempre pagas e baseadas em g\u00eanero<\/td>\n<\/tr>\n<\/tbody>\n<\/table>\n<p>Entre elas, a StrangerCam \u00e9 uma das \u00fanicas plataformas que oferece videochamadas gratuitas e ilimitadas com estranhos, com um filtro de g\u00eanero real e sem necessidade de inscri\u00e7\u00e3o.<\/p>\n<h2>Por que a StrangerCam \u00e9 a melhor op\u00e7\u00e3o<\/h2>\n<p>A StrangerCam se destaca em 2025 como uma das formas mais confi\u00e1veis de conversar com estranhos por videochamada. Veja por qu\u00ea:<\/p>\n<h3>1. Totalmente gratuito<\/h3>\n<p>Sem custos ocultos, testes ou sistemas de cr\u00e9dito.<\/p>\n<h3>2. Filtro de g\u00eanero gratuito<\/h3>\n<p>Ao contr\u00e1rio da maioria dos concorrentes, a StrangerCam permite que voc\u00ea escolha quem deseja conhecer - sem barreiras de pagamento.<\/p>\n<h3>3. Sem inscri\u00e7\u00e3o ou registro<\/h3>\n<p>Permane\u00e7a an\u00f4nimo e comece a conversar instantaneamente.<\/p>\n<h3>4. Seguro e moderado<\/h3>\n<p>Recursos avan\u00e7ados de den\u00fancia e modera\u00e7\u00e3o ao vivo tornam o ambiente mais seguro.<\/p>\n<h3>5. Base de usu\u00e1rios global<\/h3>\n<p>Estranhos de mais de 100 pa\u00edses est\u00e3o on-line 24 horas por dia, 7 dias por semana.<\/p>\n<h3>6. Otimizado para todos os dispositivos<\/h3>\n<p>Funciona perfeitamente tanto no celular quanto no desktop.<\/p>\n<h2>Depoimentos reais de usu\u00e1rios<\/h2>\n<blockquote><p><em>\"Eu queria um lugar para conversar com estranhos por meio de chamadas de v\u00eddeo sem ser obrigado a pagar. A StrangerCam foi a primeira plataforma que era realmente gratuita.\"<\/em><br \/>\n- Jake, 26 anos<\/p><\/blockquote>\n<blockquote><p><em>\"Parece mais seguro do que em outros sites que experimentei. Posso bloquear e ignorar pessoas instantaneamente se n\u00e3o me sentir confort\u00e1vel.\"<\/em><br \/>\n- Leah, 23 anos<\/p><\/blockquote>\n<blockquote><p><em>\"O filtro de g\u00eanero funciona sem pagar a mais, o que \u00e9 raro hoje em dia.\"<\/em><br \/>\n- Marcus, 29 anos<\/p><\/blockquote>\n<blockquote><p><em>\"R\u00e1pido, simples e divertido. J\u00e1 fiz amigos de tr\u00eas pa\u00edses diferentes.\"<\/em><br \/>\n- Sophia, 21 anos<\/p><\/blockquote>\n<h2>Dicas de seguran\u00e7a para conversar com estranhos por videochamada<\/h2>\n<p>Embora as videochamadas com estranhos sejam divertidas, a seguran\u00e7a \u00e9 importante:<\/p>\n<ul>\n<li>Nunca compartilhe detalhes pessoais (n\u00famero de telefone, endere\u00e7o, e-mail).<\/li>\n<li>Evite clicar em links enviados por estranhos.<\/li>\n<li>Use o bot\u00e3o \"Next\" se voc\u00ea n\u00e3o se sentir \u00e0 vontade.<\/li>\n<li>Verifique seu hist\u00f3rico para evitar revelar detalhes particulares.<\/li>\n<li>Use ferramentas de plataforma para bloqueio e gera\u00e7\u00e3o de relat\u00f3rios.<\/li>\n<li>Respeite as regras de idade - se voc\u00ea tiver menos de 18 anos, n\u00e3o use plataformas para adultos.<\/li>\n<\/ul>\n<h2>Como come\u00e7ar - passo a passo<\/h2>\n<p>Iniciar uma chamada de v\u00eddeo com um estranho leva menos de um minuto:<\/p>\n<ol>\n<li>Abra o StrangerCam em seu navegador ou dispositivo.<\/li>\n<li>Permitir acesso \u00e0 webcam e ao microfone.<\/li>\n<li>Escolha prefer\u00eancias (como filtros de g\u00eanero).<\/li>\n<li>Clique em Start Chat para se conectar instantaneamente.<\/li>\n<li>Converse com estranhos cara a cara e clique em Next a qualquer momento para um novo bate-papo.<\/li>\n<\/ol>\n<p>R\u00e1pido, f\u00e1cil e totalmente gratuito.<\/p>\n<h2>Perguntas frequentes<\/h2>\n<h3>\u00c9 realmente gratuito conversar com estranhos por meio de chamadas de v\u00eddeo?<\/h3>\n<p>Sim. A StrangerCam oferece videochamadas ilimitadas com estranhos, sem custos ocultos.<\/p>\n<h3>Preciso me registrar?<\/h3>\n<p>N\u00e3o. O StrangerCam n\u00e3o exige registros ou contas.<\/p>\n<h3>As pessoas s\u00e3o reais?<\/h3>\n<p>Sim. O v\u00eddeo ao vivo garante que voc\u00ea esteja falando com pessoas reais, n\u00e3o com bots.<\/p>\n<h3>Posso us\u00e1-lo em meu telefone?<\/h3>\n<p>Sim. A StrangerCam \u00e9 totalmente compat\u00edvel com dispositivos m\u00f3veis.<\/p>\n<h3>\u00c9 seguro?<\/h3>\n<p>Sim, desde que voc\u00ea siga as dicas de seguran\u00e7a e use as ferramentas de modera\u00e7\u00e3o do StrangerCam.<\/p>\n<h2>Considera\u00e7\u00f5es finais - Experimente hoje mesmo as chamadas de v\u00eddeo gratuitas com estranhos<\/h2>\n<p>Em 2025, uma das maneiras mais f\u00e1ceis e divertidas de conhecer novas pessoas \u00e9 conversar com estranhos por meio de chamadas de v\u00eddeo. \u00c9 espont\u00e2neo, gratuito e proporciona conex\u00f5es reais em segundos.<\/p>\n<p>Mas nem todas as plataformas cumprem o prometido. Muitos sites escondem filtros de g\u00eanero atr\u00e1s de paywalls ou enchem suas comunidades de bots. \u00c9 por isso que o StrangerCam \u00e9 a melhor op\u00e7\u00e3o: \u00e9 gratuito, seguro, an\u00f4nimo e repleto de usu\u00e1rios globais prontos para conhec\u00ea-lo.<\/p>\n<p>Pronto para se conectar? Inicie uma chamada de v\u00eddeo gratuita com estranhos hoje mesmo e veja quem voc\u00ea conhecer\u00e1 em seguida.<\/p>","protected":false},"excerpt":{"rendered":"<p>Have you been searching for a way to talk to strangers video call style? You\u2019re not alone. Since the rise of random chat platforms like Omegle, Chatroulette, and their modern successors, millions of people have turned to live video calls with strangers to make new friends, enjoy casual conversations, or simply beat boredom. Today, platforms [&hellip;]<\/p>\n","protected":false},"author":8,"featured_media":0,"parent":0,"menu_order":0,"comment_status":"closed","ping_status":"closed","template":"","meta":{"footnotes":""},"class_list":["post-3918","page","type-page","status-publish","hentry"],"yoast_head":"<!-- This site is optimized with the Yoast SEO plugin v27.4 - https:\/\/yoast.com\/product\/yoast-seo-wordpress\/ -->\n<title>Talk to Strangers Video Call on Strangercam.com<\/title>\n<meta name=\"description\" content=\"Liking Talk to Strangers Video Call? Join millions on StrangerCam.com! Start a random video chat, turn on your cam, and meet strangers instantly.\" \/>\n<meta name=\"robots\" content=\"index, follow, max-snippet:-1, max-image-preview:large, max-video-preview:-1\" \/>\n<link rel=\"canonical\" href=\"https:\/\/strangercam.com\/pt-br\/conversar-com-estranhos-em-uma-chamada-de-video\/\" \/>\n<meta property=\"og:locale\" content=\"pt_BR\" \/>\n<meta property=\"og:type\" content=\"article\" \/>\n<meta property=\"og:title\" content=\"Talk to Strangers Video Call on Strangercam.com\" \/>\n<meta property=\"og:description\" content=\"Liking Talk to Strangers Video Call? Join millions on StrangerCam.com! Start a random video chat, turn on your cam, and meet strangers instantly.\" \/>\n<meta property=\"og:url\" content=\"https:\/\/strangercam.com\/pt-br\/conversar-com-estranhos-em-uma-chamada-de-video\/\" \/>\n<meta property=\"og:site_name\" content=\"Strangercam\" \/>\n<meta property=\"article:publisher\" content=\"https:\/\/www.facebook.com\/strangercam\" \/>\n<meta property=\"article:modified_time\" content=\"2025-09-03T11:31:29+00:00\" \/>\n<meta property=\"og:image\" content=\"https:\/\/strangercam.com\/wp-content\/uploads\/2021\/10\/Untitled-2.png\" \/>\n\t<meta property=\"og:image:width\" content=\"800\" \/>\n\t<meta property=\"og:image:height\" content=\"532\" \/>\n\t<meta property=\"og:image:type\" content=\"image\/png\" \/>\n<meta name=\"twitter:card\" content=\"summary_large_image\" \/>\n<meta name=\"twitter:site\" content=\"@strangercamapp\" \/>\n<meta name=\"twitter:label1\" content=\"Est. tempo de leitura\" \/>\n\t<meta name=\"twitter:data1\" content=\"5 minutos\" \/>\n<script type=\"application\/ld+json\" class=\"yoast-schema-graph\">{\"@context\":\"https:\\\/\\\/schema.org\",\"@graph\":[{\"@type\":\"WebPage\",\"@id\":\"https:\\\/\\\/strangercam.com\\\/talk-to-strangers-video-call\\\/\",\"url\":\"https:\\\/\\\/strangercam.com\\\/talk-to-strangers-video-call\\\/\",\"name\":\"Talk to Strangers Video Call on Strangercam.com\",\"isPartOf\":{\"@id\":\"https:\\\/\\\/strangercam.com\\\/#website\"},\"datePublished\":\"2025-08-28T15:12:57+00:00\",\"dateModified\":\"2025-09-03T11:31:29+00:00\",\"description\":\"Liking Talk to Strangers Video Call? Join millions on StrangerCam.com! Start a random video chat, turn on your cam, and meet strangers instantly.\",\"breadcrumb\":{\"@id\":\"https:\\\/\\\/strangercam.com\\\/talk-to-strangers-video-call\\\/#breadcrumb\"},\"inLanguage\":\"pt-BR\",\"potentialAction\":[{\"@type\":\"ReadAction\",\"target\":[\"https:\\\/\\\/strangercam.com\\\/talk-to-strangers-video-call\\\/\"]}]},{\"@type\":\"BreadcrumbList\",\"@id\":\"https:\\\/\\\/strangercam.com\\\/talk-to-strangers-video-call\\\/#breadcrumb\",\"itemListElement\":[{\"@type\":\"ListItem\",\"position\":1,\"name\":\"Home\",\"item\":\"https:\\\/\\\/strangercam.com\\\/\"},{\"@type\":\"ListItem\",\"position\":2,\"name\":\"Talk to Strangers Video Call\"}]},{\"@type\":\"WebSite\",\"@id\":\"https:\\\/\\\/strangercam.com\\\/#website\",\"url\":\"https:\\\/\\\/strangercam.com\\\/\",\"name\":\"Strangercam\",\"description\":\"Random Video Chat with Strangers\",\"publisher\":{\"@id\":\"https:\\\/\\\/strangercam.com\\\/#organization\"},\"alternateName\":\"Strangercam.com\",\"potentialAction\":[{\"@type\":\"SearchAction\",\"target\":{\"@type\":\"EntryPoint\",\"urlTemplate\":\"https:\\\/\\\/strangercam.com\\\/?s={search_term_string}\"},\"query-input\":{\"@type\":\"PropertyValueSpecification\",\"valueRequired\":true,\"valueName\":\"search_term_string\"}}],\"inLanguage\":\"pt-BR\"},{\"@type\":\"Organization\",\"@id\":\"https:\\\/\\\/strangercam.com\\\/#organization\",\"name\":\"Strangercam\",\"alternateName\":\"Strangercam.com\",\"url\":\"https:\\\/\\\/strangercam.com\\\/\",\"logo\":{\"@type\":\"ImageObject\",\"inLanguage\":\"pt-BR\",\"@id\":\"https:\\\/\\\/strangercam.com\\\/#\\\/schema\\\/logo\\\/image\\\/\",\"url\":\"https:\\\/\\\/strangercam.com\\\/wp-content\\\/uploads\\\/2020\\\/11\\\/cropped-new-favicon-black.png\",\"contentUrl\":\"https:\\\/\\\/strangercam.com\\\/wp-content\\\/uploads\\\/2020\\\/11\\\/cropped-new-favicon-black.png\",\"width\":512,\"height\":512,\"caption\":\"Strangercam\"},\"image\":{\"@id\":\"https:\\\/\\\/strangercam.com\\\/#\\\/schema\\\/logo\\\/image\\\/\"},\"sameAs\":[\"https:\\\/\\\/www.facebook.com\\\/strangercam\",\"https:\\\/\\\/x.com\\\/strangercamapp\"]}]}<\/script>\n<!-- \/ Yoast SEO plugin. -->","yoast_head_json":{"title":"Chamada de v\u00eddeo do Talk to Strangers no Strangercam.com","description":"Gostando de conversar com estranhos por videochamada? Join milh\u00f5es em StrangerCam.com! Inicie um bate-papo por v\u00eddeo aleat\u00f3rio, ligue sua c\u00e2mera e conhe\u00e7a estranhos instantaneamente.","robots":{"index":"index","follow":"follow","max-snippet":"max-snippet:-1","max-image-preview":"max-image-preview:large","max-video-preview":"max-video-preview:-1"},"canonical":"https:\/\/strangercam.com\/pt-br\/conversar-com-estranhos-em-uma-chamada-de-video\/","og_locale":"pt_BR","og_type":"article","og_title":"Talk to Strangers Video Call on Strangercam.com","og_description":"Liking Talk to Strangers Video Call? Join millions on StrangerCam.com! Start a random video chat, turn on your cam, and meet strangers instantly.","og_url":"https:\/\/strangercam.com\/pt-br\/conversar-com-estranhos-em-uma-chamada-de-video\/","og_site_name":"Strangercam","article_publisher":"https:\/\/www.facebook.com\/strangercam","article_modified_time":"2025-09-03T11:31:29+00:00","og_image":[{"width":800,"height":532,"url":"https:\/\/strangercam.com\/wp-content\/uploads\/2021\/10\/Untitled-2.png","type":"image\/png"}],"twitter_card":"summary_large_image","twitter_site":"@strangercamapp","twitter_misc":{"Est. tempo de leitura":"5 minutos"},"schema":{"@context":"https:\/\/schema.org","@graph":[{"@type":"WebPage","@id":"https:\/\/strangercam.com\/talk-to-strangers-video-call\/","url":"https:\/\/strangercam.com\/talk-to-strangers-video-call\/","name":"Chamada de v\u00eddeo do Talk to Strangers no Strangercam.com","isPartOf":{"@id":"https:\/\/strangercam.com\/#website"},"datePublished":"2025-08-28T15:12:57+00:00","dateModified":"2025-09-03T11:31:29+00:00","description":"Gostando de conversar com estranhos por videochamada? Join milh\u00f5es em StrangerCam.com! Inicie um bate-papo por v\u00eddeo aleat\u00f3rio, ligue sua c\u00e2mera e conhe\u00e7a estranhos instantaneamente.","breadcrumb":{"@id":"https:\/\/strangercam.com\/talk-to-strangers-video-call\/#breadcrumb"},"inLanguage":"pt-BR","potentialAction":[{"@type":"ReadAction","target":["https:\/\/strangercam.com\/talk-to-strangers-video-call\/"]}]},{"@type":"BreadcrumbList","@id":"https:\/\/strangercam.com\/talk-to-strangers-video-call\/#breadcrumb","itemListElement":[{"@type":"ListItem","position":1,"name":"Home","item":"https:\/\/strangercam.com\/"},{"@type":"ListItem","position":2,"name":"Talk to Strangers Video Call"}]},{"@type":"WebSite","@id":"https:\/\/strangercam.com\/#website","url":"https:\/\/strangercam.com\/","name":"Strangercam","description":"Bate-papo por v\u00eddeo aleat\u00f3rio com estranhos","publisher":{"@id":"https:\/\/strangercam.com\/#organization"},"alternateName":"Strangercam.com","potentialAction":[{"@type":"SearchAction","target":{"@type":"EntryPoint","urlTemplate":"https:\/\/strangercam.com\/?s={search_term_string}"},"query-input":{"@type":"PropertyValueSpecification","valueRequired":true,"valueName":"search_term_string"}}],"inLanguage":"pt-BR"},{"@type":"Organization","@id":"https:\/\/strangercam.com\/#organization","name":"Strangercam","alternateName":"Strangercam.com","url":"https:\/\/strangercam.com\/","logo":{"@type":"ImageObject","inLanguage":"pt-BR","@id":"https:\/\/strangercam.com\/#\/schema\/logo\/image\/","url":"https:\/\/strangercam.com\/wp-content\/uploads\/2020\/11\/cropped-new-favicon-black.png","contentUrl":"https:\/\/strangercam.com\/wp-content\/uploads\/2020\/11\/cropped-new-favicon-black.png","width":512,"height":512,"caption":"Strangercam"},"image":{"@id":"https:\/\/strangercam.com\/#\/schema\/logo\/image\/"},"sameAs":["https:\/\/www.facebook.com\/strangercam","https:\/\/x.com\/strangercamapp"]}]}},"_links":{"self":[{"href":"https:\/\/strangercam.com\/pt-br\/wp-json\/wp\/v2\/pages\/3918","targetHints":{"allow":["GET"]}}],"collection":[{"href":"https:\/\/strangercam.com\/pt-br\/wp-json\/wp\/v2\/pages"}],"about":[{"href":"https:\/\/strangercam.com\/pt-br\/wp-json\/wp\/v2\/types\/page"}],"author":[{"embeddable":true,"href":"https:\/\/strangercam.com\/pt-br\/wp-json\/wp\/v2\/users\/8"}],"replies":[{"embeddable":true,"href":"https:\/\/strangercam.com\/pt-br\/wp-json\/wp\/v2\/comments?post=3918"}],"version-history":[{"count":2,"href":"https:\/\/strangercam.com\/pt-br\/wp-json\/wp\/v2\/pages\/3918\/revisions"}],"predecessor-version":[{"id":12977,"href":"https:\/\/strangercam.com\/pt-br\/wp-json\/wp\/v2\/pages\/3918\/revisions\/12977"}],"wp:attachment":[{"href":"https:\/\/strangercam.com\/pt-br\/wp-json\/wp\/v2\/media?parent=3918"}],"curies":[{"name":"wp","href":"https:\/\/api.w.org\/{rel}","templated":true}]}}